{"id":65583,"date":"2025-12-27T21:09:20","date_gmt":"2025-12-27T18:09:20","guid":{"rendered":"https:\/\/smm-follow.com\/?page_id=65583"},"modified":"2025-12-27T21:10:35","modified_gmt":"2025-12-27T18:10:35","slug":"privacy-policy","status":"publish","type":"page","link":"https:\/\/smm-follow.com\/de\/datenschutzrichtlinie\/","title":{"rendered":"Datenschutzrichtlinie"},"content":{"rendered":"<div style=\"direction: rtl; text-align: right;\">\n<h1>Datenschutzrichtlinie \u2013 SMM Follow<\/h1>\n<p>Willkommen auf unserer Website <strong>SMM folgen<\/strong>.<br \/>\nWir legen gr\u00f6\u00dften Wert auf die Privatsph\u00e4re unserer Nutzer und verpflichten uns zum Schutz aller Daten.<br \/>\nInformationen, die w\u00e4hrend Ihrer Nutzung unserer Website und Dienste erfasst werden.<br \/>\nDiese Richtlinie erkl\u00e4rt, wie Informationen gesammelt, verwendet und gesch\u00fctzt werden.<\/p>\n<h2>1. Die von uns gesammelten Informationen<\/h2>\n<p>Bei der Nutzung der SMM Follow-Website erfassen wir m\u00f6glicherweise einige grundlegende Informationen.<br \/>\nDies dient der Bereitstellung von Dienstleistungen und der Verbesserung der Benutzererfahrung und umfasst Folgendes:<\/p>\n<ul>\n<li>Name (falls vorhanden)<\/li>\n<li>E-Mail<\/li>\n<li>Grundlegende Kontaktinformationen<\/li>\n<li>Einzelheiten zu Anfragen und ben\u00f6tigten Dienstleistungen<\/li>\n<li>Links zu Konten oder Inhalten, f\u00fcr die der Dienst erforderlich ist<\/li>\n<\/ul>\n<p>Wir best\u00e4tigen, dass <strong>Wir fragen nicht nach Passw\u00f6rtern.<\/strong> oder jegliche Anmeldedaten<br \/>\nSpeziell f\u00fcr Social-Media-Konten.<\/p>\n<h2>2. Wie man die Informationen nutzt<\/h2>\n<p>Die von uns erhobenen Informationen werden f\u00fcr folgende Zwecke verwendet:<\/p>\n<ul>\n<li>Erf\u00fcllung von Anfragen und Bereitstellung der erforderlichen Dienstleistungen<\/li>\n<li>Kontaktaufnahme mit dem Kunden bez\u00fcglich der Bestellung oder des technischen Supports<\/li>\n<li>Verbesserung der Servicequalit\u00e4t und des Nutzererlebnisses<\/li>\n<li>Benachrichtigungen oder Aktualisierungen zu Diensten versenden (falls erforderlich)<\/li>\n<\/ul>\n<h2>3. Datenschutz<\/h2>\n<p>Wir sind bestrebt, geeignete technische und organisatorische Ma\u00dfnahmen zum Schutz zu ergreifen.<br \/>\nDie Benutzerdaten sind vor unbefugtem Zugriff, unbefugter Nutzung oder Ver\u00e4nderung gesch\u00fctzt.<br \/>\nWir verwenden au\u00dferdem sichere Systeme zur Verarbeitung von Anfragen und Daten.<\/p>\n<h2>4. Weitergabe von Informationen an externe Parteien<\/h2>\n<p>Wir verkaufen, vermieten oder teilen keine Nutzerdaten mit Dritten.<br \/>\nAusgenommen sind F\u00e4lle, die f\u00fcr den Betrieb der Website oder die Erbringung der Dienstleistung erforderlich sind.<br \/>\n(wie z. B. Zahlungsdienstleister oder technische Dienstleister),<br \/>\nUnter Wahrung der Vertraulichkeit der Daten.<\/p>\n<h2>5. Cookies<\/h2>\n<p>Die SMM Follow-Website verwendet m\u00f6glicherweise Cookies.<br \/>\nZur Verbesserung des Surferlebnisses und zur Analyse der Website-Nutzung.<br \/>\nDer Nutzer kann die Cookie-Einstellungen steuern.<br \/>\n\u00dcber seine Browsereinstellungen.<\/p>\n<h2>6. Datenschutz bei Social-Media-Diensten<\/h2>\n<p>Unsere Dienstleistungen basieren auf der Erf\u00fcllung von Anfragen im Zusammenhang mit Konten oder \u00f6ffentlichen Inhalten.<br \/>\nAuf Social-Media-Plattformen.<br \/>\nWir fordern keinen Zugriff auf Konten an und speichern keinerlei Daten.<br \/>\nEs erm\u00f6glicht die Kontrolle \u00fcber bzw. den Zugriff auf Benutzerkonten.<\/p>\n<h2>7. Links zu externen Webseiten<\/h2>\n<p>Unsere Website kann Links zu externen Websites oder Diensten enthalten.<br \/>\nWir sind nicht verantwortlich f\u00fcr die Datenschutzrichtlinien oder Inhalte dieser Webseiten.<br \/>\nEs empfiehlt sich, deren Datenschutzrichtlinien zu lesen, bevor man sie besucht.<\/p>\n<h2>8. Nutzerrechte<\/h2>\n<p>Der Nutzer hat das Recht auf:<\/p>\n<ul>\n<li>Anfrage, um zu erfahren, welche Daten wir \u00fcber ihn speichern<\/li>\n<li>Antrag auf Berichtigung oder L\u00f6schung personenbezogener Daten<\/li>\n<li>Bei Fragen zum Datenschutz k\u00f6nnen Sie sich gerne an uns wenden.<\/li>\n<\/ul>\n<h2>9. \u00c4nderungen der Datenschutzrichtlinie<\/h2>\n<p>SMM Follow beh\u00e4lt sich das Recht vor, seine Datenschutzrichtlinie zu \u00e4ndern.<br \/>\nJederzeit, wenn n\u00f6tig.<br \/>\nAlle Aktualisierungen werden auf dieser Seite ver\u00f6ffentlicht.<br \/>\nDie weitere Nutzung der Website gilt als Zustimmung zu den \u00c4nderungen.<\/p>\n<h2>10. Kontaktieren Sie uns<\/h2>\n<p>Wenn Sie Fragen oder Anmerkungen zur Datenschutzrichtlinie haben,<br \/>\nSie k\u00f6nnen uns \u00fcber die auf der SMM Follow-Website verf\u00fcgbaren Kontaktm\u00f6glichkeiten erreichen.<\/p>\n<p>Durch die Nutzung der Website <strong>SMM folgen<\/strong>Damit erkl\u00e4ren Sie sich mit dieser Datenschutzerkl\u00e4rung einverstanden.<br \/>\nUnd es h\u00e4lt sich an das, was darin steht.<\/p>\n<\/div>","protected":false},"excerpt":{"rendered":"<p>\u0633\u064a\u0627\u0633\u0629 \u0627\u0644\u062e\u0635\u0648\u0635\u064a\u0629 \u2013 SMM Follow \u0646\u0631\u062d\u0628 \u0628\u0643\u0645 \u0641\u064a \u0645\u0648\u0642\u0639 SMM Follow. \u0646\u062d\u0646 \u0646\u0648\u0644\u064a \u062e\u0635\u0648\u0635\u064a\u0629 \u0645\u0633\u062a\u062e\u062f\u0645\u064a\u0646\u0627 \u0623\u0647\u0645\u064a\u0629 \u0642\u0635\u0648\u0649\u060c \u0648\u0646\u0644\u062a\u0632\u0645 \u0628\u062d\u0645\u0627\u064a\u0629 \u062c\u0645\u064a\u0639 \u0627\u0644\u0628\u064a\u0627\u0646\u0627\u062a \u0648\u0627\u0644\u0645\u0639\u0644\u0648\u0645\u0627\u062a \u0627\u0644\u062a\u064a \u064a\u062a\u0645 \u062c\u0645\u0639\u0647\u0627 \u0623\u062b\u0646\u0627\u0621 \u0627\u0633\u062a\u062e\u062f\u0627\u0645\u0643\u0645 \u0644\u0645\u0648\u0642\u0639\u0646\u0627 \u0648\u062e\u062f\u0645\u0627\u062a\u0646\u0627. \u062a\u0648\u0636\u062d \u0647\u0630\u0647 \u0627\u0644\u0633\u064a\u0627\u0633\u0629 \u0643\u064a\u0641\u064a\u0629 \u062c\u0645\u0639 \u0627\u0644\u0645\u0639\u0644\u0648\u0645\u0627\u062a \u0648\u0627\u0633\u062a\u062e\u062f\u0627\u0645\u0647\u0627 \u0648\u062d\u0645\u0627\u064a\u062a\u0647\u0627. 1. \u0627\u0644\u0645\u0639\u0644\u0648\u0645\u0627\u062a \u0627\u0644\u062a\u064a \u0646\u0642\u0648\u0645 \u0628\u062c\u0645\u0639\u0647\u0627 \u0639\u0646\u062f \u0627\u0633\u062a\u062e\u062f\u0627\u0645 \u0645\u0648\u0642\u0639 SMM Follow\u060c \u0642\u062f \u0646\u0642\u0648\u0645 \u0628\u062c\u0645\u0639 \u0628\u0639\u0636 \u0627\u0644\u0645\u0639\u0644\u0648\u0645\u0627\u062a \u0627\u0644\u0623\u0633\u0627\u0633\u064a\u0629\u060c \u0648\u0630\u0644\u0643 \u0628\u0647\u062f\u0641 [&hellip;]<\/p>\n","protected":false},"author":7899,"featured_media":0,"parent":0,"menu_order":0,"comment_status":"closed","ping_status":"closed","template":"","meta":{"footnotes":""},"class_list":["post-65583","page","type-page","status-publish","hentry"],"yoast_head":"<!-- This site is optimized with the Yoast SEO Premium plugin v21.7 (Yoast SEO v27.3) - https:\/\/yoast.com\/product\/yoast-seo-premium-wordpress\/ -->\n<title>\u0633\u064a\u0627\u0633\u0629 \u0627\u0644\u062e\u0635\u0648\u0635\u064a\u0629 - SMM Follow<\/title>\n<meta name=\"robots\" content=\"index, follow, max-snippet:-1, max-image-preview:large, max-video-preview:-1\" \/>\n<link rel=\"canonical\" href=\"https:\/\/smm-follow.com\/de\/datenschutzrichtlinie\/\" \/>\n<meta property=\"og:locale\" content=\"de_DE\" \/>\n<meta property=\"og:type\" content=\"article\" \/>\n<meta property=\"og:title\" content=\"\u0633\u064a\u0627\u0633\u0629 \u0627\u0644\u062e\u0635\u0648\u0635\u064a\u0629\" \/>\n<meta property=\"og:description\" content=\"\u0633\u064a\u0627\u0633\u0629 \u0627\u0644\u062e\u0635\u0648\u0635\u064a\u0629 \u2013 SMM Follow \u0646\u0631\u062d\u0628 \u0628\u0643\u0645 \u0641\u064a \u0645\u0648\u0642\u0639 SMM Follow. \u0646\u062d\u0646 \u0646\u0648\u0644\u064a \u062e\u0635\u0648\u0635\u064a\u0629 \u0645\u0633\u062a\u062e\u062f\u0645\u064a\u0646\u0627 \u0623\u0647\u0645\u064a\u0629 \u0642\u0635\u0648\u0649\u060c \u0648\u0646\u0644\u062a\u0632\u0645 \u0628\u062d\u0645\u0627\u064a\u0629 \u062c\u0645\u064a\u0639 \u0627\u0644\u0628\u064a\u0627\u0646\u0627\u062a \u0648\u0627\u0644\u0645\u0639\u0644\u0648\u0645\u0627\u062a \u0627\u0644\u062a\u064a \u064a\u062a\u0645 \u062c\u0645\u0639\u0647\u0627 \u0623\u062b\u0646\u0627\u0621 \u0627\u0633\u062a\u062e\u062f\u0627\u0645\u0643\u0645 \u0644\u0645\u0648\u0642\u0639\u0646\u0627 \u0648\u062e\u062f\u0645\u0627\u062a\u0646\u0627. \u062a\u0648\u0636\u062d \u0647\u0630\u0647 \u0627\u0644\u0633\u064a\u0627\u0633\u0629 \u0643\u064a\u0641\u064a\u0629 \u062c\u0645\u0639 \u0627\u0644\u0645\u0639\u0644\u0648\u0645\u0627\u062a \u0648\u0627\u0633\u062a\u062e\u062f\u0627\u0645\u0647\u0627 \u0648\u062d\u0645\u0627\u064a\u062a\u0647\u0627. 1. \u0627\u0644\u0645\u0639\u0644\u0648\u0645\u0627\u062a \u0627\u0644\u062a\u064a \u0646\u0642\u0648\u0645 \u0628\u062c\u0645\u0639\u0647\u0627 \u0639\u0646\u062f \u0627\u0633\u062a\u062e\u062f\u0627\u0645 \u0645\u0648\u0642\u0639 SMM Follow\u060c \u0642\u062f \u0646\u0642\u0648\u0645 \u0628\u062c\u0645\u0639 \u0628\u0639\u0636 \u0627\u0644\u0645\u0639\u0644\u0648\u0645\u0627\u062a \u0627\u0644\u0623\u0633\u0627\u0633\u064a\u0629\u060c \u0648\u0630\u0644\u0643 \u0628\u0647\u062f\u0641 [&hellip;]\" \/>\n<meta property=\"og:url\" content=\"https:\/\/smm-follow.com\/de\/datenschutzrichtlinie\/\" \/>\n<meta property=\"og:site_name\" content=\"SMM Follow\" \/>\n<meta property=\"article:modified_time\" content=\"2025-12-27T18:10:35+00:00\" \/>\n<meta property=\"og:image\" content=\"https:\/\/smm-follow.com\/wp-content\/uploads\/2025\/12\/Banner-smm-scaled.jpg\" \/>\n\t<meta property=\"og:image:width\" content=\"2560\" \/>\n\t<meta property=\"og:image:height\" content=\"997\" \/>\n\t<meta property=\"og:image:type\" content=\"image\/jpeg\" \/>\n<meta name=\"twitter:card\" content=\"summary_large_image\" \/>\n<meta name=\"twitter:label1\" content=\"Gesch\u00e4tzte Lesezeit\" \/>\n\t<meta name=\"twitter:data1\" content=\"3\u00a0Minuten\" \/>\n<script type=\"application\/ld+json\" class=\"yoast-schema-graph\">{\"@context\":\"https:\\\/\\\/schema.org\",\"@graph\":[{\"@type\":\"WebPage\",\"@id\":\"https:\\\/\\\/smm-follow.com\\\/privacy-policy\\\/\",\"url\":\"https:\\\/\\\/smm-follow.com\\\/privacy-policy\\\/\",\"name\":\"\u0633\u064a\u0627\u0633\u0629 \u0627\u0644\u062e\u0635\u0648\u0635\u064a\u0629 - SMM Follow\",\"isPartOf\":{\"@id\":\"https:\\\/\\\/smm-follow.com\\\/#website\"},\"datePublished\":\"2025-12-27T18:09:20+00:00\",\"dateModified\":\"2025-12-27T18:10:35+00:00\",\"breadcrumb\":{\"@id\":\"https:\\\/\\\/smm-follow.com\\\/privacy-policy\\\/#breadcrumb\"},\"inLanguage\":\"de\",\"potentialAction\":[{\"@type\":\"ReadAction\",\"target\":[\"https:\\\/\\\/smm-follow.com\\\/privacy-policy\\\/\"]}]},{\"@type\":\"BreadcrumbList\",\"@id\":\"https:\\\/\\\/smm-follow.com\\\/privacy-policy\\\/#breadcrumb\",\"itemListElement\":[{\"@type\":\"ListItem\",\"position\":1,\"name\":\"\u0627\u0644\u0631\u0626\u064a\u0633\u064a\u0629\",\"item\":\"https:\\\/\\\/smm-follow.com\\\/\"},{\"@type\":\"ListItem\",\"position\":2,\"name\":\"\u0633\u064a\u0627\u0633\u0629 \u0627\u0644\u062e\u0635\u0648\u0635\u064a\u0629\"}]},{\"@type\":\"WebSite\",\"@id\":\"https:\\\/\\\/smm-follow.com\\\/#website\",\"url\":\"https:\\\/\\\/smm-follow.com\\\/\",\"name\":\"SMM FOLLOW\",\"description\":\"\u0645\u0646\u0635\u0629 \u0645\u062a\u062e\u0635\u0635\u0629 \u0641\u064a \u062e\u062f\u0645\u0627\u062a \u0645\u0648\u0627\u0642\u0639 \u0627\u0644\u062a\u0648\u0627\u0635\u0644 \u0627\u0644\u0627\u062c\u062a\u0645\u0627\u0639\u064a \u0644\u0632\u064a\u0627\u062f\u0629 \u0627\u0644\u0645\u062a\u0627\u0628\u0639\u064a\u0646\u060c \u0627\u0644\u0644\u0627\u064a\u0643\u0627\u062a\u060c \u0648\u0627\u0644\u0645\u0634\u0627\u0647\u062f\u0627\u062a \u0639\u0644\u0649 \u0625\u0646\u0633\u062a\u0642\u0631\u0627\u0645\u060c \u062a\u064a\u0643 \u062a\u0648\u0643\u060c \u064a\u0648\u062a\u064a\u0648\u0628 \u0648\u063a\u064a\u0631\u0647\u0627. \u062e\u062f\u0645\u0627\u062a \u0622\u0645\u0646\u0629 \u0644\u062c\u0645\u064a\u0639 \u0627\u0644\u062f\u0648\u0644\",\"publisher\":{\"@id\":\"https:\\\/\\\/smm-follow.com\\\/#organization\"},\"alternateName\":\"Follow 965 \u0641\u0648\u0644\u0648\",\"potentialAction\":[{\"@type\":\"SearchAction\",\"target\":{\"@type\":\"EntryPoint\",\"urlTemplate\":\"https:\\\/\\\/smm-follow.com\\\/?s={search_term_string}\"},\"query-input\":{\"@type\":\"PropertyValueSpecification\",\"valueRequired\":true,\"valueName\":\"search_term_string\"}}],\"inLanguage\":\"de\"},{\"@type\":\"Organization\",\"@id\":\"https:\\\/\\\/smm-follow.com\\\/#organization\",\"name\":\"SMM FOLLOW\",\"alternateName\":\"Follow 965\",\"url\":\"https:\\\/\\\/smm-follow.com\\\/\",\"logo\":{\"@type\":\"ImageObject\",\"inLanguage\":\"de\",\"@id\":\"https:\\\/\\\/smm-follow.com\\\/#\\\/schema\\\/logo\\\/image\\\/\",\"url\":\"https:\\\/\\\/smm-follow.com\\\/wp-content\\\/uploads\\\/2025\\\/12\\\/Logo-smm-follow.jpg\",\"contentUrl\":\"https:\\\/\\\/smm-follow.com\\\/wp-content\\\/uploads\\\/2025\\\/12\\\/Logo-smm-follow.jpg\",\"width\":1080,\"height\":1080,\"caption\":\"SMM FOLLOW\"},\"image\":{\"@id\":\"https:\\\/\\\/smm-follow.com\\\/#\\\/schema\\\/logo\\\/image\\\/\"},\"hasMerchantReturnPolicy\":{\"@type\":\"MerchantReturnPolicy\",\"merchantReturnLink\":\"https:\\\/\\\/smm-follow.com\\\/de\\\/ruckgaberecht\\\/\"}}]}<\/script>\n<!-- \/ Yoast SEO Premium plugin. -->","yoast_head_json":{"title":"Datenschutzrichtlinie \u2013 SMM Follow","robots":{"index":"index","follow":"follow","max-snippet":"max-snippet:-1","max-image-preview":"max-image-preview:large","max-video-preview":"max-video-preview:-1"},"canonical":"https:\/\/smm-follow.com\/de\/datenschutzrichtlinie\/","og_locale":"de_DE","og_type":"article","og_title":"\u0633\u064a\u0627\u0633\u0629 \u0627\u0644\u062e\u0635\u0648\u0635\u064a\u0629","og_description":"\u0633\u064a\u0627\u0633\u0629 \u0627\u0644\u062e\u0635\u0648\u0635\u064a\u0629 \u2013 SMM Follow \u0646\u0631\u062d\u0628 \u0628\u0643\u0645 \u0641\u064a \u0645\u0648\u0642\u0639 SMM Follow. \u0646\u062d\u0646 \u0646\u0648\u0644\u064a \u062e\u0635\u0648\u0635\u064a\u0629 \u0645\u0633\u062a\u062e\u062f\u0645\u064a\u0646\u0627 \u0623\u0647\u0645\u064a\u0629 \u0642\u0635\u0648\u0649\u060c \u0648\u0646\u0644\u062a\u0632\u0645 \u0628\u062d\u0645\u0627\u064a\u0629 \u062c\u0645\u064a\u0639 \u0627\u0644\u0628\u064a\u0627\u0646\u0627\u062a \u0648\u0627\u0644\u0645\u0639\u0644\u0648\u0645\u0627\u062a \u0627\u0644\u062a\u064a \u064a\u062a\u0645 \u062c\u0645\u0639\u0647\u0627 \u0623\u062b\u0646\u0627\u0621 \u0627\u0633\u062a\u062e\u062f\u0627\u0645\u0643\u0645 \u0644\u0645\u0648\u0642\u0639\u0646\u0627 \u0648\u062e\u062f\u0645\u0627\u062a\u0646\u0627. \u062a\u0648\u0636\u062d \u0647\u0630\u0647 \u0627\u0644\u0633\u064a\u0627\u0633\u0629 \u0643\u064a\u0641\u064a\u0629 \u062c\u0645\u0639 \u0627\u0644\u0645\u0639\u0644\u0648\u0645\u0627\u062a \u0648\u0627\u0633\u062a\u062e\u062f\u0627\u0645\u0647\u0627 \u0648\u062d\u0645\u0627\u064a\u062a\u0647\u0627. 1. \u0627\u0644\u0645\u0639\u0644\u0648\u0645\u0627\u062a \u0627\u0644\u062a\u064a \u0646\u0642\u0648\u0645 \u0628\u062c\u0645\u0639\u0647\u0627 \u0639\u0646\u062f \u0627\u0633\u062a\u062e\u062f\u0627\u0645 \u0645\u0648\u0642\u0639 SMM Follow\u060c \u0642\u062f \u0646\u0642\u0648\u0645 \u0628\u062c\u0645\u0639 \u0628\u0639\u0636 \u0627\u0644\u0645\u0639\u0644\u0648\u0645\u0627\u062a \u0627\u0644\u0623\u0633\u0627\u0633\u064a\u0629\u060c \u0648\u0630\u0644\u0643 \u0628\u0647\u062f\u0641 [&hellip;]","og_url":"https:\/\/smm-follow.com\/de\/datenschutzrichtlinie\/","og_site_name":"SMM Follow","article_modified_time":"2025-12-27T18:10:35+00:00","og_image":[{"width":2560,"height":997,"url":"https:\/\/smm-follow.com\/wp-content\/uploads\/2025\/12\/Banner-smm-scaled.jpg","type":"image\/jpeg"}],"twitter_card":"summary_large_image","twitter_misc":{"Gesch\u00e4tzte Lesezeit":"3\u00a0Minuten"},"schema":{"@context":"https:\/\/schema.org","@graph":[{"@type":"WebPage","@id":"https:\/\/smm-follow.com\/privacy-policy\/","url":"https:\/\/smm-follow.com\/privacy-policy\/","name":"Datenschutzrichtlinie \u2013 SMM Follow","isPartOf":{"@id":"https:\/\/smm-follow.com\/#website"},"datePublished":"2025-12-27T18:09:20+00:00","dateModified":"2025-12-27T18:10:35+00:00","breadcrumb":{"@id":"https:\/\/smm-follow.com\/privacy-policy\/#breadcrumb"},"inLanguage":"de","potentialAction":[{"@type":"ReadAction","target":["https:\/\/smm-follow.com\/privacy-policy\/"]}]},{"@type":"BreadcrumbList","@id":"https:\/\/smm-follow.com\/privacy-policy\/#breadcrumb","itemListElement":[{"@type":"ListItem","position":1,"name":"\u0627\u0644\u0631\u0626\u064a\u0633\u064a\u0629","item":"https:\/\/smm-follow.com\/"},{"@type":"ListItem","position":2,"name":"\u0633\u064a\u0627\u0633\u0629 \u0627\u0644\u062e\u0635\u0648\u0635\u064a\u0629"}]},{"@type":"WebSite","@id":"https:\/\/smm-follow.com\/#website","url":"https:\/\/smm-follow.com\/","name":"SMM FOLGEN","description":"Eine Plattform, die sich auf Social-Media-Dienste spezialisiert hat, um Follower, Likes und Aufrufe auf Instagram, TikTok, YouTube und anderen Plattformen zu steigern. Sichere Dienste sind in allen L\u00e4ndern verf\u00fcgbar.","publisher":{"@id":"https:\/\/smm-follow.com\/#organization"},"alternateName":"Follow 965 \u0641\u0648\u0644\u0648","potentialAction":[{"@type":"SearchAction","target":{"@type":"EntryPoint","urlTemplate":"https:\/\/smm-follow.com\/?s={search_term_string}"},"query-input":{"@type":"PropertyValueSpecification","valueRequired":true,"valueName":"search_term_string"}}],"inLanguage":"de"},{"@type":"Organization","@id":"https:\/\/smm-follow.com\/#organization","name":"SMM FOLGEN","alternateName":"Follow 965","url":"https:\/\/smm-follow.com\/","logo":{"@type":"ImageObject","inLanguage":"de","@id":"https:\/\/smm-follow.com\/#\/schema\/logo\/image\/","url":"https:\/\/smm-follow.com\/wp-content\/uploads\/2025\/12\/Logo-smm-follow.jpg","contentUrl":"https:\/\/smm-follow.com\/wp-content\/uploads\/2025\/12\/Logo-smm-follow.jpg","width":1080,"height":1080,"caption":"SMM FOLLOW"},"image":{"@id":"https:\/\/smm-follow.com\/#\/schema\/logo\/image\/"},"hasMerchantReturnPolicy":{"@type":"MerchantReturnPolicy","merchantReturnLink":"https:\/\/smm-follow.com\/de\/ruckgaberecht\/"}}]}},"_links":{"self":[{"href":"https:\/\/smm-follow.com\/de\/wp-json\/wp\/v2\/pages\/65583","targetHints":{"allow":["GET"]}}],"collection":[{"href":"https:\/\/smm-follow.com\/de\/wp-json\/wp\/v2\/pages"}],"about":[{"href":"https:\/\/smm-follow.com\/de\/wp-json\/wp\/v2\/types\/page"}],"author":[{"embeddable":true,"href":"https:\/\/smm-follow.com\/de\/wp-json\/wp\/v2\/users\/7899"}],"replies":[{"embeddable":true,"href":"https:\/\/smm-follow.com\/de\/wp-json\/wp\/v2\/comments?post=65583"}],"version-history":[{"count":0,"href":"https:\/\/smm-follow.com\/de\/wp-json\/wp\/v2\/pages\/65583\/revisions"}],"wp:attachment":[{"href":"https:\/\/smm-follow.com\/de\/wp-json\/wp\/v2\/media?parent=65583"}],"curies":[{"name":"wp","href":"https:\/\/api.w.org\/{rel}","templated":true}]}}