{"id":103,"date":"2025-12-23T14:40:29","date_gmt":"2025-12-23T11:40:29","guid":{"rendered":"https:\/\/smm-follow.com\/?post_type=product&#038;p=103"},"modified":"2026-01-16T10:17:44","modified_gmt":"2026-01-16T07:17:44","slug":"instagram-profile-visitors","status":"publish","type":"product","link":"https:\/\/smm-follow.com\/de\/product\/instagram-profilbesucher-kaufen\/","title":{"rendered":"Instagram-Besucher"},"content":{"rendered":"<h1>Echte Instagram-Besucher kaufen: Die clevere Strategie zur Steigerung Ihres Profils<\/h1>\n<p>Haben Sie sich jemals gefragt, was das Geheimnis erfolgreicher Instagram-Accounts ist? <strong>Kaufen Sie echte Instagram-Besucher<\/strong> Dies stellt einen entscheidenden strategischen Schritt dar. Tats\u00e4chlich sendet eine hohe Besucherzahl ein starkes positives Signal, st\u00e4rkt Ihre Position und verschafft Ihnen einen klaren Wettbewerbsvorteil.<\/p>\n<p>Au\u00dferdem, <strong>Instagram-Besucher<\/strong> Aktive Follower steigern nicht nur Ihre Followerzahlen, sondern verleihen Ihren Inhalten auch Glaubw\u00fcrdigkeit und wecken Interesse. Dadurch wird Ihr Account sowohl f\u00fcr den Algorithmus als auch f\u00fcr regul\u00e4re Nutzer attraktiver.<\/p>\n<h2>Warum ist die Investition in echte Instagram-Besucher wichtig?<\/h2>\n<p>Kurz gesagt, es geht nicht nur um Zahlen, sondern auch um soziales Kapital. Ein Account mit vielen prominenten Besuchern schafft beispielsweise sofort Vertrauen.<\/p>\n<h3>Steigerung der Glaubw\u00fcrdigkeit und der unmittelbaren sozialen Attraktivit\u00e4t<\/h3>\n<p>Erstens, <strong>Profil besuchen<\/strong> Es handelt sich um eine tiefere Interaktion als blo\u00dfes Liken. Anders ausgedr\u00fcckt: Es zeugt von echtem Interesse an Ihnen oder Ihren Inhalten. Daher <strong>Instagram-Besucher gewinnen<\/strong> Baut regelm\u00e4\u00dfig ein Image f\u00fcr einen begehrenswerten und einflussreichen Account auf.<\/p>\n<h3>Nutze den Instagram-Algorithmus zu deinem Vorteil.<\/h3>\n<p>Dar\u00fcber hinaus \u00fcberwacht der Algorithmus das Nutzerverhalten genau. Wenn er also einen kontinuierlichen Fluss in Richtung <strong>Dein Instagram-Profil<\/strong>Man beginnt, es als Zeichen von Qualit\u00e4t und Relevanz zu interpretieren, was letztendlich die Reichweite der eigenen Beitr\u00e4ge und die Chancen, auf der Entdecken-Seite zu erscheinen, erh\u00f6ht.<\/p>\n<h3>Er\u00f6ffnet T\u00fcren zu beruflichen und gesch\u00e4ftlichen M\u00f6glichkeiten<\/h3>\n<p>Andererseits suchen Marketingfachleute und Marken nach aussagekr\u00e4ftigen Leistungsindikatoren. In diesem Fall wird die Kennzahl als relevant betrachtet. <strong>Instagram-Besucher<\/strong> Die hohe Punktzahl ist ein konkreter Beweis f\u00fcr die F\u00e4higkeit, Aufmerksamkeit zu erregen, was die Chancen auf eine unterst\u00fctzte Zusammenarbeit erheblich erh\u00f6ht.<\/p>\n<h2>Vorteile unseres Services zur Gewinnung von Instagram-Besuchern<\/h2>\n<h3>Un\u00fcbertroffene Qualit\u00e4t: Besucher von echten und aktiven Accounts<\/h3>\n<p>Qualit\u00e4t steht bei uns an erster Stelle. Deshalb stellen wir sicher, dass jedes Produkt <strong>Echte Instagram-Besucher<\/strong> Sie stammen von echten, aktiven pers\u00f6nlichen Konten. Dies ist nicht nur eine Option, sondern eine Garantie f\u00fcr die Sicherheit und dauerhafte Glaubw\u00fcrdigkeit Ihres Kontos.<\/p>\n<h3>Ausf\u00fchrungsgeschwindigkeit: Erste Ergebnisse innerhalb weniger Minuten<\/h3>\n<p>W\u00e4hrend andere Dienste verz\u00f6gert sind, beginnen wir damit, Besucher zu entsenden. <strong>5-15 Minuten<\/strong> Erst nach Auftragsbest\u00e4tigung. Noch wichtiger ist uns jedoch, dass wir eine schrittweise und reibungslose Lieferung gew\u00e4hrleisten und somit eine optimale Integration in die Plattformumgebung sicherstellen.<\/p>\n<h3>Absolute Sicherheit: Ihre Privatsph\u00e4re ist zu 100 % gesch\u00fctzt.<\/h3>\n<p>Es ist erw\u00e4hnenswert, dass wir <strong>Wir fragen nie<\/strong> Ihr Kontopasswort oder sonstige sensible Daten werden nicht ben\u00f6tigt. F\u00fcr den gesamten Vorgang wird lediglich Ihr Benutzername verwendet, wodurch ein sicheres und reibungsloses Erlebnis von Anfang bis Ende gew\u00e4hrleistet ist.<\/p>\n<h3>Kontinuit\u00e4tsgarantie: Schutz Ihrer Investition f\u00fcr die Zukunft<\/h3>\n<p>Um Ihr Selbstvertrauen zu st\u00e4rken, bieten wir Folgendes an: <strong>6 Monate Garantie<\/strong>. Sollte es daher zu einem unvorhergesehenen Engpass kommen, werden wir diesen umgehend ausgleichen. Denn wir sind von der Zuverl\u00e4ssigkeit und Best\u00e4ndigkeit unseres Services \u00fcberzeugt.<\/p>\n<h2>Einfache Schritte f\u00fcr den Start Ihrer Wachstumsreise<\/h2>\n<ol>\n<li><strong>W\u00e4hlen Sie ein Paket:<\/strong> Ermitteln Sie die geeignete Anzahl von <strong>Instagram-Besucher<\/strong> Das passt zu Ihren Zielen.<\/li>\n<li><strong>Teilen Sie Ihre Daten:<\/strong> Senden Sie Ihren Benutzernamen (z. B. @IhrName) f\u00fcr Ihr Konto.<\/li>\n<li><strong>Schlie\u00dfen Sie die Zahlung ab:<\/strong> Nutzen Sie die verf\u00fcgbaren sicheren und schnellen Zahlungsmethoden.<\/li>\n<li><strong>Sehen Sie sich die Ergebnisse an:<\/strong> \u00dcberwachung des Anstiegs der Profilstatistiken in Rekordzeit.<\/li>\n<\/ol>\n<h2>Pakete und Preise vergleichen<\/h2>\n<table>\n<thead>\n<tr>\n<th>Das Paket<\/th>\n<th>Besucherzahl<\/th>\n<th>Zielgruppe<\/th>\n<th>Hauptmerkmal<\/th>\n<\/tr>\n<\/thead>\n<tbody>\n<tr>\n<td><strong>der Anfang<\/strong><\/td>\n<td>500 \u2013 1.000<\/td>\n<td>Neue pers\u00f6nliche Konten<\/td>\n<td>Eine starke Vertrauensbasis schaffen<\/td>\n<\/tr>\n<tr>\n<td><strong>Auswirkungen<\/strong><\/td>\n<td>2.500 \u2013 5.000<\/td>\n<td>Aufstrebende Content-Ersteller<\/td>\n<td>Sichtbarkeit erh\u00f6hen und Aufmerksamkeit erregen<\/td>\n<\/tr>\n<tr>\n<td><strong>Professionalit\u00e4t<\/strong><\/td>\n<td>10.000 \u2013 25.000<\/td>\n<td>Marken und Influencer<\/td>\n<td>Aufbau einer f\u00fchrenden Position und Gewinnung von Partnerschaften<\/td>\n<\/tr>\n<\/tbody>\n<\/table>\n<h2>H\u00e4ufig gestellte Fragen zur Steigerung der Profilbesucher<\/h2>\n<h3>Kann ich die Identit\u00e4t der Besucher erfahren?<\/h3>\n<p>Zur Klarstellung: Instagram stellt diese Informationen nicht den Nutzern zur Verf\u00fcgung. Unser Dienst erh\u00f6ht die Gesamtzahl in den Statistiken, um Ihr \u00f6ffentliches Image und die Attraktivit\u00e4t Ihres Kontos zu verbessern, ohne dabei Ihre Identit\u00e4t preiszugeben.<\/p>\n<h3>Welche Auswirkungen hat dieser Dienst auf die Sicherheit meines Kontos?<\/h3>\n<p>Absolut, der Service ist vollkommen sicher. Da wir auf echte Konten und gesetzeskonforme Methoden setzen, besteht f\u00fcr Ihr Konto keinerlei Risiko von Sperrungen oder Strafen.<\/p>\n<h3>Wie kann ich das Beste daraus machen?<\/h3>\n<p>F\u00fcr optimale Ergebnisse empfehlen wir, diesen Service mit Folgendem zu kombinieren:<\/p>\n<ul>\n<li>mehr <strong>Instagram-Follower<\/strong> Aktiv dabei, Besucher in ein treues Publikum zu verwandeln.<\/li>\n<li>St\u00e4rkung <strong>Interaktion nach der Interaktion<\/strong> Durch Likes und Kommentare einen positiven Interaktionszyklus schaffen.<\/li>\n<\/ul>\n<h2>N\u00e4chster Schritt: Beginnen Sie damit, Ihre Besucher in konkrete Erfolge umzuwandeln.<\/h2>\n<p>Abschlie\u00dfend, <strong>Kaufen Sie echte Instagram-Besucher<\/strong> Es geht um mehr als nur eine statistische Verbesserung; es ist eine Investition in die Zukunft Ihres digitalen Kontos. Mit unserer Garantie f\u00fcr Qualit\u00e4t, Geschwindigkeit und Sicherheit sind Sie nur wenige Schritte davon entfernt, Ihre Interaktion auf der Plattform grundlegend zu ver\u00e4ndern.<\/p>\n<p><strong>Warte nicht darauf, dass das Wachstum zu dir kommt, sondern ziehe es jetzt an.<\/strong><\/p>","protected":false},"excerpt":{"rendered":"<p>Professioneller Premium-Service! Erhalten Sie 100 % echte, aktive und engagierte Instagram-Besucher aus seri\u00f6sen Quellen. Schnelles und sicheres Wachstum unter Einhaltung der Plattformrichtlinien. Sofortige Lieferung, flexible Pakete, umfassende Garantie, kein Passwort erforderlich, Support rund um die Uhr. Garantiert erfolgreich oder Geld zur\u00fcck!<\/p>","protected":false},"featured_media":156,"comment_status":"closed","ping_status":"closed","template":"","meta":[],"product_brand":[],"product_cat":[19,225],"product_tag":[],"class_list":{"0":"post-103","1":"product","2":"type-product","3":"status-publish","4":"has-post-thumbnail","6":"product_cat-instagram","7":"product_cat-social-media","8":"tm-has-options","10":"first","11":"instock","12":"virtual","13":"taxable","14":"purchasable","15":"product-type-simple"},"yoast_head":"<!-- This site is optimized with the Yoast SEO Premium plugin v21.7 (Yoast SEO v27.1.1) - https:\/\/yoast.com\/product\/yoast-seo-premium-wordpress\/ -->\n<title>\u0634\u0631\u0627\u0621 \u0632\u0648\u0627\u0631 \u0627\u0646\u0633\u062a\u0642\u0631\u0627\u0645 | \u0632\u064a\u0627\u062f\u0629 Profile Visitors \u062d\u0642\u064a\u0642\u064a\u064a\u0646<\/title>\n<meta name=\"description\" content=\"\u0632\u0648\u0627\u0631 \u0627\u0646\u0633\u062a\u0642\u0631\u0627\u0645 \u062d\u0642\u064a\u0642\u064a\u0648\u0646 \u064a\u0632\u0648\u0631\u0648\u0646 \u0645\u0644\u0641\u0643 \u0627\u0644\u0634\u062e\u0635\u064a \u0648\u064a\u062a\u0635\u0641\u062d\u0648\u0646 \u0645\u062d\u062a\u0648\u0627\u0643. \u0643\u0644 \u0632\u064a\u0627\u0631\u0629 \u0641\u0631\u0635\u0629 \u0644\u0644\u0645\u062a\u0627\u0628\u0639\u0629. \u0645\u0646 1K \u0644\u0640 100K \u0632\u0627\u0626\u0631\u060c \u062a\u0633\u0644\u064a\u0645 \u0641\u0648\u0631\u064a\u060c \u0627\u0643\u062a\u0634\u0627\u0641 \u0648\u0627\u0633\u0639\u060c \u0632\u064a\u0627\u062f\u0629 \u0627\u0644\u0645\u062a\u0627\u0628\u0639\u064a\u0646.\" \/>\n<meta name=\"robots\" content=\"index, follow, max-snippet:-1, max-image-preview:large, max-video-preview:-1\" \/>\n<link rel=\"canonical\" href=\"https:\/\/smm-follow.com\/de\/product\/instagram-profilbesucher-kaufen\/\" \/>\n<meta property=\"og:locale\" content=\"de_DE\" \/>\n<meta property=\"og:type\" content=\"article\" \/>\n<meta property=\"og:title\" content=\"\u0632\u0648\u0627\u0631 \u0627\u0646\u0633\u062a\u0642\u0631\u0627\u0645\" \/>\n<meta property=\"og:description\" content=\"\u0632\u0648\u0627\u0631 \u0627\u0646\u0633\u062a\u0642\u0631\u0627\u0645 \u062d\u0642\u064a\u0642\u064a\u0648\u0646 \u064a\u0632\u0648\u0631\u0648\u0646 \u0645\u0644\u0641\u0643 \u0627\u0644\u0634\u062e\u0635\u064a \u0648\u064a\u062a\u0635\u0641\u062d\u0648\u0646 \u0645\u062d\u062a\u0648\u0627\u0643. \u0643\u0644 \u0632\u064a\u0627\u0631\u0629 \u0641\u0631\u0635\u0629 \u0644\u0644\u0645\u062a\u0627\u0628\u0639\u0629. \u0645\u0646 1K \u0644\u0640 100K \u0632\u0627\u0626\u0631\u060c \u062a\u0633\u0644\u064a\u0645 \u0641\u0648\u0631\u064a\u060c \u0627\u0643\u062a\u0634\u0627\u0641 \u0648\u0627\u0633\u0639\u060c \u0632\u064a\u0627\u062f\u0629 \u0627\u0644\u0645\u062a\u0627\u0628\u0639\u064a\u0646.\" \/>\n<meta property=\"og:url\" content=\"https:\/\/smm-follow.com\/de\/product\/instagram-profilbesucher-kaufen\/\" \/>\n<meta property=\"og:site_name\" content=\"SMM Follow\" \/>\n<meta property=\"article:modified_time\" content=\"2026-01-16T07:17:44+00:00\" \/>\n<meta property=\"og:image\" content=\"https:\/\/smm-follow.com\/wp-content\/uploads\/2025\/12\/Picsart_24-01-21_18-57-12-391-scaled-1-1-1.jpg\" \/>\n\t<meta property=\"og:image:width\" content=\"2560\" \/>\n\t<meta property=\"og:image:height\" content=\"2560\" \/>\n\t<meta property=\"og:image:type\" content=\"image\/jpeg\" \/>\n<meta name=\"twitter:card\" content=\"summary_large_image\" \/>\n<meta name=\"twitter:label1\" content=\"Preis\" \/>\n\t<meta name=\"twitter:data1\" content=\"&#036;0.00\" \/>\n\t<meta name=\"twitter:label2\" content=\"Verf\u00fcgbarkeit\" \/>\n\t<meta name=\"twitter:data2\" content=\"Auf Lager\" \/>\n<script type=\"application\/ld+json\" class=\"yoast-schema-graph\">{\"@context\":\"https:\/\/schema.org\",\"@graph\":[{\"@type\":\"WebPage\",\"@id\":\"https:\/\/smm-follow.com\/product\/instagram-profile-visitors\/\",\"url\":\"https:\/\/smm-follow.com\/product\/instagram-profile-visitors\/\",\"name\":\"\u0634\u0631\u0627\u0621 \u0632\u0648\u0627\u0631 \u0627\u0646\u0633\u062a\u0642\u0631\u0627\u0645 | \u0632\u064a\u0627\u062f\u0629 Profile Visitors \u062d\u0642\u064a\u0642\u064a\u064a\u0646\",\"isPartOf\":{\"@id\":\"https:\/\/smm-follow.com\/#website\"},\"primaryImageOfPage\":{\"@id\":\"https:\/\/smm-follow.com\/product\/instagram-profile-visitors\/#primaryimage\"},\"image\":{\"@id\":\"https:\/\/smm-follow.com\/product\/instagram-profile-visitors\/#primaryimage\"},\"thumbnailUrl\":\"https:\/\/smm-follow.com\/wp-content\/uploads\/2025\/12\/Picsart_24-01-21_18-57-12-391-scaled-1-1-1.jpg\",\"datePublished\":\"2025-12-23T11:40:29+00:00\",\"dateModified\":\"2026-01-16T07:17:44+00:00\",\"description\":\"\u0632\u0648\u0627\u0631 \u0627\u0646\u0633\u062a\u0642\u0631\u0627\u0645 \u062d\u0642\u064a\u0642\u064a\u0648\u0646 \u064a\u0632\u0648\u0631\u0648\u0646 \u0645\u0644\u0641\u0643 \u0627\u0644\u0634\u062e\u0635\u064a \u0648\u064a\u062a\u0635\u0641\u062d\u0648\u0646 \u0645\u062d\u062a\u0648\u0627\u0643. \u0643\u0644 \u0632\u064a\u0627\u0631\u0629 \u0641\u0631\u0635\u0629 \u0644\u0644\u0645\u062a\u0627\u0628\u0639\u0629. \u0645\u0646 1K \u0644\u0640 100K \u0632\u0627\u0626\u0631\u060c \u062a\u0633\u0644\u064a\u0645 \u0641\u0648\u0631\u064a\u060c \u0627\u0643\u062a\u0634\u0627\u0641 \u0648\u0627\u0633\u0639\u060c \u0632\u064a\u0627\u062f\u0629 \u0627\u0644\u0645\u062a\u0627\u0628\u0639\u064a\u0646.\",\"breadcrumb\":{\"@id\":\"https:\/\/smm-follow.com\/product\/instagram-profile-visitors\/#breadcrumb\"},\"inLanguage\":\"de\",\"potentialAction\":[{\"@type\":\"ReadAction\",\"target\":[\"https:\/\/smm-follow.com\/product\/instagram-profile-visitors\/\"]}]},{\"@type\":\"ImageObject\",\"inLanguage\":\"de\",\"@id\":\"https:\/\/smm-follow.com\/product\/instagram-profile-visitors\/#primaryimage\",\"url\":\"https:\/\/smm-follow.com\/wp-content\/uploads\/2025\/12\/Picsart_24-01-21_18-57-12-391-scaled-1-1-1.jpg\",\"contentUrl\":\"https:\/\/smm-follow.com\/wp-content\/uploads\/2025\/12\/Picsart_24-01-21_18-57-12-391-scaled-1-1-1.jpg\",\"width\":2560,\"height\":2560},{\"@type\":\"BreadcrumbList\",\"@id\":\"https:\/\/smm-follow.com\/product\/instagram-profile-visitors\/#breadcrumb\",\"itemListElement\":[{\"@type\":\"ListItem\",\"position\":1,\"name\":\"\u0627\u0644\u0631\u0626\u064a\u0633\u064a\u0629\",\"item\":\"https:\/\/smm-follow.com\/\"},{\"@type\":\"ListItem\",\"position\":2,\"name\":\"\u0627\u0644\u0645\u062a\u062c\u0631\",\"item\":\"https:\/\/smm-follow.com\/en\/shop\/\"},{\"@type\":\"ListItem\",\"position\":3,\"name\":\"\u0632\u0648\u0627\u0631 \u0627\u0646\u0633\u062a\u0642\u0631\u0627\u0645\"}]},{\"@type\":\"WebSite\",\"@id\":\"https:\/\/smm-follow.com\/#website\",\"url\":\"https:\/\/smm-follow.com\/\",\"name\":\"SMM FOLLOW\",\"description\":\"\u0645\u0646\u0635\u0629 \u0645\u062a\u062e\u0635\u0635\u0629 \u0641\u064a \u062e\u062f\u0645\u0627\u062a \u0645\u0648\u0627\u0642\u0639 \u0627\u0644\u062a\u0648\u0627\u0635\u0644 \u0627\u0644\u0627\u062c\u062a\u0645\u0627\u0639\u064a \u0644\u0632\u064a\u0627\u062f\u0629 \u0627\u0644\u0645\u062a\u0627\u0628\u0639\u064a\u0646\u060c \u0627\u0644\u0644\u0627\u064a\u0643\u0627\u062a\u060c \u0648\u0627\u0644\u0645\u0634\u0627\u0647\u062f\u0627\u062a \u0639\u0644\u0649 \u0625\u0646\u0633\u062a\u0642\u0631\u0627\u0645\u060c \u062a\u064a\u0643 \u062a\u0648\u0643\u060c \u064a\u0648\u062a\u064a\u0648\u0628 \u0648\u063a\u064a\u0631\u0647\u0627. \u062e\u062f\u0645\u0627\u062a \u0622\u0645\u0646\u0629 \u0644\u062c\u0645\u064a\u0639 \u0627\u0644\u062f\u0648\u0644\",\"publisher\":{\"@id\":\"https:\/\/smm-follow.com\/#organization\"},\"alternateName\":\"Follow 965 \u0641\u0648\u0644\u0648\",\"potentialAction\":[{\"@type\":\"SearchAction\",\"target\":{\"@type\":\"EntryPoint\",\"urlTemplate\":\"https:\/\/smm-follow.com\/?s={search_term_string}\"},\"query-input\":{\"@type\":\"PropertyValueSpecification\",\"valueRequired\":true,\"valueName\":\"search_term_string\"}}],\"inLanguage\":\"de\"},{\"@type\":\"Organization\",\"@id\":\"https:\/\/smm-follow.com\/#organization\",\"name\":\"SMM FOLLOW\",\"alternateName\":\"Follow 965\",\"url\":\"https:\/\/smm-follow.com\/\",\"logo\":{\"@type\":\"ImageObject\",\"inLanguage\":\"de\",\"@id\":\"https:\/\/smm-follow.com\/#\/schema\/logo\/image\/\",\"url\":\"https:\/\/smm-follow.com\/wp-content\/uploads\/2025\/12\/Logo-smm-follow.jpg\",\"contentUrl\":\"https:\/\/smm-follow.com\/wp-content\/uploads\/2025\/12\/Logo-smm-follow.jpg\",\"width\":1080,\"height\":1080,\"caption\":\"SMM FOLLOW\"},\"image\":{\"@id\":\"https:\/\/smm-follow.com\/#\/schema\/logo\/image\/\"},\"hasMerchantReturnPolicy\":{\"@type\":\"MerchantReturnPolicy\",\"merchantReturnLink\":\"https:\/\/smm-follow.com\/de\/ruckgaberecht\/\"}}]}<\/script>\n<meta property=\"product:brand\" content=\"\u0627\u0646\u0633\u062a\u0642\u0631\u0627\u0645\" \/>\n<meta property=\"product:price:amount\" content=\"0.00\" \/>\n<meta property=\"product:price:currency\" content=\"USD\" \/>\n<meta property=\"og:availability\" content=\"instock\" \/>\n<meta property=\"product:availability\" content=\"instock\" \/>\n<meta property=\"product:condition\" content=\"new\" \/>\n<!-- \/ Yoast SEO Premium plugin. -->","yoast_head_json":{"title":"Instagram-Besucher kaufen | Mehr echte Profilbesucher","description":"Echte Instagram-Besucher, die dein Profil besuchen und deine Inhalte ansehen. Jeder Besuch ist eine Chance, dir zu folgen. Von 1.000 bis 100.000 Besuchern \u2013 sofortige Reichweite, gro\u00dfe Sichtbarkeit und mehr Follower.","robots":{"index":"index","follow":"follow","max-snippet":"max-snippet:-1","max-image-preview":"max-image-preview:large","max-video-preview":"max-video-preview:-1"},"canonical":"https:\/\/smm-follow.com\/de\/product\/instagram-profilbesucher-kaufen\/","og_locale":"de_DE","og_type":"article","og_title":"\u0632\u0648\u0627\u0631 \u0627\u0646\u0633\u062a\u0642\u0631\u0627\u0645","og_description":"\u0632\u0648\u0627\u0631 \u0627\u0646\u0633\u062a\u0642\u0631\u0627\u0645 \u062d\u0642\u064a\u0642\u064a\u0648\u0646 \u064a\u0632\u0648\u0631\u0648\u0646 \u0645\u0644\u0641\u0643 \u0627\u0644\u0634\u062e\u0635\u064a \u0648\u064a\u062a\u0635\u0641\u062d\u0648\u0646 \u0645\u062d\u062a\u0648\u0627\u0643. \u0643\u0644 \u0632\u064a\u0627\u0631\u0629 \u0641\u0631\u0635\u0629 \u0644\u0644\u0645\u062a\u0627\u0628\u0639\u0629. \u0645\u0646 1K \u0644\u0640 100K \u0632\u0627\u0626\u0631\u060c \u062a\u0633\u0644\u064a\u0645 \u0641\u0648\u0631\u064a\u060c \u0627\u0643\u062a\u0634\u0627\u0641 \u0648\u0627\u0633\u0639\u060c \u0632\u064a\u0627\u062f\u0629 \u0627\u0644\u0645\u062a\u0627\u0628\u0639\u064a\u0646.","og_url":"https:\/\/smm-follow.com\/de\/product\/instagram-profilbesucher-kaufen\/","og_site_name":"SMM Follow","article_modified_time":"2026-01-16T07:17:44+00:00","og_image":[{"width":2560,"height":2560,"url":"https:\/\/smm-follow.com\/wp-content\/uploads\/2025\/12\/Picsart_24-01-21_18-57-12-391-scaled-1-1-1.jpg","type":"image\/jpeg"}],"twitter_card":"summary_large_image","twitter_misc":{"Preis":"&#36;0.00","Verf\u00fcgbarkeit":"Auf Lager"},"schema":{"@context":"https:\/\/schema.org","@graph":[{"@type":"WebPage","@id":"https:\/\/smm-follow.com\/product\/instagram-profile-visitors\/","url":"https:\/\/smm-follow.com\/product\/instagram-profile-visitors\/","name":"Instagram-Besucher kaufen | Mehr echte Profilbesucher","isPartOf":{"@id":"https:\/\/smm-follow.com\/#website"},"primaryImageOfPage":{"@id":"https:\/\/smm-follow.com\/product\/instagram-profile-visitors\/#primaryimage"},"image":{"@id":"https:\/\/smm-follow.com\/product\/instagram-profile-visitors\/#primaryimage"},"thumbnailUrl":"https:\/\/smm-follow.com\/wp-content\/uploads\/2025\/12\/Picsart_24-01-21_18-57-12-391-scaled-1-1-1.jpg","datePublished":"2025-12-23T11:40:29+00:00","dateModified":"2026-01-16T07:17:44+00:00","description":"Echte Instagram-Besucher, die dein Profil besuchen und deine Inhalte ansehen. Jeder Besuch ist eine Chance, dir zu folgen. Von 1.000 bis 100.000 Besuchern \u2013 sofortige Reichweite, gro\u00dfe Sichtbarkeit und mehr Follower.","breadcrumb":{"@id":"https:\/\/smm-follow.com\/product\/instagram-profile-visitors\/#breadcrumb"},"inLanguage":"de","potentialAction":[{"@type":"ReadAction","target":["https:\/\/smm-follow.com\/product\/instagram-profile-visitors\/"]}]},{"@type":"ImageObject","inLanguage":"de","@id":"https:\/\/smm-follow.com\/product\/instagram-profile-visitors\/#primaryimage","url":"https:\/\/smm-follow.com\/wp-content\/uploads\/2025\/12\/Picsart_24-01-21_18-57-12-391-scaled-1-1-1.jpg","contentUrl":"https:\/\/smm-follow.com\/wp-content\/uploads\/2025\/12\/Picsart_24-01-21_18-57-12-391-scaled-1-1-1.jpg","width":2560,"height":2560},{"@type":"BreadcrumbList","@id":"https:\/\/smm-follow.com\/product\/instagram-profile-visitors\/#breadcrumb","itemListElement":[{"@type":"ListItem","position":1,"name":"\u0627\u0644\u0631\u0626\u064a\u0633\u064a\u0629","item":"https:\/\/smm-follow.com\/"},{"@type":"ListItem","position":2,"name":"\u0627\u0644\u0645\u062a\u062c\u0631","item":"https:\/\/smm-follow.com\/en\/shop\/"},{"@type":"ListItem","position":3,"name":"\u0632\u0648\u0627\u0631 \u0627\u0646\u0633\u062a\u0642\u0631\u0627\u0645"}]},{"@type":"WebSite","@id":"https:\/\/smm-follow.com\/#website","url":"https:\/\/smm-follow.com\/","name":"SMM FOLGEN","description":"Eine Plattform, die sich auf Social-Media-Dienste spezialisiert hat, um Follower, Likes und Aufrufe auf Instagram, TikTok, YouTube und anderen Plattformen zu steigern. Sichere Dienste sind in allen L\u00e4ndern verf\u00fcgbar.","publisher":{"@id":"https:\/\/smm-follow.com\/#organization"},"alternateName":"Follow 965 \u0641\u0648\u0644\u0648","potentialAction":[{"@type":"SearchAction","target":{"@type":"EntryPoint","urlTemplate":"https:\/\/smm-follow.com\/?s={search_term_string}"},"query-input":{"@type":"PropertyValueSpecification","valueRequired":true,"valueName":"search_term_string"}}],"inLanguage":"de"},{"@type":"Organization","@id":"https:\/\/smm-follow.com\/#organization","name":"SMM FOLGEN","alternateName":"Follow 965","url":"https:\/\/smm-follow.com\/","logo":{"@type":"ImageObject","inLanguage":"de","@id":"https:\/\/smm-follow.com\/#\/schema\/logo\/image\/","url":"https:\/\/smm-follow.com\/wp-content\/uploads\/2025\/12\/Logo-smm-follow.jpg","contentUrl":"https:\/\/smm-follow.com\/wp-content\/uploads\/2025\/12\/Logo-smm-follow.jpg","width":1080,"height":1080,"caption":"SMM FOLLOW"},"image":{"@id":"https:\/\/smm-follow.com\/#\/schema\/logo\/image\/"},"hasMerchantReturnPolicy":{"@type":"MerchantReturnPolicy","merchantReturnLink":"https:\/\/smm-follow.com\/de\/ruckgaberecht\/"}}]},"product_brand":"\u0627\u0646\u0633\u062a\u0642\u0631\u0627\u0645","product_price_amount":"0.00","product_price_currency":"USD","og_availability":"instock","product_availability":"instock","product_condition":"new"},"_links":{"self":[{"href":"https:\/\/smm-follow.com\/de\/wp-json\/wp\/v2\/product\/103","targetHints":{"allow":["GET"]}}],"collection":[{"href":"https:\/\/smm-follow.com\/de\/wp-json\/wp\/v2\/product"}],"about":[{"href":"https:\/\/smm-follow.com\/de\/wp-json\/wp\/v2\/types\/product"}],"replies":[{"embeddable":true,"href":"https:\/\/smm-follow.com\/de\/wp-json\/wp\/v2\/comments?post=103"}],"wp:featuredmedia":[{"embeddable":true,"href":"https:\/\/smm-follow.com\/de\/wp-json\/wp\/v2\/media\/156"}],"wp:attachment":[{"href":"https:\/\/smm-follow.com\/de\/wp-json\/wp\/v2\/media?parent=103"}],"wp:term":[{"taxonomy":"product_brand","embeddable":true,"href":"https:\/\/smm-follow.com\/de\/wp-json\/wp\/v2\/product_brand?post=103"},{"taxonomy":"product_cat","embeddable":true,"href":"https:\/\/smm-follow.com\/de\/wp-json\/wp\/v2\/product_cat?post=103"},{"taxonomy":"product_tag","embeddable":true,"href":"https:\/\/smm-follow.com\/de\/wp-json\/wp\/v2\/product_tag?post=103"}],"curies":[{"name":"wp","href":"https:\/\/api.w.org\/{rel}","templated":true}]}}