{"id":348,"date":"2025-12-23T14:45:39","date_gmt":"2025-12-23T11:45:39","guid":{"rendered":"https:\/\/smm-follow.com\/?post_type=product&#038;p=348"},"modified":"2026-01-01T13:45:00","modified_gmt":"2026-01-01T10:45:00","slug":"iptvchannelsfilmsseries","status":"publish","type":"product","link":"https:\/\/smm-follow.com\/de\/product\/iptvchannelsfilmsseries\/","title":{"rendered":"Abonnement f\u00fcr Kan\u00e4le, Filme und Serien"},"content":{"rendered":"<div style=\"direction: rtl; text-align: right;\">\n<h1 style=\"text-align: left;\">Abonnement f\u00fcr Kan\u00e4le, Filme und Serien \u2013 unbegrenztes Streaming in hoher Qualit\u00e4t<\/h1>\n<p>Wenn Sie nach einer einzigen M\u00f6glichkeit suchen, arabische und internationale Fernsehsender, Filme und Serien zusammenzuf\u00fchren<br \/>\nAlles an einem Ort und zu geringeren Kosten als herk\u00f6mmliche Abonnements.<br \/>\n<strong>Abonnement f\u00fcr Kan\u00e4le, Filme und Serien<\/strong><br \/>\nEs bietet Ihnen ein flexibles und integriertes Seherlebnis, das f\u00fcr alle Familienmitglieder geeignet ist.<\/p>\n<p>Dieses Abonnement basiert auf der Internet Protocol Television (IPTV)-Technologie.<br \/>\nEs bietet Ihnen Zugang zu Tausenden von Kan\u00e4len und Unterhaltungsbibliotheken.<br \/>\nJederzeit und \u00fcberall, alles, was Sie daf\u00fcr ben\u00f6tigen, ist eine stabile Internetverbindung.<\/p>\n<h2>Was ist ein Abonnement f\u00fcr Kan\u00e4le, Filme und Serien?<\/h2>\n<p>Es handelt sich um ein digitales Abonnement, das Ihnen Zugang zu einer breiten Palette von Live-Fernsehkan\u00e4len bietet.<br \/>\nNeben einer gro\u00dfen Bibliothek mit arabischen und internationalen Filmen und Serien,<br \/>\nOhne die Notwendigkeit, Geschirr zu empfangen oder komplizierte Erweiterungen zu verwenden.<\/p>\n<p>Das Abonnement funktioniert online und kann auf mehreren Ger\u00e4ten genutzt werden, wie zum Beispiel<br \/>\nSmart-TV, Mobiltelefon, Computer und diverse Streaming-Ger\u00e4te.<\/p>\n<h2>Was ist im Abonnement enthalten?<\/h2>\n<ul>\n<li>Eine Vielzahl arabischer und internationaler Kan\u00e4le<\/li>\n<li>Sport-, Unterhaltungs- und Nachrichtenkan\u00e4le<\/li>\n<li>Eine Bibliothek mit modernen und klassischen Filmen<\/li>\n<li>Arabische und ausl\u00e4ndische Fernsehserien mit Untertiteln<\/li>\n<li>Kontinuierliche Inhaltsaktualisierungen<\/li>\n<\/ul>\n<h2>Warum bevorzugen viele Menschen diese Art von Abonnement?<\/h2>\n<p>Traditionelle Abonnements sind oft sowohl inhaltlich als auch preislich eingeschr\u00e4nkt.<br \/>\nDieses Abonnement bietet mehr Flexibilit\u00e4t hinsichtlich Auswahl und Benutzerfreundlichkeit.<\/p>\n<ul>\n<li>Finanzielle Einsparungen im Vergleich zu separaten Abonnements<\/li>\n<li>Vielf\u00e4ltige Inhalte f\u00fcr jeden Geschmack.<\/li>\n<li>Einfacher Zugriff ohne zus\u00e4tzliche Ger\u00e4te<\/li>\n<li>Die M\u00f6glichkeit, zu einem Zeitpunkt zu schauen, der Ihnen passt<\/li>\n<\/ul>\n<h2>Mit dem Abonnement kompatible Ger\u00e4te<\/h2>\n<p>Das Abonnement kann auf den meisten modernen Ger\u00e4ten genutzt werden, darunter:<\/p>\n<ul>\n<li>Smart-TVs<\/li>\n<li>Android- und iOS-Telefone<\/li>\n<li>Computer (Windows \/ Mac)<\/li>\n<li>Android-TV-Ger\u00e4te und TV-Boxen<\/li>\n<li>Einige Receiver, die IPTV-Technologie unterst\u00fctzen<\/li>\n<\/ul>\n<h2>Bildqualit\u00e4t<\/h2>\n<p>Das Abonnement unterst\u00fctzt verschiedene Bildqualit\u00e4ten, abh\u00e4ngig von Ihrer Internetgeschwindigkeit.<br \/>\nDazu geh\u00f6ren:<\/p>\n<ul>\n<li>SD-Qualit\u00e4t f\u00fcr einfache Nutzung<\/li>\n<li>HD-Qualit\u00e4t f\u00fcr eine klare und stabile Darstellung<\/li>\n<li>F\u00fcr einige unterst\u00fctzte Inhalte stehen Full-HD- und 4K-Qualit\u00e4t zur Verf\u00fcgung.<\/li>\n<\/ul>\n<h2>So erhalten Sie ein Abonnement<\/h2>\n<ol>\n<li>W\u00e4hlen Sie das Paket, das zu Ihrem Abonnementzeitraum passt.<\/li>\n<li>Schlie\u00dfen Sie die Bestellung \u00fcber die Website ab.<\/li>\n<li>Aktivierungsdetails oder Anmeldeinformationen erhalten<\/li>\n<li>Schauen Sie jetzt auf Ihrem Lieblingsger\u00e4t!<\/li>\n<\/ol>\n<h2>Ist das Abonnement sicher?<\/h2>\n<p>Ja, f\u00fcr die Anmeldung m\u00fcssen Sie keine sensiblen pers\u00f6nlichen Daten oder Passw\u00f6rter f\u00fcr Ihre Konten angeben.<br \/>\nDie Aktivierung erfolgt auf direktem Wege und erm\u00f6glicht Ihnen ausschlie\u00dflich den Zugriff auf die Inhalte.<\/p>\n<h2>Tipps f\u00fcr das beste Seherlebnis<\/h2>\n<ul>\n<li>Nutzen Sie eine stabile und schnelle Internetverbindung.<\/li>\n<li>Eine Kabelverbindung oder ein stabiles WLAN-Netzwerk wird bevorzugt.<\/li>\n<li>Halten Sie die App oder das Ger\u00e4t, das Sie verwenden, auf dem neuesten Stand.<\/li>\n<li>W\u00e4hlen Sie die passende Qualit\u00e4t entsprechend Ihrer Internetgeschwindigkeit.<\/li>\n<\/ul>\n<h2>H\u00e4ufig gestellte Fragen<\/h2>\n<h3>Funktioniert das Abonnement in allen L\u00e4ndern?<\/h3>\n<p>Ja, es funktioniert in den meisten L\u00e4ndern, sofern eine gute Internetverbindung besteht.<br \/>\nDie verf\u00fcgbaren Kan\u00e4le k\u00f6nnen je nach Region variieren.<\/p>\n<h3>Wie viele Ger\u00e4te k\u00f6nnen gleichzeitig verwendet werden?<\/h3>\n<p>Dies h\u00e4ngt von der Art des gew\u00e4hlten Pakets und den Abonnementbedingungen ab.<\/p>\n<h3>Werden die Inhalte st\u00e4ndig aktualisiert?<\/h3>\n<p>Ja, die Kan\u00e4le und Bibliotheken werden regelm\u00e4\u00dfig aktualisiert, um neue Inhalte hinzuzuf\u00fcgen.<\/p>\n<h3>Ben\u00f6tige ich spezielle Ausr\u00fcstung?<\/h3>\n<p>Nein, ein internetf\u00e4higes Ger\u00e4t und eine mit dem Dienst kompatible Anwendung gen\u00fcgen.<\/p>\n<h3>Ist das Abonnement f\u00fcr Familien geeignet?<\/h3>\n<p>Ja, dank der Vielfalt der Inhalte k\u00f6nnen alle Familienmitglieder beim Anschauen dabei sein.<\/p>\n<h2>Jetzt starten<\/h2>\n<p>Wenn Sie ein flexibles und umfassendes Fernseherlebnis w\u00fcnschen, das Kan\u00e4le, Filme und Serien kombiniert.<br \/>\nIn einem einzigen Abonnement,<br \/>\n<strong>Abonnement f\u00fcr Kan\u00e4le, Filme und Serien<\/strong><br \/>\nEs ist eine praktische Option, die Ihren t\u00e4glichen Bed\u00fcrfnissen entspricht.<\/p>\n<\/div>","protected":false},"excerpt":{"rendered":"<ul style=\"direction: rtl; text-align: right; margin: 0; padding-right: 18px;\">\n<li style=\"text-align: center;\"><strong>Abonnement f\u00fcr Kan\u00e4le, Filme und Serien<\/strong> F\u00fcr ein umfassendes und qualitativ hochwertiges Seherlebnis.<\/li>\n<li>Vielf\u00e4ltige Inhalte: Live-Kan\u00e4le + Filme und Serien (je nach Paket).<\/li>\n<li>Es unterst\u00fctzt mehrere Ger\u00e4te mit klaren Aktivierungsanweisungen und bietet bei Bedarf technischen Support.<\/li>\n<li>Geeignet f\u00fcr alle L\u00e4nder mit Qualit\u00e4tsoptionen, die auf die jeweilige Internetgeschwindigkeit abgestimmt sind.<\/li>\n<\/ul>\n<p>&nbsp;<\/p>","protected":false},"featured_media":65541,"comment_status":"closed","ping_status":"closed","template":"","meta":[],"product_brand":[],"product_cat":[24],"product_tag":[],"class_list":{"0":"post-348","1":"product","2":"type-product","3":"status-publish","4":"has-post-thumbnail","6":"product_cat-24","7":"tm-has-options","9":"first","10":"instock","11":"virtual","12":"taxable","13":"purchasable","14":"product-type-simple"},"yoast_head":"<!-- This site is optimized with the Yoast SEO Premium plugin v21.7 (Yoast SEO v27.1.1) - https:\/\/yoast.com\/product\/yoast-seo-premium-wordpress\/ -->\n<title>\u0623\u0641\u0636\u0644 \u0627\u0634\u062a\u0631\u0627\u0643 IPTV \u0644\u0645\u062a\u0627\u0628\u0639\u0629 \u0627\u0644\u0642\u0646\u0648\u0627\u062a \u0648\u0627\u0644\u0623\u0641\u0644\u0627\u0645 \u0648\u0627\u0644\u0645\u0633\u0644\u0633\u0644\u0627\u062a \u0628\u062c\u0648\u062f\u0629 \u0639\u0627\u0644\u064a\u0629 - SMM Follow<\/title>\n<meta name=\"description\" content=\"\u0627\u062d\u0635\u0644 \u0639\u0644\u0649 \u0627\u0634\u062a\u0631\u0627\u0643 IPTV \u0628\u0623\u0641\u0636\u0644 \u0627\u0644\u0623\u0633\u0639\u0627\u0631 \u0644\u0645\u062a\u0627\u0628\u0639\u0629 \u0642\u0646\u0648\u0627\u062a\u0643 \u0627\u0644\u0645\u0641\u0636\u0644\u0629\u060c \u0623\u062d\u062f\u062b \u0627\u0644\u0623\u0641\u0644\u0627\u0645\u060c \u0648\u0627\u0644\u0645\u0633\u0644\u0633\u0644\u0627\u062a \u0628\u062c\u0648\u062f\u0629 HD \u06484K. \u0627\u0633\u062a\u0645\u062a\u0639 \u0628\u062a\u062c\u0631\u0628\u0629 \u0645\u0634\u0627\u0647\u062f\u0629 \u0644\u0627 \u0645\u062b\u064a\u0644 \u0644\u0647\u0627 \u0645\u0639 \u062e\u064a\u0627\u0631\u0627\u062a \u0645\u062a\u0639\u062f\u062f\u0629 \u0648\u0623\u0633\u0639\u0627\u0631 \u062a\u0646\u0627\u0641\u0633\u064a\u0629.\" \/>\n<meta name=\"robots\" content=\"index, follow, max-snippet:-1, max-image-preview:large, max-video-preview:-1\" \/>\n<link rel=\"canonical\" href=\"https:\/\/smm-follow.com\/de\/product\/iptvchannelsfilmsseries\/\" \/>\n<meta property=\"og:locale\" content=\"de_DE\" \/>\n<meta property=\"og:type\" content=\"article\" \/>\n<meta property=\"og:title\" content=\"\u0627\u0634\u062a\u0631\u0627\u0643 \u0642\u0646\u0648\u0627\u062a \u0648\u0627\u0641\u0644\u0627\u0645 \u0648\u0645\u0633\u0644\u0633\u0644\u0627\u062a\" \/>\n<meta property=\"og:description\" content=\"\u0627\u062d\u0635\u0644 \u0639\u0644\u0649 \u0627\u0634\u062a\u0631\u0627\u0643 IPTV \u0628\u0623\u0641\u0636\u0644 \u0627\u0644\u0623\u0633\u0639\u0627\u0631 \u0644\u0645\u062a\u0627\u0628\u0639\u0629 \u0642\u0646\u0648\u0627\u062a\u0643 \u0627\u0644\u0645\u0641\u0636\u0644\u0629\u060c \u0623\u062d\u062f\u062b \u0627\u0644\u0623\u0641\u0644\u0627\u0645\u060c \u0648\u0627\u0644\u0645\u0633\u0644\u0633\u0644\u0627\u062a \u0628\u062c\u0648\u062f\u0629 HD \u06484K. \u0627\u0633\u062a\u0645\u062a\u0639 \u0628\u062a\u062c\u0631\u0628\u0629 \u0645\u0634\u0627\u0647\u062f\u0629 \u0644\u0627 \u0645\u062b\u064a\u0644 \u0644\u0647\u0627 \u0645\u0639 \u062e\u064a\u0627\u0631\u0627\u062a \u0645\u062a\u0639\u062f\u062f\u0629 \u0648\u0623\u0633\u0639\u0627\u0631 \u062a\u0646\u0627\u0641\u0633\u064a\u0629.\" \/>\n<meta property=\"og:url\" content=\"https:\/\/smm-follow.com\/de\/product\/iptvchannelsfilmsseries\/\" \/>\n<meta property=\"og:site_name\" content=\"SMM Follow\" \/>\n<meta property=\"article:modified_time\" content=\"2026-01-01T10:45:00+00:00\" \/>\n<meta property=\"og:image\" content=\"https:\/\/smm-follow.com\/wp-content\/uploads\/2025\/12\/file_00000000479871f88c052ad9fd3fa65a.png\" \/>\n\t<meta property=\"og:image:width\" content=\"1024\" \/>\n\t<meta property=\"og:image:height\" content=\"1024\" \/>\n\t<meta property=\"og:image:type\" content=\"image\/png\" \/>\n<meta name=\"twitter:card\" content=\"summary_large_image\" \/>\n<meta name=\"twitter:label1\" content=\"Preis\" \/>\n\t<meta name=\"twitter:data1\" content=\"&#036;75.00\" \/>\n\t<meta name=\"twitter:label2\" content=\"Verf\u00fcgbarkeit\" \/>\n\t<meta name=\"twitter:data2\" content=\"Auf Lager\" \/>\n<script type=\"application\/ld+json\" class=\"yoast-schema-graph\">{\"@context\":\"https:\/\/schema.org\",\"@graph\":[{\"@type\":\"WebPage\",\"@id\":\"https:\/\/smm-follow.com\/product\/iptvchannelsfilmsseries\/\",\"url\":\"https:\/\/smm-follow.com\/product\/iptvchannelsfilmsseries\/\",\"name\":\"\u0623\u0641\u0636\u0644 \u0627\u0634\u062a\u0631\u0627\u0643 IPTV \u0644\u0645\u062a\u0627\u0628\u0639\u0629 \u0627\u0644\u0642\u0646\u0648\u0627\u062a \u0648\u0627\u0644\u0623\u0641\u0644\u0627\u0645 \u0648\u0627\u0644\u0645\u0633\u0644\u0633\u0644\u0627\u062a \u0628\u062c\u0648\u062f\u0629 \u0639\u0627\u0644\u064a\u0629 - SMM Follow\",\"isPartOf\":{\"@id\":\"https:\/\/smm-follow.com\/#website\"},\"primaryImageOfPage\":{\"@id\":\"https:\/\/smm-follow.com\/product\/iptvchannelsfilmsseries\/#primaryimage\"},\"image\":{\"@id\":\"https:\/\/smm-follow.com\/product\/iptvchannelsfilmsseries\/#primaryimage\"},\"thumbnailUrl\":\"https:\/\/smm-follow.com\/wp-content\/uploads\/2025\/12\/file_00000000479871f88c052ad9fd3fa65a.png\",\"datePublished\":\"2025-12-23T11:45:39+00:00\",\"dateModified\":\"2026-01-01T10:45:00+00:00\",\"description\":\"\u0627\u062d\u0635\u0644 \u0639\u0644\u0649 \u0627\u0634\u062a\u0631\u0627\u0643 IPTV \u0628\u0623\u0641\u0636\u0644 \u0627\u0644\u0623\u0633\u0639\u0627\u0631 \u0644\u0645\u062a\u0627\u0628\u0639\u0629 \u0642\u0646\u0648\u0627\u062a\u0643 \u0627\u0644\u0645\u0641\u0636\u0644\u0629\u060c \u0623\u062d\u062f\u062b \u0627\u0644\u0623\u0641\u0644\u0627\u0645\u060c \u0648\u0627\u0644\u0645\u0633\u0644\u0633\u0644\u0627\u062a \u0628\u062c\u0648\u062f\u0629 HD \u06484K. \u0627\u0633\u062a\u0645\u062a\u0639 \u0628\u062a\u062c\u0631\u0628\u0629 \u0645\u0634\u0627\u0647\u062f\u0629 \u0644\u0627 \u0645\u062b\u064a\u0644 \u0644\u0647\u0627 \u0645\u0639 \u062e\u064a\u0627\u0631\u0627\u062a \u0645\u062a\u0639\u062f\u062f\u0629 \u0648\u0623\u0633\u0639\u0627\u0631 \u062a\u0646\u0627\u0641\u0633\u064a\u0629.\",\"breadcrumb\":{\"@id\":\"https:\/\/smm-follow.com\/product\/iptvchannelsfilmsseries\/#breadcrumb\"},\"inLanguage\":\"de\",\"potentialAction\":[{\"@type\":\"ReadAction\",\"target\":[\"https:\/\/smm-follow.com\/product\/iptvchannelsfilmsseries\/\"]}]},{\"@type\":\"ImageObject\",\"inLanguage\":\"de\",\"@id\":\"https:\/\/smm-follow.com\/product\/iptvchannelsfilmsseries\/#primaryimage\",\"url\":\"https:\/\/smm-follow.com\/wp-content\/uploads\/2025\/12\/file_00000000479871f88c052ad9fd3fa65a.png\",\"contentUrl\":\"https:\/\/smm-follow.com\/wp-content\/uploads\/2025\/12\/file_00000000479871f88c052ad9fd3fa65a.png\",\"width\":1024,\"height\":1024},{\"@type\":\"BreadcrumbList\",\"@id\":\"https:\/\/smm-follow.com\/product\/iptvchannelsfilmsseries\/#breadcrumb\",\"itemListElement\":[{\"@type\":\"ListItem\",\"position\":1,\"name\":\"\u0627\u0644\u0631\u0626\u064a\u0633\u064a\u0629\",\"item\":\"https:\/\/smm-follow.com\/\"},{\"@type\":\"ListItem\",\"position\":2,\"name\":\"\u0627\u0644\u0645\u062a\u062c\u0631\",\"item\":\"https:\/\/smm-follow.com\/en\/shop\/\"},{\"@type\":\"ListItem\",\"position\":3,\"name\":\"\u0627\u0634\u062a\u0631\u0627\u0643 \u0642\u0646\u0648\u0627\u062a \u0648\u0627\u0641\u0644\u0627\u0645 \u0648\u0645\u0633\u0644\u0633\u0644\u0627\u062a\"}]},{\"@type\":\"WebSite\",\"@id\":\"https:\/\/smm-follow.com\/#website\",\"url\":\"https:\/\/smm-follow.com\/\",\"name\":\"SMM FOLLOW\",\"description\":\"\u0645\u0646\u0635\u0629 \u0645\u062a\u062e\u0635\u0635\u0629 \u0641\u064a \u062e\u062f\u0645\u0627\u062a \u0645\u0648\u0627\u0642\u0639 \u0627\u0644\u062a\u0648\u0627\u0635\u0644 \u0627\u0644\u0627\u062c\u062a\u0645\u0627\u0639\u064a \u0644\u0632\u064a\u0627\u062f\u0629 \u0627\u0644\u0645\u062a\u0627\u0628\u0639\u064a\u0646\u060c \u0627\u0644\u0644\u0627\u064a\u0643\u0627\u062a\u060c \u0648\u0627\u0644\u0645\u0634\u0627\u0647\u062f\u0627\u062a \u0639\u0644\u0649 \u0625\u0646\u0633\u062a\u0642\u0631\u0627\u0645\u060c \u062a\u064a\u0643 \u062a\u0648\u0643\u060c \u064a\u0648\u062a\u064a\u0648\u0628 \u0648\u063a\u064a\u0631\u0647\u0627. \u062e\u062f\u0645\u0627\u062a \u0622\u0645\u0646\u0629 \u0644\u062c\u0645\u064a\u0639 \u0627\u0644\u062f\u0648\u0644\",\"publisher\":{\"@id\":\"https:\/\/smm-follow.com\/#organization\"},\"alternateName\":\"Follow 965 \u0641\u0648\u0644\u0648\",\"potentialAction\":[{\"@type\":\"SearchAction\",\"target\":{\"@type\":\"EntryPoint\",\"urlTemplate\":\"https:\/\/smm-follow.com\/?s={search_term_string}\"},\"query-input\":{\"@type\":\"PropertyValueSpecification\",\"valueRequired\":true,\"valueName\":\"search_term_string\"}}],\"inLanguage\":\"de\"},{\"@type\":\"Organization\",\"@id\":\"https:\/\/smm-follow.com\/#organization\",\"name\":\"SMM FOLLOW\",\"alternateName\":\"Follow 965\",\"url\":\"https:\/\/smm-follow.com\/\",\"logo\":{\"@type\":\"ImageObject\",\"inLanguage\":\"de\",\"@id\":\"https:\/\/smm-follow.com\/#\/schema\/logo\/image\/\",\"url\":\"https:\/\/smm-follow.com\/wp-content\/uploads\/2025\/12\/Logo-smm-follow.jpg\",\"contentUrl\":\"https:\/\/smm-follow.com\/wp-content\/uploads\/2025\/12\/Logo-smm-follow.jpg\",\"width\":1080,\"height\":1080,\"caption\":\"SMM FOLLOW\"},\"image\":{\"@id\":\"https:\/\/smm-follow.com\/#\/schema\/logo\/image\/\"},\"hasMerchantReturnPolicy\":{\"@type\":\"MerchantReturnPolicy\",\"merchantReturnLink\":\"https:\/\/smm-follow.com\/de\/ruckgaberecht\/\"}}]}<\/script>\n<meta property=\"product:brand\" content=\"\u0642\u0646\u0648\u0627\u062a \u0648\u0627\u0641\u0644\u0627\u0645\" \/>\n<meta property=\"product:price:amount\" content=\"75.00\" \/>\n<meta property=\"product:price:currency\" content=\"USD\" \/>\n<meta property=\"og:availability\" content=\"instock\" \/>\n<meta property=\"product:availability\" content=\"instock\" \/>\n<meta property=\"product:condition\" content=\"new\" \/>\n<!-- \/ Yoast SEO Premium plugin. -->","yoast_head_json":{"title":"Das beste IPTV-Abonnement f\u00fcr Sender, Filme und Serien in hoher Qualit\u00e4t \u2013 SMM Follow","description":"Sichern Sie sich ein IPTV-Abonnement zum besten Preis und genie\u00dfen Sie Ihre Lieblingssender, die neuesten Filme und Serien in HD- und 4K-Qualit\u00e4t. Erleben Sie unvergleichliches Fernsehen mit vielf\u00e4ltigen Optionen und attraktiven Preisen.","robots":{"index":"index","follow":"follow","max-snippet":"max-snippet:-1","max-image-preview":"max-image-preview:large","max-video-preview":"max-video-preview:-1"},"canonical":"https:\/\/smm-follow.com\/de\/product\/iptvchannelsfilmsseries\/","og_locale":"de_DE","og_type":"article","og_title":"\u0627\u0634\u062a\u0631\u0627\u0643 \u0642\u0646\u0648\u0627\u062a \u0648\u0627\u0641\u0644\u0627\u0645 \u0648\u0645\u0633\u0644\u0633\u0644\u0627\u062a","og_description":"\u0627\u062d\u0635\u0644 \u0639\u0644\u0649 \u0627\u0634\u062a\u0631\u0627\u0643 IPTV \u0628\u0623\u0641\u0636\u0644 \u0627\u0644\u0623\u0633\u0639\u0627\u0631 \u0644\u0645\u062a\u0627\u0628\u0639\u0629 \u0642\u0646\u0648\u0627\u062a\u0643 \u0627\u0644\u0645\u0641\u0636\u0644\u0629\u060c \u0623\u062d\u062f\u062b \u0627\u0644\u0623\u0641\u0644\u0627\u0645\u060c \u0648\u0627\u0644\u0645\u0633\u0644\u0633\u0644\u0627\u062a \u0628\u062c\u0648\u062f\u0629 HD \u06484K. \u0627\u0633\u062a\u0645\u062a\u0639 \u0628\u062a\u062c\u0631\u0628\u0629 \u0645\u0634\u0627\u0647\u062f\u0629 \u0644\u0627 \u0645\u062b\u064a\u0644 \u0644\u0647\u0627 \u0645\u0639 \u062e\u064a\u0627\u0631\u0627\u062a \u0645\u062a\u0639\u062f\u062f\u0629 \u0648\u0623\u0633\u0639\u0627\u0631 \u062a\u0646\u0627\u0641\u0633\u064a\u0629.","og_url":"https:\/\/smm-follow.com\/de\/product\/iptvchannelsfilmsseries\/","og_site_name":"SMM Follow","article_modified_time":"2026-01-01T10:45:00+00:00","og_image":[{"width":1024,"height":1024,"url":"https:\/\/smm-follow.com\/wp-content\/uploads\/2025\/12\/file_00000000479871f88c052ad9fd3fa65a.png","type":"image\/png"}],"twitter_card":"summary_large_image","twitter_misc":{"Preis":"&#36;75.00","Verf\u00fcgbarkeit":"Auf Lager"},"schema":{"@context":"https:\/\/schema.org","@graph":[{"@type":"WebPage","@id":"https:\/\/smm-follow.com\/product\/iptvchannelsfilmsseries\/","url":"https:\/\/smm-follow.com\/product\/iptvchannelsfilmsseries\/","name":"Das beste IPTV-Abonnement f\u00fcr Sender, Filme und Serien in hoher Qualit\u00e4t \u2013 SMM Follow","isPartOf":{"@id":"https:\/\/smm-follow.com\/#website"},"primaryImageOfPage":{"@id":"https:\/\/smm-follow.com\/product\/iptvchannelsfilmsseries\/#primaryimage"},"image":{"@id":"https:\/\/smm-follow.com\/product\/iptvchannelsfilmsseries\/#primaryimage"},"thumbnailUrl":"https:\/\/smm-follow.com\/wp-content\/uploads\/2025\/12\/file_00000000479871f88c052ad9fd3fa65a.png","datePublished":"2025-12-23T11:45:39+00:00","dateModified":"2026-01-01T10:45:00+00:00","description":"Sichern Sie sich ein IPTV-Abonnement zum besten Preis und genie\u00dfen Sie Ihre Lieblingssender, die neuesten Filme und Serien in HD- und 4K-Qualit\u00e4t. Erleben Sie unvergleichliches Fernsehen mit vielf\u00e4ltigen Optionen und attraktiven Preisen.","breadcrumb":{"@id":"https:\/\/smm-follow.com\/product\/iptvchannelsfilmsseries\/#breadcrumb"},"inLanguage":"de","potentialAction":[{"@type":"ReadAction","target":["https:\/\/smm-follow.com\/product\/iptvchannelsfilmsseries\/"]}]},{"@type":"ImageObject","inLanguage":"de","@id":"https:\/\/smm-follow.com\/product\/iptvchannelsfilmsseries\/#primaryimage","url":"https:\/\/smm-follow.com\/wp-content\/uploads\/2025\/12\/file_00000000479871f88c052ad9fd3fa65a.png","contentUrl":"https:\/\/smm-follow.com\/wp-content\/uploads\/2025\/12\/file_00000000479871f88c052ad9fd3fa65a.png","width":1024,"height":1024},{"@type":"BreadcrumbList","@id":"https:\/\/smm-follow.com\/product\/iptvchannelsfilmsseries\/#breadcrumb","itemListElement":[{"@type":"ListItem","position":1,"name":"\u0627\u0644\u0631\u0626\u064a\u0633\u064a\u0629","item":"https:\/\/smm-follow.com\/"},{"@type":"ListItem","position":2,"name":"\u0627\u0644\u0645\u062a\u062c\u0631","item":"https:\/\/smm-follow.com\/en\/shop\/"},{"@type":"ListItem","position":3,"name":"\u0627\u0634\u062a\u0631\u0627\u0643 \u0642\u0646\u0648\u0627\u062a \u0648\u0627\u0641\u0644\u0627\u0645 \u0648\u0645\u0633\u0644\u0633\u0644\u0627\u062a"}]},{"@type":"WebSite","@id":"https:\/\/smm-follow.com\/#website","url":"https:\/\/smm-follow.com\/","name":"SMM FOLGEN","description":"Eine Plattform, die sich auf Social-Media-Dienste spezialisiert hat, um Follower, Likes und Aufrufe auf Instagram, TikTok, YouTube und anderen Plattformen zu steigern. Sichere Dienste sind in allen L\u00e4ndern verf\u00fcgbar.","publisher":{"@id":"https:\/\/smm-follow.com\/#organization"},"alternateName":"Follow 965 \u0641\u0648\u0644\u0648","potentialAction":[{"@type":"SearchAction","target":{"@type":"EntryPoint","urlTemplate":"https:\/\/smm-follow.com\/?s={search_term_string}"},"query-input":{"@type":"PropertyValueSpecification","valueRequired":true,"valueName":"search_term_string"}}],"inLanguage":"de"},{"@type":"Organization","@id":"https:\/\/smm-follow.com\/#organization","name":"SMM FOLGEN","alternateName":"Follow 965","url":"https:\/\/smm-follow.com\/","logo":{"@type":"ImageObject","inLanguage":"de","@id":"https:\/\/smm-follow.com\/#\/schema\/logo\/image\/","url":"https:\/\/smm-follow.com\/wp-content\/uploads\/2025\/12\/Logo-smm-follow.jpg","contentUrl":"https:\/\/smm-follow.com\/wp-content\/uploads\/2025\/12\/Logo-smm-follow.jpg","width":1080,"height":1080,"caption":"SMM FOLLOW"},"image":{"@id":"https:\/\/smm-follow.com\/#\/schema\/logo\/image\/"},"hasMerchantReturnPolicy":{"@type":"MerchantReturnPolicy","merchantReturnLink":"https:\/\/smm-follow.com\/de\/ruckgaberecht\/"}}]},"product_brand":"\u0642\u0646\u0648\u0627\u062a \u0648\u0627\u0641\u0644\u0627\u0645","product_price_amount":"75.00","product_price_currency":"USD","og_availability":"instock","product_availability":"instock","product_condition":"new"},"_links":{"self":[{"href":"https:\/\/smm-follow.com\/de\/wp-json\/wp\/v2\/product\/348","targetHints":{"allow":["GET"]}}],"collection":[{"href":"https:\/\/smm-follow.com\/de\/wp-json\/wp\/v2\/product"}],"about":[{"href":"https:\/\/smm-follow.com\/de\/wp-json\/wp\/v2\/types\/product"}],"replies":[{"embeddable":true,"href":"https:\/\/smm-follow.com\/de\/wp-json\/wp\/v2\/comments?post=348"}],"wp:featuredmedia":[{"embeddable":true,"href":"https:\/\/smm-follow.com\/de\/wp-json\/wp\/v2\/media\/65541"}],"wp:attachment":[{"href":"https:\/\/smm-follow.com\/de\/wp-json\/wp\/v2\/media?parent=348"}],"wp:term":[{"taxonomy":"product_brand","embeddable":true,"href":"https:\/\/smm-follow.com\/de\/wp-json\/wp\/v2\/product_brand?post=348"},{"taxonomy":"product_cat","embeddable":true,"href":"https:\/\/smm-follow.com\/de\/wp-json\/wp\/v2\/product_cat?post=348"},{"taxonomy":"product_tag","embeddable":true,"href":"https:\/\/smm-follow.com\/de\/wp-json\/wp\/v2\/product_tag?post=348"}],"curies":[{"name":"wp","href":"https:\/\/api.w.org\/{rel}","templated":true}]}}