{"id":365,"date":"2025-12-23T14:46:03","date_gmt":"2025-12-23T11:46:03","guid":{"rendered":"https:\/\/smm-follow.com\/?post_type=product&#038;p=365"},"modified":"2026-01-16T10:17:46","modified_gmt":"2026-01-16T07:17:46","slug":"instagram-arrivals-and-impressions","status":"publish","type":"product","link":"https:\/\/smm-follow.com\/de\/product\/instagram-ankunfte-und-eindrucke\/","title":{"rendered":"Ank\u00fcnfte und Eindr\u00fccke auf Instagram"},"content":{"rendered":"<h1>Steigere deine Reichweite und Impressionen auf Instagram: Der Schl\u00fcssel zur Verbreitung deiner Inhalte<\/h1>\n<p>Haben Sie zun\u00e4chst einmal das Gef\u00fchl, dass Ihre wertvollen Beitr\u00e4ge nicht die Aufmerksamkeit erhalten, die sie verdienen? Tats\u00e4chlich <strong>Steigere Reichweite und Impressionen auf Instagram<\/strong> Es ist die strategische, bahnbrechende L\u00f6sung, die es bietet <a href=\"https:\/\/smm-follow.com\/de\/\" target=\"_blank\" rel=\"noopener\">Spezialisierte SMM-Plattformen<\/a>. Des Weiteren ist es wichtig zu verstehen, dass <strong>Ankunft und Eindr\u00fccke<\/strong> Sie sind der Treibstoff, der den Instagram-Algorithmus zu Ihren Gunsten steuert.<\/p>\n<p>Kurz gesagt, wenn Sie investieren in <strong>Steigere Reichweite und Impressionen auf Instagram<\/strong>Sie steigern nicht nur Ihre Zahlen, sondern schaffen auch mehr M\u00f6glichkeiten f\u00fcr authentisches Engagement. Dadurch wird jeder Ihrer Beitr\u00e4ge und Reels sichtbarer und erzielt mit gr\u00f6\u00dferer Wahrscheinlichkeit Aufmerksamkeit und Conversions.<\/p>\n<h2>Reichweite vs. Impressionen: Was ist der Unterschied und warum ist das wichtig?<\/h2>\n<p>Zur weiteren Verdeutlichung: <strong>Zugriff (Reichweite)<\/strong> Es handelt sich um die Anzahl der einzelnen Konten, die Ihre Inhalte angesehen haben. <strong>Eindr\u00fccke<\/strong> Es handelt sich um die Gesamtzahl der Aufrufe Ihrer Inhalte (wobei dieselbe Person sie mehrmals ansehen kann). Generell bedeutet Reichweite ein neues Publikum, und Impressionen bedeuten wiederholte Kontakte.<\/p>\n<h3>Starker Einfluss auf Algorithmus und Interaktionsrate<\/h3>\n<p>Zuallererst: Geben Sie Zahlen an. <strong>Ank\u00fcnfte und Eindr\u00fccke auf Instagram<\/strong> Eine hohe Interaktionsrate signalisiert dem Algorithmus deutlich, dass Ihre Inhalte ansprechend sind. Daraufhin zeigt der Algorithmus sie automatisch mehr Nutzern an, wodurch ein positiver Wachstumskreislauf entsteht. Diese verst\u00e4rkte Interaktion f\u00fchrt zudem zu mehr organischem Engagement.<\/p>\n<h3>Aufbau von Glaubw\u00fcrdigkeit und Gewinnung von Werbekunden und Partnern<\/h3>\n<p>Wenn ein Werbetreibender oder eine potenzielle Marke sieht, dass Ihre Beitr\u00e4ge erfolgreich sind, \u2026 <strong>Tausende von Impressionen<\/strong>Dies belegt Ihre F\u00e4higkeit, ein breites Publikum zu erreichen. Daher steigert diese Statistik den Wert Ihres Gesch\u00e4ftskontos und dessen Attraktivit\u00e4t f\u00fcr Kooperationen. Sie kann beispielsweise T\u00fcren zu lukrativen Partnerschaften \u00f6ffnen.<\/p>\n<h3>Bessere Leistungsanalyse und intelligentere Entscheidungsfindung<\/h3>\n<p>Hochaufl\u00f6sende Daten und Impressionen liefern Ihnen hingegen einen besseren \u00dcberblick dar\u00fcber, welche Inhalte bei Ihrer Zielgruppe am besten ankommen. So k\u00f6nnen Sie Ihre Bem\u00fchungen auf das konzentrieren, was funktioniert, und Verbesserungspotenzial erkennen. Ihre Content-Strategie wird somit datenbasiert.<\/p>\n<h2>Funktionen unseres Service zur Steigerung der Reichweite und Impressionen auf Instagram<\/h2>\n<h3>Hochwertige Interaktion aus realen Quellen<\/h3>\n<p>Um es klarzustellen: Wir lehnen jede Form von Robotik ab. <strong>Steigere Reichweite und Impressionen auf Instagram<\/strong> Bei uns stammen die Daten ausschlie\u00dflich von echten und aktiven Nutzerkonten. Dadurch gew\u00e4hrleisten wir eine nat\u00fcrliche Interaktion und die vollst\u00e4ndige Sicherheit Ihres Kontos vor jeglichen Risiken \u2013 genau das zeichnet uns aus. <a href=\"https:\/\/smm-follow.com\/de\/\" target=\"_blank\" rel=\"noopener\">Social-Media-Optimierungsdienste<\/a> Zuverl\u00e4ssig.<\/p>\n<h3>Die Ausf\u00fchrungsgeschwindigkeit hat die Erwartungen \u00fcbertroffen.<\/h3>\n<p>Im Vergleich zu anderen Dienstleistungen beginnen wir den Optimierungsprozess w\u00e4hrend <strong>5-15 Minuten<\/strong> Best\u00e4tigen Sie einfach Ihre Bestellung. So verteilen wir die Zufuhr schrittweise und intelligent, um organisches Wachstum nachzuahmen und jegliche Zweifel auszuschlie\u00dfen. Das Ergebnis: schnelle und nat\u00fcrlich aussehende Ergebnisse.<\/p>\n<h3>Absolute Vertraulichkeit: Wir r\u00fchren Ihr Passwort nicht an.<\/h3>\n<p>Insbesondere die Sicherheit Ihres Kontos ist f\u00fcr uns oberstes Gebot. <strong>Wir fragen nie und wir brauchen es nicht.<\/strong> Zu Ihrem Kontopasswort. Im Gegenteil, der gesamte Vorgang wird nur mit Ihrem Benutzernamen durchgef\u00fchrt, genau wie bei <a href=\"https:\/\/smm-follow.com\/de\/\" target=\"_blank\" rel=\"noopener\">L\u00f6sungen f\u00fcr digitales Wachstum<\/a> Sicher.<\/p>\n<h3>Langfristige Garantie stabiler Ergebnisse<\/h3>\n<p>Um Ihren Komfort zu gew\u00e4hrleisten, bieten wir Folgendes an: <strong>6 Monate Garantie<\/strong> Aufgrund unseres Services. Aufgrund unseres Vertrauens in die Qualit\u00e4t. <strong>Steigere Reichweite und Impressionen auf Instagram<\/strong> Mit unserem Service sch\u00fctzen wir Ihre Investition und gleichen etwaige Fehlmengen umgehend aus. Kurz gesagt: Ihr Risiko ist gleich null.<\/p>\n<h2>Wie kann dieser Service bei verschiedenen Inhaltsarten helfen?<\/h2>\n<p>Zur Veranschaulichung hier einige Beispiele:<\/p>\n<ul>\n<li><strong>F\u00fcr Bild-Feed-Beitr\u00e4ge:<\/strong> Im Wesentlichen erh\u00f6ht es die Sichtbarkeit auf der Homepage und schafft anf\u00e4ngliche Glaubw\u00fcrdigkeit.<\/li>\n<li><strong>F\u00fcr Tonrollen:<\/strong> Konkret erh\u00f6ht es die Wahrscheinlichkeit, dass Walzen auf der Explore-Seite erscheinen, was f\u00fcr eine schnelle Verbreitung von entscheidender Bedeutung ist.<\/li>\n<li><strong>F\u00fcr Geschichten:<\/strong> Dadurch erh\u00f6ht sich die Anzahl der Aufrufe, was wiederum mehr Follower zur Interaktion animiert.<\/li>\n<li><strong>F\u00fcr l\u00e4ngere Videos (IGTV\/Videos):<\/strong> Letztendlich verbesserte sich das Ranking in den Suchergebnissen sowohl innerhalb als auch au\u00dferhalb der Plattform.<\/li>\n<\/ul>\n<h2>Einfache Schritte f\u00fcr den Start Ihrer Expansionsreise<\/h2>\n<p>Befolgen Sie zun\u00e4chst diese Schritte in der angegebenen Reihenfolge:<\/p>\n<ol>\n<li><strong>W\u00e4hlen Sie den Inhalt aus:<\/strong> Identifizieren Sie zun\u00e4chst die Beitr\u00e4ge oder Reels, deren Reichweite und Impressionen Sie steigern m\u00f6chten.<\/li>\n<li><strong>Teilen Sie die Links:<\/strong> Senden Sie uns anschlie\u00dfend die Links zu den jeweiligen Ver\u00f6ffentlichungen.<\/li>\n<li><strong>Schlie\u00dfen Sie die Zahlung ab:<\/strong> W\u00e4hlen Sie anschlie\u00dfend die passende Zahlungsmethode aus den sicheren Optionen, die auf [Plattform einf\u00fcgen] verf\u00fcgbar sind. <a href=\"https:\/\/smm-follow.com\/de\/\" target=\"_blank\" rel=\"noopener\">Unsere Plattform<\/a>.<\/li>\n<li><strong>Weiteres Wachstum:<\/strong> Sehen Sie sich schlie\u00dflich den Anstieg der Reichweiten- und Impressionsstatistiken in Rekordzeit in Insights an.<\/li>\n<\/ol>\n<h2>Servicepakete und Preise<\/h2>\n<table>\n<thead>\n<tr>\n<th>Das Paket<\/th>\n<th>Erweiterungsbereich<\/th>\n<th>Zielgruppe<\/th>\n<th>Hauptziel<\/th>\n<\/tr>\n<\/thead>\n<tbody>\n<tr>\n<td><strong>Basispaket<\/strong><\/td>\n<td>1.000 \u2013 5.000 Impressionen<\/td>\n<td>Neue Content-Ersteller<\/td>\n<td>Im Wesentlichen geht es darum, die erste H\u00fcrde zu \u00fcberwinden und den Inhalt zu testen.<\/td>\n<\/tr>\n<tr>\n<td><strong>Wachstumspaket<\/strong><\/td>\n<td>10.000 \u2013 25.000 Impressionen<\/td>\n<td>Neue Konten<\/td>\n<td>Typischerweise, um die Zielgruppe zu erweitern und Dynamik aufzubauen<\/td>\n<\/tr>\n<tr>\n<td><strong>Professionelles Paket<\/strong><\/td>\n<td>50.000 \u2013 100.000+ Impressionen<\/td>\n<td>Marken und Influencer<\/td>\n<td>Haupts\u00e4chlich, um gro\u00dfe Kampagnen zu starten und die Marktf\u00fchrerschaft in diesem Bereich zu erlangen.<\/td>\n<\/tr>\n<\/tbody>\n<\/table>\n<h2>H\u00e4ufig gestellte Fragen zur Steigerung von Reichweite und Impressionen<\/h2>\n<h3>Werden Likes und Kommentare automatisch mit steigenden Impressionen zunehmen?<\/h3>\n<p>Tats\u00e4chlich ja, gr\u00f6\u00dftenteils. Denn wenn Ihre Inhalte mehr Menschen angezeigt werden (<strong>Verbesserter Zugang<\/strong>Daher erh\u00f6ht sich die Wahrscheinlichkeit einer Interaktion. Aus diesem Grund empfehlen wir, den Service durch gezielte Interaktionen zu unterst\u00fctzen, um seine Effektivit\u00e4t zu maximieren. Diese k\u00f6nnen Sie auch \u00fcber [die folgenden Kan\u00e4le\/Plattformen] erhalten. <a href=\"https:\/\/smm-follow.com\/de\/\" target=\"_blank\" rel=\"noopener\">Umfassende SMM-Dienstleistungen<\/a>.<\/p>\n<h3>Worin besteht der Unterschied zwischen diesem Service und einem Service zur Steigerung der Follower-Zahlen?<\/h3>\n<p>Zur Verdeutlichung: Der Follower-Service vergr\u00f6\u00dfert Ihre loyale Zielgruppe. <strong>Instagram-Zugriffs- und Impressionen-Service<\/strong> Es konzentriert sich auf die Steigerung der Aufrufzahlen. <strong>Ihre Inhalte<\/strong>. Mit anderen Worten: Beide erg\u00e4nzen sich im Rahmen einer umfassenden Wachstumsstrategie.<\/p>\n<h3>Kann ich die Erh\u00f6hung auf \u00e4ltere Beitr\u00e4ge anwenden?<\/h3>\n<p>Absolut. Genauer gesagt kann dieser Service alte Beitr\u00e4ge mit hochwertigen Inhalten wiederbeleben und sie wieder in den Vordergrund r\u00fccken, wodurch sie eine zweite Chance erhalten, gesehen zu werden.<\/p>\n<h3>Wie kann ich den Erfolg des Dienstes messen?<\/h3>\n<p>Durch das Werkzeug <strong>Instagram Insights<\/strong> Verf\u00fcgbar f\u00fcr professionelle Konten. Danach werden Sie einen deutlichen Anstieg in den Spalten feststellen. <strong>\u201cAnkunft und Eindr\u00fccke\u201d<\/strong> F\u00fcr gezielte Beitr\u00e4ge w\u00e4hrend der folgenden Stunden und Tage.<\/p>\n<h2>N\u00e4chster Schritt: Besuche in echte Chancen umwandeln<\/h2>\n<p>Abschlie\u00dfend, <strong>Steigere Reichweite und Impressionen auf Instagram<\/strong> Es ist kein Luxus, sondern eine notwendige Investition in Ihr digitales Kapital. Dank unserer Qualit\u00e4ts- und Geschwindigkeitsgarantie sind Sie nur wenige Schritte davon entfernt, die Stille zu durchbrechen. Legen Sie gleich los: <a href=\"https:\/\/smm-follow.com\/de\/\" target=\"_blank\" rel=\"noopener\">SMM folgen<\/a> Um unsere L\u00f6sungen zu erkunden. <strong>Deshalb sollte die Qualit\u00e4t Ihrer Inhalte kein Geheimnis bleiben; pr\u00e4sentieren Sie sie noch heute dem Publikum, das sie verdient.<\/strong><\/p>","protected":false},"excerpt":{"rendered":"<p>Professioneller Premium-Service! Erreichen Sie mehr Instagram-Impressionen durch 1001 echte, aktive und engagierte Nutzer. Schnelles und sicheres Wachstum unter Einhaltung der Plattformrichtlinien. Sofortige Lieferung, flexible Pakete, umfassende Garantie, kein Passwort erforderlich, Support rund um die Uhr. Garantiert erfolgreich oder Geld zur\u00fcck!<\/p>","protected":false},"featured_media":156,"comment_status":"closed","ping_status":"closed","template":"","meta":[],"product_brand":[],"product_cat":[19,225],"product_tag":[],"class_list":{"0":"post-365","1":"product","2":"type-product","3":"status-publish","4":"has-post-thumbnail","6":"product_cat-instagram","7":"product_cat-social-media","8":"tm-has-options","10":"first","11":"instock","12":"virtual","13":"taxable","14":"purchasable","15":"product-type-simple"},"yoast_head":"<!-- This site is optimized with the Yoast SEO Premium plugin v21.7 (Yoast SEO v27.1.1) - https:\/\/yoast.com\/product\/yoast-seo-premium-wordpress\/ -->\n<title>\u0634\u0631\u0627\u0621 \u0648\u0635\u0648\u0644 \u0648\u0627\u0646\u0637\u0628\u0627\u0639\u0627\u062a | \u0632\u064a\u0627\u062f\u0629 Reach + Impressions \u0645\u0639\u0627\u064b<\/title>\n<meta name=\"description\" content=\"\u0648\u0635\u0648\u0644 \u0648\u0627\u0646\u0637\u0628\u0627\u0639\u0627\u062a \u0627\u0646\u0633\u062a\u0642\u0631\u0627\u0645 \u0645\u0639\u0627\u064b \u0644\u062a\u062d\u0642\u064a\u0642 \u0627\u0646\u062a\u0634\u0627\u0631 \u0648\u0627\u0633\u0639 \u0648\u0638\u0647\u0648\u0631 \u0645\u062a\u0643\u0631\u0631. \u0645\u062d\u062a\u0648\u0627\u0643 \u064a\u0635\u0644 \u0644\u0645\u0644\u0627\u064a\u064a\u0646 \u0627\u0644\u0645\u0633\u062a\u062e\u062f\u0645\u064a\u0646 \u0648\u064a\u0638\u0647\u0631 \u0645\u0631\u0627\u0631\u0627\u064b. \u062a\u0623\u062b\u064a\u0631 \u0645\u0636\u0627\u0639\u0641 \u0639\u0644\u0649 \u0627\u0644\u0648\u0639\u064a \u0628\u0627\u0644\u0628\u0631\u0627\u0646\u062f.\" \/>\n<meta name=\"robots\" content=\"index, follow, max-snippet:-1, max-image-preview:large, max-video-preview:-1\" \/>\n<link rel=\"canonical\" href=\"https:\/\/smm-follow.com\/de\/product\/instagram-ankunfte-und-eindrucke\/\" \/>\n<meta property=\"og:locale\" content=\"de_DE\" \/>\n<meta property=\"og:type\" content=\"article\" \/>\n<meta property=\"og:title\" content=\"\u0648\u0635\u0648\u0644 \u0648\u0627\u0646\u0637\u0628\u0627\u0639\u0627\u062a \u0627\u0646\u0633\u062a\u0642\u0631\u0627\u0645\" \/>\n<meta property=\"og:description\" content=\"\u0648\u0635\u0648\u0644 \u0648\u0627\u0646\u0637\u0628\u0627\u0639\u0627\u062a \u0627\u0646\u0633\u062a\u0642\u0631\u0627\u0645 \u0645\u0639\u0627\u064b \u0644\u062a\u062d\u0642\u064a\u0642 \u0627\u0646\u062a\u0634\u0627\u0631 \u0648\u0627\u0633\u0639 \u0648\u0638\u0647\u0648\u0631 \u0645\u062a\u0643\u0631\u0631. \u0645\u062d\u062a\u0648\u0627\u0643 \u064a\u0635\u0644 \u0644\u0645\u0644\u0627\u064a\u064a\u0646 \u0627\u0644\u0645\u0633\u062a\u062e\u062f\u0645\u064a\u0646 \u0648\u064a\u0638\u0647\u0631 \u0645\u0631\u0627\u0631\u0627\u064b. \u062a\u0623\u062b\u064a\u0631 \u0645\u0636\u0627\u0639\u0641 \u0639\u0644\u0649 \u0627\u0644\u0648\u0639\u064a \u0628\u0627\u0644\u0628\u0631\u0627\u0646\u062f.\" \/>\n<meta property=\"og:url\" content=\"https:\/\/smm-follow.com\/de\/product\/instagram-ankunfte-und-eindrucke\/\" \/>\n<meta property=\"og:site_name\" content=\"SMM Follow\" \/>\n<meta property=\"article:modified_time\" content=\"2026-01-16T07:17:46+00:00\" \/>\n<meta property=\"og:image\" content=\"https:\/\/smm-follow.com\/wp-content\/uploads\/2025\/12\/Picsart_24-01-21_18-57-12-391-scaled-1-1-1.jpg\" \/>\n\t<meta property=\"og:image:width\" content=\"2560\" \/>\n\t<meta property=\"og:image:height\" content=\"2560\" \/>\n\t<meta property=\"og:image:type\" content=\"image\/jpeg\" \/>\n<meta name=\"twitter:card\" content=\"summary_large_image\" \/>\n<meta name=\"twitter:label1\" content=\"Preis\" \/>\n\t<meta name=\"twitter:data1\" content=\"&#036;0.00\" \/>\n\t<meta name=\"twitter:label2\" content=\"Verf\u00fcgbarkeit\" \/>\n\t<meta name=\"twitter:data2\" content=\"Auf Lager\" \/>\n<script type=\"application\/ld+json\" class=\"yoast-schema-graph\">{\"@context\":\"https:\/\/schema.org\",\"@graph\":[{\"@type\":\"WebPage\",\"@id\":\"https:\/\/smm-follow.com\/product\/instagram-arrivals-and-impressions\/\",\"url\":\"https:\/\/smm-follow.com\/product\/instagram-arrivals-and-impressions\/\",\"name\":\"\u0634\u0631\u0627\u0621 \u0648\u0635\u0648\u0644 \u0648\u0627\u0646\u0637\u0628\u0627\u0639\u0627\u062a | \u0632\u064a\u0627\u062f\u0629 Reach + Impressions \u0645\u0639\u0627\u064b\",\"isPartOf\":{\"@id\":\"https:\/\/smm-follow.com\/#website\"},\"primaryImageOfPage\":{\"@id\":\"https:\/\/smm-follow.com\/product\/instagram-arrivals-and-impressions\/#primaryimage\"},\"image\":{\"@id\":\"https:\/\/smm-follow.com\/product\/instagram-arrivals-and-impressions\/#primaryimage\"},\"thumbnailUrl\":\"https:\/\/smm-follow.com\/wp-content\/uploads\/2025\/12\/Picsart_24-01-21_18-57-12-391-scaled-1-1-1.jpg\",\"datePublished\":\"2025-12-23T11:46:03+00:00\",\"dateModified\":\"2026-01-16T07:17:46+00:00\",\"description\":\"\u0648\u0635\u0648\u0644 \u0648\u0627\u0646\u0637\u0628\u0627\u0639\u0627\u062a \u0627\u0646\u0633\u062a\u0642\u0631\u0627\u0645 \u0645\u0639\u0627\u064b \u0644\u062a\u062d\u0642\u064a\u0642 \u0627\u0646\u062a\u0634\u0627\u0631 \u0648\u0627\u0633\u0639 \u0648\u0638\u0647\u0648\u0631 \u0645\u062a\u0643\u0631\u0631. \u0645\u062d\u062a\u0648\u0627\u0643 \u064a\u0635\u0644 \u0644\u0645\u0644\u0627\u064a\u064a\u0646 \u0627\u0644\u0645\u0633\u062a\u062e\u062f\u0645\u064a\u0646 \u0648\u064a\u0638\u0647\u0631 \u0645\u0631\u0627\u0631\u0627\u064b. \u062a\u0623\u062b\u064a\u0631 \u0645\u0636\u0627\u0639\u0641 \u0639\u0644\u0649 \u0627\u0644\u0648\u0639\u064a \u0628\u0627\u0644\u0628\u0631\u0627\u0646\u062f.\",\"breadcrumb\":{\"@id\":\"https:\/\/smm-follow.com\/product\/instagram-arrivals-and-impressions\/#breadcrumb\"},\"inLanguage\":\"de\",\"potentialAction\":[{\"@type\":\"ReadAction\",\"target\":[\"https:\/\/smm-follow.com\/product\/instagram-arrivals-and-impressions\/\"]}]},{\"@type\":\"ImageObject\",\"inLanguage\":\"de\",\"@id\":\"https:\/\/smm-follow.com\/product\/instagram-arrivals-and-impressions\/#primaryimage\",\"url\":\"https:\/\/smm-follow.com\/wp-content\/uploads\/2025\/12\/Picsart_24-01-21_18-57-12-391-scaled-1-1-1.jpg\",\"contentUrl\":\"https:\/\/smm-follow.com\/wp-content\/uploads\/2025\/12\/Picsart_24-01-21_18-57-12-391-scaled-1-1-1.jpg\",\"width\":2560,\"height\":2560},{\"@type\":\"BreadcrumbList\",\"@id\":\"https:\/\/smm-follow.com\/product\/instagram-arrivals-and-impressions\/#breadcrumb\",\"itemListElement\":[{\"@type\":\"ListItem\",\"position\":1,\"name\":\"\u0627\u0644\u0631\u0626\u064a\u0633\u064a\u0629\",\"item\":\"https:\/\/smm-follow.com\/\"},{\"@type\":\"ListItem\",\"position\":2,\"name\":\"\u0627\u0644\u0645\u062a\u062c\u0631\",\"item\":\"https:\/\/smm-follow.com\/en\/shop\/\"},{\"@type\":\"ListItem\",\"position\":3,\"name\":\"\u0648\u0635\u0648\u0644 \u0648\u0627\u0646\u0637\u0628\u0627\u0639\u0627\u062a \u0627\u0646\u0633\u062a\u0642\u0631\u0627\u0645\"}]},{\"@type\":\"WebSite\",\"@id\":\"https:\/\/smm-follow.com\/#website\",\"url\":\"https:\/\/smm-follow.com\/\",\"name\":\"SMM FOLLOW\",\"description\":\"\u0645\u0646\u0635\u0629 \u0645\u062a\u062e\u0635\u0635\u0629 \u0641\u064a \u062e\u062f\u0645\u0627\u062a \u0645\u0648\u0627\u0642\u0639 \u0627\u0644\u062a\u0648\u0627\u0635\u0644 \u0627\u0644\u0627\u062c\u062a\u0645\u0627\u0639\u064a \u0644\u0632\u064a\u0627\u062f\u0629 \u0627\u0644\u0645\u062a\u0627\u0628\u0639\u064a\u0646\u060c \u0627\u0644\u0644\u0627\u064a\u0643\u0627\u062a\u060c \u0648\u0627\u0644\u0645\u0634\u0627\u0647\u062f\u0627\u062a \u0639\u0644\u0649 \u0625\u0646\u0633\u062a\u0642\u0631\u0627\u0645\u060c \u062a\u064a\u0643 \u062a\u0648\u0643\u060c \u064a\u0648\u062a\u064a\u0648\u0628 \u0648\u063a\u064a\u0631\u0647\u0627. \u062e\u062f\u0645\u0627\u062a \u0622\u0645\u0646\u0629 \u0644\u062c\u0645\u064a\u0639 \u0627\u0644\u062f\u0648\u0644\",\"publisher\":{\"@id\":\"https:\/\/smm-follow.com\/#organization\"},\"alternateName\":\"Follow 965 \u0641\u0648\u0644\u0648\",\"potentialAction\":[{\"@type\":\"SearchAction\",\"target\":{\"@type\":\"EntryPoint\",\"urlTemplate\":\"https:\/\/smm-follow.com\/?s={search_term_string}\"},\"query-input\":{\"@type\":\"PropertyValueSpecification\",\"valueRequired\":true,\"valueName\":\"search_term_string\"}}],\"inLanguage\":\"de\"},{\"@type\":\"Organization\",\"@id\":\"https:\/\/smm-follow.com\/#organization\",\"name\":\"SMM FOLLOW\",\"alternateName\":\"Follow 965\",\"url\":\"https:\/\/smm-follow.com\/\",\"logo\":{\"@type\":\"ImageObject\",\"inLanguage\":\"de\",\"@id\":\"https:\/\/smm-follow.com\/#\/schema\/logo\/image\/\",\"url\":\"https:\/\/smm-follow.com\/wp-content\/uploads\/2025\/12\/Logo-smm-follow.jpg\",\"contentUrl\":\"https:\/\/smm-follow.com\/wp-content\/uploads\/2025\/12\/Logo-smm-follow.jpg\",\"width\":1080,\"height\":1080,\"caption\":\"SMM FOLLOW\"},\"image\":{\"@id\":\"https:\/\/smm-follow.com\/#\/schema\/logo\/image\/\"},\"hasMerchantReturnPolicy\":{\"@type\":\"MerchantReturnPolicy\",\"merchantReturnLink\":\"https:\/\/smm-follow.com\/de\/ruckgaberecht\/\"}}]}<\/script>\n<meta property=\"product:brand\" content=\"\u0627\u0646\u0633\u062a\u0642\u0631\u0627\u0645\" \/>\n<meta property=\"product:price:amount\" content=\"0.00\" \/>\n<meta property=\"product:price:currency\" content=\"USD\" \/>\n<meta property=\"og:availability\" content=\"instock\" \/>\n<meta property=\"product:availability\" content=\"instock\" \/>\n<meta property=\"product:condition\" content=\"new\" \/>\n<!-- \/ Yoast SEO Premium plugin. -->","yoast_head_json":{"title":"Reichweite und Impressionen kaufen | Reichweite und Impressionen gemeinsam steigern","description":"Die Reichweite und die Impressionen auf Instagram sorgen f\u00fcr eine hohe Sichtbarkeit und h\u00e4ufige Pr\u00e4senz. Ihre Inhalte erreichen Millionen von Nutzern und werden wiederholt angezeigt. Dies verst\u00e4rkt die Markenbekanntheit erheblich.","robots":{"index":"index","follow":"follow","max-snippet":"max-snippet:-1","max-image-preview":"max-image-preview:large","max-video-preview":"max-video-preview:-1"},"canonical":"https:\/\/smm-follow.com\/de\/product\/instagram-ankunfte-und-eindrucke\/","og_locale":"de_DE","og_type":"article","og_title":"\u0648\u0635\u0648\u0644 \u0648\u0627\u0646\u0637\u0628\u0627\u0639\u0627\u062a \u0627\u0646\u0633\u062a\u0642\u0631\u0627\u0645","og_description":"\u0648\u0635\u0648\u0644 \u0648\u0627\u0646\u0637\u0628\u0627\u0639\u0627\u062a \u0627\u0646\u0633\u062a\u0642\u0631\u0627\u0645 \u0645\u0639\u0627\u064b \u0644\u062a\u062d\u0642\u064a\u0642 \u0627\u0646\u062a\u0634\u0627\u0631 \u0648\u0627\u0633\u0639 \u0648\u0638\u0647\u0648\u0631 \u0645\u062a\u0643\u0631\u0631. \u0645\u062d\u062a\u0648\u0627\u0643 \u064a\u0635\u0644 \u0644\u0645\u0644\u0627\u064a\u064a\u0646 \u0627\u0644\u0645\u0633\u062a\u062e\u062f\u0645\u064a\u0646 \u0648\u064a\u0638\u0647\u0631 \u0645\u0631\u0627\u0631\u0627\u064b. \u062a\u0623\u062b\u064a\u0631 \u0645\u0636\u0627\u0639\u0641 \u0639\u0644\u0649 \u0627\u0644\u0648\u0639\u064a \u0628\u0627\u0644\u0628\u0631\u0627\u0646\u062f.","og_url":"https:\/\/smm-follow.com\/de\/product\/instagram-ankunfte-und-eindrucke\/","og_site_name":"SMM Follow","article_modified_time":"2026-01-16T07:17:46+00:00","og_image":[{"width":2560,"height":2560,"url":"https:\/\/smm-follow.com\/wp-content\/uploads\/2025\/12\/Picsart_24-01-21_18-57-12-391-scaled-1-1-1.jpg","type":"image\/jpeg"}],"twitter_card":"summary_large_image","twitter_misc":{"Preis":"&#36;0.00","Verf\u00fcgbarkeit":"Auf Lager"},"schema":{"@context":"https:\/\/schema.org","@graph":[{"@type":"WebPage","@id":"https:\/\/smm-follow.com\/product\/instagram-arrivals-and-impressions\/","url":"https:\/\/smm-follow.com\/product\/instagram-arrivals-and-impressions\/","name":"Reichweite und Impressionen kaufen | Reichweite und Impressionen gemeinsam steigern","isPartOf":{"@id":"https:\/\/smm-follow.com\/#website"},"primaryImageOfPage":{"@id":"https:\/\/smm-follow.com\/product\/instagram-arrivals-and-impressions\/#primaryimage"},"image":{"@id":"https:\/\/smm-follow.com\/product\/instagram-arrivals-and-impressions\/#primaryimage"},"thumbnailUrl":"https:\/\/smm-follow.com\/wp-content\/uploads\/2025\/12\/Picsart_24-01-21_18-57-12-391-scaled-1-1-1.jpg","datePublished":"2025-12-23T11:46:03+00:00","dateModified":"2026-01-16T07:17:46+00:00","description":"Die Reichweite und die Impressionen auf Instagram sorgen f\u00fcr eine hohe Sichtbarkeit und h\u00e4ufige Pr\u00e4senz. Ihre Inhalte erreichen Millionen von Nutzern und werden wiederholt angezeigt. Dies verst\u00e4rkt die Markenbekanntheit erheblich.","breadcrumb":{"@id":"https:\/\/smm-follow.com\/product\/instagram-arrivals-and-impressions\/#breadcrumb"},"inLanguage":"de","potentialAction":[{"@type":"ReadAction","target":["https:\/\/smm-follow.com\/product\/instagram-arrivals-and-impressions\/"]}]},{"@type":"ImageObject","inLanguage":"de","@id":"https:\/\/smm-follow.com\/product\/instagram-arrivals-and-impressions\/#primaryimage","url":"https:\/\/smm-follow.com\/wp-content\/uploads\/2025\/12\/Picsart_24-01-21_18-57-12-391-scaled-1-1-1.jpg","contentUrl":"https:\/\/smm-follow.com\/wp-content\/uploads\/2025\/12\/Picsart_24-01-21_18-57-12-391-scaled-1-1-1.jpg","width":2560,"height":2560},{"@type":"BreadcrumbList","@id":"https:\/\/smm-follow.com\/product\/instagram-arrivals-and-impressions\/#breadcrumb","itemListElement":[{"@type":"ListItem","position":1,"name":"\u0627\u0644\u0631\u0626\u064a\u0633\u064a\u0629","item":"https:\/\/smm-follow.com\/"},{"@type":"ListItem","position":2,"name":"\u0627\u0644\u0645\u062a\u062c\u0631","item":"https:\/\/smm-follow.com\/en\/shop\/"},{"@type":"ListItem","position":3,"name":"\u0648\u0635\u0648\u0644 \u0648\u0627\u0646\u0637\u0628\u0627\u0639\u0627\u062a \u0627\u0646\u0633\u062a\u0642\u0631\u0627\u0645"}]},{"@type":"WebSite","@id":"https:\/\/smm-follow.com\/#website","url":"https:\/\/smm-follow.com\/","name":"SMM FOLGEN","description":"Eine Plattform, die sich auf Social-Media-Dienste spezialisiert hat, um Follower, Likes und Aufrufe auf Instagram, TikTok, YouTube und anderen Plattformen zu steigern. Sichere Dienste sind in allen L\u00e4ndern verf\u00fcgbar.","publisher":{"@id":"https:\/\/smm-follow.com\/#organization"},"alternateName":"Follow 965 \u0641\u0648\u0644\u0648","potentialAction":[{"@type":"SearchAction","target":{"@type":"EntryPoint","urlTemplate":"https:\/\/smm-follow.com\/?s={search_term_string}"},"query-input":{"@type":"PropertyValueSpecification","valueRequired":true,"valueName":"search_term_string"}}],"inLanguage":"de"},{"@type":"Organization","@id":"https:\/\/smm-follow.com\/#organization","name":"SMM FOLGEN","alternateName":"Follow 965","url":"https:\/\/smm-follow.com\/","logo":{"@type":"ImageObject","inLanguage":"de","@id":"https:\/\/smm-follow.com\/#\/schema\/logo\/image\/","url":"https:\/\/smm-follow.com\/wp-content\/uploads\/2025\/12\/Logo-smm-follow.jpg","contentUrl":"https:\/\/smm-follow.com\/wp-content\/uploads\/2025\/12\/Logo-smm-follow.jpg","width":1080,"height":1080,"caption":"SMM FOLLOW"},"image":{"@id":"https:\/\/smm-follow.com\/#\/schema\/logo\/image\/"},"hasMerchantReturnPolicy":{"@type":"MerchantReturnPolicy","merchantReturnLink":"https:\/\/smm-follow.com\/de\/ruckgaberecht\/"}}]},"product_brand":"\u0627\u0646\u0633\u062a\u0642\u0631\u0627\u0645","product_price_amount":"0.00","product_price_currency":"USD","og_availability":"instock","product_availability":"instock","product_condition":"new"},"_links":{"self":[{"href":"https:\/\/smm-follow.com\/de\/wp-json\/wp\/v2\/product\/365","targetHints":{"allow":["GET"]}}],"collection":[{"href":"https:\/\/smm-follow.com\/de\/wp-json\/wp\/v2\/product"}],"about":[{"href":"https:\/\/smm-follow.com\/de\/wp-json\/wp\/v2\/types\/product"}],"replies":[{"embeddable":true,"href":"https:\/\/smm-follow.com\/de\/wp-json\/wp\/v2\/comments?post=365"}],"wp:featuredmedia":[{"embeddable":true,"href":"https:\/\/smm-follow.com\/de\/wp-json\/wp\/v2\/media\/156"}],"wp:attachment":[{"href":"https:\/\/smm-follow.com\/de\/wp-json\/wp\/v2\/media?parent=365"}],"wp:term":[{"taxonomy":"product_brand","embeddable":true,"href":"https:\/\/smm-follow.com\/de\/wp-json\/wp\/v2\/product_brand?post=365"},{"taxonomy":"product_cat","embeddable":true,"href":"https:\/\/smm-follow.com\/de\/wp-json\/wp\/v2\/product_cat?post=365"},{"taxonomy":"product_tag","embeddable":true,"href":"https:\/\/smm-follow.com\/de\/wp-json\/wp\/v2\/product_tag?post=365"}],"curies":[{"name":"wp","href":"https:\/\/api.w.org\/{rel}","templated":true}]}}