{"id":86,"date":"2025-12-23T14:40:27","date_gmt":"2025-12-23T11:40:27","guid":{"rendered":"https:\/\/smm-follow.com\/?post_type=product&#038;p=86"},"modified":"2026-01-16T10:17:44","modified_gmt":"2026-01-16T07:17:44","slug":"auto-instagram-views","status":"publish","type":"product","link":"https:\/\/smm-follow.com\/de\/product\/automatische-instagram-aufrufe-kaufen\/","title":{"rendered":"Instagram-Abonnement"},"content":{"rendered":"<h1>Automatische Instagram-Aufrufe | Automatisiertes System zur Steigerung der Aufrufe von Videos und Reels<\/h1>\n<p><strong>Anfang<\/strong>Haben Sie das Gef\u00fchl, dass Ihre Videos und Reels auf Instagram nicht die Aufrufe erhalten, die sie verdienen? <strong>In Wirklichkeit<\/strong>, Fortschritt <strong>Automatischer Aufrufdienst von Instagram<\/strong> Die clevere L\u00f6sung f\u00fcr dieses Problem! <strong>Au\u00dferdem<\/strong>Mit unserem hochentwickelten automatisierten System wird es stoppen. <strong>Endlich<\/strong> Sich Sorgen um die Aufrufe der eigenen Videoinhalte zu machen.<\/p>\n<p><strong>im Allgemeinen<\/strong>Wenn Sie ein Abonnement abschlie\u00dfen <strong>Dieses automatisierte System<\/strong>Du bekommst <strong>sofort<\/strong> Auf einen permanenten Assistenten, der automatisch arbeitet. <strong>Infolge<\/strong>Jedes neue Video oder Reel, das du ver\u00f6ffentlichst, erh\u00e4lt sofortige und echte Aufrufe. <strong>Ohne jegliche<\/strong> Ein zus\u00e4tzlicher Einsatz von Ihnen. Sie k\u00f6nnen auch unseren Schwesterdienst besuchen: <a href=\"https:\/\/smm-follow.com\/de\/product\/automatische-instagram-likes-kaufen\/\">Automatische Instagram-Likes<\/a> Um eine umfassende Interaktion zu erreichen.<\/p>\n<h2>Was genau ist der automatische Wiedergabeservice?<\/h2>\n<p><strong>kurz<\/strong>, repr\u00e4sentiert <strong>Dieses automatisierte System<\/strong> Ein speziell f\u00fcr Ihr Konto entwickeltes Programm. <strong>danach<\/strong>Sobald der Dienst aktiviert ist, startet das System. <strong>automatisch<\/strong> \u00dcberwachen Sie Ihr Konto und f\u00fcgen Sie jedem neuen Videoinhalt, den Sie ver\u00f6ffentlichen, echte Aufrufe hinzu.<\/p>\n<h3>Wie funktioniert das automatisierte Betrachtungssystem in der Praxis?<\/h3>\n<p><strong>Erstens<\/strong>Er ist abh\u00e4ngig <strong>Automatisches Betrachtungssystem<\/strong> Es nutzt intelligente Technologie, die eine sichere Verbindung zu Ihrem Konto herstellt. <strong>Zum Beispiel<\/strong>Wenn Sie neue Videoinhalte ver\u00f6ffentlichen, erkennt das System dies. <strong>sofort<\/strong> Es beginnt, Ansichten hinzuzuf\u00fcgen. <strong>Zus\u00e4tzlich<\/strong>Das System arbeitet rund um die Uhr.<\/p>\n<h2>Wozu ben\u00f6tigt man eigentlich automatische Ansichten?<\/h2>\n<p><strong>Um das Bild zu verdeutlichen<\/strong>In der Welt von Instagram, die sich auf visuelle Inhalte konzentriert, sind hohe Aufrufzahlen der Schl\u00fcssel zum Erfolg. <strong>daher<\/strong>Hier die Hauptgr\u00fcnde:<\/p>\n<ul>\n<li><strong>Erh\u00f6htes Ansteckungsrisiko:<\/strong> Videos mit vielen Aufrufen erscheinen h\u00e4ufiger auf der Entdecken-Seite.<\/li>\n<li><strong>Algorithmusstimulation:<\/strong> Kurzansichten geben positive Signale <strong>Sehr stark<\/strong><\/li>\n<li><strong>Organische Zuschauer gewinnen:<\/strong> Menschen werden angezogen <strong>nat\u00fcrlich<\/strong> F\u00fcr Videos mit hohen Aufrufzahlen<\/li>\n<li><strong>Integration mit anderen Diensten:<\/strong> Sie k\u00f6nnen sie kombinieren mit <a href=\"https:\/\/smm-follow.com\/de\/product\/instagram-aufrufe-kaufen\/\">Regelm\u00e4\u00dfige Instagram-Aufrufe<\/a> F\u00fcr bessere Ergebnisse<\/li>\n<\/ul>\n<h3>Unterst\u00fctzte Inhaltstypen:<\/h3>\n<ol>\n<li><strong>Rollen:<\/strong> Die beliebtesten Kurzvideos <strong>momentan<\/strong><\/li>\n<li><strong>Regelm\u00e4\u00dfige Videoclips:<\/strong> Visuelle Inhalte auf Ihrer Homepage<\/li>\n<li><strong>IGTV:<\/strong> Lange Videos, die ben\u00f6tigen <strong>Spezielle Unterst\u00fctzung<\/strong><\/li>\n<li><strong>Integration in die Geschichte:<\/strong> Sie k\u00f6nnen auch versuchen <a href=\"https:\/\/smm-follow.com\/de\/product\/instagram-story-aufrufe-kaufen\/\">Story-Ansichten<\/a><\/li>\n<\/ol>\n<h2>Was sind die Hauptmerkmale des automatisierten Betrachtungssystems?<\/h2>\n<h3>Ein vollautomatisches System ohne manuelle Eingriffe<\/h3>\n<p><strong>In diesem Fall<\/strong>Sie m\u00fcssen keinen Antrag einreichen. <strong>F\u00fcr jedes Video<\/strong>. <strong>Im Gegenteil<\/strong>Das System erkennt automatisch neue Videoinhalte und f\u00fcgt Aufrufe hinzu. <strong>Ohne jegliche<\/strong> Es ist deine Schuld.<\/p>\n<h3>Ansichten von echten und aktiven Accounts<\/h3>\n<p><strong>Es ist wichtig zu wissen<\/strong> Alle Aufrufe stammen von echten und aktiven Instagram-Konten. <strong>Dies wiederum<\/strong> Es gew\u00e4hrleistet eine nat\u00fcrliche und sichere Reaktion. <strong>Vollst\u00e4ndig<\/strong> F\u00fcr Ihr Konto.<\/p>\n<h3>Extrem schnelle Reaktion<\/h3>\n<p><strong>normalerweise<\/strong>Ansichten beginnen w\u00e4hrend <strong>5-15 Minuten<\/strong> Wer hat das Video gepostet?. <strong>danach<\/strong>Das System gibt ihm einen starken Schub. <strong>Von Anfang an<\/strong>. F\u00fcr mehr Interaktion k\u00f6nnen Sie Folgendes erkunden <a href=\"https:\/\/smm-follow.com\/de\/product\/instagram-kommentare-kaufen\/\">Instagram-Kommentare<\/a>.<\/p>\n<h2>Wie kann man den Dienst Schritt f\u00fcr Schritt abonnieren?<\/h2>\n<ol>\n<li><strong>Erstens<\/strong>W\u00e4hlen Sie das passende Paket aus unseren verschiedenen Angeboten.<\/li>\n<li><strong>zweitens<\/strong>Schlie\u00dfen Sie den Zahlungsvorgang mit den verf\u00fcgbaren sicheren Zahlungsmethoden ab.<\/li>\n<li><strong>Dritte<\/strong>Geben Sie den Benutzernamen Ihres Instagram-Kontos an.<\/li>\n<li><strong>Endlich<\/strong>Beginnen Sie damit, Videos zu ver\u00f6ffentlichen und beobachten Sie die automatischen Aufrufe.<\/li>\n<\/ol>\n<h2>Automatische Anzeigeservicepakete<\/h2>\n<table>\n<thead>\n<tr>\n<th>Das Paket<\/th>\n<th>Dauer<\/th>\n<th>Anzahl der automatischen Aufrufe<\/th>\n<th>Zus\u00e4tzliche Funktionen<\/th>\n<\/tr>\n<\/thead>\n<tbody>\n<tr>\n<td><strong>Basispaket<\/strong><\/td>\n<td>30 Tage<\/td>\n<td>1.000\u20135.000 Aufrufe pro Video<\/td>\n<td>Technischer Support, schnelle Aktivierung<\/td>\n<\/tr>\n<tr>\n<td><strong>Wachstumspaket<\/strong><\/td>\n<td>90 Tage<\/td>\n<td>2.000\u20138.000 Aufrufe pro Video<\/td>\n<td>Priorit\u00e4t bei der Unterst\u00fctzung, monatliche Berichte<\/td>\n<\/tr>\n<tr>\n<td><strong>Professionelles Paket<\/strong><\/td>\n<td>365 Tage<\/td>\n<td>3.000 bis \u00fcber 10.000 Aufrufe pro Video<\/td>\n<td>Engagierter Support, kontinuierliche \u00dcberwachung<\/td>\n<\/tr>\n<\/tbody>\n<\/table>\n<h2>H\u00e4ufig gestellte Fragen zu automatischen Ansichten<\/h2>\n<h3>Kann ich den Dienst auch mit anderen Interaktionsarten nutzen?<\/h3>\n<p><strong>sicherlich<\/strong>Wir empfehlen die Nutzung dieses Dienstes mit <a href=\"https:\/\/smm-follow.com\/de\/product\/instagram-saves\/\">Beitr\u00e4ge speichern<\/a> Um verschiedene Interaktionssignale zu verst\u00e4rken. Sie k\u00f6nnen diese auch kombinieren mit <a href=\"https:\/\/smm-follow.com\/de\/product\/instagram-shares\/\">Instagram-Posts<\/a> Um die Verbreitung zu erh\u00f6hen.<\/p>\n<h3>Worin besteht der Unterschied zwischen diesem Service und regul\u00e4ren Services?<\/h3>\n<p><strong>Hauptunterschied<\/strong> Das bedeutet, dass dieser Dienst funktioniert. <strong>automatisch<\/strong> W\u00e4hrend f\u00fcr regul\u00e4re Dienstleistungen eine manuelle Anfrage f\u00fcr jedes Video erforderlich ist, k\u00f6nnen Sie f\u00fcr Folgedienstleistungen besuchen <a href=\"https:\/\/smm-follow.com\/de\/product\/instagram-follower-kaufen\/\">Instagram-Follower<\/a>.<\/p>\n<h2>Kurz gesagt: Warum ist dieses System die richtige Wahl?<\/h2>\n<p><strong>abschlie\u00dfend<\/strong>Es wird betrachtet <strong>Automatischer Anzeigeservice<\/strong> Mehr als nur ein Zahlenbooster. <strong>Vielmehr<\/strong> Eine intelligente Strategie f\u00fcr das Management der digitalen Interaktion visueller Inhalte. <strong>daher<\/strong>Z\u00f6gern Sie nicht, diesen hervorragenden Service auszuprobieren.<\/p>\n<p><strong>am Ende<\/strong>Denken Sie daran, dass regelm\u00e4\u00dfige, spontane Beobachtungen oft zu einem schnelleren organischen Wachstum f\u00fchren. <strong>Darauf aufbauend<\/strong>Wir raten Ihnen, noch heute zu beginnen und sich selbst von den Ergebnissen zu \u00fcberzeugen.<\/p>\n<p><!-- \u062d\u0642\u0648\u0644 \u0641\u0646\u064a\u0629 \u0648\u0633\u0645\u0627\u062a ALT \u0644\u0644\u0635\u0648\u0631 --><\/p>\n<p style=\"display: none;\"><span class=\"product-id\">Produkt-ID: IG-AUTO-VIEWS-2024<\/span><\/p>\n<p><span class=\"product-sku\">Artikelnummer: IGAUTOVIEWS-001<\/span><\/p>\n<p><span class=\"image-alt-1\">Automatisierter Instagram-Aufrufservice f\u00fcr schnelles Wachstum<\/span><\/p>\n<p><span class=\"image-alt-2\">Ein automatisiertes System zur Steigerung der Videoaufrufe auf Instagram<\/span><\/p>\n<p><span class=\"image-alt-3\">Vergleich zwischen normalen und spontanen Beobachtungen<\/span><\/p>\n<p><span class=\"image-alt-4\">Ergebnisse der Nutzung des automatisierten Anzeigedienstes<\/span><\/p>","protected":false},"excerpt":{"rendered":"<p>Automatisches, kontinuierliches Wachstum! Abonniere unseren automatischen Instagram-Aufrufservice und erhalte sofort Aufrufe f\u00fcr jedes Video oder Reel, das du postest. Keine manuellen Anfragen n\u00f6tig; der Service funktioniert automatisch mit allen neuen Inhalten. Flexible Monatsabonnements ab 10 $, sofortige Aufrufe innerhalb von Minuten, kontinuierliches und organisches Wachstum, jederzeit k\u00fcndbar, Support rund um die Uhr. Vergiss manuelle Anfragen!<\/p>","protected":false},"featured_media":111,"comment_status":"closed","ping_status":"closed","template":"","meta":[],"product_brand":[],"product_cat":[19,225],"product_tag":[],"class_list":{"0":"post-86","1":"product","2":"type-product","3":"status-publish","4":"has-post-thumbnail","6":"product_cat-instagram","7":"product_cat-social-media","8":"tm-has-options","10":"first","11":"instock","12":"virtual","13":"taxable","14":"purchasable","15":"product-type-simple"},"yoast_head":"<!-- This site is optimized with the Yoast SEO Premium plugin v21.7 (Yoast SEO v27.1.1) - https:\/\/yoast.com\/product\/yoast-seo-premium-wordpress\/ -->\n<title>\u0627\u0634\u062a\u0631\u0627\u0643 \u0645\u0634\u0627\u0647\u062f\u0627\u062a \u0627\u0646\u0633\u062a\u0642\u0631\u0627\u0645 | \u0632\u064a\u0627\u062f\u0629 Views \u062a\u0644\u0642\u0627\u0626\u064a\u0629 \u0645\u0633\u062a\u0645\u0631\u0629<\/title>\n<meta name=\"description\" content=\"\u0627\u0634\u062a\u0631\u0627\u0643 \u0645\u0634\u0627\u0647\u062f\u0627\u062a \u0627\u0646\u0633\u062a\u0642\u0631\u0627\u0645 \u064a\u0636\u064a\u0641 Views \u062a\u0644\u0642\u0627\u0626\u064a\u0627\u064b \u0644\u0643\u0644 \u0641\u064a\u062f\u064a\u0648 \u062c\u062f\u064a\u062f \u062a\u0646\u0634\u0631\u0647. \u0631\u0627\u062d\u0629 \u062a\u0627\u0645\u0629\u060c \u0646\u0645\u0648 \u0645\u0633\u062a\u0645\u0631\u060c \u0644\u0627 \u062d\u0627\u062c\u0629 \u0644\u0637\u0644\u0628\u0627\u062a \u064a\u062f\u0648\u064a\u0629. \u0627\u0634\u062a\u0631\u0627\u0643 \u0634\u0647\u0631\u064a \u0645\u0631\u0646\u060c \u0625\u0644\u063a\u0627\u0621 \u0645\u062a\u0649 \u062a\u0634\u0627\u0621.\" \/>\n<meta name=\"robots\" content=\"index, follow, max-snippet:-1, max-image-preview:large, max-video-preview:-1\" \/>\n<link rel=\"canonical\" href=\"https:\/\/smm-follow.com\/de\/product\/automatische-instagram-aufrufe-kaufen\/\" \/>\n<meta property=\"og:locale\" content=\"de_DE\" \/>\n<meta property=\"og:type\" content=\"article\" \/>\n<meta property=\"og:title\" content=\"\u0627\u0634\u062a\u0631\u0627\u0643 \u0645\u0634\u0627\u0647\u062f\u0627\u062a \u0627\u0646\u0633\u062a\u0642\u0631\u0627\u0645\" \/>\n<meta property=\"og:description\" content=\"\u0627\u0634\u062a\u0631\u0627\u0643 \u0645\u0634\u0627\u0647\u062f\u0627\u062a \u0627\u0646\u0633\u062a\u0642\u0631\u0627\u0645 \u064a\u0636\u064a\u0641 Views \u062a\u0644\u0642\u0627\u0626\u064a\u0627\u064b \u0644\u0643\u0644 \u0641\u064a\u062f\u064a\u0648 \u062c\u062f\u064a\u062f \u062a\u0646\u0634\u0631\u0647. \u0631\u0627\u062d\u0629 \u062a\u0627\u0645\u0629\u060c \u0646\u0645\u0648 \u0645\u0633\u062a\u0645\u0631\u060c \u0644\u0627 \u062d\u0627\u062c\u0629 \u0644\u0637\u0644\u0628\u0627\u062a \u064a\u062f\u0648\u064a\u0629. \u0627\u0634\u062a\u0631\u0627\u0643 \u0634\u0647\u0631\u064a \u0645\u0631\u0646\u060c \u0625\u0644\u063a\u0627\u0621 \u0645\u062a\u0649 \u062a\u0634\u0627\u0621.\" \/>\n<meta property=\"og:url\" content=\"https:\/\/smm-follow.com\/de\/product\/automatische-instagram-aufrufe-kaufen\/\" \/>\n<meta property=\"og:site_name\" content=\"SMM Follow\" \/>\n<meta property=\"article:modified_time\" content=\"2026-01-16T07:17:44+00:00\" \/>\n<meta property=\"og:image\" content=\"https:\/\/smm-follow.com\/wp-content\/uploads\/2025\/12\/Views-16-scaled-1-1-1.jpg\" \/>\n\t<meta property=\"og:image:width\" content=\"2560\" \/>\n\t<meta property=\"og:image:height\" content=\"2560\" \/>\n\t<meta property=\"og:image:type\" content=\"image\/jpeg\" \/>\n<meta name=\"twitter:card\" content=\"summary_large_image\" \/>\n<meta name=\"twitter:label1\" content=\"Preis\" \/>\n\t<meta name=\"twitter:data1\" content=\"&#036;0.00\" \/>\n\t<meta name=\"twitter:label2\" content=\"Verf\u00fcgbarkeit\" \/>\n\t<meta name=\"twitter:data2\" content=\"Auf Lager\" \/>\n<script type=\"application\/ld+json\" class=\"yoast-schema-graph\">{\"@context\":\"https:\/\/schema.org\",\"@graph\":[{\"@type\":\"WebPage\",\"@id\":\"https:\/\/smm-follow.com\/product\/auto-instagram-views\/\",\"url\":\"https:\/\/smm-follow.com\/product\/auto-instagram-views\/\",\"name\":\"\u0627\u0634\u062a\u0631\u0627\u0643 \u0645\u0634\u0627\u0647\u062f\u0627\u062a \u0627\u0646\u0633\u062a\u0642\u0631\u0627\u0645 | \u0632\u064a\u0627\u062f\u0629 Views \u062a\u0644\u0642\u0627\u0626\u064a\u0629 \u0645\u0633\u062a\u0645\u0631\u0629\",\"isPartOf\":{\"@id\":\"https:\/\/smm-follow.com\/#website\"},\"primaryImageOfPage\":{\"@id\":\"https:\/\/smm-follow.com\/product\/auto-instagram-views\/#primaryimage\"},\"image\":{\"@id\":\"https:\/\/smm-follow.com\/product\/auto-instagram-views\/#primaryimage\"},\"thumbnailUrl\":\"https:\/\/smm-follow.com\/wp-content\/uploads\/2025\/12\/Views-16-scaled-1-1-1.jpg\",\"datePublished\":\"2025-12-23T11:40:27+00:00\",\"dateModified\":\"2026-01-16T07:17:44+00:00\",\"description\":\"\u0627\u0634\u062a\u0631\u0627\u0643 \u0645\u0634\u0627\u0647\u062f\u0627\u062a \u0627\u0646\u0633\u062a\u0642\u0631\u0627\u0645 \u064a\u0636\u064a\u0641 Views \u062a\u0644\u0642\u0627\u0626\u064a\u0627\u064b \u0644\u0643\u0644 \u0641\u064a\u062f\u064a\u0648 \u062c\u062f\u064a\u062f \u062a\u0646\u0634\u0631\u0647. \u0631\u0627\u062d\u0629 \u062a\u0627\u0645\u0629\u060c \u0646\u0645\u0648 \u0645\u0633\u062a\u0645\u0631\u060c \u0644\u0627 \u062d\u0627\u062c\u0629 \u0644\u0637\u0644\u0628\u0627\u062a \u064a\u062f\u0648\u064a\u0629. \u0627\u0634\u062a\u0631\u0627\u0643 \u0634\u0647\u0631\u064a \u0645\u0631\u0646\u060c \u0625\u0644\u063a\u0627\u0621 \u0645\u062a\u0649 \u062a\u0634\u0627\u0621.\",\"breadcrumb\":{\"@id\":\"https:\/\/smm-follow.com\/product\/auto-instagram-views\/#breadcrumb\"},\"inLanguage\":\"de\",\"potentialAction\":[{\"@type\":\"ReadAction\",\"target\":[\"https:\/\/smm-follow.com\/product\/auto-instagram-views\/\"]}]},{\"@type\":\"ImageObject\",\"inLanguage\":\"de\",\"@id\":\"https:\/\/smm-follow.com\/product\/auto-instagram-views\/#primaryimage\",\"url\":\"https:\/\/smm-follow.com\/wp-content\/uploads\/2025\/12\/Views-16-scaled-1-1-1.jpg\",\"contentUrl\":\"https:\/\/smm-follow.com\/wp-content\/uploads\/2025\/12\/Views-16-scaled-1-1-1.jpg\",\"width\":2560,\"height\":2560},{\"@type\":\"BreadcrumbList\",\"@id\":\"https:\/\/smm-follow.com\/product\/auto-instagram-views\/#breadcrumb\",\"itemListElement\":[{\"@type\":\"ListItem\",\"position\":1,\"name\":\"\u0627\u0644\u0631\u0626\u064a\u0633\u064a\u0629\",\"item\":\"https:\/\/smm-follow.com\/\"},{\"@type\":\"ListItem\",\"position\":2,\"name\":\"\u0627\u0644\u0645\u062a\u062c\u0631\",\"item\":\"https:\/\/smm-follow.com\/en\/shop\/\"},{\"@type\":\"ListItem\",\"position\":3,\"name\":\"\u0627\u0634\u062a\u0631\u0627\u0643 \u0645\u0634\u0627\u0647\u062f\u0627\u062a \u0627\u0646\u0633\u062a\u0642\u0631\u0627\u0645\"}]},{\"@type\":\"WebSite\",\"@id\":\"https:\/\/smm-follow.com\/#website\",\"url\":\"https:\/\/smm-follow.com\/\",\"name\":\"SMM FOLLOW\",\"description\":\"\u0645\u0646\u0635\u0629 \u0645\u062a\u062e\u0635\u0635\u0629 \u0641\u064a \u062e\u062f\u0645\u0627\u062a \u0645\u0648\u0627\u0642\u0639 \u0627\u0644\u062a\u0648\u0627\u0635\u0644 \u0627\u0644\u0627\u062c\u062a\u0645\u0627\u0639\u064a \u0644\u0632\u064a\u0627\u062f\u0629 \u0627\u0644\u0645\u062a\u0627\u0628\u0639\u064a\u0646\u060c \u0627\u0644\u0644\u0627\u064a\u0643\u0627\u062a\u060c \u0648\u0627\u0644\u0645\u0634\u0627\u0647\u062f\u0627\u062a \u0639\u0644\u0649 \u0625\u0646\u0633\u062a\u0642\u0631\u0627\u0645\u060c \u062a\u064a\u0643 \u062a\u0648\u0643\u060c \u064a\u0648\u062a\u064a\u0648\u0628 \u0648\u063a\u064a\u0631\u0647\u0627. \u062e\u062f\u0645\u0627\u062a \u0622\u0645\u0646\u0629 \u0644\u062c\u0645\u064a\u0639 \u0627\u0644\u062f\u0648\u0644\",\"publisher\":{\"@id\":\"https:\/\/smm-follow.com\/#organization\"},\"alternateName\":\"Follow 965 \u0641\u0648\u0644\u0648\",\"potentialAction\":[{\"@type\":\"SearchAction\",\"target\":{\"@type\":\"EntryPoint\",\"urlTemplate\":\"https:\/\/smm-follow.com\/?s={search_term_string}\"},\"query-input\":{\"@type\":\"PropertyValueSpecification\",\"valueRequired\":true,\"valueName\":\"search_term_string\"}}],\"inLanguage\":\"de\"},{\"@type\":\"Organization\",\"@id\":\"https:\/\/smm-follow.com\/#organization\",\"name\":\"SMM FOLLOW\",\"alternateName\":\"Follow 965\",\"url\":\"https:\/\/smm-follow.com\/\",\"logo\":{\"@type\":\"ImageObject\",\"inLanguage\":\"de\",\"@id\":\"https:\/\/smm-follow.com\/#\/schema\/logo\/image\/\",\"url\":\"https:\/\/smm-follow.com\/wp-content\/uploads\/2025\/12\/Logo-smm-follow.jpg\",\"contentUrl\":\"https:\/\/smm-follow.com\/wp-content\/uploads\/2025\/12\/Logo-smm-follow.jpg\",\"width\":1080,\"height\":1080,\"caption\":\"SMM FOLLOW\"},\"image\":{\"@id\":\"https:\/\/smm-follow.com\/#\/schema\/logo\/image\/\"},\"hasMerchantReturnPolicy\":{\"@type\":\"MerchantReturnPolicy\",\"merchantReturnLink\":\"https:\/\/smm-follow.com\/de\/ruckgaberecht\/\"}}]}<\/script>\n<meta property=\"product:brand\" content=\"\u0627\u0646\u0633\u062a\u0642\u0631\u0627\u0645\" \/>\n<meta property=\"product:price:amount\" content=\"0.00\" \/>\n<meta property=\"product:price:currency\" content=\"USD\" \/>\n<meta property=\"og:availability\" content=\"instock\" \/>\n<meta property=\"product:availability\" content=\"instock\" \/>\n<meta property=\"product:condition\" content=\"new\" \/>\n<!-- \/ Yoast SEO Premium plugin. -->","yoast_head_json":{"title":"Instagram-Abonnement f\u00fcr Aufrufe | Automatische und kontinuierliche Steigerung der Aufrufe","description":"Mit einem Instagram-Abonnement werden automatisch Aufrufe f\u00fcr jedes neue Video hinzugef\u00fcgt. Maximaler Komfort, kontinuierliches Wachstum, keine manuellen Anfragen n\u00f6tig. Flexibles Monatsabo, jederzeit k\u00fcndbar.","robots":{"index":"index","follow":"follow","max-snippet":"max-snippet:-1","max-image-preview":"max-image-preview:large","max-video-preview":"max-video-preview:-1"},"canonical":"https:\/\/smm-follow.com\/de\/product\/automatische-instagram-aufrufe-kaufen\/","og_locale":"de_DE","og_type":"article","og_title":"\u0627\u0634\u062a\u0631\u0627\u0643 \u0645\u0634\u0627\u0647\u062f\u0627\u062a \u0627\u0646\u0633\u062a\u0642\u0631\u0627\u0645","og_description":"\u0627\u0634\u062a\u0631\u0627\u0643 \u0645\u0634\u0627\u0647\u062f\u0627\u062a \u0627\u0646\u0633\u062a\u0642\u0631\u0627\u0645 \u064a\u0636\u064a\u0641 Views \u062a\u0644\u0642\u0627\u0626\u064a\u0627\u064b \u0644\u0643\u0644 \u0641\u064a\u062f\u064a\u0648 \u062c\u062f\u064a\u062f \u062a\u0646\u0634\u0631\u0647. \u0631\u0627\u062d\u0629 \u062a\u0627\u0645\u0629\u060c \u0646\u0645\u0648 \u0645\u0633\u062a\u0645\u0631\u060c \u0644\u0627 \u062d\u0627\u062c\u0629 \u0644\u0637\u0644\u0628\u0627\u062a \u064a\u062f\u0648\u064a\u0629. \u0627\u0634\u062a\u0631\u0627\u0643 \u0634\u0647\u0631\u064a \u0645\u0631\u0646\u060c \u0625\u0644\u063a\u0627\u0621 \u0645\u062a\u0649 \u062a\u0634\u0627\u0621.","og_url":"https:\/\/smm-follow.com\/de\/product\/automatische-instagram-aufrufe-kaufen\/","og_site_name":"SMM Follow","article_modified_time":"2026-01-16T07:17:44+00:00","og_image":[{"width":2560,"height":2560,"url":"https:\/\/smm-follow.com\/wp-content\/uploads\/2025\/12\/Views-16-scaled-1-1-1.jpg","type":"image\/jpeg"}],"twitter_card":"summary_large_image","twitter_misc":{"Preis":"&#36;0.00","Verf\u00fcgbarkeit":"Auf Lager"},"schema":{"@context":"https:\/\/schema.org","@graph":[{"@type":"WebPage","@id":"https:\/\/smm-follow.com\/product\/auto-instagram-views\/","url":"https:\/\/smm-follow.com\/product\/auto-instagram-views\/","name":"Instagram-Abonnement f\u00fcr Aufrufe | Automatische und kontinuierliche Steigerung der Aufrufe","isPartOf":{"@id":"https:\/\/smm-follow.com\/#website"},"primaryImageOfPage":{"@id":"https:\/\/smm-follow.com\/product\/auto-instagram-views\/#primaryimage"},"image":{"@id":"https:\/\/smm-follow.com\/product\/auto-instagram-views\/#primaryimage"},"thumbnailUrl":"https:\/\/smm-follow.com\/wp-content\/uploads\/2025\/12\/Views-16-scaled-1-1-1.jpg","datePublished":"2025-12-23T11:40:27+00:00","dateModified":"2026-01-16T07:17:44+00:00","description":"Mit einem Instagram-Abonnement werden automatisch Aufrufe f\u00fcr jedes neue Video hinzugef\u00fcgt. Maximaler Komfort, kontinuierliches Wachstum, keine manuellen Anfragen n\u00f6tig. Flexibles Monatsabo, jederzeit k\u00fcndbar.","breadcrumb":{"@id":"https:\/\/smm-follow.com\/product\/auto-instagram-views\/#breadcrumb"},"inLanguage":"de","potentialAction":[{"@type":"ReadAction","target":["https:\/\/smm-follow.com\/product\/auto-instagram-views\/"]}]},{"@type":"ImageObject","inLanguage":"de","@id":"https:\/\/smm-follow.com\/product\/auto-instagram-views\/#primaryimage","url":"https:\/\/smm-follow.com\/wp-content\/uploads\/2025\/12\/Views-16-scaled-1-1-1.jpg","contentUrl":"https:\/\/smm-follow.com\/wp-content\/uploads\/2025\/12\/Views-16-scaled-1-1-1.jpg","width":2560,"height":2560},{"@type":"BreadcrumbList","@id":"https:\/\/smm-follow.com\/product\/auto-instagram-views\/#breadcrumb","itemListElement":[{"@type":"ListItem","position":1,"name":"\u0627\u0644\u0631\u0626\u064a\u0633\u064a\u0629","item":"https:\/\/smm-follow.com\/"},{"@type":"ListItem","position":2,"name":"\u0627\u0644\u0645\u062a\u062c\u0631","item":"https:\/\/smm-follow.com\/en\/shop\/"},{"@type":"ListItem","position":3,"name":"\u0627\u0634\u062a\u0631\u0627\u0643 \u0645\u0634\u0627\u0647\u062f\u0627\u062a \u0627\u0646\u0633\u062a\u0642\u0631\u0627\u0645"}]},{"@type":"WebSite","@id":"https:\/\/smm-follow.com\/#website","url":"https:\/\/smm-follow.com\/","name":"SMM FOLGEN","description":"Eine Plattform, die sich auf Social-Media-Dienste spezialisiert hat, um Follower, Likes und Aufrufe auf Instagram, TikTok, YouTube und anderen Plattformen zu steigern. Sichere Dienste sind in allen L\u00e4ndern verf\u00fcgbar.","publisher":{"@id":"https:\/\/smm-follow.com\/#organization"},"alternateName":"Follow 965 \u0641\u0648\u0644\u0648","potentialAction":[{"@type":"SearchAction","target":{"@type":"EntryPoint","urlTemplate":"https:\/\/smm-follow.com\/?s={search_term_string}"},"query-input":{"@type":"PropertyValueSpecification","valueRequired":true,"valueName":"search_term_string"}}],"inLanguage":"de"},{"@type":"Organization","@id":"https:\/\/smm-follow.com\/#organization","name":"SMM FOLGEN","alternateName":"Follow 965","url":"https:\/\/smm-follow.com\/","logo":{"@type":"ImageObject","inLanguage":"de","@id":"https:\/\/smm-follow.com\/#\/schema\/logo\/image\/","url":"https:\/\/smm-follow.com\/wp-content\/uploads\/2025\/12\/Logo-smm-follow.jpg","contentUrl":"https:\/\/smm-follow.com\/wp-content\/uploads\/2025\/12\/Logo-smm-follow.jpg","width":1080,"height":1080,"caption":"SMM FOLLOW"},"image":{"@id":"https:\/\/smm-follow.com\/#\/schema\/logo\/image\/"},"hasMerchantReturnPolicy":{"@type":"MerchantReturnPolicy","merchantReturnLink":"https:\/\/smm-follow.com\/de\/ruckgaberecht\/"}}]},"product_brand":"\u0627\u0646\u0633\u062a\u0642\u0631\u0627\u0645","product_price_amount":"0.00","product_price_currency":"USD","og_availability":"instock","product_availability":"instock","product_condition":"new"},"_links":{"self":[{"href":"https:\/\/smm-follow.com\/de\/wp-json\/wp\/v2\/product\/86","targetHints":{"allow":["GET"]}}],"collection":[{"href":"https:\/\/smm-follow.com\/de\/wp-json\/wp\/v2\/product"}],"about":[{"href":"https:\/\/smm-follow.com\/de\/wp-json\/wp\/v2\/types\/product"}],"replies":[{"embeddable":true,"href":"https:\/\/smm-follow.com\/de\/wp-json\/wp\/v2\/comments?post=86"}],"wp:featuredmedia":[{"embeddable":true,"href":"https:\/\/smm-follow.com\/de\/wp-json\/wp\/v2\/media\/111"}],"wp:attachment":[{"href":"https:\/\/smm-follow.com\/de\/wp-json\/wp\/v2\/media?parent=86"}],"wp:term":[{"taxonomy":"product_brand","embeddable":true,"href":"https:\/\/smm-follow.com\/de\/wp-json\/wp\/v2\/product_brand?post=86"},{"taxonomy":"product_cat","embeddable":true,"href":"https:\/\/smm-follow.com\/de\/wp-json\/wp\/v2\/product_cat?post=86"},{"taxonomy":"product_tag","embeddable":true,"href":"https:\/\/smm-follow.com\/de\/wp-json\/wp\/v2\/product_tag?post=86"}],"curies":[{"name":"wp","href":"https:\/\/api.w.org\/{rel}","templated":true}]}}