{"id":87,"date":"2025-12-23T14:40:27","date_gmt":"2025-12-23T11:40:27","guid":{"rendered":"https:\/\/smm-follow.com\/?post_type=product&#038;p=87"},"modified":"2026-01-16T10:17:44","modified_gmt":"2026-01-16T07:17:44","slug":"auto-instagram-likes","status":"publish","type":"product","link":"https:\/\/smm-follow.com\/de\/product\/automatische-instagram-likes-kaufen\/","title":{"rendered":"Instagram-Likes abonnieren"},"content":{"rendered":"<h1>Automatischer Instagram-Likes-Service | Intelligentes automatisiertes Interaktionssystem<\/h1>\n<p><strong>Anfang<\/strong>Sind Sie es leid, st\u00e4ndig nach M\u00f6glichkeiten zu suchen, die Likes f\u00fcr Ihre neuen Beitr\u00e4ge zu erh\u00f6hen? <strong>In Wirklichkeit<\/strong>, Fortschritt <strong>Automatischer Instagram-Likes-Service<\/strong> Die perfekte L\u00f6sung f\u00fcr dieses Dilemma! <strong>Au\u00dferdem<\/strong>Mit unserem hochentwickelten automatisierten System wird es stoppen. <strong>Endlich<\/strong> Bez\u00fcglich der Bedenken hinsichtlich des Engagements bei Ihren Beitr\u00e4gen.<\/p>\n<p>Es ist die ideale Methode, um eine starke Basenreaktion zu gew\u00e4hrleisten. <strong>Zum Beispiel<\/strong>Genau wie es bereitstellt <a title=\"Instagram-Kommentare kaufen\" href=\"https:\/\/smm-follow.com\/de\/product\/instagram-kommentare-kaufen\/\">Kommentarfunktion<\/a> Im Hinblick auf die qualitative Interaktion bietet unser Service eine kontinuierliche automatische Interaktion.<\/p>\n<p><strong>im Allgemeinen<\/strong>Wenn Sie dies abonnieren <strong>Automatischer Like-Dienst<\/strong>Du bekommst <strong>sofort<\/strong> Bei einem Partner mit st\u00e4ndiger Interaktion, der automatisch funktioniert. <strong>Infolge<\/strong>Jeder neue Beitrag, den du ver\u00f6ffentlichst, erh\u00e4lt sofort und aufrichtige Likes. <strong>Ohne jegliche<\/strong> Manuelle Mitarbeit von Ihnen.<\/p>\n<p><strong>Zus\u00e4tzlich<\/strong>Diese Interaktion schafft eine solide Grundlage f\u00fcr Wachstum. <strong>Sp\u00e4ter<\/strong>Dieses Wachstum l\u00e4sst sich durch weitere Dienstleistungen wie beispielsweise folgende steigern: <a title=\"Instagram-Follower kaufen\" href=\"https:\/\/smm-follow.com\/de\/product\/instagram-follower-kaufen\/\">Anh\u00e4nger gewinnen<\/a>.<\/p>\n<h2>Was genau bedeutet der automatische Instagram-Likes-Service?<\/h2>\n<p><strong>kurz<\/strong>, repr\u00e4sentiert <strong>automatisiertes Like-System von Instagram<\/strong> Ein Programm, das sich ausschlie\u00dflich der Betreuung Ihres Kontos widmet. <strong>danach<\/strong>Sobald der Dienst aktiviert ist, startet das System. <strong>automatisch<\/strong> Bei der \u00dcberwachung Ihres Kontos und dem Hinzuf\u00fcgen von <strong>Automatische Likes<\/strong> F\u00fcr jeden neuen Beitrag.<\/p>\n<p><strong>Mit anderen Worten<\/strong>Es handelt sich um eine vollst\u00e4ndige Automatisierung des grundlegenden Interaktionsprozesses. <strong>Damit zusammenh\u00e4ngend<\/strong>Dieser Service erg\u00e4nzt fortgeschrittene Interaktionsstrategien. <strong>genau<\/strong>, wie <a title=\"Instagram-Beitr\u00e4ge kaufen und speichern\" href=\"https:\/\/smm-follow.com\/de\/product\/instagram-saves\/\">Beitr\u00e4ge speichern<\/a>.<\/p>\n<h3>Wie funktioniert dieses automatisierte System in der Praxis?<\/h3>\n<p><strong>Erstens<\/strong>Das h\u00e4ngt davon ab <strong>Automatisiertes Like-System<\/strong> Es nutzt intelligente Technologie, die eine sichere Verbindung zu Ihrem Konto herstellt. <strong>Zum Beispiel<\/strong>Sobald Sie neue Inhalte ver\u00f6ffentlichen, erkennt das System dies. <strong>sofort<\/strong> Und die Reaktion beginnt.<\/p>\n<p><strong>Zus\u00e4tzlich<\/strong>Das System arbeitet rund um die Uhr, um eine kontinuierliche Interaktion zu gew\u00e4hrleisten. <strong>\u00c4hnlich<\/strong>Unser Service f\u00fcr <a title=\"Automatische Instagram-Aufrufe kaufen\" href=\"https:\/\/smm-follow.com\/de\/product\/automatische-instagram-aufrufe-kaufen\/\">Automatische Ansichten<\/a> Videos funktionieren nach dem gleichen Prinzip.<\/p>\n<h2>Wozu braucht man eigentlich einen automatischen Like-Dienst?<\/h2>\n<p><strong>Um das Bild zu verdeutlichen<\/strong>Daf\u00fcr gibt es mehrere \u00fcberzeugende Gr\u00fcnde:<\/p>\n<h3>Erhebliche Zeit- und Arbeitsersparnis<\/h3>\n<p><strong>anstatt<\/strong> Stundenlang nach M\u00f6glichkeiten zu suchen, das Engagement zu steigern, gibt Ihnen <strong>Automatischer Like-Dienst<\/strong> V\u00f6llige Freiheit, sich ganz auf die Erstellung herausragender Inhalte zu konzentrieren. <strong>daher<\/strong>Das System arbeitet automatisch f\u00fcr Sie. <strong>Hohe Effizienz<\/strong>.<\/p>\n<h3>Sofortige Interaktion mit jedem Beitrag, den Sie ver\u00f6ffentlichen<\/h3>\n<p><strong>Auf der anderen Seite<\/strong>Der Instagram-Algorithmus bevorzugt besonders schnelle Interaktionen. <strong>daher<\/strong>, mit <strong>Automatisiertes Like-System<\/strong>Jeder Beitrag erh\u00e4lt innerhalb weniger Minuten Likes.<\/p>\n<p><strong>Entsprechend<\/strong>Dies ist ein positives Signal. <strong>Sehr stark<\/strong> F\u00fcr den Algorithmus. <strong>Es ist erw\u00e4hnenswert<\/strong> Dies ist f\u00fcr den Erfolg von entscheidender Bedeutung. <a title=\"Instagram-Story-Aufrufe kaufen\" href=\"https:\/\/smm-follow.com\/de\/product\/instagram-story-aufrufe-kaufen\/\">Geschichten<\/a> Auch.<\/p>\n<h3>Kontinuierliche Interaktion ohne Unterbrechung<\/h3>\n<p><strong>Im Gegenteil<\/strong> Herk\u00f6mmliche Dienstleistungen, die unterbrochen werden k\u00f6nnen, gew\u00e4hrleisten <strong>Automatischer Service<\/strong> Kontinuierlicher Austausch. <strong>kurz<\/strong>Es gew\u00e4hrleistet eine st\u00e4ndige \u00dcberwachung Ihrer Kontoaktivit\u00e4ten.<\/p>\n<h2>Was sind die Hauptmerkmale unseres automatischen Like-Dienstes?<\/h2>\n<h3>Ein vollautomatisches System ohne manuelle Eingriffe<\/h3>\n<p><strong>In diesem Fall<\/strong>Sie m\u00fcssen nicht f\u00fcr jede Stelle eine separate Bewerbung einreichen. <strong>Im Gegenteil<\/strong>erkennt <strong>Automatisches System<\/strong> Es f\u00fcgt Ihren neuen Beitr\u00e4gen automatisch Likes hinzu. <strong>Ohne jegliche<\/strong> Es ist deine Schuld.<\/p>\n<h3>Likes von echten und aktiven Accounts<\/h3>\n<p><strong>Es ist wichtig zu wissen<\/strong> Alle Interaktionen stammen von echten und aktiven Instagram-Konten. <strong>Dies wiederum<\/strong> Es gew\u00e4hrleistet eine nat\u00fcrliche und sichere Reaktion. <strong>Vollst\u00e4ndig<\/strong> F\u00fcr Ihr Konto.<\/p>\n<p><strong>Es sollte beachtet werden<\/strong> Bis wir das gleiche Ma\u00df an Glaubw\u00fcrdigkeit bieten in <a title=\"Steigere die Anzahl der Instagram-Direktnachrichten\" href=\"https:\/\/smm-follow.com\/de\/product\/instagram-direktnachricht-kaufen\/\">Direktnachrichtendienst<\/a>.<\/p>\n<h3>Extrem schnelle Reaktions- und Aktivierungszeit<\/h3>\n<p><strong>normalerweise<\/strong>Wir werden mit der Aktivierung des Dienstes innerhalb von <strong>24 Stunden<\/strong> Maximal. <strong>danach<\/strong>Das System funktioniert <strong>Sofort<\/strong> Mit jedem neuen Beitrag.<\/p>\n<h2>Wie kann man den Dienst Schritt f\u00fcr Schritt abonnieren?<\/h2>\n<ol>\n<li><strong>Erstens<\/strong>W\u00e4hlen Sie das passende Paket aus unseren verschiedenen Angeboten.<\/li>\n<li><strong>zweitens<\/strong>Schlie\u00dfen Sie den Zahlungsvorgang mit den verf\u00fcgbaren sicheren Zahlungsmethoden ab.<\/li>\n<li><strong>Dritte<\/strong>Geben Sie den Benutzernamen Ihres Instagram-Kontos an.<\/li>\n<li><strong>Endlich<\/strong>Legen Sie los und beobachten Sie, wie die automatische Interaktion vor Ihren Augen stattfindet.<\/li>\n<\/ol>\n<h2>Kurz gesagt: Warum ist dieser Service die richtige Wahl?<\/h2>\n<p><strong>abschlie\u00dfend<\/strong>Es wird betrachtet <strong>Automatischer Instagram-Likes-Service<\/strong> Mehr als nur ein Zahlenbooster. <strong>Vielmehr<\/strong> Eine intelligente Strategie f\u00fcr das Management digitaler Interaktion.<\/p>\n<p><strong>daher<\/strong>Z\u00f6gern Sie nicht, diesen hervorragenden Service auszuprobieren. <strong>Am Ende<\/strong>Es ist der Grundstein jedes Plans <a title=\"Instagram-Zugang und Reichweite kaufen\" href=\"https:\/\/smm-follow.com\/de\/product\/instagram-ankunfte-und-eindrucke\/\">Um Reichweite und Impressionen zu erh\u00f6hen<\/a>.<\/p>\n<p><strong>Nicht zuletzt<\/strong>Bedenken Sie, dass regelm\u00e4\u00dfige spontane Reaktionen oft zu schnellerem organischem Wachstum f\u00fchren. <strong>Darauf aufbauend<\/strong>Wir raten Ihnen, noch heute zu beginnen und sich selbst von den Ergebnissen zu \u00fcberzeugen.<\/p>\n<p><strong>Auf dieser Grundlage<\/strong>Erfahren Sie, wie dieser Service Teil von <a title=\"Alle Social-Media-Dienste\" href=\"https:\/\/smm-follow.com\/de\/product-category\/social-media\/\">Ihre gesamte Social-Media-Strategie<\/a>.<\/p>\n<p><!-- \u0625\u0636\u0627\u0641\u0629 \u0645\u062c\u0627\u0644\u0627\u062a \u062a\u0642\u0646\u064a\u0629 \u0645\u062e\u0641\u064a\u0629 --><\/p>\n<p style=\"display: none;\"><span class=\"product-id\">Produkt-ID: IG-AUTO-LIKE-2024<\/span><\/p>\n<p><span class=\"product-sku\">Artikelnummer: IGAUTOLIKE-001<\/span><\/p>","protected":false},"excerpt":{"rendered":"<p>Automatisches Engagement f\u00fcr jeden Beitrag! Abonniere unseren automatischen Instagram-Likes-Service und erhalte sofort Likes f\u00fcr jeden deiner Posts. Keine manuelle Anfrage n\u00f6tig; der Service funktioniert automatisch bei jedem neuen Beitrag. Flexible Monatsabos ab 10 $. Sofortige Likes innerhalb weniger Minuten, kontinuierliches und nat\u00fcrliches Engagement, jederzeit k\u00fcndbar, Support rund um die Uhr. Maximaler Komfort und stetiges Wachstum!<\/p>","protected":false},"featured_media":65494,"comment_status":"closed","ping_status":"closed","template":"","meta":[],"product_brand":[],"product_cat":[19,225],"product_tag":[],"class_list":{"0":"post-87","1":"product","2":"type-product","3":"status-publish","4":"has-post-thumbnail","6":"product_cat-instagram","7":"product_cat-social-media","8":"tm-has-options","10":"first","11":"instock","12":"virtual","13":"taxable","14":"purchasable","15":"product-type-simple"},"yoast_head":"<!-- This site is optimized with the Yoast SEO Premium plugin v21.7 (Yoast SEO v27.1.1) - https:\/\/yoast.com\/product\/yoast-seo-premium-wordpress\/ -->\n<title>\u0627\u0634\u062a\u0631\u0627\u0643 \u0644\u0627\u064a\u0643\u0627\u062a \u0627\u0646\u0633\u062a\u0642\u0631\u0627\u0645 | \u0632\u064a\u0627\u062f\u0629 Likes \u062a\u0644\u0642\u0627\u0626\u064a\u0629 \u0645\u0633\u062a\u0645\u0631\u0629<\/title>\n<meta name=\"description\" content=\"\u0627\u0634\u062a\u0631\u0627\u0643 \u0644\u0627\u064a\u0643\u0627\u062a \u0627\u0646\u0633\u062a\u0642\u0631\u0627\u0645 \u064a\u0636\u064a\u0641 Likes \u062a\u0644\u0642\u0627\u0626\u064a\u0627\u064b \u0644\u0643\u0644 \u0628\u0648\u0633\u062a \u062c\u062f\u064a\u062f. \u062a\u0641\u0627\u0639\u0644 \u0641\u0648\u0631\u064a \u0648\u0645\u0633\u062a\u0645\u0631 \u0628\u062f\u0648\u0646 \u062c\u0647\u062f \u0645\u0646\u0643. \u0627\u0634\u062a\u0631\u0627\u0643 \u0634\u0647\u0631\u064a \u0645\u0631\u0646 \u064a\u0628\u062f\u0623 \u0645\u0646 \u0623\u0648\u0644 \u0645\u0646\u0634\u0648\u0631\u060c \u0625\u0644\u063a\u0627\u0621 \u0641\u064a \u0623\u064a \u0648\u0642\u062a.\" \/>\n<meta name=\"robots\" content=\"index, follow, max-snippet:-1, max-image-preview:large, max-video-preview:-1\" \/>\n<link rel=\"canonical\" href=\"https:\/\/smm-follow.com\/de\/product\/automatische-instagram-likes-kaufen\/\" \/>\n<meta property=\"og:locale\" content=\"de_DE\" \/>\n<meta property=\"og:type\" content=\"article\" \/>\n<meta property=\"og:title\" content=\"\u0627\u0634\u062a\u0631\u0627\u0643 \u0644\u0627\u064a\u0643\u0627\u062a \u0627\u0646\u0633\u062a\u0642\u0631\u0627\u0645\" \/>\n<meta property=\"og:description\" content=\"\u0627\u0634\u062a\u0631\u0627\u0643 \u0644\u0627\u064a\u0643\u0627\u062a \u0627\u0646\u0633\u062a\u0642\u0631\u0627\u0645 \u064a\u0636\u064a\u0641 Likes \u062a\u0644\u0642\u0627\u0626\u064a\u0627\u064b \u0644\u0643\u0644 \u0628\u0648\u0633\u062a \u062c\u062f\u064a\u062f. \u062a\u0641\u0627\u0639\u0644 \u0641\u0648\u0631\u064a \u0648\u0645\u0633\u062a\u0645\u0631 \u0628\u062f\u0648\u0646 \u062c\u0647\u062f \u0645\u0646\u0643. \u0627\u0634\u062a\u0631\u0627\u0643 \u0634\u0647\u0631\u064a \u0645\u0631\u0646 \u064a\u0628\u062f\u0623 \u0645\u0646 \u0623\u0648\u0644 \u0645\u0646\u0634\u0648\u0631\u060c \u0625\u0644\u063a\u0627\u0621 \u0641\u064a \u0623\u064a \u0648\u0642\u062a.\" \/>\n<meta property=\"og:url\" content=\"https:\/\/smm-follow.com\/de\/product\/automatische-instagram-likes-kaufen\/\" \/>\n<meta property=\"og:site_name\" content=\"SMM Follow\" \/>\n<meta property=\"article:modified_time\" content=\"2026-01-16T07:17:44+00:00\" \/>\n<meta property=\"og:image\" content=\"https:\/\/smm-follow.com\/wp-content\/uploads\/2025\/12\/Picsart_25-12-27_05-21-56-780-scaled.jpg\" \/>\n\t<meta property=\"og:image:width\" content=\"2560\" \/>\n\t<meta property=\"og:image:height\" content=\"2560\" \/>\n\t<meta property=\"og:image:type\" content=\"image\/jpeg\" \/>\n<meta name=\"twitter:card\" content=\"summary_large_image\" \/>\n<meta name=\"twitter:label1\" content=\"Preis\" \/>\n\t<meta name=\"twitter:data1\" content=\"&#036;0.00\" \/>\n\t<meta name=\"twitter:label2\" content=\"Verf\u00fcgbarkeit\" \/>\n\t<meta name=\"twitter:data2\" content=\"Auf Lager\" \/>\n<script type=\"application\/ld+json\" class=\"yoast-schema-graph\">{\"@context\":\"https:\/\/schema.org\",\"@graph\":[{\"@type\":\"WebPage\",\"@id\":\"https:\/\/smm-follow.com\/product\/auto-instagram-likes\/\",\"url\":\"https:\/\/smm-follow.com\/product\/auto-instagram-likes\/\",\"name\":\"\u0627\u0634\u062a\u0631\u0627\u0643 \u0644\u0627\u064a\u0643\u0627\u062a \u0627\u0646\u0633\u062a\u0642\u0631\u0627\u0645 | \u0632\u064a\u0627\u062f\u0629 Likes \u062a\u0644\u0642\u0627\u0626\u064a\u0629 \u0645\u0633\u062a\u0645\u0631\u0629\",\"isPartOf\":{\"@id\":\"https:\/\/smm-follow.com\/#website\"},\"primaryImageOfPage\":{\"@id\":\"https:\/\/smm-follow.com\/product\/auto-instagram-likes\/#primaryimage\"},\"image\":{\"@id\":\"https:\/\/smm-follow.com\/product\/auto-instagram-likes\/#primaryimage\"},\"thumbnailUrl\":\"https:\/\/smm-follow.com\/wp-content\/uploads\/2025\/12\/Picsart_25-12-27_05-21-56-780-scaled.jpg\",\"datePublished\":\"2025-12-23T11:40:27+00:00\",\"dateModified\":\"2026-01-16T07:17:44+00:00\",\"description\":\"\u0627\u0634\u062a\u0631\u0627\u0643 \u0644\u0627\u064a\u0643\u0627\u062a \u0627\u0646\u0633\u062a\u0642\u0631\u0627\u0645 \u064a\u0636\u064a\u0641 Likes \u062a\u0644\u0642\u0627\u0626\u064a\u0627\u064b \u0644\u0643\u0644 \u0628\u0648\u0633\u062a \u062c\u062f\u064a\u062f. \u062a\u0641\u0627\u0639\u0644 \u0641\u0648\u0631\u064a \u0648\u0645\u0633\u062a\u0645\u0631 \u0628\u062f\u0648\u0646 \u062c\u0647\u062f \u0645\u0646\u0643. \u0627\u0634\u062a\u0631\u0627\u0643 \u0634\u0647\u0631\u064a \u0645\u0631\u0646 \u064a\u0628\u062f\u0623 \u0645\u0646 \u0623\u0648\u0644 \u0645\u0646\u0634\u0648\u0631\u060c \u0625\u0644\u063a\u0627\u0621 \u0641\u064a \u0623\u064a \u0648\u0642\u062a.\",\"breadcrumb\":{\"@id\":\"https:\/\/smm-follow.com\/product\/auto-instagram-likes\/#breadcrumb\"},\"inLanguage\":\"de\",\"potentialAction\":[{\"@type\":\"ReadAction\",\"target\":[\"https:\/\/smm-follow.com\/product\/auto-instagram-likes\/\"]}]},{\"@type\":\"ImageObject\",\"inLanguage\":\"de\",\"@id\":\"https:\/\/smm-follow.com\/product\/auto-instagram-likes\/#primaryimage\",\"url\":\"https:\/\/smm-follow.com\/wp-content\/uploads\/2025\/12\/Picsart_25-12-27_05-21-56-780-scaled.jpg\",\"contentUrl\":\"https:\/\/smm-follow.com\/wp-content\/uploads\/2025\/12\/Picsart_25-12-27_05-21-56-780-scaled.jpg\",\"width\":2560,\"height\":2560,\"caption\":\"{\\\"remix_data\\\":[],\\\"remix_entry_point\\\":\\\"challenges\\\",\\\"source_tags\\\":[\\\"local\\\"],\\\"origin\\\":\\\"unknown\\\",\\\"total_draw_time\\\":0,\\\"total_draw_actions\\\":0,\\\"layers_used\\\":0,\\\"brushes_used\\\":0,\\\"photos_added\\\":0,\\\"total_editor_actions\\\":{},\\\"tools_used\\\":{},\\\"is_sticker\\\":false,\\\"edited_since_last_sticker_save\\\":false,\\\"containsFTESticker\\\":false}\"},{\"@type\":\"BreadcrumbList\",\"@id\":\"https:\/\/smm-follow.com\/product\/auto-instagram-likes\/#breadcrumb\",\"itemListElement\":[{\"@type\":\"ListItem\",\"position\":1,\"name\":\"\u0627\u0644\u0631\u0626\u064a\u0633\u064a\u0629\",\"item\":\"https:\/\/smm-follow.com\/\"},{\"@type\":\"ListItem\",\"position\":2,\"name\":\"\u0627\u0644\u0645\u062a\u062c\u0631\",\"item\":\"https:\/\/smm-follow.com\/en\/shop\/\"},{\"@type\":\"ListItem\",\"position\":3,\"name\":\"\u0627\u0634\u062a\u0631\u0627\u0643 \u0644\u0627\u064a\u0643\u0627\u062a \u0627\u0646\u0633\u062a\u0642\u0631\u0627\u0645\"}]},{\"@type\":\"WebSite\",\"@id\":\"https:\/\/smm-follow.com\/#website\",\"url\":\"https:\/\/smm-follow.com\/\",\"name\":\"SMM FOLLOW\",\"description\":\"\u0645\u0646\u0635\u0629 \u0645\u062a\u062e\u0635\u0635\u0629 \u0641\u064a \u062e\u062f\u0645\u0627\u062a \u0645\u0648\u0627\u0642\u0639 \u0627\u0644\u062a\u0648\u0627\u0635\u0644 \u0627\u0644\u0627\u062c\u062a\u0645\u0627\u0639\u064a \u0644\u0632\u064a\u0627\u062f\u0629 \u0627\u0644\u0645\u062a\u0627\u0628\u0639\u064a\u0646\u060c \u0627\u0644\u0644\u0627\u064a\u0643\u0627\u062a\u060c \u0648\u0627\u0644\u0645\u0634\u0627\u0647\u062f\u0627\u062a \u0639\u0644\u0649 \u0625\u0646\u0633\u062a\u0642\u0631\u0627\u0645\u060c \u062a\u064a\u0643 \u062a\u0648\u0643\u060c \u064a\u0648\u062a\u064a\u0648\u0628 \u0648\u063a\u064a\u0631\u0647\u0627. \u062e\u062f\u0645\u0627\u062a \u0622\u0645\u0646\u0629 \u0644\u062c\u0645\u064a\u0639 \u0627\u0644\u062f\u0648\u0644\",\"publisher\":{\"@id\":\"https:\/\/smm-follow.com\/#organization\"},\"alternateName\":\"Follow 965 \u0641\u0648\u0644\u0648\",\"potentialAction\":[{\"@type\":\"SearchAction\",\"target\":{\"@type\":\"EntryPoint\",\"urlTemplate\":\"https:\/\/smm-follow.com\/?s={search_term_string}\"},\"query-input\":{\"@type\":\"PropertyValueSpecification\",\"valueRequired\":true,\"valueName\":\"search_term_string\"}}],\"inLanguage\":\"de\"},{\"@type\":\"Organization\",\"@id\":\"https:\/\/smm-follow.com\/#organization\",\"name\":\"SMM FOLLOW\",\"alternateName\":\"Follow 965\",\"url\":\"https:\/\/smm-follow.com\/\",\"logo\":{\"@type\":\"ImageObject\",\"inLanguage\":\"de\",\"@id\":\"https:\/\/smm-follow.com\/#\/schema\/logo\/image\/\",\"url\":\"https:\/\/smm-follow.com\/wp-content\/uploads\/2025\/12\/Logo-smm-follow.jpg\",\"contentUrl\":\"https:\/\/smm-follow.com\/wp-content\/uploads\/2025\/12\/Logo-smm-follow.jpg\",\"width\":1080,\"height\":1080,\"caption\":\"SMM FOLLOW\"},\"image\":{\"@id\":\"https:\/\/smm-follow.com\/#\/schema\/logo\/image\/\"},\"hasMerchantReturnPolicy\":{\"@type\":\"MerchantReturnPolicy\",\"merchantReturnLink\":\"https:\/\/smm-follow.com\/de\/ruckgaberecht\/\"}}]}<\/script>\n<meta property=\"product:brand\" content=\"\u0627\u0646\u0633\u062a\u0642\u0631\u0627\u0645\" \/>\n<meta property=\"product:price:amount\" content=\"0.00\" \/>\n<meta property=\"product:price:currency\" content=\"USD\" \/>\n<meta property=\"og:availability\" content=\"instock\" \/>\n<meta property=\"product:availability\" content=\"instock\" \/>\n<meta property=\"product:condition\" content=\"new\" \/>\n<!-- \/ Yoast SEO Premium plugin. -->","yoast_head_json":{"title":"Instagram-Likes-Abo | Kontinuierliche automatische Like-Steigerung","description":"Mit einem Instagram-Likes-Abo erh\u00e4lt jeder neue Beitrag automatisch Likes. So interagieren Sie sofort und kontinuierlich \u2013 ganz ohne Aufwand. Das flexible Monatsabo startet mit Ihrem ersten Beitrag und ist jederzeit k\u00fcndbar.","robots":{"index":"index","follow":"follow","max-snippet":"max-snippet:-1","max-image-preview":"max-image-preview:large","max-video-preview":"max-video-preview:-1"},"canonical":"https:\/\/smm-follow.com\/de\/product\/automatische-instagram-likes-kaufen\/","og_locale":"de_DE","og_type":"article","og_title":"\u0627\u0634\u062a\u0631\u0627\u0643 \u0644\u0627\u064a\u0643\u0627\u062a \u0627\u0646\u0633\u062a\u0642\u0631\u0627\u0645","og_description":"\u0627\u0634\u062a\u0631\u0627\u0643 \u0644\u0627\u064a\u0643\u0627\u062a \u0627\u0646\u0633\u062a\u0642\u0631\u0627\u0645 \u064a\u0636\u064a\u0641 Likes \u062a\u0644\u0642\u0627\u0626\u064a\u0627\u064b \u0644\u0643\u0644 \u0628\u0648\u0633\u062a \u062c\u062f\u064a\u062f. \u062a\u0641\u0627\u0639\u0644 \u0641\u0648\u0631\u064a \u0648\u0645\u0633\u062a\u0645\u0631 \u0628\u062f\u0648\u0646 \u062c\u0647\u062f \u0645\u0646\u0643. \u0627\u0634\u062a\u0631\u0627\u0643 \u0634\u0647\u0631\u064a \u0645\u0631\u0646 \u064a\u0628\u062f\u0623 \u0645\u0646 \u0623\u0648\u0644 \u0645\u0646\u0634\u0648\u0631\u060c \u0625\u0644\u063a\u0627\u0621 \u0641\u064a \u0623\u064a \u0648\u0642\u062a.","og_url":"https:\/\/smm-follow.com\/de\/product\/automatische-instagram-likes-kaufen\/","og_site_name":"SMM Follow","article_modified_time":"2026-01-16T07:17:44+00:00","og_image":[{"width":2560,"height":2560,"url":"https:\/\/smm-follow.com\/wp-content\/uploads\/2025\/12\/Picsart_25-12-27_05-21-56-780-scaled.jpg","type":"image\/jpeg"}],"twitter_card":"summary_large_image","twitter_misc":{"Preis":"&#36;0.00","Verf\u00fcgbarkeit":"Auf Lager"},"schema":{"@context":"https:\/\/schema.org","@graph":[{"@type":"WebPage","@id":"https:\/\/smm-follow.com\/product\/auto-instagram-likes\/","url":"https:\/\/smm-follow.com\/product\/auto-instagram-likes\/","name":"Instagram-Likes-Abo | Kontinuierliche automatische Like-Steigerung","isPartOf":{"@id":"https:\/\/smm-follow.com\/#website"},"primaryImageOfPage":{"@id":"https:\/\/smm-follow.com\/product\/auto-instagram-likes\/#primaryimage"},"image":{"@id":"https:\/\/smm-follow.com\/product\/auto-instagram-likes\/#primaryimage"},"thumbnailUrl":"https:\/\/smm-follow.com\/wp-content\/uploads\/2025\/12\/Picsart_25-12-27_05-21-56-780-scaled.jpg","datePublished":"2025-12-23T11:40:27+00:00","dateModified":"2026-01-16T07:17:44+00:00","description":"Mit einem Instagram-Likes-Abo erh\u00e4lt jeder neue Beitrag automatisch Likes. So interagieren Sie sofort und kontinuierlich \u2013 ganz ohne Aufwand. Das flexible Monatsabo startet mit Ihrem ersten Beitrag und ist jederzeit k\u00fcndbar.","breadcrumb":{"@id":"https:\/\/smm-follow.com\/product\/auto-instagram-likes\/#breadcrumb"},"inLanguage":"de","potentialAction":[{"@type":"ReadAction","target":["https:\/\/smm-follow.com\/product\/auto-instagram-likes\/"]}]},{"@type":"ImageObject","inLanguage":"de","@id":"https:\/\/smm-follow.com\/product\/auto-instagram-likes\/#primaryimage","url":"https:\/\/smm-follow.com\/wp-content\/uploads\/2025\/12\/Picsart_25-12-27_05-21-56-780-scaled.jpg","contentUrl":"https:\/\/smm-follow.com\/wp-content\/uploads\/2025\/12\/Picsart_25-12-27_05-21-56-780-scaled.jpg","width":2560,"height":2560,"caption":"{\"remix_data\":[],\"remix_entry_point\":\"challenges\",\"source_tags\":[\"local\"],\"origin\":\"unknown\",\"total_draw_time\":0,\"total_draw_actions\":0,\"layers_used\":0,\"brushes_used\":0,\"photos_added\":0,\"total_editor_actions\":{},\"tools_used\":{},\"is_sticker\":false,\"edited_since_last_sticker_save\":false,\"containsFTESticker\":false}"},{"@type":"BreadcrumbList","@id":"https:\/\/smm-follow.com\/product\/auto-instagram-likes\/#breadcrumb","itemListElement":[{"@type":"ListItem","position":1,"name":"\u0627\u0644\u0631\u0626\u064a\u0633\u064a\u0629","item":"https:\/\/smm-follow.com\/"},{"@type":"ListItem","position":2,"name":"\u0627\u0644\u0645\u062a\u062c\u0631","item":"https:\/\/smm-follow.com\/en\/shop\/"},{"@type":"ListItem","position":3,"name":"\u0627\u0634\u062a\u0631\u0627\u0643 \u0644\u0627\u064a\u0643\u0627\u062a \u0627\u0646\u0633\u062a\u0642\u0631\u0627\u0645"}]},{"@type":"WebSite","@id":"https:\/\/smm-follow.com\/#website","url":"https:\/\/smm-follow.com\/","name":"SMM FOLGEN","description":"Eine Plattform, die sich auf Social-Media-Dienste spezialisiert hat, um Follower, Likes und Aufrufe auf Instagram, TikTok, YouTube und anderen Plattformen zu steigern. Sichere Dienste sind in allen L\u00e4ndern verf\u00fcgbar.","publisher":{"@id":"https:\/\/smm-follow.com\/#organization"},"alternateName":"Follow 965 \u0641\u0648\u0644\u0648","potentialAction":[{"@type":"SearchAction","target":{"@type":"EntryPoint","urlTemplate":"https:\/\/smm-follow.com\/?s={search_term_string}"},"query-input":{"@type":"PropertyValueSpecification","valueRequired":true,"valueName":"search_term_string"}}],"inLanguage":"de"},{"@type":"Organization","@id":"https:\/\/smm-follow.com\/#organization","name":"SMM FOLGEN","alternateName":"Follow 965","url":"https:\/\/smm-follow.com\/","logo":{"@type":"ImageObject","inLanguage":"de","@id":"https:\/\/smm-follow.com\/#\/schema\/logo\/image\/","url":"https:\/\/smm-follow.com\/wp-content\/uploads\/2025\/12\/Logo-smm-follow.jpg","contentUrl":"https:\/\/smm-follow.com\/wp-content\/uploads\/2025\/12\/Logo-smm-follow.jpg","width":1080,"height":1080,"caption":"SMM FOLLOW"},"image":{"@id":"https:\/\/smm-follow.com\/#\/schema\/logo\/image\/"},"hasMerchantReturnPolicy":{"@type":"MerchantReturnPolicy","merchantReturnLink":"https:\/\/smm-follow.com\/de\/ruckgaberecht\/"}}]},"product_brand":"\u0627\u0646\u0633\u062a\u0642\u0631\u0627\u0645","product_price_amount":"0.00","product_price_currency":"USD","og_availability":"instock","product_availability":"instock","product_condition":"new"},"_links":{"self":[{"href":"https:\/\/smm-follow.com\/de\/wp-json\/wp\/v2\/product\/87","targetHints":{"allow":["GET"]}}],"collection":[{"href":"https:\/\/smm-follow.com\/de\/wp-json\/wp\/v2\/product"}],"about":[{"href":"https:\/\/smm-follow.com\/de\/wp-json\/wp\/v2\/types\/product"}],"replies":[{"embeddable":true,"href":"https:\/\/smm-follow.com\/de\/wp-json\/wp\/v2\/comments?post=87"}],"wp:featuredmedia":[{"embeddable":true,"href":"https:\/\/smm-follow.com\/de\/wp-json\/wp\/v2\/media\/65494"}],"wp:attachment":[{"href":"https:\/\/smm-follow.com\/de\/wp-json\/wp\/v2\/media?parent=87"}],"wp:term":[{"taxonomy":"product_brand","embeddable":true,"href":"https:\/\/smm-follow.com\/de\/wp-json\/wp\/v2\/product_brand?post=87"},{"taxonomy":"product_cat","embeddable":true,"href":"https:\/\/smm-follow.com\/de\/wp-json\/wp\/v2\/product_cat?post=87"},{"taxonomy":"product_tag","embeddable":true,"href":"https:\/\/smm-follow.com\/de\/wp-json\/wp\/v2\/product_tag?post=87"}],"curies":[{"name":"wp","href":"https:\/\/api.w.org\/{rel}","templated":true}]}}