{"id":89,"date":"2025-12-23T14:40:27","date_gmt":"2025-12-23T11:40:27","guid":{"rendered":"https:\/\/smm-follow.com\/?post_type=product&#038;p=89"},"modified":"2026-01-16T10:17:44","modified_gmt":"2026-01-16T07:17:44","slug":"instagram-mention","status":"publish","type":"product","link":"https:\/\/smm-follow.com\/de\/product\/instagram-erwahnung-kaufen\/","title":{"rendered":"Instagram-Erw\u00e4hnungen"},"content":{"rendered":"<h1>Instagram-Erw\u00e4hnungen von echten Accounts kaufen: Die Erw\u00e4hnungs- und Empfehlungsstrategie<\/h1>\n<p>Sind Sie auf der Suche nach einer effektiven Methode, Ihre Glaubw\u00fcrdigkeit und Reichweite auf Instagram zu steigern? <strong>Kaufe Instagram-Erw\u00e4hnungen von echten Accounts<\/strong> Es ist die ideale L\u00f6sung. Tats\u00e4chlich gilt sie als <strong>Erw\u00e4hnen oder markieren<\/strong> Instagram ist eine der wirkungsvollsten Formen der sozialen Empfehlung. Wenn man in den Beitr\u00e4gen anderer Accounts erw\u00e4hnt wird, verleiht einem das zudem sofort Glaubw\u00fcrdigkeit.<\/p>\n<p>Kurz gesagt, wenn Sie investieren in <strong>Instagram-Erw\u00e4hnungen kaufen<\/strong>Sie erhalten nicht nur Nennungen Ihres Namens, sondern auch \u00f6ffentliche Empfehlungen von anderen Accounts. Dadurch wird Ihre Marke bekannter und genie\u00dft in der \u00d6ffentlichkeit gr\u00f6\u00dferes Vertrauen.<\/p>\n<h2>Warum ist es wichtig f\u00fcr das Wachstum deines Instagram-Accounts, jemanden auf Instagram zu erw\u00e4hnen?<\/h2>\n<p>Um es noch deutlicher zu machen: <strong>Instagram-Erw\u00e4hnungen<\/strong> Es ist mehr als nur ein einfaches Signal. Es ist eine Form der Empfehlung und Anerkennung von Qualit\u00e4t.<\/p>\n<h3>Schnell Glaubw\u00fcrdigkeit durch \u00f6ffentliche Empfehlungen aufbauen<\/h3>\n<p>Zuallererst, wenn Sie kaufen <strong>Instagram-Erw\u00e4hnungen von echten Accounts<\/strong>Das bedeutet, dass Sie Empfehlungen erhalten, die v\u00f6llig nat\u00fcrlich wirken. Folglich vertrauen neue Nutzer Ihrem Konto schneller, wenn sie sehen, dass andere Konten es erw\u00e4hnen und empfehlen.<\/p>\n<h3>Verbesserter Zugang zu neuen und vielf\u00e4ltigen Zielgruppen<\/h3>\n<p>Ebenso verh\u00e4lt es sich mit jedem <strong>Instagram-Erw\u00e4hnungen<\/strong> Dein Profil wird den Followern des Profils angezeigt, das dich markiert hat. Dadurch erreichst du mit diesem Dienst neue Zielgruppen, die du sonst m\u00f6glicherweise nicht erreichen w\u00fcrdest.<\/p>\n<h3>Verbesserte Algorithmus-Rangfolge und erh\u00f6hte Sichtbarkeit<\/h3>\n<p>Andererseits versteht der Algorithmus von Instagram, dass <strong>Erw\u00e4hnen<\/strong> Dies stellt eine echte Interaktion zwischen Accounts dar. Folglich k\u00f6nnen Ihre Beitr\u00e4ge und Ihr Account im Allgemeinen aufgrund dieser positiven Signale an Sichtbarkeit gewinnen.<\/p>\n<h2>Funktionen unseres Service zum Kauf von Instagram-Erw\u00e4hnungen<\/h2>\n<h3>Hohe Qualit\u00e4t: Nur Erw\u00e4hnungen von echten Accounts<\/h3>\n<p>Zur Best\u00e4tigung garantieren wir, dass alle Dienstleistungen <strong>Instagram-Erw\u00e4hnungen kaufen<\/strong> Diese Konten stammen ausschlie\u00dflich von echten und aktiven Nutzern. Dadurch wird eine nat\u00fcrliche Interaktion und die vollst\u00e4ndige Sicherheit Ihres Kontos gew\u00e4hrleistet.<\/p>\n<h3>Extrem schnelle Umsetzung zur Erlangung von Erw\u00e4hnungen<\/h3>\n<p>Im Vergleich zu anderen Dienstleistungen beginnen wir den Prozess <strong>Erhalte Instagram-Erw\u00e4hnungen<\/strong> w\u00e4hrend <strong>5-15 Minuten<\/strong> Erst nachdem Sie Ihre Bestellung best\u00e4tigt haben. Daher organisieren wir den Versandprozess schrittweise und intelligent.<\/p>\n<h3>Vollst\u00e4ndige Privatsph\u00e4re und Sicherheit ohne komplizierte Anforderungen<\/h3>\n<p>Insbesondere die Sicherheit Ihres Kontos hat f\u00fcr uns h\u00f6chste Priorit\u00e4t. <strong>Wir fragen nie<\/strong> Ihr Kontopasswort. Im Gegenteil, der gesamte Vorgang erfolgt einfach \u00fcber Ihren Benutzernamen.<\/p>\n<h3>Langfristige Garantie stabiler Erw\u00e4hnungsergebnisse<\/h3>\n<p>Um Ihren Komfort zu gew\u00e4hrleisten, bieten wir Folgendes an: <strong>6 Monate Garantie<\/strong>. Aufgrund unseres Vertrauens in die Qualit\u00e4t <strong>Kaufe Instagram-Erw\u00e4hnungen von echten Accounts<\/strong>Wir sch\u00fctzen Ihre Investition umfassend.<\/p>\n<h2>Welchen Nutzen kann der Erw\u00e4hnungsdienst f\u00fcr verschiedene Kontotypen haben?<\/h2>\n<p>Zur Veranschaulichung hier einige Beispiele:<\/p>\n<ul>\n<li><strong>F\u00fcr Marken:<\/strong> Grunds\u00e4tzlich kann es verwendet werden <strong>Instagram-Erw\u00e4hnungen<\/strong> Um die Markenbekanntheit zu steigern und neue Kunden zu gewinnen.<\/li>\n<li><strong>F\u00fcr Content-Ersteller und Influencer:<\/strong> Konkret hilft es. <strong>Erw\u00e4hnen<\/strong> Beim Aufbau beruflicher Netzwerke und der Gewinnung von Kooperationsm\u00f6glichkeiten.<\/li>\n<li><strong>F\u00fcr Online-Shops:<\/strong> Dadurch kann es genutzt werden, um Produkte durch Empfehlungen anzuzeigen, die organisch wirken.<\/li>\n<li><strong>F\u00fcr professionelle Dienstleistungen:<\/strong> Letztendlich steigert es die Glaubw\u00fcrdigkeit und zieht potenzielle Kunden an.<\/li>\n<\/ul>\n<h2>Einfache Schritte, um Instagram-Erw\u00e4hnungen zu erhalten<\/h2>\n<ol>\n<li><strong>Setzen Sie sich Ziele:<\/strong> Entscheiden Sie zun\u00e4chst, was Sie erreichen m\u00f6chten durch <strong>Instagram-Erw\u00e4hnungen kaufen<\/strong>.<\/li>\n<li><strong>Teilen Sie Ihre Daten:<\/strong> Senden Sie uns als N\u00e4chstes Ihren Benutzernamen.<\/li>\n<li><strong>Schlie\u00dfen Sie die Zahlung ab:<\/strong> W\u00e4hlen Sie anschlie\u00dfend die passende Zahlungsmethode aus den sicheren Optionen.<\/li>\n<li><strong>Erw\u00e4hnung erhalten:<\/strong> Achten Sie schlie\u00dflich darauf, ob Ihr Konto in anderen Beitr\u00e4gen erw\u00e4hnt wird.<\/li>\n<\/ol>\n<h2>Servicepakete und Preise angeben<\/h2>\n<table>\n<thead>\n<tr>\n<th>Das Paket<\/th>\n<th>Leistungsumfang<\/th>\n<th>Zielgruppe<\/th>\n<th>Hauptziel<\/th>\n<\/tr>\n<\/thead>\n<tbody>\n<tr>\n<td><strong>Basispaket<\/strong><\/td>\n<td>10-25 Erw\u00e4hnungen<\/td>\n<td>Neue Konten<\/td>\n<td>Im Wesentlichen geht es darum, anf\u00e4ngliche Glaubw\u00fcrdigkeit durch Erw\u00e4hnungen aufzubauen.<\/td>\n<\/tr>\n<tr>\n<td><strong>Wachstumspaket<\/strong><\/td>\n<td>50-100 Erw\u00e4hnungen<\/td>\n<td>kleine Schilder<\/td>\n<td>Typischerweise werden Tags verwendet, um die Markenbekanntheit zu steigern.<\/td>\n<\/tr>\n<tr>\n<td><strong>Professionelles Paket<\/strong><\/td>\n<td>Mehr als 200 Erw\u00e4hnungen<\/td>\n<td>gro\u00dfe Marken<\/td>\n<td>Haupts\u00e4chlich, um \u00fcber Instagram eine wirkungsvolle Erinnerungskampagne zu erstellen.<\/td>\n<\/tr>\n<\/tbody>\n<\/table>\n<h2>H\u00e4ufig gestellte Fragen zum Kauf von Instagram-Erw\u00e4hnungen<\/h2>\n<h3>Kann ich die Art des Inhalts ausw\u00e4hlen, in dem die Erw\u00e4hnung erscheint?<\/h3>\n<p>Tats\u00e4chlich ja. Wir k\u00f6nnen das koordinieren. <strong>Erw\u00e4hnen<\/strong> Um unterschiedlichen Inhaltsarten gerecht zu werden. Mit anderen Worten: Wir gehen auf Ihre verschiedenen Bed\u00fcrfnisse ein.<\/p>\n<h3>Worin besteht der Unterschied zwischen dem Erw\u00e4hnungsdienst und dem Kommentardienst?<\/h3>\n<p>Zur Verdeutlichung: Im Kommentarbereich geht es um die Interaktion unter Ihren Beitr\u00e4gen. <strong>Kauf von Instagram-Erw\u00e4hnungen<\/strong> Konzentriere dich also auf dein Erscheinungsbild in Beitr\u00e4gen anderer Accounts.<\/p>\n<h3>Kann ich Erw\u00e4hnungen von Accounts in bestimmten Bereichen anfordern?<\/h3>\n<p>Absolut. Genauer gesagt k\u00f6nnen wir anweisen <strong>Erw\u00e4hnen<\/strong> Von Accounts, die sich auf bestimmte Bereiche konzentrieren.<\/p>\n<h3>Wie kann ich die Wirkung des Erw\u00e4hnungsdienstes messen?<\/h3>\n<p>Durch die \u00dcberwachung der Instagram-Benachrichtigungen und -Statistiken werden Sie einen Anstieg der Follower und des Engagements feststellen. <strong>Erw\u00e4hnen<\/strong>.<\/p>\n<h2>N\u00e4chster Schritt: Steigern Sie Ihre Pr\u00e4senz durch Erw\u00e4hnungen auf Instagram.<\/h2>\n<p>Abschlie\u00dfend, <strong>Kaufe Instagram-Erw\u00e4hnungen von echten Accounts<\/strong> Das ist kein Luxus, sondern eine clevere Marketingstrategie. Dank garantierter Qualit\u00e4t und Schnelligkeit sind Sie nur wenige Schritte davon entfernt, Ihre Glaubw\u00fcrdigkeit und Reichweite zu steigern. <strong>Lassen Sie sich also keine Gelegenheit entgehen, aufzutauchen; beginnen Sie noch heute mit dem Aufbau eines starken Empfehlungsnetzwerks.<\/strong><\/p>\n<p><!-- \u062d\u0642\u0648\u0644 \u0641\u0646\u064a\u0629 \u064a\u0645\u0643\u0646 \u0625\u0636\u0627\u0641\u062a\u0647\u0627 \u0641\u064a \u0648\u0648\u0631\u062f\u0628\u0631\u064a\u0633 --><\/p>\n<p style=\"display:none;\">\n<p>    <span class=\"product-id\">Produkt-ID: IG-MENTION-SERVICE-2024<\/span><\/p>\n<p>    <span class=\"product-sku\">Artikelnummer: IGMENTION-001<\/span><\/p>","protected":false},"excerpt":{"rendered":"<p>Professioneller Erw\u00e4hnungsservice! Erhalten Sie Instagram-Erw\u00e4hnungen von 1001 echten, aktiven Accounts, die Ihren Namen in ihren Beitr\u00e4gen und Stories erw\u00e4hnen. Jede Erw\u00e4hnung bringt neue Besucher auf Ihr Profil und steigert Ihre Reichweite. Sofortige Lieferung innerhalb weniger Stunden, nat\u00fcrliche Erw\u00e4hnungen in relevanten Inhalten, Pakete von 10 bis 1000, erh\u00f6hte Account-Bekanntheit, neue Follower, Support rund um die Uhr. Steigern Sie Ihre Popularit\u00e4t mit Erw\u00e4hnungen!<\/p>","protected":false},"featured_media":123,"comment_status":"closed","ping_status":"closed","template":"","meta":[],"product_brand":[],"product_cat":[19,225],"product_tag":[],"class_list":{"0":"post-89","1":"product","2":"type-product","3":"status-publish","4":"has-post-thumbnail","6":"product_cat-instagram","7":"product_cat-social-media","8":"tm-has-options","10":"first","11":"instock","12":"virtual","13":"taxable","14":"purchasable","15":"product-type-simple"},"yoast_head":"<!-- This site is optimized with the Yoast SEO Premium plugin v21.7 (Yoast SEO v27.1.1) - https:\/\/yoast.com\/product\/yoast-seo-premium-wordpress\/ -->\n<title>\u0634\u0631\u0627\u0621 \u0645\u0646\u0634\u0646 \u0627\u0646\u0633\u062a\u0642\u0631\u0627\u0645 | \u0632\u064a\u0627\u062f\u0629 Instagram Mentions \u0644\u0644\u0627\u0646\u062a\u0634\u0627\u0631<\/title>\n<meta name=\"description\" content=\"\u0645\u0646\u0634\u0646 \u0627\u0646\u0633\u062a\u0642\u0631\u0627\u0645 \u0645\u0646 \u062d\u0633\u0627\u0628\u0627\u062a \u062d\u0642\u064a\u0642\u064a\u0629 \u062a\u0630\u0643\u0631 \u0627\u0633\u0645\u0643 \u0641\u064a \u0645\u062d\u062a\u0648\u0627\u0647\u0627. \u0643\u0644 \u0645\u0646\u0634\u0646 \u064a\u062c\u0644\u0628 \u0632\u0648\u0627\u0631 \u062c\u062f\u062f \u0644\u0628\u0631\u0648\u0641\u0627\u064a\u0644\u0643 \u0648\u064a\u0639\u0632\u0632 \u0634\u0647\u0631\u062a\u0643. \u0625\u0634\u0627\u0631\u0627\u062a \u0637\u0628\u064a\u0639\u064a\u0629 \u0641\u064a \u0645\u0646\u0634\u0648\u0631\u0627\u062a \u0645\u0646\u0627\u0633\u0628\u0629\u060c \u0627\u0646\u062a\u0634\u0627\u0631 \u0648\u0627\u0633\u0639.\" \/>\n<meta name=\"robots\" content=\"index, follow, max-snippet:-1, max-image-preview:large, max-video-preview:-1\" \/>\n<link rel=\"canonical\" href=\"https:\/\/smm-follow.com\/de\/product\/instagram-erwahnung-kaufen\/\" \/>\n<meta property=\"og:locale\" content=\"de_DE\" \/>\n<meta property=\"og:type\" content=\"article\" \/>\n<meta property=\"og:title\" content=\"\u0645\u0646\u0634\u0646 \u0627\u0646\u0633\u062a\u0642\u0631\u0627\u0645\" \/>\n<meta property=\"og:description\" content=\"\u0645\u0646\u0634\u0646 \u0627\u0646\u0633\u062a\u0642\u0631\u0627\u0645 \u0645\u0646 \u062d\u0633\u0627\u0628\u0627\u062a \u062d\u0642\u064a\u0642\u064a\u0629 \u062a\u0630\u0643\u0631 \u0627\u0633\u0645\u0643 \u0641\u064a \u0645\u062d\u062a\u0648\u0627\u0647\u0627. \u0643\u0644 \u0645\u0646\u0634\u0646 \u064a\u062c\u0644\u0628 \u0632\u0648\u0627\u0631 \u062c\u062f\u062f \u0644\u0628\u0631\u0648\u0641\u0627\u064a\u0644\u0643 \u0648\u064a\u0639\u0632\u0632 \u0634\u0647\u0631\u062a\u0643. \u0625\u0634\u0627\u0631\u0627\u062a \u0637\u0628\u064a\u0639\u064a\u0629 \u0641\u064a \u0645\u0646\u0634\u0648\u0631\u0627\u062a \u0645\u0646\u0627\u0633\u0628\u0629\u060c \u0627\u0646\u062a\u0634\u0627\u0631 \u0648\u0627\u0633\u0639.\" \/>\n<meta property=\"og:url\" content=\"https:\/\/smm-follow.com\/de\/product\/instagram-erwahnung-kaufen\/\" \/>\n<meta property=\"og:site_name\" content=\"SMM Follow\" \/>\n<meta property=\"article:modified_time\" content=\"2026-01-16T07:17:44+00:00\" \/>\n<meta property=\"og:image\" content=\"https:\/\/smm-follow.com\/wp-content\/uploads\/2025\/12\/Picsart_24-01-21_18-52-11-230-scaled-1-1-1.jpg\" \/>\n\t<meta property=\"og:image:width\" content=\"2560\" \/>\n\t<meta property=\"og:image:height\" content=\"2560\" \/>\n\t<meta property=\"og:image:type\" content=\"image\/jpeg\" \/>\n<meta name=\"twitter:card\" content=\"summary_large_image\" \/>\n<meta name=\"twitter:label1\" content=\"Preis\" \/>\n\t<meta name=\"twitter:data1\" content=\"&#036;0.00\" \/>\n\t<meta name=\"twitter:label2\" content=\"Verf\u00fcgbarkeit\" \/>\n\t<meta name=\"twitter:data2\" content=\"Auf Lager\" \/>\n<script type=\"application\/ld+json\" class=\"yoast-schema-graph\">{\"@context\":\"https:\/\/schema.org\",\"@graph\":[{\"@type\":\"WebPage\",\"@id\":\"https:\/\/smm-follow.com\/product\/instagram-mention\/\",\"url\":\"https:\/\/smm-follow.com\/product\/instagram-mention\/\",\"name\":\"\u0634\u0631\u0627\u0621 \u0645\u0646\u0634\u0646 \u0627\u0646\u0633\u062a\u0642\u0631\u0627\u0645 | \u0632\u064a\u0627\u062f\u0629 Instagram Mentions \u0644\u0644\u0627\u0646\u062a\u0634\u0627\u0631\",\"isPartOf\":{\"@id\":\"https:\/\/smm-follow.com\/#website\"},\"primaryImageOfPage\":{\"@id\":\"https:\/\/smm-follow.com\/product\/instagram-mention\/#primaryimage\"},\"image\":{\"@id\":\"https:\/\/smm-follow.com\/product\/instagram-mention\/#primaryimage\"},\"thumbnailUrl\":\"https:\/\/smm-follow.com\/wp-content\/uploads\/2025\/12\/Picsart_24-01-21_18-52-11-230-scaled-1-1-1.jpg\",\"datePublished\":\"2025-12-23T11:40:27+00:00\",\"dateModified\":\"2026-01-16T07:17:44+00:00\",\"description\":\"\u0645\u0646\u0634\u0646 \u0627\u0646\u0633\u062a\u0642\u0631\u0627\u0645 \u0645\u0646 \u062d\u0633\u0627\u0628\u0627\u062a \u062d\u0642\u064a\u0642\u064a\u0629 \u062a\u0630\u0643\u0631 \u0627\u0633\u0645\u0643 \u0641\u064a \u0645\u062d\u062a\u0648\u0627\u0647\u0627. \u0643\u0644 \u0645\u0646\u0634\u0646 \u064a\u062c\u0644\u0628 \u0632\u0648\u0627\u0631 \u062c\u062f\u062f \u0644\u0628\u0631\u0648\u0641\u0627\u064a\u0644\u0643 \u0648\u064a\u0639\u0632\u0632 \u0634\u0647\u0631\u062a\u0643. \u0625\u0634\u0627\u0631\u0627\u062a \u0637\u0628\u064a\u0639\u064a\u0629 \u0641\u064a \u0645\u0646\u0634\u0648\u0631\u0627\u062a \u0645\u0646\u0627\u0633\u0628\u0629\u060c \u0627\u0646\u062a\u0634\u0627\u0631 \u0648\u0627\u0633\u0639.\",\"breadcrumb\":{\"@id\":\"https:\/\/smm-follow.com\/product\/instagram-mention\/#breadcrumb\"},\"inLanguage\":\"de\",\"potentialAction\":[{\"@type\":\"ReadAction\",\"target\":[\"https:\/\/smm-follow.com\/product\/instagram-mention\/\"]}]},{\"@type\":\"ImageObject\",\"inLanguage\":\"de\",\"@id\":\"https:\/\/smm-follow.com\/product\/instagram-mention\/#primaryimage\",\"url\":\"https:\/\/smm-follow.com\/wp-content\/uploads\/2025\/12\/Picsart_24-01-21_18-52-11-230-scaled-1-1-1.jpg\",\"contentUrl\":\"https:\/\/smm-follow.com\/wp-content\/uploads\/2025\/12\/Picsart_24-01-21_18-52-11-230-scaled-1-1-1.jpg\",\"width\":2560,\"height\":2560},{\"@type\":\"BreadcrumbList\",\"@id\":\"https:\/\/smm-follow.com\/product\/instagram-mention\/#breadcrumb\",\"itemListElement\":[{\"@type\":\"ListItem\",\"position\":1,\"name\":\"\u0627\u0644\u0631\u0626\u064a\u0633\u064a\u0629\",\"item\":\"https:\/\/smm-follow.com\/\"},{\"@type\":\"ListItem\",\"position\":2,\"name\":\"\u0627\u0644\u0645\u062a\u062c\u0631\",\"item\":\"https:\/\/smm-follow.com\/en\/shop\/\"},{\"@type\":\"ListItem\",\"position\":3,\"name\":\"\u0645\u0646\u0634\u0646 \u0627\u0646\u0633\u062a\u0642\u0631\u0627\u0645\"}]},{\"@type\":\"WebSite\",\"@id\":\"https:\/\/smm-follow.com\/#website\",\"url\":\"https:\/\/smm-follow.com\/\",\"name\":\"SMM FOLLOW\",\"description\":\"\u0645\u0646\u0635\u0629 \u0645\u062a\u062e\u0635\u0635\u0629 \u0641\u064a \u062e\u062f\u0645\u0627\u062a \u0645\u0648\u0627\u0642\u0639 \u0627\u0644\u062a\u0648\u0627\u0635\u0644 \u0627\u0644\u0627\u062c\u062a\u0645\u0627\u0639\u064a \u0644\u0632\u064a\u0627\u062f\u0629 \u0627\u0644\u0645\u062a\u0627\u0628\u0639\u064a\u0646\u060c \u0627\u0644\u0644\u0627\u064a\u0643\u0627\u062a\u060c \u0648\u0627\u0644\u0645\u0634\u0627\u0647\u062f\u0627\u062a \u0639\u0644\u0649 \u0625\u0646\u0633\u062a\u0642\u0631\u0627\u0645\u060c \u062a\u064a\u0643 \u062a\u0648\u0643\u060c \u064a\u0648\u062a\u064a\u0648\u0628 \u0648\u063a\u064a\u0631\u0647\u0627. \u062e\u062f\u0645\u0627\u062a \u0622\u0645\u0646\u0629 \u0644\u062c\u0645\u064a\u0639 \u0627\u0644\u062f\u0648\u0644\",\"publisher\":{\"@id\":\"https:\/\/smm-follow.com\/#organization\"},\"alternateName\":\"Follow 965 \u0641\u0648\u0644\u0648\",\"potentialAction\":[{\"@type\":\"SearchAction\",\"target\":{\"@type\":\"EntryPoint\",\"urlTemplate\":\"https:\/\/smm-follow.com\/?s={search_term_string}\"},\"query-input\":{\"@type\":\"PropertyValueSpecification\",\"valueRequired\":true,\"valueName\":\"search_term_string\"}}],\"inLanguage\":\"de\"},{\"@type\":\"Organization\",\"@id\":\"https:\/\/smm-follow.com\/#organization\",\"name\":\"SMM FOLLOW\",\"alternateName\":\"Follow 965\",\"url\":\"https:\/\/smm-follow.com\/\",\"logo\":{\"@type\":\"ImageObject\",\"inLanguage\":\"de\",\"@id\":\"https:\/\/smm-follow.com\/#\/schema\/logo\/image\/\",\"url\":\"https:\/\/smm-follow.com\/wp-content\/uploads\/2025\/12\/Logo-smm-follow.jpg\",\"contentUrl\":\"https:\/\/smm-follow.com\/wp-content\/uploads\/2025\/12\/Logo-smm-follow.jpg\",\"width\":1080,\"height\":1080,\"caption\":\"SMM FOLLOW\"},\"image\":{\"@id\":\"https:\/\/smm-follow.com\/#\/schema\/logo\/image\/\"},\"hasMerchantReturnPolicy\":{\"@type\":\"MerchantReturnPolicy\",\"merchantReturnLink\":\"https:\/\/smm-follow.com\/de\/ruckgaberecht\/\"}}]}<\/script>\n<meta property=\"product:brand\" content=\"\u0627\u0646\u0633\u062a\u0642\u0631\u0627\u0645\" \/>\n<meta property=\"product:price:amount\" content=\"0.00\" \/>\n<meta property=\"product:price:currency\" content=\"USD\" \/>\n<meta property=\"og:availability\" content=\"instock\" \/>\n<meta property=\"product:availability\" content=\"instock\" \/>\n<meta property=\"product:condition\" content=\"new\" \/>\n<!-- \/ Yoast SEO Premium plugin. -->","yoast_head_json":{"title":"Instagram-Erw\u00e4hnungen kaufen | Mehr Instagram-Erw\u00e4hnungen f\u00fcr eine gr\u00f6\u00dfere Reichweite","description":"Instagram-Erw\u00e4hnungen von echten Accounts, die Ihren Namen in ihren Beitr\u00e4gen erw\u00e4hnen. Jede Erw\u00e4hnung bringt neue Besucher auf Ihr Profil und steigert Ihre Sichtbarkeit. Nat\u00fcrliche Erw\u00e4hnungen in relevanten Beitr\u00e4gen f\u00fchren zu einer breiten Reichweite.","robots":{"index":"index","follow":"follow","max-snippet":"max-snippet:-1","max-image-preview":"max-image-preview:large","max-video-preview":"max-video-preview:-1"},"canonical":"https:\/\/smm-follow.com\/de\/product\/instagram-erwahnung-kaufen\/","og_locale":"de_DE","og_type":"article","og_title":"\u0645\u0646\u0634\u0646 \u0627\u0646\u0633\u062a\u0642\u0631\u0627\u0645","og_description":"\u0645\u0646\u0634\u0646 \u0627\u0646\u0633\u062a\u0642\u0631\u0627\u0645 \u0645\u0646 \u062d\u0633\u0627\u0628\u0627\u062a \u062d\u0642\u064a\u0642\u064a\u0629 \u062a\u0630\u0643\u0631 \u0627\u0633\u0645\u0643 \u0641\u064a \u0645\u062d\u062a\u0648\u0627\u0647\u0627. \u0643\u0644 \u0645\u0646\u0634\u0646 \u064a\u062c\u0644\u0628 \u0632\u0648\u0627\u0631 \u062c\u062f\u062f \u0644\u0628\u0631\u0648\u0641\u0627\u064a\u0644\u0643 \u0648\u064a\u0639\u0632\u0632 \u0634\u0647\u0631\u062a\u0643. \u0625\u0634\u0627\u0631\u0627\u062a \u0637\u0628\u064a\u0639\u064a\u0629 \u0641\u064a \u0645\u0646\u0634\u0648\u0631\u0627\u062a \u0645\u0646\u0627\u0633\u0628\u0629\u060c \u0627\u0646\u062a\u0634\u0627\u0631 \u0648\u0627\u0633\u0639.","og_url":"https:\/\/smm-follow.com\/de\/product\/instagram-erwahnung-kaufen\/","og_site_name":"SMM Follow","article_modified_time":"2026-01-16T07:17:44+00:00","og_image":[{"width":2560,"height":2560,"url":"https:\/\/smm-follow.com\/wp-content\/uploads\/2025\/12\/Picsart_24-01-21_18-52-11-230-scaled-1-1-1.jpg","type":"image\/jpeg"}],"twitter_card":"summary_large_image","twitter_misc":{"Preis":"&#36;0.00","Verf\u00fcgbarkeit":"Auf Lager"},"schema":{"@context":"https:\/\/schema.org","@graph":[{"@type":"WebPage","@id":"https:\/\/smm-follow.com\/product\/instagram-mention\/","url":"https:\/\/smm-follow.com\/product\/instagram-mention\/","name":"Instagram-Erw\u00e4hnungen kaufen | Mehr Instagram-Erw\u00e4hnungen f\u00fcr eine gr\u00f6\u00dfere Reichweite","isPartOf":{"@id":"https:\/\/smm-follow.com\/#website"},"primaryImageOfPage":{"@id":"https:\/\/smm-follow.com\/product\/instagram-mention\/#primaryimage"},"image":{"@id":"https:\/\/smm-follow.com\/product\/instagram-mention\/#primaryimage"},"thumbnailUrl":"https:\/\/smm-follow.com\/wp-content\/uploads\/2025\/12\/Picsart_24-01-21_18-52-11-230-scaled-1-1-1.jpg","datePublished":"2025-12-23T11:40:27+00:00","dateModified":"2026-01-16T07:17:44+00:00","description":"Instagram-Erw\u00e4hnungen von echten Accounts, die Ihren Namen in ihren Beitr\u00e4gen erw\u00e4hnen. Jede Erw\u00e4hnung bringt neue Besucher auf Ihr Profil und steigert Ihre Sichtbarkeit. Nat\u00fcrliche Erw\u00e4hnungen in relevanten Beitr\u00e4gen f\u00fchren zu einer breiten Reichweite.","breadcrumb":{"@id":"https:\/\/smm-follow.com\/product\/instagram-mention\/#breadcrumb"},"inLanguage":"de","potentialAction":[{"@type":"ReadAction","target":["https:\/\/smm-follow.com\/product\/instagram-mention\/"]}]},{"@type":"ImageObject","inLanguage":"de","@id":"https:\/\/smm-follow.com\/product\/instagram-mention\/#primaryimage","url":"https:\/\/smm-follow.com\/wp-content\/uploads\/2025\/12\/Picsart_24-01-21_18-52-11-230-scaled-1-1-1.jpg","contentUrl":"https:\/\/smm-follow.com\/wp-content\/uploads\/2025\/12\/Picsart_24-01-21_18-52-11-230-scaled-1-1-1.jpg","width":2560,"height":2560},{"@type":"BreadcrumbList","@id":"https:\/\/smm-follow.com\/product\/instagram-mention\/#breadcrumb","itemListElement":[{"@type":"ListItem","position":1,"name":"\u0627\u0644\u0631\u0626\u064a\u0633\u064a\u0629","item":"https:\/\/smm-follow.com\/"},{"@type":"ListItem","position":2,"name":"\u0627\u0644\u0645\u062a\u062c\u0631","item":"https:\/\/smm-follow.com\/en\/shop\/"},{"@type":"ListItem","position":3,"name":"\u0645\u0646\u0634\u0646 \u0627\u0646\u0633\u062a\u0642\u0631\u0627\u0645"}]},{"@type":"WebSite","@id":"https:\/\/smm-follow.com\/#website","url":"https:\/\/smm-follow.com\/","name":"SMM FOLGEN","description":"Eine Plattform, die sich auf Social-Media-Dienste spezialisiert hat, um Follower, Likes und Aufrufe auf Instagram, TikTok, YouTube und anderen Plattformen zu steigern. Sichere Dienste sind in allen L\u00e4ndern verf\u00fcgbar.","publisher":{"@id":"https:\/\/smm-follow.com\/#organization"},"alternateName":"Follow 965 \u0641\u0648\u0644\u0648","potentialAction":[{"@type":"SearchAction","target":{"@type":"EntryPoint","urlTemplate":"https:\/\/smm-follow.com\/?s={search_term_string}"},"query-input":{"@type":"PropertyValueSpecification","valueRequired":true,"valueName":"search_term_string"}}],"inLanguage":"de"},{"@type":"Organization","@id":"https:\/\/smm-follow.com\/#organization","name":"SMM FOLGEN","alternateName":"Follow 965","url":"https:\/\/smm-follow.com\/","logo":{"@type":"ImageObject","inLanguage":"de","@id":"https:\/\/smm-follow.com\/#\/schema\/logo\/image\/","url":"https:\/\/smm-follow.com\/wp-content\/uploads\/2025\/12\/Logo-smm-follow.jpg","contentUrl":"https:\/\/smm-follow.com\/wp-content\/uploads\/2025\/12\/Logo-smm-follow.jpg","width":1080,"height":1080,"caption":"SMM FOLLOW"},"image":{"@id":"https:\/\/smm-follow.com\/#\/schema\/logo\/image\/"},"hasMerchantReturnPolicy":{"@type":"MerchantReturnPolicy","merchantReturnLink":"https:\/\/smm-follow.com\/de\/ruckgaberecht\/"}}]},"product_brand":"\u0627\u0646\u0633\u062a\u0642\u0631\u0627\u0645","product_price_amount":"0.00","product_price_currency":"USD","og_availability":"instock","product_availability":"instock","product_condition":"new"},"_links":{"self":[{"href":"https:\/\/smm-follow.com\/de\/wp-json\/wp\/v2\/product\/89","targetHints":{"allow":["GET"]}}],"collection":[{"href":"https:\/\/smm-follow.com\/de\/wp-json\/wp\/v2\/product"}],"about":[{"href":"https:\/\/smm-follow.com\/de\/wp-json\/wp\/v2\/types\/product"}],"replies":[{"embeddable":true,"href":"https:\/\/smm-follow.com\/de\/wp-json\/wp\/v2\/comments?post=89"}],"wp:featuredmedia":[{"embeddable":true,"href":"https:\/\/smm-follow.com\/de\/wp-json\/wp\/v2\/media\/123"}],"wp:attachment":[{"href":"https:\/\/smm-follow.com\/de\/wp-json\/wp\/v2\/media?parent=89"}],"wp:term":[{"taxonomy":"product_brand","embeddable":true,"href":"https:\/\/smm-follow.com\/de\/wp-json\/wp\/v2\/product_brand?post=89"},{"taxonomy":"product_cat","embeddable":true,"href":"https:\/\/smm-follow.com\/de\/wp-json\/wp\/v2\/product_cat?post=89"},{"taxonomy":"product_tag","embeddable":true,"href":"https:\/\/smm-follow.com\/de\/wp-json\/wp\/v2\/product_tag?post=89"}],"curies":[{"name":"wp","href":"https:\/\/api.w.org\/{rel}","templated":true}]}}