{"id":91,"date":"2025-12-23T14:40:27","date_gmt":"2025-12-23T11:40:27","guid":{"rendered":"https:\/\/smm-follow.com\/?post_type=product&#038;p=91"},"modified":"2026-01-16T10:17:44","modified_gmt":"2026-01-16T07:17:44","slug":"instagram-direct-message","status":"publish","type":"product","link":"https:\/\/smm-follow.com\/de\/product\/instagram-direktnachricht-kaufen\/","title":{"rendered":"Instagram-Direktnachricht"},"content":{"rendered":"<h1>Steigerung und Aktivierung von Instagram-Direktnachrichten: Eine clevere Kommunikationsstrategie<\/h1>\n<p>Sind Sie auf der Suche nach einer effektiven Methode, Ihre Follower in treue Kunden zu verwandeln? <strong>Steigern und aktivieren Sie Instagram-Direktnachrichten (Direktnachricht)<\/strong> Es ist die optimale strategische L\u00f6sung. Tats\u00e4chlich wird sie als <strong>Instagram-Direktnachricht<\/strong> Eines der wirkungsvollsten, aber oft \u00fcbersehenen Kommunikationsmittel. Dar\u00fcber hinaus <strong>Instagram-Direktnachrichten aktivieren<\/strong> Es erm\u00f6glicht Ihnen, pers\u00f6nliche und einzigartige Beziehungen zu Ihrem Publikum aufzubauen.<\/p>\n<p>Kurz gesagt, wenn Sie investieren in <strong>Steigern und aktivieren Sie Instagram-Direktnachrichten (Direktnachricht)<\/strong>Sie steigern nicht nur die Zahlen, sondern schaffen auch direkte Kommunikationskan\u00e4le zu potenziellen Kunden. Dadurch k\u00f6nnen Sie den Kundenservice verbessern und den Umsatz \u00fcber [die Plattform\/Plattform\/etc.] steigern. <strong>Direktnachricht<\/strong>Und die Markentreue wird deutlich gesteigert.<\/p>\n<h2>Warum ist die Steigerung deiner Instagram-Direktnachrichten so wichtig f\u00fcr das Wachstum deines Accounts?<\/h2>\n<p>Um es noch deutlicher zu machen: <strong>Instagram-Direktnachrichten<\/strong> Es handelt sich um mehr als nur gew\u00f6hnliche Mitteilungen. Sie bieten die M\u00f6glichkeit einer direkten und pers\u00f6nlichen Kommunikation, die durch \u00f6ffentliche Kommentare nicht erreicht werden kann.<\/p>\n<h3>Aufbau starker pers\u00f6nlicher Beziehungen \u00fcber Direktnachrichten<\/h3>\n<p>Zuallererst die Kommunikation \u00fcber <strong>Instagram-Direktnachricht<\/strong> Es schafft ein Gef\u00fchl von Vertrautheit und Vertrauen. Dadurch f\u00fchlen sich Kunden wertgesch\u00e4tzt und geh\u00f6rt, was ihre Markentreue st\u00e4rkt. Dar\u00fcber hinaus erm\u00f6glicht diese Art der Kommunikation eine schnellere und effizientere Probleml\u00f6sung.<\/p>\n<h3>Steigern Sie Konversionsraten und Ums\u00e4tze durch Direktnachrichten<\/h3>\n<p>\u00c4hnliche Studien zeigen, dass <strong>Instagram-Direktnachrichten aktivieren<\/strong> Es kann die Konversionsraten um bis zu 301 TP3T steigern. Aus diesem Grund wird es als <strong>Steigere die Anzahl der Instagram-Direktnachrichten<\/strong> Eine sinnvolle Investition f\u00fcr jedes Gesch\u00e4ftskonto. Sie k\u00f6nnen beispielsweise exklusive Angebote versenden \u00fcber <strong>Direktnachricht<\/strong> F\u00fcr alle, die sich f\u00fcr Ihre Produkte interessieren.<\/p>\n<h3>Verbesserung des Kundenerlebnisses durch direkte Kommunikation<\/h3>\n<p>Andererseits bietet es Ihnen <strong>Mehr Instagram-Direktnachrichten<\/strong> Dies erm\u00f6glicht es Ihnen, Kundenanfragen umgehend zu beantworten. Dadurch verbessert sich das Kundenerlebnis deutlich, was sich positiv auf den Ruf Ihres Kontos auswirkt. Anders ausgedr\u00fcckt: Ihr Service wird umfassender und professioneller.<\/p>\n<h2>Funktionen unseres Dienstes zur Steigerung und Aktivierung von Instagram-Direktnachrichten<\/h2>\n<h3>Hohe Qualit\u00e4t: Echte Interaktion von aktiven Nutzern<\/h3>\n<p>Zur Best\u00e4tigung garantieren wir, dass alle <strong>Instagram-Direktnachrichten<\/strong> Diese Konten sind echt und aktiv. Dadurch wird eine nat\u00fcrliche Interaktion und die vollst\u00e4ndige Sicherheit Ihres Kontos vor jeglichen Risiken gew\u00e4hrleistet.<\/p>\n<h3>Extrem schnelle Ausf\u00fchrung bei der Aktivierung von Direktnachrichten<\/h3>\n<p>Im Vergleich zu anderen Dienstleistungen beginnen wir den Prozess <strong>Instagram-Direktnachrichten aktivieren<\/strong> w\u00e4hrend <strong>5-15 Minuten<\/strong> Schon ab dem Moment Ihrer Bestellbest\u00e4tigung. Wir gestalten den Lieferprozess daher schrittweise und intelligent. So erhalten Sie schnell nat\u00fcrlich aussehende Ergebnisse.<\/p>\n<h3>Vollst\u00e4ndige Privatsph\u00e4re ohne Passwort<\/h3>\n<p>Insbesondere die Sicherheit Ihres Kontos hat f\u00fcr uns h\u00f6chste Priorit\u00e4t. <strong>Wir fragen nie<\/strong> Ihr Kontopasswort. Im Gegenteil, der gesamte Vorgang wird nur mit Ihrem Benutzernamen durchgef\u00fchrt.<\/p>\n<h3>Langfristige Garantie f\u00fcr stabile Ergebnisse bei Direktnachrichten<\/h3>\n<p>Um Ihren Komfort zu gew\u00e4hrleisten, bieten wir Folgendes an: <strong>6 Monate Garantie<\/strong> Aufgrund unseres Services. Aufgrund unseres Vertrauens in die Qualit\u00e4t. <strong>Steigern und aktivieren Sie Instagram-Direktnachrichten (Direktnachricht)<\/strong>Wir sch\u00fctzen Ihre Investition.<\/p>\n<h2>Welchen Nutzen kann der Direktnachrichtendienst f\u00fcr verschiedene Kontotypen bieten?<\/h2>\n<p>Zur Veranschaulichung hier einige Beispiele:<\/p>\n<ul>\n<li><strong>F\u00fcr Online-Shops:<\/strong> Grunds\u00e4tzlich k\u00f6nnen Sie Folgendes verwenden: <strong>Instagram-Direktnachricht<\/strong> Um Produktfragen zu beantworten und Sonderangebote zu versenden.<\/li>\n<li><strong>F\u00fcr Content-Ersteller:<\/strong> Konkret erm\u00f6glicht es Ihnen <strong>Direktnachrichten erh\u00f6hen<\/strong> Kommunikation mit potenziellen Werbekunden und Aufbau von Beziehungen.<\/li>\n<li><strong>F\u00fcr Trainer und Berater:<\/strong> Dadurch k\u00f6nnen Sie es nutzen, um Kundenanfragen zu erhalten und Termine zu vereinbaren.<\/li>\n<li><strong>F\u00fcr Marken:<\/strong> Letztendlich hilft es Ihnen, den Kundenservice zu verbessern und das Markenimage zu st\u00e4rken.<\/li>\n<\/ul>\n<h2>Einfache Schritte zur Aktivierung von Direktnachrichten<\/h2>\n<ol>\n<li><strong>Setzen Sie sich Ziele:<\/strong> Entscheiden Sie zun\u00e4chst, was Sie erreichen m\u00f6chten durch <strong>Steigern und aktivieren Sie Instagram-Direktnachrichten<\/strong>.<\/li>\n<li><strong>Teilen Sie Ihre Daten:<\/strong> Senden Sie uns als N\u00e4chstes Ihren Benutzernamen.<\/li>\n<li><strong>Schlie\u00dfen Sie die Zahlung ab:<\/strong> W\u00e4hlen Sie anschlie\u00dfend die passende Zahlungsmethode aus den sicheren Optionen.<\/li>\n<li><strong>Beginnen Sie die Kommunikation:<\/strong> Beobachten Sie schlie\u00dflich, wie die eingehenden Nachrichten zu flie\u00dfen beginnen. <strong>Direktnachricht<\/strong>.<\/li>\n<\/ol>\n<h2>Direktnachrichten-Servicepakete und Preise<\/h2>\n<table>\n<thead>\n<tr>\n<th>Das Paket<\/th>\n<th>Leistungsumfang<\/th>\n<th>Zielgruppe<\/th>\n<th>Hauptziel<\/th>\n<\/tr>\n<\/thead>\n<tbody>\n<tr>\n<td><strong>Basispaket<\/strong><\/td>\n<td>50-100 Gespr\u00e4che<\/td>\n<td>Neue Konten<\/td>\n<td>Im Grunde geht es darum, die Kommunikation \u00fcber Direktnachrichten zu testen und zu starten.<\/td>\n<\/tr>\n<tr>\n<td><strong>Wachstumspaket<\/strong><\/td>\n<td>250-500 Gespr\u00e4che<\/td>\n<td>kleine L\u00e4den<\/td>\n<td>Typischerweise werden Verk\u00e4ufe \u00fcber Instagram Direct Messages gesteigert.<\/td>\n<\/tr>\n<tr>\n<td><strong>Professionelles Paket<\/strong><\/td>\n<td>Mehr als 1000 Gespr\u00e4che<\/td>\n<td>Marken<\/td>\n<td>Haupts\u00e4chlich geht es darum, Follower per Direktnachricht in Kunden zu verwandeln.<\/td>\n<\/tr>\n<\/tbody>\n<\/table>\n<h2>H\u00e4ufig gestellte Fragen zur Steigerung der Instagram-Direktnachrichten<\/h2>\n<h3>Werden die Nachrichten automatisiert oder personalisiert sein?<\/h3>\n<p>Tats\u00e4chlich bieten wir zwei Messaging-Optionen an in <strong>Instagram-Direktnachricht<\/strong>. Mit anderen Worten: Wir gehen auf Ihre verschiedenen Bed\u00fcrfnisse ein.<\/p>\n<h3>Worin besteht der Unterschied zwischen diesem Service und dem Kommentar-Service?<\/h3>\n<p>Zur Klarstellung: Im Kommentarbereich geht es um die allgemeine Interaktion. <strong>Instagram Direct Message Booster und Aktivierungsdienst<\/strong> Es konzentriert sich auf die private Kommunikation.<\/p>\n<h3>Kann ich den Nachrichtentyp in Direktnachrichten festlegen?<\/h3>\n<p>Absolut. Genauer gesagt, k\u00f6nnen Sie bestimmte Themen f\u00fcr eingehende Nachrichten festlegen \u00fcber <strong>Direktnachricht<\/strong>.<\/p>\n<h3>Wie kann ich den Erfolg des Direktnachrichtendienstes messen?<\/h3>\n<p>Durch die Verfolgung <strong>Instagram-Posteingang<\/strong>. Danach werden Sie einen deutlichen Anstieg der Anzahl der Konversationen \u00fcber <strong>Direktnachricht<\/strong>.<\/p>\n<h2>N\u00e4chster Schritt: Follower per Direktnachricht in Partner umwandeln<\/h2>\n<p>Abschlie\u00dfend, <strong>Steigern und aktivieren Sie Instagram-Direktnachrichten (Direktnachricht)<\/strong> Das ist kein Luxus, sondern eine notwendige Strategie. Mit Qualit\u00e4tssicherung sind Sie nur noch wenige Schritte davon entfernt, Ihre Follower in Kunden zu verwandeln. <strong>Lassen Sie sich daher die M\u00f6glichkeit der Kommunikation per Direktnachricht nicht entgehen; beginnen Sie noch heute damit, Vertrauensbr\u00fccken zu bauen.<\/strong><\/p>","protected":false},"excerpt":{"rendered":"<p>Wirkungsvolle Direktnachrichten! Erhalten Sie Instagram-Direktnachrichten von 1001 echten, aktiven Accounts, die personalisierte Nachrichten versenden. Jede Nachricht bietet die Chance zur direkten Kommunikation und zum Beziehungsaufbau. Schnelle Zustellung, personalisierte Nachrichten mit authentischen Inhalten, flexible Pakete, gesteigertes direktes Engagement, starke Kundenbeziehungen und Support rund um die Uhr. Effektive Direktkommunikation mit Ihrer Zielgruppe!<\/p>","protected":false},"featured_media":125,"comment_status":"closed","ping_status":"closed","template":"","meta":[],"product_brand":[],"product_cat":[19,225],"product_tag":[],"class_list":{"0":"post-91","1":"product","2":"type-product","3":"status-publish","4":"has-post-thumbnail","6":"product_cat-instagram","7":"product_cat-social-media","8":"tm-has-options","10":"first","11":"instock","12":"virtual","13":"taxable","14":"purchasable","15":"product-type-simple"},"yoast_head":"<!-- This site is optimized with the Yoast SEO Premium plugin v21.7 (Yoast SEO v27.1.1) - https:\/\/yoast.com\/product\/yoast-seo-premium-wordpress\/ -->\n<title>\u0634\u0631\u0627\u0621 \u062f\u0627\u064a\u0631\u0643\u062a \u0627\u0646\u0633\u062a\u0642\u0631\u0627\u0645 | \u0632\u064a\u0627\u062f\u0629 Direct Messages \u0645\u062e\u0635\u0635\u0629<\/title>\n<meta name=\"description\" content=\"\u062f\u0627\u064a\u0631\u0643\u062a \u0627\u0646\u0633\u062a\u0642\u0631\u0627\u0645 \u0645\u0646 \u062d\u0633\u0627\u0628\u0627\u062a \u062d\u0642\u064a\u0642\u064a\u0629 \u062a\u0631\u0633\u0644 \u0631\u0633\u0627\u0626\u0644 \u0645\u062e\u0635\u0635\u0629 \u0637\u0628\u064a\u0639\u064a\u0629. \u062a\u0648\u0627\u0635\u0644 \u0645\u0628\u0627\u0634\u0631 \u0641\u0639\u0627\u0644 \u0644\u0628\u0646\u0627\u0621 \u0639\u0644\u0627\u0642\u0627\u062a \u0642\u0648\u064a\u0629 \u0645\u0639 \u0627\u0644\u062c\u0645\u0647\u0648\u0631. \u0631\u0633\u0627\u0626\u0644 \u0645\u062e\u0635\u0635\u0629 \u0628\u0645\u062d\u062a\u0648\u0649 \u0637\u0628\u064a\u0639\u064a\u060c \u062a\u0633\u0644\u064a\u0645 \u0633\u0631\u064a\u0639.\" \/>\n<meta name=\"robots\" content=\"index, follow, max-snippet:-1, max-image-preview:large, max-video-preview:-1\" \/>\n<link rel=\"canonical\" href=\"https:\/\/smm-follow.com\/de\/product\/instagram-direktnachricht-kaufen\/\" \/>\n<meta property=\"og:locale\" content=\"de_DE\" \/>\n<meta property=\"og:type\" content=\"article\" \/>\n<meta property=\"og:title\" content=\"\u062f\u0627\u064a\u0631\u0643\u062a \u0645\u0633\u062c \u0627\u0646\u0633\u062a\u0642\u0631\u0627\u0645\" \/>\n<meta property=\"og:description\" content=\"\u062f\u0627\u064a\u0631\u0643\u062a \u0627\u0646\u0633\u062a\u0642\u0631\u0627\u0645 \u0645\u0646 \u062d\u0633\u0627\u0628\u0627\u062a \u062d\u0642\u064a\u0642\u064a\u0629 \u062a\u0631\u0633\u0644 \u0631\u0633\u0627\u0626\u0644 \u0645\u062e\u0635\u0635\u0629 \u0637\u0628\u064a\u0639\u064a\u0629. \u062a\u0648\u0627\u0635\u0644 \u0645\u0628\u0627\u0634\u0631 \u0641\u0639\u0627\u0644 \u0644\u0628\u0646\u0627\u0621 \u0639\u0644\u0627\u0642\u0627\u062a \u0642\u0648\u064a\u0629 \u0645\u0639 \u0627\u0644\u062c\u0645\u0647\u0648\u0631. \u0631\u0633\u0627\u0626\u0644 \u0645\u062e\u0635\u0635\u0629 \u0628\u0645\u062d\u062a\u0648\u0649 \u0637\u0628\u064a\u0639\u064a\u060c \u062a\u0633\u0644\u064a\u0645 \u0633\u0631\u064a\u0639.\" \/>\n<meta property=\"og:url\" content=\"https:\/\/smm-follow.com\/de\/product\/instagram-direktnachricht-kaufen\/\" \/>\n<meta property=\"og:site_name\" content=\"SMM Follow\" \/>\n<meta property=\"article:modified_time\" content=\"2026-01-16T07:17:44+00:00\" \/>\n<meta property=\"og:image\" content=\"https:\/\/smm-follow.com\/wp-content\/uploads\/2025\/12\/Picsart_24-01-21_18-53-29-774-scaled-1-1-1.jpg\" \/>\n\t<meta property=\"og:image:width\" content=\"2560\" \/>\n\t<meta property=\"og:image:height\" content=\"2560\" \/>\n\t<meta property=\"og:image:type\" content=\"image\/jpeg\" \/>\n<meta name=\"twitter:card\" content=\"summary_large_image\" \/>\n<meta name=\"twitter:label1\" content=\"Preis\" \/>\n\t<meta name=\"twitter:data1\" content=\"&#036;0.00\" \/>\n\t<meta name=\"twitter:label2\" content=\"Verf\u00fcgbarkeit\" \/>\n\t<meta name=\"twitter:data2\" content=\"Auf Lager\" \/>\n<script type=\"application\/ld+json\" class=\"yoast-schema-graph\">{\"@context\":\"https:\/\/schema.org\",\"@graph\":[{\"@type\":\"WebPage\",\"@id\":\"https:\/\/smm-follow.com\/product\/instagram-direct-message\/\",\"url\":\"https:\/\/smm-follow.com\/product\/instagram-direct-message\/\",\"name\":\"\u0634\u0631\u0627\u0621 \u062f\u0627\u064a\u0631\u0643\u062a \u0627\u0646\u0633\u062a\u0642\u0631\u0627\u0645 | \u0632\u064a\u0627\u062f\u0629 Direct Messages \u0645\u062e\u0635\u0635\u0629\",\"isPartOf\":{\"@id\":\"https:\/\/smm-follow.com\/#website\"},\"primaryImageOfPage\":{\"@id\":\"https:\/\/smm-follow.com\/product\/instagram-direct-message\/#primaryimage\"},\"image\":{\"@id\":\"https:\/\/smm-follow.com\/product\/instagram-direct-message\/#primaryimage\"},\"thumbnailUrl\":\"https:\/\/smm-follow.com\/wp-content\/uploads\/2025\/12\/Picsart_24-01-21_18-53-29-774-scaled-1-1-1.jpg\",\"datePublished\":\"2025-12-23T11:40:27+00:00\",\"dateModified\":\"2026-01-16T07:17:44+00:00\",\"description\":\"\u062f\u0627\u064a\u0631\u0643\u062a \u0627\u0646\u0633\u062a\u0642\u0631\u0627\u0645 \u0645\u0646 \u062d\u0633\u0627\u0628\u0627\u062a \u062d\u0642\u064a\u0642\u064a\u0629 \u062a\u0631\u0633\u0644 \u0631\u0633\u0627\u0626\u0644 \u0645\u062e\u0635\u0635\u0629 \u0637\u0628\u064a\u0639\u064a\u0629. \u062a\u0648\u0627\u0635\u0644 \u0645\u0628\u0627\u0634\u0631 \u0641\u0639\u0627\u0644 \u0644\u0628\u0646\u0627\u0621 \u0639\u0644\u0627\u0642\u0627\u062a \u0642\u0648\u064a\u0629 \u0645\u0639 \u0627\u0644\u062c\u0645\u0647\u0648\u0631. \u0631\u0633\u0627\u0626\u0644 \u0645\u062e\u0635\u0635\u0629 \u0628\u0645\u062d\u062a\u0648\u0649 \u0637\u0628\u064a\u0639\u064a\u060c \u062a\u0633\u0644\u064a\u0645 \u0633\u0631\u064a\u0639.\",\"breadcrumb\":{\"@id\":\"https:\/\/smm-follow.com\/product\/instagram-direct-message\/#breadcrumb\"},\"inLanguage\":\"de\",\"potentialAction\":[{\"@type\":\"ReadAction\",\"target\":[\"https:\/\/smm-follow.com\/product\/instagram-direct-message\/\"]}]},{\"@type\":\"ImageObject\",\"inLanguage\":\"de\",\"@id\":\"https:\/\/smm-follow.com\/product\/instagram-direct-message\/#primaryimage\",\"url\":\"https:\/\/smm-follow.com\/wp-content\/uploads\/2025\/12\/Picsart_24-01-21_18-53-29-774-scaled-1-1-1.jpg\",\"contentUrl\":\"https:\/\/smm-follow.com\/wp-content\/uploads\/2025\/12\/Picsart_24-01-21_18-53-29-774-scaled-1-1-1.jpg\",\"width\":2560,\"height\":2560},{\"@type\":\"BreadcrumbList\",\"@id\":\"https:\/\/smm-follow.com\/product\/instagram-direct-message\/#breadcrumb\",\"itemListElement\":[{\"@type\":\"ListItem\",\"position\":1,\"name\":\"\u0627\u0644\u0631\u0626\u064a\u0633\u064a\u0629\",\"item\":\"https:\/\/smm-follow.com\/\"},{\"@type\":\"ListItem\",\"position\":2,\"name\":\"\u0627\u0644\u0645\u062a\u062c\u0631\",\"item\":\"https:\/\/smm-follow.com\/en\/shop\/\"},{\"@type\":\"ListItem\",\"position\":3,\"name\":\"\u062f\u0627\u064a\u0631\u0643\u062a \u0645\u0633\u062c \u0627\u0646\u0633\u062a\u0642\u0631\u0627\u0645\"}]},{\"@type\":\"WebSite\",\"@id\":\"https:\/\/smm-follow.com\/#website\",\"url\":\"https:\/\/smm-follow.com\/\",\"name\":\"SMM FOLLOW\",\"description\":\"\u0645\u0646\u0635\u0629 \u0645\u062a\u062e\u0635\u0635\u0629 \u0641\u064a \u062e\u062f\u0645\u0627\u062a \u0645\u0648\u0627\u0642\u0639 \u0627\u0644\u062a\u0648\u0627\u0635\u0644 \u0627\u0644\u0627\u062c\u062a\u0645\u0627\u0639\u064a \u0644\u0632\u064a\u0627\u062f\u0629 \u0627\u0644\u0645\u062a\u0627\u0628\u0639\u064a\u0646\u060c \u0627\u0644\u0644\u0627\u064a\u0643\u0627\u062a\u060c \u0648\u0627\u0644\u0645\u0634\u0627\u0647\u062f\u0627\u062a \u0639\u0644\u0649 \u0625\u0646\u0633\u062a\u0642\u0631\u0627\u0645\u060c \u062a\u064a\u0643 \u062a\u0648\u0643\u060c \u064a\u0648\u062a\u064a\u0648\u0628 \u0648\u063a\u064a\u0631\u0647\u0627. \u062e\u062f\u0645\u0627\u062a \u0622\u0645\u0646\u0629 \u0644\u062c\u0645\u064a\u0639 \u0627\u0644\u062f\u0648\u0644\",\"publisher\":{\"@id\":\"https:\/\/smm-follow.com\/#organization\"},\"alternateName\":\"Follow 965 \u0641\u0648\u0644\u0648\",\"potentialAction\":[{\"@type\":\"SearchAction\",\"target\":{\"@type\":\"EntryPoint\",\"urlTemplate\":\"https:\/\/smm-follow.com\/?s={search_term_string}\"},\"query-input\":{\"@type\":\"PropertyValueSpecification\",\"valueRequired\":true,\"valueName\":\"search_term_string\"}}],\"inLanguage\":\"de\"},{\"@type\":\"Organization\",\"@id\":\"https:\/\/smm-follow.com\/#organization\",\"name\":\"SMM FOLLOW\",\"alternateName\":\"Follow 965\",\"url\":\"https:\/\/smm-follow.com\/\",\"logo\":{\"@type\":\"ImageObject\",\"inLanguage\":\"de\",\"@id\":\"https:\/\/smm-follow.com\/#\/schema\/logo\/image\/\",\"url\":\"https:\/\/smm-follow.com\/wp-content\/uploads\/2025\/12\/Logo-smm-follow.jpg\",\"contentUrl\":\"https:\/\/smm-follow.com\/wp-content\/uploads\/2025\/12\/Logo-smm-follow.jpg\",\"width\":1080,\"height\":1080,\"caption\":\"SMM FOLLOW\"},\"image\":{\"@id\":\"https:\/\/smm-follow.com\/#\/schema\/logo\/image\/\"},\"hasMerchantReturnPolicy\":{\"@type\":\"MerchantReturnPolicy\",\"merchantReturnLink\":\"https:\/\/smm-follow.com\/de\/ruckgaberecht\/\"}}]}<\/script>\n<meta property=\"product:brand\" content=\"\u0627\u0646\u0633\u062a\u0642\u0631\u0627\u0645\" \/>\n<meta property=\"product:price:amount\" content=\"0.00\" \/>\n<meta property=\"product:price:currency\" content=\"USD\" \/>\n<meta property=\"og:availability\" content=\"instock\" \/>\n<meta property=\"product:availability\" content=\"instock\" \/>\n<meta property=\"product:condition\" content=\"new\" \/>\n<!-- \/ Yoast SEO Premium plugin. -->","yoast_head_json":{"title":"Instagram Direct kaufen | Mehr personalisierte Direktnachrichten","description":"Instagram Direct von echten Accounts mit personalisierten, authentischen Nachrichten. Effektive Direktkommunikation f\u00fcr starke Kundenbeziehungen. Personalisierte Nachrichten mit nat\u00fcrlichen Inhalten, schnelle Zustellung.","robots":{"index":"index","follow":"follow","max-snippet":"max-snippet:-1","max-image-preview":"max-image-preview:large","max-video-preview":"max-video-preview:-1"},"canonical":"https:\/\/smm-follow.com\/de\/product\/instagram-direktnachricht-kaufen\/","og_locale":"de_DE","og_type":"article","og_title":"\u062f\u0627\u064a\u0631\u0643\u062a \u0645\u0633\u062c \u0627\u0646\u0633\u062a\u0642\u0631\u0627\u0645","og_description":"\u062f\u0627\u064a\u0631\u0643\u062a \u0627\u0646\u0633\u062a\u0642\u0631\u0627\u0645 \u0645\u0646 \u062d\u0633\u0627\u0628\u0627\u062a \u062d\u0642\u064a\u0642\u064a\u0629 \u062a\u0631\u0633\u0644 \u0631\u0633\u0627\u0626\u0644 \u0645\u062e\u0635\u0635\u0629 \u0637\u0628\u064a\u0639\u064a\u0629. \u062a\u0648\u0627\u0635\u0644 \u0645\u0628\u0627\u0634\u0631 \u0641\u0639\u0627\u0644 \u0644\u0628\u0646\u0627\u0621 \u0639\u0644\u0627\u0642\u0627\u062a \u0642\u0648\u064a\u0629 \u0645\u0639 \u0627\u0644\u062c\u0645\u0647\u0648\u0631. \u0631\u0633\u0627\u0626\u0644 \u0645\u062e\u0635\u0635\u0629 \u0628\u0645\u062d\u062a\u0648\u0649 \u0637\u0628\u064a\u0639\u064a\u060c \u062a\u0633\u0644\u064a\u0645 \u0633\u0631\u064a\u0639.","og_url":"https:\/\/smm-follow.com\/de\/product\/instagram-direktnachricht-kaufen\/","og_site_name":"SMM Follow","article_modified_time":"2026-01-16T07:17:44+00:00","og_image":[{"width":2560,"height":2560,"url":"https:\/\/smm-follow.com\/wp-content\/uploads\/2025\/12\/Picsart_24-01-21_18-53-29-774-scaled-1-1-1.jpg","type":"image\/jpeg"}],"twitter_card":"summary_large_image","twitter_misc":{"Preis":"&#36;0.00","Verf\u00fcgbarkeit":"Auf Lager"},"schema":{"@context":"https:\/\/schema.org","@graph":[{"@type":"WebPage","@id":"https:\/\/smm-follow.com\/product\/instagram-direct-message\/","url":"https:\/\/smm-follow.com\/product\/instagram-direct-message\/","name":"Instagram Direct kaufen | Mehr personalisierte Direktnachrichten","isPartOf":{"@id":"https:\/\/smm-follow.com\/#website"},"primaryImageOfPage":{"@id":"https:\/\/smm-follow.com\/product\/instagram-direct-message\/#primaryimage"},"image":{"@id":"https:\/\/smm-follow.com\/product\/instagram-direct-message\/#primaryimage"},"thumbnailUrl":"https:\/\/smm-follow.com\/wp-content\/uploads\/2025\/12\/Picsart_24-01-21_18-53-29-774-scaled-1-1-1.jpg","datePublished":"2025-12-23T11:40:27+00:00","dateModified":"2026-01-16T07:17:44+00:00","description":"Instagram Direct von echten Accounts mit personalisierten, authentischen Nachrichten. Effektive Direktkommunikation f\u00fcr starke Kundenbeziehungen. Personalisierte Nachrichten mit nat\u00fcrlichen Inhalten, schnelle Zustellung.","breadcrumb":{"@id":"https:\/\/smm-follow.com\/product\/instagram-direct-message\/#breadcrumb"},"inLanguage":"de","potentialAction":[{"@type":"ReadAction","target":["https:\/\/smm-follow.com\/product\/instagram-direct-message\/"]}]},{"@type":"ImageObject","inLanguage":"de","@id":"https:\/\/smm-follow.com\/product\/instagram-direct-message\/#primaryimage","url":"https:\/\/smm-follow.com\/wp-content\/uploads\/2025\/12\/Picsart_24-01-21_18-53-29-774-scaled-1-1-1.jpg","contentUrl":"https:\/\/smm-follow.com\/wp-content\/uploads\/2025\/12\/Picsart_24-01-21_18-53-29-774-scaled-1-1-1.jpg","width":2560,"height":2560},{"@type":"BreadcrumbList","@id":"https:\/\/smm-follow.com\/product\/instagram-direct-message\/#breadcrumb","itemListElement":[{"@type":"ListItem","position":1,"name":"\u0627\u0644\u0631\u0626\u064a\u0633\u064a\u0629","item":"https:\/\/smm-follow.com\/"},{"@type":"ListItem","position":2,"name":"\u0627\u0644\u0645\u062a\u062c\u0631","item":"https:\/\/smm-follow.com\/en\/shop\/"},{"@type":"ListItem","position":3,"name":"\u062f\u0627\u064a\u0631\u0643\u062a \u0645\u0633\u062c \u0627\u0646\u0633\u062a\u0642\u0631\u0627\u0645"}]},{"@type":"WebSite","@id":"https:\/\/smm-follow.com\/#website","url":"https:\/\/smm-follow.com\/","name":"SMM FOLGEN","description":"Eine Plattform, die sich auf Social-Media-Dienste spezialisiert hat, um Follower, Likes und Aufrufe auf Instagram, TikTok, YouTube und anderen Plattformen zu steigern. Sichere Dienste sind in allen L\u00e4ndern verf\u00fcgbar.","publisher":{"@id":"https:\/\/smm-follow.com\/#organization"},"alternateName":"Follow 965 \u0641\u0648\u0644\u0648","potentialAction":[{"@type":"SearchAction","target":{"@type":"EntryPoint","urlTemplate":"https:\/\/smm-follow.com\/?s={search_term_string}"},"query-input":{"@type":"PropertyValueSpecification","valueRequired":true,"valueName":"search_term_string"}}],"inLanguage":"de"},{"@type":"Organization","@id":"https:\/\/smm-follow.com\/#organization","name":"SMM FOLGEN","alternateName":"Follow 965","url":"https:\/\/smm-follow.com\/","logo":{"@type":"ImageObject","inLanguage":"de","@id":"https:\/\/smm-follow.com\/#\/schema\/logo\/image\/","url":"https:\/\/smm-follow.com\/wp-content\/uploads\/2025\/12\/Logo-smm-follow.jpg","contentUrl":"https:\/\/smm-follow.com\/wp-content\/uploads\/2025\/12\/Logo-smm-follow.jpg","width":1080,"height":1080,"caption":"SMM FOLLOW"},"image":{"@id":"https:\/\/smm-follow.com\/#\/schema\/logo\/image\/"},"hasMerchantReturnPolicy":{"@type":"MerchantReturnPolicy","merchantReturnLink":"https:\/\/smm-follow.com\/de\/ruckgaberecht\/"}}]},"product_brand":"\u0627\u0646\u0633\u062a\u0642\u0631\u0627\u0645","product_price_amount":"0.00","product_price_currency":"USD","og_availability":"instock","product_availability":"instock","product_condition":"new"},"_links":{"self":[{"href":"https:\/\/smm-follow.com\/de\/wp-json\/wp\/v2\/product\/91","targetHints":{"allow":["GET"]}}],"collection":[{"href":"https:\/\/smm-follow.com\/de\/wp-json\/wp\/v2\/product"}],"about":[{"href":"https:\/\/smm-follow.com\/de\/wp-json\/wp\/v2\/types\/product"}],"replies":[{"embeddable":true,"href":"https:\/\/smm-follow.com\/de\/wp-json\/wp\/v2\/comments?post=91"}],"wp:featuredmedia":[{"embeddable":true,"href":"https:\/\/smm-follow.com\/de\/wp-json\/wp\/v2\/media\/125"}],"wp:attachment":[{"href":"https:\/\/smm-follow.com\/de\/wp-json\/wp\/v2\/media?parent=91"}],"wp:term":[{"taxonomy":"product_brand","embeddable":true,"href":"https:\/\/smm-follow.com\/de\/wp-json\/wp\/v2\/product_brand?post=91"},{"taxonomy":"product_cat","embeddable":true,"href":"https:\/\/smm-follow.com\/de\/wp-json\/wp\/v2\/product_cat?post=91"},{"taxonomy":"product_tag","embeddable":true,"href":"https:\/\/smm-follow.com\/de\/wp-json\/wp\/v2\/product_tag?post=91"}],"curies":[{"name":"wp","href":"https:\/\/api.w.org\/{rel}","templated":true}]}}