{"id":92,"date":"2025-12-23T14:40:28","date_gmt":"2025-12-23T11:40:28","guid":{"rendered":"https:\/\/smm-follow.com\/?post_type=product&#038;p=92"},"modified":"2026-01-16T10:17:44","modified_gmt":"2026-01-16T07:17:44","slug":"instagram-save","status":"publish","type":"product","link":"https:\/\/smm-follow.com\/de\/product\/instagram-kaufen-und-speichern\/","title":{"rendered":"Instagram-Beitrag speichern"},"content":{"rendered":"<h1>Instagram-Beitragsspeicherungen kaufen \u2013 Verbessern Sie Ihr Ranking mit echten Speicherungen<\/h1>\n<p><strong>Suchen Sie nach einer effektiven M\u00f6glichkeit, Instagram-Beitr\u00e4ge zu kaufen und zu speichern?<\/strong> <strong>In Wirklichkeit<\/strong>, Service <strong>Instagram kaufen sparen<\/strong> Es erm\u00f6glicht Ihnen, sofort und zuverl\u00e4ssig eine Speicherung zu erhalten, um Ihr Beitragsranking zu verbessern. <strong>Au\u00dferdem<\/strong>Das ist fantastisch! <strong>Spezialisierter Service<\/strong> Es steigert den Wert Ihrer Inhalte und erh\u00f6ht deren Chancen, im Algorithmus angezeigt zu werden. <strong>daher<\/strong>Sie werden Ihre Leistung erheblich verbessern k\u00f6nnen durch <strong>Verbessern Sie die Archivierung Ihrer Beitr\u00e4ge<\/strong>.<\/p>\n<h2>Warum ist der Kauf eines Instagram-Speicherstands f\u00fcr Ihr Konto notwendig?<\/h2>\n<h3>Verbessere dein Ranking im Instagram-Algorithmus durch Speichern<\/h3>\n<p><strong>Erstens<\/strong>Wenn Sie das tun <strong>Verbesserung der Speicherung von Instagram-Beitr\u00e4gen<\/strong>Der Algorithmus h\u00e4lt Ihre Inhalte f\u00fcr wertvoll. <strong>Infolge<\/strong>Instagram priorisiert Ihre Beitr\u00e4ge und zeigt sie einer gr\u00f6\u00dferen Anzahl von Nutzern an.<\/p>\n<h3>Speicherung: Der st\u00e4rkste Indikator f\u00fcr die Inhaltsqualit\u00e4t<\/h3>\n<p><strong>Zus\u00e4tzlich<\/strong>Speichern ist das st\u00e4rkste Interaktionssignal auf der Plattform. <strong>In Wirklichkeit<\/strong>\u060c <strong>Beitr\u00e4ge speichern<\/strong> Das bedeutet, dass der Nutzer aufgrund des gebotenen Nutzens zu den Inhalten zur\u00fcckkehren m\u00f6chte.<\/p>\n<h3>Verbesserter Zugang zu Bio-Produkten durch hochwertige Konservierung<\/h3>\n<p><strong>Au\u00dferdem<\/strong>Publikationen mit hohen Erhaltungsraten erzielen eine deutlich gr\u00f6\u00dfere organische Reichweite. <strong>daher<\/strong>\u060c <strong>Investieren in einen Instagram-Spardienst<\/strong> Es ist ein kluger Schachzug, Ihr Konto auszubauen.<\/p>\n<h2>Funktionen des Instagram-Beitragsspeicher-Kaufservices<\/h2>\n<ul>\n<li><strong>\u2705 Speichern Sie von echten, aktiven Konten:<\/strong> Alle Operationen <strong>Instagram speichern<\/strong> Von Accounts, die die Plattform t\u00e4glich nutzen.<\/li>\n<li><strong>\u2705 Sofortige Lieferung innerhalb weniger Minuten:<\/strong> Wir beginnen innerhalb von 10-30 Minuten nach Auftragsbest\u00e4tigung. <strong>Kaufen<\/strong>.<\/li>\n<li><strong>\u2705 Allm\u00e4hliche und nat\u00fcrliche Entbindung:<\/strong> Wir vermeiden den verd\u00e4chtigen pl\u00f6tzlichen Anstieg im Algorithmus.<\/li>\n<li><strong>\u2705 Flexible Pakete f\u00fcr jeden Bedarf:<\/strong> von 100 <strong>Speichern Sie Ihre Beitr\u00e4ge<\/strong> Bis zu 50.000+ je nach Bedarf.<\/li>\n<li><strong>\u2705 Vollst\u00e4ndige Sicherheit ohne Passwort:<\/strong> Wir ben\u00f6tigen lediglich den Link zum Beitrag.<\/li>\n<li><strong>\u2705 6-monatige Umtauschgarantie:<\/strong> Sollten die Einsparungen sinken (was sehr selten vorkommt), werden wir Sie kostenlos entsch\u00e4digen.<\/li>\n<li><strong>\u2705 Technischer Support rund um die Uhr verf\u00fcgbar:<\/strong> Unser Support-Team steht Ihnen rund um die Uhr zur Verf\u00fcgung.<\/li>\n<\/ul>\n<h2>Schritte zum Kauf und zur Aktivierung von Instagram Save<\/h2>\n<ol>\n<li><strong>Erster Schritt: W\u00e4hlen Sie die gew\u00fcnschte Zahl zum Auswendiglernen aus.<\/strong> \u2013 W\u00e4hle die Anzahl der Speicherst\u00e4nde f\u00fcr deinen Beitrag aus.<\/li>\n<li><strong>Schritt zwei: Geben Sie den Link zum gew\u00fcnschten Beitrag ein.<\/strong> Kopieren Sie den Link zu dem gew\u00fcnschten Beitrag. <strong>Verbessern Sie seine Erhaltung<\/strong>.<\/li>\n<li><strong>Schritt drei: Auswahl einer Zahlungsmethode<\/strong> W\u00e4hlen Sie die passende Zahlungsmethode.<\/li>\n<li><strong>Schritt vier: Die Sparergebnisse ansehen<\/strong> Schlie\u00dfen Sie die Zahlung ab und sehen Sie die Ergebnisse innerhalb von 10-30 Minuten!<\/li>\n<\/ol>\n<h2>Kaufpakete zum Speichern von Publikationen<\/h2>\n<ul>\n<li><strong>Testpaket (100-500 Speicherst\u00e4nde):<\/strong> Perfekt f\u00fcr das Erlebnis <strong>Instagram-Speicherdienst<\/strong> Oder f\u00fcr regelm\u00e4\u00dfige Ver\u00f6ffentlichungen.<\/li>\n<li><strong>Wachstumspaket (1.000 \u2013 10.000 Ersparnisse):<\/strong> Geeignet f\u00fcr wertvolle Inhalte, die Sie einer breiten \u00d6ffentlichkeit zug\u00e4nglich machen m\u00f6chten.<\/li>\n<li><strong>Profi-Paket (\u00fcber 20.000 Speicherst\u00e4nde):<\/strong> Wir haben es f\u00fcr strategische Inhalte und gro\u00dfe Kampagnen konzipiert.<\/li>\n<\/ul>\n<h2>Ideale Inhaltsarten zum Kaufen und Speichern<\/h2>\n<ul>\n<li><strong>Bildungs- und Anleitungsinhalte:<\/strong> Erkl\u00e4rungen, Lektionen und praktische Tipps.<\/li>\n<li><strong>Inspirierende und motivierende Inhalte:<\/strong> Inspirierende Zitate und motivierende Inhalte.<\/li>\n<li><strong>N\u00fctzliche Listen und Referenzen:<\/strong> Listen wie \u201c10 Hilfsmittel\u201d oder \u201c5 Schritte\u201d.<\/li>\n<li><strong>Infografiken und Daten:<\/strong> Visuelle Informationen und n\u00fctzliche Daten.<\/li>\n<li><strong>Ausf\u00fchrliche Anleitungen und Erkl\u00e4rungen:<\/strong> Detaillierter Inhalt, der ein konkretes Problem l\u00f6st.<\/li>\n<\/ul>\n<h2>H\u00e4ufig gestellte Fragen zum Kauf von Instagram-Speicherst\u00e4nden<\/h2>\n<ul>\n<li><strong>Wie lange dauert die Bereitstellung des Speicherservices?<\/strong> Wir beginnen innerhalb von 10-30 Minuten nach Auftragsbest\u00e4tigung.<\/li>\n<li><strong>Stammen die Spielst\u00e4nde von echten Accounts?<\/strong> Ja, alle <strong>Beitr\u00e4ge speichern<\/strong> Von echten und aktiven Accounts.<\/li>\n<li><strong>Ben\u00f6tige ich ein Passwort, um einen Kauf zu t\u00e4tigen?<\/strong> Nein, wir ben\u00f6tigen lediglich den Link zum Beitrag.<\/li>\n<li><strong>Ist es m\u00f6glich, dass mein Konto bei diesem Dienst gesperrt wird?<\/strong> <strong>Kauf eines Sparkontos<\/strong> Bei Anwendung echter Konservierungsmethoden ist es absolut sicher.<\/li>\n<li><strong>Ist die Konservierung nach dem Kauf dauerhaft?<\/strong> Ja, bleib auf deinem Posten und lass ihn nicht fallen.<\/li>\n<li><strong>Kann ich mehrere Beitr\u00e4ge speichern?<\/strong> Ja, Sie k\u00f6nnen den Service f\u00fcr einen oder mehrere Beitr\u00e4ge anfordern.<\/li>\n<\/ul>\n<h2>Jetzt Instagram-Post-Speicherung kaufen!<\/h2>\n<p><strong>Lassen Sie Ihre wertvollen Inhalte nicht ohne die verdiente Aufmerksamkeit ungenutzt!<\/strong> <strong>In Wirklichkeit<\/strong>Mit sofortiger Lieferung und verschiedenen Paketen f\u00fcr <strong>Kauf eines Sparkontos<\/strong>Sie werden erstaunliche Ergebnisse erzielen. <strong>daher<\/strong>Z\u00f6gern Sie nicht und fragen Sie <strong>Instagram-Speicherdienst<\/strong> Jetzt mit vollem Vertrauen und einer umfassenden Garantie. <strong>Und so<\/strong>Du wirst auf Instagram den Erfolg und die Reichweite erzielen, die du verdienst! \ud83d\ude80\ud83d\udccc<\/p>","protected":false},"excerpt":{"rendered":"<p>Professioneller Premium-Service! Erhalten Sie 10013T Instagram-Posts von echten, aktiven und engagierten Nutzern. Schnelles und sicheres Wachstum unter Einhaltung der Plattformrichtlinien. Sofortige Lieferung, flexible Pakete, umfassende Garantie, kein Passwort erforderlich, Support rund um die Uhr. Garantiert erfolgreich oder Geld zur\u00fcck!<\/p>","protected":false},"featured_media":134,"comment_status":"closed","ping_status":"closed","template":"","meta":[],"product_brand":[],"product_cat":[19,225],"product_tag":[],"class_list":{"0":"post-92","1":"product","2":"type-product","3":"status-publish","4":"has-post-thumbnail","6":"product_cat-instagram","7":"product_cat-social-media","8":"tm-has-options","10":"first","11":"instock","12":"virtual","13":"taxable","14":"purchasable","15":"product-type-simple"},"yoast_head":"<!-- This site is optimized with the Yoast SEO Premium plugin v21.7 (Yoast SEO v27.1.1) - https:\/\/yoast.com\/product\/yoast-seo-premium-wordpress\/ -->\n<title>\u0634\u0631\u0627\u0621 \u062d\u0641\u0638 \u0645\u0646\u0634\u0648\u0631 \u0627\u0646\u0633\u062a\u0642\u0631\u0627\u0645 | \u0632\u064a\u0627\u062f\u0629 Post Saves \u062f\u0627\u0626\u0645\u0629<\/title>\n<meta name=\"description\" content=\"\u062d\u0641\u0638 \u0645\u0646\u0634\u0648\u0631 \u0627\u0646\u0633\u062a\u0642\u0631\u0627\u0645 \u064a\u062b\u0628\u062a \u0623\u0646 \u0645\u062d\u062a\u0648\u0627\u0643 \u0630\u0648 \u0642\u064a\u0645\u0629 \u064a\u064f\u0631\u062c\u0639 \u0625\u0644\u064a\u0647. \u0643\u0644 \u062d\u0641\u0638 \u064a\u0631\u0641\u0639 \u0642\u064a\u0645\u062a\u0643 \u0641\u064a \u0627\u0644\u062e\u0648\u0627\u0631\u0632\u0645\u064a\u0629. Saves \u062f\u0627\u0626\u0645\u0629 \u0645\u0646 \u0645\u0633\u062a\u062e\u062f\u0645\u064a\u0646 \u064a\u0642\u062f\u0631\u0648\u0646 \u0645\u062d\u062a\u0648\u0627\u0643\u060c \u062a\u0633\u0644\u064a\u0645 \u0641\u0648\u0631\u064a.\" \/>\n<meta name=\"robots\" content=\"index, follow, max-snippet:-1, max-image-preview:large, max-video-preview:-1\" \/>\n<link rel=\"canonical\" href=\"https:\/\/smm-follow.com\/de\/product\/instagram-kaufen-und-speichern\/\" \/>\n<meta property=\"og:locale\" content=\"de_DE\" \/>\n<meta property=\"og:type\" content=\"article\" \/>\n<meta property=\"og:title\" content=\"\u062d\u0641\u0638 \u0645\u0646\u0634\u0648\u0631 \u0627\u0646\u0633\u062a\u0642\u0631\u0627\u0645\" \/>\n<meta property=\"og:description\" content=\"\u062d\u0641\u0638 \u0645\u0646\u0634\u0648\u0631 \u0627\u0646\u0633\u062a\u0642\u0631\u0627\u0645 \u064a\u062b\u0628\u062a \u0623\u0646 \u0645\u062d\u062a\u0648\u0627\u0643 \u0630\u0648 \u0642\u064a\u0645\u0629 \u064a\u064f\u0631\u062c\u0639 \u0625\u0644\u064a\u0647. \u0643\u0644 \u062d\u0641\u0638 \u064a\u0631\u0641\u0639 \u0642\u064a\u0645\u062a\u0643 \u0641\u064a \u0627\u0644\u062e\u0648\u0627\u0631\u0632\u0645\u064a\u0629. Saves \u062f\u0627\u0626\u0645\u0629 \u0645\u0646 \u0645\u0633\u062a\u062e\u062f\u0645\u064a\u0646 \u064a\u0642\u062f\u0631\u0648\u0646 \u0645\u062d\u062a\u0648\u0627\u0643\u060c \u062a\u0633\u0644\u064a\u0645 \u0641\u0648\u0631\u064a.\" \/>\n<meta property=\"og:url\" content=\"https:\/\/smm-follow.com\/de\/product\/instagram-kaufen-und-speichern\/\" \/>\n<meta property=\"og:site_name\" content=\"SMM Follow\" \/>\n<meta property=\"article:modified_time\" content=\"2026-01-16T07:17:44+00:00\" \/>\n<meta property=\"og:image\" content=\"https:\/\/smm-follow.com\/wp-content\/uploads\/2025\/12\/\u0633\u064a\u0641-Save-1-scaled-1-1.jpg\" \/>\n\t<meta property=\"og:image:width\" content=\"2560\" \/>\n\t<meta property=\"og:image:height\" content=\"2560\" \/>\n\t<meta property=\"og:image:type\" content=\"image\/jpeg\" \/>\n<meta name=\"twitter:card\" content=\"summary_large_image\" \/>\n<meta name=\"twitter:label1\" content=\"Preis\" \/>\n\t<meta name=\"twitter:data1\" content=\"&#036;0.00\" \/>\n\t<meta name=\"twitter:label2\" content=\"Verf\u00fcgbarkeit\" \/>\n\t<meta name=\"twitter:data2\" content=\"Auf Lager\" \/>\n<script type=\"application\/ld+json\" class=\"yoast-schema-graph\">{\"@context\":\"https:\/\/schema.org\",\"@graph\":[{\"@type\":\"WebPage\",\"@id\":\"https:\/\/smm-follow.com\/product\/instagram-save\/\",\"url\":\"https:\/\/smm-follow.com\/product\/instagram-save\/\",\"name\":\"\u0634\u0631\u0627\u0621 \u062d\u0641\u0638 \u0645\u0646\u0634\u0648\u0631 \u0627\u0646\u0633\u062a\u0642\u0631\u0627\u0645 | \u0632\u064a\u0627\u062f\u0629 Post Saves \u062f\u0627\u0626\u0645\u0629\",\"isPartOf\":{\"@id\":\"https:\/\/smm-follow.com\/#website\"},\"primaryImageOfPage\":{\"@id\":\"https:\/\/smm-follow.com\/product\/instagram-save\/#primaryimage\"},\"image\":{\"@id\":\"https:\/\/smm-follow.com\/product\/instagram-save\/#primaryimage\"},\"thumbnailUrl\":\"https:\/\/smm-follow.com\/wp-content\/uploads\/2025\/12\/\u0633\u064a\u0641-Save-1-scaled-1-1.jpg\",\"datePublished\":\"2025-12-23T11:40:28+00:00\",\"dateModified\":\"2026-01-16T07:17:44+00:00\",\"description\":\"\u062d\u0641\u0638 \u0645\u0646\u0634\u0648\u0631 \u0627\u0646\u0633\u062a\u0642\u0631\u0627\u0645 \u064a\u062b\u0628\u062a \u0623\u0646 \u0645\u062d\u062a\u0648\u0627\u0643 \u0630\u0648 \u0642\u064a\u0645\u0629 \u064a\u064f\u0631\u062c\u0639 \u0625\u0644\u064a\u0647. \u0643\u0644 \u062d\u0641\u0638 \u064a\u0631\u0641\u0639 \u0642\u064a\u0645\u062a\u0643 \u0641\u064a \u0627\u0644\u062e\u0648\u0627\u0631\u0632\u0645\u064a\u0629. Saves \u062f\u0627\u0626\u0645\u0629 \u0645\u0646 \u0645\u0633\u062a\u062e\u062f\u0645\u064a\u0646 \u064a\u0642\u062f\u0631\u0648\u0646 \u0645\u062d\u062a\u0648\u0627\u0643\u060c \u062a\u0633\u0644\u064a\u0645 \u0641\u0648\u0631\u064a.\",\"breadcrumb\":{\"@id\":\"https:\/\/smm-follow.com\/product\/instagram-save\/#breadcrumb\"},\"inLanguage\":\"de\",\"potentialAction\":[{\"@type\":\"ReadAction\",\"target\":[\"https:\/\/smm-follow.com\/product\/instagram-save\/\"]}]},{\"@type\":\"ImageObject\",\"inLanguage\":\"de\",\"@id\":\"https:\/\/smm-follow.com\/product\/instagram-save\/#primaryimage\",\"url\":\"https:\/\/smm-follow.com\/wp-content\/uploads\/2025\/12\/\u0633\u064a\u0641-Save-1-scaled-1-1.jpg\",\"contentUrl\":\"https:\/\/smm-follow.com\/wp-content\/uploads\/2025\/12\/\u0633\u064a\u0641-Save-1-scaled-1-1.jpg\",\"width\":2560,\"height\":2560},{\"@type\":\"BreadcrumbList\",\"@id\":\"https:\/\/smm-follow.com\/product\/instagram-save\/#breadcrumb\",\"itemListElement\":[{\"@type\":\"ListItem\",\"position\":1,\"name\":\"\u0627\u0644\u0631\u0626\u064a\u0633\u064a\u0629\",\"item\":\"https:\/\/smm-follow.com\/\"},{\"@type\":\"ListItem\",\"position\":2,\"name\":\"\u0627\u0644\u0645\u062a\u062c\u0631\",\"item\":\"https:\/\/smm-follow.com\/en\/shop\/\"},{\"@type\":\"ListItem\",\"position\":3,\"name\":\"\u062d\u0641\u0638 \u0645\u0646\u0634\u0648\u0631 \u0627\u0646\u0633\u062a\u0642\u0631\u0627\u0645\"}]},{\"@type\":\"WebSite\",\"@id\":\"https:\/\/smm-follow.com\/#website\",\"url\":\"https:\/\/smm-follow.com\/\",\"name\":\"SMM FOLLOW\",\"description\":\"\u0645\u0646\u0635\u0629 \u0645\u062a\u062e\u0635\u0635\u0629 \u0641\u064a \u062e\u062f\u0645\u0627\u062a \u0645\u0648\u0627\u0642\u0639 \u0627\u0644\u062a\u0648\u0627\u0635\u0644 \u0627\u0644\u0627\u062c\u062a\u0645\u0627\u0639\u064a \u0644\u0632\u064a\u0627\u062f\u0629 \u0627\u0644\u0645\u062a\u0627\u0628\u0639\u064a\u0646\u060c \u0627\u0644\u0644\u0627\u064a\u0643\u0627\u062a\u060c \u0648\u0627\u0644\u0645\u0634\u0627\u0647\u062f\u0627\u062a \u0639\u0644\u0649 \u0625\u0646\u0633\u062a\u0642\u0631\u0627\u0645\u060c \u062a\u064a\u0643 \u062a\u0648\u0643\u060c \u064a\u0648\u062a\u064a\u0648\u0628 \u0648\u063a\u064a\u0631\u0647\u0627. \u062e\u062f\u0645\u0627\u062a \u0622\u0645\u0646\u0629 \u0644\u062c\u0645\u064a\u0639 \u0627\u0644\u062f\u0648\u0644\",\"publisher\":{\"@id\":\"https:\/\/smm-follow.com\/#organization\"},\"alternateName\":\"Follow 965 \u0641\u0648\u0644\u0648\",\"potentialAction\":[{\"@type\":\"SearchAction\",\"target\":{\"@type\":\"EntryPoint\",\"urlTemplate\":\"https:\/\/smm-follow.com\/?s={search_term_string}\"},\"query-input\":{\"@type\":\"PropertyValueSpecification\",\"valueRequired\":true,\"valueName\":\"search_term_string\"}}],\"inLanguage\":\"de\"},{\"@type\":\"Organization\",\"@id\":\"https:\/\/smm-follow.com\/#organization\",\"name\":\"SMM FOLLOW\",\"alternateName\":\"Follow 965\",\"url\":\"https:\/\/smm-follow.com\/\",\"logo\":{\"@type\":\"ImageObject\",\"inLanguage\":\"de\",\"@id\":\"https:\/\/smm-follow.com\/#\/schema\/logo\/image\/\",\"url\":\"https:\/\/smm-follow.com\/wp-content\/uploads\/2025\/12\/Logo-smm-follow.jpg\",\"contentUrl\":\"https:\/\/smm-follow.com\/wp-content\/uploads\/2025\/12\/Logo-smm-follow.jpg\",\"width\":1080,\"height\":1080,\"caption\":\"SMM FOLLOW\"},\"image\":{\"@id\":\"https:\/\/smm-follow.com\/#\/schema\/logo\/image\/\"},\"hasMerchantReturnPolicy\":{\"@type\":\"MerchantReturnPolicy\",\"merchantReturnLink\":\"https:\/\/smm-follow.com\/de\/ruckgaberecht\/\"}}]}<\/script>\n<meta property=\"product:brand\" content=\"\u0627\u0646\u0633\u062a\u0642\u0631\u0627\u0645\" \/>\n<meta property=\"product:price:amount\" content=\"0.00\" \/>\n<meta property=\"product:price:currency\" content=\"USD\" \/>\n<meta property=\"og:availability\" content=\"instock\" \/>\n<meta property=\"product:availability\" content=\"instock\" \/>\n<meta property=\"product:condition\" content=\"new\" \/>\n<!-- \/ Yoast SEO Premium plugin. -->","yoast_head_json":{"title":"Instagram-Beitragsspeicherungen kaufen | Permanente Beitragsspeicherungen erh\u00f6hen","description":"Das Speichern eines Instagram-Beitrags beweist, dass deine Inhalte wertvoll sind und es sich lohnt, sie erneut anzusehen. Jedes Speichern verbessert dein Ranking im Algorithmus. Dauerhafte Speicherungen von Nutzern, die deine Inhalte sch\u00e4tzen, sofortige Verf\u00fcgbarkeit.","robots":{"index":"index","follow":"follow","max-snippet":"max-snippet:-1","max-image-preview":"max-image-preview:large","max-video-preview":"max-video-preview:-1"},"canonical":"https:\/\/smm-follow.com\/de\/product\/instagram-kaufen-und-speichern\/","og_locale":"de_DE","og_type":"article","og_title":"\u062d\u0641\u0638 \u0645\u0646\u0634\u0648\u0631 \u0627\u0646\u0633\u062a\u0642\u0631\u0627\u0645","og_description":"\u062d\u0641\u0638 \u0645\u0646\u0634\u0648\u0631 \u0627\u0646\u0633\u062a\u0642\u0631\u0627\u0645 \u064a\u062b\u0628\u062a \u0623\u0646 \u0645\u062d\u062a\u0648\u0627\u0643 \u0630\u0648 \u0642\u064a\u0645\u0629 \u064a\u064f\u0631\u062c\u0639 \u0625\u0644\u064a\u0647. \u0643\u0644 \u062d\u0641\u0638 \u064a\u0631\u0641\u0639 \u0642\u064a\u0645\u062a\u0643 \u0641\u064a \u0627\u0644\u062e\u0648\u0627\u0631\u0632\u0645\u064a\u0629. Saves \u062f\u0627\u0626\u0645\u0629 \u0645\u0646 \u0645\u0633\u062a\u062e\u062f\u0645\u064a\u0646 \u064a\u0642\u062f\u0631\u0648\u0646 \u0645\u062d\u062a\u0648\u0627\u0643\u060c \u062a\u0633\u0644\u064a\u0645 \u0641\u0648\u0631\u064a.","og_url":"https:\/\/smm-follow.com\/de\/product\/instagram-kaufen-und-speichern\/","og_site_name":"SMM Follow","article_modified_time":"2026-01-16T07:17:44+00:00","og_image":[{"width":2560,"height":2560,"url":"https:\/\/smm-follow.com\/wp-content\/uploads\/2025\/12\/\u0633\u064a\u0641-Save-1-scaled-1-1.jpg","type":"image\/jpeg"}],"twitter_card":"summary_large_image","twitter_misc":{"Preis":"&#36;0.00","Verf\u00fcgbarkeit":"Auf Lager"},"schema":{"@context":"https:\/\/schema.org","@graph":[{"@type":"WebPage","@id":"https:\/\/smm-follow.com\/product\/instagram-save\/","url":"https:\/\/smm-follow.com\/product\/instagram-save\/","name":"Instagram-Beitragsspeicherungen kaufen | Permanente Beitragsspeicherungen erh\u00f6hen","isPartOf":{"@id":"https:\/\/smm-follow.com\/#website"},"primaryImageOfPage":{"@id":"https:\/\/smm-follow.com\/product\/instagram-save\/#primaryimage"},"image":{"@id":"https:\/\/smm-follow.com\/product\/instagram-save\/#primaryimage"},"thumbnailUrl":"https:\/\/smm-follow.com\/wp-content\/uploads\/2025\/12\/\u0633\u064a\u0641-Save-1-scaled-1-1.jpg","datePublished":"2025-12-23T11:40:28+00:00","dateModified":"2026-01-16T07:17:44+00:00","description":"Das Speichern eines Instagram-Beitrags beweist, dass deine Inhalte wertvoll sind und es sich lohnt, sie erneut anzusehen. Jedes Speichern verbessert dein Ranking im Algorithmus. Dauerhafte Speicherungen von Nutzern, die deine Inhalte sch\u00e4tzen, sofortige Verf\u00fcgbarkeit.","breadcrumb":{"@id":"https:\/\/smm-follow.com\/product\/instagram-save\/#breadcrumb"},"inLanguage":"de","potentialAction":[{"@type":"ReadAction","target":["https:\/\/smm-follow.com\/product\/instagram-save\/"]}]},{"@type":"ImageObject","inLanguage":"de","@id":"https:\/\/smm-follow.com\/product\/instagram-save\/#primaryimage","url":"https:\/\/smm-follow.com\/wp-content\/uploads\/2025\/12\/\u0633\u064a\u0641-Save-1-scaled-1-1.jpg","contentUrl":"https:\/\/smm-follow.com\/wp-content\/uploads\/2025\/12\/\u0633\u064a\u0641-Save-1-scaled-1-1.jpg","width":2560,"height":2560},{"@type":"BreadcrumbList","@id":"https:\/\/smm-follow.com\/product\/instagram-save\/#breadcrumb","itemListElement":[{"@type":"ListItem","position":1,"name":"\u0627\u0644\u0631\u0626\u064a\u0633\u064a\u0629","item":"https:\/\/smm-follow.com\/"},{"@type":"ListItem","position":2,"name":"\u0627\u0644\u0645\u062a\u062c\u0631","item":"https:\/\/smm-follow.com\/en\/shop\/"},{"@type":"ListItem","position":3,"name":"\u062d\u0641\u0638 \u0645\u0646\u0634\u0648\u0631 \u0627\u0646\u0633\u062a\u0642\u0631\u0627\u0645"}]},{"@type":"WebSite","@id":"https:\/\/smm-follow.com\/#website","url":"https:\/\/smm-follow.com\/","name":"SMM FOLGEN","description":"Eine Plattform, die sich auf Social-Media-Dienste spezialisiert hat, um Follower, Likes und Aufrufe auf Instagram, TikTok, YouTube und anderen Plattformen zu steigern. Sichere Dienste sind in allen L\u00e4ndern verf\u00fcgbar.","publisher":{"@id":"https:\/\/smm-follow.com\/#organization"},"alternateName":"Follow 965 \u0641\u0648\u0644\u0648","potentialAction":[{"@type":"SearchAction","target":{"@type":"EntryPoint","urlTemplate":"https:\/\/smm-follow.com\/?s={search_term_string}"},"query-input":{"@type":"PropertyValueSpecification","valueRequired":true,"valueName":"search_term_string"}}],"inLanguage":"de"},{"@type":"Organization","@id":"https:\/\/smm-follow.com\/#organization","name":"SMM FOLGEN","alternateName":"Follow 965","url":"https:\/\/smm-follow.com\/","logo":{"@type":"ImageObject","inLanguage":"de","@id":"https:\/\/smm-follow.com\/#\/schema\/logo\/image\/","url":"https:\/\/smm-follow.com\/wp-content\/uploads\/2025\/12\/Logo-smm-follow.jpg","contentUrl":"https:\/\/smm-follow.com\/wp-content\/uploads\/2025\/12\/Logo-smm-follow.jpg","width":1080,"height":1080,"caption":"SMM FOLLOW"},"image":{"@id":"https:\/\/smm-follow.com\/#\/schema\/logo\/image\/"},"hasMerchantReturnPolicy":{"@type":"MerchantReturnPolicy","merchantReturnLink":"https:\/\/smm-follow.com\/de\/ruckgaberecht\/"}}]},"product_brand":"\u0627\u0646\u0633\u062a\u0642\u0631\u0627\u0645","product_price_amount":"0.00","product_price_currency":"USD","og_availability":"instock","product_availability":"instock","product_condition":"new"},"_links":{"self":[{"href":"https:\/\/smm-follow.com\/de\/wp-json\/wp\/v2\/product\/92","targetHints":{"allow":["GET"]}}],"collection":[{"href":"https:\/\/smm-follow.com\/de\/wp-json\/wp\/v2\/product"}],"about":[{"href":"https:\/\/smm-follow.com\/de\/wp-json\/wp\/v2\/types\/product"}],"replies":[{"embeddable":true,"href":"https:\/\/smm-follow.com\/de\/wp-json\/wp\/v2\/comments?post=92"}],"wp:featuredmedia":[{"embeddable":true,"href":"https:\/\/smm-follow.com\/de\/wp-json\/wp\/v2\/media\/134"}],"wp:attachment":[{"href":"https:\/\/smm-follow.com\/de\/wp-json\/wp\/v2\/media?parent=92"}],"wp:term":[{"taxonomy":"product_brand","embeddable":true,"href":"https:\/\/smm-follow.com\/de\/wp-json\/wp\/v2\/product_brand?post=92"},{"taxonomy":"product_cat","embeddable":true,"href":"https:\/\/smm-follow.com\/de\/wp-json\/wp\/v2\/product_cat?post=92"},{"taxonomy":"product_tag","embeddable":true,"href":"https:\/\/smm-follow.com\/de\/wp-json\/wp\/v2\/product_tag?post=92"}],"curies":[{"name":"wp","href":"https:\/\/api.w.org\/{rel}","templated":true}]}}