{"id":99,"date":"2025-12-23T14:40:29","date_gmt":"2025-12-23T11:40:29","guid":{"rendered":"https:\/\/smm-follow.com\/?post_type=product&#038;p=99"},"modified":"2026-01-16T10:17:44","modified_gmt":"2026-01-16T07:17:44","slug":"snapchat-followers","status":"publish","type":"product","link":"https:\/\/smm-follow.com\/de\/product\/snapchat-follower-kaufen\/","title":{"rendered":"Snapchat-Follower"},"content":{"rendered":"<div>\n<h1><strong>Snapchat-Follower<\/strong><\/h1>\n<p>Snapchat-Follower aus zuverl\u00e4ssigen Quellen helfen Ihnen, ein breiteres Publikum zu erreichen.<\/p>\n<h2>Hauptmerkmale<\/h2>\n<ul>\n<li><strong>Schnelle Lieferung:<\/strong> Wir werden innerhalb weniger Stunden mit der Implementierung beginnen und diese schrittweise durchf\u00fchren.<\/li>\n<li><strong>Kontinuierliche Unterst\u00fctzung:<\/strong> Unser Support-Team steht Ihnen jederzeit zur Verf\u00fcgung.<\/li>\n<li><strong>Starke Garantie:<\/strong> Wir bieten eine umfassende Servicequalit\u00e4tsgarantie.<\/li>\n<li><strong>Reale Interaktion:<\/strong> Alle Accounts sind auf der Plattform aktiv und interagieren mit anderen Nutzern.<\/li>\n<\/ul>\n<h2>Warum sind wir die beste Wahl?<\/h2>\n<h3><strong>Starke Garantie<\/strong><\/h3>\n<p>Wir bieten eine umfassende Servicequalit\u00e4tsgarantie.<\/p>\n<h3><strong>Reale Interaktion<\/strong><\/h3>\n<p>Alle Accounts sind auf der Plattform aktiv und interagieren mit anderen Nutzern.<\/p>\n<h3><strong>Kontinuierliche Unterst\u00fctzung<\/strong><\/h3>\n<p>Unser Support-Team steht Ihnen jederzeit zur Verf\u00fcgung.<\/p>\n<h2>Hilfreiche Tipps<\/h2>\n<ul>\n<li>\ud83d\udca1 Interagiere mit deinem Publikum, um eine starke Community aufzubauen.<\/li>\n<li>\ud83d\udca1 Verwenden Sie geeignete Hashtags, um die Reichweite zu erh\u00f6hen.<\/li>\n<li>\ud83d\udca1 W\u00e4hle den richtigen Zeitpunkt f\u00fcr deine Ver\u00f6ffentlichung.<\/li>\n<\/ul>\n<h2>H\u00e4ufig gestellte Fragen<\/h2>\n<div>\n<div>\n<h3>Wie lange wird die Implementierung dauern?<\/h3>\n<div>\n<p>Wir beginnen innerhalb weniger Stunden, die Lieferung erfolgt schrittweise.<\/p>\n<\/div>\n<\/div>\n<div>\n<h3>Ist der Dienst sicher?<\/h3>\n<div>\n<p>Ja, 100%, wir verwenden Methoden, die den Plattformrichtlinien entsprechen.<\/p>\n<\/div>\n<\/div>\n<div>\n<h3>Sind die Accounts echt?<\/h3>\n<div>\n<p>Ja, alle Accounts stammen von echten und aktiven Nutzern.<\/p>\n<\/div>\n<\/div>\n<div>\n<h3>Ben\u00f6tigen Sie ein Passwort?<\/h3>\n<div>\n<p>Niemals, nur der Benutzername oder der Kontolink.<\/p>\n<\/div>\n<\/div>\n<\/div>\n<h2>Bereit loszulegen?<\/h2>\n<p><strong>Bestellen Sie jetzt Snapchat-Follower und \u00fcberzeugen Sie sich selbst. Tausende Kunden vertrauen uns t\u00e4glich.<\/strong><\/p>\n<p>Die Bestellung ist schnell und einfach \u2013 sie dauert nur wenige Minuten!<\/p>\n<\/div>","protected":false},"excerpt":{"rendered":"<p>Eine aktive Community, die deine Stories verfolgt! Erhalte Snapchat-Follower von 1001.300 echten Accounts, die aktiv sind und deine Stories t\u00e4glich ansehen. Unser Service baut eine echte Community auf, die mit deinen Stories interagiert. Schrittweise und sichere Lieferung, Pakete von 100.000 bis 50.000 Followern, t\u00e4glich aktive Follower, h\u00f6here Story-Aufrufe, Support rund um die Uhr. Baue deine treue Snapchat-Community auf!<\/p>","protected":false},"featured_media":151,"comment_status":"closed","ping_status":"closed","template":"","meta":[],"product_brand":[],"product_cat":[22,225],"product_tag":[],"class_list":{"0":"post-99","1":"product","2":"type-product","3":"status-publish","4":"has-post-thumbnail","6":"product_cat-snapchat","7":"product_cat-social-media","8":"tm-has-options","10":"first","11":"instock","12":"featured","13":"virtual","14":"taxable","15":"purchasable","16":"product-type-simple"},"yoast_head":"<!-- This site is optimized with the Yoast SEO Premium plugin v21.7 (Yoast SEO v27.1.1) - https:\/\/yoast.com\/product\/yoast-seo-premium-wordpress\/ -->\n<title>\u0634\u0631\u0627\u0621 \u0645\u062a\u0627\u0628\u0639\u064a\u0646 \u0633\u0646\u0627\u0628 \u0634\u0627\u062a | \u0632\u064a\u0627\u062f\u0629 Snapchat Followers \u0646\u0634\u0637\u064a\u0646<\/title>\n<meta name=\"description\" content=\"\u0645\u062a\u0627\u0628\u0639\u064a\u0646 \u0633\u0646\u0627\u0628 \u0634\u0627\u062a \u0645\u0646 \u062d\u0633\u0627\u0628\u0627\u062a \u062d\u0642\u064a\u0642\u064a\u0629 \u062a\u0634\u0627\u0647\u062f \u0633\u062a\u0648\u0631\u064a\u0627\u062a\u0643 \u0628\u0634\u0643\u0644 \u064a\u0648\u0645\u064a. \u0645\u0646 100 \u0644\u0640 50K \u0645\u062a\u0627\u0628\u0639\u060c \u062a\u0633\u0644\u064a\u0645 \u062a\u062f\u0631\u064a\u062c\u064a\u060c \u0645\u062a\u0627\u0628\u0639\u0648\u0646 \u0646\u0634\u0637\u0648\u0646\u060c \u0645\u0634\u0627\u0647\u062f\u0627\u062a \u0633\u062a\u0648\u0631\u064a\u0627\u062a \u0623\u0639\u0644\u0649\u060c \u0628\u0646\u0627\u0621 \u062c\u0645\u0647\u0648\u0631 \u0645\u062e\u0644\u0635.\" \/>\n<meta name=\"robots\" content=\"index, follow, max-snippet:-1, max-image-preview:large, max-video-preview:-1\" \/>\n<link rel=\"canonical\" href=\"https:\/\/smm-follow.com\/de\/product\/snapchat-follower-kaufen\/\" \/>\n<meta property=\"og:locale\" content=\"de_DE\" \/>\n<meta property=\"og:type\" content=\"article\" \/>\n<meta property=\"og:title\" content=\"\u0645\u062a\u0627\u0628\u0639\u064a\u0646 \u0633\u0646\u0627\u0628 \u0634\u0627\u062a\" \/>\n<meta property=\"og:description\" content=\"\u0645\u062a\u0627\u0628\u0639\u064a\u0646 \u0633\u0646\u0627\u0628 \u0634\u0627\u062a \u0645\u0646 \u062d\u0633\u0627\u0628\u0627\u062a \u062d\u0642\u064a\u0642\u064a\u0629 \u062a\u0634\u0627\u0647\u062f \u0633\u062a\u0648\u0631\u064a\u0627\u062a\u0643 \u0628\u0634\u0643\u0644 \u064a\u0648\u0645\u064a. \u0645\u0646 100 \u0644\u0640 50K \u0645\u062a\u0627\u0628\u0639\u060c \u062a\u0633\u0644\u064a\u0645 \u062a\u062f\u0631\u064a\u062c\u064a\u060c \u0645\u062a\u0627\u0628\u0639\u0648\u0646 \u0646\u0634\u0637\u0648\u0646\u060c \u0645\u0634\u0627\u0647\u062f\u0627\u062a \u0633\u062a\u0648\u0631\u064a\u0627\u062a \u0623\u0639\u0644\u0649\u060c \u0628\u0646\u0627\u0621 \u062c\u0645\u0647\u0648\u0631 \u0645\u062e\u0644\u0635.\" \/>\n<meta property=\"og:url\" content=\"https:\/\/smm-follow.com\/de\/product\/snapchat-follower-kaufen\/\" \/>\n<meta property=\"og:site_name\" content=\"SMM Follow\" \/>\n<meta property=\"article:modified_time\" content=\"2026-01-16T07:17:44+00:00\" \/>\n<meta property=\"og:image\" content=\"https:\/\/smm-follow.com\/wp-content\/uploads\/2025\/12\/7-scaled-1-1.jpg\" \/>\n\t<meta property=\"og:image:width\" content=\"2560\" \/>\n\t<meta property=\"og:image:height\" content=\"2560\" \/>\n\t<meta property=\"og:image:type\" content=\"image\/jpeg\" \/>\n<meta name=\"twitter:card\" content=\"summary_large_image\" \/>\n<meta name=\"twitter:label1\" content=\"Preis\" \/>\n\t<meta name=\"twitter:data1\" content=\"&#036;0.00\" \/>\n\t<meta name=\"twitter:label2\" content=\"Verf\u00fcgbarkeit\" \/>\n\t<meta name=\"twitter:data2\" content=\"Auf Lager\" \/>\n<script type=\"application\/ld+json\" class=\"yoast-schema-graph\">{\"@context\":\"https:\/\/schema.org\",\"@graph\":[{\"@type\":\"WebPage\",\"@id\":\"https:\/\/smm-follow.com\/product\/snapchat-followers\/\",\"url\":\"https:\/\/smm-follow.com\/product\/snapchat-followers\/\",\"name\":\"\u0634\u0631\u0627\u0621 \u0645\u062a\u0627\u0628\u0639\u064a\u0646 \u0633\u0646\u0627\u0628 \u0634\u0627\u062a | \u0632\u064a\u0627\u062f\u0629 Snapchat Followers \u0646\u0634\u0637\u064a\u0646\",\"isPartOf\":{\"@id\":\"https:\/\/smm-follow.com\/#website\"},\"primaryImageOfPage\":{\"@id\":\"https:\/\/smm-follow.com\/product\/snapchat-followers\/#primaryimage\"},\"image\":{\"@id\":\"https:\/\/smm-follow.com\/product\/snapchat-followers\/#primaryimage\"},\"thumbnailUrl\":\"https:\/\/smm-follow.com\/wp-content\/uploads\/2025\/12\/7-scaled-1-1.jpg\",\"datePublished\":\"2025-12-23T11:40:29+00:00\",\"dateModified\":\"2026-01-16T07:17:44+00:00\",\"description\":\"\u0645\u062a\u0627\u0628\u0639\u064a\u0646 \u0633\u0646\u0627\u0628 \u0634\u0627\u062a \u0645\u0646 \u062d\u0633\u0627\u0628\u0627\u062a \u062d\u0642\u064a\u0642\u064a\u0629 \u062a\u0634\u0627\u0647\u062f \u0633\u062a\u0648\u0631\u064a\u0627\u062a\u0643 \u0628\u0634\u0643\u0644 \u064a\u0648\u0645\u064a. \u0645\u0646 100 \u0644\u0640 50K \u0645\u062a\u0627\u0628\u0639\u060c \u062a\u0633\u0644\u064a\u0645 \u062a\u062f\u0631\u064a\u062c\u064a\u060c \u0645\u062a\u0627\u0628\u0639\u0648\u0646 \u0646\u0634\u0637\u0648\u0646\u060c \u0645\u0634\u0627\u0647\u062f\u0627\u062a \u0633\u062a\u0648\u0631\u064a\u0627\u062a \u0623\u0639\u0644\u0649\u060c \u0628\u0646\u0627\u0621 \u062c\u0645\u0647\u0648\u0631 \u0645\u062e\u0644\u0635.\",\"breadcrumb\":{\"@id\":\"https:\/\/smm-follow.com\/product\/snapchat-followers\/#breadcrumb\"},\"inLanguage\":\"de\",\"potentialAction\":[{\"@type\":\"ReadAction\",\"target\":[\"https:\/\/smm-follow.com\/product\/snapchat-followers\/\"]}]},{\"@type\":\"ImageObject\",\"inLanguage\":\"de\",\"@id\":\"https:\/\/smm-follow.com\/product\/snapchat-followers\/#primaryimage\",\"url\":\"https:\/\/smm-follow.com\/wp-content\/uploads\/2025\/12\/7-scaled-1-1.jpg\",\"contentUrl\":\"https:\/\/smm-follow.com\/wp-content\/uploads\/2025\/12\/7-scaled-1-1.jpg\",\"width\":2560,\"height\":2560},{\"@type\":\"BreadcrumbList\",\"@id\":\"https:\/\/smm-follow.com\/product\/snapchat-followers\/#breadcrumb\",\"itemListElement\":[{\"@type\":\"ListItem\",\"position\":1,\"name\":\"\u0627\u0644\u0631\u0626\u064a\u0633\u064a\u0629\",\"item\":\"https:\/\/smm-follow.com\/\"},{\"@type\":\"ListItem\",\"position\":2,\"name\":\"\u0627\u0644\u0645\u062a\u062c\u0631\",\"item\":\"https:\/\/smm-follow.com\/en\/shop\/\"},{\"@type\":\"ListItem\",\"position\":3,\"name\":\"\u0645\u062a\u0627\u0628\u0639\u064a\u0646 \u0633\u0646\u0627\u0628 \u0634\u0627\u062a\"}]},{\"@type\":\"WebSite\",\"@id\":\"https:\/\/smm-follow.com\/#website\",\"url\":\"https:\/\/smm-follow.com\/\",\"name\":\"SMM FOLLOW\",\"description\":\"\u0645\u0646\u0635\u0629 \u0645\u062a\u062e\u0635\u0635\u0629 \u0641\u064a \u062e\u062f\u0645\u0627\u062a \u0645\u0648\u0627\u0642\u0639 \u0627\u0644\u062a\u0648\u0627\u0635\u0644 \u0627\u0644\u0627\u062c\u062a\u0645\u0627\u0639\u064a \u0644\u0632\u064a\u0627\u062f\u0629 \u0627\u0644\u0645\u062a\u0627\u0628\u0639\u064a\u0646\u060c \u0627\u0644\u0644\u0627\u064a\u0643\u0627\u062a\u060c \u0648\u0627\u0644\u0645\u0634\u0627\u0647\u062f\u0627\u062a \u0639\u0644\u0649 \u0625\u0646\u0633\u062a\u0642\u0631\u0627\u0645\u060c \u062a\u064a\u0643 \u062a\u0648\u0643\u060c \u064a\u0648\u062a\u064a\u0648\u0628 \u0648\u063a\u064a\u0631\u0647\u0627. \u062e\u062f\u0645\u0627\u062a \u0622\u0645\u0646\u0629 \u0644\u062c\u0645\u064a\u0639 \u0627\u0644\u062f\u0648\u0644\",\"publisher\":{\"@id\":\"https:\/\/smm-follow.com\/#organization\"},\"alternateName\":\"Follow 965 \u0641\u0648\u0644\u0648\",\"potentialAction\":[{\"@type\":\"SearchAction\",\"target\":{\"@type\":\"EntryPoint\",\"urlTemplate\":\"https:\/\/smm-follow.com\/?s={search_term_string}\"},\"query-input\":{\"@type\":\"PropertyValueSpecification\",\"valueRequired\":true,\"valueName\":\"search_term_string\"}}],\"inLanguage\":\"de\"},{\"@type\":\"Organization\",\"@id\":\"https:\/\/smm-follow.com\/#organization\",\"name\":\"SMM FOLLOW\",\"alternateName\":\"Follow 965\",\"url\":\"https:\/\/smm-follow.com\/\",\"logo\":{\"@type\":\"ImageObject\",\"inLanguage\":\"de\",\"@id\":\"https:\/\/smm-follow.com\/#\/schema\/logo\/image\/\",\"url\":\"https:\/\/smm-follow.com\/wp-content\/uploads\/2025\/12\/Logo-smm-follow.jpg\",\"contentUrl\":\"https:\/\/smm-follow.com\/wp-content\/uploads\/2025\/12\/Logo-smm-follow.jpg\",\"width\":1080,\"height\":1080,\"caption\":\"SMM FOLLOW\"},\"image\":{\"@id\":\"https:\/\/smm-follow.com\/#\/schema\/logo\/image\/\"},\"hasMerchantReturnPolicy\":{\"@type\":\"MerchantReturnPolicy\",\"merchantReturnLink\":\"https:\/\/smm-follow.com\/de\/ruckgaberecht\/\"}}]}<\/script>\n<meta property=\"product:brand\" content=\"\u0633\u0646\u0627\u0628\" \/>\n<meta property=\"product:price:amount\" content=\"0.00\" \/>\n<meta property=\"product:price:currency\" content=\"USD\" \/>\n<meta property=\"og:availability\" content=\"instock\" \/>\n<meta property=\"product:availability\" content=\"instock\" \/>\n<meta property=\"product:condition\" content=\"new\" \/>\n<!-- \/ Yoast SEO Premium plugin. -->","yoast_head_json":{"title":"Snapchat-Follower kaufen | Mehr aktive Snapchat-Follower","description":"Snapchat-Follower von echten Accounts, die deine Stories t\u00e4glich ansehen. Von 100 auf 50.000 Follower, schrittweiser Zuwachs, aktive Follower, h\u00f6here Story-Aufrufe \u2013 f\u00fcr den Aufbau einer treuen Community.","robots":{"index":"index","follow":"follow","max-snippet":"max-snippet:-1","max-image-preview":"max-image-preview:large","max-video-preview":"max-video-preview:-1"},"canonical":"https:\/\/smm-follow.com\/de\/product\/snapchat-follower-kaufen\/","og_locale":"de_DE","og_type":"article","og_title":"\u0645\u062a\u0627\u0628\u0639\u064a\u0646 \u0633\u0646\u0627\u0628 \u0634\u0627\u062a","og_description":"\u0645\u062a\u0627\u0628\u0639\u064a\u0646 \u0633\u0646\u0627\u0628 \u0634\u0627\u062a \u0645\u0646 \u062d\u0633\u0627\u0628\u0627\u062a \u062d\u0642\u064a\u0642\u064a\u0629 \u062a\u0634\u0627\u0647\u062f \u0633\u062a\u0648\u0631\u064a\u0627\u062a\u0643 \u0628\u0634\u0643\u0644 \u064a\u0648\u0645\u064a. \u0645\u0646 100 \u0644\u0640 50K \u0645\u062a\u0627\u0628\u0639\u060c \u062a\u0633\u0644\u064a\u0645 \u062a\u062f\u0631\u064a\u062c\u064a\u060c \u0645\u062a\u0627\u0628\u0639\u0648\u0646 \u0646\u0634\u0637\u0648\u0646\u060c \u0645\u0634\u0627\u0647\u062f\u0627\u062a \u0633\u062a\u0648\u0631\u064a\u0627\u062a \u0623\u0639\u0644\u0649\u060c \u0628\u0646\u0627\u0621 \u062c\u0645\u0647\u0648\u0631 \u0645\u062e\u0644\u0635.","og_url":"https:\/\/smm-follow.com\/de\/product\/snapchat-follower-kaufen\/","og_site_name":"SMM Follow","article_modified_time":"2026-01-16T07:17:44+00:00","og_image":[{"width":2560,"height":2560,"url":"https:\/\/smm-follow.com\/wp-content\/uploads\/2025\/12\/7-scaled-1-1.jpg","type":"image\/jpeg"}],"twitter_card":"summary_large_image","twitter_misc":{"Preis":"&#36;0.00","Verf\u00fcgbarkeit":"Auf Lager"},"schema":{"@context":"https:\/\/schema.org","@graph":[{"@type":"WebPage","@id":"https:\/\/smm-follow.com\/product\/snapchat-followers\/","url":"https:\/\/smm-follow.com\/product\/snapchat-followers\/","name":"Snapchat-Follower kaufen | Mehr aktive Snapchat-Follower","isPartOf":{"@id":"https:\/\/smm-follow.com\/#website"},"primaryImageOfPage":{"@id":"https:\/\/smm-follow.com\/product\/snapchat-followers\/#primaryimage"},"image":{"@id":"https:\/\/smm-follow.com\/product\/snapchat-followers\/#primaryimage"},"thumbnailUrl":"https:\/\/smm-follow.com\/wp-content\/uploads\/2025\/12\/7-scaled-1-1.jpg","datePublished":"2025-12-23T11:40:29+00:00","dateModified":"2026-01-16T07:17:44+00:00","description":"Snapchat-Follower von echten Accounts, die deine Stories t\u00e4glich ansehen. Von 100 auf 50.000 Follower, schrittweiser Zuwachs, aktive Follower, h\u00f6here Story-Aufrufe \u2013 f\u00fcr den Aufbau einer treuen Community.","breadcrumb":{"@id":"https:\/\/smm-follow.com\/product\/snapchat-followers\/#breadcrumb"},"inLanguage":"de","potentialAction":[{"@type":"ReadAction","target":["https:\/\/smm-follow.com\/product\/snapchat-followers\/"]}]},{"@type":"ImageObject","inLanguage":"de","@id":"https:\/\/smm-follow.com\/product\/snapchat-followers\/#primaryimage","url":"https:\/\/smm-follow.com\/wp-content\/uploads\/2025\/12\/7-scaled-1-1.jpg","contentUrl":"https:\/\/smm-follow.com\/wp-content\/uploads\/2025\/12\/7-scaled-1-1.jpg","width":2560,"height":2560},{"@type":"BreadcrumbList","@id":"https:\/\/smm-follow.com\/product\/snapchat-followers\/#breadcrumb","itemListElement":[{"@type":"ListItem","position":1,"name":"\u0627\u0644\u0631\u0626\u064a\u0633\u064a\u0629","item":"https:\/\/smm-follow.com\/"},{"@type":"ListItem","position":2,"name":"\u0627\u0644\u0645\u062a\u062c\u0631","item":"https:\/\/smm-follow.com\/en\/shop\/"},{"@type":"ListItem","position":3,"name":"\u0645\u062a\u0627\u0628\u0639\u064a\u0646 \u0633\u0646\u0627\u0628 \u0634\u0627\u062a"}]},{"@type":"WebSite","@id":"https:\/\/smm-follow.com\/#website","url":"https:\/\/smm-follow.com\/","name":"SMM FOLGEN","description":"Eine Plattform, die sich auf Social-Media-Dienste spezialisiert hat, um Follower, Likes und Aufrufe auf Instagram, TikTok, YouTube und anderen Plattformen zu steigern. Sichere Dienste sind in allen L\u00e4ndern verf\u00fcgbar.","publisher":{"@id":"https:\/\/smm-follow.com\/#organization"},"alternateName":"Follow 965 \u0641\u0648\u0644\u0648","potentialAction":[{"@type":"SearchAction","target":{"@type":"EntryPoint","urlTemplate":"https:\/\/smm-follow.com\/?s={search_term_string}"},"query-input":{"@type":"PropertyValueSpecification","valueRequired":true,"valueName":"search_term_string"}}],"inLanguage":"de"},{"@type":"Organization","@id":"https:\/\/smm-follow.com\/#organization","name":"SMM FOLGEN","alternateName":"Follow 965","url":"https:\/\/smm-follow.com\/","logo":{"@type":"ImageObject","inLanguage":"de","@id":"https:\/\/smm-follow.com\/#\/schema\/logo\/image\/","url":"https:\/\/smm-follow.com\/wp-content\/uploads\/2025\/12\/Logo-smm-follow.jpg","contentUrl":"https:\/\/smm-follow.com\/wp-content\/uploads\/2025\/12\/Logo-smm-follow.jpg","width":1080,"height":1080,"caption":"SMM FOLLOW"},"image":{"@id":"https:\/\/smm-follow.com\/#\/schema\/logo\/image\/"},"hasMerchantReturnPolicy":{"@type":"MerchantReturnPolicy","merchantReturnLink":"https:\/\/smm-follow.com\/de\/ruckgaberecht\/"}}]},"product_brand":"\u0633\u0646\u0627\u0628","product_price_amount":"0.00","product_price_currency":"USD","og_availability":"instock","product_availability":"instock","product_condition":"new"},"_links":{"self":[{"href":"https:\/\/smm-follow.com\/de\/wp-json\/wp\/v2\/product\/99","targetHints":{"allow":["GET"]}}],"collection":[{"href":"https:\/\/smm-follow.com\/de\/wp-json\/wp\/v2\/product"}],"about":[{"href":"https:\/\/smm-follow.com\/de\/wp-json\/wp\/v2\/types\/product"}],"replies":[{"embeddable":true,"href":"https:\/\/smm-follow.com\/de\/wp-json\/wp\/v2\/comments?post=99"}],"wp:featuredmedia":[{"embeddable":true,"href":"https:\/\/smm-follow.com\/de\/wp-json\/wp\/v2\/media\/151"}],"wp:attachment":[{"href":"https:\/\/smm-follow.com\/de\/wp-json\/wp\/v2\/media?parent=99"}],"wp:term":[{"taxonomy":"product_brand","embeddable":true,"href":"https:\/\/smm-follow.com\/de\/wp-json\/wp\/v2\/product_brand?post=99"},{"taxonomy":"product_cat","embeddable":true,"href":"https:\/\/smm-follow.com\/de\/wp-json\/wp\/v2\/product_cat?post=99"},{"taxonomy":"product_tag","embeddable":true,"href":"https:\/\/smm-follow.com\/de\/wp-json\/wp\/v2\/product_tag?post=99"}],"curies":[{"name":"wp","href":"https:\/\/api.w.org\/{rel}","templated":true}]}}