{"id":65583,"date":"2025-12-27T21:09:20","date_gmt":"2025-12-27T18:09:20","guid":{"rendered":"https:\/\/smm-follow.com\/?page_id=65583"},"modified":"2025-12-27T21:10:35","modified_gmt":"2025-12-27T18:10:35","slug":"privacy-policy","status":"publish","type":"page","link":"https:\/\/smm-follow.com\/es\/politica-de-privacidad\/","title":{"rendered":"pol\u00edtica de privacidad"},"content":{"rendered":"<div style=\"direction: rtl; text-align: right;\">\n<h1>Pol\u00edtica de privacidad \u2013 SMM Follow<\/h1>\n<p>Bienvenido a nuestro sitio web <strong>SMM Seguir<\/strong>.<br \/>\nDamos la m\u00e1xima importancia a la privacidad de nuestros usuarios y estamos comprometidos a proteger todos los datos.<br \/>\nInformaci\u00f3n recopilada durante su uso de nuestro sitio web y servicios.<br \/>\nEsta pol\u00edtica explica c\u00f3mo se recopila, utiliza y protege la informaci\u00f3n.<\/p>\n<h2>1. La informaci\u00f3n que recopilamos<\/h2>\n<p>Al utilizar el sitio web de SMM Follow, podemos recopilar cierta informaci\u00f3n b\u00e1sica,<br \/>\nEsto tiene como objetivo proporcionar servicios y mejorar la experiencia del usuario, e incluye:<\/p>\n<ul>\n<li>Nombre (si lo hay)<\/li>\n<li>correo electr\u00f3nico<\/li>\n<li>Informaci\u00f3n b\u00e1sica de contacto<\/li>\n<li>Detalles de las solicitudes y servicios requeridos<\/li>\n<li>Enlaces a cuentas o contenidos en los que se requiere el servicio<\/li>\n<\/ul>\n<p>Confirmamos que <strong>No pedimos contrase\u00f1as.<\/strong> o cualquier dato de inicio de sesi\u00f3n<br \/>\nEspec\u00edficamente para cuentas de redes sociales.<\/p>\n<h2>2. C\u00f3mo utilizar la informaci\u00f3n<\/h2>\n<p>La informaci\u00f3n que recopilamos se utiliza para los siguientes fines:<\/p>\n<ul>\n<li>Cumplir con las solicitudes y proporcionar los servicios requeridos<\/li>\n<li>Contactar al cliente con respecto al pedido o soporte t\u00e9cnico<\/li>\n<li>Mejorar la calidad del servicio y la experiencia del usuario<\/li>\n<li>Env\u00edo de notificaciones o actualizaciones relacionadas con los servicios (cuando sea necesario)<\/li>\n<\/ul>\n<h2>3. Protecci\u00f3n de datos e informaci\u00f3n<\/h2>\n<p>Nos comprometemos a tomar las medidas t\u00e9cnicas y organizativas adecuadas para proteger<br \/>\nLa informaci\u00f3n del usuario est\u00e1 protegida contra acceso, uso y modificaci\u00f3n no autorizados.<br \/>\nTambi\u00e9n utilizamos sistemas seguros para procesar solicitudes y datos.<\/p>\n<h2>4. Compartir informaci\u00f3n con terceros<\/h2>\n<p>No vendemos, alquilamos ni compartimos datos de los usuarios con terceros.<br \/>\nSalvo en los casos necesarios para el funcionamiento del sitio o la prestaci\u00f3n del servicio.<br \/>\n(como proveedores de pagos o servicios t\u00e9cnicos),<br \/>\nRespetando la confidencialidad de los datos.<\/p>\n<h2>5. Galletas<\/h2>\n<p>El sitio web de SMM Follow puede utilizar cookies.<br \/>\nPara mejorar la experiencia de navegaci\u00f3n y analizar el uso del sitio web.<br \/>\nEl usuario puede controlar la configuraci\u00f3n de las cookies.<br \/>\nA trav\u00e9s de la configuraci\u00f3n de su navegador.<\/p>\n<h2>6. Privacidad de los servicios de redes sociales<\/h2>\n<p>Nuestros servicios se basan en atender solicitudes relacionadas con cuentas o contenido p\u00fablico.<br \/>\nEn las plataformas de redes sociales.<br \/>\nNo solicitamos acceso a las cuentas y no conservamos ning\u00fan dato.<br \/>\nPermite el control o acceso a cuentas de usuario.<\/p>\n<h2>7. Enlaces a sitios web externos<\/h2>\n<p>Nuestro sitio web puede contener enlaces a sitios web o servicios externos.<br \/>\nNo somos responsables de las pol\u00edticas de privacidad ni del contenido de esos sitios web.<br \/>\nEs recomendable revisar sus pol\u00edticas de privacidad al visitarlos.<\/p>\n<h2>8. Derechos del usuario<\/h2>\n<p>El usuario tiene derecho a:<\/p>\n<ul>\n<li>Solicitud para saber qu\u00e9 datos tenemos sobre \u00e9l<\/li>\n<li>Solicitud de correcci\u00f3n o eliminaci\u00f3n de datos personales<\/li>\n<li>Cont\u00e1ctenos con cualquier pregunta relacionada con la privacidad.<\/li>\n<\/ul>\n<h2>9. Modificaciones a la Pol\u00edtica de Privacidad<\/h2>\n<p>SMM Follow se reserva el derecho de modificar su pol\u00edtica de privacidad.<br \/>\nEn cualquier momento cuando sea necesario.<br \/>\nCualquier actualizaci\u00f3n se publicar\u00e1 en esta p\u00e1gina.<br \/>\nEl uso continuado del sitio constituye la aceptaci\u00f3n de los cambios.<\/p>\n<h2>10. Cont\u00e1ctenos<\/h2>\n<p>Si tiene alguna pregunta o comentario sobre la pol\u00edtica de privacidad,<br \/>\nPuede ponerse en contacto con nosotros a trav\u00e9s de los m\u00e9todos de contacto disponibles en el sitio web de SMM Follow.<\/p>\n<p>Al utilizar el sitio <strong>SMM Seguir<\/strong>Al hacerlo, usted acepta esta pol\u00edtica de privacidad.<br \/>\nY se ajusta a lo que all\u00ed se establece.<\/p>\n<\/div>","protected":false},"excerpt":{"rendered":"<p>\u0633\u064a\u0627\u0633\u0629 \u0627\u0644\u062e\u0635\u0648\u0635\u064a\u0629 \u2013 SMM Follow \u0646\u0631\u062d\u0628 \u0628\u0643\u0645 \u0641\u064a \u0645\u0648\u0642\u0639 SMM Follow. \u0646\u062d\u0646 \u0646\u0648\u0644\u064a \u062e\u0635\u0648\u0635\u064a\u0629 \u0645\u0633\u062a\u062e\u062f\u0645\u064a\u0646\u0627 \u0623\u0647\u0645\u064a\u0629 \u0642\u0635\u0648\u0649\u060c \u0648\u0646\u0644\u062a\u0632\u0645 \u0628\u062d\u0645\u0627\u064a\u0629 \u062c\u0645\u064a\u0639 \u0627\u0644\u0628\u064a\u0627\u0646\u0627\u062a \u0648\u0627\u0644\u0645\u0639\u0644\u0648\u0645\u0627\u062a \u0627\u0644\u062a\u064a \u064a\u062a\u0645 \u062c\u0645\u0639\u0647\u0627 \u0623\u062b\u0646\u0627\u0621 \u0627\u0633\u062a\u062e\u062f\u0627\u0645\u0643\u0645 \u0644\u0645\u0648\u0642\u0639\u0646\u0627 \u0648\u062e\u062f\u0645\u0627\u062a\u0646\u0627. \u062a\u0648\u0636\u062d \u0647\u0630\u0647 \u0627\u0644\u0633\u064a\u0627\u0633\u0629 \u0643\u064a\u0641\u064a\u0629 \u062c\u0645\u0639 \u0627\u0644\u0645\u0639\u0644\u0648\u0645\u0627\u062a \u0648\u0627\u0633\u062a\u062e\u062f\u0627\u0645\u0647\u0627 \u0648\u062d\u0645\u0627\u064a\u062a\u0647\u0627. 1. \u0627\u0644\u0645\u0639\u0644\u0648\u0645\u0627\u062a \u0627\u0644\u062a\u064a \u0646\u0642\u0648\u0645 \u0628\u062c\u0645\u0639\u0647\u0627 \u0639\u0646\u062f \u0627\u0633\u062a\u062e\u062f\u0627\u0645 \u0645\u0648\u0642\u0639 SMM Follow\u060c \u0642\u062f \u0646\u0642\u0648\u0645 \u0628\u062c\u0645\u0639 \u0628\u0639\u0636 \u0627\u0644\u0645\u0639\u0644\u0648\u0645\u0627\u062a \u0627\u0644\u0623\u0633\u0627\u0633\u064a\u0629\u060c \u0648\u0630\u0644\u0643 \u0628\u0647\u062f\u0641 [&hellip;]<\/p>\n","protected":false},"author":7899,"featured_media":0,"parent":0,"menu_order":0,"comment_status":"closed","ping_status":"closed","template":"","meta":{"footnotes":""},"class_list":["post-65583","page","type-page","status-publish","hentry"],"yoast_head":"<!-- This site is optimized with the Yoast SEO Premium plugin v21.7 (Yoast SEO v27.3) - https:\/\/yoast.com\/product\/yoast-seo-premium-wordpress\/ -->\n<title>\u0633\u064a\u0627\u0633\u0629 \u0627\u0644\u062e\u0635\u0648\u0635\u064a\u0629 - SMM Follow<\/title>\n<meta name=\"robots\" content=\"index, follow, max-snippet:-1, max-image-preview:large, max-video-preview:-1\" \/>\n<link rel=\"canonical\" href=\"https:\/\/smm-follow.com\/es\/politica-de-privacidad\/\" \/>\n<meta property=\"og:locale\" content=\"es_ES\" \/>\n<meta property=\"og:type\" content=\"article\" \/>\n<meta property=\"og:title\" content=\"\u0633\u064a\u0627\u0633\u0629 \u0627\u0644\u062e\u0635\u0648\u0635\u064a\u0629\" \/>\n<meta property=\"og:description\" content=\"\u0633\u064a\u0627\u0633\u0629 \u0627\u0644\u062e\u0635\u0648\u0635\u064a\u0629 \u2013 SMM Follow \u0646\u0631\u062d\u0628 \u0628\u0643\u0645 \u0641\u064a \u0645\u0648\u0642\u0639 SMM Follow. \u0646\u062d\u0646 \u0646\u0648\u0644\u064a \u062e\u0635\u0648\u0635\u064a\u0629 \u0645\u0633\u062a\u062e\u062f\u0645\u064a\u0646\u0627 \u0623\u0647\u0645\u064a\u0629 \u0642\u0635\u0648\u0649\u060c \u0648\u0646\u0644\u062a\u0632\u0645 \u0628\u062d\u0645\u0627\u064a\u0629 \u062c\u0645\u064a\u0639 \u0627\u0644\u0628\u064a\u0627\u0646\u0627\u062a \u0648\u0627\u0644\u0645\u0639\u0644\u0648\u0645\u0627\u062a \u0627\u0644\u062a\u064a \u064a\u062a\u0645 \u062c\u0645\u0639\u0647\u0627 \u0623\u062b\u0646\u0627\u0621 \u0627\u0633\u062a\u062e\u062f\u0627\u0645\u0643\u0645 \u0644\u0645\u0648\u0642\u0639\u0646\u0627 \u0648\u062e\u062f\u0645\u0627\u062a\u0646\u0627. \u062a\u0648\u0636\u062d \u0647\u0630\u0647 \u0627\u0644\u0633\u064a\u0627\u0633\u0629 \u0643\u064a\u0641\u064a\u0629 \u062c\u0645\u0639 \u0627\u0644\u0645\u0639\u0644\u0648\u0645\u0627\u062a \u0648\u0627\u0633\u062a\u062e\u062f\u0627\u0645\u0647\u0627 \u0648\u062d\u0645\u0627\u064a\u062a\u0647\u0627. 1. \u0627\u0644\u0645\u0639\u0644\u0648\u0645\u0627\u062a \u0627\u0644\u062a\u064a \u0646\u0642\u0648\u0645 \u0628\u062c\u0645\u0639\u0647\u0627 \u0639\u0646\u062f \u0627\u0633\u062a\u062e\u062f\u0627\u0645 \u0645\u0648\u0642\u0639 SMM Follow\u060c \u0642\u062f \u0646\u0642\u0648\u0645 \u0628\u062c\u0645\u0639 \u0628\u0639\u0636 \u0627\u0644\u0645\u0639\u0644\u0648\u0645\u0627\u062a \u0627\u0644\u0623\u0633\u0627\u0633\u064a\u0629\u060c \u0648\u0630\u0644\u0643 \u0628\u0647\u062f\u0641 [&hellip;]\" \/>\n<meta property=\"og:url\" content=\"https:\/\/smm-follow.com\/es\/politica-de-privacidad\/\" \/>\n<meta property=\"og:site_name\" content=\"SMM Follow\" \/>\n<meta property=\"article:modified_time\" content=\"2025-12-27T18:10:35+00:00\" \/>\n<meta property=\"og:image\" content=\"https:\/\/smm-follow.com\/wp-content\/uploads\/2025\/12\/Banner-smm-scaled.jpg\" \/>\n\t<meta property=\"og:image:width\" content=\"2560\" \/>\n\t<meta property=\"og:image:height\" content=\"997\" \/>\n\t<meta property=\"og:image:type\" content=\"image\/jpeg\" \/>\n<meta name=\"twitter:card\" content=\"summary_large_image\" \/>\n<meta name=\"twitter:label1\" content=\"Tiempo de lectura\" \/>\n\t<meta name=\"twitter:data1\" content=\"3 minutos\" \/>\n<script type=\"application\/ld+json\" class=\"yoast-schema-graph\">{\"@context\":\"https:\\\/\\\/schema.org\",\"@graph\":[{\"@type\":\"WebPage\",\"@id\":\"https:\\\/\\\/smm-follow.com\\\/privacy-policy\\\/\",\"url\":\"https:\\\/\\\/smm-follow.com\\\/privacy-policy\\\/\",\"name\":\"\u0633\u064a\u0627\u0633\u0629 \u0627\u0644\u062e\u0635\u0648\u0635\u064a\u0629 - SMM Follow\",\"isPartOf\":{\"@id\":\"https:\\\/\\\/smm-follow.com\\\/#website\"},\"datePublished\":\"2025-12-27T18:09:20+00:00\",\"dateModified\":\"2025-12-27T18:10:35+00:00\",\"breadcrumb\":{\"@id\":\"https:\\\/\\\/smm-follow.com\\\/privacy-policy\\\/#breadcrumb\"},\"inLanguage\":\"es\",\"potentialAction\":[{\"@type\":\"ReadAction\",\"target\":[\"https:\\\/\\\/smm-follow.com\\\/privacy-policy\\\/\"]}]},{\"@type\":\"BreadcrumbList\",\"@id\":\"https:\\\/\\\/smm-follow.com\\\/privacy-policy\\\/#breadcrumb\",\"itemListElement\":[{\"@type\":\"ListItem\",\"position\":1,\"name\":\"\u0627\u0644\u0631\u0626\u064a\u0633\u064a\u0629\",\"item\":\"https:\\\/\\\/smm-follow.com\\\/\"},{\"@type\":\"ListItem\",\"position\":2,\"name\":\"\u0633\u064a\u0627\u0633\u0629 \u0627\u0644\u062e\u0635\u0648\u0635\u064a\u0629\"}]},{\"@type\":\"WebSite\",\"@id\":\"https:\\\/\\\/smm-follow.com\\\/#website\",\"url\":\"https:\\\/\\\/smm-follow.com\\\/\",\"name\":\"SMM FOLLOW\",\"description\":\"\u0645\u0646\u0635\u0629 \u0645\u062a\u062e\u0635\u0635\u0629 \u0641\u064a \u062e\u062f\u0645\u0627\u062a \u0645\u0648\u0627\u0642\u0639 \u0627\u0644\u062a\u0648\u0627\u0635\u0644 \u0627\u0644\u0627\u062c\u062a\u0645\u0627\u0639\u064a \u0644\u0632\u064a\u0627\u062f\u0629 \u0627\u0644\u0645\u062a\u0627\u0628\u0639\u064a\u0646\u060c \u0627\u0644\u0644\u0627\u064a\u0643\u0627\u062a\u060c \u0648\u0627\u0644\u0645\u0634\u0627\u0647\u062f\u0627\u062a \u0639\u0644\u0649 \u0625\u0646\u0633\u062a\u0642\u0631\u0627\u0645\u060c \u062a\u064a\u0643 \u062a\u0648\u0643\u060c \u064a\u0648\u062a\u064a\u0648\u0628 \u0648\u063a\u064a\u0631\u0647\u0627. \u062e\u062f\u0645\u0627\u062a \u0622\u0645\u0646\u0629 \u0644\u062c\u0645\u064a\u0639 \u0627\u0644\u062f\u0648\u0644\",\"publisher\":{\"@id\":\"https:\\\/\\\/smm-follow.com\\\/#organization\"},\"alternateName\":\"Follow 965 \u0641\u0648\u0644\u0648\",\"potentialAction\":[{\"@type\":\"SearchAction\",\"target\":{\"@type\":\"EntryPoint\",\"urlTemplate\":\"https:\\\/\\\/smm-follow.com\\\/?s={search_term_string}\"},\"query-input\":{\"@type\":\"PropertyValueSpecification\",\"valueRequired\":true,\"valueName\":\"search_term_string\"}}],\"inLanguage\":\"es\"},{\"@type\":\"Organization\",\"@id\":\"https:\\\/\\\/smm-follow.com\\\/#organization\",\"name\":\"SMM FOLLOW\",\"alternateName\":\"Follow 965\",\"url\":\"https:\\\/\\\/smm-follow.com\\\/\",\"logo\":{\"@type\":\"ImageObject\",\"inLanguage\":\"es\",\"@id\":\"https:\\\/\\\/smm-follow.com\\\/#\\\/schema\\\/logo\\\/image\\\/\",\"url\":\"https:\\\/\\\/smm-follow.com\\\/wp-content\\\/uploads\\\/2025\\\/12\\\/Logo-smm-follow.jpg\",\"contentUrl\":\"https:\\\/\\\/smm-follow.com\\\/wp-content\\\/uploads\\\/2025\\\/12\\\/Logo-smm-follow.jpg\",\"width\":1080,\"height\":1080,\"caption\":\"SMM FOLLOW\"},\"image\":{\"@id\":\"https:\\\/\\\/smm-follow.com\\\/#\\\/schema\\\/logo\\\/image\\\/\"},\"hasMerchantReturnPolicy\":{\"@type\":\"MerchantReturnPolicy\",\"merchantReturnLink\":\"https:\\\/\\\/smm-follow.com\\\/es\\\/politica-de-devoluciones\\\/\"}}]}<\/script>\n<!-- \/ Yoast SEO Premium plugin. -->","yoast_head_json":{"title":"Pol\u00edtica de privacidad - SMM Seguir","robots":{"index":"index","follow":"follow","max-snippet":"max-snippet:-1","max-image-preview":"max-image-preview:large","max-video-preview":"max-video-preview:-1"},"canonical":"https:\/\/smm-follow.com\/es\/politica-de-privacidad\/","og_locale":"es_ES","og_type":"article","og_title":"\u0633\u064a\u0627\u0633\u0629 \u0627\u0644\u062e\u0635\u0648\u0635\u064a\u0629","og_description":"\u0633\u064a\u0627\u0633\u0629 \u0627\u0644\u062e\u0635\u0648\u0635\u064a\u0629 \u2013 SMM Follow \u0646\u0631\u062d\u0628 \u0628\u0643\u0645 \u0641\u064a \u0645\u0648\u0642\u0639 SMM Follow. \u0646\u062d\u0646 \u0646\u0648\u0644\u064a \u062e\u0635\u0648\u0635\u064a\u0629 \u0645\u0633\u062a\u062e\u062f\u0645\u064a\u0646\u0627 \u0623\u0647\u0645\u064a\u0629 \u0642\u0635\u0648\u0649\u060c \u0648\u0646\u0644\u062a\u0632\u0645 \u0628\u062d\u0645\u0627\u064a\u0629 \u062c\u0645\u064a\u0639 \u0627\u0644\u0628\u064a\u0627\u0646\u0627\u062a \u0648\u0627\u0644\u0645\u0639\u0644\u0648\u0645\u0627\u062a \u0627\u0644\u062a\u064a \u064a\u062a\u0645 \u062c\u0645\u0639\u0647\u0627 \u0623\u062b\u0646\u0627\u0621 \u0627\u0633\u062a\u062e\u062f\u0627\u0645\u0643\u0645 \u0644\u0645\u0648\u0642\u0639\u0646\u0627 \u0648\u062e\u062f\u0645\u0627\u062a\u0646\u0627. \u062a\u0648\u0636\u062d \u0647\u0630\u0647 \u0627\u0644\u0633\u064a\u0627\u0633\u0629 \u0643\u064a\u0641\u064a\u0629 \u062c\u0645\u0639 \u0627\u0644\u0645\u0639\u0644\u0648\u0645\u0627\u062a \u0648\u0627\u0633\u062a\u062e\u062f\u0627\u0645\u0647\u0627 \u0648\u062d\u0645\u0627\u064a\u062a\u0647\u0627. 1. \u0627\u0644\u0645\u0639\u0644\u0648\u0645\u0627\u062a \u0627\u0644\u062a\u064a \u0646\u0642\u0648\u0645 \u0628\u062c\u0645\u0639\u0647\u0627 \u0639\u0646\u062f \u0627\u0633\u062a\u062e\u062f\u0627\u0645 \u0645\u0648\u0642\u0639 SMM Follow\u060c \u0642\u062f \u0646\u0642\u0648\u0645 \u0628\u062c\u0645\u0639 \u0628\u0639\u0636 \u0627\u0644\u0645\u0639\u0644\u0648\u0645\u0627\u062a \u0627\u0644\u0623\u0633\u0627\u0633\u064a\u0629\u060c \u0648\u0630\u0644\u0643 \u0628\u0647\u062f\u0641 [&hellip;]","og_url":"https:\/\/smm-follow.com\/es\/politica-de-privacidad\/","og_site_name":"SMM Follow","article_modified_time":"2025-12-27T18:10:35+00:00","og_image":[{"width":2560,"height":997,"url":"https:\/\/smm-follow.com\/wp-content\/uploads\/2025\/12\/Banner-smm-scaled.jpg","type":"image\/jpeg"}],"twitter_card":"summary_large_image","twitter_misc":{"Tiempo de lectura":"3 minutos"},"schema":{"@context":"https:\/\/schema.org","@graph":[{"@type":"WebPage","@id":"https:\/\/smm-follow.com\/privacy-policy\/","url":"https:\/\/smm-follow.com\/privacy-policy\/","name":"Pol\u00edtica de privacidad - SMM Seguir","isPartOf":{"@id":"https:\/\/smm-follow.com\/#website"},"datePublished":"2025-12-27T18:09:20+00:00","dateModified":"2025-12-27T18:10:35+00:00","breadcrumb":{"@id":"https:\/\/smm-follow.com\/privacy-policy\/#breadcrumb"},"inLanguage":"es","potentialAction":[{"@type":"ReadAction","target":["https:\/\/smm-follow.com\/privacy-policy\/"]}]},{"@type":"BreadcrumbList","@id":"https:\/\/smm-follow.com\/privacy-policy\/#breadcrumb","itemListElement":[{"@type":"ListItem","position":1,"name":"\u0627\u0644\u0631\u0626\u064a\u0633\u064a\u0629","item":"https:\/\/smm-follow.com\/"},{"@type":"ListItem","position":2,"name":"\u0633\u064a\u0627\u0633\u0629 \u0627\u0644\u062e\u0635\u0648\u0635\u064a\u0629"}]},{"@type":"WebSite","@id":"https:\/\/smm-follow.com\/#website","url":"https:\/\/smm-follow.com\/","name":"SEGUIR SMM","description":"Una plataforma especializada en servicios de redes sociales para aumentar seguidores, &quot;me gusta&quot; y visualizaciones en Instagram, TikTok, YouTube y m\u00e1s. Servicios seguros disponibles en todos los pa\u00edses.","publisher":{"@id":"https:\/\/smm-follow.com\/#organization"},"alternateName":"Follow 965 \u0641\u0648\u0644\u0648","potentialAction":[{"@type":"SearchAction","target":{"@type":"EntryPoint","urlTemplate":"https:\/\/smm-follow.com\/?s={search_term_string}"},"query-input":{"@type":"PropertyValueSpecification","valueRequired":true,"valueName":"search_term_string"}}],"inLanguage":"es"},{"@type":"Organization","@id":"https:\/\/smm-follow.com\/#organization","name":"SEGUIR SMM","alternateName":"Follow 965","url":"https:\/\/smm-follow.com\/","logo":{"@type":"ImageObject","inLanguage":"es","@id":"https:\/\/smm-follow.com\/#\/schema\/logo\/image\/","url":"https:\/\/smm-follow.com\/wp-content\/uploads\/2025\/12\/Logo-smm-follow.jpg","contentUrl":"https:\/\/smm-follow.com\/wp-content\/uploads\/2025\/12\/Logo-smm-follow.jpg","width":1080,"height":1080,"caption":"SMM FOLLOW"},"image":{"@id":"https:\/\/smm-follow.com\/#\/schema\/logo\/image\/"},"hasMerchantReturnPolicy":{"@type":"MerchantReturnPolicy","merchantReturnLink":"https:\/\/smm-follow.com\/es\/politica-de-devoluciones\/"}}]}},"_links":{"self":[{"href":"https:\/\/smm-follow.com\/es\/wp-json\/wp\/v2\/pages\/65583","targetHints":{"allow":["GET"]}}],"collection":[{"href":"https:\/\/smm-follow.com\/es\/wp-json\/wp\/v2\/pages"}],"about":[{"href":"https:\/\/smm-follow.com\/es\/wp-json\/wp\/v2\/types\/page"}],"author":[{"embeddable":true,"href":"https:\/\/smm-follow.com\/es\/wp-json\/wp\/v2\/users\/7899"}],"replies":[{"embeddable":true,"href":"https:\/\/smm-follow.com\/es\/wp-json\/wp\/v2\/comments?post=65583"}],"version-history":[{"count":0,"href":"https:\/\/smm-follow.com\/es\/wp-json\/wp\/v2\/pages\/65583\/revisions"}],"wp:attachment":[{"href":"https:\/\/smm-follow.com\/es\/wp-json\/wp\/v2\/media?parent=65583"}],"curies":[{"name":"wp","href":"https:\/\/api.w.org\/{rel}","templated":true}]}}