{"id":103,"date":"2025-12-23T14:40:29","date_gmt":"2025-12-23T11:40:29","guid":{"rendered":"https:\/\/smm-follow.com\/?post_type=product&#038;p=103"},"modified":"2026-01-16T10:17:44","modified_gmt":"2026-01-16T07:17:44","slug":"instagram-profile-visitors","status":"publish","type":"product","link":"https:\/\/smm-follow.com\/es\/product\/comprar-visitantes-perfil-instagram\/","title":{"rendered":"Visitantes de Instagram"},"content":{"rendered":"<h1>Comprar visitantes reales de Instagram: La estrategia inteligente para potenciar tu perfil<\/h1>\n<p>\u00bfAlguna vez te has preguntado cu\u00e1l es el secreto detr\u00e1s de las cuentas de Instagram exitosas? <strong>Comprar visitantes reales de Instagram<\/strong> Esto representa una estrategia crucial. De hecho, un gran n\u00famero de visitantes env\u00eda se\u00f1ales muy positivas, fortaleciendo su posici\u00f3n y brind\u00e1ndole una clara ventaja competitiva.<\/p>\n<p>Adem\u00e1s, <strong>Visitantes de Instagram<\/strong> Los seguidores activos no solo aumentan tus cifras, sino que tambi\u00e9n generan credibilidad e inter\u00e9s en tu contenido. Como resultado, tu cuenta se vuelve m\u00e1s atractiva tanto para el algoritmo como para los usuarios habituales.<\/p>\n<h2>\u00bfPor qu\u00e9 es importante invertir en visitantes reales de Instagram?<\/h2>\n<p>En resumen, no se trata solo de n\u00fameros; se trata de capital social. Por ejemplo, una cuenta con un alto nivel de visitas genera confianza inmediata.<\/p>\n<h3>Mejorar la credibilidad y el atractivo social inmediato<\/h3>\n<p>En primer lugar, <strong>Visitar perfil<\/strong> Es una interacci\u00f3n m\u00e1s profunda que simplemente dar &quot;me gusta&quot;. En otras palabras, indica una curiosidad genuina sobre qui\u00e9n eres o tu contenido. Por lo tanto, <strong>Conseguir visitantes en Instagram<\/strong> Construye peri\u00f3dicamente una imagen para una cuenta deseable e influyente.<\/p>\n<h3>Aprovecha el algoritmo de Instagram a tu favor<\/h3>\n<p>Adem\u00e1s, el algoritmo monitorea de cerca el comportamiento del usuario. Por lo tanto, cuando detecta un flujo continuo hacia... <strong>Tu perfil de Instagram<\/strong>Empiezas a interpretarlo como un signo de calidad y relevancia, mejorando en \u00faltima instancia el alcance de tus publicaciones y tus posibilidades de aparecer en la p\u00e1gina Explorar.<\/p>\n<h3>Abriendo puertas a oportunidades profesionales y de negocio<\/h3>\n<p>Por otro lado, los profesionales del marketing y las marcas buscan indicadores de rendimiento reales. En este caso, se considera la tasa. <strong>Visitantes de Instagram<\/strong> La puntuaci\u00f3n alta es una prueba tangible de la capacidad de atraer la atenci\u00f3n, lo que aumenta enormemente las posibilidades de una colaboraci\u00f3n apoyada.<\/p>\n<h2>Ventajas de nuestro servicio para conseguir visitas en Instagram<\/h2>\n<h3>Calidad inigualable: Visitantes de cuentas reales y activas<\/h3>\n<p>Ante todo, creemos que la calidad es lo primero. Por eso nos aseguramos de que cada <strong>Visitantes reales de Instagram<\/strong> Provienen de cuentas personales reales y activas. Esto no es solo una opci\u00f3n, sino una garant\u00eda de la seguridad y la credibilidad duradera de su cuenta.<\/p>\n<h3>Velocidad de ejecuci\u00f3n: Los resultados comienzan en minutos.<\/h3>\n<p>Mientras otros servicios se retrasan, comenzamos a enviar visitantes durante <strong>5-15 minutos<\/strong> Solo tras la confirmaci\u00f3n del pedido. Y lo que es m\u00e1s importante, garantizamos una entrega gradual y sin contratiempos, garantizando as\u00ed una completa integraci\u00f3n con el entorno de la plataforma.<\/p>\n<h3>Seguridad absoluta: Tu privacidad est\u00e1 100% protegida.<\/h3>\n<p>Vale la pena se\u00f1alar que nosotros <strong>Nunca preguntamos<\/strong> No se requiere la contrase\u00f1a de su cuenta ni ning\u00fan dato confidencial. Todo el proceso utiliza \u00fanicamente su nombre de usuario, lo que garantiza una experiencia segura y fluida de principio a fin.<\/p>\n<h3>Garant\u00eda de continuidad: protegiendo su inversi\u00f3n a largo plazo<\/h3>\n<p>Para fortalecer su confianza, le ofrecemos: <strong>garant\u00eda de 6 meses<\/strong>. Por lo tanto, en caso de cualquier escasez imprevista, la compensaremos de inmediato. Esto se debe a que confiamos en la fiabilidad y consistencia de nuestro servicio.<\/p>\n<h2>Pasos sencillos para comenzar tu viaje de crecimiento<\/h2>\n<ol>\n<li><strong>Elige un paquete:<\/strong> Determinar el n\u00famero apropiado de <strong>Visitantes de Instagram<\/strong> Que se adapte a tus objetivos.<\/li>\n<li><strong>Comparte tus datos:<\/strong> Env\u00ede su nombre de usuario (por ejemplo, @sunombre) para su cuenta.<\/li>\n<li><strong>Completar el pago:<\/strong> Utilice los m\u00e9todos de pago seguros y r\u00e1pidos disponibles.<\/li>\n<li><strong>Vea los resultados:<\/strong> Monitoreo del aumento de las estad\u00edsticas del perfil en tiempo r\u00e9cord.<\/li>\n<\/ol>\n<h2>Comparar paquetes y precios<\/h2>\n<table>\n<thead>\n<tr>\n<th>El paquete<\/th>\n<th>N\u00famero de visitantes<\/th>\n<th>Grupo objetivo<\/th>\n<th>Caracter\u00edstica clave<\/th>\n<\/tr>\n<\/thead>\n<tbody>\n<tr>\n<td><strong>el comienzo<\/strong><\/td>\n<td>500 \u2013 1.000<\/td>\n<td>Nuevas cuentas personales<\/td>\n<td>Establecer una base s\u00f3lida de confianza<\/td>\n<\/tr>\n<tr>\n<td><strong>impacto<\/strong><\/td>\n<td>2.500 \u2013 5.000<\/td>\n<td>Creadores de contenido emergentes<\/td>\n<td>Mejorar la visibilidad y atraer la atenci\u00f3n<\/td>\n<\/tr>\n<tr>\n<td><strong>Profesionalismo<\/strong><\/td>\n<td>10.000 \u2013 25.000<\/td>\n<td>Marcas e influencers<\/td>\n<td>Construir una posici\u00f3n de liderazgo y atraer alianzas<\/td>\n<\/tr>\n<\/tbody>\n<\/table>\n<h2>Preguntas frecuentes sobre c\u00f3mo aumentar el n\u00famero de visitantes del perfil<\/h2>\n<h3>\u00bfPuedo averiguar la identidad de los visitantes?<\/h3>\n<p>Para aclarar, Instagram no proporciona esta informaci\u00f3n a los usuarios. Nuestro servicio infla la cifra total en las estad\u00edsticas, mejorando la imagen p\u00fablica y el atractivo de tu cuenta sin revelar tu identidad.<\/p>\n<h3>\u00bfQu\u00e9 impacto tendr\u00e1 este servicio en la seguridad de mi cuenta?<\/h3>\n<p>Por supuesto, el servicio es completamente seguro. Dado que utilizamos cuentas reales y m\u00e9todos que cumplen con las normas, no exponemos su cuenta a ning\u00fan riesgo de bloqueos ni sanciones.<\/p>\n<h3>\u00bfC\u00f3mo puedo aprovecharlo al m\u00e1ximo?<\/h3>\n<p>Para obtener mejores resultados, recomendamos combinar este servicio con:<\/p>\n<ul>\n<li>m\u00e1s <strong>Seguidores de Instagram<\/strong> Activo en la conversi\u00f3n de visitantes en una audiencia leal.<\/li>\n<li>Fortalecimiento <strong>Interacci\u00f3n posterior<\/strong> A trav\u00e9s de me gusta y comentarios para crear un ciclo de interacci\u00f3n positivo.<\/li>\n<\/ul>\n<h2>Pr\u00f3ximo paso: comience a convertir a sus visitantes en \u00e9xito tangible<\/h2>\n<p>En conclusi\u00f3n, <strong>Comprar visitantes reales de Instagram<\/strong> Es m\u00e1s que una simple mejora estad\u00edstica; es una inversi\u00f3n en el futuro de tu cuenta digital. Con nuestra garant\u00eda de calidad, velocidad y seguridad, est\u00e1s a un paso de transformar tu interacci\u00f3n en la plataforma.<\/p>\n<p><strong>No esperes que el crecimiento llegue a ti, comienza a atraerlo ahora.<\/strong><\/p>","protected":false},"excerpt":{"rendered":"<p>\u00a1Servicio profesional premium! Consigue visitantes de Instagram 100 % reales, activos e interactivos de fuentes genuinas. Crecimiento r\u00e1pido y seguro que respeta las pol\u00edticas de la plataforma. Entrega inmediata, paquetes flexibles, garant\u00eda completa, sin necesidad de contrase\u00f1a, soporte 24\/7. \u00a1Resultados garantizados o te devolvemos tu dinero!<\/p>","protected":false},"featured_media":156,"comment_status":"closed","ping_status":"closed","template":"","meta":[],"product_brand":[],"product_cat":[19,225],"product_tag":[],"class_list":{"0":"post-103","1":"product","2":"type-product","3":"status-publish","4":"has-post-thumbnail","6":"product_cat-instagram","7":"product_cat-social-media","8":"tm-has-options","10":"first","11":"instock","12":"virtual","13":"taxable","14":"purchasable","15":"product-type-simple"},"yoast_head":"<!-- This site is optimized with the Yoast SEO Premium plugin v21.7 (Yoast SEO v27.1.1) - https:\/\/yoast.com\/product\/yoast-seo-premium-wordpress\/ -->\n<title>\u0634\u0631\u0627\u0621 \u0632\u0648\u0627\u0631 \u0627\u0646\u0633\u062a\u0642\u0631\u0627\u0645 | \u0632\u064a\u0627\u062f\u0629 Profile Visitors \u062d\u0642\u064a\u0642\u064a\u064a\u0646<\/title>\n<meta name=\"description\" content=\"\u0632\u0648\u0627\u0631 \u0627\u0646\u0633\u062a\u0642\u0631\u0627\u0645 \u062d\u0642\u064a\u0642\u064a\u0648\u0646 \u064a\u0632\u0648\u0631\u0648\u0646 \u0645\u0644\u0641\u0643 \u0627\u0644\u0634\u062e\u0635\u064a \u0648\u064a\u062a\u0635\u0641\u062d\u0648\u0646 \u0645\u062d\u062a\u0648\u0627\u0643. \u0643\u0644 \u0632\u064a\u0627\u0631\u0629 \u0641\u0631\u0635\u0629 \u0644\u0644\u0645\u062a\u0627\u0628\u0639\u0629. \u0645\u0646 1K \u0644\u0640 100K \u0632\u0627\u0626\u0631\u060c \u062a\u0633\u0644\u064a\u0645 \u0641\u0648\u0631\u064a\u060c \u0627\u0643\u062a\u0634\u0627\u0641 \u0648\u0627\u0633\u0639\u060c \u0632\u064a\u0627\u062f\u0629 \u0627\u0644\u0645\u062a\u0627\u0628\u0639\u064a\u0646.\" \/>\n<meta name=\"robots\" content=\"index, follow, max-snippet:-1, max-image-preview:large, max-video-preview:-1\" \/>\n<link rel=\"canonical\" href=\"https:\/\/smm-follow.com\/es\/product\/comprar-visitantes-perfil-instagram\/\" \/>\n<meta property=\"og:locale\" content=\"es_ES\" \/>\n<meta property=\"og:type\" content=\"article\" \/>\n<meta property=\"og:title\" content=\"\u0632\u0648\u0627\u0631 \u0627\u0646\u0633\u062a\u0642\u0631\u0627\u0645\" \/>\n<meta property=\"og:description\" content=\"\u0632\u0648\u0627\u0631 \u0627\u0646\u0633\u062a\u0642\u0631\u0627\u0645 \u062d\u0642\u064a\u0642\u064a\u0648\u0646 \u064a\u0632\u0648\u0631\u0648\u0646 \u0645\u0644\u0641\u0643 \u0627\u0644\u0634\u062e\u0635\u064a \u0648\u064a\u062a\u0635\u0641\u062d\u0648\u0646 \u0645\u062d\u062a\u0648\u0627\u0643. \u0643\u0644 \u0632\u064a\u0627\u0631\u0629 \u0641\u0631\u0635\u0629 \u0644\u0644\u0645\u062a\u0627\u0628\u0639\u0629. \u0645\u0646 1K \u0644\u0640 100K \u0632\u0627\u0626\u0631\u060c \u062a\u0633\u0644\u064a\u0645 \u0641\u0648\u0631\u064a\u060c \u0627\u0643\u062a\u0634\u0627\u0641 \u0648\u0627\u0633\u0639\u060c \u0632\u064a\u0627\u062f\u0629 \u0627\u0644\u0645\u062a\u0627\u0628\u0639\u064a\u0646.\" \/>\n<meta property=\"og:url\" content=\"https:\/\/smm-follow.com\/es\/product\/comprar-visitantes-perfil-instagram\/\" \/>\n<meta property=\"og:site_name\" content=\"SMM Follow\" \/>\n<meta property=\"article:modified_time\" content=\"2026-01-16T07:17:44+00:00\" \/>\n<meta property=\"og:image\" content=\"https:\/\/smm-follow.com\/wp-content\/uploads\/2025\/12\/Picsart_24-01-21_18-57-12-391-scaled-1-1-1.jpg\" \/>\n\t<meta property=\"og:image:width\" content=\"2560\" \/>\n\t<meta property=\"og:image:height\" content=\"2560\" \/>\n\t<meta property=\"og:image:type\" content=\"image\/jpeg\" \/>\n<meta name=\"twitter:card\" content=\"summary_large_image\" \/>\n<meta name=\"twitter:label1\" content=\"Precio\" \/>\n\t<meta name=\"twitter:data1\" content=\"&#036;0.00\" \/>\n\t<meta name=\"twitter:label2\" content=\"Disponibilidad\" \/>\n\t<meta name=\"twitter:data2\" content=\"Disponible\" \/>\n<script type=\"application\/ld+json\" class=\"yoast-schema-graph\">{\"@context\":\"https:\/\/schema.org\",\"@graph\":[{\"@type\":\"WebPage\",\"@id\":\"https:\/\/smm-follow.com\/product\/instagram-profile-visitors\/\",\"url\":\"https:\/\/smm-follow.com\/product\/instagram-profile-visitors\/\",\"name\":\"\u0634\u0631\u0627\u0621 \u0632\u0648\u0627\u0631 \u0627\u0646\u0633\u062a\u0642\u0631\u0627\u0645 | \u0632\u064a\u0627\u062f\u0629 Profile Visitors \u062d\u0642\u064a\u0642\u064a\u064a\u0646\",\"isPartOf\":{\"@id\":\"https:\/\/smm-follow.com\/#website\"},\"primaryImageOfPage\":{\"@id\":\"https:\/\/smm-follow.com\/product\/instagram-profile-visitors\/#primaryimage\"},\"image\":{\"@id\":\"https:\/\/smm-follow.com\/product\/instagram-profile-visitors\/#primaryimage\"},\"thumbnailUrl\":\"https:\/\/smm-follow.com\/wp-content\/uploads\/2025\/12\/Picsart_24-01-21_18-57-12-391-scaled-1-1-1.jpg\",\"datePublished\":\"2025-12-23T11:40:29+00:00\",\"dateModified\":\"2026-01-16T07:17:44+00:00\",\"description\":\"\u0632\u0648\u0627\u0631 \u0627\u0646\u0633\u062a\u0642\u0631\u0627\u0645 \u062d\u0642\u064a\u0642\u064a\u0648\u0646 \u064a\u0632\u0648\u0631\u0648\u0646 \u0645\u0644\u0641\u0643 \u0627\u0644\u0634\u062e\u0635\u064a \u0648\u064a\u062a\u0635\u0641\u062d\u0648\u0646 \u0645\u062d\u062a\u0648\u0627\u0643. \u0643\u0644 \u0632\u064a\u0627\u0631\u0629 \u0641\u0631\u0635\u0629 \u0644\u0644\u0645\u062a\u0627\u0628\u0639\u0629. \u0645\u0646 1K \u0644\u0640 100K \u0632\u0627\u0626\u0631\u060c \u062a\u0633\u0644\u064a\u0645 \u0641\u0648\u0631\u064a\u060c \u0627\u0643\u062a\u0634\u0627\u0641 \u0648\u0627\u0633\u0639\u060c \u0632\u064a\u0627\u062f\u0629 \u0627\u0644\u0645\u062a\u0627\u0628\u0639\u064a\u0646.\",\"breadcrumb\":{\"@id\":\"https:\/\/smm-follow.com\/product\/instagram-profile-visitors\/#breadcrumb\"},\"inLanguage\":\"es\",\"potentialAction\":[{\"@type\":\"ReadAction\",\"target\":[\"https:\/\/smm-follow.com\/product\/instagram-profile-visitors\/\"]}]},{\"@type\":\"ImageObject\",\"inLanguage\":\"es\",\"@id\":\"https:\/\/smm-follow.com\/product\/instagram-profile-visitors\/#primaryimage\",\"url\":\"https:\/\/smm-follow.com\/wp-content\/uploads\/2025\/12\/Picsart_24-01-21_18-57-12-391-scaled-1-1-1.jpg\",\"contentUrl\":\"https:\/\/smm-follow.com\/wp-content\/uploads\/2025\/12\/Picsart_24-01-21_18-57-12-391-scaled-1-1-1.jpg\",\"width\":2560,\"height\":2560},{\"@type\":\"BreadcrumbList\",\"@id\":\"https:\/\/smm-follow.com\/product\/instagram-profile-visitors\/#breadcrumb\",\"itemListElement\":[{\"@type\":\"ListItem\",\"position\":1,\"name\":\"\u0627\u0644\u0631\u0626\u064a\u0633\u064a\u0629\",\"item\":\"https:\/\/smm-follow.com\/\"},{\"@type\":\"ListItem\",\"position\":2,\"name\":\"\u0627\u0644\u0645\u062a\u062c\u0631\",\"item\":\"https:\/\/smm-follow.com\/en\/shop\/\"},{\"@type\":\"ListItem\",\"position\":3,\"name\":\"\u0632\u0648\u0627\u0631 \u0627\u0646\u0633\u062a\u0642\u0631\u0627\u0645\"}]},{\"@type\":\"WebSite\",\"@id\":\"https:\/\/smm-follow.com\/#website\",\"url\":\"https:\/\/smm-follow.com\/\",\"name\":\"SMM FOLLOW\",\"description\":\"\u0645\u0646\u0635\u0629 \u0645\u062a\u062e\u0635\u0635\u0629 \u0641\u064a \u062e\u062f\u0645\u0627\u062a \u0645\u0648\u0627\u0642\u0639 \u0627\u0644\u062a\u0648\u0627\u0635\u0644 \u0627\u0644\u0627\u062c\u062a\u0645\u0627\u0639\u064a \u0644\u0632\u064a\u0627\u062f\u0629 \u0627\u0644\u0645\u062a\u0627\u0628\u0639\u064a\u0646\u060c \u0627\u0644\u0644\u0627\u064a\u0643\u0627\u062a\u060c \u0648\u0627\u0644\u0645\u0634\u0627\u0647\u062f\u0627\u062a \u0639\u0644\u0649 \u0625\u0646\u0633\u062a\u0642\u0631\u0627\u0645\u060c \u062a\u064a\u0643 \u062a\u0648\u0643\u060c \u064a\u0648\u062a\u064a\u0648\u0628 \u0648\u063a\u064a\u0631\u0647\u0627. \u062e\u062f\u0645\u0627\u062a \u0622\u0645\u0646\u0629 \u0644\u062c\u0645\u064a\u0639 \u0627\u0644\u062f\u0648\u0644\",\"publisher\":{\"@id\":\"https:\/\/smm-follow.com\/#organization\"},\"alternateName\":\"Follow 965 \u0641\u0648\u0644\u0648\",\"potentialAction\":[{\"@type\":\"SearchAction\",\"target\":{\"@type\":\"EntryPoint\",\"urlTemplate\":\"https:\/\/smm-follow.com\/?s={search_term_string}\"},\"query-input\":{\"@type\":\"PropertyValueSpecification\",\"valueRequired\":true,\"valueName\":\"search_term_string\"}}],\"inLanguage\":\"es\"},{\"@type\":\"Organization\",\"@id\":\"https:\/\/smm-follow.com\/#organization\",\"name\":\"SMM FOLLOW\",\"alternateName\":\"Follow 965\",\"url\":\"https:\/\/smm-follow.com\/\",\"logo\":{\"@type\":\"ImageObject\",\"inLanguage\":\"es\",\"@id\":\"https:\/\/smm-follow.com\/#\/schema\/logo\/image\/\",\"url\":\"https:\/\/smm-follow.com\/wp-content\/uploads\/2025\/12\/Logo-smm-follow.jpg\",\"contentUrl\":\"https:\/\/smm-follow.com\/wp-content\/uploads\/2025\/12\/Logo-smm-follow.jpg\",\"width\":1080,\"height\":1080,\"caption\":\"SMM FOLLOW\"},\"image\":{\"@id\":\"https:\/\/smm-follow.com\/#\/schema\/logo\/image\/\"},\"hasMerchantReturnPolicy\":{\"@type\":\"MerchantReturnPolicy\",\"merchantReturnLink\":\"https:\/\/smm-follow.com\/es\/politica-de-devoluciones\/\"}}]}<\/script>\n<meta property=\"product:brand\" content=\"\u0627\u0646\u0633\u062a\u0642\u0631\u0627\u0645\" \/>\n<meta property=\"product:price:amount\" content=\"0.00\" \/>\n<meta property=\"product:price:currency\" content=\"USD\" \/>\n<meta property=\"og:availability\" content=\"instock\" \/>\n<meta property=\"product:availability\" content=\"instock\" \/>\n<meta property=\"product:condition\" content=\"new\" \/>\n<!-- \/ Yoast SEO Premium plugin. -->","yoast_head_json":{"title":"Comprar visitas de Instagram | Aumentar las visitas reales a tu perfil","description":"Visitantes reales de Instagram que visitan tu perfil y exploran tu contenido. Cada visita es una oportunidad para seguirte. De 1000 a 100\u00a0000 visitantes, entrega instant\u00e1nea, amplia visibilidad y m\u00e1s seguidores.","robots":{"index":"index","follow":"follow","max-snippet":"max-snippet:-1","max-image-preview":"max-image-preview:large","max-video-preview":"max-video-preview:-1"},"canonical":"https:\/\/smm-follow.com\/es\/product\/comprar-visitantes-perfil-instagram\/","og_locale":"es_ES","og_type":"article","og_title":"\u0632\u0648\u0627\u0631 \u0627\u0646\u0633\u062a\u0642\u0631\u0627\u0645","og_description":"\u0632\u0648\u0627\u0631 \u0627\u0646\u0633\u062a\u0642\u0631\u0627\u0645 \u062d\u0642\u064a\u0642\u064a\u0648\u0646 \u064a\u0632\u0648\u0631\u0648\u0646 \u0645\u0644\u0641\u0643 \u0627\u0644\u0634\u062e\u0635\u064a \u0648\u064a\u062a\u0635\u0641\u062d\u0648\u0646 \u0645\u062d\u062a\u0648\u0627\u0643. \u0643\u0644 \u0632\u064a\u0627\u0631\u0629 \u0641\u0631\u0635\u0629 \u0644\u0644\u0645\u062a\u0627\u0628\u0639\u0629. \u0645\u0646 1K \u0644\u0640 100K \u0632\u0627\u0626\u0631\u060c \u062a\u0633\u0644\u064a\u0645 \u0641\u0648\u0631\u064a\u060c \u0627\u0643\u062a\u0634\u0627\u0641 \u0648\u0627\u0633\u0639\u060c \u0632\u064a\u0627\u062f\u0629 \u0627\u0644\u0645\u062a\u0627\u0628\u0639\u064a\u0646.","og_url":"https:\/\/smm-follow.com\/es\/product\/comprar-visitantes-perfil-instagram\/","og_site_name":"SMM Follow","article_modified_time":"2026-01-16T07:17:44+00:00","og_image":[{"width":2560,"height":2560,"url":"https:\/\/smm-follow.com\/wp-content\/uploads\/2025\/12\/Picsart_24-01-21_18-57-12-391-scaled-1-1-1.jpg","type":"image\/jpeg"}],"twitter_card":"summary_large_image","twitter_misc":{"Precio":"&#36;0.00","Disponibilidad":"Disponible"},"schema":{"@context":"https:\/\/schema.org","@graph":[{"@type":"WebPage","@id":"https:\/\/smm-follow.com\/product\/instagram-profile-visitors\/","url":"https:\/\/smm-follow.com\/product\/instagram-profile-visitors\/","name":"Comprar visitas de Instagram | Aumentar las visitas reales a tu perfil","isPartOf":{"@id":"https:\/\/smm-follow.com\/#website"},"primaryImageOfPage":{"@id":"https:\/\/smm-follow.com\/product\/instagram-profile-visitors\/#primaryimage"},"image":{"@id":"https:\/\/smm-follow.com\/product\/instagram-profile-visitors\/#primaryimage"},"thumbnailUrl":"https:\/\/smm-follow.com\/wp-content\/uploads\/2025\/12\/Picsart_24-01-21_18-57-12-391-scaled-1-1-1.jpg","datePublished":"2025-12-23T11:40:29+00:00","dateModified":"2026-01-16T07:17:44+00:00","description":"Visitantes reales de Instagram que visitan tu perfil y exploran tu contenido. Cada visita es una oportunidad para seguirte. De 1000 a 100\u00a0000 visitantes, entrega instant\u00e1nea, amplia visibilidad y m\u00e1s seguidores.","breadcrumb":{"@id":"https:\/\/smm-follow.com\/product\/instagram-profile-visitors\/#breadcrumb"},"inLanguage":"es","potentialAction":[{"@type":"ReadAction","target":["https:\/\/smm-follow.com\/product\/instagram-profile-visitors\/"]}]},{"@type":"ImageObject","inLanguage":"es","@id":"https:\/\/smm-follow.com\/product\/instagram-profile-visitors\/#primaryimage","url":"https:\/\/smm-follow.com\/wp-content\/uploads\/2025\/12\/Picsart_24-01-21_18-57-12-391-scaled-1-1-1.jpg","contentUrl":"https:\/\/smm-follow.com\/wp-content\/uploads\/2025\/12\/Picsart_24-01-21_18-57-12-391-scaled-1-1-1.jpg","width":2560,"height":2560},{"@type":"BreadcrumbList","@id":"https:\/\/smm-follow.com\/product\/instagram-profile-visitors\/#breadcrumb","itemListElement":[{"@type":"ListItem","position":1,"name":"\u0627\u0644\u0631\u0626\u064a\u0633\u064a\u0629","item":"https:\/\/smm-follow.com\/"},{"@type":"ListItem","position":2,"name":"\u0627\u0644\u0645\u062a\u062c\u0631","item":"https:\/\/smm-follow.com\/en\/shop\/"},{"@type":"ListItem","position":3,"name":"\u0632\u0648\u0627\u0631 \u0627\u0646\u0633\u062a\u0642\u0631\u0627\u0645"}]},{"@type":"WebSite","@id":"https:\/\/smm-follow.com\/#website","url":"https:\/\/smm-follow.com\/","name":"SEGUIR SMM","description":"Una plataforma especializada en servicios de redes sociales para aumentar seguidores, &quot;me gusta&quot; y visualizaciones en Instagram, TikTok, YouTube y m\u00e1s. Servicios seguros disponibles en todos los pa\u00edses.","publisher":{"@id":"https:\/\/smm-follow.com\/#organization"},"alternateName":"Follow 965 \u0641\u0648\u0644\u0648","potentialAction":[{"@type":"SearchAction","target":{"@type":"EntryPoint","urlTemplate":"https:\/\/smm-follow.com\/?s={search_term_string}"},"query-input":{"@type":"PropertyValueSpecification","valueRequired":true,"valueName":"search_term_string"}}],"inLanguage":"es"},{"@type":"Organization","@id":"https:\/\/smm-follow.com\/#organization","name":"SEGUIR SMM","alternateName":"Follow 965","url":"https:\/\/smm-follow.com\/","logo":{"@type":"ImageObject","inLanguage":"es","@id":"https:\/\/smm-follow.com\/#\/schema\/logo\/image\/","url":"https:\/\/smm-follow.com\/wp-content\/uploads\/2025\/12\/Logo-smm-follow.jpg","contentUrl":"https:\/\/smm-follow.com\/wp-content\/uploads\/2025\/12\/Logo-smm-follow.jpg","width":1080,"height":1080,"caption":"SMM FOLLOW"},"image":{"@id":"https:\/\/smm-follow.com\/#\/schema\/logo\/image\/"},"hasMerchantReturnPolicy":{"@type":"MerchantReturnPolicy","merchantReturnLink":"https:\/\/smm-follow.com\/es\/politica-de-devoluciones\/"}}]},"product_brand":"\u0627\u0646\u0633\u062a\u0642\u0631\u0627\u0645","product_price_amount":"0.00","product_price_currency":"USD","og_availability":"instock","product_availability":"instock","product_condition":"new"},"_links":{"self":[{"href":"https:\/\/smm-follow.com\/es\/wp-json\/wp\/v2\/product\/103","targetHints":{"allow":["GET"]}}],"collection":[{"href":"https:\/\/smm-follow.com\/es\/wp-json\/wp\/v2\/product"}],"about":[{"href":"https:\/\/smm-follow.com\/es\/wp-json\/wp\/v2\/types\/product"}],"replies":[{"embeddable":true,"href":"https:\/\/smm-follow.com\/es\/wp-json\/wp\/v2\/comments?post=103"}],"wp:featuredmedia":[{"embeddable":true,"href":"https:\/\/smm-follow.com\/es\/wp-json\/wp\/v2\/media\/156"}],"wp:attachment":[{"href":"https:\/\/smm-follow.com\/es\/wp-json\/wp\/v2\/media?parent=103"}],"wp:term":[{"taxonomy":"product_brand","embeddable":true,"href":"https:\/\/smm-follow.com\/es\/wp-json\/wp\/v2\/product_brand?post=103"},{"taxonomy":"product_cat","embeddable":true,"href":"https:\/\/smm-follow.com\/es\/wp-json\/wp\/v2\/product_cat?post=103"},{"taxonomy":"product_tag","embeddable":true,"href":"https:\/\/smm-follow.com\/es\/wp-json\/wp\/v2\/product_tag?post=103"}],"curies":[{"name":"wp","href":"https:\/\/api.w.org\/{rel}","templated":true}]}}