{"id":348,"date":"2025-12-23T14:45:39","date_gmt":"2025-12-23T11:45:39","guid":{"rendered":"https:\/\/smm-follow.com\/?post_type=product&#038;p=348"},"modified":"2026-01-01T13:45:00","modified_gmt":"2026-01-01T10:45:00","slug":"iptvchannelsfilmsseries","status":"publish","type":"product","link":"https:\/\/smm-follow.com\/es\/product\/iptvchannelsfilmsseries\/","title":{"rendered":"Suscripci\u00f3n a canales, pel\u00edculas y series"},"content":{"rendered":"<div style=\"direction: rtl; text-align: right;\">\n<h1 style=\"text-align: left;\">Suscripci\u00f3n a canales, pel\u00edculas y series: visualizaci\u00f3n ilimitada en alta calidad<\/h1>\n<p>Si buscas una forma \u00fanica de reunir canales de televisi\u00f3n, pel\u00edculas y series \u00e1rabes e internacionales<br \/>\nEn un solo lugar y a un costo menor que las suscripciones tradicionales,<br \/>\n<strong>Suscripci\u00f3n a canales, pel\u00edculas y series<\/strong><br \/>\nLe proporciona una experiencia de visualizaci\u00f3n flexible e integrada adecuada para todos los miembros de la familia.<\/p>\n<p>Esta suscripci\u00f3n se basa en la tecnolog\u00eda de televisi\u00f3n por protocolo de Internet (IPTV).<br \/>\nTe da acceso a miles de canales y bibliotecas de entretenimiento.<br \/>\nEn cualquier momento y en cualquier lugar, utilizando \u00fanicamente una conexi\u00f3n a Internet estable.<\/p>\n<h2>\u00bfQu\u00e9 es una suscripci\u00f3n de canales, pel\u00edculas y series?<\/h2>\n<p>Es una suscripci\u00f3n digital que te da acceso a una amplia gama de canales de televisi\u00f3n en vivo,<br \/>\nAdem\u00e1s de una gran biblioteca de pel\u00edculas y series \u00e1rabes e internacionales,<br \/>\nSin necesidad de platos receptores ni extensiones complicadas.<\/p>\n<p>La suscripci\u00f3n funciona en l\u00ednea y se puede utilizar en varios dispositivos como<br \/>\nSmart TV, tel\u00e9fono m\u00f3vil, computadora y varios dispositivos de transmisi\u00f3n.<\/p>\n<h2>\u00bfQu\u00e9 incluye la suscripci\u00f3n?<\/h2>\n<ul>\n<li>Una variedad de canales \u00e1rabes e internacionales.<\/li>\n<li>Canales de deportes, entretenimiento y noticias<\/li>\n<li>Una biblioteca de pel\u00edculas modernas y cl\u00e1sicas.<\/li>\n<li>Series de televisi\u00f3n \u00e1rabes y extranjeras con subt\u00edtulos<\/li>\n<li>Actualizaciones continuas de contenido<\/li>\n<\/ul>\n<h2>\u00bfPor qu\u00e9 muchas personas prefieren este tipo de suscripci\u00f3n?<\/h2>\n<p>Las suscripciones tradicionales suelen estar limitadas tanto en contenido como en coste.<br \/>\nEsta suscripci\u00f3n ofrece una mayor flexibilidad en t\u00e9rminos de elecci\u00f3n y facilidad de uso.<\/p>\n<ul>\n<li>Ahorro financiero en comparaci\u00f3n con suscripciones separadas<\/li>\n<li>Contenido diverso para todos los gustos<\/li>\n<li>F\u00e1cil acceso sin dispositivos adicionales<\/li>\n<li>La opci\u00f3n de ver en el momento que m\u00e1s te convenga<\/li>\n<\/ul>\n<h2>Dispositivos compatibles con la suscripci\u00f3n<\/h2>\n<p>La suscripci\u00f3n se puede utilizar en la mayor\u00eda de los dispositivos modernos, incluidos:<\/p>\n<ul>\n<li>Televisores inteligentes<\/li>\n<li>Tel\u00e9fonos Android e iOS<\/li>\n<li>Computadoras (Windows\/Mac)<\/li>\n<li>Dispositivos Android TV y TV Box<\/li>\n<li>Algunos receptores que admiten la tecnolog\u00eda IPTV<\/li>\n<\/ul>\n<h2>Calidad de visualizaci\u00f3n<\/h2>\n<p>La suscripci\u00f3n admite m\u00faltiples calidades de visualizaci\u00f3n dependiendo de su velocidad de Internet.<br \/>\nEstos incluyen:<\/p>\n<ul>\n<li>Calidad SD para un uso sencillo<\/li>\n<li>Calidad HD para una visualizaci\u00f3n clara y estable<\/li>\n<li>Calidad Full HD y 4K para algunos contenidos compatibles<\/li>\n<\/ul>\n<h2>C\u00f3mo obtener una suscripci\u00f3n<\/h2>\n<ol>\n<li>Elige el paquete que se adapte a tu periodo de suscripci\u00f3n.<\/li>\n<li>Completar el pedido a trav\u00e9s del sitio web<\/li>\n<li>Recibir detalles de activaci\u00f3n o informaci\u00f3n de inicio de sesi\u00f3n<\/li>\n<li>Empieza a mirar en tu dispositivo favorito<\/li>\n<\/ol>\n<h2>\u00bfEs segura la suscripci\u00f3n?<\/h2>\n<p>S\u00ed, suscribirse no requiere compartir ning\u00fan dato personal confidencial ni contrase\u00f1as de sus cuentas.<br \/>\nLa activaci\u00f3n se realiza de forma directa permitiendo \u00fanicamente el acceso al contenido.<\/p>\n<h2>Consejos para obtener la mejor experiencia de visualizaci\u00f3n<\/h2>\n<ul>\n<li>Utilice una conexi\u00f3n a Internet estable y r\u00e1pida.<\/li>\n<li>Se prefiere una conexi\u00f3n por cable o una red Wi-Fi potente.<\/li>\n<li>Mantenga actualizada la aplicaci\u00f3n o el dispositivo que est\u00e1 utilizando.<\/li>\n<li>Elija la calidad adecuada seg\u00fan su velocidad de Internet.<\/li>\n<\/ul>\n<h2>Preguntas frecuentes<\/h2>\n<h3>\u00bfLa suscripci\u00f3n funciona en todos los pa\u00edses?<\/h3>\n<p>S\u00ed, funciona en la mayor\u00eda de los pa\u00edses siempre que haya una buena conexi\u00f3n a Internet.<br \/>\nAlgunos canales pueden variar seg\u00fan la regi\u00f3n.<\/p>\n<h3>\u00bfCu\u00e1ntos dispositivos se pueden utilizar al mismo tiempo?<\/h3>\n<p>Esto depende del tipo de paquete elegido y de las condiciones de suscripci\u00f3n.<\/p>\n<h3>\u00bfEl contenido se actualiza constantemente?<\/h3>\n<p>S\u00ed, los canales y bibliotecas se actualizan peri\u00f3dicamente para agregar nuevo contenido.<\/p>\n<h3>\u00bfNecesito equipo especial?<\/h3>\n<p>No, es suficiente un dispositivo conectado a Internet y una aplicaci\u00f3n compatible con el servicio.<\/p>\n<h3>\u00bfLa suscripci\u00f3n es adecuada para familias?<\/h3>\n<p>S\u00ed, gracias a la variedad de contenidos, todos los miembros de la familia pueden disfrutar vi\u00e9ndolo.<\/p>\n<h2>Empieza ahora<\/h2>\n<p>Si quieres una experiencia de visualizaci\u00f3n flexible y completa que combine canales, pel\u00edculas y series<br \/>\nEn una sola suscripci\u00f3n,<br \/>\n<strong>Suscripci\u00f3n a canales, pel\u00edculas y series<\/strong><br \/>\nEs una opci\u00f3n pr\u00e1ctica que se adapta a tus necesidades diarias.<\/p>\n<\/div>","protected":false},"excerpt":{"rendered":"<ul style=\"direction: rtl; text-align: right; margin: 0; padding-right: 18px;\">\n<li style=\"text-align: center;\"><strong>Suscripci\u00f3n a canales, pel\u00edculas y series<\/strong> Para una experiencia visual completa y de alta calidad.<\/li>\n<li>Contenido variado: Canales en vivo + pel\u00edculas y series (seg\u00fan paquete).<\/li>\n<li>Admite m\u00faltiples dispositivos con instrucciones de activaci\u00f3n claras y soporte t\u00e9cnico cuando sea necesario.<\/li>\n<li>Adecuado para todos los pa\u00edses con opciones de calidad que se adaptan a la velocidad de Internet.<\/li>\n<\/ul>\n<p>&nbsp;<\/p>","protected":false},"featured_media":65541,"comment_status":"closed","ping_status":"closed","template":"","meta":[],"product_brand":[],"product_cat":[24],"product_tag":[],"class_list":{"0":"post-348","1":"product","2":"type-product","3":"status-publish","4":"has-post-thumbnail","6":"product_cat-24","7":"tm-has-options","9":"first","10":"instock","11":"virtual","12":"taxable","13":"purchasable","14":"product-type-simple"},"yoast_head":"<!-- This site is optimized with the Yoast SEO Premium plugin v21.7 (Yoast SEO v27.1.1) - https:\/\/yoast.com\/product\/yoast-seo-premium-wordpress\/ -->\n<title>\u0623\u0641\u0636\u0644 \u0627\u0634\u062a\u0631\u0627\u0643 IPTV \u0644\u0645\u062a\u0627\u0628\u0639\u0629 \u0627\u0644\u0642\u0646\u0648\u0627\u062a \u0648\u0627\u0644\u0623\u0641\u0644\u0627\u0645 \u0648\u0627\u0644\u0645\u0633\u0644\u0633\u0644\u0627\u062a \u0628\u062c\u0648\u062f\u0629 \u0639\u0627\u0644\u064a\u0629 - SMM Follow<\/title>\n<meta name=\"description\" content=\"\u0627\u062d\u0635\u0644 \u0639\u0644\u0649 \u0627\u0634\u062a\u0631\u0627\u0643 IPTV \u0628\u0623\u0641\u0636\u0644 \u0627\u0644\u0623\u0633\u0639\u0627\u0631 \u0644\u0645\u062a\u0627\u0628\u0639\u0629 \u0642\u0646\u0648\u0627\u062a\u0643 \u0627\u0644\u0645\u0641\u0636\u0644\u0629\u060c \u0623\u062d\u062f\u062b \u0627\u0644\u0623\u0641\u0644\u0627\u0645\u060c \u0648\u0627\u0644\u0645\u0633\u0644\u0633\u0644\u0627\u062a \u0628\u062c\u0648\u062f\u0629 HD \u06484K. \u0627\u0633\u062a\u0645\u062a\u0639 \u0628\u062a\u062c\u0631\u0628\u0629 \u0645\u0634\u0627\u0647\u062f\u0629 \u0644\u0627 \u0645\u062b\u064a\u0644 \u0644\u0647\u0627 \u0645\u0639 \u062e\u064a\u0627\u0631\u0627\u062a \u0645\u062a\u0639\u062f\u062f\u0629 \u0648\u0623\u0633\u0639\u0627\u0631 \u062a\u0646\u0627\u0641\u0633\u064a\u0629.\" \/>\n<meta name=\"robots\" content=\"index, follow, max-snippet:-1, max-image-preview:large, max-video-preview:-1\" \/>\n<link rel=\"canonical\" href=\"https:\/\/smm-follow.com\/es\/product\/iptvchannelsfilmsseries\/\" \/>\n<meta property=\"og:locale\" content=\"es_ES\" \/>\n<meta property=\"og:type\" content=\"article\" \/>\n<meta property=\"og:title\" content=\"\u0627\u0634\u062a\u0631\u0627\u0643 \u0642\u0646\u0648\u0627\u062a \u0648\u0627\u0641\u0644\u0627\u0645 \u0648\u0645\u0633\u0644\u0633\u0644\u0627\u062a\" \/>\n<meta property=\"og:description\" content=\"\u0627\u062d\u0635\u0644 \u0639\u0644\u0649 \u0627\u0634\u062a\u0631\u0627\u0643 IPTV \u0628\u0623\u0641\u0636\u0644 \u0627\u0644\u0623\u0633\u0639\u0627\u0631 \u0644\u0645\u062a\u0627\u0628\u0639\u0629 \u0642\u0646\u0648\u0627\u062a\u0643 \u0627\u0644\u0645\u0641\u0636\u0644\u0629\u060c \u0623\u062d\u062f\u062b \u0627\u0644\u0623\u0641\u0644\u0627\u0645\u060c \u0648\u0627\u0644\u0645\u0633\u0644\u0633\u0644\u0627\u062a \u0628\u062c\u0648\u062f\u0629 HD \u06484K. \u0627\u0633\u062a\u0645\u062a\u0639 \u0628\u062a\u062c\u0631\u0628\u0629 \u0645\u0634\u0627\u0647\u062f\u0629 \u0644\u0627 \u0645\u062b\u064a\u0644 \u0644\u0647\u0627 \u0645\u0639 \u062e\u064a\u0627\u0631\u0627\u062a \u0645\u062a\u0639\u062f\u062f\u0629 \u0648\u0623\u0633\u0639\u0627\u0631 \u062a\u0646\u0627\u0641\u0633\u064a\u0629.\" \/>\n<meta property=\"og:url\" content=\"https:\/\/smm-follow.com\/es\/product\/iptvchannelsfilmsseries\/\" \/>\n<meta property=\"og:site_name\" content=\"SMM Follow\" \/>\n<meta property=\"article:modified_time\" content=\"2026-01-01T10:45:00+00:00\" \/>\n<meta property=\"og:image\" content=\"https:\/\/smm-follow.com\/wp-content\/uploads\/2025\/12\/file_00000000479871f88c052ad9fd3fa65a.png\" \/>\n\t<meta property=\"og:image:width\" content=\"1024\" \/>\n\t<meta property=\"og:image:height\" content=\"1024\" \/>\n\t<meta property=\"og:image:type\" content=\"image\/png\" \/>\n<meta name=\"twitter:card\" content=\"summary_large_image\" \/>\n<meta name=\"twitter:label1\" content=\"Precio\" \/>\n\t<meta name=\"twitter:data1\" content=\"&#036;75.00\" \/>\n\t<meta name=\"twitter:label2\" content=\"Disponibilidad\" \/>\n\t<meta name=\"twitter:data2\" content=\"Disponible\" \/>\n<script type=\"application\/ld+json\" class=\"yoast-schema-graph\">{\"@context\":\"https:\/\/schema.org\",\"@graph\":[{\"@type\":\"WebPage\",\"@id\":\"https:\/\/smm-follow.com\/product\/iptvchannelsfilmsseries\/\",\"url\":\"https:\/\/smm-follow.com\/product\/iptvchannelsfilmsseries\/\",\"name\":\"\u0623\u0641\u0636\u0644 \u0627\u0634\u062a\u0631\u0627\u0643 IPTV \u0644\u0645\u062a\u0627\u0628\u0639\u0629 \u0627\u0644\u0642\u0646\u0648\u0627\u062a \u0648\u0627\u0644\u0623\u0641\u0644\u0627\u0645 \u0648\u0627\u0644\u0645\u0633\u0644\u0633\u0644\u0627\u062a \u0628\u062c\u0648\u062f\u0629 \u0639\u0627\u0644\u064a\u0629 - SMM Follow\",\"isPartOf\":{\"@id\":\"https:\/\/smm-follow.com\/#website\"},\"primaryImageOfPage\":{\"@id\":\"https:\/\/smm-follow.com\/product\/iptvchannelsfilmsseries\/#primaryimage\"},\"image\":{\"@id\":\"https:\/\/smm-follow.com\/product\/iptvchannelsfilmsseries\/#primaryimage\"},\"thumbnailUrl\":\"https:\/\/smm-follow.com\/wp-content\/uploads\/2025\/12\/file_00000000479871f88c052ad9fd3fa65a.png\",\"datePublished\":\"2025-12-23T11:45:39+00:00\",\"dateModified\":\"2026-01-01T10:45:00+00:00\",\"description\":\"\u0627\u062d\u0635\u0644 \u0639\u0644\u0649 \u0627\u0634\u062a\u0631\u0627\u0643 IPTV \u0628\u0623\u0641\u0636\u0644 \u0627\u0644\u0623\u0633\u0639\u0627\u0631 \u0644\u0645\u062a\u0627\u0628\u0639\u0629 \u0642\u0646\u0648\u0627\u062a\u0643 \u0627\u0644\u0645\u0641\u0636\u0644\u0629\u060c \u0623\u062d\u062f\u062b \u0627\u0644\u0623\u0641\u0644\u0627\u0645\u060c \u0648\u0627\u0644\u0645\u0633\u0644\u0633\u0644\u0627\u062a \u0628\u062c\u0648\u062f\u0629 HD \u06484K. \u0627\u0633\u062a\u0645\u062a\u0639 \u0628\u062a\u062c\u0631\u0628\u0629 \u0645\u0634\u0627\u0647\u062f\u0629 \u0644\u0627 \u0645\u062b\u064a\u0644 \u0644\u0647\u0627 \u0645\u0639 \u062e\u064a\u0627\u0631\u0627\u062a \u0645\u062a\u0639\u062f\u062f\u0629 \u0648\u0623\u0633\u0639\u0627\u0631 \u062a\u0646\u0627\u0641\u0633\u064a\u0629.\",\"breadcrumb\":{\"@id\":\"https:\/\/smm-follow.com\/product\/iptvchannelsfilmsseries\/#breadcrumb\"},\"inLanguage\":\"es\",\"potentialAction\":[{\"@type\":\"ReadAction\",\"target\":[\"https:\/\/smm-follow.com\/product\/iptvchannelsfilmsseries\/\"]}]},{\"@type\":\"ImageObject\",\"inLanguage\":\"es\",\"@id\":\"https:\/\/smm-follow.com\/product\/iptvchannelsfilmsseries\/#primaryimage\",\"url\":\"https:\/\/smm-follow.com\/wp-content\/uploads\/2025\/12\/file_00000000479871f88c052ad9fd3fa65a.png\",\"contentUrl\":\"https:\/\/smm-follow.com\/wp-content\/uploads\/2025\/12\/file_00000000479871f88c052ad9fd3fa65a.png\",\"width\":1024,\"height\":1024},{\"@type\":\"BreadcrumbList\",\"@id\":\"https:\/\/smm-follow.com\/product\/iptvchannelsfilmsseries\/#breadcrumb\",\"itemListElement\":[{\"@type\":\"ListItem\",\"position\":1,\"name\":\"\u0627\u0644\u0631\u0626\u064a\u0633\u064a\u0629\",\"item\":\"https:\/\/smm-follow.com\/\"},{\"@type\":\"ListItem\",\"position\":2,\"name\":\"\u0627\u0644\u0645\u062a\u062c\u0631\",\"item\":\"https:\/\/smm-follow.com\/en\/shop\/\"},{\"@type\":\"ListItem\",\"position\":3,\"name\":\"\u0627\u0634\u062a\u0631\u0627\u0643 \u0642\u0646\u0648\u0627\u062a \u0648\u0627\u0641\u0644\u0627\u0645 \u0648\u0645\u0633\u0644\u0633\u0644\u0627\u062a\"}]},{\"@type\":\"WebSite\",\"@id\":\"https:\/\/smm-follow.com\/#website\",\"url\":\"https:\/\/smm-follow.com\/\",\"name\":\"SMM FOLLOW\",\"description\":\"\u0645\u0646\u0635\u0629 \u0645\u062a\u062e\u0635\u0635\u0629 \u0641\u064a \u062e\u062f\u0645\u0627\u062a \u0645\u0648\u0627\u0642\u0639 \u0627\u0644\u062a\u0648\u0627\u0635\u0644 \u0627\u0644\u0627\u062c\u062a\u0645\u0627\u0639\u064a \u0644\u0632\u064a\u0627\u062f\u0629 \u0627\u0644\u0645\u062a\u0627\u0628\u0639\u064a\u0646\u060c \u0627\u0644\u0644\u0627\u064a\u0643\u0627\u062a\u060c \u0648\u0627\u0644\u0645\u0634\u0627\u0647\u062f\u0627\u062a \u0639\u0644\u0649 \u0625\u0646\u0633\u062a\u0642\u0631\u0627\u0645\u060c \u062a\u064a\u0643 \u062a\u0648\u0643\u060c \u064a\u0648\u062a\u064a\u0648\u0628 \u0648\u063a\u064a\u0631\u0647\u0627. \u062e\u062f\u0645\u0627\u062a \u0622\u0645\u0646\u0629 \u0644\u062c\u0645\u064a\u0639 \u0627\u0644\u062f\u0648\u0644\",\"publisher\":{\"@id\":\"https:\/\/smm-follow.com\/#organization\"},\"alternateName\":\"Follow 965 \u0641\u0648\u0644\u0648\",\"potentialAction\":[{\"@type\":\"SearchAction\",\"target\":{\"@type\":\"EntryPoint\",\"urlTemplate\":\"https:\/\/smm-follow.com\/?s={search_term_string}\"},\"query-input\":{\"@type\":\"PropertyValueSpecification\",\"valueRequired\":true,\"valueName\":\"search_term_string\"}}],\"inLanguage\":\"es\"},{\"@type\":\"Organization\",\"@id\":\"https:\/\/smm-follow.com\/#organization\",\"name\":\"SMM FOLLOW\",\"alternateName\":\"Follow 965\",\"url\":\"https:\/\/smm-follow.com\/\",\"logo\":{\"@type\":\"ImageObject\",\"inLanguage\":\"es\",\"@id\":\"https:\/\/smm-follow.com\/#\/schema\/logo\/image\/\",\"url\":\"https:\/\/smm-follow.com\/wp-content\/uploads\/2025\/12\/Logo-smm-follow.jpg\",\"contentUrl\":\"https:\/\/smm-follow.com\/wp-content\/uploads\/2025\/12\/Logo-smm-follow.jpg\",\"width\":1080,\"height\":1080,\"caption\":\"SMM FOLLOW\"},\"image\":{\"@id\":\"https:\/\/smm-follow.com\/#\/schema\/logo\/image\/\"},\"hasMerchantReturnPolicy\":{\"@type\":\"MerchantReturnPolicy\",\"merchantReturnLink\":\"https:\/\/smm-follow.com\/es\/politica-de-devoluciones\/\"}}]}<\/script>\n<meta property=\"product:brand\" content=\"\u0642\u0646\u0648\u0627\u062a \u0648\u0627\u0641\u0644\u0627\u0645\" \/>\n<meta property=\"product:price:amount\" content=\"75.00\" \/>\n<meta property=\"product:price:currency\" content=\"USD\" \/>\n<meta property=\"og:availability\" content=\"instock\" \/>\n<meta property=\"product:availability\" content=\"instock\" \/>\n<meta property=\"product:condition\" content=\"new\" \/>\n<!-- \/ Yoast SEO Premium plugin. -->","yoast_head_json":{"title":"La mejor suscripci\u00f3n IPTV para ver canales, pel\u00edculas y series en alta calidad - SMM Seguir","description":"Consigue una suscripci\u00f3n a IPTV al mejor precio para ver tus canales favoritos, las \u00faltimas pel\u00edculas y series en calidad HD y 4K. Disfruta de una experiencia visual inigualable con m\u00faltiples opciones y precios competitivos.","robots":{"index":"index","follow":"follow","max-snippet":"max-snippet:-1","max-image-preview":"max-image-preview:large","max-video-preview":"max-video-preview:-1"},"canonical":"https:\/\/smm-follow.com\/es\/product\/iptvchannelsfilmsseries\/","og_locale":"es_ES","og_type":"article","og_title":"\u0627\u0634\u062a\u0631\u0627\u0643 \u0642\u0646\u0648\u0627\u062a \u0648\u0627\u0641\u0644\u0627\u0645 \u0648\u0645\u0633\u0644\u0633\u0644\u0627\u062a","og_description":"\u0627\u062d\u0635\u0644 \u0639\u0644\u0649 \u0627\u0634\u062a\u0631\u0627\u0643 IPTV \u0628\u0623\u0641\u0636\u0644 \u0627\u0644\u0623\u0633\u0639\u0627\u0631 \u0644\u0645\u062a\u0627\u0628\u0639\u0629 \u0642\u0646\u0648\u0627\u062a\u0643 \u0627\u0644\u0645\u0641\u0636\u0644\u0629\u060c \u0623\u062d\u062f\u062b \u0627\u0644\u0623\u0641\u0644\u0627\u0645\u060c \u0648\u0627\u0644\u0645\u0633\u0644\u0633\u0644\u0627\u062a \u0628\u062c\u0648\u062f\u0629 HD \u06484K. \u0627\u0633\u062a\u0645\u062a\u0639 \u0628\u062a\u062c\u0631\u0628\u0629 \u0645\u0634\u0627\u0647\u062f\u0629 \u0644\u0627 \u0645\u062b\u064a\u0644 \u0644\u0647\u0627 \u0645\u0639 \u062e\u064a\u0627\u0631\u0627\u062a \u0645\u062a\u0639\u062f\u062f\u0629 \u0648\u0623\u0633\u0639\u0627\u0631 \u062a\u0646\u0627\u0641\u0633\u064a\u0629.","og_url":"https:\/\/smm-follow.com\/es\/product\/iptvchannelsfilmsseries\/","og_site_name":"SMM Follow","article_modified_time":"2026-01-01T10:45:00+00:00","og_image":[{"width":1024,"height":1024,"url":"https:\/\/smm-follow.com\/wp-content\/uploads\/2025\/12\/file_00000000479871f88c052ad9fd3fa65a.png","type":"image\/png"}],"twitter_card":"summary_large_image","twitter_misc":{"Precio":"&#36;75.00","Disponibilidad":"Disponible"},"schema":{"@context":"https:\/\/schema.org","@graph":[{"@type":"WebPage","@id":"https:\/\/smm-follow.com\/product\/iptvchannelsfilmsseries\/","url":"https:\/\/smm-follow.com\/product\/iptvchannelsfilmsseries\/","name":"La mejor suscripci\u00f3n IPTV para ver canales, pel\u00edculas y series en alta calidad - SMM Seguir","isPartOf":{"@id":"https:\/\/smm-follow.com\/#website"},"primaryImageOfPage":{"@id":"https:\/\/smm-follow.com\/product\/iptvchannelsfilmsseries\/#primaryimage"},"image":{"@id":"https:\/\/smm-follow.com\/product\/iptvchannelsfilmsseries\/#primaryimage"},"thumbnailUrl":"https:\/\/smm-follow.com\/wp-content\/uploads\/2025\/12\/file_00000000479871f88c052ad9fd3fa65a.png","datePublished":"2025-12-23T11:45:39+00:00","dateModified":"2026-01-01T10:45:00+00:00","description":"Consigue una suscripci\u00f3n a IPTV al mejor precio para ver tus canales favoritos, las \u00faltimas pel\u00edculas y series en calidad HD y 4K. Disfruta de una experiencia visual inigualable con m\u00faltiples opciones y precios competitivos.","breadcrumb":{"@id":"https:\/\/smm-follow.com\/product\/iptvchannelsfilmsseries\/#breadcrumb"},"inLanguage":"es","potentialAction":[{"@type":"ReadAction","target":["https:\/\/smm-follow.com\/product\/iptvchannelsfilmsseries\/"]}]},{"@type":"ImageObject","inLanguage":"es","@id":"https:\/\/smm-follow.com\/product\/iptvchannelsfilmsseries\/#primaryimage","url":"https:\/\/smm-follow.com\/wp-content\/uploads\/2025\/12\/file_00000000479871f88c052ad9fd3fa65a.png","contentUrl":"https:\/\/smm-follow.com\/wp-content\/uploads\/2025\/12\/file_00000000479871f88c052ad9fd3fa65a.png","width":1024,"height":1024},{"@type":"BreadcrumbList","@id":"https:\/\/smm-follow.com\/product\/iptvchannelsfilmsseries\/#breadcrumb","itemListElement":[{"@type":"ListItem","position":1,"name":"\u0627\u0644\u0631\u0626\u064a\u0633\u064a\u0629","item":"https:\/\/smm-follow.com\/"},{"@type":"ListItem","position":2,"name":"\u0627\u0644\u0645\u062a\u062c\u0631","item":"https:\/\/smm-follow.com\/en\/shop\/"},{"@type":"ListItem","position":3,"name":"\u0627\u0634\u062a\u0631\u0627\u0643 \u0642\u0646\u0648\u0627\u062a \u0648\u0627\u0641\u0644\u0627\u0645 \u0648\u0645\u0633\u0644\u0633\u0644\u0627\u062a"}]},{"@type":"WebSite","@id":"https:\/\/smm-follow.com\/#website","url":"https:\/\/smm-follow.com\/","name":"SEGUIR SMM","description":"Una plataforma especializada en servicios de redes sociales para aumentar seguidores, &quot;me gusta&quot; y visualizaciones en Instagram, TikTok, YouTube y m\u00e1s. Servicios seguros disponibles en todos los pa\u00edses.","publisher":{"@id":"https:\/\/smm-follow.com\/#organization"},"alternateName":"Follow 965 \u0641\u0648\u0644\u0648","potentialAction":[{"@type":"SearchAction","target":{"@type":"EntryPoint","urlTemplate":"https:\/\/smm-follow.com\/?s={search_term_string}"},"query-input":{"@type":"PropertyValueSpecification","valueRequired":true,"valueName":"search_term_string"}}],"inLanguage":"es"},{"@type":"Organization","@id":"https:\/\/smm-follow.com\/#organization","name":"SEGUIR SMM","alternateName":"Follow 965","url":"https:\/\/smm-follow.com\/","logo":{"@type":"ImageObject","inLanguage":"es","@id":"https:\/\/smm-follow.com\/#\/schema\/logo\/image\/","url":"https:\/\/smm-follow.com\/wp-content\/uploads\/2025\/12\/Logo-smm-follow.jpg","contentUrl":"https:\/\/smm-follow.com\/wp-content\/uploads\/2025\/12\/Logo-smm-follow.jpg","width":1080,"height":1080,"caption":"SMM FOLLOW"},"image":{"@id":"https:\/\/smm-follow.com\/#\/schema\/logo\/image\/"},"hasMerchantReturnPolicy":{"@type":"MerchantReturnPolicy","merchantReturnLink":"https:\/\/smm-follow.com\/es\/politica-de-devoluciones\/"}}]},"product_brand":"\u0642\u0646\u0648\u0627\u062a \u0648\u0627\u0641\u0644\u0627\u0645","product_price_amount":"75.00","product_price_currency":"USD","og_availability":"instock","product_availability":"instock","product_condition":"new"},"_links":{"self":[{"href":"https:\/\/smm-follow.com\/es\/wp-json\/wp\/v2\/product\/348","targetHints":{"allow":["GET"]}}],"collection":[{"href":"https:\/\/smm-follow.com\/es\/wp-json\/wp\/v2\/product"}],"about":[{"href":"https:\/\/smm-follow.com\/es\/wp-json\/wp\/v2\/types\/product"}],"replies":[{"embeddable":true,"href":"https:\/\/smm-follow.com\/es\/wp-json\/wp\/v2\/comments?post=348"}],"wp:featuredmedia":[{"embeddable":true,"href":"https:\/\/smm-follow.com\/es\/wp-json\/wp\/v2\/media\/65541"}],"wp:attachment":[{"href":"https:\/\/smm-follow.com\/es\/wp-json\/wp\/v2\/media?parent=348"}],"wp:term":[{"taxonomy":"product_brand","embeddable":true,"href":"https:\/\/smm-follow.com\/es\/wp-json\/wp\/v2\/product_brand?post=348"},{"taxonomy":"product_cat","embeddable":true,"href":"https:\/\/smm-follow.com\/es\/wp-json\/wp\/v2\/product_cat?post=348"},{"taxonomy":"product_tag","embeddable":true,"href":"https:\/\/smm-follow.com\/es\/wp-json\/wp\/v2\/product_tag?post=348"}],"curies":[{"name":"wp","href":"https:\/\/api.w.org\/{rel}","templated":true}]}}