{"id":445,"date":"2025-12-23T14:47:19","date_gmt":"2025-12-23T11:47:19","guid":{"rendered":"https:\/\/smm-follow.com\/?post_type=product&#038;p=445"},"modified":"2026-01-16T14:40:24","modified_gmt":"2026-01-16T11:40:24","slug":"googleplay-20-gift-card-%d9%8eusa-store","status":"publish","type":"product","link":"https:\/\/smm-follow.com\/es\/product\/1tp3-t88-20-1tp2-t8-1-tp2t9\/","title":{"rendered":"Tarjeta Google Play 20$ (tienda de EE. UU.)"},"content":{"rendered":"<p>descripci\u00f3n larga<\/p>","protected":false},"excerpt":{"rendered":"<p><strong>\ud83c\udfc6 Lo mejor del mercado<\/strong><\/p>\n<ul>\n<li>\u2713 Precios competitivos y garantizados<\/li>\n<li>\u2713 Env\u00edo instant\u00e1neo y seguro<\/li>\n<li>\u2713 Tarjeta original 100%<\/li>\n<li>\u2713 M\u00faltiples usos para juegos y aplicaciones<\/li>\n<\/ul>","protected":false},"featured_media":500,"comment_status":"open","ping_status":"closed","template":"","meta":[],"product_brand":[],"product_cat":[38,36],"product_tag":[],"class_list":{"0":"post-445","1":"product","2":"type-product","3":"status-publish","4":"has-post-thumbnail","6":"product_cat-google-play-usa","7":"product_cat-google-play","8":"tm-no-options","10":"first","11":"instock","12":"virtual","13":"taxable","14":"purchasable","15":"product-type-simple"},"yoast_head":"<!-- This site is optimized with the Yoast SEO Premium plugin v21.7 (Yoast SEO v27.1.1) - https:\/\/yoast.com\/product\/yoast-seo-premium-wordpress\/ -->\n<title>\u0628\u0637\u0627\u0642\u0629 Google Play 20$ \u0627\u0644\u0645\u062a\u062c\u0631 \u0627\u0644\u0627\u0645\u0631\u064a\u0643\u064a - \u0643\u0648\u062f \u0631\u0642\u0645\u064a \u0641\u0648\u0631\u064a | \u0636\u0645\u0627\u0646 100%<\/title>\n<meta name=\"description\" content=\"\u0628\u0637\u0627\u0642\u0629 Google Play 20$ \u0627\u0644\u0645\u062a\u062c\u0631 \u0627\u0644\u0627\u0645\u0631\u064a\u0643\u064a \u0623\u0635\u0644\u064a\u0629 - \u0643\u0648\u062f \u0631\u0642\u0645\u064a \u0641\u0648\u0631\u064a | \u0623\u0633\u0639\u0627\u0631 \u0645\u0646\u0627\u0641\u0633\u0629 | \u062f\u0639\u0645 24\/7. \u062a\u0633\u0648\u0642 \u0628\u062b\u0642\u0629 \u0627\u0644\u0622\u0646!\" \/>\n<meta name=\"robots\" content=\"index, follow, max-snippet:-1, max-image-preview:large, max-video-preview:-1\" \/>\n<link rel=\"canonical\" href=\"https:\/\/smm-follow.com\/es\/product\/1tp3-t88-20-1tp2-t8-1-tp2t9\/\" \/>\n<meta property=\"og:locale\" content=\"es_ES\" \/>\n<meta property=\"og:type\" content=\"article\" \/>\n<meta property=\"og:title\" content=\"\u0628\u0637\u0627\u0642\u0629 \u0642\u0648\u0642\u0644 \u0628\u0644\u0627\u064a 20$ (\u0627\u0644\u0645\u062a\u062c\u0631 \u0627\u0644\u0627\u0645\u0631\u064a\u0643\u064a)\" \/>\n<meta property=\"og:description\" content=\"\u0628\u0637\u0627\u0642\u0629 Google Play 20$ \u0627\u0644\u0645\u062a\u062c\u0631 \u0627\u0644\u0627\u0645\u0631\u064a\u0643\u064a \u0623\u0635\u0644\u064a\u0629 - \u0643\u0648\u062f \u0631\u0642\u0645\u064a \u0641\u0648\u0631\u064a | \u0623\u0633\u0639\u0627\u0631 \u0645\u0646\u0627\u0641\u0633\u0629 | \u062f\u0639\u0645 24\/7. \u062a\u0633\u0648\u0642 \u0628\u062b\u0642\u0629 \u0627\u0644\u0622\u0646!\" \/>\n<meta property=\"og:url\" content=\"https:\/\/smm-follow.com\/es\/product\/1tp3-t88-20-1tp2-t8-1-tp2t9\/\" \/>\n<meta property=\"og:site_name\" content=\"SMM Follow\" \/>\n<meta property=\"article:modified_time\" content=\"2026-01-16T11:40:24+00:00\" \/>\n<meta property=\"og:image\" content=\"https:\/\/smm-follow.com\/wp-content\/uploads\/2025\/12\/Picsart_24-01-24_04-27-36-391-1-1.png\" \/>\n\t<meta property=\"og:image:width\" content=\"1071\" \/>\n\t<meta property=\"og:image:height\" content=\"1071\" \/>\n\t<meta property=\"og:image:type\" content=\"image\/png\" \/>\n<meta name=\"twitter:card\" content=\"summary_large_image\" \/>\n<meta name=\"twitter:label1\" content=\"Precio\" \/>\n\t<meta name=\"twitter:data1\" content=\"&#036;27.20\" \/>\n\t<meta name=\"twitter:label2\" content=\"Disponibilidad\" \/>\n\t<meta name=\"twitter:data2\" content=\"Disponible\" \/>\n<script type=\"application\/ld+json\" class=\"yoast-schema-graph\">{\"@context\":\"https:\/\/schema.org\",\"@graph\":[{\"@type\":\"WebPage\",\"@id\":\"https:\/\/smm-follow.com\/product\/googleplay-20-gift-card-%d9%8eusa-store\/\",\"url\":\"https:\/\/smm-follow.com\/product\/googleplay-20-gift-card-%d9%8eusa-store\/\",\"name\":\"\u0628\u0637\u0627\u0642\u0629 Google Play 20$ \u0627\u0644\u0645\u062a\u062c\u0631 \u0627\u0644\u0627\u0645\u0631\u064a\u0643\u064a - \u0643\u0648\u062f \u0631\u0642\u0645\u064a \u0641\u0648\u0631\u064a | \u0636\u0645\u0627\u0646 100%\",\"isPartOf\":{\"@id\":\"https:\/\/smm-follow.com\/#website\"},\"primaryImageOfPage\":{\"@id\":\"https:\/\/smm-follow.com\/product\/googleplay-20-gift-card-%d9%8eusa-store\/#primaryimage\"},\"image\":{\"@id\":\"https:\/\/smm-follow.com\/product\/googleplay-20-gift-card-%d9%8eusa-store\/#primaryimage\"},\"thumbnailUrl\":\"https:\/\/smm-follow.com\/wp-content\/uploads\/2025\/12\/Picsart_24-01-24_04-27-36-391-1-1.png\",\"datePublished\":\"2025-12-23T11:47:19+00:00\",\"dateModified\":\"2026-01-16T11:40:24+00:00\",\"description\":\"\u0628\u0637\u0627\u0642\u0629 Google Play 20$ \u0627\u0644\u0645\u062a\u062c\u0631 \u0627\u0644\u0627\u0645\u0631\u064a\u0643\u064a \u0623\u0635\u0644\u064a\u0629 - \u0643\u0648\u062f \u0631\u0642\u0645\u064a \u0641\u0648\u0631\u064a | \u0623\u0633\u0639\u0627\u0631 \u0645\u0646\u0627\u0641\u0633\u0629 | \u062f\u0639\u0645 24\/7. \u062a\u0633\u0648\u0642 \u0628\u062b\u0642\u0629 \u0627\u0644\u0622\u0646!\",\"breadcrumb\":{\"@id\":\"https:\/\/smm-follow.com\/product\/googleplay-20-gift-card-%d9%8eusa-store\/#breadcrumb\"},\"inLanguage\":\"es\",\"potentialAction\":[{\"@type\":\"ReadAction\",\"target\":[\"https:\/\/smm-follow.com\/product\/googleplay-20-gift-card-%d9%8eusa-store\/\"]}]},{\"@type\":\"ImageObject\",\"inLanguage\":\"es\",\"@id\":\"https:\/\/smm-follow.com\/product\/googleplay-20-gift-card-%d9%8eusa-store\/#primaryimage\",\"url\":\"https:\/\/smm-follow.com\/wp-content\/uploads\/2025\/12\/Picsart_24-01-24_04-27-36-391-1-1.png\",\"contentUrl\":\"https:\/\/smm-follow.com\/wp-content\/uploads\/2025\/12\/Picsart_24-01-24_04-27-36-391-1-1.png\",\"width\":1071,\"height\":1071},{\"@type\":\"BreadcrumbList\",\"@id\":\"https:\/\/smm-follow.com\/product\/googleplay-20-gift-card-%d9%8eusa-store\/#breadcrumb\",\"itemListElement\":[{\"@type\":\"ListItem\",\"position\":1,\"name\":\"\u0627\u0644\u0631\u0626\u064a\u0633\u064a\u0629\",\"item\":\"https:\/\/smm-follow.com\/\"},{\"@type\":\"ListItem\",\"position\":2,\"name\":\"\u0627\u0644\u0645\u062a\u062c\u0631\",\"item\":\"https:\/\/smm-follow.com\/en\/shop\/\"},{\"@type\":\"ListItem\",\"position\":3,\"name\":\"\u0628\u0637\u0627\u0642\u0629 \u0642\u0648\u0642\u0644 \u0628\u0644\u0627\u064a 20$ (\u0627\u0644\u0645\u062a\u062c\u0631 \u0627\u0644\u0627\u0645\u0631\u064a\u0643\u064a)\"}]},{\"@type\":\"WebSite\",\"@id\":\"https:\/\/smm-follow.com\/#website\",\"url\":\"https:\/\/smm-follow.com\/\",\"name\":\"SMM FOLLOW\",\"description\":\"\u0645\u0646\u0635\u0629 \u0645\u062a\u062e\u0635\u0635\u0629 \u0641\u064a \u062e\u062f\u0645\u0627\u062a \u0645\u0648\u0627\u0642\u0639 \u0627\u0644\u062a\u0648\u0627\u0635\u0644 \u0627\u0644\u0627\u062c\u062a\u0645\u0627\u0639\u064a \u0644\u0632\u064a\u0627\u062f\u0629 \u0627\u0644\u0645\u062a\u0627\u0628\u0639\u064a\u0646\u060c \u0627\u0644\u0644\u0627\u064a\u0643\u0627\u062a\u060c \u0648\u0627\u0644\u0645\u0634\u0627\u0647\u062f\u0627\u062a \u0639\u0644\u0649 \u0625\u0646\u0633\u062a\u0642\u0631\u0627\u0645\u060c \u062a\u064a\u0643 \u062a\u0648\u0643\u060c \u064a\u0648\u062a\u064a\u0648\u0628 \u0648\u063a\u064a\u0631\u0647\u0627. \u062e\u062f\u0645\u0627\u062a \u0622\u0645\u0646\u0629 \u0644\u062c\u0645\u064a\u0639 \u0627\u0644\u062f\u0648\u0644\",\"publisher\":{\"@id\":\"https:\/\/smm-follow.com\/#organization\"},\"alternateName\":\"Follow 965 \u0641\u0648\u0644\u0648\",\"potentialAction\":[{\"@type\":\"SearchAction\",\"target\":{\"@type\":\"EntryPoint\",\"urlTemplate\":\"https:\/\/smm-follow.com\/?s={search_term_string}\"},\"query-input\":{\"@type\":\"PropertyValueSpecification\",\"valueRequired\":true,\"valueName\":\"search_term_string\"}}],\"inLanguage\":\"es\"},{\"@type\":\"Organization\",\"@id\":\"https:\/\/smm-follow.com\/#organization\",\"name\":\"SMM FOLLOW\",\"alternateName\":\"Follow 965\",\"url\":\"https:\/\/smm-follow.com\/\",\"logo\":{\"@type\":\"ImageObject\",\"inLanguage\":\"es\",\"@id\":\"https:\/\/smm-follow.com\/#\/schema\/logo\/image\/\",\"url\":\"https:\/\/smm-follow.com\/wp-content\/uploads\/2025\/12\/Logo-smm-follow.jpg\",\"contentUrl\":\"https:\/\/smm-follow.com\/wp-content\/uploads\/2025\/12\/Logo-smm-follow.jpg\",\"width\":1080,\"height\":1080,\"caption\":\"SMM FOLLOW\"},\"image\":{\"@id\":\"https:\/\/smm-follow.com\/#\/schema\/logo\/image\/\"},\"hasMerchantReturnPolicy\":{\"@type\":\"MerchantReturnPolicy\",\"merchantReturnLink\":\"https:\/\/smm-follow.com\/es\/politica-de-devoluciones\/\"}}]}<\/script>\n<meta property=\"product:brand\" content=\"\u0627\u0644\u0645\u062a\u062c\u0631 \u0627\u0644\u0627\u0645\u0631\u064a\u0643\u064a\" \/>\n<meta property=\"product:price:amount\" content=\"27.20\" \/>\n<meta property=\"product:price:currency\" content=\"USD\" \/>\n<meta property=\"og:availability\" content=\"instock\" \/>\n<meta property=\"product:availability\" content=\"instock\" \/>\n<meta property=\"product:condition\" content=\"new\" \/>\n<!-- \/ Yoast SEO Premium plugin. -->","yoast_head_json":{"title":"Tarjeta de regalo de Google Play 20$ (Tienda de EE. UU.) - C\u00f3digo digital instant\u00e1neo | Garant\u00eda 100%","description":"Tarjeta de regalo original de Google Play 20$ (tienda de EE. UU.) - C\u00f3digo digital instant\u00e1neo | Precios competitivos | Soporte 24\/7. \u00a1Compra con confianza!","robots":{"index":"index","follow":"follow","max-snippet":"max-snippet:-1","max-image-preview":"max-image-preview:large","max-video-preview":"max-video-preview:-1"},"canonical":"https:\/\/smm-follow.com\/es\/product\/1tp3-t88-20-1tp2-t8-1-tp2t9\/","og_locale":"es_ES","og_type":"article","og_title":"\u0628\u0637\u0627\u0642\u0629 \u0642\u0648\u0642\u0644 \u0628\u0644\u0627\u064a 20$ (\u0627\u0644\u0645\u062a\u062c\u0631 \u0627\u0644\u0627\u0645\u0631\u064a\u0643\u064a)","og_description":"\u0628\u0637\u0627\u0642\u0629 Google Play 20$ \u0627\u0644\u0645\u062a\u062c\u0631 \u0627\u0644\u0627\u0645\u0631\u064a\u0643\u064a \u0623\u0635\u0644\u064a\u0629 - \u0643\u0648\u062f \u0631\u0642\u0645\u064a \u0641\u0648\u0631\u064a | \u0623\u0633\u0639\u0627\u0631 \u0645\u0646\u0627\u0641\u0633\u0629 | \u062f\u0639\u0645 24\/7. \u062a\u0633\u0648\u0642 \u0628\u062b\u0642\u0629 \u0627\u0644\u0622\u0646!","og_url":"https:\/\/smm-follow.com\/es\/product\/1tp3-t88-20-1tp2-t8-1-tp2t9\/","og_site_name":"SMM Follow","article_modified_time":"2026-01-16T11:40:24+00:00","og_image":[{"width":1071,"height":1071,"url":"https:\/\/smm-follow.com\/wp-content\/uploads\/2025\/12\/Picsart_24-01-24_04-27-36-391-1-1.png","type":"image\/png"}],"twitter_card":"summary_large_image","twitter_misc":{"Precio":"&#36;27.20","Disponibilidad":"Disponible"},"schema":{"@context":"https:\/\/schema.org","@graph":[{"@type":"WebPage","@id":"https:\/\/smm-follow.com\/product\/googleplay-20-gift-card-%d9%8eusa-store\/","url":"https:\/\/smm-follow.com\/product\/googleplay-20-gift-card-%d9%8eusa-store\/","name":"Tarjeta de regalo de Google Play 20$ (Tienda de EE. UU.) - C\u00f3digo digital instant\u00e1neo | Garant\u00eda 100%","isPartOf":{"@id":"https:\/\/smm-follow.com\/#website"},"primaryImageOfPage":{"@id":"https:\/\/smm-follow.com\/product\/googleplay-20-gift-card-%d9%8eusa-store\/#primaryimage"},"image":{"@id":"https:\/\/smm-follow.com\/product\/googleplay-20-gift-card-%d9%8eusa-store\/#primaryimage"},"thumbnailUrl":"https:\/\/smm-follow.com\/wp-content\/uploads\/2025\/12\/Picsart_24-01-24_04-27-36-391-1-1.png","datePublished":"2025-12-23T11:47:19+00:00","dateModified":"2026-01-16T11:40:24+00:00","description":"Tarjeta de regalo original de Google Play 20$ (tienda de EE. UU.) - C\u00f3digo digital instant\u00e1neo | Precios competitivos | Soporte 24\/7. \u00a1Compra con confianza!","breadcrumb":{"@id":"https:\/\/smm-follow.com\/product\/googleplay-20-gift-card-%d9%8eusa-store\/#breadcrumb"},"inLanguage":"es","potentialAction":[{"@type":"ReadAction","target":["https:\/\/smm-follow.com\/product\/googleplay-20-gift-card-%d9%8eusa-store\/"]}]},{"@type":"ImageObject","inLanguage":"es","@id":"https:\/\/smm-follow.com\/product\/googleplay-20-gift-card-%d9%8eusa-store\/#primaryimage","url":"https:\/\/smm-follow.com\/wp-content\/uploads\/2025\/12\/Picsart_24-01-24_04-27-36-391-1-1.png","contentUrl":"https:\/\/smm-follow.com\/wp-content\/uploads\/2025\/12\/Picsart_24-01-24_04-27-36-391-1-1.png","width":1071,"height":1071},{"@type":"BreadcrumbList","@id":"https:\/\/smm-follow.com\/product\/googleplay-20-gift-card-%d9%8eusa-store\/#breadcrumb","itemListElement":[{"@type":"ListItem","position":1,"name":"\u0627\u0644\u0631\u0626\u064a\u0633\u064a\u0629","item":"https:\/\/smm-follow.com\/"},{"@type":"ListItem","position":2,"name":"\u0627\u0644\u0645\u062a\u062c\u0631","item":"https:\/\/smm-follow.com\/en\/shop\/"},{"@type":"ListItem","position":3,"name":"\u0628\u0637\u0627\u0642\u0629 \u0642\u0648\u0642\u0644 \u0628\u0644\u0627\u064a 20$ (\u0627\u0644\u0645\u062a\u062c\u0631 \u0627\u0644\u0627\u0645\u0631\u064a\u0643\u064a)"}]},{"@type":"WebSite","@id":"https:\/\/smm-follow.com\/#website","url":"https:\/\/smm-follow.com\/","name":"SEGUIR SMM","description":"Una plataforma especializada en servicios de redes sociales para aumentar seguidores, &quot;me gusta&quot; y visualizaciones en Instagram, TikTok, YouTube y m\u00e1s. Servicios seguros disponibles en todos los pa\u00edses.","publisher":{"@id":"https:\/\/smm-follow.com\/#organization"},"alternateName":"Follow 965 \u0641\u0648\u0644\u0648","potentialAction":[{"@type":"SearchAction","target":{"@type":"EntryPoint","urlTemplate":"https:\/\/smm-follow.com\/?s={search_term_string}"},"query-input":{"@type":"PropertyValueSpecification","valueRequired":true,"valueName":"search_term_string"}}],"inLanguage":"es"},{"@type":"Organization","@id":"https:\/\/smm-follow.com\/#organization","name":"SEGUIR SMM","alternateName":"Follow 965","url":"https:\/\/smm-follow.com\/","logo":{"@type":"ImageObject","inLanguage":"es","@id":"https:\/\/smm-follow.com\/#\/schema\/logo\/image\/","url":"https:\/\/smm-follow.com\/wp-content\/uploads\/2025\/12\/Logo-smm-follow.jpg","contentUrl":"https:\/\/smm-follow.com\/wp-content\/uploads\/2025\/12\/Logo-smm-follow.jpg","width":1080,"height":1080,"caption":"SMM FOLLOW"},"image":{"@id":"https:\/\/smm-follow.com\/#\/schema\/logo\/image\/"},"hasMerchantReturnPolicy":{"@type":"MerchantReturnPolicy","merchantReturnLink":"https:\/\/smm-follow.com\/es\/politica-de-devoluciones\/"}}]},"product_brand":"\u0627\u0644\u0645\u062a\u062c\u0631 \u0627\u0644\u0627\u0645\u0631\u064a\u0643\u064a","product_price_amount":"27.20","product_price_currency":"USD","og_availability":"instock","product_availability":"instock","product_condition":"new"},"_links":{"self":[{"href":"https:\/\/smm-follow.com\/es\/wp-json\/wp\/v2\/product\/445","targetHints":{"allow":["GET"]}}],"collection":[{"href":"https:\/\/smm-follow.com\/es\/wp-json\/wp\/v2\/product"}],"about":[{"href":"https:\/\/smm-follow.com\/es\/wp-json\/wp\/v2\/types\/product"}],"replies":[{"embeddable":true,"href":"https:\/\/smm-follow.com\/es\/wp-json\/wp\/v2\/comments?post=445"}],"wp:featuredmedia":[{"embeddable":true,"href":"https:\/\/smm-follow.com\/es\/wp-json\/wp\/v2\/media\/500"}],"wp:attachment":[{"href":"https:\/\/smm-follow.com\/es\/wp-json\/wp\/v2\/media?parent=445"}],"wp:term":[{"taxonomy":"product_brand","embeddable":true,"href":"https:\/\/smm-follow.com\/es\/wp-json\/wp\/v2\/product_brand?post=445"},{"taxonomy":"product_cat","embeddable":true,"href":"https:\/\/smm-follow.com\/es\/wp-json\/wp\/v2\/product_cat?post=445"},{"taxonomy":"product_tag","embeddable":true,"href":"https:\/\/smm-follow.com\/es\/wp-json\/wp\/v2\/product_tag?post=445"}],"curies":[{"name":"wp","href":"https:\/\/api.w.org\/{rel}","templated":true}]}}