{"id":86,"date":"2025-12-23T14:40:27","date_gmt":"2025-12-23T11:40:27","guid":{"rendered":"https:\/\/smm-follow.com\/?post_type=product&#038;p=86"},"modified":"2026-01-16T10:17:44","modified_gmt":"2026-01-16T07:17:44","slug":"auto-instagram-views","status":"publish","type":"product","link":"https:\/\/smm-follow.com\/es\/product\/comprar-vistas-auto-instagram\/","title":{"rendered":"Suscripci\u00f3n de visualizaciones de Instagram"},"content":{"rendered":"<h1>Visualizaciones autom\u00e1ticas en Instagram | Sistema de aumento autom\u00e1tico de visualizaciones para v\u00eddeos y reels<\/h1>\n<p><strong>comienzo<\/strong>\u00bfSientes que tus v\u00eddeos y reels en Instagram no obtienen las vistas que merecen? <strong>En realidad<\/strong>, progreso <strong>Servicio de visualizaciones autom\u00e1ticas de Instagram<\/strong> \u00a1La soluci\u00f3n inteligente a este problema! <strong>Adem\u00e1s<\/strong>Con nuestro avanzado sistema automatizado, se detendr\u00e1 <strong>finalmente<\/strong> Acerca de la preocupaci\u00f3n por las visualizaciones de su contenido de v\u00eddeo.<\/p>\n<p><strong>en general<\/strong>Al suscribirse a <strong>Este sistema automatizado<\/strong>T\u00fa obtienes <strong>inmediatamente<\/strong> Sobre un asistente permanente que trabaja de forma autom\u00e1tica. <strong>Como resultado<\/strong>Cada nuevo video o reel que publiques obtendr\u00e1 vistas instant\u00e1neas y reales. <strong>Sin ning\u00fan<\/strong> Un esfuerzo extra de tu parte. Tambi\u00e9n puedes consultar nuestro servicio asociado: <a href=\"https:\/\/smm-follow.com\/es\/product\/comprar-me-gusta-auto-instagram\/\">Me gusta autom\u00e1ticos en Instagram<\/a> Para lograr una interacci\u00f3n integral.<\/p>\n<h2>\u00bfQu\u00e9 es exactamente el servicio de visualizaci\u00f3n autom\u00e1tica?<\/h2>\n<p><strong>corto<\/strong>, representa <strong>Este sistema automatizado<\/strong> Un programa dise\u00f1ado espec\u00edficamente para atender su cuenta. <strong>despu\u00e9s<\/strong>Una vez activado el servicio, el sistema se inicia <strong>autom\u00e1ticamente<\/strong> Monitoreando tu cuenta y agregando vistas reales a cada nuevo contenido de video que publiques.<\/p>\n<h3>\u00bfC\u00f3mo funciona en la pr\u00e1ctica el sistema de visualizaci\u00f3n automatizada?<\/h3>\n<p><strong>En primer lugar<\/strong>, \u00c9l depende <strong>Sistema de visualizaci\u00f3n autom\u00e1tica<\/strong> Utiliza tecnolog\u00eda inteligente que se conecta de forma segura a tu cuenta. <strong>Por ejemplo<\/strong>Cuando publicas cualquier contenido de v\u00eddeo nuevo, el sistema lo detecta. <strong>inmediatamente<\/strong> Comienza a agregar vistas. <strong>Adem\u00e1s<\/strong>El sistema funciona las 24 horas del d\u00eda.<\/p>\n<h2>\u00bfPor qu\u00e9 necesitas realmente vistas autom\u00e1ticas?<\/h2>\n<p><strong>Para aclarar el panorama<\/strong>En el mundo de Instagram, que se centra en el contenido visual, un alto n\u00famero de visualizaciones es la clave del \u00e9xito. <strong>Por lo tanto<\/strong>Estas son las principales razones:<\/p>\n<ul>\n<li><strong>Mayores posibilidades de propagaci\u00f3n:<\/strong> Los videos con muchas visualizaciones aparecen con mayor frecuencia en la p\u00e1gina Explorar.<\/li>\n<li><strong>Estimulaci\u00f3n del algoritmo:<\/strong> Las vistas r\u00e1pidas dan se\u00f1ales positivas <strong>Ac\u00e9rrimo<\/strong><\/li>\n<li><strong>C\u00f3mo atraer espectadores org\u00e1nicos:<\/strong> La gente se siente atra\u00edda <strong>naturalmente<\/strong> Para v\u00eddeos con muchas visualizaciones<\/li>\n<li><strong>Integraci\u00f3n con otros servicios:<\/strong> Puedes combinarlos con <a href=\"https:\/\/smm-follow.com\/es\/product\/comprar-visualizaciones-de-instagram\/\">Vistas regulares de Instagram<\/a> Para obtener mejores resultados<\/li>\n<\/ul>\n<h3>Tipos de contenido admitidos:<\/h3>\n<ol>\n<li><strong>Bobinas:<\/strong> Los v\u00eddeos cortos m\u00e1s populares <strong>actualmente<\/strong><\/li>\n<li><strong>Videoclips regulares:<\/strong> Contenido visual en tu p\u00e1gina de inicio<\/li>\n<li><strong>IGTV:<\/strong> V\u00eddeos largos que necesitan <strong>Apoyo especial<\/strong><\/li>\n<li><strong>Integraci\u00f3n con la historia:<\/strong> Tambi\u00e9n puedes probar <a href=\"https:\/\/smm-follow.com\/es\/product\/comprar-vistas-de-historias-de-instagram\/\">Vistas de la historia<\/a><\/li>\n<\/ol>\n<h2>\u00bfCu\u00e1les son las principales caracter\u00edsticas del sistema de visualizaci\u00f3n automatizada?<\/h2>\n<h3>Un sistema totalmente automatizado sin intervenci\u00f3n manual<\/h3>\n<p><strong>En este caso<\/strong>No es necesario presentar ninguna solicitud. <strong>Para cada video<\/strong>. <strong>De lo contrario<\/strong>El sistema reconoce autom\u00e1ticamente el contenido de v\u00eddeo nuevo y a\u00f1ade visualizaciones. <strong>Sin ning\u00fan<\/strong> Es tu culpa.<\/p>\n<h3>Vistas de cuentas reales y activas<\/h3>\n<p><strong>Es importante saber<\/strong> Todas las vistas provienen de cuentas de Instagram reales y activas. <strong>Esto a su vez<\/strong> Asegura una reacci\u00f3n natural y segura. <strong>Completamente<\/strong> Para tu cuenta.<\/p>\n<h3>Respuesta y reacci\u00f3n extremadamente r\u00e1pidas<\/h3>\n<p><strong>generalmente<\/strong>Las vistas comienzan a aparecer durante <strong>5-15 minutos<\/strong> \u00bfQui\u00e9n public\u00f3 el v\u00eddeo?. <strong>despu\u00e9s<\/strong>El sistema le da un fuerte impulso. <strong>Desde el principio<\/strong>. Para una mayor interacci\u00f3n, puedes explorar <a href=\"https:\/\/smm-follow.com\/es\/product\/comprar-comentarios-de-instagram\/\">Comentarios de Instagram<\/a>.<\/p>\n<h2>\u00bfC\u00f3mo puedes suscribirte al servicio paso a paso?<\/h2>\n<ol>\n<li><strong>En primer lugar<\/strong>Elija el paquete adecuado entre nuestros distintos paquetes.<\/li>\n<li><strong>en segundo lugar<\/strong>Complete el proceso de pago utilizando los m\u00e9todos de pago seguros disponibles.<\/li>\n<li><strong>Tercero<\/strong>Proporciona el nombre de usuario de tu cuenta de Instagram.<\/li>\n<li><strong>finalmente<\/strong>Comience a publicar videos y observe las visualizaciones autom\u00e1ticas.<\/li>\n<\/ol>\n<h2>Paquetes de servicios de visualizaci\u00f3n autom\u00e1tica<\/h2>\n<table>\n<thead>\n<tr>\n<th>El paquete<\/th>\n<th>Duraci\u00f3n<\/th>\n<th>N\u00famero de visualizaciones autom\u00e1ticas<\/th>\n<th>Caracter\u00edsticas adicionales<\/th>\n<\/tr>\n<\/thead>\n<tbody>\n<tr>\n<td><strong>Paquete b\u00e1sico<\/strong><\/td>\n<td>30 d\u00edas<\/td>\n<td>1.000-5.000 visualizaciones por v\u00eddeo<\/td>\n<td>Soporte t\u00e9cnico, activaci\u00f3n r\u00e1pida<\/td>\n<\/tr>\n<tr>\n<td><strong>Paquete de crecimiento<\/strong><\/td>\n<td>90 d\u00edas<\/td>\n<td>2.000-8.000 visualizaciones por v\u00eddeo<\/td>\n<td>Prioridad en soporte, informes mensuales<\/td>\n<\/tr>\n<tr>\n<td><strong>Paquete Profesional<\/strong><\/td>\n<td>365 d\u00edas<\/td>\n<td>3000-10 000+ visualizaciones por video<\/td>\n<td>Soporte dedicado, monitoreo continuo<\/td>\n<\/tr>\n<\/tbody>\n<\/table>\n<h2>Preguntas frecuentes sobre las vistas autom\u00e1ticas<\/h2>\n<h3>\u00bfPuedo utilizar el servicio con otros tipos de interacci\u00f3n?<\/h3>\n<p><strong>ciertamente<\/strong>Recomendamos utilizar este servicio con <a href=\"https:\/\/smm-follow.com\/es\/product\/instagram-saves\/\">Guardar publicaciones<\/a> Para mejorar diferentes se\u00f1ales de interacci\u00f3n. Tambi\u00e9n puedes combinarlas con <a href=\"https:\/\/smm-follow.com\/es\/product\/instagram-shares\/\">Publicaciones de Instagram<\/a> Para aumentar la difusi\u00f3n.<\/p>\n<h3>\u00bfCu\u00e1l es la diferencia entre este servicio y los servicios regulares?<\/h3>\n<p><strong>Diferencia principal<\/strong> Significa que este servicio funciona <strong>autom\u00e1ticamente<\/strong> Si bien los servicios regulares requieren una solicitud manual para cada video, para servicios de seguimiento puede visitar <a href=\"https:\/\/smm-follow.com\/es\/product\/comprar-seguidores-de-instagram\/\">Seguidores de Instagram<\/a>.<\/p>\n<h2>En resumen: \u00bfPor qu\u00e9 este sistema es la elecci\u00f3n correcta?<\/h2>\n<p><strong>en conclusi\u00f3n<\/strong>Se considera <strong>Servicio de visualizaci\u00f3n autom\u00e1tica<\/strong> M\u00e1s que un simple potenciador de n\u00fameros. <strong>M\u00e1s bien, es<\/strong> Una estrategia inteligente para gestionar la interacci\u00f3n digital del contenido visual. <strong>Por lo tanto<\/strong>No dudes en probar este excelente servicio.<\/p>\n<p><strong>al final<\/strong>Recuerde que las observaciones regulares y espont\u00e1neas a menudo conducen a un crecimiento org\u00e1nico m\u00e1s r\u00e1pido. <strong>Basado en eso<\/strong>Te aconsejamos que empieces hoy mismo para que veas los resultados por ti mismo.<\/p>\n<p><!-- \u062d\u0642\u0648\u0644 \u0641\u0646\u064a\u0629 \u0648\u0633\u0645\u0627\u062a ALT \u0644\u0644\u0635\u0648\u0631 --><\/p>\n<p style=\"display: none;\"><span class=\"product-id\">ID del producto: IG-AUTO-VIEWS-2024<\/span><\/p>\n<p><span class=\"product-sku\">C\u00f3digo: IGAUTOVIEWS-001<\/span><\/p>\n<p><span class=\"image-alt-1\">Servicio automatizado de visualizaciones de Instagram para un crecimiento r\u00e1pido<\/span><\/p>\n<p><span class=\"image-alt-2\">Un sistema automatizado para aumentar las visualizaciones de v\u00eddeos en Instagram<\/span><\/p>\n<p><span class=\"image-alt-3\">Comparaci\u00f3n entre observaciones normales y espont\u00e1neas<\/span><\/p>\n<p><span class=\"image-alt-4\">Resultados del uso del servicio de visualizaci\u00f3n automatizada<\/span><\/p>","protected":false},"excerpt":{"rendered":"<p>\u00a1Crecimiento autom\u00e1tico e ininterrumpido! Suscr\u00edbete a nuestro servicio de visualizaciones autom\u00e1ticas de Instagram y obt\u00e9n visualizaciones instant\u00e1neas por cada video o reel que publiques. No necesitas solicitudes manuales; el servicio funciona autom\u00e1ticamente con todo el contenido nuevo. Suscripciones mensuales flexibles desde $10, visualizaciones instant\u00e1neas en minutos, crecimiento continuo y org\u00e1nico, cancelaci\u00f3n en cualquier momento y soporte 24\/7. \u00a1Olv\u00eddate de las solicitudes manuales!<\/p>","protected":false},"featured_media":111,"comment_status":"closed","ping_status":"closed","template":"","meta":[],"product_brand":[],"product_cat":[19,225],"product_tag":[],"class_list":{"0":"post-86","1":"product","2":"type-product","3":"status-publish","4":"has-post-thumbnail","6":"product_cat-instagram","7":"product_cat-social-media","8":"tm-has-options","10":"first","11":"instock","12":"virtual","13":"taxable","14":"purchasable","15":"product-type-simple"},"yoast_head":"<!-- This site is optimized with the Yoast SEO Premium plugin v21.7 (Yoast SEO v27.1.1) - https:\/\/yoast.com\/product\/yoast-seo-premium-wordpress\/ -->\n<title>\u0627\u0634\u062a\u0631\u0627\u0643 \u0645\u0634\u0627\u0647\u062f\u0627\u062a \u0627\u0646\u0633\u062a\u0642\u0631\u0627\u0645 | \u0632\u064a\u0627\u062f\u0629 Views \u062a\u0644\u0642\u0627\u0626\u064a\u0629 \u0645\u0633\u062a\u0645\u0631\u0629<\/title>\n<meta name=\"description\" content=\"\u0627\u0634\u062a\u0631\u0627\u0643 \u0645\u0634\u0627\u0647\u062f\u0627\u062a \u0627\u0646\u0633\u062a\u0642\u0631\u0627\u0645 \u064a\u0636\u064a\u0641 Views \u062a\u0644\u0642\u0627\u0626\u064a\u0627\u064b \u0644\u0643\u0644 \u0641\u064a\u062f\u064a\u0648 \u062c\u062f\u064a\u062f \u062a\u0646\u0634\u0631\u0647. \u0631\u0627\u062d\u0629 \u062a\u0627\u0645\u0629\u060c \u0646\u0645\u0648 \u0645\u0633\u062a\u0645\u0631\u060c \u0644\u0627 \u062d\u0627\u062c\u0629 \u0644\u0637\u0644\u0628\u0627\u062a \u064a\u062f\u0648\u064a\u0629. \u0627\u0634\u062a\u0631\u0627\u0643 \u0634\u0647\u0631\u064a \u0645\u0631\u0646\u060c \u0625\u0644\u063a\u0627\u0621 \u0645\u062a\u0649 \u062a\u0634\u0627\u0621.\" \/>\n<meta name=\"robots\" content=\"index, follow, max-snippet:-1, max-image-preview:large, max-video-preview:-1\" \/>\n<link rel=\"canonical\" href=\"https:\/\/smm-follow.com\/es\/product\/comprar-vistas-auto-instagram\/\" \/>\n<meta property=\"og:locale\" content=\"es_ES\" \/>\n<meta property=\"og:type\" content=\"article\" \/>\n<meta property=\"og:title\" content=\"\u0627\u0634\u062a\u0631\u0627\u0643 \u0645\u0634\u0627\u0647\u062f\u0627\u062a \u0627\u0646\u0633\u062a\u0642\u0631\u0627\u0645\" \/>\n<meta property=\"og:description\" content=\"\u0627\u0634\u062a\u0631\u0627\u0643 \u0645\u0634\u0627\u0647\u062f\u0627\u062a \u0627\u0646\u0633\u062a\u0642\u0631\u0627\u0645 \u064a\u0636\u064a\u0641 Views \u062a\u0644\u0642\u0627\u0626\u064a\u0627\u064b \u0644\u0643\u0644 \u0641\u064a\u062f\u064a\u0648 \u062c\u062f\u064a\u062f \u062a\u0646\u0634\u0631\u0647. \u0631\u0627\u062d\u0629 \u062a\u0627\u0645\u0629\u060c \u0646\u0645\u0648 \u0645\u0633\u062a\u0645\u0631\u060c \u0644\u0627 \u062d\u0627\u062c\u0629 \u0644\u0637\u0644\u0628\u0627\u062a \u064a\u062f\u0648\u064a\u0629. \u0627\u0634\u062a\u0631\u0627\u0643 \u0634\u0647\u0631\u064a \u0645\u0631\u0646\u060c \u0625\u0644\u063a\u0627\u0621 \u0645\u062a\u0649 \u062a\u0634\u0627\u0621.\" \/>\n<meta property=\"og:url\" content=\"https:\/\/smm-follow.com\/es\/product\/comprar-vistas-auto-instagram\/\" \/>\n<meta property=\"og:site_name\" content=\"SMM Follow\" \/>\n<meta property=\"article:modified_time\" content=\"2026-01-16T07:17:44+00:00\" \/>\n<meta property=\"og:image\" content=\"https:\/\/smm-follow.com\/wp-content\/uploads\/2025\/12\/Views-16-scaled-1-1-1.jpg\" \/>\n\t<meta property=\"og:image:width\" content=\"2560\" \/>\n\t<meta property=\"og:image:height\" content=\"2560\" \/>\n\t<meta property=\"og:image:type\" content=\"image\/jpeg\" \/>\n<meta name=\"twitter:card\" content=\"summary_large_image\" \/>\n<meta name=\"twitter:label1\" content=\"Precio\" \/>\n\t<meta name=\"twitter:data1\" content=\"&#036;0.00\" \/>\n\t<meta name=\"twitter:label2\" content=\"Disponibilidad\" \/>\n\t<meta name=\"twitter:data2\" content=\"Disponible\" \/>\n<script type=\"application\/ld+json\" class=\"yoast-schema-graph\">{\"@context\":\"https:\/\/schema.org\",\"@graph\":[{\"@type\":\"WebPage\",\"@id\":\"https:\/\/smm-follow.com\/product\/auto-instagram-views\/\",\"url\":\"https:\/\/smm-follow.com\/product\/auto-instagram-views\/\",\"name\":\"\u0627\u0634\u062a\u0631\u0627\u0643 \u0645\u0634\u0627\u0647\u062f\u0627\u062a \u0627\u0646\u0633\u062a\u0642\u0631\u0627\u0645 | \u0632\u064a\u0627\u062f\u0629 Views \u062a\u0644\u0642\u0627\u0626\u064a\u0629 \u0645\u0633\u062a\u0645\u0631\u0629\",\"isPartOf\":{\"@id\":\"https:\/\/smm-follow.com\/#website\"},\"primaryImageOfPage\":{\"@id\":\"https:\/\/smm-follow.com\/product\/auto-instagram-views\/#primaryimage\"},\"image\":{\"@id\":\"https:\/\/smm-follow.com\/product\/auto-instagram-views\/#primaryimage\"},\"thumbnailUrl\":\"https:\/\/smm-follow.com\/wp-content\/uploads\/2025\/12\/Views-16-scaled-1-1-1.jpg\",\"datePublished\":\"2025-12-23T11:40:27+00:00\",\"dateModified\":\"2026-01-16T07:17:44+00:00\",\"description\":\"\u0627\u0634\u062a\u0631\u0627\u0643 \u0645\u0634\u0627\u0647\u062f\u0627\u062a \u0627\u0646\u0633\u062a\u0642\u0631\u0627\u0645 \u064a\u0636\u064a\u0641 Views \u062a\u0644\u0642\u0627\u0626\u064a\u0627\u064b \u0644\u0643\u0644 \u0641\u064a\u062f\u064a\u0648 \u062c\u062f\u064a\u062f \u062a\u0646\u0634\u0631\u0647. \u0631\u0627\u062d\u0629 \u062a\u0627\u0645\u0629\u060c \u0646\u0645\u0648 \u0645\u0633\u062a\u0645\u0631\u060c \u0644\u0627 \u062d\u0627\u062c\u0629 \u0644\u0637\u0644\u0628\u0627\u062a \u064a\u062f\u0648\u064a\u0629. \u0627\u0634\u062a\u0631\u0627\u0643 \u0634\u0647\u0631\u064a \u0645\u0631\u0646\u060c \u0625\u0644\u063a\u0627\u0621 \u0645\u062a\u0649 \u062a\u0634\u0627\u0621.\",\"breadcrumb\":{\"@id\":\"https:\/\/smm-follow.com\/product\/auto-instagram-views\/#breadcrumb\"},\"inLanguage\":\"es\",\"potentialAction\":[{\"@type\":\"ReadAction\",\"target\":[\"https:\/\/smm-follow.com\/product\/auto-instagram-views\/\"]}]},{\"@type\":\"ImageObject\",\"inLanguage\":\"es\",\"@id\":\"https:\/\/smm-follow.com\/product\/auto-instagram-views\/#primaryimage\",\"url\":\"https:\/\/smm-follow.com\/wp-content\/uploads\/2025\/12\/Views-16-scaled-1-1-1.jpg\",\"contentUrl\":\"https:\/\/smm-follow.com\/wp-content\/uploads\/2025\/12\/Views-16-scaled-1-1-1.jpg\",\"width\":2560,\"height\":2560},{\"@type\":\"BreadcrumbList\",\"@id\":\"https:\/\/smm-follow.com\/product\/auto-instagram-views\/#breadcrumb\",\"itemListElement\":[{\"@type\":\"ListItem\",\"position\":1,\"name\":\"\u0627\u0644\u0631\u0626\u064a\u0633\u064a\u0629\",\"item\":\"https:\/\/smm-follow.com\/\"},{\"@type\":\"ListItem\",\"position\":2,\"name\":\"\u0627\u0644\u0645\u062a\u062c\u0631\",\"item\":\"https:\/\/smm-follow.com\/en\/shop\/\"},{\"@type\":\"ListItem\",\"position\":3,\"name\":\"\u0627\u0634\u062a\u0631\u0627\u0643 \u0645\u0634\u0627\u0647\u062f\u0627\u062a \u0627\u0646\u0633\u062a\u0642\u0631\u0627\u0645\"}]},{\"@type\":\"WebSite\",\"@id\":\"https:\/\/smm-follow.com\/#website\",\"url\":\"https:\/\/smm-follow.com\/\",\"name\":\"SMM FOLLOW\",\"description\":\"\u0645\u0646\u0635\u0629 \u0645\u062a\u062e\u0635\u0635\u0629 \u0641\u064a \u062e\u062f\u0645\u0627\u062a \u0645\u0648\u0627\u0642\u0639 \u0627\u0644\u062a\u0648\u0627\u0635\u0644 \u0627\u0644\u0627\u062c\u062a\u0645\u0627\u0639\u064a \u0644\u0632\u064a\u0627\u062f\u0629 \u0627\u0644\u0645\u062a\u0627\u0628\u0639\u064a\u0646\u060c \u0627\u0644\u0644\u0627\u064a\u0643\u0627\u062a\u060c \u0648\u0627\u0644\u0645\u0634\u0627\u0647\u062f\u0627\u062a \u0639\u0644\u0649 \u0625\u0646\u0633\u062a\u0642\u0631\u0627\u0645\u060c \u062a\u064a\u0643 \u062a\u0648\u0643\u060c \u064a\u0648\u062a\u064a\u0648\u0628 \u0648\u063a\u064a\u0631\u0647\u0627. \u062e\u062f\u0645\u0627\u062a \u0622\u0645\u0646\u0629 \u0644\u062c\u0645\u064a\u0639 \u0627\u0644\u062f\u0648\u0644\",\"publisher\":{\"@id\":\"https:\/\/smm-follow.com\/#organization\"},\"alternateName\":\"Follow 965 \u0641\u0648\u0644\u0648\",\"potentialAction\":[{\"@type\":\"SearchAction\",\"target\":{\"@type\":\"EntryPoint\",\"urlTemplate\":\"https:\/\/smm-follow.com\/?s={search_term_string}\"},\"query-input\":{\"@type\":\"PropertyValueSpecification\",\"valueRequired\":true,\"valueName\":\"search_term_string\"}}],\"inLanguage\":\"es\"},{\"@type\":\"Organization\",\"@id\":\"https:\/\/smm-follow.com\/#organization\",\"name\":\"SMM FOLLOW\",\"alternateName\":\"Follow 965\",\"url\":\"https:\/\/smm-follow.com\/\",\"logo\":{\"@type\":\"ImageObject\",\"inLanguage\":\"es\",\"@id\":\"https:\/\/smm-follow.com\/#\/schema\/logo\/image\/\",\"url\":\"https:\/\/smm-follow.com\/wp-content\/uploads\/2025\/12\/Logo-smm-follow.jpg\",\"contentUrl\":\"https:\/\/smm-follow.com\/wp-content\/uploads\/2025\/12\/Logo-smm-follow.jpg\",\"width\":1080,\"height\":1080,\"caption\":\"SMM FOLLOW\"},\"image\":{\"@id\":\"https:\/\/smm-follow.com\/#\/schema\/logo\/image\/\"},\"hasMerchantReturnPolicy\":{\"@type\":\"MerchantReturnPolicy\",\"merchantReturnLink\":\"https:\/\/smm-follow.com\/es\/politica-de-devoluciones\/\"}}]}<\/script>\n<meta property=\"product:brand\" content=\"\u0627\u0646\u0633\u062a\u0642\u0631\u0627\u0645\" \/>\n<meta property=\"product:price:amount\" content=\"0.00\" \/>\n<meta property=\"product:price:currency\" content=\"USD\" \/>\n<meta property=\"og:availability\" content=\"instock\" \/>\n<meta property=\"product:availability\" content=\"instock\" \/>\n<meta property=\"product:condition\" content=\"new\" \/>\n<!-- \/ Yoast SEO Premium plugin. -->","yoast_head_json":{"title":"Suscripci\u00f3n de visualizaciones de Instagram | Aumento autom\u00e1tico y continuo de visualizaciones","description":"Una suscripci\u00f3n a visualizaciones de Instagram a\u00f1ade visualizaciones autom\u00e1ticamente a cada nuevo video que publiques. M\u00e1xima comodidad, crecimiento continuo y sin solicitudes manuales. Suscripci\u00f3n mensual flexible: cancela cuando quieras.","robots":{"index":"index","follow":"follow","max-snippet":"max-snippet:-1","max-image-preview":"max-image-preview:large","max-video-preview":"max-video-preview:-1"},"canonical":"https:\/\/smm-follow.com\/es\/product\/comprar-vistas-auto-instagram\/","og_locale":"es_ES","og_type":"article","og_title":"\u0627\u0634\u062a\u0631\u0627\u0643 \u0645\u0634\u0627\u0647\u062f\u0627\u062a \u0627\u0646\u0633\u062a\u0642\u0631\u0627\u0645","og_description":"\u0627\u0634\u062a\u0631\u0627\u0643 \u0645\u0634\u0627\u0647\u062f\u0627\u062a \u0627\u0646\u0633\u062a\u0642\u0631\u0627\u0645 \u064a\u0636\u064a\u0641 Views \u062a\u0644\u0642\u0627\u0626\u064a\u0627\u064b \u0644\u0643\u0644 \u0641\u064a\u062f\u064a\u0648 \u062c\u062f\u064a\u062f \u062a\u0646\u0634\u0631\u0647. \u0631\u0627\u062d\u0629 \u062a\u0627\u0645\u0629\u060c \u0646\u0645\u0648 \u0645\u0633\u062a\u0645\u0631\u060c \u0644\u0627 \u062d\u0627\u062c\u0629 \u0644\u0637\u0644\u0628\u0627\u062a \u064a\u062f\u0648\u064a\u0629. \u0627\u0634\u062a\u0631\u0627\u0643 \u0634\u0647\u0631\u064a \u0645\u0631\u0646\u060c \u0625\u0644\u063a\u0627\u0621 \u0645\u062a\u0649 \u062a\u0634\u0627\u0621.","og_url":"https:\/\/smm-follow.com\/es\/product\/comprar-vistas-auto-instagram\/","og_site_name":"SMM Follow","article_modified_time":"2026-01-16T07:17:44+00:00","og_image":[{"width":2560,"height":2560,"url":"https:\/\/smm-follow.com\/wp-content\/uploads\/2025\/12\/Views-16-scaled-1-1-1.jpg","type":"image\/jpeg"}],"twitter_card":"summary_large_image","twitter_misc":{"Precio":"&#36;0.00","Disponibilidad":"Disponible"},"schema":{"@context":"https:\/\/schema.org","@graph":[{"@type":"WebPage","@id":"https:\/\/smm-follow.com\/product\/auto-instagram-views\/","url":"https:\/\/smm-follow.com\/product\/auto-instagram-views\/","name":"Suscripci\u00f3n de visualizaciones de Instagram | Aumento autom\u00e1tico y continuo de visualizaciones","isPartOf":{"@id":"https:\/\/smm-follow.com\/#website"},"primaryImageOfPage":{"@id":"https:\/\/smm-follow.com\/product\/auto-instagram-views\/#primaryimage"},"image":{"@id":"https:\/\/smm-follow.com\/product\/auto-instagram-views\/#primaryimage"},"thumbnailUrl":"https:\/\/smm-follow.com\/wp-content\/uploads\/2025\/12\/Views-16-scaled-1-1-1.jpg","datePublished":"2025-12-23T11:40:27+00:00","dateModified":"2026-01-16T07:17:44+00:00","description":"Una suscripci\u00f3n a visualizaciones de Instagram a\u00f1ade visualizaciones autom\u00e1ticamente a cada nuevo video que publiques. M\u00e1xima comodidad, crecimiento continuo y sin solicitudes manuales. Suscripci\u00f3n mensual flexible: cancela cuando quieras.","breadcrumb":{"@id":"https:\/\/smm-follow.com\/product\/auto-instagram-views\/#breadcrumb"},"inLanguage":"es","potentialAction":[{"@type":"ReadAction","target":["https:\/\/smm-follow.com\/product\/auto-instagram-views\/"]}]},{"@type":"ImageObject","inLanguage":"es","@id":"https:\/\/smm-follow.com\/product\/auto-instagram-views\/#primaryimage","url":"https:\/\/smm-follow.com\/wp-content\/uploads\/2025\/12\/Views-16-scaled-1-1-1.jpg","contentUrl":"https:\/\/smm-follow.com\/wp-content\/uploads\/2025\/12\/Views-16-scaled-1-1-1.jpg","width":2560,"height":2560},{"@type":"BreadcrumbList","@id":"https:\/\/smm-follow.com\/product\/auto-instagram-views\/#breadcrumb","itemListElement":[{"@type":"ListItem","position":1,"name":"\u0627\u0644\u0631\u0626\u064a\u0633\u064a\u0629","item":"https:\/\/smm-follow.com\/"},{"@type":"ListItem","position":2,"name":"\u0627\u0644\u0645\u062a\u062c\u0631","item":"https:\/\/smm-follow.com\/en\/shop\/"},{"@type":"ListItem","position":3,"name":"\u0627\u0634\u062a\u0631\u0627\u0643 \u0645\u0634\u0627\u0647\u062f\u0627\u062a \u0627\u0646\u0633\u062a\u0642\u0631\u0627\u0645"}]},{"@type":"WebSite","@id":"https:\/\/smm-follow.com\/#website","url":"https:\/\/smm-follow.com\/","name":"SEGUIR SMM","description":"Una plataforma especializada en servicios de redes sociales para aumentar seguidores, &quot;me gusta&quot; y visualizaciones en Instagram, TikTok, YouTube y m\u00e1s. Servicios seguros disponibles en todos los pa\u00edses.","publisher":{"@id":"https:\/\/smm-follow.com\/#organization"},"alternateName":"Follow 965 \u0641\u0648\u0644\u0648","potentialAction":[{"@type":"SearchAction","target":{"@type":"EntryPoint","urlTemplate":"https:\/\/smm-follow.com\/?s={search_term_string}"},"query-input":{"@type":"PropertyValueSpecification","valueRequired":true,"valueName":"search_term_string"}}],"inLanguage":"es"},{"@type":"Organization","@id":"https:\/\/smm-follow.com\/#organization","name":"SEGUIR SMM","alternateName":"Follow 965","url":"https:\/\/smm-follow.com\/","logo":{"@type":"ImageObject","inLanguage":"es","@id":"https:\/\/smm-follow.com\/#\/schema\/logo\/image\/","url":"https:\/\/smm-follow.com\/wp-content\/uploads\/2025\/12\/Logo-smm-follow.jpg","contentUrl":"https:\/\/smm-follow.com\/wp-content\/uploads\/2025\/12\/Logo-smm-follow.jpg","width":1080,"height":1080,"caption":"SMM FOLLOW"},"image":{"@id":"https:\/\/smm-follow.com\/#\/schema\/logo\/image\/"},"hasMerchantReturnPolicy":{"@type":"MerchantReturnPolicy","merchantReturnLink":"https:\/\/smm-follow.com\/es\/politica-de-devoluciones\/"}}]},"product_brand":"\u0627\u0646\u0633\u062a\u0642\u0631\u0627\u0645","product_price_amount":"0.00","product_price_currency":"USD","og_availability":"instock","product_availability":"instock","product_condition":"new"},"_links":{"self":[{"href":"https:\/\/smm-follow.com\/es\/wp-json\/wp\/v2\/product\/86","targetHints":{"allow":["GET"]}}],"collection":[{"href":"https:\/\/smm-follow.com\/es\/wp-json\/wp\/v2\/product"}],"about":[{"href":"https:\/\/smm-follow.com\/es\/wp-json\/wp\/v2\/types\/product"}],"replies":[{"embeddable":true,"href":"https:\/\/smm-follow.com\/es\/wp-json\/wp\/v2\/comments?post=86"}],"wp:featuredmedia":[{"embeddable":true,"href":"https:\/\/smm-follow.com\/es\/wp-json\/wp\/v2\/media\/111"}],"wp:attachment":[{"href":"https:\/\/smm-follow.com\/es\/wp-json\/wp\/v2\/media?parent=86"}],"wp:term":[{"taxonomy":"product_brand","embeddable":true,"href":"https:\/\/smm-follow.com\/es\/wp-json\/wp\/v2\/product_brand?post=86"},{"taxonomy":"product_cat","embeddable":true,"href":"https:\/\/smm-follow.com\/es\/wp-json\/wp\/v2\/product_cat?post=86"},{"taxonomy":"product_tag","embeddable":true,"href":"https:\/\/smm-follow.com\/es\/wp-json\/wp\/v2\/product_tag?post=86"}],"curies":[{"name":"wp","href":"https:\/\/api.w.org\/{rel}","templated":true}]}}