{"id":87,"date":"2025-12-23T14:40:27","date_gmt":"2025-12-23T11:40:27","guid":{"rendered":"https:\/\/smm-follow.com\/?post_type=product&#038;p=87"},"modified":"2026-01-16T10:17:44","modified_gmt":"2026-01-16T07:17:44","slug":"auto-instagram-likes","status":"publish","type":"product","link":"https:\/\/smm-follow.com\/es\/product\/comprar-me-gusta-auto-instagram\/","title":{"rendered":"Suscr\u00edbete a Instagram Likes"},"content":{"rendered":"<h1>Servicio de Me Gusta Autom\u00e1tico en Instagram | Sistema Inteligente de Interacci\u00f3n Automatizada<\/h1>\n<p><strong>comienzo<\/strong>\u00bfEst\u00e1s cansado de buscar constantemente formas de aumentar los \u201cMe gusta\u201d en tus nuevas publicaciones? <strong>En realidad<\/strong>, progreso <strong>Servicio de Me gusta autom\u00e1ticos en Instagram<\/strong> \u00a1La soluci\u00f3n perfecta a este dilema! <strong>Adem\u00e1s<\/strong>Con nuestro avanzado sistema automatizado, se detendr\u00e1 <strong>finalmente<\/strong> Respecto a las preocupaciones sobre la interacci\u00f3n con sus publicaciones.<\/p>\n<p>Es la forma ideal de garantizar una reacci\u00f3n b\u00e1sica fuerte. <strong>Por ejemplo<\/strong>Tal como lo proporciona <a title=\"Comprar comentarios de Instagram\" href=\"https:\/\/smm-follow.com\/es\/product\/comprar-comentarios-de-instagram\/\">Servicio de comentarios<\/a> En t\u00e9rminos de interacci\u00f3n cualitativa, nuestro servicio proporciona una interacci\u00f3n autom\u00e1tica continua.<\/p>\n<p><strong>en general<\/strong>Al suscribirse a este <strong>Servicio de Me gusta autom\u00e1tico<\/strong>T\u00fa obtienes <strong>inmediatamente<\/strong> En un socio con interacci\u00f3n constante que funciona de forma autom\u00e1tica. <strong>Como resultado<\/strong>Cada nueva publicaci\u00f3n que publiques recibir\u00e1 \u201cMe gusta\u201d instant\u00e1neos y genuinos. <strong>Sin ning\u00fan<\/strong> Esfuerzo manual de su parte.<\/p>\n<p><strong>Adem\u00e1s<\/strong>Esta interacci\u00f3n crea una base s\u00f3lida para el crecimiento. <strong>M\u00e1s tarde<\/strong>Puedes impulsar este crecimiento con otros servicios como <a title=\"Comprar seguidores de Instagram\" href=\"https:\/\/smm-follow.com\/es\/product\/comprar-seguidores-de-instagram\/\">Atraer seguidores<\/a>.<\/p>\n<h2>\u00bfQu\u00e9 significa exactamente el servicio de \u201cme gusta\u201d autom\u00e1ticos en Instagram?<\/h2>\n<p><strong>corto<\/strong>, representa <strong>Sistema de me gusta automatizado de Instagram<\/strong> Un programa enteramente dedicado a servir tu cuenta. <strong>despu\u00e9s<\/strong>Una vez activado el servicio, el sistema se inicia <strong>autom\u00e1ticamente<\/strong> Al monitorear su cuenta y agregar <strong>Me gusta autom\u00e1ticos<\/strong> Para cada nueva publicaci\u00f3n.<\/p>\n<p><strong>En otras palabras<\/strong>Es una automatizaci\u00f3n completa del proceso b\u00e1sico de interacci\u00f3n. <strong>Relacionado con eso<\/strong>Este servicio complementa estrategias de interacci\u00f3n avanzadas. <strong>precisamente<\/strong>, como <a title=\"Compra y ahorra publicaciones de Instagram\" href=\"https:\/\/smm-follow.com\/es\/product\/instagram-saves\/\">Guardar publicaciones<\/a>.<\/p>\n<h3>\u00bfC\u00f3mo funciona este sistema automatizado en la pr\u00e1ctica?<\/h3>\n<p><strong>En primer lugar<\/strong>Esto depende <strong>Sistema automatizado de Me gusta<\/strong> Utiliza tecnolog\u00eda inteligente que se conecta de forma segura a tu cuenta. <strong>Por ejemplo<\/strong>Cuando publicas cualquier contenido nuevo, el sistema lo detecta. <strong>inmediatamente<\/strong> Y empieza a agregar la reacci\u00f3n.<\/p>\n<p><strong>Adem\u00e1s<\/strong>El sistema funciona las 24 horas del d\u00eda para garantizar la continuidad de la interacci\u00f3n. <strong>Similarmente<\/strong>Nuestro servicio para <a title=\"Comprar visualizaciones autom\u00e1ticas de Instagram\" href=\"https:\/\/smm-follow.com\/es\/product\/comprar-vistas-auto-instagram\/\">Vistas autom\u00e1ticas<\/a> Los v\u00eddeos funcionan seg\u00fan el mismo principio.<\/p>\n<h2>\u00bfPor qu\u00e9 necesitas realmente un servicio de \u201cMe gusta\u201d autom\u00e1tico?<\/h2>\n<p><strong>Para aclarar el panorama<\/strong>Hay varias razones de peso:<\/p>\n<h3>Ahorrando tiempo y esfuerzo significativamente<\/h3>\n<p><strong>en lugar de<\/strong> Pasar horas buscando formas de aumentar la participaci\u00f3n le brinda... <strong>Servicio de Me gusta autom\u00e1tico<\/strong> Libertad total para centrarse en crear contenido excepcional. <strong>Por lo tanto<\/strong>El sistema trabaja autom\u00e1ticamente en su nombre. <strong>Alta eficiencia<\/strong>.<\/p>\n<h3>Interacci\u00f3n instant\u00e1nea con cada publicaci\u00f3n que publiques<\/h3>\n<p><strong>Por otro lado<\/strong>Al algoritmo de Instagram le gusta especialmente la interacci\u00f3n r\u00e1pida. <strong>Por lo tanto<\/strong>, con <strong>Sistema automatizado de Me gusta<\/strong>Cada publicaci\u00f3n recibe \u201cMe gusta\u201d en los primeros minutos.<\/p>\n<p><strong>Respectivamente<\/strong>Esto da una se\u00f1al positiva <strong>Ac\u00e9rrimo<\/strong> Para el algoritmo. <strong>Vale la pena mencionar<\/strong> Esto es extremadamente importante para el \u00e9xito. <a title=\"Comprar visualizaciones de historias de Instagram\" href=\"https:\/\/smm-follow.com\/es\/product\/comprar-vistas-de-historias-de-instagram\/\">Historias<\/a> tambi\u00e9n.<\/p>\n<h3>Interacci\u00f3n continua sin interrupciones<\/h3>\n<p><strong>De lo contrario<\/strong> Servicios tradicionales que pueden verse interrumpidos, asegurar <strong>Servicio autom\u00e1tico<\/strong> Interacci\u00f3n continua. <strong>corto<\/strong>Mantiene una presencia constante de la actividad de su cuenta.<\/p>\n<h2>\u00bfCu\u00e1les son las principales caracter\u00edsticas de nuestro servicio de likes autom\u00e1ticos?<\/h2>\n<h3>Un sistema totalmente automatizado sin intervenci\u00f3n manual<\/h3>\n<p><strong>En este caso<\/strong>No es necesario enviar una solicitud para cada puesto. <strong>De lo contrario<\/strong>reconoce <strong>Sistema autom\u00e1tico<\/strong> Agrega autom\u00e1ticamente \u201cMe gusta\u201d a tus nuevas publicaciones. <strong>Sin ning\u00fan<\/strong> Es tu culpa.<\/p>\n<h3>Me gusta de cuentas reales y activas<\/h3>\n<p><strong>Es importante saber<\/strong> Todas las interacciones provienen de cuentas de Instagram reales y activas. <strong>Esto a su vez<\/strong> Asegura una reacci\u00f3n natural y segura. <strong>Completamente<\/strong> Para tu cuenta.<\/p>\n<p><strong>Cabe se\u00f1alar<\/strong> Hasta que ofrezcamos el mismo nivel de credibilidad en <a title=\"Aumentar los mensajes directos de Instagram\" href=\"https:\/\/smm-follow.com\/es\/product\/comprar-mensaje-directo-de-instagram\/\">Servicio de mensajer\u00eda directa<\/a>.<\/p>\n<h3>Respuesta y activaci\u00f3n extremadamente r\u00e1pidas<\/h3>\n<p><strong>generalmente<\/strong>Comenzaremos a activar el servicio dentro de <strong>24 horas<\/strong> A lo sumo. <strong>despu\u00e9s<\/strong>El sistema funciona <strong>Inmediatamente<\/strong> Con cada nueva publicaci\u00f3n.<\/p>\n<h2>\u00bfC\u00f3mo puedes suscribirte al servicio paso a paso?<\/h2>\n<ol>\n<li><strong>En primer lugar<\/strong>Elija el paquete adecuado entre nuestros distintos paquetes.<\/li>\n<li><strong>en segundo lugar<\/strong>Complete el proceso de pago utilizando los m\u00e9todos de pago seguros disponibles.<\/li>\n<li><strong>Tercero<\/strong>Proporciona el nombre de usuario de tu cuenta de Instagram.<\/li>\n<li><strong>finalmente<\/strong>Comience a publicar y observe c\u00f3mo ocurre la interacci\u00f3n autom\u00e1tica frente a usted.<\/li>\n<\/ol>\n<h2>En resumen: \u00bfPor qu\u00e9 este servicio es la elecci\u00f3n correcta?<\/h2>\n<p><strong>en conclusi\u00f3n<\/strong>Se considera <strong>Servicio de Me gusta autom\u00e1ticos en Instagram<\/strong> M\u00e1s que un simple potenciador de n\u00fameros. <strong>M\u00e1s bien, es<\/strong> Una estrategia inteligente para gestionar la interacci\u00f3n digital.<\/p>\n<p><strong>Por lo tanto<\/strong>No dudes en probar este excelente servicio. <strong>Al final<\/strong>Es la piedra angular de cualquier plan. <a title=\"Comprar acceso e impresiones de Instagram\" href=\"https:\/\/smm-follow.com\/es\/product\/comprar-visitantes-perfil-instagram\/\">Para aumentar el alcance y las impresiones<\/a>.<\/p>\n<p><strong>Por \u00faltimo, pero no menos importante<\/strong>Recuerde que la reacci\u00f3n espont\u00e1nea regular a menudo conduce a un crecimiento org\u00e1nico m\u00e1s r\u00e1pido. <strong>Basado en eso<\/strong>Te aconsejamos que empieces hoy mismo para que veas los resultados por ti mismo.<\/p>\n<p><strong>Sobre esta base<\/strong>Descubra c\u00f3mo este servicio puede ser parte de <a title=\"Todos los servicios de redes sociales\" href=\"https:\/\/smm-follow.com\/es\/product-category\/social-media\/\">Su estrategia general en redes sociales<\/a>.<\/p>\n<p><!-- \u0625\u0636\u0627\u0641\u0629 \u0645\u062c\u0627\u0644\u0627\u062a \u062a\u0642\u0646\u064a\u0629 \u0645\u062e\u0641\u064a\u0629 --><\/p>\n<p style=\"display: none;\"><span class=\"product-id\">ID del producto: IG-AUTO-LIKE-2024<\/span><\/p>\n<p><span class=\"product-sku\">C\u00f3digo: IGAUTOLIKE-001<\/span><\/p>","protected":false},"excerpt":{"rendered":"<p>\u00a1Interacci\u00f3n autom\u00e1tica en cada publicaci\u00f3n! Suscr\u00edbete a nuestro servicio de &quot;me gusta&quot; autom\u00e1tico en Instagram y obt\u00e9n &quot;me gusta&quot; al instante en cada publicaci\u00f3n. No necesitas solicitudes manuales; el servicio funciona autom\u00e1ticamente con cada nueva publicaci\u00f3n. Suscripciones mensuales flexibles desde $10. Me gusta al instante en minutos, interacci\u00f3n continua y natural, cancela cuando quieras y recibe soporte 24\/7. \u00a1M\u00e1xima comodidad y crecimiento continuo!<\/p>","protected":false},"featured_media":65494,"comment_status":"closed","ping_status":"closed","template":"","meta":[],"product_brand":[],"product_cat":[19,225],"product_tag":[],"class_list":{"0":"post-87","1":"product","2":"type-product","3":"status-publish","4":"has-post-thumbnail","6":"product_cat-instagram","7":"product_cat-social-media","8":"tm-has-options","10":"first","11":"instock","12":"virtual","13":"taxable","14":"purchasable","15":"product-type-simple"},"yoast_head":"<!-- This site is optimized with the Yoast SEO Premium plugin v21.7 (Yoast SEO v27.1.1) - https:\/\/yoast.com\/product\/yoast-seo-premium-wordpress\/ -->\n<title>\u0627\u0634\u062a\u0631\u0627\u0643 \u0644\u0627\u064a\u0643\u0627\u062a \u0627\u0646\u0633\u062a\u0642\u0631\u0627\u0645 | \u0632\u064a\u0627\u062f\u0629 Likes \u062a\u0644\u0642\u0627\u0626\u064a\u0629 \u0645\u0633\u062a\u0645\u0631\u0629<\/title>\n<meta name=\"description\" content=\"\u0627\u0634\u062a\u0631\u0627\u0643 \u0644\u0627\u064a\u0643\u0627\u062a \u0627\u0646\u0633\u062a\u0642\u0631\u0627\u0645 \u064a\u0636\u064a\u0641 Likes \u062a\u0644\u0642\u0627\u0626\u064a\u0627\u064b \u0644\u0643\u0644 \u0628\u0648\u0633\u062a \u062c\u062f\u064a\u062f. \u062a\u0641\u0627\u0639\u0644 \u0641\u0648\u0631\u064a \u0648\u0645\u0633\u062a\u0645\u0631 \u0628\u062f\u0648\u0646 \u062c\u0647\u062f \u0645\u0646\u0643. \u0627\u0634\u062a\u0631\u0627\u0643 \u0634\u0647\u0631\u064a \u0645\u0631\u0646 \u064a\u0628\u062f\u0623 \u0645\u0646 \u0623\u0648\u0644 \u0645\u0646\u0634\u0648\u0631\u060c \u0625\u0644\u063a\u0627\u0621 \u0641\u064a \u0623\u064a \u0648\u0642\u062a.\" \/>\n<meta name=\"robots\" content=\"index, follow, max-snippet:-1, max-image-preview:large, max-video-preview:-1\" \/>\n<link rel=\"canonical\" href=\"https:\/\/smm-follow.com\/es\/product\/comprar-me-gusta-auto-instagram\/\" \/>\n<meta property=\"og:locale\" content=\"es_ES\" \/>\n<meta property=\"og:type\" content=\"article\" \/>\n<meta property=\"og:title\" content=\"\u0627\u0634\u062a\u0631\u0627\u0643 \u0644\u0627\u064a\u0643\u0627\u062a \u0627\u0646\u0633\u062a\u0642\u0631\u0627\u0645\" \/>\n<meta property=\"og:description\" content=\"\u0627\u0634\u062a\u0631\u0627\u0643 \u0644\u0627\u064a\u0643\u0627\u062a \u0627\u0646\u0633\u062a\u0642\u0631\u0627\u0645 \u064a\u0636\u064a\u0641 Likes \u062a\u0644\u0642\u0627\u0626\u064a\u0627\u064b \u0644\u0643\u0644 \u0628\u0648\u0633\u062a \u062c\u062f\u064a\u062f. \u062a\u0641\u0627\u0639\u0644 \u0641\u0648\u0631\u064a \u0648\u0645\u0633\u062a\u0645\u0631 \u0628\u062f\u0648\u0646 \u062c\u0647\u062f \u0645\u0646\u0643. \u0627\u0634\u062a\u0631\u0627\u0643 \u0634\u0647\u0631\u064a \u0645\u0631\u0646 \u064a\u0628\u062f\u0623 \u0645\u0646 \u0623\u0648\u0644 \u0645\u0646\u0634\u0648\u0631\u060c \u0625\u0644\u063a\u0627\u0621 \u0641\u064a \u0623\u064a \u0648\u0642\u062a.\" \/>\n<meta property=\"og:url\" content=\"https:\/\/smm-follow.com\/es\/product\/comprar-me-gusta-auto-instagram\/\" \/>\n<meta property=\"og:site_name\" content=\"SMM Follow\" \/>\n<meta property=\"article:modified_time\" content=\"2026-01-16T07:17:44+00:00\" \/>\n<meta property=\"og:image\" content=\"https:\/\/smm-follow.com\/wp-content\/uploads\/2025\/12\/Picsart_25-12-27_05-21-56-780-scaled.jpg\" \/>\n\t<meta property=\"og:image:width\" content=\"2560\" \/>\n\t<meta property=\"og:image:height\" content=\"2560\" \/>\n\t<meta property=\"og:image:type\" content=\"image\/jpeg\" \/>\n<meta name=\"twitter:card\" content=\"summary_large_image\" \/>\n<meta name=\"twitter:label1\" content=\"Precio\" \/>\n\t<meta name=\"twitter:data1\" content=\"&#036;0.00\" \/>\n\t<meta name=\"twitter:label2\" content=\"Disponibilidad\" \/>\n\t<meta name=\"twitter:data2\" content=\"Disponible\" \/>\n<script type=\"application\/ld+json\" class=\"yoast-schema-graph\">{\"@context\":\"https:\/\/schema.org\",\"@graph\":[{\"@type\":\"WebPage\",\"@id\":\"https:\/\/smm-follow.com\/product\/auto-instagram-likes\/\",\"url\":\"https:\/\/smm-follow.com\/product\/auto-instagram-likes\/\",\"name\":\"\u0627\u0634\u062a\u0631\u0627\u0643 \u0644\u0627\u064a\u0643\u0627\u062a \u0627\u0646\u0633\u062a\u0642\u0631\u0627\u0645 | \u0632\u064a\u0627\u062f\u0629 Likes \u062a\u0644\u0642\u0627\u0626\u064a\u0629 \u0645\u0633\u062a\u0645\u0631\u0629\",\"isPartOf\":{\"@id\":\"https:\/\/smm-follow.com\/#website\"},\"primaryImageOfPage\":{\"@id\":\"https:\/\/smm-follow.com\/product\/auto-instagram-likes\/#primaryimage\"},\"image\":{\"@id\":\"https:\/\/smm-follow.com\/product\/auto-instagram-likes\/#primaryimage\"},\"thumbnailUrl\":\"https:\/\/smm-follow.com\/wp-content\/uploads\/2025\/12\/Picsart_25-12-27_05-21-56-780-scaled.jpg\",\"datePublished\":\"2025-12-23T11:40:27+00:00\",\"dateModified\":\"2026-01-16T07:17:44+00:00\",\"description\":\"\u0627\u0634\u062a\u0631\u0627\u0643 \u0644\u0627\u064a\u0643\u0627\u062a \u0627\u0646\u0633\u062a\u0642\u0631\u0627\u0645 \u064a\u0636\u064a\u0641 Likes \u062a\u0644\u0642\u0627\u0626\u064a\u0627\u064b \u0644\u0643\u0644 \u0628\u0648\u0633\u062a \u062c\u062f\u064a\u062f. \u062a\u0641\u0627\u0639\u0644 \u0641\u0648\u0631\u064a \u0648\u0645\u0633\u062a\u0645\u0631 \u0628\u062f\u0648\u0646 \u062c\u0647\u062f \u0645\u0646\u0643. \u0627\u0634\u062a\u0631\u0627\u0643 \u0634\u0647\u0631\u064a \u0645\u0631\u0646 \u064a\u0628\u062f\u0623 \u0645\u0646 \u0623\u0648\u0644 \u0645\u0646\u0634\u0648\u0631\u060c \u0625\u0644\u063a\u0627\u0621 \u0641\u064a \u0623\u064a \u0648\u0642\u062a.\",\"breadcrumb\":{\"@id\":\"https:\/\/smm-follow.com\/product\/auto-instagram-likes\/#breadcrumb\"},\"inLanguage\":\"es\",\"potentialAction\":[{\"@type\":\"ReadAction\",\"target\":[\"https:\/\/smm-follow.com\/product\/auto-instagram-likes\/\"]}]},{\"@type\":\"ImageObject\",\"inLanguage\":\"es\",\"@id\":\"https:\/\/smm-follow.com\/product\/auto-instagram-likes\/#primaryimage\",\"url\":\"https:\/\/smm-follow.com\/wp-content\/uploads\/2025\/12\/Picsart_25-12-27_05-21-56-780-scaled.jpg\",\"contentUrl\":\"https:\/\/smm-follow.com\/wp-content\/uploads\/2025\/12\/Picsart_25-12-27_05-21-56-780-scaled.jpg\",\"width\":2560,\"height\":2560,\"caption\":\"{\\\"remix_data\\\":[],\\\"remix_entry_point\\\":\\\"challenges\\\",\\\"source_tags\\\":[\\\"local\\\"],\\\"origin\\\":\\\"unknown\\\",\\\"total_draw_time\\\":0,\\\"total_draw_actions\\\":0,\\\"layers_used\\\":0,\\\"brushes_used\\\":0,\\\"photos_added\\\":0,\\\"total_editor_actions\\\":{},\\\"tools_used\\\":{},\\\"is_sticker\\\":false,\\\"edited_since_last_sticker_save\\\":false,\\\"containsFTESticker\\\":false}\"},{\"@type\":\"BreadcrumbList\",\"@id\":\"https:\/\/smm-follow.com\/product\/auto-instagram-likes\/#breadcrumb\",\"itemListElement\":[{\"@type\":\"ListItem\",\"position\":1,\"name\":\"\u0627\u0644\u0631\u0626\u064a\u0633\u064a\u0629\",\"item\":\"https:\/\/smm-follow.com\/\"},{\"@type\":\"ListItem\",\"position\":2,\"name\":\"\u0627\u0644\u0645\u062a\u062c\u0631\",\"item\":\"https:\/\/smm-follow.com\/en\/shop\/\"},{\"@type\":\"ListItem\",\"position\":3,\"name\":\"\u0627\u0634\u062a\u0631\u0627\u0643 \u0644\u0627\u064a\u0643\u0627\u062a \u0627\u0646\u0633\u062a\u0642\u0631\u0627\u0645\"}]},{\"@type\":\"WebSite\",\"@id\":\"https:\/\/smm-follow.com\/#website\",\"url\":\"https:\/\/smm-follow.com\/\",\"name\":\"SMM FOLLOW\",\"description\":\"\u0645\u0646\u0635\u0629 \u0645\u062a\u062e\u0635\u0635\u0629 \u0641\u064a \u062e\u062f\u0645\u0627\u062a \u0645\u0648\u0627\u0642\u0639 \u0627\u0644\u062a\u0648\u0627\u0635\u0644 \u0627\u0644\u0627\u062c\u062a\u0645\u0627\u0639\u064a \u0644\u0632\u064a\u0627\u062f\u0629 \u0627\u0644\u0645\u062a\u0627\u0628\u0639\u064a\u0646\u060c \u0627\u0644\u0644\u0627\u064a\u0643\u0627\u062a\u060c \u0648\u0627\u0644\u0645\u0634\u0627\u0647\u062f\u0627\u062a \u0639\u0644\u0649 \u0625\u0646\u0633\u062a\u0642\u0631\u0627\u0645\u060c \u062a\u064a\u0643 \u062a\u0648\u0643\u060c \u064a\u0648\u062a\u064a\u0648\u0628 \u0648\u063a\u064a\u0631\u0647\u0627. \u062e\u062f\u0645\u0627\u062a \u0622\u0645\u0646\u0629 \u0644\u062c\u0645\u064a\u0639 \u0627\u0644\u062f\u0648\u0644\",\"publisher\":{\"@id\":\"https:\/\/smm-follow.com\/#organization\"},\"alternateName\":\"Follow 965 \u0641\u0648\u0644\u0648\",\"potentialAction\":[{\"@type\":\"SearchAction\",\"target\":{\"@type\":\"EntryPoint\",\"urlTemplate\":\"https:\/\/smm-follow.com\/?s={search_term_string}\"},\"query-input\":{\"@type\":\"PropertyValueSpecification\",\"valueRequired\":true,\"valueName\":\"search_term_string\"}}],\"inLanguage\":\"es\"},{\"@type\":\"Organization\",\"@id\":\"https:\/\/smm-follow.com\/#organization\",\"name\":\"SMM FOLLOW\",\"alternateName\":\"Follow 965\",\"url\":\"https:\/\/smm-follow.com\/\",\"logo\":{\"@type\":\"ImageObject\",\"inLanguage\":\"es\",\"@id\":\"https:\/\/smm-follow.com\/#\/schema\/logo\/image\/\",\"url\":\"https:\/\/smm-follow.com\/wp-content\/uploads\/2025\/12\/Logo-smm-follow.jpg\",\"contentUrl\":\"https:\/\/smm-follow.com\/wp-content\/uploads\/2025\/12\/Logo-smm-follow.jpg\",\"width\":1080,\"height\":1080,\"caption\":\"SMM FOLLOW\"},\"image\":{\"@id\":\"https:\/\/smm-follow.com\/#\/schema\/logo\/image\/\"},\"hasMerchantReturnPolicy\":{\"@type\":\"MerchantReturnPolicy\",\"merchantReturnLink\":\"https:\/\/smm-follow.com\/es\/politica-de-devoluciones\/\"}}]}<\/script>\n<meta property=\"product:brand\" content=\"\u0627\u0646\u0633\u062a\u0642\u0631\u0627\u0645\" \/>\n<meta property=\"product:price:amount\" content=\"0.00\" \/>\n<meta property=\"product:price:currency\" content=\"USD\" \/>\n<meta property=\"og:availability\" content=\"instock\" \/>\n<meta property=\"product:availability\" content=\"instock\" \/>\n<meta property=\"product:condition\" content=\"new\" \/>\n<!-- \/ Yoast SEO Premium plugin. -->","yoast_head_json":{"title":"Suscripci\u00f3n a Me gusta de Instagram | Aumento autom\u00e1tico continuo de Me gusta","description":"Una suscripci\u00f3n a Instagram Likes a\u00f1ade autom\u00e1ticamente &quot;me gusta&quot; a cada nueva publicaci\u00f3n. Interacci\u00f3n instant\u00e1nea y continua sin esfuerzo. Suscripci\u00f3n mensual flexible desde tu primera publicaci\u00f3n; cancela cuando quieras.","robots":{"index":"index","follow":"follow","max-snippet":"max-snippet:-1","max-image-preview":"max-image-preview:large","max-video-preview":"max-video-preview:-1"},"canonical":"https:\/\/smm-follow.com\/es\/product\/comprar-me-gusta-auto-instagram\/","og_locale":"es_ES","og_type":"article","og_title":"\u0627\u0634\u062a\u0631\u0627\u0643 \u0644\u0627\u064a\u0643\u0627\u062a \u0627\u0646\u0633\u062a\u0642\u0631\u0627\u0645","og_description":"\u0627\u0634\u062a\u0631\u0627\u0643 \u0644\u0627\u064a\u0643\u0627\u062a \u0627\u0646\u0633\u062a\u0642\u0631\u0627\u0645 \u064a\u0636\u064a\u0641 Likes \u062a\u0644\u0642\u0627\u0626\u064a\u0627\u064b \u0644\u0643\u0644 \u0628\u0648\u0633\u062a \u062c\u062f\u064a\u062f. \u062a\u0641\u0627\u0639\u0644 \u0641\u0648\u0631\u064a \u0648\u0645\u0633\u062a\u0645\u0631 \u0628\u062f\u0648\u0646 \u062c\u0647\u062f \u0645\u0646\u0643. \u0627\u0634\u062a\u0631\u0627\u0643 \u0634\u0647\u0631\u064a \u0645\u0631\u0646 \u064a\u0628\u062f\u0623 \u0645\u0646 \u0623\u0648\u0644 \u0645\u0646\u0634\u0648\u0631\u060c \u0625\u0644\u063a\u0627\u0621 \u0641\u064a \u0623\u064a \u0648\u0642\u062a.","og_url":"https:\/\/smm-follow.com\/es\/product\/comprar-me-gusta-auto-instagram\/","og_site_name":"SMM Follow","article_modified_time":"2026-01-16T07:17:44+00:00","og_image":[{"width":2560,"height":2560,"url":"https:\/\/smm-follow.com\/wp-content\/uploads\/2025\/12\/Picsart_25-12-27_05-21-56-780-scaled.jpg","type":"image\/jpeg"}],"twitter_card":"summary_large_image","twitter_misc":{"Precio":"&#36;0.00","Disponibilidad":"Disponible"},"schema":{"@context":"https:\/\/schema.org","@graph":[{"@type":"WebPage","@id":"https:\/\/smm-follow.com\/product\/auto-instagram-likes\/","url":"https:\/\/smm-follow.com\/product\/auto-instagram-likes\/","name":"Suscripci\u00f3n a Me gusta de Instagram | Aumento autom\u00e1tico continuo de Me gusta","isPartOf":{"@id":"https:\/\/smm-follow.com\/#website"},"primaryImageOfPage":{"@id":"https:\/\/smm-follow.com\/product\/auto-instagram-likes\/#primaryimage"},"image":{"@id":"https:\/\/smm-follow.com\/product\/auto-instagram-likes\/#primaryimage"},"thumbnailUrl":"https:\/\/smm-follow.com\/wp-content\/uploads\/2025\/12\/Picsart_25-12-27_05-21-56-780-scaled.jpg","datePublished":"2025-12-23T11:40:27+00:00","dateModified":"2026-01-16T07:17:44+00:00","description":"Una suscripci\u00f3n a Instagram Likes a\u00f1ade autom\u00e1ticamente &quot;me gusta&quot; a cada nueva publicaci\u00f3n. Interacci\u00f3n instant\u00e1nea y continua sin esfuerzo. Suscripci\u00f3n mensual flexible desde tu primera publicaci\u00f3n; cancela cuando quieras.","breadcrumb":{"@id":"https:\/\/smm-follow.com\/product\/auto-instagram-likes\/#breadcrumb"},"inLanguage":"es","potentialAction":[{"@type":"ReadAction","target":["https:\/\/smm-follow.com\/product\/auto-instagram-likes\/"]}]},{"@type":"ImageObject","inLanguage":"es","@id":"https:\/\/smm-follow.com\/product\/auto-instagram-likes\/#primaryimage","url":"https:\/\/smm-follow.com\/wp-content\/uploads\/2025\/12\/Picsart_25-12-27_05-21-56-780-scaled.jpg","contentUrl":"https:\/\/smm-follow.com\/wp-content\/uploads\/2025\/12\/Picsart_25-12-27_05-21-56-780-scaled.jpg","width":2560,"height":2560,"caption":"{\"remix_data\":[],\"remix_entry_point\":\"challenges\",\"source_tags\":[\"local\"],\"origin\":\"unknown\",\"total_draw_time\":0,\"total_draw_actions\":0,\"layers_used\":0,\"brushes_used\":0,\"photos_added\":0,\"total_editor_actions\":{},\"tools_used\":{},\"is_sticker\":false,\"edited_since_last_sticker_save\":false,\"containsFTESticker\":false}"},{"@type":"BreadcrumbList","@id":"https:\/\/smm-follow.com\/product\/auto-instagram-likes\/#breadcrumb","itemListElement":[{"@type":"ListItem","position":1,"name":"\u0627\u0644\u0631\u0626\u064a\u0633\u064a\u0629","item":"https:\/\/smm-follow.com\/"},{"@type":"ListItem","position":2,"name":"\u0627\u0644\u0645\u062a\u062c\u0631","item":"https:\/\/smm-follow.com\/en\/shop\/"},{"@type":"ListItem","position":3,"name":"\u0627\u0634\u062a\u0631\u0627\u0643 \u0644\u0627\u064a\u0643\u0627\u062a \u0627\u0646\u0633\u062a\u0642\u0631\u0627\u0645"}]},{"@type":"WebSite","@id":"https:\/\/smm-follow.com\/#website","url":"https:\/\/smm-follow.com\/","name":"SEGUIR SMM","description":"Una plataforma especializada en servicios de redes sociales para aumentar seguidores, &quot;me gusta&quot; y visualizaciones en Instagram, TikTok, YouTube y m\u00e1s. Servicios seguros disponibles en todos los pa\u00edses.","publisher":{"@id":"https:\/\/smm-follow.com\/#organization"},"alternateName":"Follow 965 \u0641\u0648\u0644\u0648","potentialAction":[{"@type":"SearchAction","target":{"@type":"EntryPoint","urlTemplate":"https:\/\/smm-follow.com\/?s={search_term_string}"},"query-input":{"@type":"PropertyValueSpecification","valueRequired":true,"valueName":"search_term_string"}}],"inLanguage":"es"},{"@type":"Organization","@id":"https:\/\/smm-follow.com\/#organization","name":"SEGUIR SMM","alternateName":"Follow 965","url":"https:\/\/smm-follow.com\/","logo":{"@type":"ImageObject","inLanguage":"es","@id":"https:\/\/smm-follow.com\/#\/schema\/logo\/image\/","url":"https:\/\/smm-follow.com\/wp-content\/uploads\/2025\/12\/Logo-smm-follow.jpg","contentUrl":"https:\/\/smm-follow.com\/wp-content\/uploads\/2025\/12\/Logo-smm-follow.jpg","width":1080,"height":1080,"caption":"SMM FOLLOW"},"image":{"@id":"https:\/\/smm-follow.com\/#\/schema\/logo\/image\/"},"hasMerchantReturnPolicy":{"@type":"MerchantReturnPolicy","merchantReturnLink":"https:\/\/smm-follow.com\/es\/politica-de-devoluciones\/"}}]},"product_brand":"\u0627\u0646\u0633\u062a\u0642\u0631\u0627\u0645","product_price_amount":"0.00","product_price_currency":"USD","og_availability":"instock","product_availability":"instock","product_condition":"new"},"_links":{"self":[{"href":"https:\/\/smm-follow.com\/es\/wp-json\/wp\/v2\/product\/87","targetHints":{"allow":["GET"]}}],"collection":[{"href":"https:\/\/smm-follow.com\/es\/wp-json\/wp\/v2\/product"}],"about":[{"href":"https:\/\/smm-follow.com\/es\/wp-json\/wp\/v2\/types\/product"}],"replies":[{"embeddable":true,"href":"https:\/\/smm-follow.com\/es\/wp-json\/wp\/v2\/comments?post=87"}],"wp:featuredmedia":[{"embeddable":true,"href":"https:\/\/smm-follow.com\/es\/wp-json\/wp\/v2\/media\/65494"}],"wp:attachment":[{"href":"https:\/\/smm-follow.com\/es\/wp-json\/wp\/v2\/media?parent=87"}],"wp:term":[{"taxonomy":"product_brand","embeddable":true,"href":"https:\/\/smm-follow.com\/es\/wp-json\/wp\/v2\/product_brand?post=87"},{"taxonomy":"product_cat","embeddable":true,"href":"https:\/\/smm-follow.com\/es\/wp-json\/wp\/v2\/product_cat?post=87"},{"taxonomy":"product_tag","embeddable":true,"href":"https:\/\/smm-follow.com\/es\/wp-json\/wp\/v2\/product_tag?post=87"}],"curies":[{"name":"wp","href":"https:\/\/api.w.org\/{rel}","templated":true}]}}