{"id":89,"date":"2025-12-23T14:40:27","date_gmt":"2025-12-23T11:40:27","guid":{"rendered":"https:\/\/smm-follow.com\/?post_type=product&#038;p=89"},"modified":"2026-01-16T10:17:44","modified_gmt":"2026-01-16T07:17:44","slug":"instagram-mention","status":"publish","type":"product","link":"https:\/\/smm-follow.com\/es\/product\/comprar-mencionar-instagram\/","title":{"rendered":"Menciones en Instagram"},"content":{"rendered":"<h1>Comprar menciones de Instagram de cuentas reales: La estrategia de menci\u00f3n y recomendaci\u00f3n<\/h1>\n<p>Para empezar, \u00bfest\u00e1s buscando una forma efectiva de aumentar tu credibilidad y alcance en Instagram? <strong>Compra menciones de Instagram de cuentas reales<\/strong> Es la soluci\u00f3n ideal. De hecho, se considera <strong>Menci\u00f3n o etiqueta<\/strong> Instagram es una de las redes sociales m\u00e1s poderosas para recomendar. Adem\u00e1s, cuando te mencionan en las publicaciones de otras cuentas, obtienes credibilidad instant\u00e1nea.<\/p>\n<p>En resumen, cuando inviertes en <strong>Comprar menciones de Instagram<\/strong>No solo recibes menciones de tu nombre, sino tambi\u00e9n recomendaciones p\u00fablicas de otras cuentas. Como resultado, tu marca se vuelve m\u00e1s conocida y confiable para el p\u00fablico.<\/p>\n<h2>\u00bfPor qu\u00e9 es importante mencionar a alguien en Instagram para el crecimiento de tu cuenta?<\/h2>\n<p>Para aclarar m\u00e1s, <strong>Menciones en Instagram<\/strong> Es m\u00e1s que una simple se\u00f1al. Es una forma de recomendaci\u00f3n y reconocimiento de calidad.<\/p>\n<h3>Construir credibilidad r\u00e1pidamente a trav\u00e9s de recomendaciones p\u00fablicas<\/h3>\n<p>Lo primero y m\u00e1s importante, cuando compras <strong>Menciones de Instagram de cuentas reales<\/strong>Esto significa que recibes recomendaciones que parecen completamente org\u00e1nicas. Por lo tanto, los nuevos usuarios conf\u00edan m\u00e1s r\u00e1pidamente en tu cuenta al ver que otras cuentas la mencionan y la recomiendan.<\/p>\n<h3>Mayor acceso a audiencias nuevas y diversas<\/h3>\n<p>De manera similar, cada <strong>Menciones en Instagram<\/strong> Tu cuenta se muestra a los seguidores de la cuenta que te etiquet\u00f3. Por lo tanto, este servicio te permite llegar a nuevas audiencias a las que no podr\u00edas llegar por otros medios.<\/p>\n<h3>Clasificaci\u00f3n de algoritmos mejorada y mayor visibilidad<\/h3>\n<p>Por otro lado, el algoritmo de Instagram entiende que <strong>Mencionar<\/strong> Esto representa una interacci\u00f3n genuina entre cuentas. Por lo tanto, tus publicaciones y tu cuenta en general podr\u00edan ganar m\u00e1s visibilidad gracias a estas se\u00f1ales positivas.<\/p>\n<h2>Caracter\u00edsticas de nuestro servicio de compra de menciones en Instagram<\/h2>\n<h3>Alta calidad: Menciones de cuentas reales \u00fanicamente<\/h3>\n<p>Para confirmar, garantizamos que todos los servicios <strong>Comprar menciones de Instagram<\/strong> Estas cuentas provienen exclusivamente de usuarios reales y activos. Esto garantiza una interacci\u00f3n natural y total seguridad para su cuenta.<\/p>\n<h3>Ejecuci\u00f3n extremadamente r\u00e1pida para obtener menciones<\/h3>\n<p>A diferencia de otros servicios, nosotros iniciamos el proceso <strong>Obtener menciones en Instagram<\/strong> durante <strong>5-15 minutos<\/strong> Solo despu\u00e9s de confirmar su pedido. Por ello, organizamos el proceso de env\u00edo de forma gradual e inteligente.<\/p>\n<h3>Privacidad y seguridad completas sin requisitos complicados<\/h3>\n<p>En concreto, la seguridad de su cuenta es nuestra m\u00e1xima prioridad. <strong>Nunca preguntamos<\/strong> La contrase\u00f1a de tu cuenta. De lo contrario, todo el proceso se realiza simplemente con tu nombre de usuario.<\/p>\n<h3>Garant\u00eda a largo plazo de resultados de menciones estables<\/h3>\n<p>Para garantizar su comodidad, le ofrecemos <strong>garant\u00eda de 6 meses<\/strong>. Por nuestra confianza en la calidad <strong>Compra menciones de Instagram de cuentas reales<\/strong>Protegemos completamente su inversi\u00f3n.<\/p>\n<h2>\u00bfC\u00f3mo puede el servicio de menciones beneficiar a diferentes tipos de cuentas?<\/h2>\n<p>Para ilustrarlo, he aqu\u00ed algunos ejemplos:<\/p>\n<ul>\n<li><strong>Para marcas:<\/strong> B\u00e1sicamente, se puede utilizar <strong>Menciones en Instagram<\/strong> Para aumentar el conocimiento de la marca y atraer nuevos clientes.<\/li>\n<li><strong>Para creadores de contenido e influencers:<\/strong> En concreto, ayuda <strong>Mencionar<\/strong> En la construcci\u00f3n de redes profesionales y la atracci\u00f3n de oportunidades de colaboraci\u00f3n.<\/li>\n<li><strong>Para tiendas online:<\/strong> Como resultado, se puede utilizar para mostrar productos a trav\u00e9s de recomendaciones que parecen org\u00e1nicas.<\/li>\n<li><strong>Para servicios profesionales:<\/strong> En \u00faltima instancia, mejora la credibilidad y atrae clientes potenciales.<\/li>\n<\/ul>\n<h2>Pasos sencillos para conseguir menciones en Instagram<\/h2>\n<ol>\n<li><strong>Establece tus objetivos:<\/strong> Primero, decide qu\u00e9 quieres lograr a trav\u00e9s de <strong>Comprar menciones de Instagram<\/strong>.<\/li>\n<li><strong>Comparte tus datos:<\/strong> A continuaci\u00f3n, env\u00edenos el nombre de usuario de su cuenta.<\/li>\n<li><strong>Completar el pago:<\/strong> Luego, elija el m\u00e9todo de pago adecuado entre las opciones seguras.<\/li>\n<li><strong>Obtener la menci\u00f3n:<\/strong> Por \u00faltimo, est\u00e9 atento a que las menciones de su cuenta comiencen a aparecer en otras publicaciones.<\/li>\n<\/ol>\n<h2>Mencione paquetes de servicios y precios<\/h2>\n<table>\n<thead>\n<tr>\n<th>El paquete<\/th>\n<th>Alcance del servicio<\/th>\n<th>Grupo objetivo<\/th>\n<th>Objetivo principal<\/th>\n<\/tr>\n<\/thead>\n<tbody>\n<tr>\n<td><strong>Paquete b\u00e1sico<\/strong><\/td>\n<td>10-25 menciones<\/td>\n<td>Cuentas emergentes<\/td>\n<td>En esencia, construir credibilidad inicial a trav\u00e9s de menciones.<\/td>\n<\/tr>\n<tr>\n<td><strong>Paquete de crecimiento<\/strong><\/td>\n<td>50-100 menciones<\/td>\n<td>peque\u00f1as se\u00f1ales<\/td>\n<td>Por lo general, para aumentar el conocimiento de la marca a trav\u00e9s de etiquetas<\/td>\n<\/tr>\n<tr>\n<td><strong>Paquete Profesional<\/strong><\/td>\n<td>M\u00e1s de 200 menciones<\/td>\n<td>principales marcas<\/td>\n<td>Principalmente, para crear una fuerte campa\u00f1a de recordatorio a trav\u00e9s de Instagram.<\/td>\n<\/tr>\n<\/tbody>\n<\/table>\n<h2>Preguntas frecuentes sobre la compra de menciones en Instagram<\/h2>\n<h3>\u00bfPuedo elegir el tipo de contenido en el que aparece la menci\u00f3n?<\/h3>\n<p>De hecho, s\u00ed. Podemos coordinarnos. <strong>Mencionar<\/strong> Nos adaptamos a diferentes tipos de contenido. En otras palabras, atendemos sus diversas necesidades.<\/p>\n<h3>\u00bfCu\u00e1l es la diferencia entre el servicio de menciones y el servicio de comentarios?<\/h3>\n<p>Para aclarar, la secci\u00f3n de comentarios se centra en la interacci\u00f3n debajo de tus publicaciones. <strong>Servicio de compra de menciones de Instagram<\/strong> As\u00ed que conc\u00e9ntrate en tu apariencia en las publicaciones de otras cuentas.<\/p>\n<h3>\u00bfPuedo solicitar menciones de cuentas en campos espec\u00edficos?<\/h3>\n<p>Por supuesto. En concreto, podemos dirigir <strong>Mencionar<\/strong> De cuentas que se centran en \u00e1reas espec\u00edficas.<\/p>\n<h3>\u00bfC\u00f3mo puedo medir el impacto del servicio de menciones?<\/h3>\n<p>Al monitorear las notificaciones y estad\u00edsticas de Instagram, notar\u00e1s un aumento en seguidores y participaci\u00f3n como resultado. <strong>Mencionar<\/strong>.<\/p>\n<h2>Pr\u00f3ximo paso: Impulsa tu presencia a trav\u00e9s de menciones en Instagram<\/h2>\n<p>En conclusi\u00f3n, <strong>Compra menciones de Instagram de cuentas reales<\/strong> No es un lujo, es una estrategia de marketing inteligente. Con calidad y rapidez garantizadas, est\u00e1s a un paso de aumentar tu credibilidad y alcance. <strong>Por eso, no dejes que se desperdicien oportunidades de aparecer; comienza a construir una s\u00f3lida red de recomendaciones hoy mismo.<\/strong><\/p>\n<p><!-- \u062d\u0642\u0648\u0644 \u0641\u0646\u064a\u0629 \u064a\u0645\u0643\u0646 \u0625\u0636\u0627\u0641\u062a\u0647\u0627 \u0641\u064a \u0648\u0648\u0631\u062f\u0628\u0631\u064a\u0633 --><\/p>\n<p style=\"display:none;\">\n<p>    <span class=\"product-id\">ID del producto: IG-MENTION-SERVICE-2024<\/span><\/p>\n<p>    <span class=\"product-sku\">SKU: IGMENTION-001<\/span><\/p>","protected":false},"excerpt":{"rendered":"<p>\u00a1Servicio profesional de menciones! Consigue menciones en Instagram de cuentas reales y activas de 100% que mencionan tu nombre en sus publicaciones e historias. Cada menci\u00f3n atrae nuevas visitas a tu perfil y aumenta tu alcance. Entrega instant\u00e1nea en cuesti\u00f3n de horas, menciones naturales en contenido relevante, paquetes de 10 a 1000, mayor visibilidad de tu cuenta, nuevos seguidores y soporte 24\/7. \u00a1Aumenta tu popularidad con menciones!<\/p>","protected":false},"featured_media":123,"comment_status":"closed","ping_status":"closed","template":"","meta":[],"product_brand":[],"product_cat":[19,225],"product_tag":[],"class_list":{"0":"post-89","1":"product","2":"type-product","3":"status-publish","4":"has-post-thumbnail","6":"product_cat-instagram","7":"product_cat-social-media","8":"tm-has-options","10":"first","11":"instock","12":"virtual","13":"taxable","14":"purchasable","15":"product-type-simple"},"yoast_head":"<!-- This site is optimized with the Yoast SEO Premium plugin v21.7 (Yoast SEO v27.1.1) - https:\/\/yoast.com\/product\/yoast-seo-premium-wordpress\/ -->\n<title>\u0634\u0631\u0627\u0621 \u0645\u0646\u0634\u0646 \u0627\u0646\u0633\u062a\u0642\u0631\u0627\u0645 | \u0632\u064a\u0627\u062f\u0629 Instagram Mentions \u0644\u0644\u0627\u0646\u062a\u0634\u0627\u0631<\/title>\n<meta name=\"description\" content=\"\u0645\u0646\u0634\u0646 \u0627\u0646\u0633\u062a\u0642\u0631\u0627\u0645 \u0645\u0646 \u062d\u0633\u0627\u0628\u0627\u062a \u062d\u0642\u064a\u0642\u064a\u0629 \u062a\u0630\u0643\u0631 \u0627\u0633\u0645\u0643 \u0641\u064a \u0645\u062d\u062a\u0648\u0627\u0647\u0627. \u0643\u0644 \u0645\u0646\u0634\u0646 \u064a\u062c\u0644\u0628 \u0632\u0648\u0627\u0631 \u062c\u062f\u062f \u0644\u0628\u0631\u0648\u0641\u0627\u064a\u0644\u0643 \u0648\u064a\u0639\u0632\u0632 \u0634\u0647\u0631\u062a\u0643. \u0625\u0634\u0627\u0631\u0627\u062a \u0637\u0628\u064a\u0639\u064a\u0629 \u0641\u064a \u0645\u0646\u0634\u0648\u0631\u0627\u062a \u0645\u0646\u0627\u0633\u0628\u0629\u060c \u0627\u0646\u062a\u0634\u0627\u0631 \u0648\u0627\u0633\u0639.\" \/>\n<meta name=\"robots\" content=\"index, follow, max-snippet:-1, max-image-preview:large, max-video-preview:-1\" \/>\n<link rel=\"canonical\" href=\"https:\/\/smm-follow.com\/es\/product\/comprar-mencionar-instagram\/\" \/>\n<meta property=\"og:locale\" content=\"es_ES\" \/>\n<meta property=\"og:type\" content=\"article\" \/>\n<meta property=\"og:title\" content=\"\u0645\u0646\u0634\u0646 \u0627\u0646\u0633\u062a\u0642\u0631\u0627\u0645\" \/>\n<meta property=\"og:description\" content=\"\u0645\u0646\u0634\u0646 \u0627\u0646\u0633\u062a\u0642\u0631\u0627\u0645 \u0645\u0646 \u062d\u0633\u0627\u0628\u0627\u062a \u062d\u0642\u064a\u0642\u064a\u0629 \u062a\u0630\u0643\u0631 \u0627\u0633\u0645\u0643 \u0641\u064a \u0645\u062d\u062a\u0648\u0627\u0647\u0627. \u0643\u0644 \u0645\u0646\u0634\u0646 \u064a\u062c\u0644\u0628 \u0632\u0648\u0627\u0631 \u062c\u062f\u062f \u0644\u0628\u0631\u0648\u0641\u0627\u064a\u0644\u0643 \u0648\u064a\u0639\u0632\u0632 \u0634\u0647\u0631\u062a\u0643. \u0625\u0634\u0627\u0631\u0627\u062a \u0637\u0628\u064a\u0639\u064a\u0629 \u0641\u064a \u0645\u0646\u0634\u0648\u0631\u0627\u062a \u0645\u0646\u0627\u0633\u0628\u0629\u060c \u0627\u0646\u062a\u0634\u0627\u0631 \u0648\u0627\u0633\u0639.\" \/>\n<meta property=\"og:url\" content=\"https:\/\/smm-follow.com\/es\/product\/comprar-mencionar-instagram\/\" \/>\n<meta property=\"og:site_name\" content=\"SMM Follow\" \/>\n<meta property=\"article:modified_time\" content=\"2026-01-16T07:17:44+00:00\" \/>\n<meta property=\"og:image\" content=\"https:\/\/smm-follow.com\/wp-content\/uploads\/2025\/12\/Picsart_24-01-21_18-52-11-230-scaled-1-1-1.jpg\" \/>\n\t<meta property=\"og:image:width\" content=\"2560\" \/>\n\t<meta property=\"og:image:height\" content=\"2560\" \/>\n\t<meta property=\"og:image:type\" content=\"image\/jpeg\" \/>\n<meta name=\"twitter:card\" content=\"summary_large_image\" \/>\n<meta name=\"twitter:label1\" content=\"Precio\" \/>\n\t<meta name=\"twitter:data1\" content=\"&#036;0.00\" \/>\n\t<meta name=\"twitter:label2\" content=\"Disponibilidad\" \/>\n\t<meta name=\"twitter:data2\" content=\"Disponible\" \/>\n<script type=\"application\/ld+json\" class=\"yoast-schema-graph\">{\"@context\":\"https:\/\/schema.org\",\"@graph\":[{\"@type\":\"WebPage\",\"@id\":\"https:\/\/smm-follow.com\/product\/instagram-mention\/\",\"url\":\"https:\/\/smm-follow.com\/product\/instagram-mention\/\",\"name\":\"\u0634\u0631\u0627\u0621 \u0645\u0646\u0634\u0646 \u0627\u0646\u0633\u062a\u0642\u0631\u0627\u0645 | \u0632\u064a\u0627\u062f\u0629 Instagram Mentions \u0644\u0644\u0627\u0646\u062a\u0634\u0627\u0631\",\"isPartOf\":{\"@id\":\"https:\/\/smm-follow.com\/#website\"},\"primaryImageOfPage\":{\"@id\":\"https:\/\/smm-follow.com\/product\/instagram-mention\/#primaryimage\"},\"image\":{\"@id\":\"https:\/\/smm-follow.com\/product\/instagram-mention\/#primaryimage\"},\"thumbnailUrl\":\"https:\/\/smm-follow.com\/wp-content\/uploads\/2025\/12\/Picsart_24-01-21_18-52-11-230-scaled-1-1-1.jpg\",\"datePublished\":\"2025-12-23T11:40:27+00:00\",\"dateModified\":\"2026-01-16T07:17:44+00:00\",\"description\":\"\u0645\u0646\u0634\u0646 \u0627\u0646\u0633\u062a\u0642\u0631\u0627\u0645 \u0645\u0646 \u062d\u0633\u0627\u0628\u0627\u062a \u062d\u0642\u064a\u0642\u064a\u0629 \u062a\u0630\u0643\u0631 \u0627\u0633\u0645\u0643 \u0641\u064a \u0645\u062d\u062a\u0648\u0627\u0647\u0627. \u0643\u0644 \u0645\u0646\u0634\u0646 \u064a\u062c\u0644\u0628 \u0632\u0648\u0627\u0631 \u062c\u062f\u062f \u0644\u0628\u0631\u0648\u0641\u0627\u064a\u0644\u0643 \u0648\u064a\u0639\u0632\u0632 \u0634\u0647\u0631\u062a\u0643. \u0625\u0634\u0627\u0631\u0627\u062a \u0637\u0628\u064a\u0639\u064a\u0629 \u0641\u064a \u0645\u0646\u0634\u0648\u0631\u0627\u062a \u0645\u0646\u0627\u0633\u0628\u0629\u060c \u0627\u0646\u062a\u0634\u0627\u0631 \u0648\u0627\u0633\u0639.\",\"breadcrumb\":{\"@id\":\"https:\/\/smm-follow.com\/product\/instagram-mention\/#breadcrumb\"},\"inLanguage\":\"es\",\"potentialAction\":[{\"@type\":\"ReadAction\",\"target\":[\"https:\/\/smm-follow.com\/product\/instagram-mention\/\"]}]},{\"@type\":\"ImageObject\",\"inLanguage\":\"es\",\"@id\":\"https:\/\/smm-follow.com\/product\/instagram-mention\/#primaryimage\",\"url\":\"https:\/\/smm-follow.com\/wp-content\/uploads\/2025\/12\/Picsart_24-01-21_18-52-11-230-scaled-1-1-1.jpg\",\"contentUrl\":\"https:\/\/smm-follow.com\/wp-content\/uploads\/2025\/12\/Picsart_24-01-21_18-52-11-230-scaled-1-1-1.jpg\",\"width\":2560,\"height\":2560},{\"@type\":\"BreadcrumbList\",\"@id\":\"https:\/\/smm-follow.com\/product\/instagram-mention\/#breadcrumb\",\"itemListElement\":[{\"@type\":\"ListItem\",\"position\":1,\"name\":\"\u0627\u0644\u0631\u0626\u064a\u0633\u064a\u0629\",\"item\":\"https:\/\/smm-follow.com\/\"},{\"@type\":\"ListItem\",\"position\":2,\"name\":\"\u0627\u0644\u0645\u062a\u062c\u0631\",\"item\":\"https:\/\/smm-follow.com\/en\/shop\/\"},{\"@type\":\"ListItem\",\"position\":3,\"name\":\"\u0645\u0646\u0634\u0646 \u0627\u0646\u0633\u062a\u0642\u0631\u0627\u0645\"}]},{\"@type\":\"WebSite\",\"@id\":\"https:\/\/smm-follow.com\/#website\",\"url\":\"https:\/\/smm-follow.com\/\",\"name\":\"SMM FOLLOW\",\"description\":\"\u0645\u0646\u0635\u0629 \u0645\u062a\u062e\u0635\u0635\u0629 \u0641\u064a \u062e\u062f\u0645\u0627\u062a \u0645\u0648\u0627\u0642\u0639 \u0627\u0644\u062a\u0648\u0627\u0635\u0644 \u0627\u0644\u0627\u062c\u062a\u0645\u0627\u0639\u064a \u0644\u0632\u064a\u0627\u062f\u0629 \u0627\u0644\u0645\u062a\u0627\u0628\u0639\u064a\u0646\u060c \u0627\u0644\u0644\u0627\u064a\u0643\u0627\u062a\u060c \u0648\u0627\u0644\u0645\u0634\u0627\u0647\u062f\u0627\u062a \u0639\u0644\u0649 \u0625\u0646\u0633\u062a\u0642\u0631\u0627\u0645\u060c \u062a\u064a\u0643 \u062a\u0648\u0643\u060c \u064a\u0648\u062a\u064a\u0648\u0628 \u0648\u063a\u064a\u0631\u0647\u0627. \u062e\u062f\u0645\u0627\u062a \u0622\u0645\u0646\u0629 \u0644\u062c\u0645\u064a\u0639 \u0627\u0644\u062f\u0648\u0644\",\"publisher\":{\"@id\":\"https:\/\/smm-follow.com\/#organization\"},\"alternateName\":\"Follow 965 \u0641\u0648\u0644\u0648\",\"potentialAction\":[{\"@type\":\"SearchAction\",\"target\":{\"@type\":\"EntryPoint\",\"urlTemplate\":\"https:\/\/smm-follow.com\/?s={search_term_string}\"},\"query-input\":{\"@type\":\"PropertyValueSpecification\",\"valueRequired\":true,\"valueName\":\"search_term_string\"}}],\"inLanguage\":\"es\"},{\"@type\":\"Organization\",\"@id\":\"https:\/\/smm-follow.com\/#organization\",\"name\":\"SMM FOLLOW\",\"alternateName\":\"Follow 965\",\"url\":\"https:\/\/smm-follow.com\/\",\"logo\":{\"@type\":\"ImageObject\",\"inLanguage\":\"es\",\"@id\":\"https:\/\/smm-follow.com\/#\/schema\/logo\/image\/\",\"url\":\"https:\/\/smm-follow.com\/wp-content\/uploads\/2025\/12\/Logo-smm-follow.jpg\",\"contentUrl\":\"https:\/\/smm-follow.com\/wp-content\/uploads\/2025\/12\/Logo-smm-follow.jpg\",\"width\":1080,\"height\":1080,\"caption\":\"SMM FOLLOW\"},\"image\":{\"@id\":\"https:\/\/smm-follow.com\/#\/schema\/logo\/image\/\"},\"hasMerchantReturnPolicy\":{\"@type\":\"MerchantReturnPolicy\",\"merchantReturnLink\":\"https:\/\/smm-follow.com\/es\/politica-de-devoluciones\/\"}}]}<\/script>\n<meta property=\"product:brand\" content=\"\u0627\u0646\u0633\u062a\u0642\u0631\u0627\u0645\" \/>\n<meta property=\"product:price:amount\" content=\"0.00\" \/>\n<meta property=\"product:price:currency\" content=\"USD\" \/>\n<meta property=\"og:availability\" content=\"instock\" \/>\n<meta property=\"product:availability\" content=\"instock\" \/>\n<meta property=\"product:condition\" content=\"new\" \/>\n<!-- \/ Yoast SEO Premium plugin. -->","yoast_head_json":{"title":"Comprar menciones en Instagram | Aumentar las menciones en Instagram para un mayor alcance","description":"Menciones en Instagram de cuentas reales que mencionan tu nombre en su contenido. Cada menci\u00f3n atrae nuevas visitas a tu perfil y aumenta tu visibilidad. Las menciones naturales en publicaciones relevantes generan una amplia exposici\u00f3n.","robots":{"index":"index","follow":"follow","max-snippet":"max-snippet:-1","max-image-preview":"max-image-preview:large","max-video-preview":"max-video-preview:-1"},"canonical":"https:\/\/smm-follow.com\/es\/product\/comprar-mencionar-instagram\/","og_locale":"es_ES","og_type":"article","og_title":"\u0645\u0646\u0634\u0646 \u0627\u0646\u0633\u062a\u0642\u0631\u0627\u0645","og_description":"\u0645\u0646\u0634\u0646 \u0627\u0646\u0633\u062a\u0642\u0631\u0627\u0645 \u0645\u0646 \u062d\u0633\u0627\u0628\u0627\u062a \u062d\u0642\u064a\u0642\u064a\u0629 \u062a\u0630\u0643\u0631 \u0627\u0633\u0645\u0643 \u0641\u064a \u0645\u062d\u062a\u0648\u0627\u0647\u0627. \u0643\u0644 \u0645\u0646\u0634\u0646 \u064a\u062c\u0644\u0628 \u0632\u0648\u0627\u0631 \u062c\u062f\u062f \u0644\u0628\u0631\u0648\u0641\u0627\u064a\u0644\u0643 \u0648\u064a\u0639\u0632\u0632 \u0634\u0647\u0631\u062a\u0643. \u0625\u0634\u0627\u0631\u0627\u062a \u0637\u0628\u064a\u0639\u064a\u0629 \u0641\u064a \u0645\u0646\u0634\u0648\u0631\u0627\u062a \u0645\u0646\u0627\u0633\u0628\u0629\u060c \u0627\u0646\u062a\u0634\u0627\u0631 \u0648\u0627\u0633\u0639.","og_url":"https:\/\/smm-follow.com\/es\/product\/comprar-mencionar-instagram\/","og_site_name":"SMM Follow","article_modified_time":"2026-01-16T07:17:44+00:00","og_image":[{"width":2560,"height":2560,"url":"https:\/\/smm-follow.com\/wp-content\/uploads\/2025\/12\/Picsart_24-01-21_18-52-11-230-scaled-1-1-1.jpg","type":"image\/jpeg"}],"twitter_card":"summary_large_image","twitter_misc":{"Precio":"&#36;0.00","Disponibilidad":"Disponible"},"schema":{"@context":"https:\/\/schema.org","@graph":[{"@type":"WebPage","@id":"https:\/\/smm-follow.com\/product\/instagram-mention\/","url":"https:\/\/smm-follow.com\/product\/instagram-mention\/","name":"Comprar menciones en Instagram | Aumentar las menciones en Instagram para un mayor alcance","isPartOf":{"@id":"https:\/\/smm-follow.com\/#website"},"primaryImageOfPage":{"@id":"https:\/\/smm-follow.com\/product\/instagram-mention\/#primaryimage"},"image":{"@id":"https:\/\/smm-follow.com\/product\/instagram-mention\/#primaryimage"},"thumbnailUrl":"https:\/\/smm-follow.com\/wp-content\/uploads\/2025\/12\/Picsart_24-01-21_18-52-11-230-scaled-1-1-1.jpg","datePublished":"2025-12-23T11:40:27+00:00","dateModified":"2026-01-16T07:17:44+00:00","description":"Menciones en Instagram de cuentas reales que mencionan tu nombre en su contenido. Cada menci\u00f3n atrae nuevas visitas a tu perfil y aumenta tu visibilidad. Las menciones naturales en publicaciones relevantes generan una amplia exposici\u00f3n.","breadcrumb":{"@id":"https:\/\/smm-follow.com\/product\/instagram-mention\/#breadcrumb"},"inLanguage":"es","potentialAction":[{"@type":"ReadAction","target":["https:\/\/smm-follow.com\/product\/instagram-mention\/"]}]},{"@type":"ImageObject","inLanguage":"es","@id":"https:\/\/smm-follow.com\/product\/instagram-mention\/#primaryimage","url":"https:\/\/smm-follow.com\/wp-content\/uploads\/2025\/12\/Picsart_24-01-21_18-52-11-230-scaled-1-1-1.jpg","contentUrl":"https:\/\/smm-follow.com\/wp-content\/uploads\/2025\/12\/Picsart_24-01-21_18-52-11-230-scaled-1-1-1.jpg","width":2560,"height":2560},{"@type":"BreadcrumbList","@id":"https:\/\/smm-follow.com\/product\/instagram-mention\/#breadcrumb","itemListElement":[{"@type":"ListItem","position":1,"name":"\u0627\u0644\u0631\u0626\u064a\u0633\u064a\u0629","item":"https:\/\/smm-follow.com\/"},{"@type":"ListItem","position":2,"name":"\u0627\u0644\u0645\u062a\u062c\u0631","item":"https:\/\/smm-follow.com\/en\/shop\/"},{"@type":"ListItem","position":3,"name":"\u0645\u0646\u0634\u0646 \u0627\u0646\u0633\u062a\u0642\u0631\u0627\u0645"}]},{"@type":"WebSite","@id":"https:\/\/smm-follow.com\/#website","url":"https:\/\/smm-follow.com\/","name":"SEGUIR SMM","description":"Una plataforma especializada en servicios de redes sociales para aumentar seguidores, &quot;me gusta&quot; y visualizaciones en Instagram, TikTok, YouTube y m\u00e1s. Servicios seguros disponibles en todos los pa\u00edses.","publisher":{"@id":"https:\/\/smm-follow.com\/#organization"},"alternateName":"Follow 965 \u0641\u0648\u0644\u0648","potentialAction":[{"@type":"SearchAction","target":{"@type":"EntryPoint","urlTemplate":"https:\/\/smm-follow.com\/?s={search_term_string}"},"query-input":{"@type":"PropertyValueSpecification","valueRequired":true,"valueName":"search_term_string"}}],"inLanguage":"es"},{"@type":"Organization","@id":"https:\/\/smm-follow.com\/#organization","name":"SEGUIR SMM","alternateName":"Follow 965","url":"https:\/\/smm-follow.com\/","logo":{"@type":"ImageObject","inLanguage":"es","@id":"https:\/\/smm-follow.com\/#\/schema\/logo\/image\/","url":"https:\/\/smm-follow.com\/wp-content\/uploads\/2025\/12\/Logo-smm-follow.jpg","contentUrl":"https:\/\/smm-follow.com\/wp-content\/uploads\/2025\/12\/Logo-smm-follow.jpg","width":1080,"height":1080,"caption":"SMM FOLLOW"},"image":{"@id":"https:\/\/smm-follow.com\/#\/schema\/logo\/image\/"},"hasMerchantReturnPolicy":{"@type":"MerchantReturnPolicy","merchantReturnLink":"https:\/\/smm-follow.com\/es\/politica-de-devoluciones\/"}}]},"product_brand":"\u0627\u0646\u0633\u062a\u0642\u0631\u0627\u0645","product_price_amount":"0.00","product_price_currency":"USD","og_availability":"instock","product_availability":"instock","product_condition":"new"},"_links":{"self":[{"href":"https:\/\/smm-follow.com\/es\/wp-json\/wp\/v2\/product\/89","targetHints":{"allow":["GET"]}}],"collection":[{"href":"https:\/\/smm-follow.com\/es\/wp-json\/wp\/v2\/product"}],"about":[{"href":"https:\/\/smm-follow.com\/es\/wp-json\/wp\/v2\/types\/product"}],"replies":[{"embeddable":true,"href":"https:\/\/smm-follow.com\/es\/wp-json\/wp\/v2\/comments?post=89"}],"wp:featuredmedia":[{"embeddable":true,"href":"https:\/\/smm-follow.com\/es\/wp-json\/wp\/v2\/media\/123"}],"wp:attachment":[{"href":"https:\/\/smm-follow.com\/es\/wp-json\/wp\/v2\/media?parent=89"}],"wp:term":[{"taxonomy":"product_brand","embeddable":true,"href":"https:\/\/smm-follow.com\/es\/wp-json\/wp\/v2\/product_brand?post=89"},{"taxonomy":"product_cat","embeddable":true,"href":"https:\/\/smm-follow.com\/es\/wp-json\/wp\/v2\/product_cat?post=89"},{"taxonomy":"product_tag","embeddable":true,"href":"https:\/\/smm-follow.com\/es\/wp-json\/wp\/v2\/product_tag?post=89"}],"curies":[{"name":"wp","href":"https:\/\/api.w.org\/{rel}","templated":true}]}}