{"id":91,"date":"2025-12-23T14:40:27","date_gmt":"2025-12-23T11:40:27","guid":{"rendered":"https:\/\/smm-follow.com\/?post_type=product&#038;p=91"},"modified":"2026-01-16T10:17:44","modified_gmt":"2026-01-16T07:17:44","slug":"instagram-direct-message","status":"publish","type":"product","link":"https:\/\/smm-follow.com\/es\/product\/comprar-mensaje-directo-de-instagram\/","title":{"rendered":"Mensaje directo de Instagram"},"content":{"rendered":"<h1>Aumentar y activar los mensajes directos de Instagram: una estrategia de comunicaci\u00f3n inteligente<\/h1>\n<p>Para empezar, \u00bfest\u00e1s buscando una forma efectiva de convertir a tus seguidores en clientes leales? <strong>Aumentar y activar los mensajes directos de Instagram (Mensaje Directo)<\/strong> Es la soluci\u00f3n estrat\u00e9gica \u00f3ptima. De hecho, se considera <strong>Mensaje directo de Instagram<\/strong> Una de las herramientas de comunicaci\u00f3n m\u00e1s poderosas, aunque a menudo ignorada. Adem\u00e1s, <strong>Activar los mensajes directos de Instagram<\/strong> Le permite construir relaciones personales y \u00fanicas con su audiencia.<\/p>\n<p>En resumen, cuando inviertes en <strong>Aumentar y activar los mensajes directos de Instagram (Mensaje Directo)<\/strong>No solo est\u00e1s aumentando el n\u00famero de clientes, sino que tambi\u00e9n est\u00e1s creando canales de comunicaci\u00f3n directos con clientes potenciales. Como resultado, puedes mejorar el servicio al cliente y aumentar las ventas a trav\u00e9s de [la plataforma\/etc.]. <strong>Mensaje directo<\/strong>Y aumentar significativamente la lealtad a la marca.<\/p>\n<h2>\u00bfPor qu\u00e9 aumentar tus mensajes directos de Instagram es esencial para el crecimiento de tu cuenta?<\/h2>\n<p>Para aclarar m\u00e1s, <strong>Mensajes directos de Instagram<\/strong> Son m\u00e1s que simples mensajes. Representan una oportunidad de comunicaci\u00f3n directa y personal que no se puede lograr mediante comentarios p\u00fablicos.<\/p>\n<h3>Construyendo relaciones personales s\u00f3lidas a trav\u00e9s de mensajes directos<\/h3>\n<p>En primer lugar, la comunicaci\u00f3n a trav\u00e9s de <strong>Mensaje directo de Instagram<\/strong> Crea una sensaci\u00f3n de familiaridad y confianza. Como resultado, los clientes se sienten valorados y escuchados, lo que aumenta su fidelidad a la marca. Adem\u00e1s, este tipo de comunicaci\u00f3n permite una resoluci\u00f3n de problemas m\u00e1s r\u00e1pida y eficiente.<\/p>\n<h3>Aumente las tasas de conversi\u00f3n y las ventas a trav\u00e9s de mensajes directos<\/h3>\n<p>De manera similar, los estudios muestran que <strong>Activar los mensajes directos de Instagram<\/strong> Puede aumentar las tasas de conversi\u00f3n hasta en un 30%. Por esta raz\u00f3n, se considera <strong>Aumentar los mensajes directos de Instagram<\/strong> Una inversi\u00f3n inteligente para cualquier cuenta empresarial. Por ejemplo, puedes enviar ofertas exclusivas a trav\u00e9s de <strong>Mensaje directo<\/strong> Para aquellos interesados en sus productos.<\/p>\n<h3>Mejorar la experiencia del cliente a trav\u00e9s de la comunicaci\u00f3n directa<\/h3>\n<p>Por otro lado, te da <strong>Aumentar los mensajes directos de Instagram<\/strong> Esto brinda la oportunidad de responder a las consultas de los clientes de inmediato. Como resultado, la experiencia del cliente mejora significativamente, lo que repercute positivamente en la reputaci\u00f3n de su cuenta. En otras palabras, el servicio se vuelve m\u00e1s completo y profesional.<\/p>\n<h2>Caracter\u00edsticas de nuestro servicio para aumentar y activar los Mensajes Directos de Instagram<\/h2>\n<h3>Alta calidad: Interacci\u00f3n real de usuarios activos<\/h3>\n<p>Para confirmar, garantizamos que todos <strong>Mensajes directos de Instagram<\/strong> Estas cuentas son reales y est\u00e1n activas, lo que garantiza una interacci\u00f3n natural y una seguridad total para su cuenta frente a cualquier riesgo.<\/p>\n<h3>Ejecuci\u00f3n extremadamente r\u00e1pida para activar Mensajes Directos<\/h3>\n<p>A diferencia de otros servicios, nosotros iniciamos el proceso <strong>Activar los mensajes directos de Instagram<\/strong> durante <strong>5-15 minutos<\/strong> Desde el momento en que confirmas tu pedido. Organizamos el proceso de entrega de forma gradual e inteligente. Obtendr\u00e1s resultados r\u00e1pidos y de aspecto natural.<\/p>\n<h3>Privacidad total sin necesidad de contrase\u00f1a<\/h3>\n<p>En concreto, la seguridad de su cuenta es nuestra m\u00e1xima prioridad. <strong>Nunca preguntamos<\/strong> La contrase\u00f1a de tu cuenta. De lo contrario, todo el proceso se realiza \u00fanicamente con tu nombre de usuario.<\/p>\n<h3>Garant\u00eda a largo plazo de resultados estables de Mensajes Directos<\/h3>\n<p>Para garantizar su comodidad, le ofrecemos <strong>garant\u00eda de 6 meses<\/strong> Basado en nuestro servicio. Por nuestra confianza en la calidad. <strong>Aumentar y activar los mensajes directos de Instagram (Mensaje Directo)<\/strong>Protegemos su inversi\u00f3n.<\/p>\n<h2>\u00bfC\u00f3mo puede el servicio de Mensaje Directo beneficiar a diferentes tipos de cuentas?<\/h2>\n<p>Para ilustrarlo, he aqu\u00ed algunos ejemplos:<\/p>\n<ul>\n<li><strong>Para tiendas online:<\/strong> B\u00e1sicamente, puedes utilizar <strong>Mensaje directo de Instagram<\/strong> Para responder preguntas sobre productos y enviar ofertas especiales.<\/li>\n<li><strong>Para creadores de contenido:<\/strong> En concreto, le permite: <strong>Aumentar los mensajes directos<\/strong> Comunicarse con anunciantes potenciales y construir relaciones.<\/li>\n<li><strong>Para formadores y consultores:<\/strong> Como resultado, puede usarlo para recibir consultas de clientes y organizar sesiones.<\/li>\n<li><strong>Para marcas:<\/strong> En \u00faltima instancia, le ayuda a mejorar el servicio al cliente y mejorar la imagen de marca.<\/li>\n<\/ul>\n<h2>Pasos sencillos para empezar a activar los Mensajes Directos<\/h2>\n<ol>\n<li><strong>Establece tus objetivos:<\/strong> Primero, decide qu\u00e9 quieres lograr a trav\u00e9s de <strong>Aumentar y activar los mensajes directos de Instagram<\/strong>.<\/li>\n<li><strong>Comparte tus datos:<\/strong> A continuaci\u00f3n, env\u00edenos el nombre de usuario de su cuenta.<\/li>\n<li><strong>Completar el pago:<\/strong> Luego, elija el m\u00e9todo de pago adecuado entre las opciones seguras.<\/li>\n<li><strong>Empieza a comunicarte:<\/strong> Finalmente, observa c\u00f3mo los mensajes entrantes comienzan a fluir a trav\u00e9s de <strong>Mensaje directo<\/strong>.<\/li>\n<\/ol>\n<h2>Paquetes y precios del servicio de mensajes directos<\/h2>\n<table>\n<thead>\n<tr>\n<th>El paquete<\/th>\n<th>Alcance del servicio<\/th>\n<th>Grupo objetivo<\/th>\n<th>Objetivo principal<\/th>\n<\/tr>\n<\/thead>\n<tbody>\n<tr>\n<td><strong>Paquete b\u00e1sico<\/strong><\/td>\n<td>50-100 conversaciones<\/td>\n<td>Cuentas emergentes<\/td>\n<td>B\u00e1sicamente, probar e iniciar la comunicaci\u00f3n mediante Mensaje Directo.<\/td>\n<\/tr>\n<tr>\n<td><strong>Paquete de crecimiento<\/strong><\/td>\n<td>250-500 conversaciones<\/td>\n<td>peque\u00f1as tiendas<\/td>\n<td>Por lo general, para aumentar las ventas a trav\u00e9s de mensajes directos de Instagram<\/td>\n<\/tr>\n<tr>\n<td><strong>Paquete Profesional<\/strong><\/td>\n<td>M\u00e1s de 1000 conversaciones<\/td>\n<td>Marcas<\/td>\n<td>Principalmente, para convertir seguidores en clientes a trav\u00e9s de mensajes directos.<\/td>\n<\/tr>\n<\/tbody>\n<\/table>\n<h2>Preguntas frecuentes sobre c\u00f3mo aumentar los mensajes directos de Instagram<\/h2>\n<h3>\u00bfLos mensajes ser\u00e1n automatizados o personalizados?<\/h3>\n<p>De hecho, ofrecemos dos opciones de mensajer\u00eda en <strong>Mensaje directo de Instagram<\/strong>. En otras palabras, atendemos sus diversas necesidades.<\/p>\n<h3>\u00bfCu\u00e1l es la diferencia entre este servicio y el servicio de comentarios?<\/h3>\n<p>Para aclarar, la secci\u00f3n de comentarios se centra en la interacci\u00f3n general. <strong>Servicio de activaci\u00f3n y refuerzo de mensajes directos de Instagram<\/strong> Se centra en la comunicaci\u00f3n privada.<\/p>\n<h3>\u00bfPuedo especificar el tipo de mensajes en Mensajes Directos?<\/h3>\n<p>Por supuesto. En concreto, puedes configurar ciertos temas para los mensajes entrantes a trav\u00e9s de <strong>Mensaje directo<\/strong>.<\/p>\n<h3>\u00bfC\u00f3mo puedo medir el \u00e9xito del servicio de Mensaje Directo?<\/h3>\n<p>Mediante seguimiento <strong>Bandeja de entrada de Instagram<\/strong>. Despu\u00e9s de eso, notar\u00e1s un claro aumento en el n\u00famero de conversaciones a trav\u00e9s de <strong>Mensaje directo<\/strong>.<\/p>\n<h2>Pr\u00f3ximo paso: Convertir seguidores en socios mediante mensajes directos<\/h2>\n<p>En conclusi\u00f3n, <strong>Aumentar y activar los mensajes directos de Instagram (Mensaje Directo)<\/strong> No es un lujo, es una estrategia necesaria. Con el control de calidad, est\u00e1s a un paso de convertir a tus seguidores en clientes. <strong>Por eso, no dejes que la oportunidad de comunicarte v\u00eda Mensaje Directo se desperdicie; comienza a construir puentes de confianza hoy.<\/strong><\/p>","protected":false},"excerpt":{"rendered":"<p>\u00a1Mensajes directos impactantes! Recibe mensajes directos de Instagram de cuentas reales y activas de 100% que env\u00edan mensajes personalizados. Cada mensaje es una oportunidad para la comunicaci\u00f3n directa y el desarrollo de relaciones. Entrega r\u00e1pida, mensajes personalizados con contenido org\u00e1nico, paquetes flexibles, mayor interacci\u00f3n directa, relaciones s\u00f3lidas y soporte 24\/7. \u00a1Comun\u00edcate directamente con tu audiencia de forma efectiva!<\/p>","protected":false},"featured_media":125,"comment_status":"closed","ping_status":"closed","template":"","meta":[],"product_brand":[],"product_cat":[19,225],"product_tag":[],"class_list":{"0":"post-91","1":"product","2":"type-product","3":"status-publish","4":"has-post-thumbnail","6":"product_cat-instagram","7":"product_cat-social-media","8":"tm-has-options","10":"first","11":"instock","12":"virtual","13":"taxable","14":"purchasable","15":"product-type-simple"},"yoast_head":"<!-- This site is optimized with the Yoast SEO Premium plugin v21.7 (Yoast SEO v27.1.1) - https:\/\/yoast.com\/product\/yoast-seo-premium-wordpress\/ -->\n<title>\u0634\u0631\u0627\u0621 \u062f\u0627\u064a\u0631\u0643\u062a \u0627\u0646\u0633\u062a\u0642\u0631\u0627\u0645 | \u0632\u064a\u0627\u062f\u0629 Direct Messages \u0645\u062e\u0635\u0635\u0629<\/title>\n<meta name=\"description\" content=\"\u062f\u0627\u064a\u0631\u0643\u062a \u0627\u0646\u0633\u062a\u0642\u0631\u0627\u0645 \u0645\u0646 \u062d\u0633\u0627\u0628\u0627\u062a \u062d\u0642\u064a\u0642\u064a\u0629 \u062a\u0631\u0633\u0644 \u0631\u0633\u0627\u0626\u0644 \u0645\u062e\u0635\u0635\u0629 \u0637\u0628\u064a\u0639\u064a\u0629. \u062a\u0648\u0627\u0635\u0644 \u0645\u0628\u0627\u0634\u0631 \u0641\u0639\u0627\u0644 \u0644\u0628\u0646\u0627\u0621 \u0639\u0644\u0627\u0642\u0627\u062a \u0642\u0648\u064a\u0629 \u0645\u0639 \u0627\u0644\u062c\u0645\u0647\u0648\u0631. \u0631\u0633\u0627\u0626\u0644 \u0645\u062e\u0635\u0635\u0629 \u0628\u0645\u062d\u062a\u0648\u0649 \u0637\u0628\u064a\u0639\u064a\u060c \u062a\u0633\u0644\u064a\u0645 \u0633\u0631\u064a\u0639.\" \/>\n<meta name=\"robots\" content=\"index, follow, max-snippet:-1, max-image-preview:large, max-video-preview:-1\" \/>\n<link rel=\"canonical\" href=\"https:\/\/smm-follow.com\/es\/product\/comprar-mensaje-directo-de-instagram\/\" \/>\n<meta property=\"og:locale\" content=\"es_ES\" \/>\n<meta property=\"og:type\" content=\"article\" \/>\n<meta property=\"og:title\" content=\"\u062f\u0627\u064a\u0631\u0643\u062a \u0645\u0633\u062c \u0627\u0646\u0633\u062a\u0642\u0631\u0627\u0645\" \/>\n<meta property=\"og:description\" content=\"\u062f\u0627\u064a\u0631\u0643\u062a \u0627\u0646\u0633\u062a\u0642\u0631\u0627\u0645 \u0645\u0646 \u062d\u0633\u0627\u0628\u0627\u062a \u062d\u0642\u064a\u0642\u064a\u0629 \u062a\u0631\u0633\u0644 \u0631\u0633\u0627\u0626\u0644 \u0645\u062e\u0635\u0635\u0629 \u0637\u0628\u064a\u0639\u064a\u0629. \u062a\u0648\u0627\u0635\u0644 \u0645\u0628\u0627\u0634\u0631 \u0641\u0639\u0627\u0644 \u0644\u0628\u0646\u0627\u0621 \u0639\u0644\u0627\u0642\u0627\u062a \u0642\u0648\u064a\u0629 \u0645\u0639 \u0627\u0644\u062c\u0645\u0647\u0648\u0631. \u0631\u0633\u0627\u0626\u0644 \u0645\u062e\u0635\u0635\u0629 \u0628\u0645\u062d\u062a\u0648\u0649 \u0637\u0628\u064a\u0639\u064a\u060c \u062a\u0633\u0644\u064a\u0645 \u0633\u0631\u064a\u0639.\" \/>\n<meta property=\"og:url\" content=\"https:\/\/smm-follow.com\/es\/product\/comprar-mensaje-directo-de-instagram\/\" \/>\n<meta property=\"og:site_name\" content=\"SMM Follow\" \/>\n<meta property=\"article:modified_time\" content=\"2026-01-16T07:17:44+00:00\" \/>\n<meta property=\"og:image\" content=\"https:\/\/smm-follow.com\/wp-content\/uploads\/2025\/12\/Picsart_24-01-21_18-53-29-774-scaled-1-1-1.jpg\" \/>\n\t<meta property=\"og:image:width\" content=\"2560\" \/>\n\t<meta property=\"og:image:height\" content=\"2560\" \/>\n\t<meta property=\"og:image:type\" content=\"image\/jpeg\" \/>\n<meta name=\"twitter:card\" content=\"summary_large_image\" \/>\n<meta name=\"twitter:label1\" content=\"Precio\" \/>\n\t<meta name=\"twitter:data1\" content=\"&#036;0.00\" \/>\n\t<meta name=\"twitter:label2\" content=\"Disponibilidad\" \/>\n\t<meta name=\"twitter:data2\" content=\"Disponible\" \/>\n<script type=\"application\/ld+json\" class=\"yoast-schema-graph\">{\"@context\":\"https:\/\/schema.org\",\"@graph\":[{\"@type\":\"WebPage\",\"@id\":\"https:\/\/smm-follow.com\/product\/instagram-direct-message\/\",\"url\":\"https:\/\/smm-follow.com\/product\/instagram-direct-message\/\",\"name\":\"\u0634\u0631\u0627\u0621 \u062f\u0627\u064a\u0631\u0643\u062a \u0627\u0646\u0633\u062a\u0642\u0631\u0627\u0645 | \u0632\u064a\u0627\u062f\u0629 Direct Messages \u0645\u062e\u0635\u0635\u0629\",\"isPartOf\":{\"@id\":\"https:\/\/smm-follow.com\/#website\"},\"primaryImageOfPage\":{\"@id\":\"https:\/\/smm-follow.com\/product\/instagram-direct-message\/#primaryimage\"},\"image\":{\"@id\":\"https:\/\/smm-follow.com\/product\/instagram-direct-message\/#primaryimage\"},\"thumbnailUrl\":\"https:\/\/smm-follow.com\/wp-content\/uploads\/2025\/12\/Picsart_24-01-21_18-53-29-774-scaled-1-1-1.jpg\",\"datePublished\":\"2025-12-23T11:40:27+00:00\",\"dateModified\":\"2026-01-16T07:17:44+00:00\",\"description\":\"\u062f\u0627\u064a\u0631\u0643\u062a \u0627\u0646\u0633\u062a\u0642\u0631\u0627\u0645 \u0645\u0646 \u062d\u0633\u0627\u0628\u0627\u062a \u062d\u0642\u064a\u0642\u064a\u0629 \u062a\u0631\u0633\u0644 \u0631\u0633\u0627\u0626\u0644 \u0645\u062e\u0635\u0635\u0629 \u0637\u0628\u064a\u0639\u064a\u0629. \u062a\u0648\u0627\u0635\u0644 \u0645\u0628\u0627\u0634\u0631 \u0641\u0639\u0627\u0644 \u0644\u0628\u0646\u0627\u0621 \u0639\u0644\u0627\u0642\u0627\u062a \u0642\u0648\u064a\u0629 \u0645\u0639 \u0627\u0644\u062c\u0645\u0647\u0648\u0631. \u0631\u0633\u0627\u0626\u0644 \u0645\u062e\u0635\u0635\u0629 \u0628\u0645\u062d\u062a\u0648\u0649 \u0637\u0628\u064a\u0639\u064a\u060c \u062a\u0633\u0644\u064a\u0645 \u0633\u0631\u064a\u0639.\",\"breadcrumb\":{\"@id\":\"https:\/\/smm-follow.com\/product\/instagram-direct-message\/#breadcrumb\"},\"inLanguage\":\"es\",\"potentialAction\":[{\"@type\":\"ReadAction\",\"target\":[\"https:\/\/smm-follow.com\/product\/instagram-direct-message\/\"]}]},{\"@type\":\"ImageObject\",\"inLanguage\":\"es\",\"@id\":\"https:\/\/smm-follow.com\/product\/instagram-direct-message\/#primaryimage\",\"url\":\"https:\/\/smm-follow.com\/wp-content\/uploads\/2025\/12\/Picsart_24-01-21_18-53-29-774-scaled-1-1-1.jpg\",\"contentUrl\":\"https:\/\/smm-follow.com\/wp-content\/uploads\/2025\/12\/Picsart_24-01-21_18-53-29-774-scaled-1-1-1.jpg\",\"width\":2560,\"height\":2560},{\"@type\":\"BreadcrumbList\",\"@id\":\"https:\/\/smm-follow.com\/product\/instagram-direct-message\/#breadcrumb\",\"itemListElement\":[{\"@type\":\"ListItem\",\"position\":1,\"name\":\"\u0627\u0644\u0631\u0626\u064a\u0633\u064a\u0629\",\"item\":\"https:\/\/smm-follow.com\/\"},{\"@type\":\"ListItem\",\"position\":2,\"name\":\"\u0627\u0644\u0645\u062a\u062c\u0631\",\"item\":\"https:\/\/smm-follow.com\/en\/shop\/\"},{\"@type\":\"ListItem\",\"position\":3,\"name\":\"\u062f\u0627\u064a\u0631\u0643\u062a \u0645\u0633\u062c \u0627\u0646\u0633\u062a\u0642\u0631\u0627\u0645\"}]},{\"@type\":\"WebSite\",\"@id\":\"https:\/\/smm-follow.com\/#website\",\"url\":\"https:\/\/smm-follow.com\/\",\"name\":\"SMM FOLLOW\",\"description\":\"\u0645\u0646\u0635\u0629 \u0645\u062a\u062e\u0635\u0635\u0629 \u0641\u064a \u062e\u062f\u0645\u0627\u062a \u0645\u0648\u0627\u0642\u0639 \u0627\u0644\u062a\u0648\u0627\u0635\u0644 \u0627\u0644\u0627\u062c\u062a\u0645\u0627\u0639\u064a \u0644\u0632\u064a\u0627\u062f\u0629 \u0627\u0644\u0645\u062a\u0627\u0628\u0639\u064a\u0646\u060c \u0627\u0644\u0644\u0627\u064a\u0643\u0627\u062a\u060c \u0648\u0627\u0644\u0645\u0634\u0627\u0647\u062f\u0627\u062a \u0639\u0644\u0649 \u0625\u0646\u0633\u062a\u0642\u0631\u0627\u0645\u060c \u062a\u064a\u0643 \u062a\u0648\u0643\u060c \u064a\u0648\u062a\u064a\u0648\u0628 \u0648\u063a\u064a\u0631\u0647\u0627. \u062e\u062f\u0645\u0627\u062a \u0622\u0645\u0646\u0629 \u0644\u062c\u0645\u064a\u0639 \u0627\u0644\u062f\u0648\u0644\",\"publisher\":{\"@id\":\"https:\/\/smm-follow.com\/#organization\"},\"alternateName\":\"Follow 965 \u0641\u0648\u0644\u0648\",\"potentialAction\":[{\"@type\":\"SearchAction\",\"target\":{\"@type\":\"EntryPoint\",\"urlTemplate\":\"https:\/\/smm-follow.com\/?s={search_term_string}\"},\"query-input\":{\"@type\":\"PropertyValueSpecification\",\"valueRequired\":true,\"valueName\":\"search_term_string\"}}],\"inLanguage\":\"es\"},{\"@type\":\"Organization\",\"@id\":\"https:\/\/smm-follow.com\/#organization\",\"name\":\"SMM FOLLOW\",\"alternateName\":\"Follow 965\",\"url\":\"https:\/\/smm-follow.com\/\",\"logo\":{\"@type\":\"ImageObject\",\"inLanguage\":\"es\",\"@id\":\"https:\/\/smm-follow.com\/#\/schema\/logo\/image\/\",\"url\":\"https:\/\/smm-follow.com\/wp-content\/uploads\/2025\/12\/Logo-smm-follow.jpg\",\"contentUrl\":\"https:\/\/smm-follow.com\/wp-content\/uploads\/2025\/12\/Logo-smm-follow.jpg\",\"width\":1080,\"height\":1080,\"caption\":\"SMM FOLLOW\"},\"image\":{\"@id\":\"https:\/\/smm-follow.com\/#\/schema\/logo\/image\/\"},\"hasMerchantReturnPolicy\":{\"@type\":\"MerchantReturnPolicy\",\"merchantReturnLink\":\"https:\/\/smm-follow.com\/es\/politica-de-devoluciones\/\"}}]}<\/script>\n<meta property=\"product:brand\" content=\"\u0627\u0646\u0633\u062a\u0642\u0631\u0627\u0645\" \/>\n<meta property=\"product:price:amount\" content=\"0.00\" \/>\n<meta property=\"product:price:currency\" content=\"USD\" \/>\n<meta property=\"og:availability\" content=\"instock\" \/>\n<meta property=\"product:availability\" content=\"instock\" \/>\n<meta property=\"product:condition\" content=\"new\" \/>\n<!-- \/ Yoast SEO Premium plugin. -->","yoast_head_json":{"title":"Comprar Instagram Direct | Aumentar los mensajes directos personalizados","description":"Instagram Direct desde cuentas reales env\u00eda mensajes personalizados y naturales. Comunicaci\u00f3n directa eficaz para construir relaciones s\u00f3lidas con tu audiencia. Mensajes personalizados con contenido natural y entrega r\u00e1pida.","robots":{"index":"index","follow":"follow","max-snippet":"max-snippet:-1","max-image-preview":"max-image-preview:large","max-video-preview":"max-video-preview:-1"},"canonical":"https:\/\/smm-follow.com\/es\/product\/comprar-mensaje-directo-de-instagram\/","og_locale":"es_ES","og_type":"article","og_title":"\u062f\u0627\u064a\u0631\u0643\u062a \u0645\u0633\u062c \u0627\u0646\u0633\u062a\u0642\u0631\u0627\u0645","og_description":"\u062f\u0627\u064a\u0631\u0643\u062a \u0627\u0646\u0633\u062a\u0642\u0631\u0627\u0645 \u0645\u0646 \u062d\u0633\u0627\u0628\u0627\u062a \u062d\u0642\u064a\u0642\u064a\u0629 \u062a\u0631\u0633\u0644 \u0631\u0633\u0627\u0626\u0644 \u0645\u062e\u0635\u0635\u0629 \u0637\u0628\u064a\u0639\u064a\u0629. \u062a\u0648\u0627\u0635\u0644 \u0645\u0628\u0627\u0634\u0631 \u0641\u0639\u0627\u0644 \u0644\u0628\u0646\u0627\u0621 \u0639\u0644\u0627\u0642\u0627\u062a \u0642\u0648\u064a\u0629 \u0645\u0639 \u0627\u0644\u062c\u0645\u0647\u0648\u0631. \u0631\u0633\u0627\u0626\u0644 \u0645\u062e\u0635\u0635\u0629 \u0628\u0645\u062d\u062a\u0648\u0649 \u0637\u0628\u064a\u0639\u064a\u060c \u062a\u0633\u0644\u064a\u0645 \u0633\u0631\u064a\u0639.","og_url":"https:\/\/smm-follow.com\/es\/product\/comprar-mensaje-directo-de-instagram\/","og_site_name":"SMM Follow","article_modified_time":"2026-01-16T07:17:44+00:00","og_image":[{"width":2560,"height":2560,"url":"https:\/\/smm-follow.com\/wp-content\/uploads\/2025\/12\/Picsart_24-01-21_18-53-29-774-scaled-1-1-1.jpg","type":"image\/jpeg"}],"twitter_card":"summary_large_image","twitter_misc":{"Precio":"&#36;0.00","Disponibilidad":"Disponible"},"schema":{"@context":"https:\/\/schema.org","@graph":[{"@type":"WebPage","@id":"https:\/\/smm-follow.com\/product\/instagram-direct-message\/","url":"https:\/\/smm-follow.com\/product\/instagram-direct-message\/","name":"Comprar Instagram Direct | Aumentar los mensajes directos personalizados","isPartOf":{"@id":"https:\/\/smm-follow.com\/#website"},"primaryImageOfPage":{"@id":"https:\/\/smm-follow.com\/product\/instagram-direct-message\/#primaryimage"},"image":{"@id":"https:\/\/smm-follow.com\/product\/instagram-direct-message\/#primaryimage"},"thumbnailUrl":"https:\/\/smm-follow.com\/wp-content\/uploads\/2025\/12\/Picsart_24-01-21_18-53-29-774-scaled-1-1-1.jpg","datePublished":"2025-12-23T11:40:27+00:00","dateModified":"2026-01-16T07:17:44+00:00","description":"Instagram Direct desde cuentas reales env\u00eda mensajes personalizados y naturales. Comunicaci\u00f3n directa eficaz para construir relaciones s\u00f3lidas con tu audiencia. Mensajes personalizados con contenido natural y entrega r\u00e1pida.","breadcrumb":{"@id":"https:\/\/smm-follow.com\/product\/instagram-direct-message\/#breadcrumb"},"inLanguage":"es","potentialAction":[{"@type":"ReadAction","target":["https:\/\/smm-follow.com\/product\/instagram-direct-message\/"]}]},{"@type":"ImageObject","inLanguage":"es","@id":"https:\/\/smm-follow.com\/product\/instagram-direct-message\/#primaryimage","url":"https:\/\/smm-follow.com\/wp-content\/uploads\/2025\/12\/Picsart_24-01-21_18-53-29-774-scaled-1-1-1.jpg","contentUrl":"https:\/\/smm-follow.com\/wp-content\/uploads\/2025\/12\/Picsart_24-01-21_18-53-29-774-scaled-1-1-1.jpg","width":2560,"height":2560},{"@type":"BreadcrumbList","@id":"https:\/\/smm-follow.com\/product\/instagram-direct-message\/#breadcrumb","itemListElement":[{"@type":"ListItem","position":1,"name":"\u0627\u0644\u0631\u0626\u064a\u0633\u064a\u0629","item":"https:\/\/smm-follow.com\/"},{"@type":"ListItem","position":2,"name":"\u0627\u0644\u0645\u062a\u062c\u0631","item":"https:\/\/smm-follow.com\/en\/shop\/"},{"@type":"ListItem","position":3,"name":"\u062f\u0627\u064a\u0631\u0643\u062a \u0645\u0633\u062c \u0627\u0646\u0633\u062a\u0642\u0631\u0627\u0645"}]},{"@type":"WebSite","@id":"https:\/\/smm-follow.com\/#website","url":"https:\/\/smm-follow.com\/","name":"SEGUIR SMM","description":"Una plataforma especializada en servicios de redes sociales para aumentar seguidores, &quot;me gusta&quot; y visualizaciones en Instagram, TikTok, YouTube y m\u00e1s. Servicios seguros disponibles en todos los pa\u00edses.","publisher":{"@id":"https:\/\/smm-follow.com\/#organization"},"alternateName":"Follow 965 \u0641\u0648\u0644\u0648","potentialAction":[{"@type":"SearchAction","target":{"@type":"EntryPoint","urlTemplate":"https:\/\/smm-follow.com\/?s={search_term_string}"},"query-input":{"@type":"PropertyValueSpecification","valueRequired":true,"valueName":"search_term_string"}}],"inLanguage":"es"},{"@type":"Organization","@id":"https:\/\/smm-follow.com\/#organization","name":"SEGUIR SMM","alternateName":"Follow 965","url":"https:\/\/smm-follow.com\/","logo":{"@type":"ImageObject","inLanguage":"es","@id":"https:\/\/smm-follow.com\/#\/schema\/logo\/image\/","url":"https:\/\/smm-follow.com\/wp-content\/uploads\/2025\/12\/Logo-smm-follow.jpg","contentUrl":"https:\/\/smm-follow.com\/wp-content\/uploads\/2025\/12\/Logo-smm-follow.jpg","width":1080,"height":1080,"caption":"SMM FOLLOW"},"image":{"@id":"https:\/\/smm-follow.com\/#\/schema\/logo\/image\/"},"hasMerchantReturnPolicy":{"@type":"MerchantReturnPolicy","merchantReturnLink":"https:\/\/smm-follow.com\/es\/politica-de-devoluciones\/"}}]},"product_brand":"\u0627\u0646\u0633\u062a\u0642\u0631\u0627\u0645","product_price_amount":"0.00","product_price_currency":"USD","og_availability":"instock","product_availability":"instock","product_condition":"new"},"_links":{"self":[{"href":"https:\/\/smm-follow.com\/es\/wp-json\/wp\/v2\/product\/91","targetHints":{"allow":["GET"]}}],"collection":[{"href":"https:\/\/smm-follow.com\/es\/wp-json\/wp\/v2\/product"}],"about":[{"href":"https:\/\/smm-follow.com\/es\/wp-json\/wp\/v2\/types\/product"}],"replies":[{"embeddable":true,"href":"https:\/\/smm-follow.com\/es\/wp-json\/wp\/v2\/comments?post=91"}],"wp:featuredmedia":[{"embeddable":true,"href":"https:\/\/smm-follow.com\/es\/wp-json\/wp\/v2\/media\/125"}],"wp:attachment":[{"href":"https:\/\/smm-follow.com\/es\/wp-json\/wp\/v2\/media?parent=91"}],"wp:term":[{"taxonomy":"product_brand","embeddable":true,"href":"https:\/\/smm-follow.com\/es\/wp-json\/wp\/v2\/product_brand?post=91"},{"taxonomy":"product_cat","embeddable":true,"href":"https:\/\/smm-follow.com\/es\/wp-json\/wp\/v2\/product_cat?post=91"},{"taxonomy":"product_tag","embeddable":true,"href":"https:\/\/smm-follow.com\/es\/wp-json\/wp\/v2\/product_tag?post=91"}],"curies":[{"name":"wp","href":"https:\/\/api.w.org\/{rel}","templated":true}]}}