{"id":92,"date":"2025-12-23T14:40:28","date_gmt":"2025-12-23T11:40:28","guid":{"rendered":"https:\/\/smm-follow.com\/?post_type=product&#038;p=92"},"modified":"2026-01-16T10:17:44","modified_gmt":"2026-01-16T07:17:44","slug":"instagram-save","status":"publish","type":"product","link":"https:\/\/smm-follow.com\/es\/product\/comprar-instagram-guardar\/","title":{"rendered":"Guardar publicaci\u00f3n de Instagram"},"content":{"rendered":"<h1>Compra publicaciones guardadas en Instagram: mejora tu posicionamiento con publicaciones guardadas genuinas<\/h1>\n<p><strong>\u00bfEst\u00e1s buscando una forma efectiva de comprar y guardar publicaciones de Instagram?<\/strong> <strong>En realidad<\/strong>, servicio <strong>Comprar Instagram guardar<\/strong> Te permite obtener un guardado real instant\u00e1neo para mejorar la clasificaci\u00f3n de tus publicaciones. <strong>Adem\u00e1s<\/strong>Esto es incre\u00edble <strong>Servicio especializado<\/strong> Mejora el valor de tu contenido y aumenta sus posibilidades de aparecer en el algoritmo. <strong>Por lo tanto<\/strong>Podr\u00e1s mejorar enormemente tu rendimiento <strong>Mejora la conservaci\u00f3n de tus publicaciones<\/strong>.<\/p>\n<h2>\u00bfPor qu\u00e9 es necesario comprar una cuenta guardada en Instagram para tu cuenta?<\/h2>\n<h3>Mejora tu ranking en el algoritmo de Instagram ahorrando<\/h3>\n<p><strong>En primer lugar<\/strong>Cuando lo hagas <strong>Mejorando el guardado de publicaciones de Instagram<\/strong>El algoritmo considera que su contenido es valioso. <strong>Como resultado<\/strong>Instagram prioriza tus publicaciones y las muestra a un mayor n\u00famero de usuarios.<\/p>\n<h3>Almacenamiento: el indicador m\u00e1s fuerte de la calidad del contenido<\/h3>\n<p><strong>Adem\u00e1s<\/strong>Guardar es la se\u00f1al de interacci\u00f3n m\u00e1s fuerte en la plataforma. <strong>En realidad<\/strong>\u060c <strong>Guardar publicaciones<\/strong> Esto significa que el usuario desea volver al contenido nuevamente debido a su valor.<\/p>\n<h3>Mayor acceso org\u00e1nico a trav\u00e9s de la conservaci\u00f3n premium<\/h3>\n<p><strong>Adem\u00e1s<\/strong>Las publicaciones con altas tasas de conservaci\u00f3n reciben un alcance org\u00e1nico mucho mayor. <strong>Por lo tanto<\/strong>\u060c <strong>Invertir en un servicio de ahorro en Instagram<\/strong> Es una decisi\u00f3n inteligente hacer crecer su cuenta.<\/p>\n<h2>Caracter\u00edsticas del servicio de compra para guardar publicaciones de Instagram<\/h2>\n<ul>\n<li><strong>\u2705 Ahorra desde cuentas reales y activas:<\/strong> Todas las operaciones <strong>Guardar Instagram<\/strong> De cuentas que utilizan la plataforma diariamente.<\/li>\n<li><strong>\u2705 Entrega instant\u00e1nea en minutos:<\/strong> Comenzamos entre 10 y 30 minutos despu\u00e9s de la confirmaci\u00f3n del pedido. <strong>Compra<\/strong>.<\/li>\n<li><strong>\u2705 Parto gradual y natural:<\/strong> Evitamos el aumento repentino y sospechoso del algoritmo.<\/li>\n<li><strong>\u2705 Paquetes flexibles para cada necesidad:<\/strong> de 100 <strong>Guarda tus publicaciones<\/strong> Hasta 50.000+ dependiendo de sus necesidades.<\/li>\n<li><strong>\u2705 Seguridad completa sin contrase\u00f1a:<\/strong> Todo lo que necesitamos es el enlace a la publicaci\u00f3n.<\/li>\n<li><strong>\u2705 Garant\u00eda de reemplazo de 6 meses:<\/strong> Si los ahorros disminuyen (muy raro), le compensaremos sin cargo alguno.<\/li>\n<li><strong>\u2705 Soporte t\u00e9cnico disponible 24\/7:<\/strong> El equipo de soporte est\u00e1 disponible 24 horas al d\u00eda, 7 d\u00edas a la semana.<\/li>\n<\/ul>\n<h2>Pasos para comprar y activar la cuenta de Instagram<\/h2>\n<ol>\n<li><strong>Primer paso: Seleccione el n\u00famero que desea memorizar<\/strong> \u2013 Elige el n\u00famero de guardados que quieres para tu publicaci\u00f3n.<\/li>\n<li><strong>Paso dos: Ingresa el enlace a la publicaci\u00f3n de destino<\/strong> Copia el enlace a la publicaci\u00f3n que deseas. <strong>Mejorar su conservaci\u00f3n<\/strong>.<\/li>\n<li><strong>Paso tres: Elegir un m\u00e9todo de pago<\/strong> Elija el m\u00e9todo de pago adecuado.<\/li>\n<li><strong>Paso cuatro: Visualizaci\u00f3n de los resultados del guardado<\/strong> \u00a1Complete el pago y vea los resultados en 10-30 minutos!<\/li>\n<\/ol>\n<h2>Paquetes de compra para guardar publicaciones<\/h2>\n<ul>\n<li><strong>Paquete de prueba (100-500 guardados):<\/strong> Perfecto para la experiencia. <strong>Servicio de guardado de Instagram<\/strong> O para publicaciones regulares.<\/li>\n<li><strong>Paquete de crecimiento (1.000 \u2013 10.000 ahorros):<\/strong> Adecuado para contenido valioso que desea que tenga un amplio alcance.<\/li>\n<li><strong>Paquete Profesional (m\u00e1s de 20.000 ahorros):<\/strong> Lo dise\u00f1amos para contenidos estrat\u00e9gicos y grandes campa\u00f1as.<\/li>\n<\/ul>\n<h2>Tipos ideales de contenido para comprar y ahorrar<\/h2>\n<ul>\n<li><strong>Contenidos educativos y de orientaci\u00f3n:<\/strong> Explicaciones, lecciones y consejos pr\u00e1cticos.<\/li>\n<li><strong>Contenido inspirador y motivador:<\/strong> Citas inspiradoras y contenido motivacional.<\/li>\n<li><strong>Listas y referencias \u00fatiles:<\/strong> Listas como \u201c10 herramientas\u201d o \u201c5 pasos\u201d.<\/li>\n<li><strong>Infograf\u00edas y datos:<\/strong> Informaci\u00f3n visual y datos \u00fatiles.<\/li>\n<li><strong>Gu\u00edas y explicaciones completas:<\/strong> Contenido detallado que resuelve un problema espec\u00edfico.<\/li>\n<\/ul>\n<h2>Preguntas frecuentes sobre la compra de guardados de Instagram<\/h2>\n<ul>\n<li><strong>\u00bfCu\u00e1nto tiempo tarda en entregarse el servicio de almacenamiento?<\/strong> Comenzamos entre 10 y 30 minutos despu\u00e9s de la confirmaci\u00f3n del pedido.<\/li>\n<li><strong>\u00bfLos guardados son de cuentas reales?<\/strong> S\u00ed, todos <strong>Guardar publicaciones<\/strong> De cuentas reales y activas.<\/li>\n<li><strong>\u00bfNecesitas una contrase\u00f1a para realizar una compra?<\/strong> No, s\u00f3lo necesitamos el enlace a la publicaci\u00f3n.<\/li>\n<li><strong>\u00bfEs posible que mi cuenta en el servicio sea bloqueada?<\/strong> <strong>Comprar una cuenta de ahorros<\/strong> Es completamente seguro utilizando m\u00e9todos de conservaci\u00f3n genuinos.<\/li>\n<li><strong>\u00bfLa conservaci\u00f3n es permanente despu\u00e9s de la compra?<\/strong> S\u00ed, permanece en tu puesto y no te caigas.<\/li>\n<li><strong>\u00bfPuedo solicitar guardar varias publicaciones?<\/strong> S\u00ed, puedes solicitar el servicio para una publicaci\u00f3n o para varias.<\/li>\n<\/ul>\n<h2>\u00a1Empieza ahora a comprar publicaciones de Instagram ahorrando!<\/h2>\n<p><strong>\u00a1No dejes que tu valioso contenido pase sin la fuerte respuesta que merece!<\/strong> <strong>En realidad<\/strong>Con entrega inmediata y diversos paquetes para <strong>Comprar una cuenta de ahorros<\/strong>Obtendr\u00e1s resultados sorprendentes. <strong>Por lo tanto<\/strong>No lo dudes y pregunta <strong>Servicio de guardado de Instagram<\/strong> Ahora con total confianza y garant\u00eda integral. <strong>Y entonces<\/strong>\u00a1Conseguir\u00e1s el \u00e9xito y alcance que mereces en Instagram! \ud83d\ude80\ud83d\udccc<\/p>","protected":false},"excerpt":{"rendered":"<p>\u00a1Servicio profesional premium! Consigue publicaciones de Instagram de 100% guardadas de fuentes reales, activas y atractivas. Crecimiento r\u00e1pido y seguro que respeta las pol\u00edticas de la plataforma. Entrega inmediata, paquetes flexibles, garant\u00eda completa, sin contrase\u00f1a, soporte 24\/7. \u00a1Resultados garantizados o te devolvemos tu dinero!<\/p>","protected":false},"featured_media":134,"comment_status":"closed","ping_status":"closed","template":"","meta":[],"product_brand":[],"product_cat":[19,225],"product_tag":[],"class_list":{"0":"post-92","1":"product","2":"type-product","3":"status-publish","4":"has-post-thumbnail","6":"product_cat-instagram","7":"product_cat-social-media","8":"tm-has-options","10":"first","11":"instock","12":"virtual","13":"taxable","14":"purchasable","15":"product-type-simple"},"yoast_head":"<!-- This site is optimized with the Yoast SEO Premium plugin v21.7 (Yoast SEO v27.1.1) - https:\/\/yoast.com\/product\/yoast-seo-premium-wordpress\/ -->\n<title>\u0634\u0631\u0627\u0621 \u062d\u0641\u0638 \u0645\u0646\u0634\u0648\u0631 \u0627\u0646\u0633\u062a\u0642\u0631\u0627\u0645 | \u0632\u064a\u0627\u062f\u0629 Post Saves \u062f\u0627\u0626\u0645\u0629<\/title>\n<meta name=\"description\" content=\"\u062d\u0641\u0638 \u0645\u0646\u0634\u0648\u0631 \u0627\u0646\u0633\u062a\u0642\u0631\u0627\u0645 \u064a\u062b\u0628\u062a \u0623\u0646 \u0645\u062d\u062a\u0648\u0627\u0643 \u0630\u0648 \u0642\u064a\u0645\u0629 \u064a\u064f\u0631\u062c\u0639 \u0625\u0644\u064a\u0647. \u0643\u0644 \u062d\u0641\u0638 \u064a\u0631\u0641\u0639 \u0642\u064a\u0645\u062a\u0643 \u0641\u064a \u0627\u0644\u062e\u0648\u0627\u0631\u0632\u0645\u064a\u0629. Saves \u062f\u0627\u0626\u0645\u0629 \u0645\u0646 \u0645\u0633\u062a\u062e\u062f\u0645\u064a\u0646 \u064a\u0642\u062f\u0631\u0648\u0646 \u0645\u062d\u062a\u0648\u0627\u0643\u060c \u062a\u0633\u0644\u064a\u0645 \u0641\u0648\u0631\u064a.\" \/>\n<meta name=\"robots\" content=\"index, follow, max-snippet:-1, max-image-preview:large, max-video-preview:-1\" \/>\n<link rel=\"canonical\" href=\"https:\/\/smm-follow.com\/es\/product\/comprar-instagram-guardar\/\" \/>\n<meta property=\"og:locale\" content=\"es_ES\" \/>\n<meta property=\"og:type\" content=\"article\" \/>\n<meta property=\"og:title\" content=\"\u062d\u0641\u0638 \u0645\u0646\u0634\u0648\u0631 \u0627\u0646\u0633\u062a\u0642\u0631\u0627\u0645\" \/>\n<meta property=\"og:description\" content=\"\u062d\u0641\u0638 \u0645\u0646\u0634\u0648\u0631 \u0627\u0646\u0633\u062a\u0642\u0631\u0627\u0645 \u064a\u062b\u0628\u062a \u0623\u0646 \u0645\u062d\u062a\u0648\u0627\u0643 \u0630\u0648 \u0642\u064a\u0645\u0629 \u064a\u064f\u0631\u062c\u0639 \u0625\u0644\u064a\u0647. \u0643\u0644 \u062d\u0641\u0638 \u064a\u0631\u0641\u0639 \u0642\u064a\u0645\u062a\u0643 \u0641\u064a \u0627\u0644\u062e\u0648\u0627\u0631\u0632\u0645\u064a\u0629. Saves \u062f\u0627\u0626\u0645\u0629 \u0645\u0646 \u0645\u0633\u062a\u062e\u062f\u0645\u064a\u0646 \u064a\u0642\u062f\u0631\u0648\u0646 \u0645\u062d\u062a\u0648\u0627\u0643\u060c \u062a\u0633\u0644\u064a\u0645 \u0641\u0648\u0631\u064a.\" \/>\n<meta property=\"og:url\" content=\"https:\/\/smm-follow.com\/es\/product\/comprar-instagram-guardar\/\" \/>\n<meta property=\"og:site_name\" content=\"SMM Follow\" \/>\n<meta property=\"article:modified_time\" content=\"2026-01-16T07:17:44+00:00\" \/>\n<meta property=\"og:image\" content=\"https:\/\/smm-follow.com\/wp-content\/uploads\/2025\/12\/\u0633\u064a\u0641-Save-1-scaled-1-1.jpg\" \/>\n\t<meta property=\"og:image:width\" content=\"2560\" \/>\n\t<meta property=\"og:image:height\" content=\"2560\" \/>\n\t<meta property=\"og:image:type\" content=\"image\/jpeg\" \/>\n<meta name=\"twitter:card\" content=\"summary_large_image\" \/>\n<meta name=\"twitter:label1\" content=\"Precio\" \/>\n\t<meta name=\"twitter:data1\" content=\"&#036;0.00\" \/>\n\t<meta name=\"twitter:label2\" content=\"Disponibilidad\" \/>\n\t<meta name=\"twitter:data2\" content=\"Disponible\" \/>\n<script type=\"application\/ld+json\" class=\"yoast-schema-graph\">{\"@context\":\"https:\/\/schema.org\",\"@graph\":[{\"@type\":\"WebPage\",\"@id\":\"https:\/\/smm-follow.com\/product\/instagram-save\/\",\"url\":\"https:\/\/smm-follow.com\/product\/instagram-save\/\",\"name\":\"\u0634\u0631\u0627\u0621 \u062d\u0641\u0638 \u0645\u0646\u0634\u0648\u0631 \u0627\u0646\u0633\u062a\u0642\u0631\u0627\u0645 | \u0632\u064a\u0627\u062f\u0629 Post Saves \u062f\u0627\u0626\u0645\u0629\",\"isPartOf\":{\"@id\":\"https:\/\/smm-follow.com\/#website\"},\"primaryImageOfPage\":{\"@id\":\"https:\/\/smm-follow.com\/product\/instagram-save\/#primaryimage\"},\"image\":{\"@id\":\"https:\/\/smm-follow.com\/product\/instagram-save\/#primaryimage\"},\"thumbnailUrl\":\"https:\/\/smm-follow.com\/wp-content\/uploads\/2025\/12\/\u0633\u064a\u0641-Save-1-scaled-1-1.jpg\",\"datePublished\":\"2025-12-23T11:40:28+00:00\",\"dateModified\":\"2026-01-16T07:17:44+00:00\",\"description\":\"\u062d\u0641\u0638 \u0645\u0646\u0634\u0648\u0631 \u0627\u0646\u0633\u062a\u0642\u0631\u0627\u0645 \u064a\u062b\u0628\u062a \u0623\u0646 \u0645\u062d\u062a\u0648\u0627\u0643 \u0630\u0648 \u0642\u064a\u0645\u0629 \u064a\u064f\u0631\u062c\u0639 \u0625\u0644\u064a\u0647. \u0643\u0644 \u062d\u0641\u0638 \u064a\u0631\u0641\u0639 \u0642\u064a\u0645\u062a\u0643 \u0641\u064a \u0627\u0644\u062e\u0648\u0627\u0631\u0632\u0645\u064a\u0629. Saves \u062f\u0627\u0626\u0645\u0629 \u0645\u0646 \u0645\u0633\u062a\u062e\u062f\u0645\u064a\u0646 \u064a\u0642\u062f\u0631\u0648\u0646 \u0645\u062d\u062a\u0648\u0627\u0643\u060c \u062a\u0633\u0644\u064a\u0645 \u0641\u0648\u0631\u064a.\",\"breadcrumb\":{\"@id\":\"https:\/\/smm-follow.com\/product\/instagram-save\/#breadcrumb\"},\"inLanguage\":\"es\",\"potentialAction\":[{\"@type\":\"ReadAction\",\"target\":[\"https:\/\/smm-follow.com\/product\/instagram-save\/\"]}]},{\"@type\":\"ImageObject\",\"inLanguage\":\"es\",\"@id\":\"https:\/\/smm-follow.com\/product\/instagram-save\/#primaryimage\",\"url\":\"https:\/\/smm-follow.com\/wp-content\/uploads\/2025\/12\/\u0633\u064a\u0641-Save-1-scaled-1-1.jpg\",\"contentUrl\":\"https:\/\/smm-follow.com\/wp-content\/uploads\/2025\/12\/\u0633\u064a\u0641-Save-1-scaled-1-1.jpg\",\"width\":2560,\"height\":2560},{\"@type\":\"BreadcrumbList\",\"@id\":\"https:\/\/smm-follow.com\/product\/instagram-save\/#breadcrumb\",\"itemListElement\":[{\"@type\":\"ListItem\",\"position\":1,\"name\":\"\u0627\u0644\u0631\u0626\u064a\u0633\u064a\u0629\",\"item\":\"https:\/\/smm-follow.com\/\"},{\"@type\":\"ListItem\",\"position\":2,\"name\":\"\u0627\u0644\u0645\u062a\u062c\u0631\",\"item\":\"https:\/\/smm-follow.com\/en\/shop\/\"},{\"@type\":\"ListItem\",\"position\":3,\"name\":\"\u062d\u0641\u0638 \u0645\u0646\u0634\u0648\u0631 \u0627\u0646\u0633\u062a\u0642\u0631\u0627\u0645\"}]},{\"@type\":\"WebSite\",\"@id\":\"https:\/\/smm-follow.com\/#website\",\"url\":\"https:\/\/smm-follow.com\/\",\"name\":\"SMM FOLLOW\",\"description\":\"\u0645\u0646\u0635\u0629 \u0645\u062a\u062e\u0635\u0635\u0629 \u0641\u064a \u062e\u062f\u0645\u0627\u062a \u0645\u0648\u0627\u0642\u0639 \u0627\u0644\u062a\u0648\u0627\u0635\u0644 \u0627\u0644\u0627\u062c\u062a\u0645\u0627\u0639\u064a \u0644\u0632\u064a\u0627\u062f\u0629 \u0627\u0644\u0645\u062a\u0627\u0628\u0639\u064a\u0646\u060c \u0627\u0644\u0644\u0627\u064a\u0643\u0627\u062a\u060c \u0648\u0627\u0644\u0645\u0634\u0627\u0647\u062f\u0627\u062a \u0639\u0644\u0649 \u0625\u0646\u0633\u062a\u0642\u0631\u0627\u0645\u060c \u062a\u064a\u0643 \u062a\u0648\u0643\u060c \u064a\u0648\u062a\u064a\u0648\u0628 \u0648\u063a\u064a\u0631\u0647\u0627. \u062e\u062f\u0645\u0627\u062a \u0622\u0645\u0646\u0629 \u0644\u062c\u0645\u064a\u0639 \u0627\u0644\u062f\u0648\u0644\",\"publisher\":{\"@id\":\"https:\/\/smm-follow.com\/#organization\"},\"alternateName\":\"Follow 965 \u0641\u0648\u0644\u0648\",\"potentialAction\":[{\"@type\":\"SearchAction\",\"target\":{\"@type\":\"EntryPoint\",\"urlTemplate\":\"https:\/\/smm-follow.com\/?s={search_term_string}\"},\"query-input\":{\"@type\":\"PropertyValueSpecification\",\"valueRequired\":true,\"valueName\":\"search_term_string\"}}],\"inLanguage\":\"es\"},{\"@type\":\"Organization\",\"@id\":\"https:\/\/smm-follow.com\/#organization\",\"name\":\"SMM FOLLOW\",\"alternateName\":\"Follow 965\",\"url\":\"https:\/\/smm-follow.com\/\",\"logo\":{\"@type\":\"ImageObject\",\"inLanguage\":\"es\",\"@id\":\"https:\/\/smm-follow.com\/#\/schema\/logo\/image\/\",\"url\":\"https:\/\/smm-follow.com\/wp-content\/uploads\/2025\/12\/Logo-smm-follow.jpg\",\"contentUrl\":\"https:\/\/smm-follow.com\/wp-content\/uploads\/2025\/12\/Logo-smm-follow.jpg\",\"width\":1080,\"height\":1080,\"caption\":\"SMM FOLLOW\"},\"image\":{\"@id\":\"https:\/\/smm-follow.com\/#\/schema\/logo\/image\/\"},\"hasMerchantReturnPolicy\":{\"@type\":\"MerchantReturnPolicy\",\"merchantReturnLink\":\"https:\/\/smm-follow.com\/es\/politica-de-devoluciones\/\"}}]}<\/script>\n<meta property=\"product:brand\" content=\"\u0627\u0646\u0633\u062a\u0642\u0631\u0627\u0645\" \/>\n<meta property=\"product:price:amount\" content=\"0.00\" \/>\n<meta property=\"product:price:currency\" content=\"USD\" \/>\n<meta property=\"og:availability\" content=\"instock\" \/>\n<meta property=\"product:availability\" content=\"instock\" \/>\n<meta property=\"product:condition\" content=\"new\" \/>\n<!-- \/ Yoast SEO Premium plugin. -->","yoast_head_json":{"title":"Comprar publicaciones guardadas en Instagram | Aumentar publicaciones guardadas permanentemente","description":"Guardar una publicaci\u00f3n de Instagram demuestra que tu contenido es valioso y que vale la pena volver a verlo. Cada vez que la guardes, tu posicionamiento en el algoritmo aumenta. Guardados permanentes de usuarios que aprecian tu contenido, entrega instant\u00e1nea.","robots":{"index":"index","follow":"follow","max-snippet":"max-snippet:-1","max-image-preview":"max-image-preview:large","max-video-preview":"max-video-preview:-1"},"canonical":"https:\/\/smm-follow.com\/es\/product\/comprar-instagram-guardar\/","og_locale":"es_ES","og_type":"article","og_title":"\u062d\u0641\u0638 \u0645\u0646\u0634\u0648\u0631 \u0627\u0646\u0633\u062a\u0642\u0631\u0627\u0645","og_description":"\u062d\u0641\u0638 \u0645\u0646\u0634\u0648\u0631 \u0627\u0646\u0633\u062a\u0642\u0631\u0627\u0645 \u064a\u062b\u0628\u062a \u0623\u0646 \u0645\u062d\u062a\u0648\u0627\u0643 \u0630\u0648 \u0642\u064a\u0645\u0629 \u064a\u064f\u0631\u062c\u0639 \u0625\u0644\u064a\u0647. \u0643\u0644 \u062d\u0641\u0638 \u064a\u0631\u0641\u0639 \u0642\u064a\u0645\u062a\u0643 \u0641\u064a \u0627\u0644\u062e\u0648\u0627\u0631\u0632\u0645\u064a\u0629. Saves \u062f\u0627\u0626\u0645\u0629 \u0645\u0646 \u0645\u0633\u062a\u062e\u062f\u0645\u064a\u0646 \u064a\u0642\u062f\u0631\u0648\u0646 \u0645\u062d\u062a\u0648\u0627\u0643\u060c \u062a\u0633\u0644\u064a\u0645 \u0641\u0648\u0631\u064a.","og_url":"https:\/\/smm-follow.com\/es\/product\/comprar-instagram-guardar\/","og_site_name":"SMM Follow","article_modified_time":"2026-01-16T07:17:44+00:00","og_image":[{"width":2560,"height":2560,"url":"https:\/\/smm-follow.com\/wp-content\/uploads\/2025\/12\/\u0633\u064a\u0641-Save-1-scaled-1-1.jpg","type":"image\/jpeg"}],"twitter_card":"summary_large_image","twitter_misc":{"Precio":"&#36;0.00","Disponibilidad":"Disponible"},"schema":{"@context":"https:\/\/schema.org","@graph":[{"@type":"WebPage","@id":"https:\/\/smm-follow.com\/product\/instagram-save\/","url":"https:\/\/smm-follow.com\/product\/instagram-save\/","name":"Comprar publicaciones guardadas en Instagram | Aumentar publicaciones guardadas permanentemente","isPartOf":{"@id":"https:\/\/smm-follow.com\/#website"},"primaryImageOfPage":{"@id":"https:\/\/smm-follow.com\/product\/instagram-save\/#primaryimage"},"image":{"@id":"https:\/\/smm-follow.com\/product\/instagram-save\/#primaryimage"},"thumbnailUrl":"https:\/\/smm-follow.com\/wp-content\/uploads\/2025\/12\/\u0633\u064a\u0641-Save-1-scaled-1-1.jpg","datePublished":"2025-12-23T11:40:28+00:00","dateModified":"2026-01-16T07:17:44+00:00","description":"Guardar una publicaci\u00f3n de Instagram demuestra que tu contenido es valioso y que vale la pena volver a verlo. Cada vez que la guardes, tu posicionamiento en el algoritmo aumenta. Guardados permanentes de usuarios que aprecian tu contenido, entrega instant\u00e1nea.","breadcrumb":{"@id":"https:\/\/smm-follow.com\/product\/instagram-save\/#breadcrumb"},"inLanguage":"es","potentialAction":[{"@type":"ReadAction","target":["https:\/\/smm-follow.com\/product\/instagram-save\/"]}]},{"@type":"ImageObject","inLanguage":"es","@id":"https:\/\/smm-follow.com\/product\/instagram-save\/#primaryimage","url":"https:\/\/smm-follow.com\/wp-content\/uploads\/2025\/12\/\u0633\u064a\u0641-Save-1-scaled-1-1.jpg","contentUrl":"https:\/\/smm-follow.com\/wp-content\/uploads\/2025\/12\/\u0633\u064a\u0641-Save-1-scaled-1-1.jpg","width":2560,"height":2560},{"@type":"BreadcrumbList","@id":"https:\/\/smm-follow.com\/product\/instagram-save\/#breadcrumb","itemListElement":[{"@type":"ListItem","position":1,"name":"\u0627\u0644\u0631\u0626\u064a\u0633\u064a\u0629","item":"https:\/\/smm-follow.com\/"},{"@type":"ListItem","position":2,"name":"\u0627\u0644\u0645\u062a\u062c\u0631","item":"https:\/\/smm-follow.com\/en\/shop\/"},{"@type":"ListItem","position":3,"name":"\u062d\u0641\u0638 \u0645\u0646\u0634\u0648\u0631 \u0627\u0646\u0633\u062a\u0642\u0631\u0627\u0645"}]},{"@type":"WebSite","@id":"https:\/\/smm-follow.com\/#website","url":"https:\/\/smm-follow.com\/","name":"SEGUIR SMM","description":"Una plataforma especializada en servicios de redes sociales para aumentar seguidores, &quot;me gusta&quot; y visualizaciones en Instagram, TikTok, YouTube y m\u00e1s. Servicios seguros disponibles en todos los pa\u00edses.","publisher":{"@id":"https:\/\/smm-follow.com\/#organization"},"alternateName":"Follow 965 \u0641\u0648\u0644\u0648","potentialAction":[{"@type":"SearchAction","target":{"@type":"EntryPoint","urlTemplate":"https:\/\/smm-follow.com\/?s={search_term_string}"},"query-input":{"@type":"PropertyValueSpecification","valueRequired":true,"valueName":"search_term_string"}}],"inLanguage":"es"},{"@type":"Organization","@id":"https:\/\/smm-follow.com\/#organization","name":"SEGUIR SMM","alternateName":"Follow 965","url":"https:\/\/smm-follow.com\/","logo":{"@type":"ImageObject","inLanguage":"es","@id":"https:\/\/smm-follow.com\/#\/schema\/logo\/image\/","url":"https:\/\/smm-follow.com\/wp-content\/uploads\/2025\/12\/Logo-smm-follow.jpg","contentUrl":"https:\/\/smm-follow.com\/wp-content\/uploads\/2025\/12\/Logo-smm-follow.jpg","width":1080,"height":1080,"caption":"SMM FOLLOW"},"image":{"@id":"https:\/\/smm-follow.com\/#\/schema\/logo\/image\/"},"hasMerchantReturnPolicy":{"@type":"MerchantReturnPolicy","merchantReturnLink":"https:\/\/smm-follow.com\/es\/politica-de-devoluciones\/"}}]},"product_brand":"\u0627\u0646\u0633\u062a\u0642\u0631\u0627\u0645","product_price_amount":"0.00","product_price_currency":"USD","og_availability":"instock","product_availability":"instock","product_condition":"new"},"_links":{"self":[{"href":"https:\/\/smm-follow.com\/es\/wp-json\/wp\/v2\/product\/92","targetHints":{"allow":["GET"]}}],"collection":[{"href":"https:\/\/smm-follow.com\/es\/wp-json\/wp\/v2\/product"}],"about":[{"href":"https:\/\/smm-follow.com\/es\/wp-json\/wp\/v2\/types\/product"}],"replies":[{"embeddable":true,"href":"https:\/\/smm-follow.com\/es\/wp-json\/wp\/v2\/comments?post=92"}],"wp:featuredmedia":[{"embeddable":true,"href":"https:\/\/smm-follow.com\/es\/wp-json\/wp\/v2\/media\/134"}],"wp:attachment":[{"href":"https:\/\/smm-follow.com\/es\/wp-json\/wp\/v2\/media?parent=92"}],"wp:term":[{"taxonomy":"product_brand","embeddable":true,"href":"https:\/\/smm-follow.com\/es\/wp-json\/wp\/v2\/product_brand?post=92"},{"taxonomy":"product_cat","embeddable":true,"href":"https:\/\/smm-follow.com\/es\/wp-json\/wp\/v2\/product_cat?post=92"},{"taxonomy":"product_tag","embeddable":true,"href":"https:\/\/smm-follow.com\/es\/wp-json\/wp\/v2\/product_tag?post=92"}],"curies":[{"name":"wp","href":"https:\/\/api.w.org\/{rel}","templated":true}]}}