{"id":99,"date":"2025-12-23T14:40:29","date_gmt":"2025-12-23T11:40:29","guid":{"rendered":"https:\/\/smm-follow.com\/?post_type=product&#038;p=99"},"modified":"2026-01-16T10:17:44","modified_gmt":"2026-01-16T07:17:44","slug":"snapchat-followers","status":"publish","type":"product","link":"https:\/\/smm-follow.com\/es\/product\/comprar-seguidores-de-snapchat\/","title":{"rendered":"Seguidores de Snapchat"},"content":{"rendered":"<div>\n<h1><strong>Seguidores de Snapchat<\/strong><\/h1>\n<p>Los seguidores de Snapchat de fuentes confiables te ayudan a llegar a un p\u00fablico m\u00e1s amplio.<\/p>\n<h2>Caracter\u00edsticas principales<\/h2>\n<ul>\n<li><strong>Entrega r\u00e1pida:<\/strong> Comenzaremos la implementaci\u00f3n dentro de unas horas y la entregaremos gradualmente.<\/li>\n<li><strong>Soporte continuo:<\/strong> Nuestro equipo de soporte est\u00e1 listo para ayudarle en cualquier momento.<\/li>\n<li><strong>Fuerte garant\u00eda:<\/strong> Ofrecemos una garant\u00eda integral de calidad del servicio.<\/li>\n<li><strong>Interacci\u00f3n real:<\/strong> Todas las cuentas est\u00e1n activas e interactivas en la plataforma.<\/li>\n<\/ul>\n<h2>\u00bfPor qu\u00e9 somos la mejor opci\u00f3n?<\/h2>\n<h3><strong>Fuerte garant\u00eda<\/strong><\/h3>\n<p>Ofrecemos una garant\u00eda integral de calidad del servicio.<\/p>\n<h3><strong>Interacci\u00f3n real<\/strong><\/h3>\n<p>Todas las cuentas est\u00e1n activas e interactivas en la plataforma.<\/p>\n<h3><strong>Apoyo continuo<\/strong><\/h3>\n<p>Nuestro equipo de soporte est\u00e1 listo para ayudarle en cualquier momento.<\/p>\n<h2>Consejos \u00fatiles<\/h2>\n<ul>\n<li>\ud83d\udca1 Interact\u00faa con tu audiencia para construir una comunidad s\u00f3lida.<\/li>\n<li>\ud83d\udca1Utiliza hashtags apropiados para aumentar el alcance.<\/li>\n<li>\ud83d\udca1Elige los momentos adecuados para publicar.<\/li>\n<\/ul>\n<h2>Preguntas frecuentes<\/h2>\n<div>\n<div>\n<h3>\u00bfCu\u00e1nto tiempo tardar\u00e1 en implementarse?<\/h3>\n<div>\n<p>Comenzaremos en unas horas y la entrega se realizar\u00e1 de forma gradual.<\/p>\n<\/div>\n<\/div>\n<div>\n<h3>\u00bfEs seguro el servicio?<\/h3>\n<div>\n<p>S\u00ed, 100%, utilizamos m\u00e9todos que cumplen con las pol\u00edticas de la plataforma.<\/p>\n<\/div>\n<\/div>\n<div>\n<h3>\u00bfSon reales las cuentas?<\/h3>\n<div>\n<p>S\u00ed, todas las cuentas son de usuarios reales y activos.<\/p>\n<\/div>\n<\/div>\n<div>\n<h3>\u00bfNecesitas una contrase\u00f1a?<\/h3>\n<div>\n<p>Nunca, solo el nombre de usuario o el enlace de la cuenta.<\/p>\n<\/div>\n<\/div>\n<\/div>\n<h2>\u00bfListo para comenzar?<\/h2>\n<p><strong>Pide seguidores de Snapchat ahora y comprueba los resultados. Miles de clientes conf\u00edan en nosotros a diario.<\/strong><\/p>\n<p>Realizar un pedido es r\u00e1pido y sencillo: \u00a1s\u00f3lo lleva unos minutos!<\/p>\n<\/div>","protected":false},"excerpt":{"rendered":"<p>\u00a1Una audiencia activa viendo tus historias! Consigue seguidores en Snapchat de cuentas reales de 100% que est\u00e1n activas y ven tus historias a diario. Nuestro servicio crea una audiencia real que interact\u00faa con tus historias. Entrega gradual y segura, paquetes de 100\u00a0000 a 50\u00a0000\u00a0kbps, seguidores activos diarios, mayor n\u00famero de visualizaciones de historias y soporte 24\/7. \u00a1Construye tu audiencia fiel en Snapchat!<\/p>","protected":false},"featured_media":151,"comment_status":"closed","ping_status":"closed","template":"","meta":[],"product_brand":[],"product_cat":[22,225],"product_tag":[],"class_list":{"0":"post-99","1":"product","2":"type-product","3":"status-publish","4":"has-post-thumbnail","6":"product_cat-snapchat","7":"product_cat-social-media","8":"tm-has-options","10":"first","11":"instock","12":"featured","13":"virtual","14":"taxable","15":"purchasable","16":"product-type-simple"},"yoast_head":"<!-- This site is optimized with the Yoast SEO Premium plugin v21.7 (Yoast SEO v27.1.1) - https:\/\/yoast.com\/product\/yoast-seo-premium-wordpress\/ -->\n<title>\u0634\u0631\u0627\u0621 \u0645\u062a\u0627\u0628\u0639\u064a\u0646 \u0633\u0646\u0627\u0628 \u0634\u0627\u062a | \u0632\u064a\u0627\u062f\u0629 Snapchat Followers \u0646\u0634\u0637\u064a\u0646<\/title>\n<meta name=\"description\" content=\"\u0645\u062a\u0627\u0628\u0639\u064a\u0646 \u0633\u0646\u0627\u0628 \u0634\u0627\u062a \u0645\u0646 \u062d\u0633\u0627\u0628\u0627\u062a \u062d\u0642\u064a\u0642\u064a\u0629 \u062a\u0634\u0627\u0647\u062f \u0633\u062a\u0648\u0631\u064a\u0627\u062a\u0643 \u0628\u0634\u0643\u0644 \u064a\u0648\u0645\u064a. \u0645\u0646 100 \u0644\u0640 50K \u0645\u062a\u0627\u0628\u0639\u060c \u062a\u0633\u0644\u064a\u0645 \u062a\u062f\u0631\u064a\u062c\u064a\u060c \u0645\u062a\u0627\u0628\u0639\u0648\u0646 \u0646\u0634\u0637\u0648\u0646\u060c \u0645\u0634\u0627\u0647\u062f\u0627\u062a \u0633\u062a\u0648\u0631\u064a\u0627\u062a \u0623\u0639\u0644\u0649\u060c \u0628\u0646\u0627\u0621 \u062c\u0645\u0647\u0648\u0631 \u0645\u062e\u0644\u0635.\" \/>\n<meta name=\"robots\" content=\"index, follow, max-snippet:-1, max-image-preview:large, max-video-preview:-1\" \/>\n<link rel=\"canonical\" href=\"https:\/\/smm-follow.com\/es\/product\/comprar-seguidores-de-snapchat\/\" \/>\n<meta property=\"og:locale\" content=\"es_ES\" \/>\n<meta property=\"og:type\" content=\"article\" \/>\n<meta property=\"og:title\" content=\"\u0645\u062a\u0627\u0628\u0639\u064a\u0646 \u0633\u0646\u0627\u0628 \u0634\u0627\u062a\" \/>\n<meta property=\"og:description\" content=\"\u0645\u062a\u0627\u0628\u0639\u064a\u0646 \u0633\u0646\u0627\u0628 \u0634\u0627\u062a \u0645\u0646 \u062d\u0633\u0627\u0628\u0627\u062a \u062d\u0642\u064a\u0642\u064a\u0629 \u062a\u0634\u0627\u0647\u062f \u0633\u062a\u0648\u0631\u064a\u0627\u062a\u0643 \u0628\u0634\u0643\u0644 \u064a\u0648\u0645\u064a. \u0645\u0646 100 \u0644\u0640 50K \u0645\u062a\u0627\u0628\u0639\u060c \u062a\u0633\u0644\u064a\u0645 \u062a\u062f\u0631\u064a\u062c\u064a\u060c \u0645\u062a\u0627\u0628\u0639\u0648\u0646 \u0646\u0634\u0637\u0648\u0646\u060c \u0645\u0634\u0627\u0647\u062f\u0627\u062a \u0633\u062a\u0648\u0631\u064a\u0627\u062a \u0623\u0639\u0644\u0649\u060c \u0628\u0646\u0627\u0621 \u062c\u0645\u0647\u0648\u0631 \u0645\u062e\u0644\u0635.\" \/>\n<meta property=\"og:url\" content=\"https:\/\/smm-follow.com\/es\/product\/comprar-seguidores-de-snapchat\/\" \/>\n<meta property=\"og:site_name\" content=\"SMM Follow\" \/>\n<meta property=\"article:modified_time\" content=\"2026-01-16T07:17:44+00:00\" \/>\n<meta property=\"og:image\" content=\"https:\/\/smm-follow.com\/wp-content\/uploads\/2025\/12\/7-scaled-1-1.jpg\" \/>\n\t<meta property=\"og:image:width\" content=\"2560\" \/>\n\t<meta property=\"og:image:height\" content=\"2560\" \/>\n\t<meta property=\"og:image:type\" content=\"image\/jpeg\" \/>\n<meta name=\"twitter:card\" content=\"summary_large_image\" \/>\n<meta name=\"twitter:label1\" content=\"Precio\" \/>\n\t<meta name=\"twitter:data1\" content=\"&#036;0.00\" \/>\n\t<meta name=\"twitter:label2\" content=\"Disponibilidad\" \/>\n\t<meta name=\"twitter:data2\" content=\"Disponible\" \/>\n<script type=\"application\/ld+json\" class=\"yoast-schema-graph\">{\"@context\":\"https:\/\/schema.org\",\"@graph\":[{\"@type\":\"WebPage\",\"@id\":\"https:\/\/smm-follow.com\/product\/snapchat-followers\/\",\"url\":\"https:\/\/smm-follow.com\/product\/snapchat-followers\/\",\"name\":\"\u0634\u0631\u0627\u0621 \u0645\u062a\u0627\u0628\u0639\u064a\u0646 \u0633\u0646\u0627\u0628 \u0634\u0627\u062a | \u0632\u064a\u0627\u062f\u0629 Snapchat Followers \u0646\u0634\u0637\u064a\u0646\",\"isPartOf\":{\"@id\":\"https:\/\/smm-follow.com\/#website\"},\"primaryImageOfPage\":{\"@id\":\"https:\/\/smm-follow.com\/product\/snapchat-followers\/#primaryimage\"},\"image\":{\"@id\":\"https:\/\/smm-follow.com\/product\/snapchat-followers\/#primaryimage\"},\"thumbnailUrl\":\"https:\/\/smm-follow.com\/wp-content\/uploads\/2025\/12\/7-scaled-1-1.jpg\",\"datePublished\":\"2025-12-23T11:40:29+00:00\",\"dateModified\":\"2026-01-16T07:17:44+00:00\",\"description\":\"\u0645\u062a\u0627\u0628\u0639\u064a\u0646 \u0633\u0646\u0627\u0628 \u0634\u0627\u062a \u0645\u0646 \u062d\u0633\u0627\u0628\u0627\u062a \u062d\u0642\u064a\u0642\u064a\u0629 \u062a\u0634\u0627\u0647\u062f \u0633\u062a\u0648\u0631\u064a\u0627\u062a\u0643 \u0628\u0634\u0643\u0644 \u064a\u0648\u0645\u064a. \u0645\u0646 100 \u0644\u0640 50K \u0645\u062a\u0627\u0628\u0639\u060c \u062a\u0633\u0644\u064a\u0645 \u062a\u062f\u0631\u064a\u062c\u064a\u060c \u0645\u062a\u0627\u0628\u0639\u0648\u0646 \u0646\u0634\u0637\u0648\u0646\u060c \u0645\u0634\u0627\u0647\u062f\u0627\u062a \u0633\u062a\u0648\u0631\u064a\u0627\u062a \u0623\u0639\u0644\u0649\u060c \u0628\u0646\u0627\u0621 \u062c\u0645\u0647\u0648\u0631 \u0645\u062e\u0644\u0635.\",\"breadcrumb\":{\"@id\":\"https:\/\/smm-follow.com\/product\/snapchat-followers\/#breadcrumb\"},\"inLanguage\":\"es\",\"potentialAction\":[{\"@type\":\"ReadAction\",\"target\":[\"https:\/\/smm-follow.com\/product\/snapchat-followers\/\"]}]},{\"@type\":\"ImageObject\",\"inLanguage\":\"es\",\"@id\":\"https:\/\/smm-follow.com\/product\/snapchat-followers\/#primaryimage\",\"url\":\"https:\/\/smm-follow.com\/wp-content\/uploads\/2025\/12\/7-scaled-1-1.jpg\",\"contentUrl\":\"https:\/\/smm-follow.com\/wp-content\/uploads\/2025\/12\/7-scaled-1-1.jpg\",\"width\":2560,\"height\":2560},{\"@type\":\"BreadcrumbList\",\"@id\":\"https:\/\/smm-follow.com\/product\/snapchat-followers\/#breadcrumb\",\"itemListElement\":[{\"@type\":\"ListItem\",\"position\":1,\"name\":\"\u0627\u0644\u0631\u0626\u064a\u0633\u064a\u0629\",\"item\":\"https:\/\/smm-follow.com\/\"},{\"@type\":\"ListItem\",\"position\":2,\"name\":\"\u0627\u0644\u0645\u062a\u062c\u0631\",\"item\":\"https:\/\/smm-follow.com\/en\/shop\/\"},{\"@type\":\"ListItem\",\"position\":3,\"name\":\"\u0645\u062a\u0627\u0628\u0639\u064a\u0646 \u0633\u0646\u0627\u0628 \u0634\u0627\u062a\"}]},{\"@type\":\"WebSite\",\"@id\":\"https:\/\/smm-follow.com\/#website\",\"url\":\"https:\/\/smm-follow.com\/\",\"name\":\"SMM FOLLOW\",\"description\":\"\u0645\u0646\u0635\u0629 \u0645\u062a\u062e\u0635\u0635\u0629 \u0641\u064a \u062e\u062f\u0645\u0627\u062a \u0645\u0648\u0627\u0642\u0639 \u0627\u0644\u062a\u0648\u0627\u0635\u0644 \u0627\u0644\u0627\u062c\u062a\u0645\u0627\u0639\u064a \u0644\u0632\u064a\u0627\u062f\u0629 \u0627\u0644\u0645\u062a\u0627\u0628\u0639\u064a\u0646\u060c \u0627\u0644\u0644\u0627\u064a\u0643\u0627\u062a\u060c \u0648\u0627\u0644\u0645\u0634\u0627\u0647\u062f\u0627\u062a \u0639\u0644\u0649 \u0625\u0646\u0633\u062a\u0642\u0631\u0627\u0645\u060c \u062a\u064a\u0643 \u062a\u0648\u0643\u060c \u064a\u0648\u062a\u064a\u0648\u0628 \u0648\u063a\u064a\u0631\u0647\u0627. \u062e\u062f\u0645\u0627\u062a \u0622\u0645\u0646\u0629 \u0644\u062c\u0645\u064a\u0639 \u0627\u0644\u062f\u0648\u0644\",\"publisher\":{\"@id\":\"https:\/\/smm-follow.com\/#organization\"},\"alternateName\":\"Follow 965 \u0641\u0648\u0644\u0648\",\"potentialAction\":[{\"@type\":\"SearchAction\",\"target\":{\"@type\":\"EntryPoint\",\"urlTemplate\":\"https:\/\/smm-follow.com\/?s={search_term_string}\"},\"query-input\":{\"@type\":\"PropertyValueSpecification\",\"valueRequired\":true,\"valueName\":\"search_term_string\"}}],\"inLanguage\":\"es\"},{\"@type\":\"Organization\",\"@id\":\"https:\/\/smm-follow.com\/#organization\",\"name\":\"SMM FOLLOW\",\"alternateName\":\"Follow 965\",\"url\":\"https:\/\/smm-follow.com\/\",\"logo\":{\"@type\":\"ImageObject\",\"inLanguage\":\"es\",\"@id\":\"https:\/\/smm-follow.com\/#\/schema\/logo\/image\/\",\"url\":\"https:\/\/smm-follow.com\/wp-content\/uploads\/2025\/12\/Logo-smm-follow.jpg\",\"contentUrl\":\"https:\/\/smm-follow.com\/wp-content\/uploads\/2025\/12\/Logo-smm-follow.jpg\",\"width\":1080,\"height\":1080,\"caption\":\"SMM FOLLOW\"},\"image\":{\"@id\":\"https:\/\/smm-follow.com\/#\/schema\/logo\/image\/\"},\"hasMerchantReturnPolicy\":{\"@type\":\"MerchantReturnPolicy\",\"merchantReturnLink\":\"https:\/\/smm-follow.com\/es\/politica-de-devoluciones\/\"}}]}<\/script>\n<meta property=\"product:brand\" content=\"\u0633\u0646\u0627\u0628\" \/>\n<meta property=\"product:price:amount\" content=\"0.00\" \/>\n<meta property=\"product:price:currency\" content=\"USD\" \/>\n<meta property=\"og:availability\" content=\"instock\" \/>\n<meta property=\"product:availability\" content=\"instock\" \/>\n<meta property=\"product:condition\" content=\"new\" \/>\n<!-- \/ Yoast SEO Premium plugin. -->","yoast_head_json":{"title":"Comprar seguidores de Snapchat | Aumentar los seguidores activos de Snapchat","description":"Seguidores de Snapchat de cuentas reales que ven tus historias a diario. De 100 a 50,000 seguidores, entrega gradual, seguidores activos, m\u00e1s visualizaciones de historias y fidelizaci\u00f3n de audiencia.","robots":{"index":"index","follow":"follow","max-snippet":"max-snippet:-1","max-image-preview":"max-image-preview:large","max-video-preview":"max-video-preview:-1"},"canonical":"https:\/\/smm-follow.com\/es\/product\/comprar-seguidores-de-snapchat\/","og_locale":"es_ES","og_type":"article","og_title":"\u0645\u062a\u0627\u0628\u0639\u064a\u0646 \u0633\u0646\u0627\u0628 \u0634\u0627\u062a","og_description":"\u0645\u062a\u0627\u0628\u0639\u064a\u0646 \u0633\u0646\u0627\u0628 \u0634\u0627\u062a \u0645\u0646 \u062d\u0633\u0627\u0628\u0627\u062a \u062d\u0642\u064a\u0642\u064a\u0629 \u062a\u0634\u0627\u0647\u062f \u0633\u062a\u0648\u0631\u064a\u0627\u062a\u0643 \u0628\u0634\u0643\u0644 \u064a\u0648\u0645\u064a. \u0645\u0646 100 \u0644\u0640 50K \u0645\u062a\u0627\u0628\u0639\u060c \u062a\u0633\u0644\u064a\u0645 \u062a\u062f\u0631\u064a\u062c\u064a\u060c \u0645\u062a\u0627\u0628\u0639\u0648\u0646 \u0646\u0634\u0637\u0648\u0646\u060c \u0645\u0634\u0627\u0647\u062f\u0627\u062a \u0633\u062a\u0648\u0631\u064a\u0627\u062a \u0623\u0639\u0644\u0649\u060c \u0628\u0646\u0627\u0621 \u062c\u0645\u0647\u0648\u0631 \u0645\u062e\u0644\u0635.","og_url":"https:\/\/smm-follow.com\/es\/product\/comprar-seguidores-de-snapchat\/","og_site_name":"SMM Follow","article_modified_time":"2026-01-16T07:17:44+00:00","og_image":[{"width":2560,"height":2560,"url":"https:\/\/smm-follow.com\/wp-content\/uploads\/2025\/12\/7-scaled-1-1.jpg","type":"image\/jpeg"}],"twitter_card":"summary_large_image","twitter_misc":{"Precio":"&#36;0.00","Disponibilidad":"Disponible"},"schema":{"@context":"https:\/\/schema.org","@graph":[{"@type":"WebPage","@id":"https:\/\/smm-follow.com\/product\/snapchat-followers\/","url":"https:\/\/smm-follow.com\/product\/snapchat-followers\/","name":"Comprar seguidores de Snapchat | Aumentar los seguidores activos de Snapchat","isPartOf":{"@id":"https:\/\/smm-follow.com\/#website"},"primaryImageOfPage":{"@id":"https:\/\/smm-follow.com\/product\/snapchat-followers\/#primaryimage"},"image":{"@id":"https:\/\/smm-follow.com\/product\/snapchat-followers\/#primaryimage"},"thumbnailUrl":"https:\/\/smm-follow.com\/wp-content\/uploads\/2025\/12\/7-scaled-1-1.jpg","datePublished":"2025-12-23T11:40:29+00:00","dateModified":"2026-01-16T07:17:44+00:00","description":"Seguidores de Snapchat de cuentas reales que ven tus historias a diario. De 100 a 50,000 seguidores, entrega gradual, seguidores activos, m\u00e1s visualizaciones de historias y fidelizaci\u00f3n de audiencia.","breadcrumb":{"@id":"https:\/\/smm-follow.com\/product\/snapchat-followers\/#breadcrumb"},"inLanguage":"es","potentialAction":[{"@type":"ReadAction","target":["https:\/\/smm-follow.com\/product\/snapchat-followers\/"]}]},{"@type":"ImageObject","inLanguage":"es","@id":"https:\/\/smm-follow.com\/product\/snapchat-followers\/#primaryimage","url":"https:\/\/smm-follow.com\/wp-content\/uploads\/2025\/12\/7-scaled-1-1.jpg","contentUrl":"https:\/\/smm-follow.com\/wp-content\/uploads\/2025\/12\/7-scaled-1-1.jpg","width":2560,"height":2560},{"@type":"BreadcrumbList","@id":"https:\/\/smm-follow.com\/product\/snapchat-followers\/#breadcrumb","itemListElement":[{"@type":"ListItem","position":1,"name":"\u0627\u0644\u0631\u0626\u064a\u0633\u064a\u0629","item":"https:\/\/smm-follow.com\/"},{"@type":"ListItem","position":2,"name":"\u0627\u0644\u0645\u062a\u062c\u0631","item":"https:\/\/smm-follow.com\/en\/shop\/"},{"@type":"ListItem","position":3,"name":"\u0645\u062a\u0627\u0628\u0639\u064a\u0646 \u0633\u0646\u0627\u0628 \u0634\u0627\u062a"}]},{"@type":"WebSite","@id":"https:\/\/smm-follow.com\/#website","url":"https:\/\/smm-follow.com\/","name":"SEGUIR SMM","description":"Una plataforma especializada en servicios de redes sociales para aumentar seguidores, &quot;me gusta&quot; y visualizaciones en Instagram, TikTok, YouTube y m\u00e1s. Servicios seguros disponibles en todos los pa\u00edses.","publisher":{"@id":"https:\/\/smm-follow.com\/#organization"},"alternateName":"Follow 965 \u0641\u0648\u0644\u0648","potentialAction":[{"@type":"SearchAction","target":{"@type":"EntryPoint","urlTemplate":"https:\/\/smm-follow.com\/?s={search_term_string}"},"query-input":{"@type":"PropertyValueSpecification","valueRequired":true,"valueName":"search_term_string"}}],"inLanguage":"es"},{"@type":"Organization","@id":"https:\/\/smm-follow.com\/#organization","name":"SEGUIR SMM","alternateName":"Follow 965","url":"https:\/\/smm-follow.com\/","logo":{"@type":"ImageObject","inLanguage":"es","@id":"https:\/\/smm-follow.com\/#\/schema\/logo\/image\/","url":"https:\/\/smm-follow.com\/wp-content\/uploads\/2025\/12\/Logo-smm-follow.jpg","contentUrl":"https:\/\/smm-follow.com\/wp-content\/uploads\/2025\/12\/Logo-smm-follow.jpg","width":1080,"height":1080,"caption":"SMM FOLLOW"},"image":{"@id":"https:\/\/smm-follow.com\/#\/schema\/logo\/image\/"},"hasMerchantReturnPolicy":{"@type":"MerchantReturnPolicy","merchantReturnLink":"https:\/\/smm-follow.com\/es\/politica-de-devoluciones\/"}}]},"product_brand":"\u0633\u0646\u0627\u0628","product_price_amount":"0.00","product_price_currency":"USD","og_availability":"instock","product_availability":"instock","product_condition":"new"},"_links":{"self":[{"href":"https:\/\/smm-follow.com\/es\/wp-json\/wp\/v2\/product\/99","targetHints":{"allow":["GET"]}}],"collection":[{"href":"https:\/\/smm-follow.com\/es\/wp-json\/wp\/v2\/product"}],"about":[{"href":"https:\/\/smm-follow.com\/es\/wp-json\/wp\/v2\/types\/product"}],"replies":[{"embeddable":true,"href":"https:\/\/smm-follow.com\/es\/wp-json\/wp\/v2\/comments?post=99"}],"wp:featuredmedia":[{"embeddable":true,"href":"https:\/\/smm-follow.com\/es\/wp-json\/wp\/v2\/media\/151"}],"wp:attachment":[{"href":"https:\/\/smm-follow.com\/es\/wp-json\/wp\/v2\/media?parent=99"}],"wp:term":[{"taxonomy":"product_brand","embeddable":true,"href":"https:\/\/smm-follow.com\/es\/wp-json\/wp\/v2\/product_brand?post=99"},{"taxonomy":"product_cat","embeddable":true,"href":"https:\/\/smm-follow.com\/es\/wp-json\/wp\/v2\/product_cat?post=99"},{"taxonomy":"product_tag","embeddable":true,"href":"https:\/\/smm-follow.com\/es\/wp-json\/wp\/v2\/product_tag?post=99"}],"curies":[{"name":"wp","href":"https:\/\/api.w.org\/{rel}","templated":true}]}}