{"id":65583,"date":"2025-12-27T21:09:20","date_gmt":"2025-12-27T18:09:20","guid":{"rendered":"https:\/\/smm-follow.com\/?page_id=65583"},"modified":"2025-12-27T21:10:35","modified_gmt":"2025-12-27T18:10:35","slug":"privacy-policy","status":"publish","type":"page","link":"https:\/\/smm-follow.com\/fr\/politique-de-confidentialite\/","title":{"rendered":"politique de confidentialit\u00e9"},"content":{"rendered":"<div style=\"direction: rtl; text-align: right;\">\n<h1>Politique de confidentialit\u00e9 \u2013 Suivre les m\u00e9dias sociaux<\/h1>\n<p>Bienvenue sur notre site web <strong>Suivre sur les r\u00e9seaux sociaux<\/strong>.<br \/>\nNous accordons la plus haute importance \u00e0 la confidentialit\u00e9 de nos utilisateurs et nous nous engageons \u00e0 prot\u00e9ger toutes les donn\u00e9es.<br \/>\nInformations collect\u00e9es lors de votre utilisation de notre site web et de nos services.<br \/>\nCette politique explique comment les informations sont collect\u00e9es, utilis\u00e9es et prot\u00e9g\u00e9es.<\/p>\n<h2>1. Les informations que nous recueillons<\/h2>\n<p>Lorsque vous utilisez le site web SMM Follow, nous pouvons collecter certaines informations de base.<br \/>\nL&#039;objectif est de fournir des services et d&#039;am\u00e9liorer l&#039;exp\u00e9rience utilisateur, et cela comprend\u00a0:<\/p>\n<ul>\n<li>Nom (le cas \u00e9ch\u00e9ant)<\/li>\n<li>e-mail<\/li>\n<li>Informations de contact de base<\/li>\n<li>D\u00e9tails des demandes et des services requis<\/li>\n<li>Liens vers des comptes ou du contenu pour lesquels le service est requis<\/li>\n<\/ul>\n<p>Nous confirmons que <strong>Nous ne demandons pas de mots de passe.<\/strong> ou toute information de connexion<br \/>\nSp\u00e9cifiquement pour les comptes de r\u00e9seaux sociaux.<\/p>\n<h2>2. Comment utiliser les informations<\/h2>\n<p>Les informations que nous recueillons sont utilis\u00e9es aux fins suivantes\u00a0:<\/p>\n<ul>\n<li>R\u00e9pondre aux demandes et fournir les services requis<\/li>\n<li>Contacter le client concernant la commande ou l&#039;assistance technique<\/li>\n<li>Am\u00e9liorer la qualit\u00e9 du service et l&#039;exp\u00e9rience utilisateur<\/li>\n<li>Envoi de notifications ou de mises \u00e0 jour relatives aux services (le cas \u00e9ch\u00e9ant)<\/li>\n<\/ul>\n<h2>3. Protection des donn\u00e9es et des informations<\/h2>\n<p>Nous nous engageons \u00e0 prendre les mesures techniques et organisationnelles appropri\u00e9es pour prot\u00e9ger<br \/>\nLes informations des utilisateurs sont prot\u00e9g\u00e9es contre tout acc\u00e8s, utilisation ou modification non autoris\u00e9s.<br \/>\nNous utilisons \u00e9galement des syst\u00e8mes s\u00e9curis\u00e9s pour traiter les demandes et les donn\u00e9es.<\/p>\n<h2>4. Partage d&#039;informations avec des parties externes<\/h2>\n<p>Nous ne vendons, ne louons ni ne partageons les donn\u00e9es des utilisateurs avec aucun tiers.<br \/>\nSauf dans les cas n\u00e9cessaires au fonctionnement du site ou \u00e0 la fourniture du service.<br \/>\n(tels que les prestataires de services de paiement ou les services techniques),<br \/>\nTout en respectant la confidentialit\u00e9 des donn\u00e9es.<\/p>\n<h2>5. Cookies<\/h2>\n<p>Le site web SMM Follow peut utiliser des cookies.<br \/>\nPour am\u00e9liorer l&#039;exp\u00e9rience de navigation et analyser l&#039;utilisation du site web.<br \/>\nL&#039;utilisateur peut contr\u00f4ler les param\u00e8tres des cookies<br \/>\nDans les param\u00e8tres de son navigateur.<\/p>\n<h2>6. Confidentialit\u00e9 des services de m\u00e9dias sociaux<\/h2>\n<p>Nos services consistent \u00e0 r\u00e9pondre aux demandes relatives aux comptes ou au contenu public.<br \/>\nSur les plateformes de m\u00e9dias sociaux.<br \/>\nNous ne demandons pas l&#039;acc\u00e8s aux comptes et nous ne conservons aucune donn\u00e9e.<br \/>\nIl permet de contr\u00f4ler ou d&#039;acc\u00e9der aux comptes utilisateurs.<\/p>\n<h2>7. Liens vers des sites web externes<\/h2>\n<p>Notre site web peut contenir des liens vers des sites web ou des services externes.<br \/>\nNous ne sommes pas responsables des politiques de confidentialit\u00e9 ni du contenu de ces sites web.<br \/>\nIl est conseill\u00e9 de consulter leurs politiques de confidentialit\u00e9 lors de votre visite.<\/p>\n<h2>8. Droits de l&#039;utilisateur<\/h2>\n<p>L&#039;utilisateur a le droit de\u00a0:<\/p>\n<ul>\n<li>Demande de savoir quelles donn\u00e9es nous d\u00e9tenons \u00e0 son sujet<\/li>\n<li>Demande de rectification ou de suppression de donn\u00e9es personnelles<\/li>\n<li>N&#039;h\u00e9sitez pas \u00e0 nous contacter pour toute question relative \u00e0 la confidentialit\u00e9.<\/li>\n<\/ul>\n<h2>9. Modifications de la politique de confidentialit\u00e9<\/h2>\n<p>SMM Follow se r\u00e9serve le droit de modifier sa politique de confidentialit\u00e9.<br \/>\n\u00c0 tout moment, en cas de besoin.<br \/>\nToute mise \u00e0 jour sera publi\u00e9e sur cette page.<br \/>\nLa poursuite de l&#039;utilisation du site vaut acceptation des modifications.<\/p>\n<h2>10. Contactez-nous<\/h2>\n<p>Si vous avez des questions ou des commentaires concernant la politique de confidentialit\u00e9,<br \/>\nVous pouvez nous contacter via les moyens de contact disponibles sur le site web de SMM Follow.<\/p>\n<p>En utilisant le site <strong>Suivre sur les r\u00e9seaux sociaux<\/strong>En proc\u00e9dant ainsi, vous acceptez la pr\u00e9sente politique de confidentialit\u00e9.<br \/>\nEt il se conforme \u00e0 ce qui y est \u00e9nonc\u00e9.<\/p>\n<\/div>","protected":false},"excerpt":{"rendered":"<p>\u0633\u064a\u0627\u0633\u0629 \u0627\u0644\u062e\u0635\u0648\u0635\u064a\u0629 \u2013 SMM Follow \u0646\u0631\u062d\u0628 \u0628\u0643\u0645 \u0641\u064a \u0645\u0648\u0642\u0639 SMM Follow. \u0646\u062d\u0646 \u0646\u0648\u0644\u064a \u062e\u0635\u0648\u0635\u064a\u0629 \u0645\u0633\u062a\u062e\u062f\u0645\u064a\u0646\u0627 \u0623\u0647\u0645\u064a\u0629 \u0642\u0635\u0648\u0649\u060c \u0648\u0646\u0644\u062a\u0632\u0645 \u0628\u062d\u0645\u0627\u064a\u0629 \u062c\u0645\u064a\u0639 \u0627\u0644\u0628\u064a\u0627\u0646\u0627\u062a \u0648\u0627\u0644\u0645\u0639\u0644\u0648\u0645\u0627\u062a \u0627\u0644\u062a\u064a \u064a\u062a\u0645 \u062c\u0645\u0639\u0647\u0627 \u0623\u062b\u0646\u0627\u0621 \u0627\u0633\u062a\u062e\u062f\u0627\u0645\u0643\u0645 \u0644\u0645\u0648\u0642\u0639\u0646\u0627 \u0648\u062e\u062f\u0645\u0627\u062a\u0646\u0627. \u062a\u0648\u0636\u062d \u0647\u0630\u0647 \u0627\u0644\u0633\u064a\u0627\u0633\u0629 \u0643\u064a\u0641\u064a\u0629 \u062c\u0645\u0639 \u0627\u0644\u0645\u0639\u0644\u0648\u0645\u0627\u062a \u0648\u0627\u0633\u062a\u062e\u062f\u0627\u0645\u0647\u0627 \u0648\u062d\u0645\u0627\u064a\u062a\u0647\u0627. 1. \u0627\u0644\u0645\u0639\u0644\u0648\u0645\u0627\u062a \u0627\u0644\u062a\u064a \u0646\u0642\u0648\u0645 \u0628\u062c\u0645\u0639\u0647\u0627 \u0639\u0646\u062f \u0627\u0633\u062a\u062e\u062f\u0627\u0645 \u0645\u0648\u0642\u0639 SMM Follow\u060c \u0642\u062f \u0646\u0642\u0648\u0645 \u0628\u062c\u0645\u0639 \u0628\u0639\u0636 \u0627\u0644\u0645\u0639\u0644\u0648\u0645\u0627\u062a \u0627\u0644\u0623\u0633\u0627\u0633\u064a\u0629\u060c \u0648\u0630\u0644\u0643 \u0628\u0647\u062f\u0641 [&hellip;]<\/p>\n","protected":false},"author":7899,"featured_media":0,"parent":0,"menu_order":0,"comment_status":"closed","ping_status":"closed","template":"","meta":{"footnotes":""},"class_list":["post-65583","page","type-page","status-publish","hentry"],"yoast_head":"<!-- This site is optimized with the Yoast SEO Premium plugin v21.7 (Yoast SEO v27.3) - https:\/\/yoast.com\/product\/yoast-seo-premium-wordpress\/ -->\n<title>\u0633\u064a\u0627\u0633\u0629 \u0627\u0644\u062e\u0635\u0648\u0635\u064a\u0629 - SMM Follow<\/title>\n<meta name=\"robots\" content=\"index, follow, max-snippet:-1, max-image-preview:large, max-video-preview:-1\" \/>\n<link rel=\"canonical\" href=\"https:\/\/smm-follow.com\/fr\/politique-de-confidentialite\/\" \/>\n<meta property=\"og:locale\" content=\"fr_FR\" \/>\n<meta property=\"og:type\" content=\"article\" \/>\n<meta property=\"og:title\" content=\"\u0633\u064a\u0627\u0633\u0629 \u0627\u0644\u062e\u0635\u0648\u0635\u064a\u0629\" \/>\n<meta property=\"og:description\" content=\"\u0633\u064a\u0627\u0633\u0629 \u0627\u0644\u062e\u0635\u0648\u0635\u064a\u0629 \u2013 SMM Follow \u0646\u0631\u062d\u0628 \u0628\u0643\u0645 \u0641\u064a \u0645\u0648\u0642\u0639 SMM Follow. \u0646\u062d\u0646 \u0646\u0648\u0644\u064a \u062e\u0635\u0648\u0635\u064a\u0629 \u0645\u0633\u062a\u062e\u062f\u0645\u064a\u0646\u0627 \u0623\u0647\u0645\u064a\u0629 \u0642\u0635\u0648\u0649\u060c \u0648\u0646\u0644\u062a\u0632\u0645 \u0628\u062d\u0645\u0627\u064a\u0629 \u062c\u0645\u064a\u0639 \u0627\u0644\u0628\u064a\u0627\u0646\u0627\u062a \u0648\u0627\u0644\u0645\u0639\u0644\u0648\u0645\u0627\u062a \u0627\u0644\u062a\u064a \u064a\u062a\u0645 \u062c\u0645\u0639\u0647\u0627 \u0623\u062b\u0646\u0627\u0621 \u0627\u0633\u062a\u062e\u062f\u0627\u0645\u0643\u0645 \u0644\u0645\u0648\u0642\u0639\u0646\u0627 \u0648\u062e\u062f\u0645\u0627\u062a\u0646\u0627. \u062a\u0648\u0636\u062d \u0647\u0630\u0647 \u0627\u0644\u0633\u064a\u0627\u0633\u0629 \u0643\u064a\u0641\u064a\u0629 \u062c\u0645\u0639 \u0627\u0644\u0645\u0639\u0644\u0648\u0645\u0627\u062a \u0648\u0627\u0633\u062a\u062e\u062f\u0627\u0645\u0647\u0627 \u0648\u062d\u0645\u0627\u064a\u062a\u0647\u0627. 1. \u0627\u0644\u0645\u0639\u0644\u0648\u0645\u0627\u062a \u0627\u0644\u062a\u064a \u0646\u0642\u0648\u0645 \u0628\u062c\u0645\u0639\u0647\u0627 \u0639\u0646\u062f \u0627\u0633\u062a\u062e\u062f\u0627\u0645 \u0645\u0648\u0642\u0639 SMM Follow\u060c \u0642\u062f \u0646\u0642\u0648\u0645 \u0628\u062c\u0645\u0639 \u0628\u0639\u0636 \u0627\u0644\u0645\u0639\u0644\u0648\u0645\u0627\u062a \u0627\u0644\u0623\u0633\u0627\u0633\u064a\u0629\u060c \u0648\u0630\u0644\u0643 \u0628\u0647\u062f\u0641 [&hellip;]\" \/>\n<meta property=\"og:url\" content=\"https:\/\/smm-follow.com\/fr\/politique-de-confidentialite\/\" \/>\n<meta property=\"og:site_name\" content=\"SMM Follow\" \/>\n<meta property=\"article:modified_time\" content=\"2025-12-27T18:10:35+00:00\" \/>\n<meta property=\"og:image\" content=\"https:\/\/smm-follow.com\/wp-content\/uploads\/2025\/12\/Banner-smm-scaled.jpg\" \/>\n\t<meta property=\"og:image:width\" content=\"2560\" \/>\n\t<meta property=\"og:image:height\" content=\"997\" \/>\n\t<meta property=\"og:image:type\" content=\"image\/jpeg\" \/>\n<meta name=\"twitter:card\" content=\"summary_large_image\" \/>\n<meta name=\"twitter:label1\" content=\"Dur\u00e9e de lecture estim\u00e9e\" \/>\n\t<meta name=\"twitter:data1\" content=\"3 minutes\" \/>\n<script type=\"application\/ld+json\" class=\"yoast-schema-graph\">{\"@context\":\"https:\\\/\\\/schema.org\",\"@graph\":[{\"@type\":\"WebPage\",\"@id\":\"https:\\\/\\\/smm-follow.com\\\/privacy-policy\\\/\",\"url\":\"https:\\\/\\\/smm-follow.com\\\/privacy-policy\\\/\",\"name\":\"\u0633\u064a\u0627\u0633\u0629 \u0627\u0644\u062e\u0635\u0648\u0635\u064a\u0629 - SMM Follow\",\"isPartOf\":{\"@id\":\"https:\\\/\\\/smm-follow.com\\\/#website\"},\"datePublished\":\"2025-12-27T18:09:20+00:00\",\"dateModified\":\"2025-12-27T18:10:35+00:00\",\"breadcrumb\":{\"@id\":\"https:\\\/\\\/smm-follow.com\\\/privacy-policy\\\/#breadcrumb\"},\"inLanguage\":\"fr-FR\",\"potentialAction\":[{\"@type\":\"ReadAction\",\"target\":[\"https:\\\/\\\/smm-follow.com\\\/privacy-policy\\\/\"]}]},{\"@type\":\"BreadcrumbList\",\"@id\":\"https:\\\/\\\/smm-follow.com\\\/privacy-policy\\\/#breadcrumb\",\"itemListElement\":[{\"@type\":\"ListItem\",\"position\":1,\"name\":\"\u0627\u0644\u0631\u0626\u064a\u0633\u064a\u0629\",\"item\":\"https:\\\/\\\/smm-follow.com\\\/\"},{\"@type\":\"ListItem\",\"position\":2,\"name\":\"\u0633\u064a\u0627\u0633\u0629 \u0627\u0644\u062e\u0635\u0648\u0635\u064a\u0629\"}]},{\"@type\":\"WebSite\",\"@id\":\"https:\\\/\\\/smm-follow.com\\\/#website\",\"url\":\"https:\\\/\\\/smm-follow.com\\\/\",\"name\":\"SMM FOLLOW\",\"description\":\"\u0645\u0646\u0635\u0629 \u0645\u062a\u062e\u0635\u0635\u0629 \u0641\u064a \u062e\u062f\u0645\u0627\u062a \u0645\u0648\u0627\u0642\u0639 \u0627\u0644\u062a\u0648\u0627\u0635\u0644 \u0627\u0644\u0627\u062c\u062a\u0645\u0627\u0639\u064a \u0644\u0632\u064a\u0627\u062f\u0629 \u0627\u0644\u0645\u062a\u0627\u0628\u0639\u064a\u0646\u060c \u0627\u0644\u0644\u0627\u064a\u0643\u0627\u062a\u060c \u0648\u0627\u0644\u0645\u0634\u0627\u0647\u062f\u0627\u062a \u0639\u0644\u0649 \u0625\u0646\u0633\u062a\u0642\u0631\u0627\u0645\u060c \u062a\u064a\u0643 \u062a\u0648\u0643\u060c \u064a\u0648\u062a\u064a\u0648\u0628 \u0648\u063a\u064a\u0631\u0647\u0627. \u062e\u062f\u0645\u0627\u062a \u0622\u0645\u0646\u0629 \u0644\u062c\u0645\u064a\u0639 \u0627\u0644\u062f\u0648\u0644\",\"publisher\":{\"@id\":\"https:\\\/\\\/smm-follow.com\\\/#organization\"},\"alternateName\":\"Follow 965 \u0641\u0648\u0644\u0648\",\"potentialAction\":[{\"@type\":\"SearchAction\",\"target\":{\"@type\":\"EntryPoint\",\"urlTemplate\":\"https:\\\/\\\/smm-follow.com\\\/?s={search_term_string}\"},\"query-input\":{\"@type\":\"PropertyValueSpecification\",\"valueRequired\":true,\"valueName\":\"search_term_string\"}}],\"inLanguage\":\"fr-FR\"},{\"@type\":\"Organization\",\"@id\":\"https:\\\/\\\/smm-follow.com\\\/#organization\",\"name\":\"SMM FOLLOW\",\"alternateName\":\"Follow 965\",\"url\":\"https:\\\/\\\/smm-follow.com\\\/\",\"logo\":{\"@type\":\"ImageObject\",\"inLanguage\":\"fr-FR\",\"@id\":\"https:\\\/\\\/smm-follow.com\\\/#\\\/schema\\\/logo\\\/image\\\/\",\"url\":\"https:\\\/\\\/smm-follow.com\\\/wp-content\\\/uploads\\\/2025\\\/12\\\/Logo-smm-follow.jpg\",\"contentUrl\":\"https:\\\/\\\/smm-follow.com\\\/wp-content\\\/uploads\\\/2025\\\/12\\\/Logo-smm-follow.jpg\",\"width\":1080,\"height\":1080,\"caption\":\"SMM FOLLOW\"},\"image\":{\"@id\":\"https:\\\/\\\/smm-follow.com\\\/#\\\/schema\\\/logo\\\/image\\\/\"},\"hasMerchantReturnPolicy\":{\"@type\":\"MerchantReturnPolicy\",\"merchantReturnLink\":\"https:\\\/\\\/smm-follow.com\\\/fr\\\/politique-de-retour\\\/\"}}]}<\/script>\n<!-- \/ Yoast SEO Premium plugin. -->","yoast_head_json":{"title":"Politique de confidentialit\u00e9 - SMM Follow","robots":{"index":"index","follow":"follow","max-snippet":"max-snippet:-1","max-image-preview":"max-image-preview:large","max-video-preview":"max-video-preview:-1"},"canonical":"https:\/\/smm-follow.com\/fr\/politique-de-confidentialite\/","og_locale":"fr_FR","og_type":"article","og_title":"\u0633\u064a\u0627\u0633\u0629 \u0627\u0644\u062e\u0635\u0648\u0635\u064a\u0629","og_description":"\u0633\u064a\u0627\u0633\u0629 \u0627\u0644\u062e\u0635\u0648\u0635\u064a\u0629 \u2013 SMM Follow \u0646\u0631\u062d\u0628 \u0628\u0643\u0645 \u0641\u064a \u0645\u0648\u0642\u0639 SMM Follow. \u0646\u062d\u0646 \u0646\u0648\u0644\u064a \u062e\u0635\u0648\u0635\u064a\u0629 \u0645\u0633\u062a\u062e\u062f\u0645\u064a\u0646\u0627 \u0623\u0647\u0645\u064a\u0629 \u0642\u0635\u0648\u0649\u060c \u0648\u0646\u0644\u062a\u0632\u0645 \u0628\u062d\u0645\u0627\u064a\u0629 \u062c\u0645\u064a\u0639 \u0627\u0644\u0628\u064a\u0627\u0646\u0627\u062a \u0648\u0627\u0644\u0645\u0639\u0644\u0648\u0645\u0627\u062a \u0627\u0644\u062a\u064a \u064a\u062a\u0645 \u062c\u0645\u0639\u0647\u0627 \u0623\u062b\u0646\u0627\u0621 \u0627\u0633\u062a\u062e\u062f\u0627\u0645\u0643\u0645 \u0644\u0645\u0648\u0642\u0639\u0646\u0627 \u0648\u062e\u062f\u0645\u0627\u062a\u0646\u0627. \u062a\u0648\u0636\u062d \u0647\u0630\u0647 \u0627\u0644\u0633\u064a\u0627\u0633\u0629 \u0643\u064a\u0641\u064a\u0629 \u062c\u0645\u0639 \u0627\u0644\u0645\u0639\u0644\u0648\u0645\u0627\u062a \u0648\u0627\u0633\u062a\u062e\u062f\u0627\u0645\u0647\u0627 \u0648\u062d\u0645\u0627\u064a\u062a\u0647\u0627. 1. \u0627\u0644\u0645\u0639\u0644\u0648\u0645\u0627\u062a \u0627\u0644\u062a\u064a \u0646\u0642\u0648\u0645 \u0628\u062c\u0645\u0639\u0647\u0627 \u0639\u0646\u062f \u0627\u0633\u062a\u062e\u062f\u0627\u0645 \u0645\u0648\u0642\u0639 SMM Follow\u060c \u0642\u062f \u0646\u0642\u0648\u0645 \u0628\u062c\u0645\u0639 \u0628\u0639\u0636 \u0627\u0644\u0645\u0639\u0644\u0648\u0645\u0627\u062a \u0627\u0644\u0623\u0633\u0627\u0633\u064a\u0629\u060c \u0648\u0630\u0644\u0643 \u0628\u0647\u062f\u0641 [&hellip;]","og_url":"https:\/\/smm-follow.com\/fr\/politique-de-confidentialite\/","og_site_name":"SMM Follow","article_modified_time":"2025-12-27T18:10:35+00:00","og_image":[{"width":2560,"height":997,"url":"https:\/\/smm-follow.com\/wp-content\/uploads\/2025\/12\/Banner-smm-scaled.jpg","type":"image\/jpeg"}],"twitter_card":"summary_large_image","twitter_misc":{"Dur\u00e9e de lecture estim\u00e9e":"3 minutes"},"schema":{"@context":"https:\/\/schema.org","@graph":[{"@type":"WebPage","@id":"https:\/\/smm-follow.com\/privacy-policy\/","url":"https:\/\/smm-follow.com\/privacy-policy\/","name":"Politique de confidentialit\u00e9 - SMM Follow","isPartOf":{"@id":"https:\/\/smm-follow.com\/#website"},"datePublished":"2025-12-27T18:09:20+00:00","dateModified":"2025-12-27T18:10:35+00:00","breadcrumb":{"@id":"https:\/\/smm-follow.com\/privacy-policy\/#breadcrumb"},"inLanguage":"fr-FR","potentialAction":[{"@type":"ReadAction","target":["https:\/\/smm-follow.com\/privacy-policy\/"]}]},{"@type":"BreadcrumbList","@id":"https:\/\/smm-follow.com\/privacy-policy\/#breadcrumb","itemListElement":[{"@type":"ListItem","position":1,"name":"\u0627\u0644\u0631\u0626\u064a\u0633\u064a\u0629","item":"https:\/\/smm-follow.com\/"},{"@type":"ListItem","position":2,"name":"\u0633\u064a\u0627\u0633\u0629 \u0627\u0644\u062e\u0635\u0648\u0635\u064a\u0629"}]},{"@type":"WebSite","@id":"https:\/\/smm-follow.com\/#website","url":"https:\/\/smm-follow.com\/","name":"SMM SUIVRE","description":"Une plateforme sp\u00e9cialis\u00e9e dans les services de m\u00e9dias sociaux pour augmenter le nombre d&#039;abonn\u00e9s, de mentions \u00ab\u00a0J&#039;aime\u00a0\u00bb et de vues sur Instagram, TikTok, YouTube et autres. Services s\u00e9curis\u00e9s disponibles dans tous les pays.","publisher":{"@id":"https:\/\/smm-follow.com\/#organization"},"alternateName":"Follow 965 \u0641\u0648\u0644\u0648","potentialAction":[{"@type":"SearchAction","target":{"@type":"EntryPoint","urlTemplate":"https:\/\/smm-follow.com\/?s={search_term_string}"},"query-input":{"@type":"PropertyValueSpecification","valueRequired":true,"valueName":"search_term_string"}}],"inLanguage":"fr-FR"},{"@type":"Organization","@id":"https:\/\/smm-follow.com\/#organization","name":"SMM SUIVRE","alternateName":"Follow 965","url":"https:\/\/smm-follow.com\/","logo":{"@type":"ImageObject","inLanguage":"fr-FR","@id":"https:\/\/smm-follow.com\/#\/schema\/logo\/image\/","url":"https:\/\/smm-follow.com\/wp-content\/uploads\/2025\/12\/Logo-smm-follow.jpg","contentUrl":"https:\/\/smm-follow.com\/wp-content\/uploads\/2025\/12\/Logo-smm-follow.jpg","width":1080,"height":1080,"caption":"SMM FOLLOW"},"image":{"@id":"https:\/\/smm-follow.com\/#\/schema\/logo\/image\/"},"hasMerchantReturnPolicy":{"@type":"MerchantReturnPolicy","merchantReturnLink":"https:\/\/smm-follow.com\/fr\/politique-de-retour\/"}}]}},"_links":{"self":[{"href":"https:\/\/smm-follow.com\/fr\/wp-json\/wp\/v2\/pages\/65583","targetHints":{"allow":["GET"]}}],"collection":[{"href":"https:\/\/smm-follow.com\/fr\/wp-json\/wp\/v2\/pages"}],"about":[{"href":"https:\/\/smm-follow.com\/fr\/wp-json\/wp\/v2\/types\/page"}],"author":[{"embeddable":true,"href":"https:\/\/smm-follow.com\/fr\/wp-json\/wp\/v2\/users\/7899"}],"replies":[{"embeddable":true,"href":"https:\/\/smm-follow.com\/fr\/wp-json\/wp\/v2\/comments?post=65583"}],"version-history":[{"count":0,"href":"https:\/\/smm-follow.com\/fr\/wp-json\/wp\/v2\/pages\/65583\/revisions"}],"wp:attachment":[{"href":"https:\/\/smm-follow.com\/fr\/wp-json\/wp\/v2\/media?parent=65583"}],"curies":[{"name":"wp","href":"https:\/\/api.w.org\/{rel}","templated":true}]}}