{"id":103,"date":"2025-12-23T14:40:29","date_gmt":"2025-12-23T11:40:29","guid":{"rendered":"https:\/\/smm-follow.com\/?post_type=product&#038;p=103"},"modified":"2026-01-16T10:17:44","modified_gmt":"2026-01-16T07:17:44","slug":"instagram-profile-visitors","status":"publish","type":"product","link":"https:\/\/smm-follow.com\/fr\/product\/acheter-profil-instagram-visiteurs\/","title":{"rendered":"visiteurs d&#039;Instagram"},"content":{"rendered":"<h1>Acheter de vrais visiteurs Instagram\u00a0: la strat\u00e9gie intelligente pour booster votre profil<\/h1>\n<p>Vous \u00eates-vous d\u00e9j\u00e0 demand\u00e9 quel est le secret des comptes Instagram \u00e0 succ\u00e8s ? <strong>Acheter de vrais visiteurs Instagram<\/strong> Il s&#039;agit l\u00e0 d&#039;une d\u00e9cision strat\u00e9gique cruciale. En effet, un grand nombre de visiteurs envoie des signaux tr\u00e8s positifs, renfor\u00e7ant votre position et vous conf\u00e9rant un avantage concurrentiel ind\u00e9niable.<\/p>\n<p>En outre, <strong>visiteurs d&#039;Instagram<\/strong> Les abonn\u00e9s actifs augmentent non seulement votre nombre d&#039;abonn\u00e9s, mais cr\u00e9ent \u00e9galement une aura de cr\u00e9dibilit\u00e9 et suscitent l&#039;int\u00e9r\u00eat autour de votre contenu. Par cons\u00e9quent, votre compte devient plus attractif pour l&#039;algorithme et les utilisateurs r\u00e9guliers.<\/p>\n<h2>Pourquoi investir dans de vrais visiteurs Instagram est-il important\u00a0?<\/h2>\n<p>En r\u00e9sum\u00e9, il ne s&#039;agit pas seulement de chiffres, mais aussi de capital social. Par exemple, un compte affichant une activit\u00e9 de visites importantes inspire imm\u00e9diatement confiance.<\/p>\n<h3>Renforcer la cr\u00e9dibilit\u00e9 et l&#039;attrait social imm\u00e9diat<\/h3>\n<p>Premi\u00e8rement, <strong>Consultez le profil<\/strong> Il s&#039;agit d&#039;une interaction plus profonde qu&#039;un simple \u00ab j&#039;aime \u00bb. Autrement dit, cela t\u00e9moigne d&#039;une v\u00e9ritable curiosit\u00e9 \u00e0 votre sujet ou concernant votre contenu. Par cons\u00e9quent, <strong>Obtenir des visiteurs Instagram<\/strong> Construit r\u00e9guli\u00e8rement l&#039;image d&#039;un compte attrayant et influent.<\/p>\n<h3>Tirez parti de l&#039;algorithme d&#039;Instagram \u00e0 votre avantage<\/h3>\n<p>De plus, l&#039;algorithme surveille de pr\u00e8s le comportement des utilisateurs. Par cons\u00e9quent, lorsqu&#039;il d\u00e9tecte un flux continu vers <strong>Votre profil Instagram<\/strong>Vous commencez \u00e0 l&#039;interpr\u00e9ter comme un signe de qualit\u00e9 et de pertinence, ce qui am\u00e9liore finalement la port\u00e9e de vos publications et vos chances d&#039;appara\u00eetre sur la page Explorer.<\/p>\n<h3>Ouvrir des portes vers des opportunit\u00e9s professionnelles et commerciales<\/h3>\n<p>En revanche, les sp\u00e9cialistes du marketing et les marques recherchent des indicateurs de performance concrets. Dans ce cas, le taux est consid\u00e9r\u00e9 comme pertinent. <strong>visiteurs d&#039;Instagram<\/strong> Ce score \u00e9lev\u00e9 est une preuve tangible de la capacit\u00e9 \u00e0 attirer l&#039;attention, ce qui augmente consid\u00e9rablement les chances d&#039;obtenir une collaboration soutenue.<\/p>\n<h2>Avantages de notre service pour obtenir des visiteurs Instagram<\/h2>\n<h3>Qualit\u00e9 in\u00e9gal\u00e9e : Visiteurs provenant de comptes r\u00e9els et actifs<\/h3>\n<p>Avant tout, nous croyons que la qualit\u00e9 prime. C&#039;est pourquoi nous veillons \u00e0 ce que chaque <strong>De vrais visiteurs d&#039;Instagram<\/strong> Elles proviennent de comptes personnels r\u00e9els et actifs. Il ne s&#039;agit pas d&#039;un simple choix, mais d&#039;une garantie de s\u00e9curit\u00e9 et de cr\u00e9dibilit\u00e9 durable pour votre compte.<\/p>\n<h3>Rapidit\u00e9 d&#039;ex\u00e9cution : Les r\u00e9sultats sont visibles en quelques minutes<\/h3>\n<p>Alors que d&#039;autres services sont retard\u00e9s, nous commen\u00e7ons \u00e0 envoyer des visiteurs pendant <strong>5 \u00e0 15 minutes<\/strong> Uniquement apr\u00e8s confirmation de la commande. Plus important encore, nous veillons \u00e0 ce que la livraison soit progressive et sans accroc, garantissant une parfaite int\u00e9gration \u00e0 l&#039;environnement de la plateforme.<\/p>\n<h3>S\u00e9curit\u00e9 absolue : Votre vie priv\u00e9e est prot\u00e9g\u00e9e \u00e0 100 %.<\/h3>\n<p>Il convient de noter que nous <strong>Nous ne demandons jamais<\/strong> Votre mot de passe ni aucune donn\u00e9e sensible ne sont requis. L&#039;ensemble du processus utilise uniquement votre nom d&#039;utilisateur, pour une exp\u00e9rience s\u00e9curis\u00e9e et fluide du d\u00e9but \u00e0 la fin.<\/p>\n<h3>Garantie de continuit\u00e9 : Prot\u00e9ger votre investissement \u00e0 long terme<\/h3>\n<p>Pour renforcer votre confiance, nous vous proposons <strong>garantie de 6 mois<\/strong>. Par cons\u00e9quent, en cas de rupture de stock impr\u00e9vue, nous y rem\u00e9dierons imm\u00e9diatement. Nous avons en effet pleinement confiance en la fiabilit\u00e9 et la constance de notre service.<\/p>\n<h2>Des \u00e9tapes simples pour d\u00e9marrer votre parcours de croissance<\/h2>\n<ol>\n<li><strong>Choisissez un forfait\u00a0:<\/strong> D\u00e9terminer le nombre appropri\u00e9 de <strong>visiteurs d&#039;Instagram<\/strong> Ce qui correspond \u00e0 vos objectifs.<\/li>\n<li><strong>Partagez vos donn\u00e9es\u00a0:<\/strong> Veuillez envoyer votre nom d&#039;utilisateur (par exemple, @votrenom) pour votre compte.<\/li>\n<li><strong>Finalisez le paiement\u00a0:<\/strong> Utilisez les m\u00e9thodes de paiement s\u00e9curis\u00e9es et rapides disponibles.<\/li>\n<li><strong>Voir les r\u00e9sultats\u00a0:<\/strong> Suivi de la hausse des statistiques de profil en un temps record.<\/li>\n<\/ol>\n<h2>Comparez les forfaits et les prix<\/h2>\n<table>\n<thead>\n<tr>\n<th>Le paquet<\/th>\n<th>Nombre de visiteurs<\/th>\n<th>Groupe cible<\/th>\n<th>Fonctionnalit\u00e9 cl\u00e9<\/th>\n<\/tr>\n<\/thead>\n<tbody>\n<tr>\n<td><strong>le d\u00e9but<\/strong><\/td>\n<td>500 \u2013 1 000<\/td>\n<td>Nouveaux comptes personnels<\/td>\n<td>\u00c9tablir une base solide de confiance<\/td>\n<\/tr>\n<tr>\n<td><strong>impact<\/strong><\/td>\n<td>2 500 \u2013 5 000<\/td>\n<td>Cr\u00e9ateurs de contenu \u00e9mergents<\/td>\n<td>Am\u00e9liorer la visibilit\u00e9 et attirer l&#039;attention<\/td>\n<\/tr>\n<tr>\n<td><strong>Professionnalisme<\/strong><\/td>\n<td>10 000 \u2013 25 000<\/td>\n<td>Marques et influenceurs<\/td>\n<td>Construire une position de leader et attirer des partenariats<\/td>\n<\/tr>\n<\/tbody>\n<\/table>\n<h2>Questions fr\u00e9quentes sur l&#039;augmentation du nombre de visiteurs de profil<\/h2>\n<h3>Puis-je conna\u00eetre l&#039;identit\u00e9 des visiteurs\u00a0?<\/h3>\n<p>Pour \u00eatre clair, Instagram ne communique pas ces informations aux utilisateurs. Notre service gonfle le nombre total dans les statistiques, am\u00e9liorant ainsi votre image publique et l&#039;attrait de votre compte sans r\u00e9v\u00e9ler d&#039;identit\u00e9.<\/p>\n<h3>Quel impact ce service aura-t-il sur la s\u00e9curit\u00e9 de mon compte\u00a0?<\/h3>\n<p>Absolument, le service est totalement s\u00e9curis\u00e9. Gr\u00e2ce \u00e0 l&#039;utilisation de comptes r\u00e9els et de m\u00e9thodes conformes \u00e0 la r\u00e9glementation, votre compte ne court aucun risque de suspension ou de sanction.<\/p>\n<h3>Comment puis-je en tirer le meilleur parti ?<\/h3>\n<p>Pour un r\u00e9sultat optimal, nous vous recommandons de combiner ce service avec\u00a0:<\/p>\n<ul>\n<li>plus <strong>abonn\u00e9s Instagram<\/strong> Actif dans la conversion des visiteurs en un public fid\u00e8le.<\/li>\n<li>Renforcement <strong>Interaction post-traitement<\/strong> Cr\u00e9er un cycle d&#039;interaction positive gr\u00e2ce aux \u00ab j&#039;aime \u00bb et aux commentaires.<\/li>\n<\/ul>\n<h2>\u00c9tape suivante : Commencez \u00e0 transformer vos visiteurs en succ\u00e8s concrets<\/h2>\n<p>En conclusion, <strong>Acheter de vrais visiteurs Instagram<\/strong> Bien plus qu&#039;une simple am\u00e9lioration statistique, c&#039;est un investissement pour l&#039;avenir de votre compte num\u00e9rique. Gr\u00e2ce \u00e0 notre garantie de qualit\u00e9, de rapidit\u00e9 et de s\u00e9curit\u00e9, vous \u00eates \u00e0 deux doigts de transformer votre interaction sur la plateforme.<\/p>\n<p><strong>N&#039;attendez pas que la croissance vienne \u00e0 vous, commencez \u00e0 l&#039;attirer d\u00e8s maintenant.<\/strong><\/p>","protected":false},"excerpt":{"rendered":"<p>Service professionnel premium\u00a0! Obtenez des visiteurs Instagram 100\u00a0% r\u00e9els, actifs et engag\u00e9s, provenant de sources authentiques. Croissance rapide et s\u00e9curis\u00e9e, respectueuse des politiques de la plateforme. Livraison instantan\u00e9e, formules flexibles, garantie compl\u00e8te, aucun mot de passe requis, assistance 24\u00a0h\/24 et 7\u00a0j\/7. R\u00e9sultats garantis ou rembours\u00e9\u00a0!<\/p>","protected":false},"featured_media":156,"comment_status":"closed","ping_status":"closed","template":"","meta":[],"product_brand":[],"product_cat":[19,225],"product_tag":[],"class_list":{"0":"post-103","1":"product","2":"type-product","3":"status-publish","4":"has-post-thumbnail","6":"product_cat-instagram","7":"product_cat-social-media","8":"tm-has-options","10":"first","11":"instock","12":"virtual","13":"taxable","14":"purchasable","15":"product-type-simple"},"yoast_head":"<!-- This site is optimized with the Yoast SEO Premium plugin v21.7 (Yoast SEO v27.1.1) - https:\/\/yoast.com\/product\/yoast-seo-premium-wordpress\/ -->\n<title>\u0634\u0631\u0627\u0621 \u0632\u0648\u0627\u0631 \u0627\u0646\u0633\u062a\u0642\u0631\u0627\u0645 | \u0632\u064a\u0627\u062f\u0629 Profile Visitors \u062d\u0642\u064a\u0642\u064a\u064a\u0646<\/title>\n<meta name=\"description\" content=\"\u0632\u0648\u0627\u0631 \u0627\u0646\u0633\u062a\u0642\u0631\u0627\u0645 \u062d\u0642\u064a\u0642\u064a\u0648\u0646 \u064a\u0632\u0648\u0631\u0648\u0646 \u0645\u0644\u0641\u0643 \u0627\u0644\u0634\u062e\u0635\u064a \u0648\u064a\u062a\u0635\u0641\u062d\u0648\u0646 \u0645\u062d\u062a\u0648\u0627\u0643. \u0643\u0644 \u0632\u064a\u0627\u0631\u0629 \u0641\u0631\u0635\u0629 \u0644\u0644\u0645\u062a\u0627\u0628\u0639\u0629. \u0645\u0646 1K \u0644\u0640 100K \u0632\u0627\u0626\u0631\u060c \u062a\u0633\u0644\u064a\u0645 \u0641\u0648\u0631\u064a\u060c \u0627\u0643\u062a\u0634\u0627\u0641 \u0648\u0627\u0633\u0639\u060c \u0632\u064a\u0627\u062f\u0629 \u0627\u0644\u0645\u062a\u0627\u0628\u0639\u064a\u0646.\" \/>\n<meta name=\"robots\" content=\"index, follow, max-snippet:-1, max-image-preview:large, max-video-preview:-1\" \/>\n<link rel=\"canonical\" href=\"https:\/\/smm-follow.com\/fr\/product\/acheter-profil-instagram-visiteurs\/\" \/>\n<meta property=\"og:locale\" content=\"fr_FR\" \/>\n<meta property=\"og:type\" content=\"article\" \/>\n<meta property=\"og:title\" content=\"\u0632\u0648\u0627\u0631 \u0627\u0646\u0633\u062a\u0642\u0631\u0627\u0645\" \/>\n<meta property=\"og:description\" content=\"\u0632\u0648\u0627\u0631 \u0627\u0646\u0633\u062a\u0642\u0631\u0627\u0645 \u062d\u0642\u064a\u0642\u064a\u0648\u0646 \u064a\u0632\u0648\u0631\u0648\u0646 \u0645\u0644\u0641\u0643 \u0627\u0644\u0634\u062e\u0635\u064a \u0648\u064a\u062a\u0635\u0641\u062d\u0648\u0646 \u0645\u062d\u062a\u0648\u0627\u0643. \u0643\u0644 \u0632\u064a\u0627\u0631\u0629 \u0641\u0631\u0635\u0629 \u0644\u0644\u0645\u062a\u0627\u0628\u0639\u0629. \u0645\u0646 1K \u0644\u0640 100K \u0632\u0627\u0626\u0631\u060c \u062a\u0633\u0644\u064a\u0645 \u0641\u0648\u0631\u064a\u060c \u0627\u0643\u062a\u0634\u0627\u0641 \u0648\u0627\u0633\u0639\u060c \u0632\u064a\u0627\u062f\u0629 \u0627\u0644\u0645\u062a\u0627\u0628\u0639\u064a\u0646.\" \/>\n<meta property=\"og:url\" content=\"https:\/\/smm-follow.com\/fr\/product\/acheter-profil-instagram-visiteurs\/\" \/>\n<meta property=\"og:site_name\" content=\"SMM Follow\" \/>\n<meta property=\"article:modified_time\" content=\"2026-01-16T07:17:44+00:00\" \/>\n<meta property=\"og:image\" content=\"https:\/\/smm-follow.com\/wp-content\/uploads\/2025\/12\/Picsart_24-01-21_18-57-12-391-scaled-1-1-1.jpg\" \/>\n\t<meta property=\"og:image:width\" content=\"2560\" \/>\n\t<meta property=\"og:image:height\" content=\"2560\" \/>\n\t<meta property=\"og:image:type\" content=\"image\/jpeg\" \/>\n<meta name=\"twitter:card\" content=\"summary_large_image\" \/>\n<meta name=\"twitter:label1\" content=\"Prix\" \/>\n\t<meta name=\"twitter:data1\" content=\"&#036;0.00\" \/>\n\t<meta name=\"twitter:label2\" content=\"Disponibilit\u00e9\" \/>\n\t<meta name=\"twitter:data2\" content=\"En stock\" \/>\n<script type=\"application\/ld+json\" class=\"yoast-schema-graph\">{\"@context\":\"https:\/\/schema.org\",\"@graph\":[{\"@type\":\"WebPage\",\"@id\":\"https:\/\/smm-follow.com\/product\/instagram-profile-visitors\/\",\"url\":\"https:\/\/smm-follow.com\/product\/instagram-profile-visitors\/\",\"name\":\"\u0634\u0631\u0627\u0621 \u0632\u0648\u0627\u0631 \u0627\u0646\u0633\u062a\u0642\u0631\u0627\u0645 | \u0632\u064a\u0627\u062f\u0629 Profile Visitors \u062d\u0642\u064a\u0642\u064a\u064a\u0646\",\"isPartOf\":{\"@id\":\"https:\/\/smm-follow.com\/#website\"},\"primaryImageOfPage\":{\"@id\":\"https:\/\/smm-follow.com\/product\/instagram-profile-visitors\/#primaryimage\"},\"image\":{\"@id\":\"https:\/\/smm-follow.com\/product\/instagram-profile-visitors\/#primaryimage\"},\"thumbnailUrl\":\"https:\/\/smm-follow.com\/wp-content\/uploads\/2025\/12\/Picsart_24-01-21_18-57-12-391-scaled-1-1-1.jpg\",\"datePublished\":\"2025-12-23T11:40:29+00:00\",\"dateModified\":\"2026-01-16T07:17:44+00:00\",\"description\":\"\u0632\u0648\u0627\u0631 \u0627\u0646\u0633\u062a\u0642\u0631\u0627\u0645 \u062d\u0642\u064a\u0642\u064a\u0648\u0646 \u064a\u0632\u0648\u0631\u0648\u0646 \u0645\u0644\u0641\u0643 \u0627\u0644\u0634\u062e\u0635\u064a \u0648\u064a\u062a\u0635\u0641\u062d\u0648\u0646 \u0645\u062d\u062a\u0648\u0627\u0643. \u0643\u0644 \u0632\u064a\u0627\u0631\u0629 \u0641\u0631\u0635\u0629 \u0644\u0644\u0645\u062a\u0627\u0628\u0639\u0629. \u0645\u0646 1K \u0644\u0640 100K \u0632\u0627\u0626\u0631\u060c \u062a\u0633\u0644\u064a\u0645 \u0641\u0648\u0631\u064a\u060c \u0627\u0643\u062a\u0634\u0627\u0641 \u0648\u0627\u0633\u0639\u060c \u0632\u064a\u0627\u062f\u0629 \u0627\u0644\u0645\u062a\u0627\u0628\u0639\u064a\u0646.\",\"breadcrumb\":{\"@id\":\"https:\/\/smm-follow.com\/product\/instagram-profile-visitors\/#breadcrumb\"},\"inLanguage\":\"fr-FR\",\"potentialAction\":[{\"@type\":\"ReadAction\",\"target\":[\"https:\/\/smm-follow.com\/product\/instagram-profile-visitors\/\"]}]},{\"@type\":\"ImageObject\",\"inLanguage\":\"fr-FR\",\"@id\":\"https:\/\/smm-follow.com\/product\/instagram-profile-visitors\/#primaryimage\",\"url\":\"https:\/\/smm-follow.com\/wp-content\/uploads\/2025\/12\/Picsart_24-01-21_18-57-12-391-scaled-1-1-1.jpg\",\"contentUrl\":\"https:\/\/smm-follow.com\/wp-content\/uploads\/2025\/12\/Picsart_24-01-21_18-57-12-391-scaled-1-1-1.jpg\",\"width\":2560,\"height\":2560},{\"@type\":\"BreadcrumbList\",\"@id\":\"https:\/\/smm-follow.com\/product\/instagram-profile-visitors\/#breadcrumb\",\"itemListElement\":[{\"@type\":\"ListItem\",\"position\":1,\"name\":\"\u0627\u0644\u0631\u0626\u064a\u0633\u064a\u0629\",\"item\":\"https:\/\/smm-follow.com\/\"},{\"@type\":\"ListItem\",\"position\":2,\"name\":\"\u0627\u0644\u0645\u062a\u062c\u0631\",\"item\":\"https:\/\/smm-follow.com\/en\/shop\/\"},{\"@type\":\"ListItem\",\"position\":3,\"name\":\"\u0632\u0648\u0627\u0631 \u0627\u0646\u0633\u062a\u0642\u0631\u0627\u0645\"}]},{\"@type\":\"WebSite\",\"@id\":\"https:\/\/smm-follow.com\/#website\",\"url\":\"https:\/\/smm-follow.com\/\",\"name\":\"SMM FOLLOW\",\"description\":\"\u0645\u0646\u0635\u0629 \u0645\u062a\u062e\u0635\u0635\u0629 \u0641\u064a \u062e\u062f\u0645\u0627\u062a \u0645\u0648\u0627\u0642\u0639 \u0627\u0644\u062a\u0648\u0627\u0635\u0644 \u0627\u0644\u0627\u062c\u062a\u0645\u0627\u0639\u064a \u0644\u0632\u064a\u0627\u062f\u0629 \u0627\u0644\u0645\u062a\u0627\u0628\u0639\u064a\u0646\u060c \u0627\u0644\u0644\u0627\u064a\u0643\u0627\u062a\u060c \u0648\u0627\u0644\u0645\u0634\u0627\u0647\u062f\u0627\u062a \u0639\u0644\u0649 \u0625\u0646\u0633\u062a\u0642\u0631\u0627\u0645\u060c \u062a\u064a\u0643 \u062a\u0648\u0643\u060c \u064a\u0648\u062a\u064a\u0648\u0628 \u0648\u063a\u064a\u0631\u0647\u0627. \u062e\u062f\u0645\u0627\u062a \u0622\u0645\u0646\u0629 \u0644\u062c\u0645\u064a\u0639 \u0627\u0644\u062f\u0648\u0644\",\"publisher\":{\"@id\":\"https:\/\/smm-follow.com\/#organization\"},\"alternateName\":\"Follow 965 \u0641\u0648\u0644\u0648\",\"potentialAction\":[{\"@type\":\"SearchAction\",\"target\":{\"@type\":\"EntryPoint\",\"urlTemplate\":\"https:\/\/smm-follow.com\/?s={search_term_string}\"},\"query-input\":{\"@type\":\"PropertyValueSpecification\",\"valueRequired\":true,\"valueName\":\"search_term_string\"}}],\"inLanguage\":\"fr-FR\"},{\"@type\":\"Organization\",\"@id\":\"https:\/\/smm-follow.com\/#organization\",\"name\":\"SMM FOLLOW\",\"alternateName\":\"Follow 965\",\"url\":\"https:\/\/smm-follow.com\/\",\"logo\":{\"@type\":\"ImageObject\",\"inLanguage\":\"fr-FR\",\"@id\":\"https:\/\/smm-follow.com\/#\/schema\/logo\/image\/\",\"url\":\"https:\/\/smm-follow.com\/wp-content\/uploads\/2025\/12\/Logo-smm-follow.jpg\",\"contentUrl\":\"https:\/\/smm-follow.com\/wp-content\/uploads\/2025\/12\/Logo-smm-follow.jpg\",\"width\":1080,\"height\":1080,\"caption\":\"SMM FOLLOW\"},\"image\":{\"@id\":\"https:\/\/smm-follow.com\/#\/schema\/logo\/image\/\"},\"hasMerchantReturnPolicy\":{\"@type\":\"MerchantReturnPolicy\",\"merchantReturnLink\":\"https:\/\/smm-follow.com\/fr\/politique-de-retour\/\"}}]}<\/script>\n<meta property=\"product:brand\" content=\"\u0627\u0646\u0633\u062a\u0642\u0631\u0627\u0645\" \/>\n<meta property=\"product:price:amount\" content=\"0.00\" \/>\n<meta property=\"product:price:currency\" content=\"USD\" \/>\n<meta property=\"og:availability\" content=\"instock\" \/>\n<meta property=\"product:availability\" content=\"instock\" \/>\n<meta property=\"product:condition\" content=\"new\" \/>\n<!-- \/ Yoast SEO Premium plugin. -->","yoast_head_json":{"title":"Acheter des visiteurs Instagram | Augmenter le nombre de visiteurs r\u00e9els sur votre profil","description":"De vrais visiteurs Instagram consultent votre profil et votre contenu. Chaque visite est une opportunit\u00e9 de s&#039;abonner. De 1\u00a0000 \u00e0 100\u00a0000 visiteurs\u00a0: impact imm\u00e9diat, visibilit\u00e9 accrue et augmentation du nombre d&#039;abonn\u00e9s.","robots":{"index":"index","follow":"follow","max-snippet":"max-snippet:-1","max-image-preview":"max-image-preview:large","max-video-preview":"max-video-preview:-1"},"canonical":"https:\/\/smm-follow.com\/fr\/product\/acheter-profil-instagram-visiteurs\/","og_locale":"fr_FR","og_type":"article","og_title":"\u0632\u0648\u0627\u0631 \u0627\u0646\u0633\u062a\u0642\u0631\u0627\u0645","og_description":"\u0632\u0648\u0627\u0631 \u0627\u0646\u0633\u062a\u0642\u0631\u0627\u0645 \u062d\u0642\u064a\u0642\u064a\u0648\u0646 \u064a\u0632\u0648\u0631\u0648\u0646 \u0645\u0644\u0641\u0643 \u0627\u0644\u0634\u062e\u0635\u064a \u0648\u064a\u062a\u0635\u0641\u062d\u0648\u0646 \u0645\u062d\u062a\u0648\u0627\u0643. \u0643\u0644 \u0632\u064a\u0627\u0631\u0629 \u0641\u0631\u0635\u0629 \u0644\u0644\u0645\u062a\u0627\u0628\u0639\u0629. \u0645\u0646 1K \u0644\u0640 100K \u0632\u0627\u0626\u0631\u060c \u062a\u0633\u0644\u064a\u0645 \u0641\u0648\u0631\u064a\u060c \u0627\u0643\u062a\u0634\u0627\u0641 \u0648\u0627\u0633\u0639\u060c \u0632\u064a\u0627\u062f\u0629 \u0627\u0644\u0645\u062a\u0627\u0628\u0639\u064a\u0646.","og_url":"https:\/\/smm-follow.com\/fr\/product\/acheter-profil-instagram-visiteurs\/","og_site_name":"SMM Follow","article_modified_time":"2026-01-16T07:17:44+00:00","og_image":[{"width":2560,"height":2560,"url":"https:\/\/smm-follow.com\/wp-content\/uploads\/2025\/12\/Picsart_24-01-21_18-57-12-391-scaled-1-1-1.jpg","type":"image\/jpeg"}],"twitter_card":"summary_large_image","twitter_misc":{"Prix":"&#36;0.00","Disponibilit\u00e9":"En stock"},"schema":{"@context":"https:\/\/schema.org","@graph":[{"@type":"WebPage","@id":"https:\/\/smm-follow.com\/product\/instagram-profile-visitors\/","url":"https:\/\/smm-follow.com\/product\/instagram-profile-visitors\/","name":"Acheter des visiteurs Instagram | Augmenter le nombre de visiteurs r\u00e9els sur votre profil","isPartOf":{"@id":"https:\/\/smm-follow.com\/#website"},"primaryImageOfPage":{"@id":"https:\/\/smm-follow.com\/product\/instagram-profile-visitors\/#primaryimage"},"image":{"@id":"https:\/\/smm-follow.com\/product\/instagram-profile-visitors\/#primaryimage"},"thumbnailUrl":"https:\/\/smm-follow.com\/wp-content\/uploads\/2025\/12\/Picsart_24-01-21_18-57-12-391-scaled-1-1-1.jpg","datePublished":"2025-12-23T11:40:29+00:00","dateModified":"2026-01-16T07:17:44+00:00","description":"De vrais visiteurs Instagram consultent votre profil et votre contenu. Chaque visite est une opportunit\u00e9 de s&#039;abonner. De 1\u00a0000 \u00e0 100\u00a0000 visiteurs\u00a0: impact imm\u00e9diat, visibilit\u00e9 accrue et augmentation du nombre d&#039;abonn\u00e9s.","breadcrumb":{"@id":"https:\/\/smm-follow.com\/product\/instagram-profile-visitors\/#breadcrumb"},"inLanguage":"fr-FR","potentialAction":[{"@type":"ReadAction","target":["https:\/\/smm-follow.com\/product\/instagram-profile-visitors\/"]}]},{"@type":"ImageObject","inLanguage":"fr-FR","@id":"https:\/\/smm-follow.com\/product\/instagram-profile-visitors\/#primaryimage","url":"https:\/\/smm-follow.com\/wp-content\/uploads\/2025\/12\/Picsart_24-01-21_18-57-12-391-scaled-1-1-1.jpg","contentUrl":"https:\/\/smm-follow.com\/wp-content\/uploads\/2025\/12\/Picsart_24-01-21_18-57-12-391-scaled-1-1-1.jpg","width":2560,"height":2560},{"@type":"BreadcrumbList","@id":"https:\/\/smm-follow.com\/product\/instagram-profile-visitors\/#breadcrumb","itemListElement":[{"@type":"ListItem","position":1,"name":"\u0627\u0644\u0631\u0626\u064a\u0633\u064a\u0629","item":"https:\/\/smm-follow.com\/"},{"@type":"ListItem","position":2,"name":"\u0627\u0644\u0645\u062a\u062c\u0631","item":"https:\/\/smm-follow.com\/en\/shop\/"},{"@type":"ListItem","position":3,"name":"\u0632\u0648\u0627\u0631 \u0627\u0646\u0633\u062a\u0642\u0631\u0627\u0645"}]},{"@type":"WebSite","@id":"https:\/\/smm-follow.com\/#website","url":"https:\/\/smm-follow.com\/","name":"SMM SUIVRE","description":"Une plateforme sp\u00e9cialis\u00e9e dans les services de m\u00e9dias sociaux pour augmenter le nombre d&#039;abonn\u00e9s, de mentions \u00ab\u00a0J&#039;aime\u00a0\u00bb et de vues sur Instagram, TikTok, YouTube et autres. Services s\u00e9curis\u00e9s disponibles dans tous les pays.","publisher":{"@id":"https:\/\/smm-follow.com\/#organization"},"alternateName":"Follow 965 \u0641\u0648\u0644\u0648","potentialAction":[{"@type":"SearchAction","target":{"@type":"EntryPoint","urlTemplate":"https:\/\/smm-follow.com\/?s={search_term_string}"},"query-input":{"@type":"PropertyValueSpecification","valueRequired":true,"valueName":"search_term_string"}}],"inLanguage":"fr-FR"},{"@type":"Organization","@id":"https:\/\/smm-follow.com\/#organization","name":"SMM SUIVRE","alternateName":"Follow 965","url":"https:\/\/smm-follow.com\/","logo":{"@type":"ImageObject","inLanguage":"fr-FR","@id":"https:\/\/smm-follow.com\/#\/schema\/logo\/image\/","url":"https:\/\/smm-follow.com\/wp-content\/uploads\/2025\/12\/Logo-smm-follow.jpg","contentUrl":"https:\/\/smm-follow.com\/wp-content\/uploads\/2025\/12\/Logo-smm-follow.jpg","width":1080,"height":1080,"caption":"SMM FOLLOW"},"image":{"@id":"https:\/\/smm-follow.com\/#\/schema\/logo\/image\/"},"hasMerchantReturnPolicy":{"@type":"MerchantReturnPolicy","merchantReturnLink":"https:\/\/smm-follow.com\/fr\/politique-de-retour\/"}}]},"product_brand":"\u0627\u0646\u0633\u062a\u0642\u0631\u0627\u0645","product_price_amount":"0.00","product_price_currency":"USD","og_availability":"instock","product_availability":"instock","product_condition":"new"},"_links":{"self":[{"href":"https:\/\/smm-follow.com\/fr\/wp-json\/wp\/v2\/product\/103","targetHints":{"allow":["GET"]}}],"collection":[{"href":"https:\/\/smm-follow.com\/fr\/wp-json\/wp\/v2\/product"}],"about":[{"href":"https:\/\/smm-follow.com\/fr\/wp-json\/wp\/v2\/types\/product"}],"replies":[{"embeddable":true,"href":"https:\/\/smm-follow.com\/fr\/wp-json\/wp\/v2\/comments?post=103"}],"wp:featuredmedia":[{"embeddable":true,"href":"https:\/\/smm-follow.com\/fr\/wp-json\/wp\/v2\/media\/156"}],"wp:attachment":[{"href":"https:\/\/smm-follow.com\/fr\/wp-json\/wp\/v2\/media?parent=103"}],"wp:term":[{"taxonomy":"product_brand","embeddable":true,"href":"https:\/\/smm-follow.com\/fr\/wp-json\/wp\/v2\/product_brand?post=103"},{"taxonomy":"product_cat","embeddable":true,"href":"https:\/\/smm-follow.com\/fr\/wp-json\/wp\/v2\/product_cat?post=103"},{"taxonomy":"product_tag","embeddable":true,"href":"https:\/\/smm-follow.com\/fr\/wp-json\/wp\/v2\/product_tag?post=103"}],"curies":[{"name":"wp","href":"https:\/\/api.w.org\/{rel}","templated":true}]}}