{"id":446,"date":"2025-12-23T14:47:19","date_gmt":"2025-12-23T11:47:19","guid":{"rendered":"https:\/\/smm-follow.com\/?post_type=product&#038;p=446"},"modified":"2026-01-16T14:40:24","modified_gmt":"2026-01-16T11:40:24","slug":"googleplay-25-gift-card-%d9%8eusa-store","status":"publish","type":"product","link":"https:\/\/smm-follow.com\/fr\/product\/1tp3-t88-25-1tp2-t8-1-tp2t9\/","title":{"rendered":"Carte Google Play 25$ (boutique am\u00e9ricaine)"},"content":{"rendered":"<p>description longue<\/p>","protected":false},"excerpt":{"rendered":"<p><strong>\u2b50 Offre exclusive<\/strong><\/p>\n<ul>\n<li>\u2713 Livraison instantan\u00e9e sur votre compte<\/li>\n<li>\u2713 Code num\u00e9rique valide<\/li>\n<li>\u2713 Fonctionne sur tous les appareils<\/li>\n<li>\u2713 Validit\u00e9 illimit\u00e9e<\/li>\n<\/ul>","protected":false},"featured_media":508,"comment_status":"open","ping_status":"closed","template":"","meta":[],"product_brand":[],"product_cat":[38,36],"product_tag":[],"class_list":{"0":"post-446","1":"product","2":"type-product","3":"status-publish","4":"has-post-thumbnail","6":"product_cat-google-play-usa","7":"product_cat-google-play","8":"tm-no-options","10":"first","11":"instock","12":"virtual","13":"taxable","14":"purchasable","15":"product-type-simple"},"yoast_head":"<!-- This site is optimized with the Yoast SEO Premium plugin v21.7 (Yoast SEO v27.1.1) - https:\/\/yoast.com\/product\/yoast-seo-premium-wordpress\/ -->\n<title>\u0628\u0637\u0627\u0642\u0629 \u062c\u0648\u062c\u0644 \u0628\u0644\u0627\u064a 25$ \u0627\u0644\u0645\u062a\u062c\u0631 \u0627\u0644\u0627\u0645\u0631\u064a\u0643\u064a \u0627\u0644\u0622\u0646 | \u0634\u062d\u0646 \u0641\u0648\u0631\u064a \u0622\u0645\u0646<\/title>\n<meta name=\"description\" content=\"\u0627\u062d\u0635\u0644 \u0639\u0644\u0649 \u0628\u0637\u0627\u0642\u0629 \u062c\u0648\u062c\u0644 \u0628\u0644\u0627\u064a 25$ \u0627\u0644\u0645\u062a\u062c\u0631 \u0627\u0644\u0627\u0645\u0631\u064a\u0643\u064a - \u0634\u062d\u0646 \u0641\u0648\u0631\u064a \u0648\u0622\u0645\u0646 | \u0628\u0637\u0627\u0642\u0629 \u0645\u0639\u062a\u0645\u062f\u0629 | \u0623\u0641\u0636\u0644 \u0627\u0644\u0623\u0633\u0639\u0627\u0631. \u0627\u0637\u0644\u0628 \u0627\u0644\u064a\u0648\u0645!\" \/>\n<meta name=\"robots\" content=\"index, follow, max-snippet:-1, max-image-preview:large, max-video-preview:-1\" \/>\n<link rel=\"canonical\" href=\"https:\/\/smm-follow.com\/fr\/product\/1tp3-t88-25-1tp2-t8-1-tp2t9\/\" \/>\n<meta property=\"og:locale\" content=\"fr_FR\" \/>\n<meta property=\"og:type\" content=\"article\" \/>\n<meta property=\"og:title\" content=\"\u0628\u0637\u0627\u0642\u0629 \u0642\u0648\u0642\u0644 \u0628\u0644\u0627\u064a 25$ (\u0627\u0644\u0645\u062a\u062c\u0631 \u0627\u0644\u0627\u0645\u0631\u064a\u0643\u064a)\" \/>\n<meta property=\"og:description\" content=\"\u0627\u062d\u0635\u0644 \u0639\u0644\u0649 \u0628\u0637\u0627\u0642\u0629 \u062c\u0648\u062c\u0644 \u0628\u0644\u0627\u064a 25$ \u0627\u0644\u0645\u062a\u062c\u0631 \u0627\u0644\u0627\u0645\u0631\u064a\u0643\u064a - \u0634\u062d\u0646 \u0641\u0648\u0631\u064a \u0648\u0622\u0645\u0646 | \u0628\u0637\u0627\u0642\u0629 \u0645\u0639\u062a\u0645\u062f\u0629 | \u0623\u0641\u0636\u0644 \u0627\u0644\u0623\u0633\u0639\u0627\u0631. \u0627\u0637\u0644\u0628 \u0627\u0644\u064a\u0648\u0645!\" \/>\n<meta property=\"og:url\" content=\"https:\/\/smm-follow.com\/fr\/product\/1tp3-t88-25-1tp2-t8-1-tp2t9\/\" \/>\n<meta property=\"og:site_name\" content=\"SMM Follow\" \/>\n<meta property=\"article:modified_time\" content=\"2026-01-16T11:40:24+00:00\" \/>\n<meta property=\"og:image\" content=\"https:\/\/smm-follow.com\/wp-content\/uploads\/2025\/12\/Picsart_24-01-24_04-27-46-619-1-1.png\" \/>\n\t<meta property=\"og:image:width\" content=\"1071\" \/>\n\t<meta property=\"og:image:height\" content=\"1071\" \/>\n\t<meta property=\"og:image:type\" content=\"image\/png\" \/>\n<meta name=\"twitter:card\" content=\"summary_large_image\" \/>\n<meta name=\"twitter:label1\" content=\"Prix\" \/>\n\t<meta name=\"twitter:data1\" content=\"&#036;35.20\" \/>\n\t<meta name=\"twitter:label2\" content=\"Disponibilit\u00e9\" \/>\n\t<meta name=\"twitter:data2\" content=\"En stock\" \/>\n<script type=\"application\/ld+json\" class=\"yoast-schema-graph\">{\"@context\":\"https:\/\/schema.org\",\"@graph\":[{\"@type\":\"WebPage\",\"@id\":\"https:\/\/smm-follow.com\/product\/googleplay-25-gift-card-%d9%8eusa-store\/\",\"url\":\"https:\/\/smm-follow.com\/product\/googleplay-25-gift-card-%d9%8eusa-store\/\",\"name\":\"\u0628\u0637\u0627\u0642\u0629 \u062c\u0648\u062c\u0644 \u0628\u0644\u0627\u064a 25$ \u0627\u0644\u0645\u062a\u062c\u0631 \u0627\u0644\u0627\u0645\u0631\u064a\u0643\u064a \u0627\u0644\u0622\u0646 | \u0634\u062d\u0646 \u0641\u0648\u0631\u064a \u0622\u0645\u0646\",\"isPartOf\":{\"@id\":\"https:\/\/smm-follow.com\/#website\"},\"primaryImageOfPage\":{\"@id\":\"https:\/\/smm-follow.com\/product\/googleplay-25-gift-card-%d9%8eusa-store\/#primaryimage\"},\"image\":{\"@id\":\"https:\/\/smm-follow.com\/product\/googleplay-25-gift-card-%d9%8eusa-store\/#primaryimage\"},\"thumbnailUrl\":\"https:\/\/smm-follow.com\/wp-content\/uploads\/2025\/12\/Picsart_24-01-24_04-27-46-619-1-1.png\",\"datePublished\":\"2025-12-23T11:47:19+00:00\",\"dateModified\":\"2026-01-16T11:40:24+00:00\",\"description\":\"\u0627\u062d\u0635\u0644 \u0639\u0644\u0649 \u0628\u0637\u0627\u0642\u0629 \u062c\u0648\u062c\u0644 \u0628\u0644\u0627\u064a 25$ \u0627\u0644\u0645\u062a\u062c\u0631 \u0627\u0644\u0627\u0645\u0631\u064a\u0643\u064a - \u0634\u062d\u0646 \u0641\u0648\u0631\u064a \u0648\u0622\u0645\u0646 | \u0628\u0637\u0627\u0642\u0629 \u0645\u0639\u062a\u0645\u062f\u0629 | \u0623\u0641\u0636\u0644 \u0627\u0644\u0623\u0633\u0639\u0627\u0631. \u0627\u0637\u0644\u0628 \u0627\u0644\u064a\u0648\u0645!\",\"breadcrumb\":{\"@id\":\"https:\/\/smm-follow.com\/product\/googleplay-25-gift-card-%d9%8eusa-store\/#breadcrumb\"},\"inLanguage\":\"fr-FR\",\"potentialAction\":[{\"@type\":\"ReadAction\",\"target\":[\"https:\/\/smm-follow.com\/product\/googleplay-25-gift-card-%d9%8eusa-store\/\"]}]},{\"@type\":\"ImageObject\",\"inLanguage\":\"fr-FR\",\"@id\":\"https:\/\/smm-follow.com\/product\/googleplay-25-gift-card-%d9%8eusa-store\/#primaryimage\",\"url\":\"https:\/\/smm-follow.com\/wp-content\/uploads\/2025\/12\/Picsart_24-01-24_04-27-46-619-1-1.png\",\"contentUrl\":\"https:\/\/smm-follow.com\/wp-content\/uploads\/2025\/12\/Picsart_24-01-24_04-27-46-619-1-1.png\",\"width\":1071,\"height\":1071},{\"@type\":\"BreadcrumbList\",\"@id\":\"https:\/\/smm-follow.com\/product\/googleplay-25-gift-card-%d9%8eusa-store\/#breadcrumb\",\"itemListElement\":[{\"@type\":\"ListItem\",\"position\":1,\"name\":\"\u0627\u0644\u0631\u0626\u064a\u0633\u064a\u0629\",\"item\":\"https:\/\/smm-follow.com\/\"},{\"@type\":\"ListItem\",\"position\":2,\"name\":\"\u0627\u0644\u0645\u062a\u062c\u0631\",\"item\":\"https:\/\/smm-follow.com\/en\/shop\/\"},{\"@type\":\"ListItem\",\"position\":3,\"name\":\"\u0628\u0637\u0627\u0642\u0629 \u0642\u0648\u0642\u0644 \u0628\u0644\u0627\u064a 25$ (\u0627\u0644\u0645\u062a\u062c\u0631 \u0627\u0644\u0627\u0645\u0631\u064a\u0643\u064a)\"}]},{\"@type\":\"WebSite\",\"@id\":\"https:\/\/smm-follow.com\/#website\",\"url\":\"https:\/\/smm-follow.com\/\",\"name\":\"SMM FOLLOW\",\"description\":\"\u0645\u0646\u0635\u0629 \u0645\u062a\u062e\u0635\u0635\u0629 \u0641\u064a \u062e\u062f\u0645\u0627\u062a \u0645\u0648\u0627\u0642\u0639 \u0627\u0644\u062a\u0648\u0627\u0635\u0644 \u0627\u0644\u0627\u062c\u062a\u0645\u0627\u0639\u064a \u0644\u0632\u064a\u0627\u062f\u0629 \u0627\u0644\u0645\u062a\u0627\u0628\u0639\u064a\u0646\u060c \u0627\u0644\u0644\u0627\u064a\u0643\u0627\u062a\u060c \u0648\u0627\u0644\u0645\u0634\u0627\u0647\u062f\u0627\u062a \u0639\u0644\u0649 \u0625\u0646\u0633\u062a\u0642\u0631\u0627\u0645\u060c \u062a\u064a\u0643 \u062a\u0648\u0643\u060c \u064a\u0648\u062a\u064a\u0648\u0628 \u0648\u063a\u064a\u0631\u0647\u0627. \u062e\u062f\u0645\u0627\u062a \u0622\u0645\u0646\u0629 \u0644\u062c\u0645\u064a\u0639 \u0627\u0644\u062f\u0648\u0644\",\"publisher\":{\"@id\":\"https:\/\/smm-follow.com\/#organization\"},\"alternateName\":\"Follow 965 \u0641\u0648\u0644\u0648\",\"potentialAction\":[{\"@type\":\"SearchAction\",\"target\":{\"@type\":\"EntryPoint\",\"urlTemplate\":\"https:\/\/smm-follow.com\/?s={search_term_string}\"},\"query-input\":{\"@type\":\"PropertyValueSpecification\",\"valueRequired\":true,\"valueName\":\"search_term_string\"}}],\"inLanguage\":\"fr-FR\"},{\"@type\":\"Organization\",\"@id\":\"https:\/\/smm-follow.com\/#organization\",\"name\":\"SMM FOLLOW\",\"alternateName\":\"Follow 965\",\"url\":\"https:\/\/smm-follow.com\/\",\"logo\":{\"@type\":\"ImageObject\",\"inLanguage\":\"fr-FR\",\"@id\":\"https:\/\/smm-follow.com\/#\/schema\/logo\/image\/\",\"url\":\"https:\/\/smm-follow.com\/wp-content\/uploads\/2025\/12\/Logo-smm-follow.jpg\",\"contentUrl\":\"https:\/\/smm-follow.com\/wp-content\/uploads\/2025\/12\/Logo-smm-follow.jpg\",\"width\":1080,\"height\":1080,\"caption\":\"SMM FOLLOW\"},\"image\":{\"@id\":\"https:\/\/smm-follow.com\/#\/schema\/logo\/image\/\"},\"hasMerchantReturnPolicy\":{\"@type\":\"MerchantReturnPolicy\",\"merchantReturnLink\":\"https:\/\/smm-follow.com\/fr\/politique-de-retour\/\"}}]}<\/script>\n<meta property=\"product:brand\" content=\"\u0627\u0644\u0645\u062a\u062c\u0631 \u0627\u0644\u0627\u0645\u0631\u064a\u0643\u064a\" \/>\n<meta property=\"product:price:amount\" content=\"35.20\" \/>\n<meta property=\"product:price:currency\" content=\"USD\" \/>\n<meta property=\"og:availability\" content=\"instock\" \/>\n<meta property=\"product:availability\" content=\"instock\" \/>\n<meta property=\"product:condition\" content=\"new\" \/>\n<!-- \/ Yoast SEO Premium plugin. -->","yoast_head_json":{"title":"Carte cadeau Google Play 25$ (boutique am\u00e9ricaine) maintenant disponible | Rechargement instantan\u00e9 et s\u00e9curis\u00e9","description":"Obtenez votre carte cadeau Google Play (25$) sur le store am\u00e9ricain\u00a0: livraison instantan\u00e9e et s\u00e9curis\u00e9e | Carte certifi\u00e9e | Meilleurs prix. Commandez d\u00e8s aujourd&#039;hui\u00a0!","robots":{"index":"index","follow":"follow","max-snippet":"max-snippet:-1","max-image-preview":"max-image-preview:large","max-video-preview":"max-video-preview:-1"},"canonical":"https:\/\/smm-follow.com\/fr\/product\/1tp3-t88-25-1tp2-t8-1-tp2t9\/","og_locale":"fr_FR","og_type":"article","og_title":"\u0628\u0637\u0627\u0642\u0629 \u0642\u0648\u0642\u0644 \u0628\u0644\u0627\u064a 25$ (\u0627\u0644\u0645\u062a\u062c\u0631 \u0627\u0644\u0627\u0645\u0631\u064a\u0643\u064a)","og_description":"\u0627\u062d\u0635\u0644 \u0639\u0644\u0649 \u0628\u0637\u0627\u0642\u0629 \u062c\u0648\u062c\u0644 \u0628\u0644\u0627\u064a 25$ \u0627\u0644\u0645\u062a\u062c\u0631 \u0627\u0644\u0627\u0645\u0631\u064a\u0643\u064a - \u0634\u062d\u0646 \u0641\u0648\u0631\u064a \u0648\u0622\u0645\u0646 | \u0628\u0637\u0627\u0642\u0629 \u0645\u0639\u062a\u0645\u062f\u0629 | \u0623\u0641\u0636\u0644 \u0627\u0644\u0623\u0633\u0639\u0627\u0631. \u0627\u0637\u0644\u0628 \u0627\u0644\u064a\u0648\u0645!","og_url":"https:\/\/smm-follow.com\/fr\/product\/1tp3-t88-25-1tp2-t8-1-tp2t9\/","og_site_name":"SMM Follow","article_modified_time":"2026-01-16T11:40:24+00:00","og_image":[{"width":1071,"height":1071,"url":"https:\/\/smm-follow.com\/wp-content\/uploads\/2025\/12\/Picsart_24-01-24_04-27-46-619-1-1.png","type":"image\/png"}],"twitter_card":"summary_large_image","twitter_misc":{"Prix":"&#36;35.20","Disponibilit\u00e9":"En stock"},"schema":{"@context":"https:\/\/schema.org","@graph":[{"@type":"WebPage","@id":"https:\/\/smm-follow.com\/product\/googleplay-25-gift-card-%d9%8eusa-store\/","url":"https:\/\/smm-follow.com\/product\/googleplay-25-gift-card-%d9%8eusa-store\/","name":"Carte cadeau Google Play 25$ (boutique am\u00e9ricaine) maintenant disponible | Rechargement instantan\u00e9 et s\u00e9curis\u00e9","isPartOf":{"@id":"https:\/\/smm-follow.com\/#website"},"primaryImageOfPage":{"@id":"https:\/\/smm-follow.com\/product\/googleplay-25-gift-card-%d9%8eusa-store\/#primaryimage"},"image":{"@id":"https:\/\/smm-follow.com\/product\/googleplay-25-gift-card-%d9%8eusa-store\/#primaryimage"},"thumbnailUrl":"https:\/\/smm-follow.com\/wp-content\/uploads\/2025\/12\/Picsart_24-01-24_04-27-46-619-1-1.png","datePublished":"2025-12-23T11:47:19+00:00","dateModified":"2026-01-16T11:40:24+00:00","description":"Obtenez votre carte cadeau Google Play (25$) sur le store am\u00e9ricain\u00a0: livraison instantan\u00e9e et s\u00e9curis\u00e9e | Carte certifi\u00e9e | Meilleurs prix. Commandez d\u00e8s aujourd&#039;hui\u00a0!","breadcrumb":{"@id":"https:\/\/smm-follow.com\/product\/googleplay-25-gift-card-%d9%8eusa-store\/#breadcrumb"},"inLanguage":"fr-FR","potentialAction":[{"@type":"ReadAction","target":["https:\/\/smm-follow.com\/product\/googleplay-25-gift-card-%d9%8eusa-store\/"]}]},{"@type":"ImageObject","inLanguage":"fr-FR","@id":"https:\/\/smm-follow.com\/product\/googleplay-25-gift-card-%d9%8eusa-store\/#primaryimage","url":"https:\/\/smm-follow.com\/wp-content\/uploads\/2025\/12\/Picsart_24-01-24_04-27-46-619-1-1.png","contentUrl":"https:\/\/smm-follow.com\/wp-content\/uploads\/2025\/12\/Picsart_24-01-24_04-27-46-619-1-1.png","width":1071,"height":1071},{"@type":"BreadcrumbList","@id":"https:\/\/smm-follow.com\/product\/googleplay-25-gift-card-%d9%8eusa-store\/#breadcrumb","itemListElement":[{"@type":"ListItem","position":1,"name":"\u0627\u0644\u0631\u0626\u064a\u0633\u064a\u0629","item":"https:\/\/smm-follow.com\/"},{"@type":"ListItem","position":2,"name":"\u0627\u0644\u0645\u062a\u062c\u0631","item":"https:\/\/smm-follow.com\/en\/shop\/"},{"@type":"ListItem","position":3,"name":"\u0628\u0637\u0627\u0642\u0629 \u0642\u0648\u0642\u0644 \u0628\u0644\u0627\u064a 25$ (\u0627\u0644\u0645\u062a\u062c\u0631 \u0627\u0644\u0627\u0645\u0631\u064a\u0643\u064a)"}]},{"@type":"WebSite","@id":"https:\/\/smm-follow.com\/#website","url":"https:\/\/smm-follow.com\/","name":"SMM SUIVRE","description":"Une plateforme sp\u00e9cialis\u00e9e dans les services de m\u00e9dias sociaux pour augmenter le nombre d&#039;abonn\u00e9s, de mentions \u00ab\u00a0J&#039;aime\u00a0\u00bb et de vues sur Instagram, TikTok, YouTube et autres. Services s\u00e9curis\u00e9s disponibles dans tous les pays.","publisher":{"@id":"https:\/\/smm-follow.com\/#organization"},"alternateName":"Follow 965 \u0641\u0648\u0644\u0648","potentialAction":[{"@type":"SearchAction","target":{"@type":"EntryPoint","urlTemplate":"https:\/\/smm-follow.com\/?s={search_term_string}"},"query-input":{"@type":"PropertyValueSpecification","valueRequired":true,"valueName":"search_term_string"}}],"inLanguage":"fr-FR"},{"@type":"Organization","@id":"https:\/\/smm-follow.com\/#organization","name":"SMM SUIVRE","alternateName":"Follow 965","url":"https:\/\/smm-follow.com\/","logo":{"@type":"ImageObject","inLanguage":"fr-FR","@id":"https:\/\/smm-follow.com\/#\/schema\/logo\/image\/","url":"https:\/\/smm-follow.com\/wp-content\/uploads\/2025\/12\/Logo-smm-follow.jpg","contentUrl":"https:\/\/smm-follow.com\/wp-content\/uploads\/2025\/12\/Logo-smm-follow.jpg","width":1080,"height":1080,"caption":"SMM FOLLOW"},"image":{"@id":"https:\/\/smm-follow.com\/#\/schema\/logo\/image\/"},"hasMerchantReturnPolicy":{"@type":"MerchantReturnPolicy","merchantReturnLink":"https:\/\/smm-follow.com\/fr\/politique-de-retour\/"}}]},"product_brand":"\u0627\u0644\u0645\u062a\u062c\u0631 \u0627\u0644\u0627\u0645\u0631\u064a\u0643\u064a","product_price_amount":"35.20","product_price_currency":"USD","og_availability":"instock","product_availability":"instock","product_condition":"new"},"_links":{"self":[{"href":"https:\/\/smm-follow.com\/fr\/wp-json\/wp\/v2\/product\/446","targetHints":{"allow":["GET"]}}],"collection":[{"href":"https:\/\/smm-follow.com\/fr\/wp-json\/wp\/v2\/product"}],"about":[{"href":"https:\/\/smm-follow.com\/fr\/wp-json\/wp\/v2\/types\/product"}],"replies":[{"embeddable":true,"href":"https:\/\/smm-follow.com\/fr\/wp-json\/wp\/v2\/comments?post=446"}],"wp:featuredmedia":[{"embeddable":true,"href":"https:\/\/smm-follow.com\/fr\/wp-json\/wp\/v2\/media\/508"}],"wp:attachment":[{"href":"https:\/\/smm-follow.com\/fr\/wp-json\/wp\/v2\/media?parent=446"}],"wp:term":[{"taxonomy":"product_brand","embeddable":true,"href":"https:\/\/smm-follow.com\/fr\/wp-json\/wp\/v2\/product_brand?post=446"},{"taxonomy":"product_cat","embeddable":true,"href":"https:\/\/smm-follow.com\/fr\/wp-json\/wp\/v2\/product_cat?post=446"},{"taxonomy":"product_tag","embeddable":true,"href":"https:\/\/smm-follow.com\/fr\/wp-json\/wp\/v2\/product_tag?post=446"}],"curies":[{"name":"wp","href":"https:\/\/api.w.org\/{rel}","templated":true}]}}