{"id":86,"date":"2025-12-23T14:40:27","date_gmt":"2025-12-23T11:40:27","guid":{"rendered":"https:\/\/smm-follow.com\/?post_type=product&#038;p=86"},"modified":"2026-01-16T10:17:44","modified_gmt":"2026-01-16T07:17:44","slug":"auto-instagram-views","status":"publish","type":"product","link":"https:\/\/smm-follow.com\/fr\/product\/acheter-auto-vues-instagram\/","title":{"rendered":"Abonnement aux vues Instagram"},"content":{"rendered":"<h1>Vues Instagram automatiques | Syst\u00e8me automatis\u00e9 d&#039;augmentation des vues pour les vid\u00e9os et les reels<\/h1>\n<p><strong>d\u00e9but<\/strong>Avez-vous l&#039;impression que vos vid\u00e9os et vos reels sur Instagram n&#039;obtiennent pas le nombre de vues qu&#039;ils m\u00e9ritent\u00a0? <strong>En r\u00e9alit\u00e9<\/strong>, progr\u00e8s <strong>Service de vues automatiques Instagram<\/strong> La solution intelligente \u00e0 ce probl\u00e8me ! <strong>En outre<\/strong>Gr\u00e2ce \u00e0 notre syst\u00e8me automatis\u00e9 avanc\u00e9, il s&#039;arr\u00eatera <strong>enfin<\/strong> \u00c0 propos des inqui\u00e9tudes concernant le nombre de vues de votre contenu vid\u00e9o.<\/p>\n<p><strong>en g\u00e9n\u00e9ral<\/strong>Lorsque vous vous abonnez \u00e0 <strong>Ce syst\u00e8me automatis\u00e9<\/strong>Vous obtenez <strong>imm\u00e9diatement<\/strong> Sur un assistant permanent qui fonctionne automatiquement. <strong>Par cons\u00e9quent<\/strong>Chaque nouvelle vid\u00e9o ou reel que vous publiez g\u00e9n\u00e8re des vues instantan\u00e9es et r\u00e9elles <strong>Sans aucun<\/strong> Un effort suppl\u00e9mentaire de votre part. Vous pouvez \u00e9galement consulter notre service partenaire\u00a0: <a href=\"https:\/\/smm-follow.com\/fr\/product\/acheter-auto-likes-instagram\/\">J&#039;aime automatiques sur Instagram<\/a> Pour parvenir \u00e0 une interaction globale.<\/p>\n<h2>Qu\u2019est-ce que le service de visualisation automatique exactement\u00a0?<\/h2>\n<p><strong>court<\/strong>, repr\u00e9sente <strong>Ce syst\u00e8me automatis\u00e9<\/strong> Un programme sp\u00e9cialement con\u00e7u pour g\u00e9rer votre compte. <strong>apr\u00e8s cela<\/strong>Une fois le service activ\u00e9, le syst\u00e8me d\u00e9marre. <strong>automatiquement<\/strong> Nous surveillons votre compte et ajoutons de vraies vues \u00e0 chaque nouvelle vid\u00e9o que vous publiez.<\/p>\n<h3>Comment fonctionne concr\u00e8tement le syst\u00e8me de visualisation automatis\u00e9\u00a0?<\/h3>\n<p><strong>Premi\u00e8rement<\/strong>Il d\u00e9pend <strong>Syst\u00e8me de visualisation automatique<\/strong> Elle utilise une technologie intelligente qui se connecte de mani\u00e8re s\u00e9curis\u00e9e \u00e0 votre compte. <strong>Par exemple<\/strong>Lorsque vous publiez un nouveau contenu vid\u00e9o, le syst\u00e8me le d\u00e9tecte. <strong>imm\u00e9diatement<\/strong> Il commence \u00e0 ajouter des vues. <strong>En outre<\/strong>Le syst\u00e8me fonctionne 24 heures sur 24.<\/p>\n<h2>Pourquoi avez-vous r\u00e9ellement besoin de vues automatiques\u00a0?<\/h2>\n<p><strong>Pour clarifier l&#039;image<\/strong>Dans le monde d&#039;Instagram, qui privil\u00e9gie le contenu visuel, un nombre \u00e9lev\u00e9 de vues est la cl\u00e9 du succ\u00e8s. <strong>Donc<\/strong>Voici les principales raisons\u00a0:<\/p>\n<ul>\n<li><strong>Risque accru de propagation\u00a0:<\/strong> Les vid\u00e9os ayant un grand nombre de vues apparaissent plus fr\u00e9quemment sur la page Explorer.<\/li>\n<li><strong>Stimulation algorithmique\u00a0:<\/strong> Les aper\u00e7us rapides donnent des signaux positifs <strong>Tr\u00e8s fort<\/strong><\/li>\n<li><strong>Attirer des visiteurs organiques\u00a0:<\/strong> Les gens sont attir\u00e9s <strong>naturellement<\/strong> Pour les vid\u00e9os ayant un grand nombre de vues<\/li>\n<li><strong>Int\u00e9gration avec d&#039;autres services\u00a0:<\/strong> Vous pouvez les combiner avec <a href=\"https:\/\/smm-follow.com\/fr\/product\/acheter-des-vues-instagram\/\">Vues r\u00e9guli\u00e8res sur Instagram<\/a> Pour de meilleurs r\u00e9sultats<\/li>\n<\/ul>\n<h3>Types de contenu pris en charge\u00a0:<\/h3>\n<ol>\n<li><strong>Bobines :<\/strong> Les vid\u00e9os courtes les plus populaires <strong>actuellement<\/strong><\/li>\n<li><strong>Clips vid\u00e9o r\u00e9guliers\u00a0:<\/strong> Contenu visuel sur votre page d&#039;accueil<\/li>\n<li><strong>IGTV\u00a0:<\/strong> Vid\u00e9os longues qui n\u00e9cessitent <strong>Soutien sp\u00e9cial<\/strong><\/li>\n<li><strong>Int\u00e9gration au r\u00e9cit\u00a0:<\/strong> Vous pouvez aussi essayer <a href=\"https:\/\/smm-follow.com\/fr\/product\/acheter-des-vues-de-stories-instagram\/\">Vues de l&#039;histoire<\/a><\/li>\n<\/ol>\n<h2>Quelles sont les principales caract\u00e9ristiques du syst\u00e8me de visualisation automatis\u00e9\u00a0?<\/h2>\n<h3>Un syst\u00e8me enti\u00e8rement automatis\u00e9 sans intervention manuelle<\/h3>\n<p><strong>Dans ce cas<\/strong>Vous n&#039;avez pas besoin de soumettre de candidature. <strong>Pour chaque vid\u00e9o<\/strong>. <strong>Au contraire<\/strong>Le syst\u00e8me reconna\u00eet automatiquement les nouveaux contenus vid\u00e9o et ajoute des vues. <strong>Sans aucun<\/strong> C&#039;est de ta faute.<\/p>\n<h3>Vues provenant de comptes r\u00e9els et actifs<\/h3>\n<p><strong>Il est important de savoir<\/strong> Toutes les vues proviennent de comptes Instagram r\u00e9els et actifs. <strong>Cela \u00e0 son tour<\/strong> Elle garantit une r\u00e9action naturelle et s\u00fbre. <strong>Compl\u00e8tement<\/strong> Pour votre compte.<\/p>\n<h3>R\u00e9ponse et r\u00e9action extr\u00eamement rapides<\/h3>\n<p><strong>g\u00e9n\u00e9ralement<\/strong>Les vues commencent \u00e0 appara\u00eetre pendant <strong>5 \u00e0 15 minutes<\/strong> Qui a publi\u00e9 la vid\u00e9o ?. <strong>apr\u00e8s cela<\/strong>Le syst\u00e8me lui donne un coup de pouce consid\u00e9rable. <strong>D\u00e8s le d\u00e9but<\/strong>. Pour plus d&#039;interaction, vous pouvez explorer <a href=\"https:\/\/smm-follow.com\/fr\/product\/acheter-commentaires-instagram\/\">Commentaires Instagram<\/a>.<\/p>\n<h2>Comment s&#039;abonner au service \u00e9tape par \u00e9tape ?<\/h2>\n<ol>\n<li><strong>Premi\u00e8rement<\/strong>Choisissez le forfait qui vous convient parmi nos diff\u00e9rents forfaits.<\/li>\n<li><strong>deuxi\u00e8mement<\/strong>Finalisez le processus de paiement en utilisant les m\u00e9thodes de paiement s\u00e9curis\u00e9es disponibles.<\/li>\n<li><strong>Troisi\u00e8me<\/strong>Veuillez indiquer le nom d&#039;utilisateur de votre compte Instagram.<\/li>\n<li><strong>enfin<\/strong>Commencez \u00e0 publier des vid\u00e9os et observez les vues automatiques.<\/li>\n<\/ol>\n<h2>forfaits de service de visualisation automatique<\/h2>\n<table>\n<thead>\n<tr>\n<th>Le paquet<\/th>\n<th>Dur\u00e9e<\/th>\n<th>Nombre de vues automatiques<\/th>\n<th>Fonctionnalit\u00e9s suppl\u00e9mentaires<\/th>\n<\/tr>\n<\/thead>\n<tbody>\n<tr>\n<td><strong>Pack de base<\/strong><\/td>\n<td>30 jours<\/td>\n<td>1\u00a0000 \u00e0 5\u00a0000 vues par vid\u00e9o<\/td>\n<td>Assistance technique, activation rapide<\/td>\n<\/tr>\n<tr>\n<td><strong>Pack de croissance<\/strong><\/td>\n<td>90 jours<\/td>\n<td>2\u00a0000 \u00e0 8\u00a0000 vues par vid\u00e9o<\/td>\n<td>Priorit\u00e9 au soutien, rapports mensuels<\/td>\n<\/tr>\n<tr>\n<td><strong>Pack professionnel<\/strong><\/td>\n<td>365 jours<\/td>\n<td>3\u00a0000 \u00e0 plus de 10\u00a0000 vues par vid\u00e9o<\/td>\n<td>Assistance d\u00e9di\u00e9e, surveillance continue<\/td>\n<\/tr>\n<\/tbody>\n<\/table>\n<h2>Questions fr\u00e9quentes sur les vues automatiques<\/h2>\n<h3>Puis-je utiliser ce service avec d&#039;autres types d&#039;interaction\u00a0?<\/h3>\n<p><strong>certainement<\/strong>Nous recommandons d&#039;utiliser ce service avec <a href=\"https:\/\/smm-follow.com\/fr\/product\/instagram-saves\/\">Enregistrer les publications<\/a> Pour renforcer diff\u00e9rents signaux d&#039;interaction. Vous pouvez \u00e9galement les combiner avec <a href=\"https:\/\/smm-follow.com\/fr\/product\/instagram-shares\/\">Publications Instagram<\/a> Pour accro\u00eetre la diffusion.<\/p>\n<h3>Quelle est la diff\u00e9rence entre ce service et les services r\u00e9guliers\u00a0?<\/h3>\n<p><strong>Principale diff\u00e9rence<\/strong> Cela signifie que ce service fonctionne <strong>automatiquement<\/strong> Alors que les services r\u00e9guliers n\u00e9cessitent une demande manuelle pour chaque vid\u00e9o, pour les services de suivi, vous pouvez consulter <a href=\"https:\/\/smm-follow.com\/fr\/product\/acheter-des-abonnes-instagram\/\">abonn\u00e9s Instagram<\/a>.<\/p>\n<h2>En r\u00e9sum\u00e9\u00a0: pourquoi ce syst\u00e8me est-il le bon choix\u00a0?<\/h2>\n<p><strong>en conclusion<\/strong>Il est consid\u00e9r\u00e9 <strong>service de visualisation automatique<\/strong> Bien plus qu&#039;un simple outil pour am\u00e9liorer ses statistiques. <strong>Au contraire, il<\/strong> Une strat\u00e9gie intelligente pour g\u00e9rer l&#039;interaction num\u00e9rique du contenu visuel. <strong>Donc<\/strong>N&#039;h\u00e9sitez pas \u00e0 essayer cet excellent service.<\/p>\n<p><strong>\u00e0 la fin<\/strong>N&#039;oubliez pas que des observations r\u00e9guli\u00e8res et spontan\u00e9es conduisent souvent \u00e0 une croissance organique plus rapide. <strong>Sur cette base<\/strong>Nous vous conseillons de commencer d\u00e8s aujourd&#039;hui pour constater les r\u00e9sultats par vous-m\u00eame.<\/p>\n<p><!-- \u062d\u0642\u0648\u0644 \u0641\u0646\u064a\u0629 \u0648\u0633\u0645\u0627\u062a ALT \u0644\u0644\u0635\u0648\u0631 --><\/p>\n<p style=\"display: none;\"><span class=\"product-id\">Identifiant du produit\u00a0: IG-AUTO-VIEWS-2024<\/span><\/p>\n<p><span class=\"product-sku\">R\u00e9f\u00e9rence : IGAUTOVIEWS-001<\/span><\/p>\n<p><span class=\"image-alt-1\">Service automatis\u00e9 de vues Instagram pour une croissance rapide<\/span><\/p>\n<p><span class=\"image-alt-2\">Un syst\u00e8me automatis\u00e9 pour augmenter le nombre de vues des vid\u00e9os sur Instagram<\/span><\/p>\n<p><span class=\"image-alt-3\">Comparaison entre les observations normales et spontan\u00e9es<\/span><\/p>\n<p><span class=\"image-alt-4\">R\u00e9sultats de l&#039;utilisation du service de visualisation automatis\u00e9<\/span><\/p>","protected":false},"excerpt":{"rendered":"<p>Croissance automatique et continue\u00a0! Abonnez-vous \u00e0 notre service de vues automatiques Instagram et obtenez des vues instantan\u00e9es pour chaque vid\u00e9o ou reel que vous publiez. Aucune demande manuelle n&#039;est n\u00e9cessaire\u00a0; le service fonctionne automatiquement avec tout nouveau contenu. Abonnements mensuels flexibles \u00e0 partir de 10\u00a0$, vues instantan\u00e9es en quelques minutes, croissance organique et continue, r\u00e9siliable \u00e0 tout moment, assistance 24\u00a0h\/24 et 7\u00a0j\/7. Oubliez les demandes manuelles\u00a0!<\/p>","protected":false},"featured_media":111,"comment_status":"closed","ping_status":"closed","template":"","meta":[],"product_brand":[],"product_cat":[19,225],"product_tag":[],"class_list":{"0":"post-86","1":"product","2":"type-product","3":"status-publish","4":"has-post-thumbnail","6":"product_cat-instagram","7":"product_cat-social-media","8":"tm-has-options","10":"first","11":"instock","12":"virtual","13":"taxable","14":"purchasable","15":"product-type-simple"},"yoast_head":"<!-- This site is optimized with the Yoast SEO Premium plugin v21.7 (Yoast SEO v27.1.1) - https:\/\/yoast.com\/product\/yoast-seo-premium-wordpress\/ -->\n<title>\u0627\u0634\u062a\u0631\u0627\u0643 \u0645\u0634\u0627\u0647\u062f\u0627\u062a \u0627\u0646\u0633\u062a\u0642\u0631\u0627\u0645 | \u0632\u064a\u0627\u062f\u0629 Views \u062a\u0644\u0642\u0627\u0626\u064a\u0629 \u0645\u0633\u062a\u0645\u0631\u0629<\/title>\n<meta name=\"description\" content=\"\u0627\u0634\u062a\u0631\u0627\u0643 \u0645\u0634\u0627\u0647\u062f\u0627\u062a \u0627\u0646\u0633\u062a\u0642\u0631\u0627\u0645 \u064a\u0636\u064a\u0641 Views \u062a\u0644\u0642\u0627\u0626\u064a\u0627\u064b \u0644\u0643\u0644 \u0641\u064a\u062f\u064a\u0648 \u062c\u062f\u064a\u062f \u062a\u0646\u0634\u0631\u0647. \u0631\u0627\u062d\u0629 \u062a\u0627\u0645\u0629\u060c \u0646\u0645\u0648 \u0645\u0633\u062a\u0645\u0631\u060c \u0644\u0627 \u062d\u0627\u062c\u0629 \u0644\u0637\u0644\u0628\u0627\u062a \u064a\u062f\u0648\u064a\u0629. \u0627\u0634\u062a\u0631\u0627\u0643 \u0634\u0647\u0631\u064a \u0645\u0631\u0646\u060c \u0625\u0644\u063a\u0627\u0621 \u0645\u062a\u0649 \u062a\u0634\u0627\u0621.\" \/>\n<meta name=\"robots\" content=\"index, follow, max-snippet:-1, max-image-preview:large, max-video-preview:-1\" \/>\n<link rel=\"canonical\" href=\"https:\/\/smm-follow.com\/fr\/product\/acheter-auto-vues-instagram\/\" \/>\n<meta property=\"og:locale\" content=\"fr_FR\" \/>\n<meta property=\"og:type\" content=\"article\" \/>\n<meta property=\"og:title\" content=\"\u0627\u0634\u062a\u0631\u0627\u0643 \u0645\u0634\u0627\u0647\u062f\u0627\u062a \u0627\u0646\u0633\u062a\u0642\u0631\u0627\u0645\" \/>\n<meta property=\"og:description\" content=\"\u0627\u0634\u062a\u0631\u0627\u0643 \u0645\u0634\u0627\u0647\u062f\u0627\u062a \u0627\u0646\u0633\u062a\u0642\u0631\u0627\u0645 \u064a\u0636\u064a\u0641 Views \u062a\u0644\u0642\u0627\u0626\u064a\u0627\u064b \u0644\u0643\u0644 \u0641\u064a\u062f\u064a\u0648 \u062c\u062f\u064a\u062f \u062a\u0646\u0634\u0631\u0647. \u0631\u0627\u062d\u0629 \u062a\u0627\u0645\u0629\u060c \u0646\u0645\u0648 \u0645\u0633\u062a\u0645\u0631\u060c \u0644\u0627 \u062d\u0627\u062c\u0629 \u0644\u0637\u0644\u0628\u0627\u062a \u064a\u062f\u0648\u064a\u0629. \u0627\u0634\u062a\u0631\u0627\u0643 \u0634\u0647\u0631\u064a \u0645\u0631\u0646\u060c \u0625\u0644\u063a\u0627\u0621 \u0645\u062a\u0649 \u062a\u0634\u0627\u0621.\" \/>\n<meta property=\"og:url\" content=\"https:\/\/smm-follow.com\/fr\/product\/acheter-auto-vues-instagram\/\" \/>\n<meta property=\"og:site_name\" content=\"SMM Follow\" \/>\n<meta property=\"article:modified_time\" content=\"2026-01-16T07:17:44+00:00\" \/>\n<meta property=\"og:image\" content=\"https:\/\/smm-follow.com\/wp-content\/uploads\/2025\/12\/Views-16-scaled-1-1-1.jpg\" \/>\n\t<meta property=\"og:image:width\" content=\"2560\" \/>\n\t<meta property=\"og:image:height\" content=\"2560\" \/>\n\t<meta property=\"og:image:type\" content=\"image\/jpeg\" \/>\n<meta name=\"twitter:card\" content=\"summary_large_image\" \/>\n<meta name=\"twitter:label1\" content=\"Prix\" \/>\n\t<meta name=\"twitter:data1\" content=\"&#036;0.00\" \/>\n\t<meta name=\"twitter:label2\" content=\"Disponibilit\u00e9\" \/>\n\t<meta name=\"twitter:data2\" content=\"En stock\" \/>\n<script type=\"application\/ld+json\" class=\"yoast-schema-graph\">{\"@context\":\"https:\/\/schema.org\",\"@graph\":[{\"@type\":\"WebPage\",\"@id\":\"https:\/\/smm-follow.com\/product\/auto-instagram-views\/\",\"url\":\"https:\/\/smm-follow.com\/product\/auto-instagram-views\/\",\"name\":\"\u0627\u0634\u062a\u0631\u0627\u0643 \u0645\u0634\u0627\u0647\u062f\u0627\u062a \u0627\u0646\u0633\u062a\u0642\u0631\u0627\u0645 | \u0632\u064a\u0627\u062f\u0629 Views \u062a\u0644\u0642\u0627\u0626\u064a\u0629 \u0645\u0633\u062a\u0645\u0631\u0629\",\"isPartOf\":{\"@id\":\"https:\/\/smm-follow.com\/#website\"},\"primaryImageOfPage\":{\"@id\":\"https:\/\/smm-follow.com\/product\/auto-instagram-views\/#primaryimage\"},\"image\":{\"@id\":\"https:\/\/smm-follow.com\/product\/auto-instagram-views\/#primaryimage\"},\"thumbnailUrl\":\"https:\/\/smm-follow.com\/wp-content\/uploads\/2025\/12\/Views-16-scaled-1-1-1.jpg\",\"datePublished\":\"2025-12-23T11:40:27+00:00\",\"dateModified\":\"2026-01-16T07:17:44+00:00\",\"description\":\"\u0627\u0634\u062a\u0631\u0627\u0643 \u0645\u0634\u0627\u0647\u062f\u0627\u062a \u0627\u0646\u0633\u062a\u0642\u0631\u0627\u0645 \u064a\u0636\u064a\u0641 Views \u062a\u0644\u0642\u0627\u0626\u064a\u0627\u064b \u0644\u0643\u0644 \u0641\u064a\u062f\u064a\u0648 \u062c\u062f\u064a\u062f \u062a\u0646\u0634\u0631\u0647. \u0631\u0627\u062d\u0629 \u062a\u0627\u0645\u0629\u060c \u0646\u0645\u0648 \u0645\u0633\u062a\u0645\u0631\u060c \u0644\u0627 \u062d\u0627\u062c\u0629 \u0644\u0637\u0644\u0628\u0627\u062a \u064a\u062f\u0648\u064a\u0629. \u0627\u0634\u062a\u0631\u0627\u0643 \u0634\u0647\u0631\u064a \u0645\u0631\u0646\u060c \u0625\u0644\u063a\u0627\u0621 \u0645\u062a\u0649 \u062a\u0634\u0627\u0621.\",\"breadcrumb\":{\"@id\":\"https:\/\/smm-follow.com\/product\/auto-instagram-views\/#breadcrumb\"},\"inLanguage\":\"fr-FR\",\"potentialAction\":[{\"@type\":\"ReadAction\",\"target\":[\"https:\/\/smm-follow.com\/product\/auto-instagram-views\/\"]}]},{\"@type\":\"ImageObject\",\"inLanguage\":\"fr-FR\",\"@id\":\"https:\/\/smm-follow.com\/product\/auto-instagram-views\/#primaryimage\",\"url\":\"https:\/\/smm-follow.com\/wp-content\/uploads\/2025\/12\/Views-16-scaled-1-1-1.jpg\",\"contentUrl\":\"https:\/\/smm-follow.com\/wp-content\/uploads\/2025\/12\/Views-16-scaled-1-1-1.jpg\",\"width\":2560,\"height\":2560},{\"@type\":\"BreadcrumbList\",\"@id\":\"https:\/\/smm-follow.com\/product\/auto-instagram-views\/#breadcrumb\",\"itemListElement\":[{\"@type\":\"ListItem\",\"position\":1,\"name\":\"\u0627\u0644\u0631\u0626\u064a\u0633\u064a\u0629\",\"item\":\"https:\/\/smm-follow.com\/\"},{\"@type\":\"ListItem\",\"position\":2,\"name\":\"\u0627\u0644\u0645\u062a\u062c\u0631\",\"item\":\"https:\/\/smm-follow.com\/en\/shop\/\"},{\"@type\":\"ListItem\",\"position\":3,\"name\":\"\u0627\u0634\u062a\u0631\u0627\u0643 \u0645\u0634\u0627\u0647\u062f\u0627\u062a \u0627\u0646\u0633\u062a\u0642\u0631\u0627\u0645\"}]},{\"@type\":\"WebSite\",\"@id\":\"https:\/\/smm-follow.com\/#website\",\"url\":\"https:\/\/smm-follow.com\/\",\"name\":\"SMM FOLLOW\",\"description\":\"\u0645\u0646\u0635\u0629 \u0645\u062a\u062e\u0635\u0635\u0629 \u0641\u064a \u062e\u062f\u0645\u0627\u062a \u0645\u0648\u0627\u0642\u0639 \u0627\u0644\u062a\u0648\u0627\u0635\u0644 \u0627\u0644\u0627\u062c\u062a\u0645\u0627\u0639\u064a \u0644\u0632\u064a\u0627\u062f\u0629 \u0627\u0644\u0645\u062a\u0627\u0628\u0639\u064a\u0646\u060c \u0627\u0644\u0644\u0627\u064a\u0643\u0627\u062a\u060c \u0648\u0627\u0644\u0645\u0634\u0627\u0647\u062f\u0627\u062a \u0639\u0644\u0649 \u0625\u0646\u0633\u062a\u0642\u0631\u0627\u0645\u060c \u062a\u064a\u0643 \u062a\u0648\u0643\u060c \u064a\u0648\u062a\u064a\u0648\u0628 \u0648\u063a\u064a\u0631\u0647\u0627. \u062e\u062f\u0645\u0627\u062a \u0622\u0645\u0646\u0629 \u0644\u062c\u0645\u064a\u0639 \u0627\u0644\u062f\u0648\u0644\",\"publisher\":{\"@id\":\"https:\/\/smm-follow.com\/#organization\"},\"alternateName\":\"Follow 965 \u0641\u0648\u0644\u0648\",\"potentialAction\":[{\"@type\":\"SearchAction\",\"target\":{\"@type\":\"EntryPoint\",\"urlTemplate\":\"https:\/\/smm-follow.com\/?s={search_term_string}\"},\"query-input\":{\"@type\":\"PropertyValueSpecification\",\"valueRequired\":true,\"valueName\":\"search_term_string\"}}],\"inLanguage\":\"fr-FR\"},{\"@type\":\"Organization\",\"@id\":\"https:\/\/smm-follow.com\/#organization\",\"name\":\"SMM FOLLOW\",\"alternateName\":\"Follow 965\",\"url\":\"https:\/\/smm-follow.com\/\",\"logo\":{\"@type\":\"ImageObject\",\"inLanguage\":\"fr-FR\",\"@id\":\"https:\/\/smm-follow.com\/#\/schema\/logo\/image\/\",\"url\":\"https:\/\/smm-follow.com\/wp-content\/uploads\/2025\/12\/Logo-smm-follow.jpg\",\"contentUrl\":\"https:\/\/smm-follow.com\/wp-content\/uploads\/2025\/12\/Logo-smm-follow.jpg\",\"width\":1080,\"height\":1080,\"caption\":\"SMM FOLLOW\"},\"image\":{\"@id\":\"https:\/\/smm-follow.com\/#\/schema\/logo\/image\/\"},\"hasMerchantReturnPolicy\":{\"@type\":\"MerchantReturnPolicy\",\"merchantReturnLink\":\"https:\/\/smm-follow.com\/fr\/politique-de-retour\/\"}}]}<\/script>\n<meta property=\"product:brand\" content=\"\u0627\u0646\u0633\u062a\u0642\u0631\u0627\u0645\" \/>\n<meta property=\"product:price:amount\" content=\"0.00\" \/>\n<meta property=\"product:price:currency\" content=\"USD\" \/>\n<meta property=\"og:availability\" content=\"instock\" \/>\n<meta property=\"product:availability\" content=\"instock\" \/>\n<meta property=\"product:condition\" content=\"new\" \/>\n<!-- \/ Yoast SEO Premium plugin. -->","yoast_head_json":{"title":"Abonnement aux vues Instagram | Augmentation automatique et continue du nombre de vues","description":"Un abonnement Instagram pour les vues ajoute automatiquement des vues \u00e0 chaque nouvelle vid\u00e9o que vous publiez. Simplicit\u00e9 et croissance continue garanties, sans aucune intervention manuelle. Abonnement mensuel flexible, r\u00e9siliable \u00e0 tout moment.","robots":{"index":"index","follow":"follow","max-snippet":"max-snippet:-1","max-image-preview":"max-image-preview:large","max-video-preview":"max-video-preview:-1"},"canonical":"https:\/\/smm-follow.com\/fr\/product\/acheter-auto-vues-instagram\/","og_locale":"fr_FR","og_type":"article","og_title":"\u0627\u0634\u062a\u0631\u0627\u0643 \u0645\u0634\u0627\u0647\u062f\u0627\u062a \u0627\u0646\u0633\u062a\u0642\u0631\u0627\u0645","og_description":"\u0627\u0634\u062a\u0631\u0627\u0643 \u0645\u0634\u0627\u0647\u062f\u0627\u062a \u0627\u0646\u0633\u062a\u0642\u0631\u0627\u0645 \u064a\u0636\u064a\u0641 Views \u062a\u0644\u0642\u0627\u0626\u064a\u0627\u064b \u0644\u0643\u0644 \u0641\u064a\u062f\u064a\u0648 \u062c\u062f\u064a\u062f \u062a\u0646\u0634\u0631\u0647. \u0631\u0627\u062d\u0629 \u062a\u0627\u0645\u0629\u060c \u0646\u0645\u0648 \u0645\u0633\u062a\u0645\u0631\u060c \u0644\u0627 \u062d\u0627\u062c\u0629 \u0644\u0637\u0644\u0628\u0627\u062a \u064a\u062f\u0648\u064a\u0629. \u0627\u0634\u062a\u0631\u0627\u0643 \u0634\u0647\u0631\u064a \u0645\u0631\u0646\u060c \u0625\u0644\u063a\u0627\u0621 \u0645\u062a\u0649 \u062a\u0634\u0627\u0621.","og_url":"https:\/\/smm-follow.com\/fr\/product\/acheter-auto-vues-instagram\/","og_site_name":"SMM Follow","article_modified_time":"2026-01-16T07:17:44+00:00","og_image":[{"width":2560,"height":2560,"url":"https:\/\/smm-follow.com\/wp-content\/uploads\/2025\/12\/Views-16-scaled-1-1-1.jpg","type":"image\/jpeg"}],"twitter_card":"summary_large_image","twitter_misc":{"Prix":"&#36;0.00","Disponibilit\u00e9":"En stock"},"schema":{"@context":"https:\/\/schema.org","@graph":[{"@type":"WebPage","@id":"https:\/\/smm-follow.com\/product\/auto-instagram-views\/","url":"https:\/\/smm-follow.com\/product\/auto-instagram-views\/","name":"Abonnement aux vues Instagram | Augmentation automatique et continue du nombre de vues","isPartOf":{"@id":"https:\/\/smm-follow.com\/#website"},"primaryImageOfPage":{"@id":"https:\/\/smm-follow.com\/product\/auto-instagram-views\/#primaryimage"},"image":{"@id":"https:\/\/smm-follow.com\/product\/auto-instagram-views\/#primaryimage"},"thumbnailUrl":"https:\/\/smm-follow.com\/wp-content\/uploads\/2025\/12\/Views-16-scaled-1-1-1.jpg","datePublished":"2025-12-23T11:40:27+00:00","dateModified":"2026-01-16T07:17:44+00:00","description":"Un abonnement Instagram pour les vues ajoute automatiquement des vues \u00e0 chaque nouvelle vid\u00e9o que vous publiez. Simplicit\u00e9 et croissance continue garanties, sans aucune intervention manuelle. Abonnement mensuel flexible, r\u00e9siliable \u00e0 tout moment.","breadcrumb":{"@id":"https:\/\/smm-follow.com\/product\/auto-instagram-views\/#breadcrumb"},"inLanguage":"fr-FR","potentialAction":[{"@type":"ReadAction","target":["https:\/\/smm-follow.com\/product\/auto-instagram-views\/"]}]},{"@type":"ImageObject","inLanguage":"fr-FR","@id":"https:\/\/smm-follow.com\/product\/auto-instagram-views\/#primaryimage","url":"https:\/\/smm-follow.com\/wp-content\/uploads\/2025\/12\/Views-16-scaled-1-1-1.jpg","contentUrl":"https:\/\/smm-follow.com\/wp-content\/uploads\/2025\/12\/Views-16-scaled-1-1-1.jpg","width":2560,"height":2560},{"@type":"BreadcrumbList","@id":"https:\/\/smm-follow.com\/product\/auto-instagram-views\/#breadcrumb","itemListElement":[{"@type":"ListItem","position":1,"name":"\u0627\u0644\u0631\u0626\u064a\u0633\u064a\u0629","item":"https:\/\/smm-follow.com\/"},{"@type":"ListItem","position":2,"name":"\u0627\u0644\u0645\u062a\u062c\u0631","item":"https:\/\/smm-follow.com\/en\/shop\/"},{"@type":"ListItem","position":3,"name":"\u0627\u0634\u062a\u0631\u0627\u0643 \u0645\u0634\u0627\u0647\u062f\u0627\u062a \u0627\u0646\u0633\u062a\u0642\u0631\u0627\u0645"}]},{"@type":"WebSite","@id":"https:\/\/smm-follow.com\/#website","url":"https:\/\/smm-follow.com\/","name":"SMM SUIVRE","description":"Une plateforme sp\u00e9cialis\u00e9e dans les services de m\u00e9dias sociaux pour augmenter le nombre d&#039;abonn\u00e9s, de mentions \u00ab\u00a0J&#039;aime\u00a0\u00bb et de vues sur Instagram, TikTok, YouTube et autres. Services s\u00e9curis\u00e9s disponibles dans tous les pays.","publisher":{"@id":"https:\/\/smm-follow.com\/#organization"},"alternateName":"Follow 965 \u0641\u0648\u0644\u0648","potentialAction":[{"@type":"SearchAction","target":{"@type":"EntryPoint","urlTemplate":"https:\/\/smm-follow.com\/?s={search_term_string}"},"query-input":{"@type":"PropertyValueSpecification","valueRequired":true,"valueName":"search_term_string"}}],"inLanguage":"fr-FR"},{"@type":"Organization","@id":"https:\/\/smm-follow.com\/#organization","name":"SMM SUIVRE","alternateName":"Follow 965","url":"https:\/\/smm-follow.com\/","logo":{"@type":"ImageObject","inLanguage":"fr-FR","@id":"https:\/\/smm-follow.com\/#\/schema\/logo\/image\/","url":"https:\/\/smm-follow.com\/wp-content\/uploads\/2025\/12\/Logo-smm-follow.jpg","contentUrl":"https:\/\/smm-follow.com\/wp-content\/uploads\/2025\/12\/Logo-smm-follow.jpg","width":1080,"height":1080,"caption":"SMM FOLLOW"},"image":{"@id":"https:\/\/smm-follow.com\/#\/schema\/logo\/image\/"},"hasMerchantReturnPolicy":{"@type":"MerchantReturnPolicy","merchantReturnLink":"https:\/\/smm-follow.com\/fr\/politique-de-retour\/"}}]},"product_brand":"\u0627\u0646\u0633\u062a\u0642\u0631\u0627\u0645","product_price_amount":"0.00","product_price_currency":"USD","og_availability":"instock","product_availability":"instock","product_condition":"new"},"_links":{"self":[{"href":"https:\/\/smm-follow.com\/fr\/wp-json\/wp\/v2\/product\/86","targetHints":{"allow":["GET"]}}],"collection":[{"href":"https:\/\/smm-follow.com\/fr\/wp-json\/wp\/v2\/product"}],"about":[{"href":"https:\/\/smm-follow.com\/fr\/wp-json\/wp\/v2\/types\/product"}],"replies":[{"embeddable":true,"href":"https:\/\/smm-follow.com\/fr\/wp-json\/wp\/v2\/comments?post=86"}],"wp:featuredmedia":[{"embeddable":true,"href":"https:\/\/smm-follow.com\/fr\/wp-json\/wp\/v2\/media\/111"}],"wp:attachment":[{"href":"https:\/\/smm-follow.com\/fr\/wp-json\/wp\/v2\/media?parent=86"}],"wp:term":[{"taxonomy":"product_brand","embeddable":true,"href":"https:\/\/smm-follow.com\/fr\/wp-json\/wp\/v2\/product_brand?post=86"},{"taxonomy":"product_cat","embeddable":true,"href":"https:\/\/smm-follow.com\/fr\/wp-json\/wp\/v2\/product_cat?post=86"},{"taxonomy":"product_tag","embeddable":true,"href":"https:\/\/smm-follow.com\/fr\/wp-json\/wp\/v2\/product_tag?post=86"}],"curies":[{"name":"wp","href":"https:\/\/api.w.org\/{rel}","templated":true}]}}