{"id":87,"date":"2025-12-23T14:40:27","date_gmt":"2025-12-23T11:40:27","guid":{"rendered":"https:\/\/smm-follow.com\/?post_type=product&#038;p=87"},"modified":"2026-01-16T10:17:44","modified_gmt":"2026-01-16T07:17:44","slug":"auto-instagram-likes","status":"publish","type":"product","link":"https:\/\/smm-follow.com\/fr\/product\/acheter-auto-likes-instagram\/","title":{"rendered":"Abonnez-vous aux J&#039;aime sur Instagram"},"content":{"rendered":"<h1>Service de likes Instagram automatiques | Syst\u00e8me d&#039;interaction automatis\u00e9 intelligent<\/h1>\n<p><strong>d\u00e9but<\/strong>\u00cates-vous fatigu\u00e9(e) de chercher constamment des moyens d&#039;augmenter le nombre de \u00ab j&#039;aime \u00bb sur vos nouvelles publications ? <strong>En r\u00e9alit\u00e9<\/strong>, progr\u00e8s <strong>Service de likes Instagram automatiques<\/strong> La solution id\u00e9ale \u00e0 ce dilemme ! <strong>En outre<\/strong>Gr\u00e2ce \u00e0 notre syst\u00e8me automatis\u00e9 avanc\u00e9, il s&#039;arr\u00eatera <strong>enfin<\/strong> Concernant les pr\u00e9occupations relatives \u00e0 l&#039;engagement suscit\u00e9 par vos publications.<\/p>\n<p>C&#039;est le moyen id\u00e9al de garantir une r\u00e9action basique forte. <strong>Par exemple<\/strong>Tout comme il fournit <a title=\"Acheter des commentaires Instagram\" href=\"https:\/\/smm-follow.com\/fr\/product\/acheter-commentaires-instagram\/\">Service de commentaires<\/a> En termes d&#039;interaction qualitative, notre service assure une interaction automatique et continue.<\/p>\n<p><strong>en g\u00e9n\u00e9ral<\/strong>Lorsque vous vous abonnez \u00e0 ceci <strong>Service de likes automatiques<\/strong>Vous obtenez <strong>imm\u00e9diatement<\/strong> Sur un partenaire avec une interaction constante qui fonctionne automatiquement. <strong>Par cons\u00e9quent<\/strong>Chaque nouvelle publication que vous publiez re\u00e7oit instantan\u00e9ment et authentiquement des \u00ab j\u2019aime \u00bb. <strong>Sans aucun<\/strong> Un effort manuel de votre part.<\/p>\n<p><strong>En outre<\/strong>Cette interaction cr\u00e9e une base solide pour la croissance. <strong>Plus tard<\/strong>Vous pouvez stimuler cette croissance gr\u00e2ce \u00e0 d&#039;autres services tels que <a title=\"Acheter des abonn\u00e9s Instagram\" href=\"https:\/\/smm-follow.com\/fr\/product\/acheter-des-abonnes-instagram\/\">Attirer des adeptes<\/a>.<\/p>\n<h2>Que signifie exactement le service de likes automatiques sur Instagram\u00a0?<\/h2>\n<p><strong>court<\/strong>, repr\u00e9sente <strong>Syst\u00e8me de likes automatis\u00e9s d&#039;Instagram<\/strong> Un programme enti\u00e8rement d\u00e9di\u00e9 \u00e0 la gestion de votre compte. <strong>apr\u00e8s cela<\/strong>Une fois le service activ\u00e9, le syst\u00e8me d\u00e9marre. <strong>automatiquement<\/strong> Dans le suivi de votre compte et l&#039;ajout <strong>J&#039;aime automatique<\/strong> Pour chaque nouvelle publication.<\/p>\n<p><strong>Autrement dit<\/strong>Il s&#039;agit d&#039;une automatisation compl\u00e8te du processus d&#039;interaction de base. <strong>En rapport avec cela<\/strong>Ce service compl\u00e8te les strat\u00e9gies d&#039;interaction avanc\u00e9es. <strong>pr\u00e9cis\u00e9ment<\/strong>, comme <a title=\"Achetez et enregistrez des publications Instagram\" href=\"https:\/\/smm-follow.com\/fr\/product\/instagram-saves\/\">Enregistrer les publications<\/a>.<\/p>\n<h3>Comment ce syst\u00e8me automatis\u00e9 fonctionne-t-il en pratique\u00a0?<\/h3>\n<p><strong>Premi\u00e8rement<\/strong>Cela d\u00e9pend <strong>Syst\u00e8me de \u00ab J\u2019aime \u00bb automatis\u00e9<\/strong> Elle utilise une technologie intelligente qui se connecte de mani\u00e8re s\u00e9curis\u00e9e \u00e0 votre compte. <strong>Par exemple<\/strong>Lorsque vous publiez un nouveau contenu, le syst\u00e8me le d\u00e9tecte. <strong>imm\u00e9diatement<\/strong> Et la r\u00e9action commence \u00e0 s&#039;enclencher.<\/p>\n<p><strong>En outre<\/strong>Le syst\u00e8me fonctionne 24 heures sur 24 pour assurer une interaction continue. <strong>De la m\u00eame mani\u00e8re<\/strong>Notre service pour <a title=\"Acheter des vues Instagram automatiques\" href=\"https:\/\/smm-follow.com\/fr\/product\/acheter-auto-vues-instagram\/\">Vues automatiques<\/a> Les vid\u00e9os fonctionnent selon le m\u00eame principe.<\/p>\n<h2>Pourquoi avez-vous r\u00e9ellement besoin d&#039;un service de \u00ab likes \u00bb automatiques ?<\/h2>\n<p><strong>Pour clarifier l&#039;image<\/strong>Il existe plusieurs raisons convaincantes\u00a0:<\/p>\n<h3>Gain de temps et d&#039;efforts significatif<\/h3>\n<p><strong>au lieu de<\/strong> Passer des heures \u00e0 chercher des moyens d&#039;accro\u00eetre l&#039;engagement vous donne <strong>Service de likes automatiques<\/strong> Libert\u00e9 totale de se concentrer sur la cr\u00e9ation de contenu exceptionnel. <strong>Donc<\/strong>Le syst\u00e8me fonctionne automatiquement pour vous. <strong>Haute efficacit\u00e9<\/strong>.<\/p>\n<h3>Interaction instantan\u00e9e avec chaque publication que vous mettez en ligne<\/h3>\n<p><strong>D&#039;autre part<\/strong>L&#039;algorithme d&#039;Instagram appr\u00e9cie particuli\u00e8rement les interactions rapides. <strong>Donc<\/strong>, avec <strong>Syst\u00e8me de \u00ab J\u2019aime \u00bb automatis\u00e9<\/strong>Chaque publication re\u00e7oit des \u00ab j\u2019aime \u00bb dans les premi\u00e8res minutes.<\/p>\n<p><strong>Par cons\u00e9quent<\/strong>Cela donne un signal positif <strong>Tr\u00e8s fort<\/strong> Pour l&#039;algorithme. <strong>Il convient de le mentionner<\/strong> C&#039;est extr\u00eamement important pour la r\u00e9ussite <a title=\"Acheter des vues pour les stories Instagram\" href=\"https:\/\/smm-follow.com\/fr\/product\/acheter-des-vues-de-stories-instagram\/\">Histoires<\/a> aussi.<\/p>\n<h3>Interaction continue sans interruption<\/h3>\n<p><strong>Au contraire<\/strong> Les services traditionnels susceptibles d&#039;\u00eatre interrompus garantissent <strong>Service automatique<\/strong> Interaction en cours. <strong>court<\/strong>Il assure une surveillance constante de l&#039;activit\u00e9 de votre compte.<\/p>\n<h2>Quelles sont les principales caract\u00e9ristiques de notre service de likes automatiques\u00a0?<\/h2>\n<h3>Un syst\u00e8me enti\u00e8rement automatis\u00e9 sans intervention manuelle<\/h3>\n<p><strong>Dans ce cas<\/strong>Vous n&#039;avez pas besoin de soumettre une candidature pour chaque poste. <strong>Au contraire<\/strong>reconna\u00eet <strong>Syst\u00e8me automatique<\/strong> Il ajoute automatiquement des \u00ab j\u2019aime \u00bb \u00e0 vos nouvelles publications. <strong>Sans aucun<\/strong> C&#039;est de ta faute.<\/p>\n<h3>J&#039;aime provenant de comptes r\u00e9els et actifs<\/h3>\n<p><strong>Il est important de savoir<\/strong> Toutes les interactions proviennent de comptes Instagram r\u00e9els et actifs. <strong>Cela \u00e0 son tour<\/strong> Elle garantit une r\u00e9action naturelle et s\u00fbre. <strong>Compl\u00e8tement<\/strong> Pour votre compte.<\/p>\n<p><strong>Il convient de le noter<\/strong> Jusqu&#039;\u00e0 ce que nous offrions le m\u00eame niveau de cr\u00e9dibilit\u00e9 dans <a title=\"Augmenter les messages directs Instagram\" href=\"https:\/\/smm-follow.com\/fr\/product\/acheter-instagram-direct-message\/\">service de messagerie directe<\/a>.<\/p>\n<h3>R\u00e9ponse et activation extr\u00eamement rapides<\/h3>\n<p><strong>g\u00e9n\u00e9ralement<\/strong>Nous commencerons \u00e0 activer le service dans les <strong>24 heures<\/strong> Au plus. <strong>apr\u00e8s cela<\/strong>Le syst\u00e8me fonctionne <strong>Imm\u00e9diatement<\/strong> \u00c0 chaque nouvelle publication.<\/p>\n<h2>Comment s&#039;abonner au service \u00e9tape par \u00e9tape ?<\/h2>\n<ol>\n<li><strong>Premi\u00e8rement<\/strong>Choisissez le forfait qui vous convient parmi nos diff\u00e9rents forfaits.<\/li>\n<li><strong>deuxi\u00e8mement<\/strong>Finalisez le processus de paiement en utilisant les m\u00e9thodes de paiement s\u00e9curis\u00e9es disponibles.<\/li>\n<li><strong>Troisi\u00e8me<\/strong>Veuillez indiquer le nom d&#039;utilisateur de votre compte Instagram.<\/li>\n<li><strong>enfin<\/strong>Commencez \u00e0 publier et observez l&#039;interaction automatique se produire sous vos yeux.<\/li>\n<\/ol>\n<h2>En r\u00e9sum\u00e9\u00a0: pourquoi ce service est-il le bon choix\u00a0?<\/h2>\n<p><strong>en conclusion<\/strong>Il est consid\u00e9r\u00e9 <strong>Service de likes Instagram automatiques<\/strong> Bien plus qu&#039;un simple outil pour am\u00e9liorer ses statistiques. <strong>Au contraire, il<\/strong> Une strat\u00e9gie intelligente pour g\u00e9rer les interactions num\u00e9riques.<\/p>\n<p><strong>Donc<\/strong>N&#039;h\u00e9sitez pas \u00e0 essayer cet excellent service. <strong>\u00c0 la fin<\/strong>C&#039;est la pierre angulaire de tout plan <a title=\"Achetez l&#039;acc\u00e8s et les impressions Instagram\" href=\"https:\/\/smm-follow.com\/fr\/product\/acheter-profil-instagram-visiteurs\/\">Pour accro\u00eetre la port\u00e9e et les impressions<\/a>.<\/p>\n<p><strong>Enfin et surtout<\/strong>N&#039;oubliez pas que les r\u00e9actions spontan\u00e9es r\u00e9guli\u00e8res conduisent souvent \u00e0 une croissance organique plus rapide. <strong>Sur cette base<\/strong>Nous vous conseillons de commencer d\u00e8s aujourd&#039;hui pour constater les r\u00e9sultats par vous-m\u00eame.<\/p>\n<p><strong>Sur cette base<\/strong>D\u00e9couvrez comment ce service peut faire partie de <a title=\"Tous les services de m\u00e9dias sociaux\" href=\"https:\/\/smm-follow.com\/fr\/product-category\/social-media\/\">Votre strat\u00e9gie globale sur les r\u00e9seaux sociaux<\/a>.<\/p>\n<p><!-- \u0625\u0636\u0627\u0641\u0629 \u0645\u062c\u0627\u0644\u0627\u062a \u062a\u0642\u0646\u064a\u0629 \u0645\u062e\u0641\u064a\u0629 --><\/p>\n<p style=\"display: none;\"><span class=\"product-id\">Identifiant du produit\u00a0: IG-AUTO-LIKE-2024<\/span><\/p>\n<p><span class=\"product-sku\">R\u00e9f\u00e9rence : IGAUTOLIKE-001<\/span><\/p>","protected":false},"excerpt":{"rendered":"<p>Des likes automatiques pour chaque publication\u00a0! Abonnez-vous \u00e0 notre service de likes automatiques Instagram et obtenez des likes instantan\u00e9s pour chacune de vos publications. Aucune demande manuelle n&#039;est requise\u00a0; le service fonctionne automatiquement pour chaque nouvelle publication. Abonnements mensuels flexibles \u00e0 partir de 10\u00a0$. Likes instantan\u00e9s en quelques minutes, engagement continu et naturel, r\u00e9siliation possible \u00e0 tout moment, assistance 24\u00a0h\/24 et 7\u00a0j\/7. Simplicit\u00e9 et croissance garanties\u00a0!<\/p>","protected":false},"featured_media":65494,"comment_status":"closed","ping_status":"closed","template":"","meta":[],"product_brand":[],"product_cat":[19,225],"product_tag":[],"class_list":{"0":"post-87","1":"product","2":"type-product","3":"status-publish","4":"has-post-thumbnail","6":"product_cat-instagram","7":"product_cat-social-media","8":"tm-has-options","10":"first","11":"instock","12":"virtual","13":"taxable","14":"purchasable","15":"product-type-simple"},"yoast_head":"<!-- This site is optimized with the Yoast SEO Premium plugin v21.7 (Yoast SEO v27.1.1) - https:\/\/yoast.com\/product\/yoast-seo-premium-wordpress\/ -->\n<title>\u0627\u0634\u062a\u0631\u0627\u0643 \u0644\u0627\u064a\u0643\u0627\u062a \u0627\u0646\u0633\u062a\u0642\u0631\u0627\u0645 | \u0632\u064a\u0627\u062f\u0629 Likes \u062a\u0644\u0642\u0627\u0626\u064a\u0629 \u0645\u0633\u062a\u0645\u0631\u0629<\/title>\n<meta name=\"description\" content=\"\u0627\u0634\u062a\u0631\u0627\u0643 \u0644\u0627\u064a\u0643\u0627\u062a \u0627\u0646\u0633\u062a\u0642\u0631\u0627\u0645 \u064a\u0636\u064a\u0641 Likes \u062a\u0644\u0642\u0627\u0626\u064a\u0627\u064b \u0644\u0643\u0644 \u0628\u0648\u0633\u062a \u062c\u062f\u064a\u062f. \u062a\u0641\u0627\u0639\u0644 \u0641\u0648\u0631\u064a \u0648\u0645\u0633\u062a\u0645\u0631 \u0628\u062f\u0648\u0646 \u062c\u0647\u062f \u0645\u0646\u0643. \u0627\u0634\u062a\u0631\u0627\u0643 \u0634\u0647\u0631\u064a \u0645\u0631\u0646 \u064a\u0628\u062f\u0623 \u0645\u0646 \u0623\u0648\u0644 \u0645\u0646\u0634\u0648\u0631\u060c \u0625\u0644\u063a\u0627\u0621 \u0641\u064a \u0623\u064a \u0648\u0642\u062a.\" \/>\n<meta name=\"robots\" content=\"index, follow, max-snippet:-1, max-image-preview:large, max-video-preview:-1\" \/>\n<link rel=\"canonical\" href=\"https:\/\/smm-follow.com\/fr\/product\/acheter-auto-likes-instagram\/\" \/>\n<meta property=\"og:locale\" content=\"fr_FR\" \/>\n<meta property=\"og:type\" content=\"article\" \/>\n<meta property=\"og:title\" content=\"\u0627\u0634\u062a\u0631\u0627\u0643 \u0644\u0627\u064a\u0643\u0627\u062a \u0627\u0646\u0633\u062a\u0642\u0631\u0627\u0645\" \/>\n<meta property=\"og:description\" content=\"\u0627\u0634\u062a\u0631\u0627\u0643 \u0644\u0627\u064a\u0643\u0627\u062a \u0627\u0646\u0633\u062a\u0642\u0631\u0627\u0645 \u064a\u0636\u064a\u0641 Likes \u062a\u0644\u0642\u0627\u0626\u064a\u0627\u064b \u0644\u0643\u0644 \u0628\u0648\u0633\u062a \u062c\u062f\u064a\u062f. \u062a\u0641\u0627\u0639\u0644 \u0641\u0648\u0631\u064a \u0648\u0645\u0633\u062a\u0645\u0631 \u0628\u062f\u0648\u0646 \u062c\u0647\u062f \u0645\u0646\u0643. \u0627\u0634\u062a\u0631\u0627\u0643 \u0634\u0647\u0631\u064a \u0645\u0631\u0646 \u064a\u0628\u062f\u0623 \u0645\u0646 \u0623\u0648\u0644 \u0645\u0646\u0634\u0648\u0631\u060c \u0625\u0644\u063a\u0627\u0621 \u0641\u064a \u0623\u064a \u0648\u0642\u062a.\" \/>\n<meta property=\"og:url\" content=\"https:\/\/smm-follow.com\/fr\/product\/acheter-auto-likes-instagram\/\" \/>\n<meta property=\"og:site_name\" content=\"SMM Follow\" \/>\n<meta property=\"article:modified_time\" content=\"2026-01-16T07:17:44+00:00\" \/>\n<meta property=\"og:image\" content=\"https:\/\/smm-follow.com\/wp-content\/uploads\/2025\/12\/Picsart_25-12-27_05-21-56-780-scaled.jpg\" \/>\n\t<meta property=\"og:image:width\" content=\"2560\" \/>\n\t<meta property=\"og:image:height\" content=\"2560\" \/>\n\t<meta property=\"og:image:type\" content=\"image\/jpeg\" \/>\n<meta name=\"twitter:card\" content=\"summary_large_image\" \/>\n<meta name=\"twitter:label1\" content=\"Prix\" \/>\n\t<meta name=\"twitter:data1\" content=\"&#036;0.00\" \/>\n\t<meta name=\"twitter:label2\" content=\"Disponibilit\u00e9\" \/>\n\t<meta name=\"twitter:data2\" content=\"En stock\" \/>\n<script type=\"application\/ld+json\" class=\"yoast-schema-graph\">{\"@context\":\"https:\/\/schema.org\",\"@graph\":[{\"@type\":\"WebPage\",\"@id\":\"https:\/\/smm-follow.com\/product\/auto-instagram-likes\/\",\"url\":\"https:\/\/smm-follow.com\/product\/auto-instagram-likes\/\",\"name\":\"\u0627\u0634\u062a\u0631\u0627\u0643 \u0644\u0627\u064a\u0643\u0627\u062a \u0627\u0646\u0633\u062a\u0642\u0631\u0627\u0645 | \u0632\u064a\u0627\u062f\u0629 Likes \u062a\u0644\u0642\u0627\u0626\u064a\u0629 \u0645\u0633\u062a\u0645\u0631\u0629\",\"isPartOf\":{\"@id\":\"https:\/\/smm-follow.com\/#website\"},\"primaryImageOfPage\":{\"@id\":\"https:\/\/smm-follow.com\/product\/auto-instagram-likes\/#primaryimage\"},\"image\":{\"@id\":\"https:\/\/smm-follow.com\/product\/auto-instagram-likes\/#primaryimage\"},\"thumbnailUrl\":\"https:\/\/smm-follow.com\/wp-content\/uploads\/2025\/12\/Picsart_25-12-27_05-21-56-780-scaled.jpg\",\"datePublished\":\"2025-12-23T11:40:27+00:00\",\"dateModified\":\"2026-01-16T07:17:44+00:00\",\"description\":\"\u0627\u0634\u062a\u0631\u0627\u0643 \u0644\u0627\u064a\u0643\u0627\u062a \u0627\u0646\u0633\u062a\u0642\u0631\u0627\u0645 \u064a\u0636\u064a\u0641 Likes \u062a\u0644\u0642\u0627\u0626\u064a\u0627\u064b \u0644\u0643\u0644 \u0628\u0648\u0633\u062a \u062c\u062f\u064a\u062f. \u062a\u0641\u0627\u0639\u0644 \u0641\u0648\u0631\u064a \u0648\u0645\u0633\u062a\u0645\u0631 \u0628\u062f\u0648\u0646 \u062c\u0647\u062f \u0645\u0646\u0643. \u0627\u0634\u062a\u0631\u0627\u0643 \u0634\u0647\u0631\u064a \u0645\u0631\u0646 \u064a\u0628\u062f\u0623 \u0645\u0646 \u0623\u0648\u0644 \u0645\u0646\u0634\u0648\u0631\u060c \u0625\u0644\u063a\u0627\u0621 \u0641\u064a \u0623\u064a \u0648\u0642\u062a.\",\"breadcrumb\":{\"@id\":\"https:\/\/smm-follow.com\/product\/auto-instagram-likes\/#breadcrumb\"},\"inLanguage\":\"fr-FR\",\"potentialAction\":[{\"@type\":\"ReadAction\",\"target\":[\"https:\/\/smm-follow.com\/product\/auto-instagram-likes\/\"]}]},{\"@type\":\"ImageObject\",\"inLanguage\":\"fr-FR\",\"@id\":\"https:\/\/smm-follow.com\/product\/auto-instagram-likes\/#primaryimage\",\"url\":\"https:\/\/smm-follow.com\/wp-content\/uploads\/2025\/12\/Picsart_25-12-27_05-21-56-780-scaled.jpg\",\"contentUrl\":\"https:\/\/smm-follow.com\/wp-content\/uploads\/2025\/12\/Picsart_25-12-27_05-21-56-780-scaled.jpg\",\"width\":2560,\"height\":2560,\"caption\":\"{\\\"remix_data\\\":[],\\\"remix_entry_point\\\":\\\"challenges\\\",\\\"source_tags\\\":[\\\"local\\\"],\\\"origin\\\":\\\"unknown\\\",\\\"total_draw_time\\\":0,\\\"total_draw_actions\\\":0,\\\"layers_used\\\":0,\\\"brushes_used\\\":0,\\\"photos_added\\\":0,\\\"total_editor_actions\\\":{},\\\"tools_used\\\":{},\\\"is_sticker\\\":false,\\\"edited_since_last_sticker_save\\\":false,\\\"containsFTESticker\\\":false}\"},{\"@type\":\"BreadcrumbList\",\"@id\":\"https:\/\/smm-follow.com\/product\/auto-instagram-likes\/#breadcrumb\",\"itemListElement\":[{\"@type\":\"ListItem\",\"position\":1,\"name\":\"\u0627\u0644\u0631\u0626\u064a\u0633\u064a\u0629\",\"item\":\"https:\/\/smm-follow.com\/\"},{\"@type\":\"ListItem\",\"position\":2,\"name\":\"\u0627\u0644\u0645\u062a\u062c\u0631\",\"item\":\"https:\/\/smm-follow.com\/en\/shop\/\"},{\"@type\":\"ListItem\",\"position\":3,\"name\":\"\u0627\u0634\u062a\u0631\u0627\u0643 \u0644\u0627\u064a\u0643\u0627\u062a \u0627\u0646\u0633\u062a\u0642\u0631\u0627\u0645\"}]},{\"@type\":\"WebSite\",\"@id\":\"https:\/\/smm-follow.com\/#website\",\"url\":\"https:\/\/smm-follow.com\/\",\"name\":\"SMM FOLLOW\",\"description\":\"\u0645\u0646\u0635\u0629 \u0645\u062a\u062e\u0635\u0635\u0629 \u0641\u064a \u062e\u062f\u0645\u0627\u062a \u0645\u0648\u0627\u0642\u0639 \u0627\u0644\u062a\u0648\u0627\u0635\u0644 \u0627\u0644\u0627\u062c\u062a\u0645\u0627\u0639\u064a \u0644\u0632\u064a\u0627\u062f\u0629 \u0627\u0644\u0645\u062a\u0627\u0628\u0639\u064a\u0646\u060c \u0627\u0644\u0644\u0627\u064a\u0643\u0627\u062a\u060c \u0648\u0627\u0644\u0645\u0634\u0627\u0647\u062f\u0627\u062a \u0639\u0644\u0649 \u0625\u0646\u0633\u062a\u0642\u0631\u0627\u0645\u060c \u062a\u064a\u0643 \u062a\u0648\u0643\u060c \u064a\u0648\u062a\u064a\u0648\u0628 \u0648\u063a\u064a\u0631\u0647\u0627. \u062e\u062f\u0645\u0627\u062a \u0622\u0645\u0646\u0629 \u0644\u062c\u0645\u064a\u0639 \u0627\u0644\u062f\u0648\u0644\",\"publisher\":{\"@id\":\"https:\/\/smm-follow.com\/#organization\"},\"alternateName\":\"Follow 965 \u0641\u0648\u0644\u0648\",\"potentialAction\":[{\"@type\":\"SearchAction\",\"target\":{\"@type\":\"EntryPoint\",\"urlTemplate\":\"https:\/\/smm-follow.com\/?s={search_term_string}\"},\"query-input\":{\"@type\":\"PropertyValueSpecification\",\"valueRequired\":true,\"valueName\":\"search_term_string\"}}],\"inLanguage\":\"fr-FR\"},{\"@type\":\"Organization\",\"@id\":\"https:\/\/smm-follow.com\/#organization\",\"name\":\"SMM FOLLOW\",\"alternateName\":\"Follow 965\",\"url\":\"https:\/\/smm-follow.com\/\",\"logo\":{\"@type\":\"ImageObject\",\"inLanguage\":\"fr-FR\",\"@id\":\"https:\/\/smm-follow.com\/#\/schema\/logo\/image\/\",\"url\":\"https:\/\/smm-follow.com\/wp-content\/uploads\/2025\/12\/Logo-smm-follow.jpg\",\"contentUrl\":\"https:\/\/smm-follow.com\/wp-content\/uploads\/2025\/12\/Logo-smm-follow.jpg\",\"width\":1080,\"height\":1080,\"caption\":\"SMM FOLLOW\"},\"image\":{\"@id\":\"https:\/\/smm-follow.com\/#\/schema\/logo\/image\/\"},\"hasMerchantReturnPolicy\":{\"@type\":\"MerchantReturnPolicy\",\"merchantReturnLink\":\"https:\/\/smm-follow.com\/fr\/politique-de-retour\/\"}}]}<\/script>\n<meta property=\"product:brand\" content=\"\u0627\u0646\u0633\u062a\u0642\u0631\u0627\u0645\" \/>\n<meta property=\"product:price:amount\" content=\"0.00\" \/>\n<meta property=\"product:price:currency\" content=\"USD\" \/>\n<meta property=\"og:availability\" content=\"instock\" \/>\n<meta property=\"product:availability\" content=\"instock\" \/>\n<meta property=\"product:condition\" content=\"new\" \/>\n<!-- \/ Yoast SEO Premium plugin. -->","yoast_head_json":{"title":"Abonnement aux likes Instagram | Augmentation automatique et continue des likes","description":"Un abonnement \u00ab\u00a0J\u2019aime\u00a0\u00bb Instagram ajoute automatiquement des \u00ab\u00a0J\u2019aime\u00a0\u00bb \u00e0 chaque nouvelle publication. Un engagement instantan\u00e9 et continu, sans aucun effort de votre part. Abonnement mensuel flexible d\u00e8s votre premi\u00e8re publication\u00a0; r\u00e9siliable \u00e0 tout moment.","robots":{"index":"index","follow":"follow","max-snippet":"max-snippet:-1","max-image-preview":"max-image-preview:large","max-video-preview":"max-video-preview:-1"},"canonical":"https:\/\/smm-follow.com\/fr\/product\/acheter-auto-likes-instagram\/","og_locale":"fr_FR","og_type":"article","og_title":"\u0627\u0634\u062a\u0631\u0627\u0643 \u0644\u0627\u064a\u0643\u0627\u062a \u0627\u0646\u0633\u062a\u0642\u0631\u0627\u0645","og_description":"\u0627\u0634\u062a\u0631\u0627\u0643 \u0644\u0627\u064a\u0643\u0627\u062a \u0627\u0646\u0633\u062a\u0642\u0631\u0627\u0645 \u064a\u0636\u064a\u0641 Likes \u062a\u0644\u0642\u0627\u0626\u064a\u0627\u064b \u0644\u0643\u0644 \u0628\u0648\u0633\u062a \u062c\u062f\u064a\u062f. \u062a\u0641\u0627\u0639\u0644 \u0641\u0648\u0631\u064a \u0648\u0645\u0633\u062a\u0645\u0631 \u0628\u062f\u0648\u0646 \u062c\u0647\u062f \u0645\u0646\u0643. \u0627\u0634\u062a\u0631\u0627\u0643 \u0634\u0647\u0631\u064a \u0645\u0631\u0646 \u064a\u0628\u062f\u0623 \u0645\u0646 \u0623\u0648\u0644 \u0645\u0646\u0634\u0648\u0631\u060c \u0625\u0644\u063a\u0627\u0621 \u0641\u064a \u0623\u064a \u0648\u0642\u062a.","og_url":"https:\/\/smm-follow.com\/fr\/product\/acheter-auto-likes-instagram\/","og_site_name":"SMM Follow","article_modified_time":"2026-01-16T07:17:44+00:00","og_image":[{"width":2560,"height":2560,"url":"https:\/\/smm-follow.com\/wp-content\/uploads\/2025\/12\/Picsart_25-12-27_05-21-56-780-scaled.jpg","type":"image\/jpeg"}],"twitter_card":"summary_large_image","twitter_misc":{"Prix":"&#36;0.00","Disponibilit\u00e9":"En stock"},"schema":{"@context":"https:\/\/schema.org","@graph":[{"@type":"WebPage","@id":"https:\/\/smm-follow.com\/product\/auto-instagram-likes\/","url":"https:\/\/smm-follow.com\/product\/auto-instagram-likes\/","name":"Abonnement aux likes Instagram | Augmentation automatique et continue des likes","isPartOf":{"@id":"https:\/\/smm-follow.com\/#website"},"primaryImageOfPage":{"@id":"https:\/\/smm-follow.com\/product\/auto-instagram-likes\/#primaryimage"},"image":{"@id":"https:\/\/smm-follow.com\/product\/auto-instagram-likes\/#primaryimage"},"thumbnailUrl":"https:\/\/smm-follow.com\/wp-content\/uploads\/2025\/12\/Picsart_25-12-27_05-21-56-780-scaled.jpg","datePublished":"2025-12-23T11:40:27+00:00","dateModified":"2026-01-16T07:17:44+00:00","description":"Un abonnement \u00ab\u00a0J\u2019aime\u00a0\u00bb Instagram ajoute automatiquement des \u00ab\u00a0J\u2019aime\u00a0\u00bb \u00e0 chaque nouvelle publication. Un engagement instantan\u00e9 et continu, sans aucun effort de votre part. Abonnement mensuel flexible d\u00e8s votre premi\u00e8re publication\u00a0; r\u00e9siliable \u00e0 tout moment.","breadcrumb":{"@id":"https:\/\/smm-follow.com\/product\/auto-instagram-likes\/#breadcrumb"},"inLanguage":"fr-FR","potentialAction":[{"@type":"ReadAction","target":["https:\/\/smm-follow.com\/product\/auto-instagram-likes\/"]}]},{"@type":"ImageObject","inLanguage":"fr-FR","@id":"https:\/\/smm-follow.com\/product\/auto-instagram-likes\/#primaryimage","url":"https:\/\/smm-follow.com\/wp-content\/uploads\/2025\/12\/Picsart_25-12-27_05-21-56-780-scaled.jpg","contentUrl":"https:\/\/smm-follow.com\/wp-content\/uploads\/2025\/12\/Picsart_25-12-27_05-21-56-780-scaled.jpg","width":2560,"height":2560,"caption":"{\"remix_data\":[],\"remix_entry_point\":\"challenges\",\"source_tags\":[\"local\"],\"origin\":\"unknown\",\"total_draw_time\":0,\"total_draw_actions\":0,\"layers_used\":0,\"brushes_used\":0,\"photos_added\":0,\"total_editor_actions\":{},\"tools_used\":{},\"is_sticker\":false,\"edited_since_last_sticker_save\":false,\"containsFTESticker\":false}"},{"@type":"BreadcrumbList","@id":"https:\/\/smm-follow.com\/product\/auto-instagram-likes\/#breadcrumb","itemListElement":[{"@type":"ListItem","position":1,"name":"\u0627\u0644\u0631\u0626\u064a\u0633\u064a\u0629","item":"https:\/\/smm-follow.com\/"},{"@type":"ListItem","position":2,"name":"\u0627\u0644\u0645\u062a\u062c\u0631","item":"https:\/\/smm-follow.com\/en\/shop\/"},{"@type":"ListItem","position":3,"name":"\u0627\u0634\u062a\u0631\u0627\u0643 \u0644\u0627\u064a\u0643\u0627\u062a \u0627\u0646\u0633\u062a\u0642\u0631\u0627\u0645"}]},{"@type":"WebSite","@id":"https:\/\/smm-follow.com\/#website","url":"https:\/\/smm-follow.com\/","name":"SMM SUIVRE","description":"Une plateforme sp\u00e9cialis\u00e9e dans les services de m\u00e9dias sociaux pour augmenter le nombre d&#039;abonn\u00e9s, de mentions \u00ab\u00a0J&#039;aime\u00a0\u00bb et de vues sur Instagram, TikTok, YouTube et autres. Services s\u00e9curis\u00e9s disponibles dans tous les pays.","publisher":{"@id":"https:\/\/smm-follow.com\/#organization"},"alternateName":"Follow 965 \u0641\u0648\u0644\u0648","potentialAction":[{"@type":"SearchAction","target":{"@type":"EntryPoint","urlTemplate":"https:\/\/smm-follow.com\/?s={search_term_string}"},"query-input":{"@type":"PropertyValueSpecification","valueRequired":true,"valueName":"search_term_string"}}],"inLanguage":"fr-FR"},{"@type":"Organization","@id":"https:\/\/smm-follow.com\/#organization","name":"SMM SUIVRE","alternateName":"Follow 965","url":"https:\/\/smm-follow.com\/","logo":{"@type":"ImageObject","inLanguage":"fr-FR","@id":"https:\/\/smm-follow.com\/#\/schema\/logo\/image\/","url":"https:\/\/smm-follow.com\/wp-content\/uploads\/2025\/12\/Logo-smm-follow.jpg","contentUrl":"https:\/\/smm-follow.com\/wp-content\/uploads\/2025\/12\/Logo-smm-follow.jpg","width":1080,"height":1080,"caption":"SMM FOLLOW"},"image":{"@id":"https:\/\/smm-follow.com\/#\/schema\/logo\/image\/"},"hasMerchantReturnPolicy":{"@type":"MerchantReturnPolicy","merchantReturnLink":"https:\/\/smm-follow.com\/fr\/politique-de-retour\/"}}]},"product_brand":"\u0627\u0646\u0633\u062a\u0642\u0631\u0627\u0645","product_price_amount":"0.00","product_price_currency":"USD","og_availability":"instock","product_availability":"instock","product_condition":"new"},"_links":{"self":[{"href":"https:\/\/smm-follow.com\/fr\/wp-json\/wp\/v2\/product\/87","targetHints":{"allow":["GET"]}}],"collection":[{"href":"https:\/\/smm-follow.com\/fr\/wp-json\/wp\/v2\/product"}],"about":[{"href":"https:\/\/smm-follow.com\/fr\/wp-json\/wp\/v2\/types\/product"}],"replies":[{"embeddable":true,"href":"https:\/\/smm-follow.com\/fr\/wp-json\/wp\/v2\/comments?post=87"}],"wp:featuredmedia":[{"embeddable":true,"href":"https:\/\/smm-follow.com\/fr\/wp-json\/wp\/v2\/media\/65494"}],"wp:attachment":[{"href":"https:\/\/smm-follow.com\/fr\/wp-json\/wp\/v2\/media?parent=87"}],"wp:term":[{"taxonomy":"product_brand","embeddable":true,"href":"https:\/\/smm-follow.com\/fr\/wp-json\/wp\/v2\/product_brand?post=87"},{"taxonomy":"product_cat","embeddable":true,"href":"https:\/\/smm-follow.com\/fr\/wp-json\/wp\/v2\/product_cat?post=87"},{"taxonomy":"product_tag","embeddable":true,"href":"https:\/\/smm-follow.com\/fr\/wp-json\/wp\/v2\/product_tag?post=87"}],"curies":[{"name":"wp","href":"https:\/\/api.w.org\/{rel}","templated":true}]}}