{"id":89,"date":"2025-12-23T14:40:27","date_gmt":"2025-12-23T11:40:27","guid":{"rendered":"https:\/\/smm-follow.com\/?post_type=product&#038;p=89"},"modified":"2026-01-16T10:17:44","modified_gmt":"2026-01-16T07:17:44","slug":"instagram-mention","status":"publish","type":"product","link":"https:\/\/smm-follow.com\/fr\/product\/acheter-mention-instagram\/","title":{"rendered":"mentions Instagram"},"content":{"rendered":"<h1>Achat de mentions Instagram aupr\u00e8s de vrais comptes\u00a0: la strat\u00e9gie de mention et de recommandation<\/h1>\n<p>Pour commencer, recherchez-vous un moyen efficace d&#039;accro\u00eetre votre cr\u00e9dibilit\u00e9 et votre port\u00e9e sur Instagram\u00a0? <strong>Acheter des mentions Instagram aupr\u00e8s de vrais comptes<\/strong> C&#039;est la solution id\u00e9ale. En fait, elle est consid\u00e9r\u00e9e comme telle. <strong>Mentionnez ou taguez<\/strong> Instagram est l&#039;une des formes de recommandation sociale les plus puissantes. De plus, \u00eatre mentionn\u00e9 dans les publications d&#039;autres comptes vous conf\u00e8re une cr\u00e9dibilit\u00e9 instantan\u00e9e.<\/p>\n<p>En bref, lorsque vous investissez dans <strong>Acheter des mentions Instagram<\/strong>Vous b\u00e9n\u00e9ficiez non seulement de mentions de votre nom, mais aussi de recommandations publiques d&#039;autres comptes. Par cons\u00e9quent, votre marque gagne en notori\u00e9t\u00e9 et en cr\u00e9dibilit\u00e9 aupr\u00e8s du public.<\/p>\n<h2>Pourquoi est-il important de mentionner quelqu&#039;un sur Instagram pour la croissance de votre compte\u00a0?<\/h2>\n<p>Pour plus de clart\u00e9, <strong>mentions Instagram<\/strong> C&#039;est bien plus qu&#039;un simple signal. C&#039;est une forme de recommandation et de reconnaissance de la qualit\u00e9.<\/p>\n<h3>Gagner rapidement en cr\u00e9dibilit\u00e9 gr\u00e2ce aux recommandations publiques<\/h3>\n<p>Avant toute chose, lorsque vous achetez <strong>Mentions Instagram provenant de vrais comptes<\/strong>Cela signifie que vous recevez des recommandations qui semblent tout \u00e0 fait naturelles. Par cons\u00e9quent, les nouveaux utilisateurs font plus rapidement confiance \u00e0 votre compte lorsqu&#039;ils voient d&#039;autres comptes le mentionner et le recommander.<\/p>\n<h3>Acc\u00e8s accru \u00e0 des publics nouveaux et diversifi\u00e9s<\/h3>\n<p>De m\u00eame, chaque <strong>mentions Instagram<\/strong> Votre compte est visible par les abonn\u00e9s du compte qui vous a identifi\u00e9. Ce service vous permet donc d&#039;atteindre de nouveaux publics que vous ne pourriez pas toucher autrement.<\/p>\n<h3>Classement algorithmique am\u00e9lior\u00e9 et visibilit\u00e9 accrue<\/h3>\n<p>En revanche, l&#039;algorithme d&#039;Instagram comprend que <strong>Mention<\/strong> Cela t\u00e9moigne d&#039;une v\u00e9ritable interaction entre les comptes. Par cons\u00e9quent, vos publications et votre compte en g\u00e9n\u00e9ral pourraient gagner en visibilit\u00e9 gr\u00e2ce \u00e0 ces signaux positifs.<\/p>\n<h2>Caract\u00e9ristiques de notre service d&#039;achat de mentions Instagram<\/h2>\n<h3>Haute qualit\u00e9 : Mentions provenant uniquement de comptes r\u00e9els<\/h3>\n<p>Pour confirmer, nous garantissons que tous les services <strong>Acheter des mentions Instagram<\/strong> Ces comptes appartiennent exclusivement \u00e0 de v\u00e9ritables utilisateurs actifs. Cela garantit donc une interaction naturelle et une s\u00e9curit\u00e9 totale pour votre compte.<\/p>\n<h3>Ex\u00e9cution extr\u00eamement rapide pour obtenir des mentions<\/h3>\n<p>Par rapport \u00e0 d&#039;autres services, nous entamons le processus <strong>Obtenir des mentions sur Instagram<\/strong> pendant <strong>5 \u00e0 15 minutes<\/strong> Uniquement apr\u00e8s confirmation de votre commande. \u00c0 cet \u00e9gard, nous organisons le processus d&#039;exp\u00e9dition de mani\u00e8re progressive et efficace.<\/p>\n<h3>Confidentialit\u00e9 et s\u00e9curit\u00e9 totales sans exigences compliqu\u00e9es<\/h3>\n<p>Plus pr\u00e9cis\u00e9ment, la s\u00e9curit\u00e9 de votre compte est notre priorit\u00e9 absolue. <strong>Nous ne demandons jamais<\/strong> Votre mot de passe de compte. En revanche, toute la proc\u00e9dure se fait simplement avec votre nom d&#039;utilisateur.<\/p>\n<h3>garantie \u00e0 long terme de r\u00e9sultats de mention stables<\/h3>\n<p>Pour assurer votre confort, nous proposons <strong>garantie de 6 mois<\/strong>. En raison de notre confiance dans la qualit\u00e9 <strong>Acheter des mentions Instagram aupr\u00e8s de vrais comptes<\/strong>Nous prot\u00e9geons int\u00e9gralement votre investissement.<\/p>\n<h2>Comment le service de mention peut-il \u00eatre avantageux pour diff\u00e9rents types de comptes\u00a0?<\/h2>\n<p>Pour illustrer cela, voici quelques exemples\u00a0:<\/p>\n<ul>\n<li><strong>Pour les marques\u00a0:<\/strong> En gros, il peut \u00eatre utilis\u00e9 <strong>mentions Instagram<\/strong> Accro\u00eetre la notori\u00e9t\u00e9 de la marque et attirer de nouveaux clients.<\/li>\n<li><strong>Pour les cr\u00e9ateurs de contenu et les influenceurs\u00a0:<\/strong> Plus pr\u00e9cis\u00e9ment, cela aide <strong>Mention<\/strong> Pour d\u00e9velopper des r\u00e9seaux professionnels et attirer des opportunit\u00e9s de collaboration.<\/li>\n<li><strong>Pour les boutiques en ligne\u00a0:<\/strong> Par cons\u00e9quent, il peut \u00eatre utilis\u00e9 pour pr\u00e9senter des produits \u00e0 travers des recommandations qui semblent naturelles.<\/li>\n<li><strong>Pour les services professionnels\u00a0:<\/strong> Au final, cela renforce la cr\u00e9dibilit\u00e9 et attire les clients potentiels.<\/li>\n<\/ul>\n<h2>\u00c9tapes simples pour obtenir des mentions sur Instagram<\/h2>\n<ol>\n<li><strong>D\u00e9finissez vos objectifs\u00a0:<\/strong> Tout d&#039;abord, d\u00e9cidez de ce que vous souhaitez r\u00e9aliser gr\u00e2ce \u00e0 <strong>Acheter des mentions Instagram<\/strong>.<\/li>\n<li><strong>Partagez vos donn\u00e9es\u00a0:<\/strong> Ensuite, envoyez-nous votre nom d&#039;utilisateur.<\/li>\n<li><strong>Finalisez le paiement\u00a0:<\/strong> Choisissez ensuite le mode de paiement appropri\u00e9 parmi les options s\u00e9curis\u00e9es.<\/li>\n<li><strong>Obtenez la mention\u00a0:<\/strong> Enfin, surveillez les mentions de votre compte qui commenceront \u00e0 appara\u00eetre dans d&#039;autres publications.<\/li>\n<\/ol>\n<h2>Mentionnez les forfaits de services et les prix<\/h2>\n<table>\n<thead>\n<tr>\n<th>Le paquet<\/th>\n<th>\u00c9tendue du service<\/th>\n<th>Groupe cible<\/th>\n<th>Objectif principal<\/th>\n<\/tr>\n<\/thead>\n<tbody>\n<tr>\n<td><strong>Pack de base<\/strong><\/td>\n<td>10 \u00e0 25 mentions<\/td>\n<td>Comptes \u00e9mergents<\/td>\n<td>En r\u00e9sum\u00e9, il s&#039;agit de b\u00e2tir une cr\u00e9dibilit\u00e9 initiale gr\u00e2ce aux mentions.<\/td>\n<\/tr>\n<tr>\n<td><strong>Pack de croissance<\/strong><\/td>\n<td>50 \u00e0 100 mentions<\/td>\n<td>petits panneaux<\/td>\n<td>G\u00e9n\u00e9ralement, pour accro\u00eetre la notori\u00e9t\u00e9 de la marque gr\u00e2ce aux \u00e9tiquettes<\/td>\n<\/tr>\n<tr>\n<td><strong>Pack professionnel<\/strong><\/td>\n<td>Plus de 200 mentions<\/td>\n<td>grandes marques<\/td>\n<td>Principalement pour cr\u00e9er une campagne de rappel percutante via Instagram<\/td>\n<\/tr>\n<\/tbody>\n<\/table>\n<h2>Questions fr\u00e9quentes concernant l&#039;achat de mentions Instagram<\/h2>\n<h3>Puis-je choisir le type de contenu dans lequel la mention appara\u00eet\u00a0?<\/h3>\n<p>En fait, oui. Nous pouvons nous coordonner. <strong>Mention<\/strong> Pour s&#039;adapter \u00e0 diff\u00e9rents types de contenu. Autrement dit, nous r\u00e9pondons \u00e0 vos divers besoins.<\/p>\n<h3>Quelle est la diff\u00e9rence entre le service de mention et le service de commentaires\u00a0?<\/h3>\n<p>Pour \u00eatre clair, la section commentaires est d\u00e9di\u00e9e aux interactions sous vos publications. <strong>Service d&#039;achat de mentions Instagram<\/strong> Concentrez-vous donc sur votre apparence dans les publications d&#039;autres comptes.<\/p>\n<h3>Puis-je demander des mentions de comptes dans des domaines sp\u00e9cifiques\u00a0?<\/h3>\n<p>Absolument. Plus pr\u00e9cis\u00e9ment, nous pouvons diriger <strong>Mention<\/strong> Des comptes qui se concentrent sur des domaines sp\u00e9cifiques.<\/p>\n<h3>Comment puis-je mesurer l&#039;impact du service de mention\u00a0?<\/h3>\n<p>En surveillant les notifications et les statistiques d&#039;Instagram, vous constaterez une augmentation du nombre d&#039;abonn\u00e9s et de l&#039;engagement. <strong>Mention<\/strong>.<\/p>\n<h2>Prochaine \u00e9tape\u00a0: Augmentez votre visibilit\u00e9 gr\u00e2ce aux mentions sur Instagram.<\/h2>\n<p>En conclusion, <strong>Acheter des mentions Instagram aupr\u00e8s de vrais comptes<\/strong> Ce n&#039;est pas un luxe, c&#039;est une strat\u00e9gie marketing intelligente. Avec une qualit\u00e9 et une rapidit\u00e9 garanties, vous \u00eates \u00e0 deux doigts d&#039;accro\u00eetre votre cr\u00e9dibilit\u00e9 et votre visibilit\u00e9. <strong>Par cons\u00e9quent, ne laissez pas passer les occasions de vous faire conna\u00eetre ; commencez d\u00e8s aujourd&#039;hui \u00e0 b\u00e2tir un solide r\u00e9seau de recommandations.<\/strong><\/p>\n<p><!-- \u062d\u0642\u0648\u0644 \u0641\u0646\u064a\u0629 \u064a\u0645\u0643\u0646 \u0625\u0636\u0627\u0641\u062a\u0647\u0627 \u0641\u064a \u0648\u0648\u0631\u062f\u0628\u0631\u064a\u0633 --><\/p>\n<p style=\"display:none;\">\n<p>    <span class=\"product-id\">Identifiant du produit\u00a0: IG-MENTION-SERVICE-2024<\/span><\/p>\n<p>    <span class=\"product-sku\">R\u00e9f\u00e9rence : IGMENTION-001<\/span><\/p>","protected":false},"excerpt":{"rendered":"<p>Service de mentions professionnel\u00a0! Recevez des mentions Instagram de 1\u00a0001\u00a0TP3\u00a0T comptes r\u00e9els et actifs qui mentionnent votre nom dans leurs publications et stories. Chaque mention attire de nouveaux visiteurs sur votre profil et augmente votre visibilit\u00e9. Livraison instantan\u00e9e en quelques heures, mentions naturelles sur du contenu pertinent, forfaits de 10 \u00e0 1\u00a0000 mentions, notori\u00e9t\u00e9 accrue, nouveaux abonn\u00e9s, assistance 24\u00a0h\/24 et 7\u00a0j\/7. Boostez votre popularit\u00e9 gr\u00e2ce aux mentions\u00a0!<\/p>","protected":false},"featured_media":123,"comment_status":"closed","ping_status":"closed","template":"","meta":[],"product_brand":[],"product_cat":[19,225],"product_tag":[],"class_list":{"0":"post-89","1":"product","2":"type-product","3":"status-publish","4":"has-post-thumbnail","6":"product_cat-instagram","7":"product_cat-social-media","8":"tm-has-options","10":"first","11":"instock","12":"virtual","13":"taxable","14":"purchasable","15":"product-type-simple"},"yoast_head":"<!-- This site is optimized with the Yoast SEO Premium plugin v21.7 (Yoast SEO v27.1.1) - https:\/\/yoast.com\/product\/yoast-seo-premium-wordpress\/ -->\n<title>\u0634\u0631\u0627\u0621 \u0645\u0646\u0634\u0646 \u0627\u0646\u0633\u062a\u0642\u0631\u0627\u0645 | \u0632\u064a\u0627\u062f\u0629 Instagram Mentions \u0644\u0644\u0627\u0646\u062a\u0634\u0627\u0631<\/title>\n<meta name=\"description\" content=\"\u0645\u0646\u0634\u0646 \u0627\u0646\u0633\u062a\u0642\u0631\u0627\u0645 \u0645\u0646 \u062d\u0633\u0627\u0628\u0627\u062a \u062d\u0642\u064a\u0642\u064a\u0629 \u062a\u0630\u0643\u0631 \u0627\u0633\u0645\u0643 \u0641\u064a \u0645\u062d\u062a\u0648\u0627\u0647\u0627. \u0643\u0644 \u0645\u0646\u0634\u0646 \u064a\u062c\u0644\u0628 \u0632\u0648\u0627\u0631 \u062c\u062f\u062f \u0644\u0628\u0631\u0648\u0641\u0627\u064a\u0644\u0643 \u0648\u064a\u0639\u0632\u0632 \u0634\u0647\u0631\u062a\u0643. \u0625\u0634\u0627\u0631\u0627\u062a \u0637\u0628\u064a\u0639\u064a\u0629 \u0641\u064a \u0645\u0646\u0634\u0648\u0631\u0627\u062a \u0645\u0646\u0627\u0633\u0628\u0629\u060c \u0627\u0646\u062a\u0634\u0627\u0631 \u0648\u0627\u0633\u0639.\" \/>\n<meta name=\"robots\" content=\"index, follow, max-snippet:-1, max-image-preview:large, max-video-preview:-1\" \/>\n<link rel=\"canonical\" href=\"https:\/\/smm-follow.com\/fr\/product\/acheter-mention-instagram\/\" \/>\n<meta property=\"og:locale\" content=\"fr_FR\" \/>\n<meta property=\"og:type\" content=\"article\" \/>\n<meta property=\"og:title\" content=\"\u0645\u0646\u0634\u0646 \u0627\u0646\u0633\u062a\u0642\u0631\u0627\u0645\" \/>\n<meta property=\"og:description\" content=\"\u0645\u0646\u0634\u0646 \u0627\u0646\u0633\u062a\u0642\u0631\u0627\u0645 \u0645\u0646 \u062d\u0633\u0627\u0628\u0627\u062a \u062d\u0642\u064a\u0642\u064a\u0629 \u062a\u0630\u0643\u0631 \u0627\u0633\u0645\u0643 \u0641\u064a \u0645\u062d\u062a\u0648\u0627\u0647\u0627. \u0643\u0644 \u0645\u0646\u0634\u0646 \u064a\u062c\u0644\u0628 \u0632\u0648\u0627\u0631 \u062c\u062f\u062f \u0644\u0628\u0631\u0648\u0641\u0627\u064a\u0644\u0643 \u0648\u064a\u0639\u0632\u0632 \u0634\u0647\u0631\u062a\u0643. \u0625\u0634\u0627\u0631\u0627\u062a \u0637\u0628\u064a\u0639\u064a\u0629 \u0641\u064a \u0645\u0646\u0634\u0648\u0631\u0627\u062a \u0645\u0646\u0627\u0633\u0628\u0629\u060c \u0627\u0646\u062a\u0634\u0627\u0631 \u0648\u0627\u0633\u0639.\" \/>\n<meta property=\"og:url\" content=\"https:\/\/smm-follow.com\/fr\/product\/acheter-mention-instagram\/\" \/>\n<meta property=\"og:site_name\" content=\"SMM Follow\" \/>\n<meta property=\"article:modified_time\" content=\"2026-01-16T07:17:44+00:00\" \/>\n<meta property=\"og:image\" content=\"https:\/\/smm-follow.com\/wp-content\/uploads\/2025\/12\/Picsart_24-01-21_18-52-11-230-scaled-1-1-1.jpg\" \/>\n\t<meta property=\"og:image:width\" content=\"2560\" \/>\n\t<meta property=\"og:image:height\" content=\"2560\" \/>\n\t<meta property=\"og:image:type\" content=\"image\/jpeg\" \/>\n<meta name=\"twitter:card\" content=\"summary_large_image\" \/>\n<meta name=\"twitter:label1\" content=\"Prix\" \/>\n\t<meta name=\"twitter:data1\" content=\"&#036;0.00\" \/>\n\t<meta name=\"twitter:label2\" content=\"Disponibilit\u00e9\" \/>\n\t<meta name=\"twitter:data2\" content=\"En stock\" \/>\n<script type=\"application\/ld+json\" class=\"yoast-schema-graph\">{\"@context\":\"https:\/\/schema.org\",\"@graph\":[{\"@type\":\"WebPage\",\"@id\":\"https:\/\/smm-follow.com\/product\/instagram-mention\/\",\"url\":\"https:\/\/smm-follow.com\/product\/instagram-mention\/\",\"name\":\"\u0634\u0631\u0627\u0621 \u0645\u0646\u0634\u0646 \u0627\u0646\u0633\u062a\u0642\u0631\u0627\u0645 | \u0632\u064a\u0627\u062f\u0629 Instagram Mentions \u0644\u0644\u0627\u0646\u062a\u0634\u0627\u0631\",\"isPartOf\":{\"@id\":\"https:\/\/smm-follow.com\/#website\"},\"primaryImageOfPage\":{\"@id\":\"https:\/\/smm-follow.com\/product\/instagram-mention\/#primaryimage\"},\"image\":{\"@id\":\"https:\/\/smm-follow.com\/product\/instagram-mention\/#primaryimage\"},\"thumbnailUrl\":\"https:\/\/smm-follow.com\/wp-content\/uploads\/2025\/12\/Picsart_24-01-21_18-52-11-230-scaled-1-1-1.jpg\",\"datePublished\":\"2025-12-23T11:40:27+00:00\",\"dateModified\":\"2026-01-16T07:17:44+00:00\",\"description\":\"\u0645\u0646\u0634\u0646 \u0627\u0646\u0633\u062a\u0642\u0631\u0627\u0645 \u0645\u0646 \u062d\u0633\u0627\u0628\u0627\u062a \u062d\u0642\u064a\u0642\u064a\u0629 \u062a\u0630\u0643\u0631 \u0627\u0633\u0645\u0643 \u0641\u064a \u0645\u062d\u062a\u0648\u0627\u0647\u0627. \u0643\u0644 \u0645\u0646\u0634\u0646 \u064a\u062c\u0644\u0628 \u0632\u0648\u0627\u0631 \u062c\u062f\u062f \u0644\u0628\u0631\u0648\u0641\u0627\u064a\u0644\u0643 \u0648\u064a\u0639\u0632\u0632 \u0634\u0647\u0631\u062a\u0643. \u0625\u0634\u0627\u0631\u0627\u062a \u0637\u0628\u064a\u0639\u064a\u0629 \u0641\u064a \u0645\u0646\u0634\u0648\u0631\u0627\u062a \u0645\u0646\u0627\u0633\u0628\u0629\u060c \u0627\u0646\u062a\u0634\u0627\u0631 \u0648\u0627\u0633\u0639.\",\"breadcrumb\":{\"@id\":\"https:\/\/smm-follow.com\/product\/instagram-mention\/#breadcrumb\"},\"inLanguage\":\"fr-FR\",\"potentialAction\":[{\"@type\":\"ReadAction\",\"target\":[\"https:\/\/smm-follow.com\/product\/instagram-mention\/\"]}]},{\"@type\":\"ImageObject\",\"inLanguage\":\"fr-FR\",\"@id\":\"https:\/\/smm-follow.com\/product\/instagram-mention\/#primaryimage\",\"url\":\"https:\/\/smm-follow.com\/wp-content\/uploads\/2025\/12\/Picsart_24-01-21_18-52-11-230-scaled-1-1-1.jpg\",\"contentUrl\":\"https:\/\/smm-follow.com\/wp-content\/uploads\/2025\/12\/Picsart_24-01-21_18-52-11-230-scaled-1-1-1.jpg\",\"width\":2560,\"height\":2560},{\"@type\":\"BreadcrumbList\",\"@id\":\"https:\/\/smm-follow.com\/product\/instagram-mention\/#breadcrumb\",\"itemListElement\":[{\"@type\":\"ListItem\",\"position\":1,\"name\":\"\u0627\u0644\u0631\u0626\u064a\u0633\u064a\u0629\",\"item\":\"https:\/\/smm-follow.com\/\"},{\"@type\":\"ListItem\",\"position\":2,\"name\":\"\u0627\u0644\u0645\u062a\u062c\u0631\",\"item\":\"https:\/\/smm-follow.com\/en\/shop\/\"},{\"@type\":\"ListItem\",\"position\":3,\"name\":\"\u0645\u0646\u0634\u0646 \u0627\u0646\u0633\u062a\u0642\u0631\u0627\u0645\"}]},{\"@type\":\"WebSite\",\"@id\":\"https:\/\/smm-follow.com\/#website\",\"url\":\"https:\/\/smm-follow.com\/\",\"name\":\"SMM FOLLOW\",\"description\":\"\u0645\u0646\u0635\u0629 \u0645\u062a\u062e\u0635\u0635\u0629 \u0641\u064a \u062e\u062f\u0645\u0627\u062a \u0645\u0648\u0627\u0642\u0639 \u0627\u0644\u062a\u0648\u0627\u0635\u0644 \u0627\u0644\u0627\u062c\u062a\u0645\u0627\u0639\u064a \u0644\u0632\u064a\u0627\u062f\u0629 \u0627\u0644\u0645\u062a\u0627\u0628\u0639\u064a\u0646\u060c \u0627\u0644\u0644\u0627\u064a\u0643\u0627\u062a\u060c \u0648\u0627\u0644\u0645\u0634\u0627\u0647\u062f\u0627\u062a \u0639\u0644\u0649 \u0625\u0646\u0633\u062a\u0642\u0631\u0627\u0645\u060c \u062a\u064a\u0643 \u062a\u0648\u0643\u060c \u064a\u0648\u062a\u064a\u0648\u0628 \u0648\u063a\u064a\u0631\u0647\u0627. \u062e\u062f\u0645\u0627\u062a \u0622\u0645\u0646\u0629 \u0644\u062c\u0645\u064a\u0639 \u0627\u0644\u062f\u0648\u0644\",\"publisher\":{\"@id\":\"https:\/\/smm-follow.com\/#organization\"},\"alternateName\":\"Follow 965 \u0641\u0648\u0644\u0648\",\"potentialAction\":[{\"@type\":\"SearchAction\",\"target\":{\"@type\":\"EntryPoint\",\"urlTemplate\":\"https:\/\/smm-follow.com\/?s={search_term_string}\"},\"query-input\":{\"@type\":\"PropertyValueSpecification\",\"valueRequired\":true,\"valueName\":\"search_term_string\"}}],\"inLanguage\":\"fr-FR\"},{\"@type\":\"Organization\",\"@id\":\"https:\/\/smm-follow.com\/#organization\",\"name\":\"SMM FOLLOW\",\"alternateName\":\"Follow 965\",\"url\":\"https:\/\/smm-follow.com\/\",\"logo\":{\"@type\":\"ImageObject\",\"inLanguage\":\"fr-FR\",\"@id\":\"https:\/\/smm-follow.com\/#\/schema\/logo\/image\/\",\"url\":\"https:\/\/smm-follow.com\/wp-content\/uploads\/2025\/12\/Logo-smm-follow.jpg\",\"contentUrl\":\"https:\/\/smm-follow.com\/wp-content\/uploads\/2025\/12\/Logo-smm-follow.jpg\",\"width\":1080,\"height\":1080,\"caption\":\"SMM FOLLOW\"},\"image\":{\"@id\":\"https:\/\/smm-follow.com\/#\/schema\/logo\/image\/\"},\"hasMerchantReturnPolicy\":{\"@type\":\"MerchantReturnPolicy\",\"merchantReturnLink\":\"https:\/\/smm-follow.com\/fr\/politique-de-retour\/\"}}]}<\/script>\n<meta property=\"product:brand\" content=\"\u0627\u0646\u0633\u062a\u0642\u0631\u0627\u0645\" \/>\n<meta property=\"product:price:amount\" content=\"0.00\" \/>\n<meta property=\"product:price:currency\" content=\"USD\" \/>\n<meta property=\"og:availability\" content=\"instock\" \/>\n<meta property=\"product:availability\" content=\"instock\" \/>\n<meta property=\"product:condition\" content=\"new\" \/>\n<!-- \/ Yoast SEO Premium plugin. -->","yoast_head_json":{"title":"Achetez des mentions Instagram | Augmentez votre visibilit\u00e9 sur Instagram pour une audience plus large","description":"Les mentions Instagram provenant de comptes authentiques qui citent votre nom dans leur contenu. Chaque mention g\u00e9n\u00e8re du trafic vers votre profil et accro\u00eet votre visibilit\u00e9. Les mentions naturelles dans des publications pertinentes offrent une large exposition.","robots":{"index":"index","follow":"follow","max-snippet":"max-snippet:-1","max-image-preview":"max-image-preview:large","max-video-preview":"max-video-preview:-1"},"canonical":"https:\/\/smm-follow.com\/fr\/product\/acheter-mention-instagram\/","og_locale":"fr_FR","og_type":"article","og_title":"\u0645\u0646\u0634\u0646 \u0627\u0646\u0633\u062a\u0642\u0631\u0627\u0645","og_description":"\u0645\u0646\u0634\u0646 \u0627\u0646\u0633\u062a\u0642\u0631\u0627\u0645 \u0645\u0646 \u062d\u0633\u0627\u0628\u0627\u062a \u062d\u0642\u064a\u0642\u064a\u0629 \u062a\u0630\u0643\u0631 \u0627\u0633\u0645\u0643 \u0641\u064a \u0645\u062d\u062a\u0648\u0627\u0647\u0627. \u0643\u0644 \u0645\u0646\u0634\u0646 \u064a\u062c\u0644\u0628 \u0632\u0648\u0627\u0631 \u062c\u062f\u062f \u0644\u0628\u0631\u0648\u0641\u0627\u064a\u0644\u0643 \u0648\u064a\u0639\u0632\u0632 \u0634\u0647\u0631\u062a\u0643. \u0625\u0634\u0627\u0631\u0627\u062a \u0637\u0628\u064a\u0639\u064a\u0629 \u0641\u064a \u0645\u0646\u0634\u0648\u0631\u0627\u062a \u0645\u0646\u0627\u0633\u0628\u0629\u060c \u0627\u0646\u062a\u0634\u0627\u0631 \u0648\u0627\u0633\u0639.","og_url":"https:\/\/smm-follow.com\/fr\/product\/acheter-mention-instagram\/","og_site_name":"SMM Follow","article_modified_time":"2026-01-16T07:17:44+00:00","og_image":[{"width":2560,"height":2560,"url":"https:\/\/smm-follow.com\/wp-content\/uploads\/2025\/12\/Picsart_24-01-21_18-52-11-230-scaled-1-1-1.jpg","type":"image\/jpeg"}],"twitter_card":"summary_large_image","twitter_misc":{"Prix":"&#36;0.00","Disponibilit\u00e9":"En stock"},"schema":{"@context":"https:\/\/schema.org","@graph":[{"@type":"WebPage","@id":"https:\/\/smm-follow.com\/product\/instagram-mention\/","url":"https:\/\/smm-follow.com\/product\/instagram-mention\/","name":"Achetez des mentions Instagram | Augmentez votre visibilit\u00e9 sur Instagram pour une audience plus large","isPartOf":{"@id":"https:\/\/smm-follow.com\/#website"},"primaryImageOfPage":{"@id":"https:\/\/smm-follow.com\/product\/instagram-mention\/#primaryimage"},"image":{"@id":"https:\/\/smm-follow.com\/product\/instagram-mention\/#primaryimage"},"thumbnailUrl":"https:\/\/smm-follow.com\/wp-content\/uploads\/2025\/12\/Picsart_24-01-21_18-52-11-230-scaled-1-1-1.jpg","datePublished":"2025-12-23T11:40:27+00:00","dateModified":"2026-01-16T07:17:44+00:00","description":"Les mentions Instagram provenant de comptes authentiques qui citent votre nom dans leur contenu. Chaque mention g\u00e9n\u00e8re du trafic vers votre profil et accro\u00eet votre visibilit\u00e9. Les mentions naturelles dans des publications pertinentes offrent une large exposition.","breadcrumb":{"@id":"https:\/\/smm-follow.com\/product\/instagram-mention\/#breadcrumb"},"inLanguage":"fr-FR","potentialAction":[{"@type":"ReadAction","target":["https:\/\/smm-follow.com\/product\/instagram-mention\/"]}]},{"@type":"ImageObject","inLanguage":"fr-FR","@id":"https:\/\/smm-follow.com\/product\/instagram-mention\/#primaryimage","url":"https:\/\/smm-follow.com\/wp-content\/uploads\/2025\/12\/Picsart_24-01-21_18-52-11-230-scaled-1-1-1.jpg","contentUrl":"https:\/\/smm-follow.com\/wp-content\/uploads\/2025\/12\/Picsart_24-01-21_18-52-11-230-scaled-1-1-1.jpg","width":2560,"height":2560},{"@type":"BreadcrumbList","@id":"https:\/\/smm-follow.com\/product\/instagram-mention\/#breadcrumb","itemListElement":[{"@type":"ListItem","position":1,"name":"\u0627\u0644\u0631\u0626\u064a\u0633\u064a\u0629","item":"https:\/\/smm-follow.com\/"},{"@type":"ListItem","position":2,"name":"\u0627\u0644\u0645\u062a\u062c\u0631","item":"https:\/\/smm-follow.com\/en\/shop\/"},{"@type":"ListItem","position":3,"name":"\u0645\u0646\u0634\u0646 \u0627\u0646\u0633\u062a\u0642\u0631\u0627\u0645"}]},{"@type":"WebSite","@id":"https:\/\/smm-follow.com\/#website","url":"https:\/\/smm-follow.com\/","name":"SMM SUIVRE","description":"Une plateforme sp\u00e9cialis\u00e9e dans les services de m\u00e9dias sociaux pour augmenter le nombre d&#039;abonn\u00e9s, de mentions \u00ab\u00a0J&#039;aime\u00a0\u00bb et de vues sur Instagram, TikTok, YouTube et autres. Services s\u00e9curis\u00e9s disponibles dans tous les pays.","publisher":{"@id":"https:\/\/smm-follow.com\/#organization"},"alternateName":"Follow 965 \u0641\u0648\u0644\u0648","potentialAction":[{"@type":"SearchAction","target":{"@type":"EntryPoint","urlTemplate":"https:\/\/smm-follow.com\/?s={search_term_string}"},"query-input":{"@type":"PropertyValueSpecification","valueRequired":true,"valueName":"search_term_string"}}],"inLanguage":"fr-FR"},{"@type":"Organization","@id":"https:\/\/smm-follow.com\/#organization","name":"SMM SUIVRE","alternateName":"Follow 965","url":"https:\/\/smm-follow.com\/","logo":{"@type":"ImageObject","inLanguage":"fr-FR","@id":"https:\/\/smm-follow.com\/#\/schema\/logo\/image\/","url":"https:\/\/smm-follow.com\/wp-content\/uploads\/2025\/12\/Logo-smm-follow.jpg","contentUrl":"https:\/\/smm-follow.com\/wp-content\/uploads\/2025\/12\/Logo-smm-follow.jpg","width":1080,"height":1080,"caption":"SMM FOLLOW"},"image":{"@id":"https:\/\/smm-follow.com\/#\/schema\/logo\/image\/"},"hasMerchantReturnPolicy":{"@type":"MerchantReturnPolicy","merchantReturnLink":"https:\/\/smm-follow.com\/fr\/politique-de-retour\/"}}]},"product_brand":"\u0627\u0646\u0633\u062a\u0642\u0631\u0627\u0645","product_price_amount":"0.00","product_price_currency":"USD","og_availability":"instock","product_availability":"instock","product_condition":"new"},"_links":{"self":[{"href":"https:\/\/smm-follow.com\/fr\/wp-json\/wp\/v2\/product\/89","targetHints":{"allow":["GET"]}}],"collection":[{"href":"https:\/\/smm-follow.com\/fr\/wp-json\/wp\/v2\/product"}],"about":[{"href":"https:\/\/smm-follow.com\/fr\/wp-json\/wp\/v2\/types\/product"}],"replies":[{"embeddable":true,"href":"https:\/\/smm-follow.com\/fr\/wp-json\/wp\/v2\/comments?post=89"}],"wp:featuredmedia":[{"embeddable":true,"href":"https:\/\/smm-follow.com\/fr\/wp-json\/wp\/v2\/media\/123"}],"wp:attachment":[{"href":"https:\/\/smm-follow.com\/fr\/wp-json\/wp\/v2\/media?parent=89"}],"wp:term":[{"taxonomy":"product_brand","embeddable":true,"href":"https:\/\/smm-follow.com\/fr\/wp-json\/wp\/v2\/product_brand?post=89"},{"taxonomy":"product_cat","embeddable":true,"href":"https:\/\/smm-follow.com\/fr\/wp-json\/wp\/v2\/product_cat?post=89"},{"taxonomy":"product_tag","embeddable":true,"href":"https:\/\/smm-follow.com\/fr\/wp-json\/wp\/v2\/product_tag?post=89"}],"curies":[{"name":"wp","href":"https:\/\/api.w.org\/{rel}","templated":true}]}}