{"id":91,"date":"2025-12-23T14:40:27","date_gmt":"2025-12-23T11:40:27","guid":{"rendered":"https:\/\/smm-follow.com\/?post_type=product&#038;p=91"},"modified":"2026-01-16T10:17:44","modified_gmt":"2026-01-16T07:17:44","slug":"instagram-direct-message","status":"publish","type":"product","link":"https:\/\/smm-follow.com\/fr\/product\/acheter-instagram-direct-message\/","title":{"rendered":"Message direct Instagram"},"content":{"rendered":"<h1>Augmenter et activer les messages directs sur Instagram\u00a0: une strat\u00e9gie de communication intelligente<\/h1>\n<p>Pour commencer, recherchez-vous un moyen efficace de convertir vos abonn\u00e9s en clients fid\u00e8les\u00a0? <strong>Augmentez et activez les messages directs Instagram (Messages directs)<\/strong> Il s&#039;agit de la solution strat\u00e9gique optimale. En fait, elle est consid\u00e9r\u00e9e comme telle. <strong>Message direct Instagram<\/strong> L&#039;un des outils de communication les plus puissants et pourtant souvent n\u00e9glig\u00e9s. De plus, <strong>Activer les messages directs Instagram<\/strong> Elle vous permet de nouer des relations personnelles et uniques avec votre public.<\/p>\n<p>En bref, lorsque vous investissez dans <strong>Augmentez et activez les messages directs Instagram (Messages directs)<\/strong>Vous ne vous contentez pas d&#039;augmenter des chiffres, vous cr\u00e9ez des canaux de communication directs avec des clients potentiels. Par cons\u00e9quent, vous pouvez am\u00e9liorer le service client et augmenter les ventes gr\u00e2ce \u00e0 [la plateforme\/plateforme\/etc.]. <strong>Message direct<\/strong>Et en renfor\u00e7ant consid\u00e9rablement la fid\u00e9lit\u00e9 \u00e0 la marque.<\/p>\n<h2>Pourquoi est-il essentiel d&#039;augmenter le nombre de vos messages directs Instagram pour la croissance de votre compte\u00a0?<\/h2>\n<p>Pour plus de clart\u00e9, <strong>Messages directs Instagram<\/strong> Ce sont bien plus que de simples messages. Ils repr\u00e9sentent une opportunit\u00e9 de communication directe et personnelle impossible \u00e0 atteindre par le biais de commentaires publics.<\/p>\n<h3>\u00c9tablir des relations personnelles solides par message direct<\/h3>\n<p>Avant tout, la communication via <strong>Message direct Instagram<\/strong> Elle instaure un climat de confiance et de familiarit\u00e9. De ce fait, les clients se sentent valoris\u00e9s et \u00e9cout\u00e9s, ce qui renforce leur fid\u00e9lit\u00e9 \u00e0 votre marque. Par ailleurs, ce type de communication permet une r\u00e9solution des probl\u00e8mes plus rapide et plus efficace.<\/p>\n<h3>Augmentez vos taux de conversion et vos ventes gr\u00e2ce aux messages directs.<\/h3>\n<p>De m\u00eame, des \u00e9tudes montrent que <strong>Activer les messages directs Instagram<\/strong> Il peut augmenter les taux de conversion jusqu&#039;\u00e0 30%. C&#039;est pourquoi il est consid\u00e9r\u00e9 <strong>Augmenter les messages directs Instagram<\/strong> Un investissement judicieux pour tout compte professionnel. Par exemple, vous pouvez envoyer des offres exclusives via <strong>Message direct<\/strong> Pour ceux qui s&#039;int\u00e9ressent \u00e0 vos produits.<\/p>\n<h3>Am\u00e9liorer l&#039;exp\u00e9rience client gr\u00e2ce \u00e0 la communication directe<\/h3>\n<p>En revanche, cela vous donne <strong>Augmenter les messages directs Instagram<\/strong> Cela permet de r\u00e9pondre imm\u00e9diatement aux demandes des clients. Par cons\u00e9quent, l&#039;exp\u00e9rience client s&#039;en trouve nettement am\u00e9lior\u00e9e, ce qui a un impact positif sur la r\u00e9putation de votre compte. En d&#039;autres termes, le service devient plus complet et professionnel.<\/p>\n<h2>Fonctionnalit\u00e9s de notre service pour augmenter et activer les messages directs Instagram<\/h2>\n<h3>Haute qualit\u00e9 : Interaction r\u00e9elle d&#039;utilisateurs actifs<\/h3>\n<p>Pour confirmer, nous garantissons que tous <strong>Messages directs Instagram<\/strong> Ces comptes sont r\u00e9els et actifs. Cela garantit donc une interaction naturelle et une s\u00e9curit\u00e9 totale pour votre compte, le prot\u00e9geant de tout risque.<\/p>\n<h3>Ex\u00e9cution extr\u00eamement rapide pour l&#039;activation des messages directs<\/h3>\n<p>Par rapport \u00e0 d&#039;autres services, nous entamons le processus <strong>Activer les messages directs Instagram<\/strong> pendant <strong>5 \u00e0 15 minutes<\/strong> D\u00e8s la confirmation de votre commande, nous organisons la livraison de mani\u00e8re progressive et efficace. Vous obtenez ainsi des r\u00e9sultats rapides et naturels.<\/p>\n<h3>Confidentialit\u00e9 totale sans mot de passe<\/h3>\n<p>Plus pr\u00e9cis\u00e9ment, la s\u00e9curit\u00e9 de votre compte est notre priorit\u00e9 absolue. <strong>Nous ne demandons jamais<\/strong> Votre mot de passe de compte. En revanche, toute la proc\u00e9dure se fait uniquement avec votre nom d&#039;utilisateur.<\/p>\n<h3>Garantie \u00e0 long terme de r\u00e9sultats stables en messagerie directe<\/h3>\n<p>Pour assurer votre confort, nous proposons <strong>garantie de 6 mois<\/strong> Forts de notre service et de notre confiance en sa qualit\u00e9. <strong>Augmentez et activez les messages directs Instagram (Messages directs)<\/strong>Nous prot\u00e9geons votre investissement.<\/p>\n<h2>Comment le service de messagerie directe peut-il \u00eatre avantageux pour diff\u00e9rents types de comptes\u00a0?<\/h2>\n<p>Pour illustrer cela, voici quelques exemples\u00a0:<\/p>\n<ul>\n<li><strong>Pour les boutiques en ligne\u00a0:<\/strong> En gros, vous pouvez utiliser <strong>Message direct Instagram<\/strong> Pour r\u00e9pondre aux questions sur les produits et envoyer des offres sp\u00e9ciales.<\/li>\n<li><strong>Pour les cr\u00e9ateurs de contenu\u00a0:<\/strong> Plus pr\u00e9cis\u00e9ment, cela vous permet <strong>Augmenter les messages directs<\/strong> Communiquer avec les annonceurs potentiels et \u00e9tablir des relations.<\/li>\n<li><strong>Pour les formateurs et les consultants\u00a0:<\/strong> Par cons\u00e9quent, vous pouvez l&#039;utiliser pour recevoir les demandes de renseignements des clients et organiser des s\u00e9ances.<\/li>\n<li><strong>Pour les marques\u00a0:<\/strong> Au final, cela vous aide \u00e0 am\u00e9liorer le service client et \u00e0 valoriser votre image de marque.<\/li>\n<\/ul>\n<h2>\u00c9tapes simples pour commencer \u00e0 activer les messages directs<\/h2>\n<ol>\n<li><strong>D\u00e9finissez vos objectifs\u00a0:<\/strong> Tout d&#039;abord, d\u00e9cidez de ce que vous souhaitez r\u00e9aliser gr\u00e2ce \u00e0 <strong>Augmentez et activez les messages directs Instagram<\/strong>.<\/li>\n<li><strong>Partagez vos donn\u00e9es\u00a0:<\/strong> Ensuite, envoyez-nous votre nom d&#039;utilisateur.<\/li>\n<li><strong>Finalisez le paiement\u00a0:<\/strong> Choisissez ensuite le mode de paiement appropri\u00e9 parmi les options s\u00e9curis\u00e9es.<\/li>\n<li><strong>Commencez \u00e0 communiquer :<\/strong> Enfin, observez les messages entrants commencer \u00e0 affluer via <strong>Message direct<\/strong>.<\/li>\n<\/ol>\n<h2>Forfaits et tarifs du service de messagerie directe<\/h2>\n<table>\n<thead>\n<tr>\n<th>Le paquet<\/th>\n<th>\u00c9tendue du service<\/th>\n<th>Groupe cible<\/th>\n<th>Objectif principal<\/th>\n<\/tr>\n<\/thead>\n<tbody>\n<tr>\n<td><strong>Pack de base<\/strong><\/td>\n<td>50 \u00e0 100 conversations<\/td>\n<td>Comptes \u00e9mergents<\/td>\n<td>En gros, il s&#039;agit de tester et d&#039;entamer la communication par messages directs.<\/td>\n<\/tr>\n<tr>\n<td><strong>Pack de croissance<\/strong><\/td>\n<td>250 \u00e0 500 conversations<\/td>\n<td>petits magasins<\/td>\n<td>G\u00e9n\u00e9ralement, pour augmenter les ventes via les messages directs Instagram<\/td>\n<\/tr>\n<tr>\n<td><strong>Pack professionnel<\/strong><\/td>\n<td>Plus de 1000 conversations<\/td>\n<td>Marques<\/td>\n<td>Principalement pour convertir les abonn\u00e9s en clients via les messages directs<\/td>\n<\/tr>\n<\/tbody>\n<\/table>\n<h2>Questions fr\u00e9quentes concernant l&#039;augmentation du nombre de messages directs sur Instagram<\/h2>\n<h3>Les messages seront-ils automatis\u00e9s ou personnalis\u00e9s\u00a0?<\/h3>\n<p>En fait, nous proposons deux options de messagerie dans <strong>Message direct Instagram<\/strong>. Autrement dit, nous r\u00e9pondons \u00e0 vos diff\u00e9rents besoins.<\/p>\n<h3>Quelle est la diff\u00e9rence entre ce service et le service de commentaires\u00a0?<\/h3>\n<p>Pour \u00eatre clair, la section des commentaires est consacr\u00e9e aux interactions g\u00e9n\u00e9rales. <strong>Service d&#039;amplification et d&#039;activation des messages directs Instagram<\/strong> Elle est ax\u00e9e sur la communication priv\u00e9e.<\/p>\n<h3>Puis-je sp\u00e9cifier le type de messages dans les messages directs\u00a0?<\/h3>\n<p>Absolument. Plus pr\u00e9cis\u00e9ment, vous pouvez d\u00e9finir certains sujets pour les messages entrants via <strong>Message direct<\/strong>.<\/p>\n<h3>Comment puis-je mesurer le succ\u00e8s du service de messagerie directe\u00a0?<\/h3>\n<p>En suivant <strong>Bo\u00eete de r\u00e9ception Instagram<\/strong>. Apr\u00e8s cela, vous remarquerez une nette augmentation du nombre de conversations via <strong>Message direct<\/strong>.<\/p>\n<h2>\u00c9tape suivante\u00a0: convertir les abonn\u00e9s en partenaires par message direct<\/h2>\n<p>En conclusion, <strong>Augmentez et activez les messages directs Instagram (Messages directs)<\/strong> Ce n&#039;est pas un luxe, c&#039;est une strat\u00e9gie indispensable. Gr\u00e2ce \u00e0 l&#039;assurance qualit\u00e9, vous \u00eates \u00e0 deux doigts de transformer vos abonn\u00e9s en clients. <strong>Par cons\u00e9quent, ne laissez pas passer l&#039;opportunit\u00e9 de communiquer par message direct ; commencez d\u00e8s aujourd&#039;hui \u00e0 b\u00e2tir des ponts de confiance.<\/strong><\/p>","protected":false},"excerpt":{"rendered":"<p>Messages directs percutants\u00a0! Recevez des messages directs Instagram de 1\u00a0001\u00a0TP3T comptes r\u00e9els et actifs qui envoient des messages personnalis\u00e9s. Chaque message est une opportunit\u00e9 de communication directe et de d\u00e9veloppement de relations. Livraison rapide, messages personnalis\u00e9s avec du contenu organique, forfaits flexibles, engagement direct accru, relations solides et assistance 24\u00a0h\/24 et 7\u00a0j\/7. Communiquez efficacement avec votre audience\u00a0!<\/p>","protected":false},"featured_media":125,"comment_status":"closed","ping_status":"closed","template":"","meta":[],"product_brand":[],"product_cat":[19,225],"product_tag":[],"class_list":{"0":"post-91","1":"product","2":"type-product","3":"status-publish","4":"has-post-thumbnail","6":"product_cat-instagram","7":"product_cat-social-media","8":"tm-has-options","10":"first","11":"instock","12":"virtual","13":"taxable","14":"purchasable","15":"product-type-simple"},"yoast_head":"<!-- This site is optimized with the Yoast SEO Premium plugin v21.7 (Yoast SEO v27.1.1) - https:\/\/yoast.com\/product\/yoast-seo-premium-wordpress\/ -->\n<title>\u0634\u0631\u0627\u0621 \u062f\u0627\u064a\u0631\u0643\u062a \u0627\u0646\u0633\u062a\u0642\u0631\u0627\u0645 | \u0632\u064a\u0627\u062f\u0629 Direct Messages \u0645\u062e\u0635\u0635\u0629<\/title>\n<meta name=\"description\" content=\"\u062f\u0627\u064a\u0631\u0643\u062a \u0627\u0646\u0633\u062a\u0642\u0631\u0627\u0645 \u0645\u0646 \u062d\u0633\u0627\u0628\u0627\u062a \u062d\u0642\u064a\u0642\u064a\u0629 \u062a\u0631\u0633\u0644 \u0631\u0633\u0627\u0626\u0644 \u0645\u062e\u0635\u0635\u0629 \u0637\u0628\u064a\u0639\u064a\u0629. \u062a\u0648\u0627\u0635\u0644 \u0645\u0628\u0627\u0634\u0631 \u0641\u0639\u0627\u0644 \u0644\u0628\u0646\u0627\u0621 \u0639\u0644\u0627\u0642\u0627\u062a \u0642\u0648\u064a\u0629 \u0645\u0639 \u0627\u0644\u062c\u0645\u0647\u0648\u0631. \u0631\u0633\u0627\u0626\u0644 \u0645\u062e\u0635\u0635\u0629 \u0628\u0645\u062d\u062a\u0648\u0649 \u0637\u0628\u064a\u0639\u064a\u060c \u062a\u0633\u0644\u064a\u0645 \u0633\u0631\u064a\u0639.\" \/>\n<meta name=\"robots\" content=\"index, follow, max-snippet:-1, max-image-preview:large, max-video-preview:-1\" \/>\n<link rel=\"canonical\" href=\"https:\/\/smm-follow.com\/fr\/product\/acheter-instagram-direct-message\/\" \/>\n<meta property=\"og:locale\" content=\"fr_FR\" \/>\n<meta property=\"og:type\" content=\"article\" \/>\n<meta property=\"og:title\" content=\"\u062f\u0627\u064a\u0631\u0643\u062a \u0645\u0633\u062c \u0627\u0646\u0633\u062a\u0642\u0631\u0627\u0645\" \/>\n<meta property=\"og:description\" content=\"\u062f\u0627\u064a\u0631\u0643\u062a \u0627\u0646\u0633\u062a\u0642\u0631\u0627\u0645 \u0645\u0646 \u062d\u0633\u0627\u0628\u0627\u062a \u062d\u0642\u064a\u0642\u064a\u0629 \u062a\u0631\u0633\u0644 \u0631\u0633\u0627\u0626\u0644 \u0645\u062e\u0635\u0635\u0629 \u0637\u0628\u064a\u0639\u064a\u0629. \u062a\u0648\u0627\u0635\u0644 \u0645\u0628\u0627\u0634\u0631 \u0641\u0639\u0627\u0644 \u0644\u0628\u0646\u0627\u0621 \u0639\u0644\u0627\u0642\u0627\u062a \u0642\u0648\u064a\u0629 \u0645\u0639 \u0627\u0644\u062c\u0645\u0647\u0648\u0631. \u0631\u0633\u0627\u0626\u0644 \u0645\u062e\u0635\u0635\u0629 \u0628\u0645\u062d\u062a\u0648\u0649 \u0637\u0628\u064a\u0639\u064a\u060c \u062a\u0633\u0644\u064a\u0645 \u0633\u0631\u064a\u0639.\" \/>\n<meta property=\"og:url\" content=\"https:\/\/smm-follow.com\/fr\/product\/acheter-instagram-direct-message\/\" \/>\n<meta property=\"og:site_name\" content=\"SMM Follow\" \/>\n<meta property=\"article:modified_time\" content=\"2026-01-16T07:17:44+00:00\" \/>\n<meta property=\"og:image\" content=\"https:\/\/smm-follow.com\/wp-content\/uploads\/2025\/12\/Picsart_24-01-21_18-53-29-774-scaled-1-1-1.jpg\" \/>\n\t<meta property=\"og:image:width\" content=\"2560\" \/>\n\t<meta property=\"og:image:height\" content=\"2560\" \/>\n\t<meta property=\"og:image:type\" content=\"image\/jpeg\" \/>\n<meta name=\"twitter:card\" content=\"summary_large_image\" \/>\n<meta name=\"twitter:label1\" content=\"Prix\" \/>\n\t<meta name=\"twitter:data1\" content=\"&#036;0.00\" \/>\n\t<meta name=\"twitter:label2\" content=\"Disponibilit\u00e9\" \/>\n\t<meta name=\"twitter:data2\" content=\"En stock\" \/>\n<script type=\"application\/ld+json\" class=\"yoast-schema-graph\">{\"@context\":\"https:\/\/schema.org\",\"@graph\":[{\"@type\":\"WebPage\",\"@id\":\"https:\/\/smm-follow.com\/product\/instagram-direct-message\/\",\"url\":\"https:\/\/smm-follow.com\/product\/instagram-direct-message\/\",\"name\":\"\u0634\u0631\u0627\u0621 \u062f\u0627\u064a\u0631\u0643\u062a \u0627\u0646\u0633\u062a\u0642\u0631\u0627\u0645 | \u0632\u064a\u0627\u062f\u0629 Direct Messages \u0645\u062e\u0635\u0635\u0629\",\"isPartOf\":{\"@id\":\"https:\/\/smm-follow.com\/#website\"},\"primaryImageOfPage\":{\"@id\":\"https:\/\/smm-follow.com\/product\/instagram-direct-message\/#primaryimage\"},\"image\":{\"@id\":\"https:\/\/smm-follow.com\/product\/instagram-direct-message\/#primaryimage\"},\"thumbnailUrl\":\"https:\/\/smm-follow.com\/wp-content\/uploads\/2025\/12\/Picsart_24-01-21_18-53-29-774-scaled-1-1-1.jpg\",\"datePublished\":\"2025-12-23T11:40:27+00:00\",\"dateModified\":\"2026-01-16T07:17:44+00:00\",\"description\":\"\u062f\u0627\u064a\u0631\u0643\u062a \u0627\u0646\u0633\u062a\u0642\u0631\u0627\u0645 \u0645\u0646 \u062d\u0633\u0627\u0628\u0627\u062a \u062d\u0642\u064a\u0642\u064a\u0629 \u062a\u0631\u0633\u0644 \u0631\u0633\u0627\u0626\u0644 \u0645\u062e\u0635\u0635\u0629 \u0637\u0628\u064a\u0639\u064a\u0629. \u062a\u0648\u0627\u0635\u0644 \u0645\u0628\u0627\u0634\u0631 \u0641\u0639\u0627\u0644 \u0644\u0628\u0646\u0627\u0621 \u0639\u0644\u0627\u0642\u0627\u062a \u0642\u0648\u064a\u0629 \u0645\u0639 \u0627\u0644\u062c\u0645\u0647\u0648\u0631. \u0631\u0633\u0627\u0626\u0644 \u0645\u062e\u0635\u0635\u0629 \u0628\u0645\u062d\u062a\u0648\u0649 \u0637\u0628\u064a\u0639\u064a\u060c \u062a\u0633\u0644\u064a\u0645 \u0633\u0631\u064a\u0639.\",\"breadcrumb\":{\"@id\":\"https:\/\/smm-follow.com\/product\/instagram-direct-message\/#breadcrumb\"},\"inLanguage\":\"fr-FR\",\"potentialAction\":[{\"@type\":\"ReadAction\",\"target\":[\"https:\/\/smm-follow.com\/product\/instagram-direct-message\/\"]}]},{\"@type\":\"ImageObject\",\"inLanguage\":\"fr-FR\",\"@id\":\"https:\/\/smm-follow.com\/product\/instagram-direct-message\/#primaryimage\",\"url\":\"https:\/\/smm-follow.com\/wp-content\/uploads\/2025\/12\/Picsart_24-01-21_18-53-29-774-scaled-1-1-1.jpg\",\"contentUrl\":\"https:\/\/smm-follow.com\/wp-content\/uploads\/2025\/12\/Picsart_24-01-21_18-53-29-774-scaled-1-1-1.jpg\",\"width\":2560,\"height\":2560},{\"@type\":\"BreadcrumbList\",\"@id\":\"https:\/\/smm-follow.com\/product\/instagram-direct-message\/#breadcrumb\",\"itemListElement\":[{\"@type\":\"ListItem\",\"position\":1,\"name\":\"\u0627\u0644\u0631\u0626\u064a\u0633\u064a\u0629\",\"item\":\"https:\/\/smm-follow.com\/\"},{\"@type\":\"ListItem\",\"position\":2,\"name\":\"\u0627\u0644\u0645\u062a\u062c\u0631\",\"item\":\"https:\/\/smm-follow.com\/en\/shop\/\"},{\"@type\":\"ListItem\",\"position\":3,\"name\":\"\u062f\u0627\u064a\u0631\u0643\u062a \u0645\u0633\u062c \u0627\u0646\u0633\u062a\u0642\u0631\u0627\u0645\"}]},{\"@type\":\"WebSite\",\"@id\":\"https:\/\/smm-follow.com\/#website\",\"url\":\"https:\/\/smm-follow.com\/\",\"name\":\"SMM FOLLOW\",\"description\":\"\u0645\u0646\u0635\u0629 \u0645\u062a\u062e\u0635\u0635\u0629 \u0641\u064a \u062e\u062f\u0645\u0627\u062a \u0645\u0648\u0627\u0642\u0639 \u0627\u0644\u062a\u0648\u0627\u0635\u0644 \u0627\u0644\u0627\u062c\u062a\u0645\u0627\u0639\u064a \u0644\u0632\u064a\u0627\u062f\u0629 \u0627\u0644\u0645\u062a\u0627\u0628\u0639\u064a\u0646\u060c \u0627\u0644\u0644\u0627\u064a\u0643\u0627\u062a\u060c \u0648\u0627\u0644\u0645\u0634\u0627\u0647\u062f\u0627\u062a \u0639\u0644\u0649 \u0625\u0646\u0633\u062a\u0642\u0631\u0627\u0645\u060c \u062a\u064a\u0643 \u062a\u0648\u0643\u060c \u064a\u0648\u062a\u064a\u0648\u0628 \u0648\u063a\u064a\u0631\u0647\u0627. \u062e\u062f\u0645\u0627\u062a \u0622\u0645\u0646\u0629 \u0644\u062c\u0645\u064a\u0639 \u0627\u0644\u062f\u0648\u0644\",\"publisher\":{\"@id\":\"https:\/\/smm-follow.com\/#organization\"},\"alternateName\":\"Follow 965 \u0641\u0648\u0644\u0648\",\"potentialAction\":[{\"@type\":\"SearchAction\",\"target\":{\"@type\":\"EntryPoint\",\"urlTemplate\":\"https:\/\/smm-follow.com\/?s={search_term_string}\"},\"query-input\":{\"@type\":\"PropertyValueSpecification\",\"valueRequired\":true,\"valueName\":\"search_term_string\"}}],\"inLanguage\":\"fr-FR\"},{\"@type\":\"Organization\",\"@id\":\"https:\/\/smm-follow.com\/#organization\",\"name\":\"SMM FOLLOW\",\"alternateName\":\"Follow 965\",\"url\":\"https:\/\/smm-follow.com\/\",\"logo\":{\"@type\":\"ImageObject\",\"inLanguage\":\"fr-FR\",\"@id\":\"https:\/\/smm-follow.com\/#\/schema\/logo\/image\/\",\"url\":\"https:\/\/smm-follow.com\/wp-content\/uploads\/2025\/12\/Logo-smm-follow.jpg\",\"contentUrl\":\"https:\/\/smm-follow.com\/wp-content\/uploads\/2025\/12\/Logo-smm-follow.jpg\",\"width\":1080,\"height\":1080,\"caption\":\"SMM FOLLOW\"},\"image\":{\"@id\":\"https:\/\/smm-follow.com\/#\/schema\/logo\/image\/\"},\"hasMerchantReturnPolicy\":{\"@type\":\"MerchantReturnPolicy\",\"merchantReturnLink\":\"https:\/\/smm-follow.com\/fr\/politique-de-retour\/\"}}]}<\/script>\n<meta property=\"product:brand\" content=\"\u0627\u0646\u0633\u062a\u0642\u0631\u0627\u0645\" \/>\n<meta property=\"product:price:amount\" content=\"0.00\" \/>\n<meta property=\"product:price:currency\" content=\"USD\" \/>\n<meta property=\"og:availability\" content=\"instock\" \/>\n<meta property=\"product:availability\" content=\"instock\" \/>\n<meta property=\"product:condition\" content=\"new\" \/>\n<!-- \/ Yoast SEO Premium plugin. -->","yoast_head_json":{"title":"Achetez des messages directs Instagram | Augmentez le nombre de messages directs personnalis\u00e9s","description":"Instagram Direct\u00a0: des comptes authentiques envoient des messages personnalis\u00e9s et naturels. Une communication directe et efficace pour tisser des liens solides avec votre audience. Messages personnalis\u00e9s au contenu naturel, diffusion rapide.","robots":{"index":"index","follow":"follow","max-snippet":"max-snippet:-1","max-image-preview":"max-image-preview:large","max-video-preview":"max-video-preview:-1"},"canonical":"https:\/\/smm-follow.com\/fr\/product\/acheter-instagram-direct-message\/","og_locale":"fr_FR","og_type":"article","og_title":"\u062f\u0627\u064a\u0631\u0643\u062a \u0645\u0633\u062c \u0627\u0646\u0633\u062a\u0642\u0631\u0627\u0645","og_description":"\u062f\u0627\u064a\u0631\u0643\u062a \u0627\u0646\u0633\u062a\u0642\u0631\u0627\u0645 \u0645\u0646 \u062d\u0633\u0627\u0628\u0627\u062a \u062d\u0642\u064a\u0642\u064a\u0629 \u062a\u0631\u0633\u0644 \u0631\u0633\u0627\u0626\u0644 \u0645\u062e\u0635\u0635\u0629 \u0637\u0628\u064a\u0639\u064a\u0629. \u062a\u0648\u0627\u0635\u0644 \u0645\u0628\u0627\u0634\u0631 \u0641\u0639\u0627\u0644 \u0644\u0628\u0646\u0627\u0621 \u0639\u0644\u0627\u0642\u0627\u062a \u0642\u0648\u064a\u0629 \u0645\u0639 \u0627\u0644\u062c\u0645\u0647\u0648\u0631. \u0631\u0633\u0627\u0626\u0644 \u0645\u062e\u0635\u0635\u0629 \u0628\u0645\u062d\u062a\u0648\u0649 \u0637\u0628\u064a\u0639\u064a\u060c \u062a\u0633\u0644\u064a\u0645 \u0633\u0631\u064a\u0639.","og_url":"https:\/\/smm-follow.com\/fr\/product\/acheter-instagram-direct-message\/","og_site_name":"SMM Follow","article_modified_time":"2026-01-16T07:17:44+00:00","og_image":[{"width":2560,"height":2560,"url":"https:\/\/smm-follow.com\/wp-content\/uploads\/2025\/12\/Picsart_24-01-21_18-53-29-774-scaled-1-1-1.jpg","type":"image\/jpeg"}],"twitter_card":"summary_large_image","twitter_misc":{"Prix":"&#36;0.00","Disponibilit\u00e9":"En stock"},"schema":{"@context":"https:\/\/schema.org","@graph":[{"@type":"WebPage","@id":"https:\/\/smm-follow.com\/product\/instagram-direct-message\/","url":"https:\/\/smm-follow.com\/product\/instagram-direct-message\/","name":"Achetez des messages directs Instagram | Augmentez le nombre de messages directs personnalis\u00e9s","isPartOf":{"@id":"https:\/\/smm-follow.com\/#website"},"primaryImageOfPage":{"@id":"https:\/\/smm-follow.com\/product\/instagram-direct-message\/#primaryimage"},"image":{"@id":"https:\/\/smm-follow.com\/product\/instagram-direct-message\/#primaryimage"},"thumbnailUrl":"https:\/\/smm-follow.com\/wp-content\/uploads\/2025\/12\/Picsart_24-01-21_18-53-29-774-scaled-1-1-1.jpg","datePublished":"2025-12-23T11:40:27+00:00","dateModified":"2026-01-16T07:17:44+00:00","description":"Instagram Direct\u00a0: des comptes authentiques envoient des messages personnalis\u00e9s et naturels. Une communication directe et efficace pour tisser des liens solides avec votre audience. Messages personnalis\u00e9s au contenu naturel, diffusion rapide.","breadcrumb":{"@id":"https:\/\/smm-follow.com\/product\/instagram-direct-message\/#breadcrumb"},"inLanguage":"fr-FR","potentialAction":[{"@type":"ReadAction","target":["https:\/\/smm-follow.com\/product\/instagram-direct-message\/"]}]},{"@type":"ImageObject","inLanguage":"fr-FR","@id":"https:\/\/smm-follow.com\/product\/instagram-direct-message\/#primaryimage","url":"https:\/\/smm-follow.com\/wp-content\/uploads\/2025\/12\/Picsart_24-01-21_18-53-29-774-scaled-1-1-1.jpg","contentUrl":"https:\/\/smm-follow.com\/wp-content\/uploads\/2025\/12\/Picsart_24-01-21_18-53-29-774-scaled-1-1-1.jpg","width":2560,"height":2560},{"@type":"BreadcrumbList","@id":"https:\/\/smm-follow.com\/product\/instagram-direct-message\/#breadcrumb","itemListElement":[{"@type":"ListItem","position":1,"name":"\u0627\u0644\u0631\u0626\u064a\u0633\u064a\u0629","item":"https:\/\/smm-follow.com\/"},{"@type":"ListItem","position":2,"name":"\u0627\u0644\u0645\u062a\u062c\u0631","item":"https:\/\/smm-follow.com\/en\/shop\/"},{"@type":"ListItem","position":3,"name":"\u062f\u0627\u064a\u0631\u0643\u062a \u0645\u0633\u062c \u0627\u0646\u0633\u062a\u0642\u0631\u0627\u0645"}]},{"@type":"WebSite","@id":"https:\/\/smm-follow.com\/#website","url":"https:\/\/smm-follow.com\/","name":"SMM SUIVRE","description":"Une plateforme sp\u00e9cialis\u00e9e dans les services de m\u00e9dias sociaux pour augmenter le nombre d&#039;abonn\u00e9s, de mentions \u00ab\u00a0J&#039;aime\u00a0\u00bb et de vues sur Instagram, TikTok, YouTube et autres. Services s\u00e9curis\u00e9s disponibles dans tous les pays.","publisher":{"@id":"https:\/\/smm-follow.com\/#organization"},"alternateName":"Follow 965 \u0641\u0648\u0644\u0648","potentialAction":[{"@type":"SearchAction","target":{"@type":"EntryPoint","urlTemplate":"https:\/\/smm-follow.com\/?s={search_term_string}"},"query-input":{"@type":"PropertyValueSpecification","valueRequired":true,"valueName":"search_term_string"}}],"inLanguage":"fr-FR"},{"@type":"Organization","@id":"https:\/\/smm-follow.com\/#organization","name":"SMM SUIVRE","alternateName":"Follow 965","url":"https:\/\/smm-follow.com\/","logo":{"@type":"ImageObject","inLanguage":"fr-FR","@id":"https:\/\/smm-follow.com\/#\/schema\/logo\/image\/","url":"https:\/\/smm-follow.com\/wp-content\/uploads\/2025\/12\/Logo-smm-follow.jpg","contentUrl":"https:\/\/smm-follow.com\/wp-content\/uploads\/2025\/12\/Logo-smm-follow.jpg","width":1080,"height":1080,"caption":"SMM FOLLOW"},"image":{"@id":"https:\/\/smm-follow.com\/#\/schema\/logo\/image\/"},"hasMerchantReturnPolicy":{"@type":"MerchantReturnPolicy","merchantReturnLink":"https:\/\/smm-follow.com\/fr\/politique-de-retour\/"}}]},"product_brand":"\u0627\u0646\u0633\u062a\u0642\u0631\u0627\u0645","product_price_amount":"0.00","product_price_currency":"USD","og_availability":"instock","product_availability":"instock","product_condition":"new"},"_links":{"self":[{"href":"https:\/\/smm-follow.com\/fr\/wp-json\/wp\/v2\/product\/91","targetHints":{"allow":["GET"]}}],"collection":[{"href":"https:\/\/smm-follow.com\/fr\/wp-json\/wp\/v2\/product"}],"about":[{"href":"https:\/\/smm-follow.com\/fr\/wp-json\/wp\/v2\/types\/product"}],"replies":[{"embeddable":true,"href":"https:\/\/smm-follow.com\/fr\/wp-json\/wp\/v2\/comments?post=91"}],"wp:featuredmedia":[{"embeddable":true,"href":"https:\/\/smm-follow.com\/fr\/wp-json\/wp\/v2\/media\/125"}],"wp:attachment":[{"href":"https:\/\/smm-follow.com\/fr\/wp-json\/wp\/v2\/media?parent=91"}],"wp:term":[{"taxonomy":"product_brand","embeddable":true,"href":"https:\/\/smm-follow.com\/fr\/wp-json\/wp\/v2\/product_brand?post=91"},{"taxonomy":"product_cat","embeddable":true,"href":"https:\/\/smm-follow.com\/fr\/wp-json\/wp\/v2\/product_cat?post=91"},{"taxonomy":"product_tag","embeddable":true,"href":"https:\/\/smm-follow.com\/fr\/wp-json\/wp\/v2\/product_tag?post=91"}],"curies":[{"name":"wp","href":"https:\/\/api.w.org\/{rel}","templated":true}]}}