{"id":92,"date":"2025-12-23T14:40:28","date_gmt":"2025-12-23T11:40:28","guid":{"rendered":"https:\/\/smm-follow.com\/?post_type=product&#038;p=92"},"modified":"2026-01-16T10:17:44","modified_gmt":"2026-01-16T07:17:44","slug":"instagram-save","status":"publish","type":"product","link":"https:\/\/smm-follow.com\/fr\/product\/acheter-instagram-enregistrer\/","title":{"rendered":"Enregistrer la publication Instagram"},"content":{"rendered":"<h1>Achetez des enregistrements de publications Instagram \u2013 boostez votre classement gr\u00e2ce \u00e0 des enregistrements authentiques<\/h1>\n<p><strong>Vous recherchez un moyen efficace d&#039;acheter et de sauvegarder des publications Instagram\u00a0?<\/strong> <strong>En r\u00e9alit\u00e9<\/strong>, service <strong>Achetez Instagram et \u00e9conomisez<\/strong> Cela vous permet d&#039;obtenir une sauvegarde instantan\u00e9e et authentique pour am\u00e9liorer le classement de votre publication. <strong>En outre<\/strong>C&#039;est incroyable <strong>Service sp\u00e9cialis\u00e9<\/strong> Cela valorise votre contenu et augmente ses chances d&#039;appara\u00eetre dans l&#039;algorithme. <strong>Donc<\/strong>Vous pourrez grandement am\u00e9liorer vos performances gr\u00e2ce \u00e0 <strong>Am\u00e9liorez la pr\u00e9servation de vos publications<\/strong>.<\/p>\n<h2>Pourquoi est-il n\u00e9cessaire d&#039;acheter une sauvegarde Instagram pour votre compte\u00a0?<\/h2>\n<h3>Am\u00e9liorez votre classement dans l&#039;algorithme d&#039;Instagram en \u00e9conomisant<\/h3>\n<p><strong>Tout d&#039;abord<\/strong>Quand vous le faites <strong>Am\u00e9liorer la sauvegarde des publications Instagram<\/strong>L&#039;algorithme consid\u00e8re votre contenu comme pr\u00e9cieux. <strong>Par cons\u00e9quent<\/strong>Instagram met vos publications en avant et les affiche \u00e0 un plus grand nombre d&#039;utilisateurs.<\/p>\n<h3>Stockage : l&#039;indicateur le plus fiable de la qualit\u00e9 du contenu<\/h3>\n<p><strong>En outre<\/strong>L&#039;option \u00ab\u00a0Sauvegarder\u00a0\u00bb est le signal d&#039;interaction le plus fort sur la plateforme. <strong>En r\u00e9alit\u00e9<\/strong>\u060c <strong>Enregistrer les publications<\/strong> Cela signifie que l&#039;utilisateur souhaite revenir sur ce contenu en raison de sa valeur.<\/p>\n<h3>Acc\u00e8s accru aux produits biologiques gr\u00e2ce \u00e0 une meilleure conservation<\/h3>\n<p><strong>En outre<\/strong>Les publications affichant des taux de conservation \u00e9lev\u00e9s b\u00e9n\u00e9ficient d&#039;une diffusion organique beaucoup plus importante. <strong>Donc<\/strong>\u060c <strong>Investir dans un service d&#039;\u00e9pargne Instagram<\/strong> C&#039;est une strat\u00e9gie intelligente pour d\u00e9velopper votre compte.<\/p>\n<h2>Fonctionnalit\u00e9s du service d&#039;enregistrement des achats de publications Instagram<\/h2>\n<ul>\n<li><strong>\u2705 Enregistr\u00e9 \u00e0 partir de comptes r\u00e9els et actifs\u00a0:<\/strong> Toutes les op\u00e9rations <strong>Enregistrer Instagram<\/strong> Des comptes qui utilisent la plateforme quotidiennement.<\/li>\n<li><strong>\u2705 Livraison instantan\u00e9e en quelques minutes :<\/strong> Nous commen\u00e7ons dans les 10 \u00e0 30 minutes suivant la confirmation de la commande. <strong>Achat<\/strong>.<\/li>\n<li><strong>\u2705 Accouchement progressif et naturel :<\/strong> Nous \u00e9vitons ainsi toute augmentation soudaine et suspecte de l&#039;algorithme.<\/li>\n<li><strong>\u2705 Des formules flexibles pour tous les besoins\u00a0:<\/strong> sur 100 <strong>Enregistrez vos publications<\/strong> Jusqu&#039;\u00e0 plus de 50 000 selon vos besoins.<\/li>\n<li><strong>\u2705 S\u00e9curit\u00e9 totale sans mot de passe\u00a0:<\/strong> Nous avons simplement besoin du lien vers l&#039;article.<\/li>\n<li><strong>\u2705 Garantie de remplacement de 6 mois\u00a0:<\/strong> Si les \u00e9conomies diminuent (tr\u00e8s rare), nous vous indemniserons gratuitement.<\/li>\n<li><strong>\u2705 Assistance technique disponible 24h\/24 et 7j\/7\u00a0:<\/strong> L&#039;\u00e9quipe d&#039;assistance est disponible 24h\/24 et 7j\/7.<\/li>\n<\/ul>\n<h2>\u00c9tapes pour acheter et activer Instagram Save<\/h2>\n<ol>\n<li><strong>Premi\u00e8re \u00e9tape : S\u00e9lectionner le nombre \u00e0 m\u00e9moriser<\/strong> \u2013 Choisissez le nombre d&#039;enregistrements que vous souhaitez pour votre publication.<\/li>\n<li><strong>Deuxi\u00e8me \u00e9tape\u00a0: Saisissez le lien vers la publication cibl\u00e9e<\/strong> Copiez le lien vers la publication souhait\u00e9e. <strong>Am\u00e9liorer sa pr\u00e9servation<\/strong>.<\/li>\n<li><strong>Troisi\u00e8me \u00e9tape\u00a0: Choisir un mode de paiement<\/strong> Choisissez le mode de paiement appropri\u00e9.<\/li>\n<li><strong>\u00c9tape quatre\u00a0: Afficher les r\u00e9sultats des \u00e9conomies<\/strong> Effectuez le paiement et voyez les r\u00e9sultats en 10 \u00e0 30 minutes !<\/li>\n<\/ol>\n<h2>Achetez des forfaits pour sauvegarder des publications<\/h2>\n<ul>\n<li><strong>Pack d&#039;essai (100 \u00e0 500 sauvegardes)\u00a0:<\/strong> Parfait pour l&#039;exp\u00e9rience <strong>service de sauvegarde Instagram<\/strong> Ou pour les publications r\u00e9guli\u00e8res.<\/li>\n<li><strong>Pack Croissance (1\u00a0000 \u00e0 10\u00a0000 \u00e9conomies)\u00a0:<\/strong> Id\u00e9al pour un contenu de valeur que vous souhaitez diffuser largement.<\/li>\n<li><strong>Pack professionnel (plus de 20\u00a0000 sauvegardes)\u00a0:<\/strong> Nous l&#039;avons con\u00e7u pour le contenu strat\u00e9gique et les campagnes majeures.<\/li>\n<\/ul>\n<h2>Types de contenu id\u00e9aux \u00e0 acheter et \u00e0 \u00e9conomiser<\/h2>\n<ul>\n<li><strong>Contenu \u00e9ducatif et d&#039;orientation\u00a0:<\/strong> Explications, le\u00e7ons et conseils pratiques.<\/li>\n<li><strong>Contenu inspirant et motivant\u00a0:<\/strong> Citations inspirantes et contenu motivant.<\/li>\n<li><strong>Listes et r\u00e9f\u00e9rences utiles\u00a0:<\/strong> Des listes telles que \u201c 10 outils \u201d ou \u201c 5 \u00e9tapes \u201d.<\/li>\n<li><strong>Infographies et donn\u00e9es :<\/strong> Informations visuelles et donn\u00e9es utiles.<\/li>\n<li><strong>Guides et explications complets\u00a0:<\/strong> Un contenu d\u00e9taill\u00e9 qui r\u00e9sout un probl\u00e8me sp\u00e9cifique.<\/li>\n<\/ul>\n<h2>Questions fr\u00e9quentes concernant l&#039;achat de stories Instagram<\/h2>\n<ul>\n<li><strong>Combien de temps faut-il pour fournir le service de stockage\u00a0?<\/strong> Nous commen\u00e7ons dans les 10 \u00e0 30 minutes suivant la confirmation de la commande.<\/li>\n<li><strong>Ces sauvegardes proviennent-elles de comptes r\u00e9els\u00a0?<\/strong> Oui, tous <strong>Enregistrer les publications<\/strong> \u00c0 partir de comptes r\u00e9els et actifs.<\/li>\n<li><strong>Avez-vous besoin d&#039;un mot de passe pour effectuer un achat\u00a0?<\/strong> Non, nous avons juste besoin du lien vers l&#039;article.<\/li>\n<li><strong>Est-il possible que mon compte aupr\u00e8s de ce service soit bloqu\u00e9\u00a0?<\/strong> <strong>Acheter un compte d&#039;\u00e9pargne<\/strong> Son utilisation avec des m\u00e9thodes de conservation authentiques garantit une s\u00e9curit\u00e9 totale.<\/li>\n<li><strong>La conservation est-elle permanente apr\u00e8s l&#039;achat\u00a0?<\/strong> Oui, restez \u00e0 votre poste et ne l\u00e2chez rien.<\/li>\n<li><strong>Puis-je demander \u00e0 enregistrer plusieurs messages\u00a0?<\/strong> Oui, vous pouvez demander ce service pour une ou plusieurs publications.<\/li>\n<\/ul>\n<h2>Commencez d\u00e8s maintenant \u00e0 \u00e9conomiser sur vos publications Instagram !<\/h2>\n<p><strong>Ne laissez pas votre contenu de qualit\u00e9 passer inaper\u00e7u sans la forte r\u00e9action qu&#039;il m\u00e9rite !<\/strong> <strong>En r\u00e9alit\u00e9<\/strong>Livraison imm\u00e9diate et diff\u00e9rents forfaits pour <strong>Acheter un compte d&#039;\u00e9pargne<\/strong>Vous obtiendrez des r\u00e9sultats exceptionnels. <strong>Donc<\/strong>N&#039;h\u00e9sitez pas et demandez <strong>service de sauvegarde Instagram<\/strong> D\u00e9sormais, en toute confiance et avec une garantie compl\u00e8te. <strong>Et ainsi<\/strong>Vous atteindrez le succ\u00e8s et la visibilit\u00e9 que vous m\u00e9ritez sur Instagram ! \ud83d\ude80\ud83d\udccc<\/p>","protected":false},"excerpt":{"rendered":"<p>Service professionnel premium\u00a0! Recevez 1001\u00a0publications Instagram issues de sources r\u00e9elles, actives et engageantes. Croissance rapide et s\u00e9curis\u00e9e, respectueuse des politiques de la plateforme. Livraison instantan\u00e9e, formules flexibles, garantie compl\u00e8te, aucun mot de passe requis, assistance 24\u00a0h\/24 et 7\u00a0j\/7. R\u00e9sultats garantis ou rembours\u00e9\u00a0!<\/p>","protected":false},"featured_media":134,"comment_status":"closed","ping_status":"closed","template":"","meta":[],"product_brand":[],"product_cat":[19,225],"product_tag":[],"class_list":{"0":"post-92","1":"product","2":"type-product","3":"status-publish","4":"has-post-thumbnail","6":"product_cat-instagram","7":"product_cat-social-media","8":"tm-has-options","10":"first","11":"instock","12":"virtual","13":"taxable","14":"purchasable","15":"product-type-simple"},"yoast_head":"<!-- This site is optimized with the Yoast SEO Premium plugin v21.7 (Yoast SEO v27.1.1) - https:\/\/yoast.com\/product\/yoast-seo-premium-wordpress\/ -->\n<title>\u0634\u0631\u0627\u0621 \u062d\u0641\u0638 \u0645\u0646\u0634\u0648\u0631 \u0627\u0646\u0633\u062a\u0642\u0631\u0627\u0645 | \u0632\u064a\u0627\u062f\u0629 Post Saves \u062f\u0627\u0626\u0645\u0629<\/title>\n<meta name=\"description\" content=\"\u062d\u0641\u0638 \u0645\u0646\u0634\u0648\u0631 \u0627\u0646\u0633\u062a\u0642\u0631\u0627\u0645 \u064a\u062b\u0628\u062a \u0623\u0646 \u0645\u062d\u062a\u0648\u0627\u0643 \u0630\u0648 \u0642\u064a\u0645\u0629 \u064a\u064f\u0631\u062c\u0639 \u0625\u0644\u064a\u0647. \u0643\u0644 \u062d\u0641\u0638 \u064a\u0631\u0641\u0639 \u0642\u064a\u0645\u062a\u0643 \u0641\u064a \u0627\u0644\u062e\u0648\u0627\u0631\u0632\u0645\u064a\u0629. Saves \u062f\u0627\u0626\u0645\u0629 \u0645\u0646 \u0645\u0633\u062a\u062e\u062f\u0645\u064a\u0646 \u064a\u0642\u062f\u0631\u0648\u0646 \u0645\u062d\u062a\u0648\u0627\u0643\u060c \u062a\u0633\u0644\u064a\u0645 \u0641\u0648\u0631\u064a.\" \/>\n<meta name=\"robots\" content=\"index, follow, max-snippet:-1, max-image-preview:large, max-video-preview:-1\" \/>\n<link rel=\"canonical\" href=\"https:\/\/smm-follow.com\/fr\/product\/acheter-instagram-enregistrer\/\" \/>\n<meta property=\"og:locale\" content=\"fr_FR\" \/>\n<meta property=\"og:type\" content=\"article\" \/>\n<meta property=\"og:title\" content=\"\u062d\u0641\u0638 \u0645\u0646\u0634\u0648\u0631 \u0627\u0646\u0633\u062a\u0642\u0631\u0627\u0645\" \/>\n<meta property=\"og:description\" content=\"\u062d\u0641\u0638 \u0645\u0646\u0634\u0648\u0631 \u0627\u0646\u0633\u062a\u0642\u0631\u0627\u0645 \u064a\u062b\u0628\u062a \u0623\u0646 \u0645\u062d\u062a\u0648\u0627\u0643 \u0630\u0648 \u0642\u064a\u0645\u0629 \u064a\u064f\u0631\u062c\u0639 \u0625\u0644\u064a\u0647. \u0643\u0644 \u062d\u0641\u0638 \u064a\u0631\u0641\u0639 \u0642\u064a\u0645\u062a\u0643 \u0641\u064a \u0627\u0644\u062e\u0648\u0627\u0631\u0632\u0645\u064a\u0629. Saves \u062f\u0627\u0626\u0645\u0629 \u0645\u0646 \u0645\u0633\u062a\u062e\u062f\u0645\u064a\u0646 \u064a\u0642\u062f\u0631\u0648\u0646 \u0645\u062d\u062a\u0648\u0627\u0643\u060c \u062a\u0633\u0644\u064a\u0645 \u0641\u0648\u0631\u064a.\" \/>\n<meta property=\"og:url\" content=\"https:\/\/smm-follow.com\/fr\/product\/acheter-instagram-enregistrer\/\" \/>\n<meta property=\"og:site_name\" content=\"SMM Follow\" \/>\n<meta property=\"article:modified_time\" content=\"2026-01-16T07:17:44+00:00\" \/>\n<meta property=\"og:image\" content=\"https:\/\/smm-follow.com\/wp-content\/uploads\/2025\/12\/\u0633\u064a\u0641-Save-1-scaled-1-1.jpg\" \/>\n\t<meta property=\"og:image:width\" content=\"2560\" \/>\n\t<meta property=\"og:image:height\" content=\"2560\" \/>\n\t<meta property=\"og:image:type\" content=\"image\/jpeg\" \/>\n<meta name=\"twitter:card\" content=\"summary_large_image\" \/>\n<meta name=\"twitter:label1\" content=\"Prix\" \/>\n\t<meta name=\"twitter:data1\" content=\"&#036;0.00\" \/>\n\t<meta name=\"twitter:label2\" content=\"Disponibilit\u00e9\" \/>\n\t<meta name=\"twitter:data2\" content=\"En stock\" \/>\n<script type=\"application\/ld+json\" class=\"yoast-schema-graph\">{\"@context\":\"https:\/\/schema.org\",\"@graph\":[{\"@type\":\"WebPage\",\"@id\":\"https:\/\/smm-follow.com\/product\/instagram-save\/\",\"url\":\"https:\/\/smm-follow.com\/product\/instagram-save\/\",\"name\":\"\u0634\u0631\u0627\u0621 \u062d\u0641\u0638 \u0645\u0646\u0634\u0648\u0631 \u0627\u0646\u0633\u062a\u0642\u0631\u0627\u0645 | \u0632\u064a\u0627\u062f\u0629 Post Saves \u062f\u0627\u0626\u0645\u0629\",\"isPartOf\":{\"@id\":\"https:\/\/smm-follow.com\/#website\"},\"primaryImageOfPage\":{\"@id\":\"https:\/\/smm-follow.com\/product\/instagram-save\/#primaryimage\"},\"image\":{\"@id\":\"https:\/\/smm-follow.com\/product\/instagram-save\/#primaryimage\"},\"thumbnailUrl\":\"https:\/\/smm-follow.com\/wp-content\/uploads\/2025\/12\/\u0633\u064a\u0641-Save-1-scaled-1-1.jpg\",\"datePublished\":\"2025-12-23T11:40:28+00:00\",\"dateModified\":\"2026-01-16T07:17:44+00:00\",\"description\":\"\u062d\u0641\u0638 \u0645\u0646\u0634\u0648\u0631 \u0627\u0646\u0633\u062a\u0642\u0631\u0627\u0645 \u064a\u062b\u0628\u062a \u0623\u0646 \u0645\u062d\u062a\u0648\u0627\u0643 \u0630\u0648 \u0642\u064a\u0645\u0629 \u064a\u064f\u0631\u062c\u0639 \u0625\u0644\u064a\u0647. \u0643\u0644 \u062d\u0641\u0638 \u064a\u0631\u0641\u0639 \u0642\u064a\u0645\u062a\u0643 \u0641\u064a \u0627\u0644\u062e\u0648\u0627\u0631\u0632\u0645\u064a\u0629. Saves \u062f\u0627\u0626\u0645\u0629 \u0645\u0646 \u0645\u0633\u062a\u062e\u062f\u0645\u064a\u0646 \u064a\u0642\u062f\u0631\u0648\u0646 \u0645\u062d\u062a\u0648\u0627\u0643\u060c \u062a\u0633\u0644\u064a\u0645 \u0641\u0648\u0631\u064a.\",\"breadcrumb\":{\"@id\":\"https:\/\/smm-follow.com\/product\/instagram-save\/#breadcrumb\"},\"inLanguage\":\"fr-FR\",\"potentialAction\":[{\"@type\":\"ReadAction\",\"target\":[\"https:\/\/smm-follow.com\/product\/instagram-save\/\"]}]},{\"@type\":\"ImageObject\",\"inLanguage\":\"fr-FR\",\"@id\":\"https:\/\/smm-follow.com\/product\/instagram-save\/#primaryimage\",\"url\":\"https:\/\/smm-follow.com\/wp-content\/uploads\/2025\/12\/\u0633\u064a\u0641-Save-1-scaled-1-1.jpg\",\"contentUrl\":\"https:\/\/smm-follow.com\/wp-content\/uploads\/2025\/12\/\u0633\u064a\u0641-Save-1-scaled-1-1.jpg\",\"width\":2560,\"height\":2560},{\"@type\":\"BreadcrumbList\",\"@id\":\"https:\/\/smm-follow.com\/product\/instagram-save\/#breadcrumb\",\"itemListElement\":[{\"@type\":\"ListItem\",\"position\":1,\"name\":\"\u0627\u0644\u0631\u0626\u064a\u0633\u064a\u0629\",\"item\":\"https:\/\/smm-follow.com\/\"},{\"@type\":\"ListItem\",\"position\":2,\"name\":\"\u0627\u0644\u0645\u062a\u062c\u0631\",\"item\":\"https:\/\/smm-follow.com\/en\/shop\/\"},{\"@type\":\"ListItem\",\"position\":3,\"name\":\"\u062d\u0641\u0638 \u0645\u0646\u0634\u0648\u0631 \u0627\u0646\u0633\u062a\u0642\u0631\u0627\u0645\"}]},{\"@type\":\"WebSite\",\"@id\":\"https:\/\/smm-follow.com\/#website\",\"url\":\"https:\/\/smm-follow.com\/\",\"name\":\"SMM FOLLOW\",\"description\":\"\u0645\u0646\u0635\u0629 \u0645\u062a\u062e\u0635\u0635\u0629 \u0641\u064a \u062e\u062f\u0645\u0627\u062a \u0645\u0648\u0627\u0642\u0639 \u0627\u0644\u062a\u0648\u0627\u0635\u0644 \u0627\u0644\u0627\u062c\u062a\u0645\u0627\u0639\u064a \u0644\u0632\u064a\u0627\u062f\u0629 \u0627\u0644\u0645\u062a\u0627\u0628\u0639\u064a\u0646\u060c \u0627\u0644\u0644\u0627\u064a\u0643\u0627\u062a\u060c \u0648\u0627\u0644\u0645\u0634\u0627\u0647\u062f\u0627\u062a \u0639\u0644\u0649 \u0625\u0646\u0633\u062a\u0642\u0631\u0627\u0645\u060c \u062a\u064a\u0643 \u062a\u0648\u0643\u060c \u064a\u0648\u062a\u064a\u0648\u0628 \u0648\u063a\u064a\u0631\u0647\u0627. \u062e\u062f\u0645\u0627\u062a \u0622\u0645\u0646\u0629 \u0644\u062c\u0645\u064a\u0639 \u0627\u0644\u062f\u0648\u0644\",\"publisher\":{\"@id\":\"https:\/\/smm-follow.com\/#organization\"},\"alternateName\":\"Follow 965 \u0641\u0648\u0644\u0648\",\"potentialAction\":[{\"@type\":\"SearchAction\",\"target\":{\"@type\":\"EntryPoint\",\"urlTemplate\":\"https:\/\/smm-follow.com\/?s={search_term_string}\"},\"query-input\":{\"@type\":\"PropertyValueSpecification\",\"valueRequired\":true,\"valueName\":\"search_term_string\"}}],\"inLanguage\":\"fr-FR\"},{\"@type\":\"Organization\",\"@id\":\"https:\/\/smm-follow.com\/#organization\",\"name\":\"SMM FOLLOW\",\"alternateName\":\"Follow 965\",\"url\":\"https:\/\/smm-follow.com\/\",\"logo\":{\"@type\":\"ImageObject\",\"inLanguage\":\"fr-FR\",\"@id\":\"https:\/\/smm-follow.com\/#\/schema\/logo\/image\/\",\"url\":\"https:\/\/smm-follow.com\/wp-content\/uploads\/2025\/12\/Logo-smm-follow.jpg\",\"contentUrl\":\"https:\/\/smm-follow.com\/wp-content\/uploads\/2025\/12\/Logo-smm-follow.jpg\",\"width\":1080,\"height\":1080,\"caption\":\"SMM FOLLOW\"},\"image\":{\"@id\":\"https:\/\/smm-follow.com\/#\/schema\/logo\/image\/\"},\"hasMerchantReturnPolicy\":{\"@type\":\"MerchantReturnPolicy\",\"merchantReturnLink\":\"https:\/\/smm-follow.com\/fr\/politique-de-retour\/\"}}]}<\/script>\n<meta property=\"product:brand\" content=\"\u0627\u0646\u0633\u062a\u0642\u0631\u0627\u0645\" \/>\n<meta property=\"product:price:amount\" content=\"0.00\" \/>\n<meta property=\"product:price:currency\" content=\"USD\" \/>\n<meta property=\"og:availability\" content=\"instock\" \/>\n<meta property=\"product:availability\" content=\"instock\" \/>\n<meta property=\"product:condition\" content=\"new\" \/>\n<!-- \/ Yoast SEO Premium plugin. -->","yoast_head_json":{"title":"Achetez des enregistrements de publications Instagram | Augmentez vos enregistrements de publications de fa\u00e7on permanente","description":"Enregistrer une publication Instagram prouve que votre contenu est pertinent et m\u00e9rite d&#039;\u00eatre consult\u00e9 \u00e0 nouveau. Chaque enregistrement am\u00e9liore votre classement dans l&#039;algorithme. Des enregistrements permanents d&#039;utilisateurs qui appr\u00e9cient votre contenu, pour une diffusion instantan\u00e9e.","robots":{"index":"index","follow":"follow","max-snippet":"max-snippet:-1","max-image-preview":"max-image-preview:large","max-video-preview":"max-video-preview:-1"},"canonical":"https:\/\/smm-follow.com\/fr\/product\/acheter-instagram-enregistrer\/","og_locale":"fr_FR","og_type":"article","og_title":"\u062d\u0641\u0638 \u0645\u0646\u0634\u0648\u0631 \u0627\u0646\u0633\u062a\u0642\u0631\u0627\u0645","og_description":"\u062d\u0641\u0638 \u0645\u0646\u0634\u0648\u0631 \u0627\u0646\u0633\u062a\u0642\u0631\u0627\u0645 \u064a\u062b\u0628\u062a \u0623\u0646 \u0645\u062d\u062a\u0648\u0627\u0643 \u0630\u0648 \u0642\u064a\u0645\u0629 \u064a\u064f\u0631\u062c\u0639 \u0625\u0644\u064a\u0647. \u0643\u0644 \u062d\u0641\u0638 \u064a\u0631\u0641\u0639 \u0642\u064a\u0645\u062a\u0643 \u0641\u064a \u0627\u0644\u062e\u0648\u0627\u0631\u0632\u0645\u064a\u0629. Saves \u062f\u0627\u0626\u0645\u0629 \u0645\u0646 \u0645\u0633\u062a\u062e\u062f\u0645\u064a\u0646 \u064a\u0642\u062f\u0631\u0648\u0646 \u0645\u062d\u062a\u0648\u0627\u0643\u060c \u062a\u0633\u0644\u064a\u0645 \u0641\u0648\u0631\u064a.","og_url":"https:\/\/smm-follow.com\/fr\/product\/acheter-instagram-enregistrer\/","og_site_name":"SMM Follow","article_modified_time":"2026-01-16T07:17:44+00:00","og_image":[{"width":2560,"height":2560,"url":"https:\/\/smm-follow.com\/wp-content\/uploads\/2025\/12\/\u0633\u064a\u0641-Save-1-scaled-1-1.jpg","type":"image\/jpeg"}],"twitter_card":"summary_large_image","twitter_misc":{"Prix":"&#36;0.00","Disponibilit\u00e9":"En stock"},"schema":{"@context":"https:\/\/schema.org","@graph":[{"@type":"WebPage","@id":"https:\/\/smm-follow.com\/product\/instagram-save\/","url":"https:\/\/smm-follow.com\/product\/instagram-save\/","name":"Achetez des enregistrements de publications Instagram | Augmentez vos enregistrements de publications de fa\u00e7on permanente","isPartOf":{"@id":"https:\/\/smm-follow.com\/#website"},"primaryImageOfPage":{"@id":"https:\/\/smm-follow.com\/product\/instagram-save\/#primaryimage"},"image":{"@id":"https:\/\/smm-follow.com\/product\/instagram-save\/#primaryimage"},"thumbnailUrl":"https:\/\/smm-follow.com\/wp-content\/uploads\/2025\/12\/\u0633\u064a\u0641-Save-1-scaled-1-1.jpg","datePublished":"2025-12-23T11:40:28+00:00","dateModified":"2026-01-16T07:17:44+00:00","description":"Enregistrer une publication Instagram prouve que votre contenu est pertinent et m\u00e9rite d&#039;\u00eatre consult\u00e9 \u00e0 nouveau. Chaque enregistrement am\u00e9liore votre classement dans l&#039;algorithme. Des enregistrements permanents d&#039;utilisateurs qui appr\u00e9cient votre contenu, pour une diffusion instantan\u00e9e.","breadcrumb":{"@id":"https:\/\/smm-follow.com\/product\/instagram-save\/#breadcrumb"},"inLanguage":"fr-FR","potentialAction":[{"@type":"ReadAction","target":["https:\/\/smm-follow.com\/product\/instagram-save\/"]}]},{"@type":"ImageObject","inLanguage":"fr-FR","@id":"https:\/\/smm-follow.com\/product\/instagram-save\/#primaryimage","url":"https:\/\/smm-follow.com\/wp-content\/uploads\/2025\/12\/\u0633\u064a\u0641-Save-1-scaled-1-1.jpg","contentUrl":"https:\/\/smm-follow.com\/wp-content\/uploads\/2025\/12\/\u0633\u064a\u0641-Save-1-scaled-1-1.jpg","width":2560,"height":2560},{"@type":"BreadcrumbList","@id":"https:\/\/smm-follow.com\/product\/instagram-save\/#breadcrumb","itemListElement":[{"@type":"ListItem","position":1,"name":"\u0627\u0644\u0631\u0626\u064a\u0633\u064a\u0629","item":"https:\/\/smm-follow.com\/"},{"@type":"ListItem","position":2,"name":"\u0627\u0644\u0645\u062a\u062c\u0631","item":"https:\/\/smm-follow.com\/en\/shop\/"},{"@type":"ListItem","position":3,"name":"\u062d\u0641\u0638 \u0645\u0646\u0634\u0648\u0631 \u0627\u0646\u0633\u062a\u0642\u0631\u0627\u0645"}]},{"@type":"WebSite","@id":"https:\/\/smm-follow.com\/#website","url":"https:\/\/smm-follow.com\/","name":"SMM SUIVRE","description":"Une plateforme sp\u00e9cialis\u00e9e dans les services de m\u00e9dias sociaux pour augmenter le nombre d&#039;abonn\u00e9s, de mentions \u00ab\u00a0J&#039;aime\u00a0\u00bb et de vues sur Instagram, TikTok, YouTube et autres. Services s\u00e9curis\u00e9s disponibles dans tous les pays.","publisher":{"@id":"https:\/\/smm-follow.com\/#organization"},"alternateName":"Follow 965 \u0641\u0648\u0644\u0648","potentialAction":[{"@type":"SearchAction","target":{"@type":"EntryPoint","urlTemplate":"https:\/\/smm-follow.com\/?s={search_term_string}"},"query-input":{"@type":"PropertyValueSpecification","valueRequired":true,"valueName":"search_term_string"}}],"inLanguage":"fr-FR"},{"@type":"Organization","@id":"https:\/\/smm-follow.com\/#organization","name":"SMM SUIVRE","alternateName":"Follow 965","url":"https:\/\/smm-follow.com\/","logo":{"@type":"ImageObject","inLanguage":"fr-FR","@id":"https:\/\/smm-follow.com\/#\/schema\/logo\/image\/","url":"https:\/\/smm-follow.com\/wp-content\/uploads\/2025\/12\/Logo-smm-follow.jpg","contentUrl":"https:\/\/smm-follow.com\/wp-content\/uploads\/2025\/12\/Logo-smm-follow.jpg","width":1080,"height":1080,"caption":"SMM FOLLOW"},"image":{"@id":"https:\/\/smm-follow.com\/#\/schema\/logo\/image\/"},"hasMerchantReturnPolicy":{"@type":"MerchantReturnPolicy","merchantReturnLink":"https:\/\/smm-follow.com\/fr\/politique-de-retour\/"}}]},"product_brand":"\u0627\u0646\u0633\u062a\u0642\u0631\u0627\u0645","product_price_amount":"0.00","product_price_currency":"USD","og_availability":"instock","product_availability":"instock","product_condition":"new"},"_links":{"self":[{"href":"https:\/\/smm-follow.com\/fr\/wp-json\/wp\/v2\/product\/92","targetHints":{"allow":["GET"]}}],"collection":[{"href":"https:\/\/smm-follow.com\/fr\/wp-json\/wp\/v2\/product"}],"about":[{"href":"https:\/\/smm-follow.com\/fr\/wp-json\/wp\/v2\/types\/product"}],"replies":[{"embeddable":true,"href":"https:\/\/smm-follow.com\/fr\/wp-json\/wp\/v2\/comments?post=92"}],"wp:featuredmedia":[{"embeddable":true,"href":"https:\/\/smm-follow.com\/fr\/wp-json\/wp\/v2\/media\/134"}],"wp:attachment":[{"href":"https:\/\/smm-follow.com\/fr\/wp-json\/wp\/v2\/media?parent=92"}],"wp:term":[{"taxonomy":"product_brand","embeddable":true,"href":"https:\/\/smm-follow.com\/fr\/wp-json\/wp\/v2\/product_brand?post=92"},{"taxonomy":"product_cat","embeddable":true,"href":"https:\/\/smm-follow.com\/fr\/wp-json\/wp\/v2\/product_cat?post=92"},{"taxonomy":"product_tag","embeddable":true,"href":"https:\/\/smm-follow.com\/fr\/wp-json\/wp\/v2\/product_tag?post=92"}],"curies":[{"name":"wp","href":"https:\/\/api.w.org\/{rel}","templated":true}]}}