{"id":99,"date":"2025-12-23T14:40:29","date_gmt":"2025-12-23T11:40:29","guid":{"rendered":"https:\/\/smm-follow.com\/?post_type=product&#038;p=99"},"modified":"2026-01-16T10:17:44","modified_gmt":"2026-01-16T07:17:44","slug":"snapchat-followers","status":"publish","type":"product","link":"https:\/\/smm-follow.com\/fr\/product\/acheter-des-abonnes-snapchat\/","title":{"rendered":"abonn\u00e9s Snapchat"},"content":{"rendered":"<div>\n<h1><strong>abonn\u00e9s Snapchat<\/strong><\/h1>\n<p>Les abonn\u00e9s Snapchat provenant de sources fiables vous aident \u00e0 toucher un public plus large.<\/p>\n<h2>Caract\u00e9ristiques principales<\/h2>\n<ul>\n<li><strong>Livraison rapide :<\/strong> Nous commencerons la mise en \u0153uvre dans les prochaines heures et la livraison se fera progressivement.<\/li>\n<li><strong>Assistance continue\u00a0:<\/strong> Notre \u00e9quipe d&#039;assistance est pr\u00eate \u00e0 vous aider \u00e0 tout moment.<\/li>\n<li><strong>Garantie solide :<\/strong> Nous offrons une garantie compl\u00e8te de qualit\u00e9 de service.<\/li>\n<li><strong>Interaction r\u00e9elle :<\/strong> Tous les comptes sont actifs et interactifs sur la plateforme.<\/li>\n<\/ul>\n<h2>Pourquoi sommes-nous le meilleur choix ?<\/h2>\n<h3><strong>Garantie solide<\/strong><\/h3>\n<p>Nous offrons une garantie compl\u00e8te de qualit\u00e9 de service.<\/p>\n<h3><strong>Interaction r\u00e9elle<\/strong><\/h3>\n<p>Tous les comptes sont actifs et interactifs sur la plateforme.<\/p>\n<h3><strong>Soutien continu<\/strong><\/h3>\n<p>Notre \u00e9quipe d&#039;assistance est pr\u00eate \u00e0 vous aider \u00e0 tout moment.<\/p>\n<h2>Conseils utiles<\/h2>\n<ul>\n<li>\ud83d\udca1 Interagissez avec votre public pour b\u00e2tir une communaut\u00e9 forte.<\/li>\n<li>\ud83d\udca1 Utilisez les hashtags appropri\u00e9s pour augmenter votre visibilit\u00e9.<\/li>\n<li>\ud83d\udca1 Choisissez les bons moments pour publier.<\/li>\n<\/ul>\n<h2>Foire aux questions<\/h2>\n<div>\n<div>\n<h3>Combien de temps faudra-t-il pour la mise en \u0153uvre ?<\/h3>\n<div>\n<p>Nous commencerons dans quelques heures et la livraison se fera progressivement.<\/p>\n<\/div>\n<\/div>\n<div>\n<h3>Le service est-il s\u00fbr ?<\/h3>\n<div>\n<p>Oui, 100%, nous utilisons des m\u00e9thodes conformes aux politiques de la plateforme.<\/p>\n<\/div>\n<\/div>\n<div>\n<h3>Ces comptes sont-ils r\u00e9els ?<\/h3>\n<div>\n<p>Oui, tous les comptes appartiennent \u00e0 de vrais utilisateurs actifs.<\/p>\n<\/div>\n<\/div>\n<div>\n<h3>Avez-vous besoin d&#039;un mot de passe\u00a0?<\/h3>\n<div>\n<p>Jamais, seulement le nom d&#039;utilisateur ou le lien du compte.<\/p>\n<\/div>\n<\/div>\n<\/div>\n<h2>Pr\u00eat \u00e0 commencer ?<\/h2>\n<p><strong>Commandez vos abonn\u00e9s Snapchat d\u00e8s maintenant et constatez les r\u00e9sultats par vous-m\u00eame. Des milliers de clients nous font confiance chaque jour.<\/strong><\/p>\n<p>Commander est rapide et facile \u2013 cela ne prend que quelques minutes !<\/p>\n<\/div>","protected":false},"excerpt":{"rendered":"<p>Une audience active qui regarde vos stories\u00a0! Obtenez des abonn\u00e9s Snapchat provenant de 1\u00a0001\u00a0TP3T comptes r\u00e9els, actifs et qui consultent vos stories quotidiennement. Notre service vous permet de constituer une audience r\u00e9elle qui interagit avec vos stories. Livraison progressive et s\u00e9curis\u00e9e, forfaits de 100\u00a0000 \u00e0 50\u00a0000 abonn\u00e9s, abonn\u00e9s actifs chaque jour, vues de stories accrues, assistance 24\u00a0h\/24 et 7\u00a0j\/7. D\u00e9veloppez votre audience Snapchat fid\u00e8le\u00a0!<\/p>","protected":false},"featured_media":151,"comment_status":"closed","ping_status":"closed","template":"","meta":[],"product_brand":[],"product_cat":[22,225],"product_tag":[],"class_list":{"0":"post-99","1":"product","2":"type-product","3":"status-publish","4":"has-post-thumbnail","6":"product_cat-snapchat","7":"product_cat-social-media","8":"tm-has-options","10":"first","11":"instock","12":"featured","13":"virtual","14":"taxable","15":"purchasable","16":"product-type-simple"},"yoast_head":"<!-- This site is optimized with the Yoast SEO Premium plugin v21.7 (Yoast SEO v27.1.1) - https:\/\/yoast.com\/product\/yoast-seo-premium-wordpress\/ -->\n<title>\u0634\u0631\u0627\u0621 \u0645\u062a\u0627\u0628\u0639\u064a\u0646 \u0633\u0646\u0627\u0628 \u0634\u0627\u062a | \u0632\u064a\u0627\u062f\u0629 Snapchat Followers \u0646\u0634\u0637\u064a\u0646<\/title>\n<meta name=\"description\" content=\"\u0645\u062a\u0627\u0628\u0639\u064a\u0646 \u0633\u0646\u0627\u0628 \u0634\u0627\u062a \u0645\u0646 \u062d\u0633\u0627\u0628\u0627\u062a \u062d\u0642\u064a\u0642\u064a\u0629 \u062a\u0634\u0627\u0647\u062f \u0633\u062a\u0648\u0631\u064a\u0627\u062a\u0643 \u0628\u0634\u0643\u0644 \u064a\u0648\u0645\u064a. \u0645\u0646 100 \u0644\u0640 50K \u0645\u062a\u0627\u0628\u0639\u060c \u062a\u0633\u0644\u064a\u0645 \u062a\u062f\u0631\u064a\u062c\u064a\u060c \u0645\u062a\u0627\u0628\u0639\u0648\u0646 \u0646\u0634\u0637\u0648\u0646\u060c \u0645\u0634\u0627\u0647\u062f\u0627\u062a \u0633\u062a\u0648\u0631\u064a\u0627\u062a \u0623\u0639\u0644\u0649\u060c \u0628\u0646\u0627\u0621 \u062c\u0645\u0647\u0648\u0631 \u0645\u062e\u0644\u0635.\" \/>\n<meta name=\"robots\" content=\"index, follow, max-snippet:-1, max-image-preview:large, max-video-preview:-1\" \/>\n<link rel=\"canonical\" href=\"https:\/\/smm-follow.com\/fr\/product\/acheter-des-abonnes-snapchat\/\" \/>\n<meta property=\"og:locale\" content=\"fr_FR\" \/>\n<meta property=\"og:type\" content=\"article\" \/>\n<meta property=\"og:title\" content=\"\u0645\u062a\u0627\u0628\u0639\u064a\u0646 \u0633\u0646\u0627\u0628 \u0634\u0627\u062a\" \/>\n<meta property=\"og:description\" content=\"\u0645\u062a\u0627\u0628\u0639\u064a\u0646 \u0633\u0646\u0627\u0628 \u0634\u0627\u062a \u0645\u0646 \u062d\u0633\u0627\u0628\u0627\u062a \u062d\u0642\u064a\u0642\u064a\u0629 \u062a\u0634\u0627\u0647\u062f \u0633\u062a\u0648\u0631\u064a\u0627\u062a\u0643 \u0628\u0634\u0643\u0644 \u064a\u0648\u0645\u064a. \u0645\u0646 100 \u0644\u0640 50K \u0645\u062a\u0627\u0628\u0639\u060c \u062a\u0633\u0644\u064a\u0645 \u062a\u062f\u0631\u064a\u062c\u064a\u060c \u0645\u062a\u0627\u0628\u0639\u0648\u0646 \u0646\u0634\u0637\u0648\u0646\u060c \u0645\u0634\u0627\u0647\u062f\u0627\u062a \u0633\u062a\u0648\u0631\u064a\u0627\u062a \u0623\u0639\u0644\u0649\u060c \u0628\u0646\u0627\u0621 \u062c\u0645\u0647\u0648\u0631 \u0645\u062e\u0644\u0635.\" \/>\n<meta property=\"og:url\" content=\"https:\/\/smm-follow.com\/fr\/product\/acheter-des-abonnes-snapchat\/\" \/>\n<meta property=\"og:site_name\" content=\"SMM Follow\" \/>\n<meta property=\"article:modified_time\" content=\"2026-01-16T07:17:44+00:00\" \/>\n<meta property=\"og:image\" content=\"https:\/\/smm-follow.com\/wp-content\/uploads\/2025\/12\/7-scaled-1-1.jpg\" \/>\n\t<meta property=\"og:image:width\" content=\"2560\" \/>\n\t<meta property=\"og:image:height\" content=\"2560\" \/>\n\t<meta property=\"og:image:type\" content=\"image\/jpeg\" \/>\n<meta name=\"twitter:card\" content=\"summary_large_image\" \/>\n<meta name=\"twitter:label1\" content=\"Prix\" \/>\n\t<meta name=\"twitter:data1\" content=\"&#036;0.00\" \/>\n\t<meta name=\"twitter:label2\" content=\"Disponibilit\u00e9\" \/>\n\t<meta name=\"twitter:data2\" content=\"En stock\" \/>\n<script type=\"application\/ld+json\" class=\"yoast-schema-graph\">{\"@context\":\"https:\/\/schema.org\",\"@graph\":[{\"@type\":\"WebPage\",\"@id\":\"https:\/\/smm-follow.com\/product\/snapchat-followers\/\",\"url\":\"https:\/\/smm-follow.com\/product\/snapchat-followers\/\",\"name\":\"\u0634\u0631\u0627\u0621 \u0645\u062a\u0627\u0628\u0639\u064a\u0646 \u0633\u0646\u0627\u0628 \u0634\u0627\u062a | \u0632\u064a\u0627\u062f\u0629 Snapchat Followers \u0646\u0634\u0637\u064a\u0646\",\"isPartOf\":{\"@id\":\"https:\/\/smm-follow.com\/#website\"},\"primaryImageOfPage\":{\"@id\":\"https:\/\/smm-follow.com\/product\/snapchat-followers\/#primaryimage\"},\"image\":{\"@id\":\"https:\/\/smm-follow.com\/product\/snapchat-followers\/#primaryimage\"},\"thumbnailUrl\":\"https:\/\/smm-follow.com\/wp-content\/uploads\/2025\/12\/7-scaled-1-1.jpg\",\"datePublished\":\"2025-12-23T11:40:29+00:00\",\"dateModified\":\"2026-01-16T07:17:44+00:00\",\"description\":\"\u0645\u062a\u0627\u0628\u0639\u064a\u0646 \u0633\u0646\u0627\u0628 \u0634\u0627\u062a \u0645\u0646 \u062d\u0633\u0627\u0628\u0627\u062a \u062d\u0642\u064a\u0642\u064a\u0629 \u062a\u0634\u0627\u0647\u062f \u0633\u062a\u0648\u0631\u064a\u0627\u062a\u0643 \u0628\u0634\u0643\u0644 \u064a\u0648\u0645\u064a. \u0645\u0646 100 \u0644\u0640 50K \u0645\u062a\u0627\u0628\u0639\u060c \u062a\u0633\u0644\u064a\u0645 \u062a\u062f\u0631\u064a\u062c\u064a\u060c \u0645\u062a\u0627\u0628\u0639\u0648\u0646 \u0646\u0634\u0637\u0648\u0646\u060c \u0645\u0634\u0627\u0647\u062f\u0627\u062a \u0633\u062a\u0648\u0631\u064a\u0627\u062a \u0623\u0639\u0644\u0649\u060c \u0628\u0646\u0627\u0621 \u062c\u0645\u0647\u0648\u0631 \u0645\u062e\u0644\u0635.\",\"breadcrumb\":{\"@id\":\"https:\/\/smm-follow.com\/product\/snapchat-followers\/#breadcrumb\"},\"inLanguage\":\"fr-FR\",\"potentialAction\":[{\"@type\":\"ReadAction\",\"target\":[\"https:\/\/smm-follow.com\/product\/snapchat-followers\/\"]}]},{\"@type\":\"ImageObject\",\"inLanguage\":\"fr-FR\",\"@id\":\"https:\/\/smm-follow.com\/product\/snapchat-followers\/#primaryimage\",\"url\":\"https:\/\/smm-follow.com\/wp-content\/uploads\/2025\/12\/7-scaled-1-1.jpg\",\"contentUrl\":\"https:\/\/smm-follow.com\/wp-content\/uploads\/2025\/12\/7-scaled-1-1.jpg\",\"width\":2560,\"height\":2560},{\"@type\":\"BreadcrumbList\",\"@id\":\"https:\/\/smm-follow.com\/product\/snapchat-followers\/#breadcrumb\",\"itemListElement\":[{\"@type\":\"ListItem\",\"position\":1,\"name\":\"\u0627\u0644\u0631\u0626\u064a\u0633\u064a\u0629\",\"item\":\"https:\/\/smm-follow.com\/\"},{\"@type\":\"ListItem\",\"position\":2,\"name\":\"\u0627\u0644\u0645\u062a\u062c\u0631\",\"item\":\"https:\/\/smm-follow.com\/en\/shop\/\"},{\"@type\":\"ListItem\",\"position\":3,\"name\":\"\u0645\u062a\u0627\u0628\u0639\u064a\u0646 \u0633\u0646\u0627\u0628 \u0634\u0627\u062a\"}]},{\"@type\":\"WebSite\",\"@id\":\"https:\/\/smm-follow.com\/#website\",\"url\":\"https:\/\/smm-follow.com\/\",\"name\":\"SMM FOLLOW\",\"description\":\"\u0645\u0646\u0635\u0629 \u0645\u062a\u062e\u0635\u0635\u0629 \u0641\u064a \u062e\u062f\u0645\u0627\u062a \u0645\u0648\u0627\u0642\u0639 \u0627\u0644\u062a\u0648\u0627\u0635\u0644 \u0627\u0644\u0627\u062c\u062a\u0645\u0627\u0639\u064a \u0644\u0632\u064a\u0627\u062f\u0629 \u0627\u0644\u0645\u062a\u0627\u0628\u0639\u064a\u0646\u060c \u0627\u0644\u0644\u0627\u064a\u0643\u0627\u062a\u060c \u0648\u0627\u0644\u0645\u0634\u0627\u0647\u062f\u0627\u062a \u0639\u0644\u0649 \u0625\u0646\u0633\u062a\u0642\u0631\u0627\u0645\u060c \u062a\u064a\u0643 \u062a\u0648\u0643\u060c \u064a\u0648\u062a\u064a\u0648\u0628 \u0648\u063a\u064a\u0631\u0647\u0627. \u062e\u062f\u0645\u0627\u062a \u0622\u0645\u0646\u0629 \u0644\u062c\u0645\u064a\u0639 \u0627\u0644\u062f\u0648\u0644\",\"publisher\":{\"@id\":\"https:\/\/smm-follow.com\/#organization\"},\"alternateName\":\"Follow 965 \u0641\u0648\u0644\u0648\",\"potentialAction\":[{\"@type\":\"SearchAction\",\"target\":{\"@type\":\"EntryPoint\",\"urlTemplate\":\"https:\/\/smm-follow.com\/?s={search_term_string}\"},\"query-input\":{\"@type\":\"PropertyValueSpecification\",\"valueRequired\":true,\"valueName\":\"search_term_string\"}}],\"inLanguage\":\"fr-FR\"},{\"@type\":\"Organization\",\"@id\":\"https:\/\/smm-follow.com\/#organization\",\"name\":\"SMM FOLLOW\",\"alternateName\":\"Follow 965\",\"url\":\"https:\/\/smm-follow.com\/\",\"logo\":{\"@type\":\"ImageObject\",\"inLanguage\":\"fr-FR\",\"@id\":\"https:\/\/smm-follow.com\/#\/schema\/logo\/image\/\",\"url\":\"https:\/\/smm-follow.com\/wp-content\/uploads\/2025\/12\/Logo-smm-follow.jpg\",\"contentUrl\":\"https:\/\/smm-follow.com\/wp-content\/uploads\/2025\/12\/Logo-smm-follow.jpg\",\"width\":1080,\"height\":1080,\"caption\":\"SMM FOLLOW\"},\"image\":{\"@id\":\"https:\/\/smm-follow.com\/#\/schema\/logo\/image\/\"},\"hasMerchantReturnPolicy\":{\"@type\":\"MerchantReturnPolicy\",\"merchantReturnLink\":\"https:\/\/smm-follow.com\/fr\/politique-de-retour\/\"}}]}<\/script>\n<meta property=\"product:brand\" content=\"\u0633\u0646\u0627\u0628\" \/>\n<meta property=\"product:price:amount\" content=\"0.00\" \/>\n<meta property=\"product:price:currency\" content=\"USD\" \/>\n<meta property=\"og:availability\" content=\"instock\" \/>\n<meta property=\"product:availability\" content=\"instock\" \/>\n<meta property=\"product:condition\" content=\"new\" \/>\n<!-- \/ Yoast SEO Premium plugin. -->","yoast_head_json":{"title":"Acheter des abonn\u00e9s Snapchat | Augmenter le nombre d&#039;abonn\u00e9s actifs sur Snapchat","description":"Des abonn\u00e9s Snapchat issus de vrais comptes qui consultent vos stories quotidiennement. De 100 \u00e0 50\u00a0000 abonn\u00e9s, progression graduelle, abonn\u00e9s actifs, augmentation du nombre de vues de vos stories, fid\u00e9lisation de votre audience.","robots":{"index":"index","follow":"follow","max-snippet":"max-snippet:-1","max-image-preview":"max-image-preview:large","max-video-preview":"max-video-preview:-1"},"canonical":"https:\/\/smm-follow.com\/fr\/product\/acheter-des-abonnes-snapchat\/","og_locale":"fr_FR","og_type":"article","og_title":"\u0645\u062a\u0627\u0628\u0639\u064a\u0646 \u0633\u0646\u0627\u0628 \u0634\u0627\u062a","og_description":"\u0645\u062a\u0627\u0628\u0639\u064a\u0646 \u0633\u0646\u0627\u0628 \u0634\u0627\u062a \u0645\u0646 \u062d\u0633\u0627\u0628\u0627\u062a \u062d\u0642\u064a\u0642\u064a\u0629 \u062a\u0634\u0627\u0647\u062f \u0633\u062a\u0648\u0631\u064a\u0627\u062a\u0643 \u0628\u0634\u0643\u0644 \u064a\u0648\u0645\u064a. \u0645\u0646 100 \u0644\u0640 50K \u0645\u062a\u0627\u0628\u0639\u060c \u062a\u0633\u0644\u064a\u0645 \u062a\u062f\u0631\u064a\u062c\u064a\u060c \u0645\u062a\u0627\u0628\u0639\u0648\u0646 \u0646\u0634\u0637\u0648\u0646\u060c \u0645\u0634\u0627\u0647\u062f\u0627\u062a \u0633\u062a\u0648\u0631\u064a\u0627\u062a \u0623\u0639\u0644\u0649\u060c \u0628\u0646\u0627\u0621 \u062c\u0645\u0647\u0648\u0631 \u0645\u062e\u0644\u0635.","og_url":"https:\/\/smm-follow.com\/fr\/product\/acheter-des-abonnes-snapchat\/","og_site_name":"SMM Follow","article_modified_time":"2026-01-16T07:17:44+00:00","og_image":[{"width":2560,"height":2560,"url":"https:\/\/smm-follow.com\/wp-content\/uploads\/2025\/12\/7-scaled-1-1.jpg","type":"image\/jpeg"}],"twitter_card":"summary_large_image","twitter_misc":{"Prix":"&#36;0.00","Disponibilit\u00e9":"En stock"},"schema":{"@context":"https:\/\/schema.org","@graph":[{"@type":"WebPage","@id":"https:\/\/smm-follow.com\/product\/snapchat-followers\/","url":"https:\/\/smm-follow.com\/product\/snapchat-followers\/","name":"Acheter des abonn\u00e9s Snapchat | Augmenter le nombre d&#039;abonn\u00e9s actifs sur Snapchat","isPartOf":{"@id":"https:\/\/smm-follow.com\/#website"},"primaryImageOfPage":{"@id":"https:\/\/smm-follow.com\/product\/snapchat-followers\/#primaryimage"},"image":{"@id":"https:\/\/smm-follow.com\/product\/snapchat-followers\/#primaryimage"},"thumbnailUrl":"https:\/\/smm-follow.com\/wp-content\/uploads\/2025\/12\/7-scaled-1-1.jpg","datePublished":"2025-12-23T11:40:29+00:00","dateModified":"2026-01-16T07:17:44+00:00","description":"Des abonn\u00e9s Snapchat issus de vrais comptes qui consultent vos stories quotidiennement. De 100 \u00e0 50\u00a0000 abonn\u00e9s, progression graduelle, abonn\u00e9s actifs, augmentation du nombre de vues de vos stories, fid\u00e9lisation de votre audience.","breadcrumb":{"@id":"https:\/\/smm-follow.com\/product\/snapchat-followers\/#breadcrumb"},"inLanguage":"fr-FR","potentialAction":[{"@type":"ReadAction","target":["https:\/\/smm-follow.com\/product\/snapchat-followers\/"]}]},{"@type":"ImageObject","inLanguage":"fr-FR","@id":"https:\/\/smm-follow.com\/product\/snapchat-followers\/#primaryimage","url":"https:\/\/smm-follow.com\/wp-content\/uploads\/2025\/12\/7-scaled-1-1.jpg","contentUrl":"https:\/\/smm-follow.com\/wp-content\/uploads\/2025\/12\/7-scaled-1-1.jpg","width":2560,"height":2560},{"@type":"BreadcrumbList","@id":"https:\/\/smm-follow.com\/product\/snapchat-followers\/#breadcrumb","itemListElement":[{"@type":"ListItem","position":1,"name":"\u0627\u0644\u0631\u0626\u064a\u0633\u064a\u0629","item":"https:\/\/smm-follow.com\/"},{"@type":"ListItem","position":2,"name":"\u0627\u0644\u0645\u062a\u062c\u0631","item":"https:\/\/smm-follow.com\/en\/shop\/"},{"@type":"ListItem","position":3,"name":"\u0645\u062a\u0627\u0628\u0639\u064a\u0646 \u0633\u0646\u0627\u0628 \u0634\u0627\u062a"}]},{"@type":"WebSite","@id":"https:\/\/smm-follow.com\/#website","url":"https:\/\/smm-follow.com\/","name":"SMM SUIVRE","description":"Une plateforme sp\u00e9cialis\u00e9e dans les services de m\u00e9dias sociaux pour augmenter le nombre d&#039;abonn\u00e9s, de mentions \u00ab\u00a0J&#039;aime\u00a0\u00bb et de vues sur Instagram, TikTok, YouTube et autres. Services s\u00e9curis\u00e9s disponibles dans tous les pays.","publisher":{"@id":"https:\/\/smm-follow.com\/#organization"},"alternateName":"Follow 965 \u0641\u0648\u0644\u0648","potentialAction":[{"@type":"SearchAction","target":{"@type":"EntryPoint","urlTemplate":"https:\/\/smm-follow.com\/?s={search_term_string}"},"query-input":{"@type":"PropertyValueSpecification","valueRequired":true,"valueName":"search_term_string"}}],"inLanguage":"fr-FR"},{"@type":"Organization","@id":"https:\/\/smm-follow.com\/#organization","name":"SMM SUIVRE","alternateName":"Follow 965","url":"https:\/\/smm-follow.com\/","logo":{"@type":"ImageObject","inLanguage":"fr-FR","@id":"https:\/\/smm-follow.com\/#\/schema\/logo\/image\/","url":"https:\/\/smm-follow.com\/wp-content\/uploads\/2025\/12\/Logo-smm-follow.jpg","contentUrl":"https:\/\/smm-follow.com\/wp-content\/uploads\/2025\/12\/Logo-smm-follow.jpg","width":1080,"height":1080,"caption":"SMM FOLLOW"},"image":{"@id":"https:\/\/smm-follow.com\/#\/schema\/logo\/image\/"},"hasMerchantReturnPolicy":{"@type":"MerchantReturnPolicy","merchantReturnLink":"https:\/\/smm-follow.com\/fr\/politique-de-retour\/"}}]},"product_brand":"\u0633\u0646\u0627\u0628","product_price_amount":"0.00","product_price_currency":"USD","og_availability":"instock","product_availability":"instock","product_condition":"new"},"_links":{"self":[{"href":"https:\/\/smm-follow.com\/fr\/wp-json\/wp\/v2\/product\/99","targetHints":{"allow":["GET"]}}],"collection":[{"href":"https:\/\/smm-follow.com\/fr\/wp-json\/wp\/v2\/product"}],"about":[{"href":"https:\/\/smm-follow.com\/fr\/wp-json\/wp\/v2\/types\/product"}],"replies":[{"embeddable":true,"href":"https:\/\/smm-follow.com\/fr\/wp-json\/wp\/v2\/comments?post=99"}],"wp:featuredmedia":[{"embeddable":true,"href":"https:\/\/smm-follow.com\/fr\/wp-json\/wp\/v2\/media\/151"}],"wp:attachment":[{"href":"https:\/\/smm-follow.com\/fr\/wp-json\/wp\/v2\/media?parent=99"}],"wp:term":[{"taxonomy":"product_brand","embeddable":true,"href":"https:\/\/smm-follow.com\/fr\/wp-json\/wp\/v2\/product_brand?post=99"},{"taxonomy":"product_cat","embeddable":true,"href":"https:\/\/smm-follow.com\/fr\/wp-json\/wp\/v2\/product_cat?post=99"},{"taxonomy":"product_tag","embeddable":true,"href":"https:\/\/smm-follow.com\/fr\/wp-json\/wp\/v2\/product_tag?post=99"}],"curies":[{"name":"wp","href":"https:\/\/api.w.org\/{rel}","templated":true}]}}