{"id":103,"date":"2025-12-23T14:40:29","date_gmt":"2025-12-23T11:40:29","guid":{"rendered":"https:\/\/smm-follow.com\/?post_type=product&#038;p=103"},"modified":"2026-01-16T10:17:44","modified_gmt":"2026-01-16T07:17:44","slug":"instagram-profile-visitors","status":"publish","type":"product","link":"https:\/\/smm-follow.com\/it\/product\/acquista-visitatori-del-profilo-instagram\/","title":{"rendered":"Visitatori di Instagram"},"content":{"rendered":"<h1>Acquistare visitatori Instagram reali: la strategia intelligente per potenziare il tuo profilo<\/h1>\n<p>Ti sei mai chiesto qual \u00e8 il segreto dietro un account Instagram di successo? <strong>Acquista veri visitatori Instagram<\/strong> Si tratta di una mossa strategica fondamentale. Infatti, un gran numero di visitatori invia forti segnali positivi, rafforzando la tua posizione e offrendoti un chiaro vantaggio competitivo.<\/p>\n<p>Inoltre, <strong>Visitatori di Instagram<\/strong> I follower attivi non solo aumentano i tuoi numeri, ma creano anche un&#039;aura di credibilit\u00e0 e interesse attorno ai tuoi contenuti. Di conseguenza, il tuo account diventa pi\u00f9 attraente sia per l&#039;algoritmo che per gli utenti abituali.<\/p>\n<h2>Perch\u00e9 \u00e8 importante investire in visitatori Instagram reali?<\/h2>\n<p>In breve, non si tratta solo di numeri; si tratta di capitale sociale. Ad esempio, un account che mostra un&#039;attivit\u00e0 di visite di alto profilo genera fiducia immediata.<\/p>\n<h3>Migliorare la credibilit\u00e0 e l&#039;immediato appeal sociale<\/h3>\n<p>In primo luogo, <strong>Visita il profilo<\/strong> Si tratta di un&#039;interazione pi\u00f9 profonda del semplice apprezzamento. In altre parole, indica una genuina curiosit\u00e0 su chi sei o sui tuoi contenuti. Pertanto, <strong>Ottenere visitatori su Instagram<\/strong> Costruisce regolarmente un&#039;immagine di account desiderabile e influente.<\/p>\n<h3>Sfrutta l&#039;algoritmo di Instagram a tuo favore<\/h3>\n<p>Inoltre, l&#039;algoritmo monitora attentamente il comportamento dell&#039;utente. Pertanto, quando rileva un flusso continuo verso <strong>Il tuo profilo Instagram<\/strong>Inizi a interpretarlo come un segno di qualit\u00e0 e pertinenza, migliorando in definitiva la portata dei tuoi post e le tue possibilit\u00e0 di apparire nella pagina Esplora.<\/p>\n<h3>Aprire le porte a opportunit\u00e0 professionali e commerciali<\/h3>\n<p>D&#039;altro canto, i professionisti del marketing e i brand sono alla ricerca di indicatori di performance reali. In questo caso, il tasso di cambio \u00e8 considerato <strong>Visitatori di Instagram<\/strong> Il punteggio elevato \u00e8 una prova tangibile della capacit\u00e0 di attirare l&#039;attenzione, il che aumenta notevolmente le possibilit\u00e0 di una collaborazione supportata.<\/p>\n<h2>Vantaggi del nostro servizio per ottenere visitatori Instagram<\/h2>\n<h3>Qualit\u00e0 senza pari: visitatori provenienti da account reali e attivi<\/h3>\n<p>Innanzitutto, crediamo che la qualit\u00e0 venga prima di tutto. Ecco perch\u00e9 ci assicuriamo che ogni <strong>Visitatori reali di Instagram<\/strong> Provengono da conti personali reali e attivi. Questa non \u00e8 solo una scelta, ma una garanzia della sicurezza e della credibilit\u00e0 duratura del tuo account.<\/p>\n<h3>Velocit\u00e0 di esecuzione: i risultati iniziano entro pochi minuti<\/h3>\n<p>Mentre altri servizi sono in ritardo, iniziamo a inviare visitatori durante <strong>5-15 minuti<\/strong> Solo dopo la conferma dell&#039;ordine. Ancora pi\u00f9 importante, ci assicuriamo che la consegna sia graduale e senza intoppi, garantendo la completa armonia con l&#039;ambiente della piattaforma.<\/p>\n<h3>Sicurezza assoluta: la tua privacy \u00e8 protetta al 100%.<\/h3>\n<p>Vale la pena notare che noi <strong>Non chiediamo mai<\/strong> Non \u00e8 richiesta la password del tuo account o altri dati sensibili. L&#039;intero processo utilizza solo il tuo nome utente, rendendo l&#039;esperienza sicura e fluida dall&#039;inizio alla fine.<\/p>\n<h3>Garanzia di continuit\u00e0: protezione del tuo investimento a lungo termine<\/h3>\n<p>Per aumentare la tua sicurezza, offriamo <strong>garanzia di 6 mesi<\/strong>. Pertanto, in caso di carenze impreviste, provvederemo immediatamente a compensarle, perch\u00e9 siamo certi dell&#039;affidabilit\u00e0 e della costanza del nostro servizio.<\/p>\n<h2>Semplici passaggi per iniziare il tuo percorso di crescita<\/h2>\n<ol>\n<li><strong>Scegli un pacchetto:<\/strong> Determinare il numero appropriato di <strong>Visitatori di Instagram<\/strong> Che si adatta ai tuoi obiettivi.<\/li>\n<li><strong>Condividi i tuoi dati:<\/strong> Invia il tuo nome utente (ad esempio @tuonome) per il tuo account.<\/li>\n<li><strong>Completa il pagamento:<\/strong> Utilizza i metodi di pagamento sicuri e veloci disponibili.<\/li>\n<li><strong>Guarda i risultati:<\/strong> Monitoraggio dell&#039;aumento delle statistiche dei profili in tempi record.<\/li>\n<\/ol>\n<h2>Confronta pacchetti e prezzi<\/h2>\n<table>\n<thead>\n<tr>\n<th>Il pacchetto<\/th>\n<th>Numero di visitatori<\/th>\n<th>Gruppo target<\/th>\n<th>Caratteristica chiave<\/th>\n<\/tr>\n<\/thead>\n<tbody>\n<tr>\n<td><strong>l&#039;inizio<\/strong><\/td>\n<td>500 \u2013 1.000<\/td>\n<td>Nuovi account personali<\/td>\n<td>Creare una solida base di fiducia<\/td>\n<\/tr>\n<tr>\n<td><strong>impatto<\/strong><\/td>\n<td>2.500 \u2013 5.000<\/td>\n<td>Creatori di contenuti emergenti<\/td>\n<td>Aumentare la visibilit\u00e0 e attirare l&#039;attenzione<\/td>\n<\/tr>\n<tr>\n<td><strong>Professionalit\u00e0<\/strong><\/td>\n<td>10.000 \u2013 25.000<\/td>\n<td>Marchi e influencer<\/td>\n<td>Costruire una posizione di leadership e attrarre partnership<\/td>\n<\/tr>\n<\/tbody>\n<\/table>\n<h2>Domande frequenti sull&#039;aumento dei visitatori del profilo<\/h2>\n<h3>Posso scoprire l&#039;identit\u00e0 dei visitatori?<\/h3>\n<p>Per chiarire, Instagram non fornisce queste informazioni agli utenti. Il nostro servizio gonfia il numero totale nelle statistiche, migliorando l&#039;immagine pubblica e l&#039;appeal del tuo account senza rivelare la tua identit\u00e0.<\/p>\n<h3>Che impatto avr\u00e0 questo servizio sulla sicurezza del mio account?<\/h3>\n<p>Certamente, il servizio \u00e8 completamente sicuro. Poich\u00e9 ci affidiamo ad account reali e a metodi conformi, non esponiamo il tuo account ad alcun rischio di ban o sanzioni.<\/p>\n<h3>Come posso sfruttarlo al meglio?<\/h3>\n<p>Per risultati ottimali, consigliamo di abbinare questo servizio a:<\/p>\n<ul>\n<li>Di pi\u00f9 <strong>follower di Instagram<\/strong> Attivo nel convertire i visitatori in un pubblico fedele.<\/li>\n<li>Rafforzamento <strong>Interazione post<\/strong> Attraverso Mi piace e commenti per creare un ciclo di interazione positivo.<\/li>\n<\/ul>\n<h2>Passo successivo: inizia a trasformare i tuoi visitatori in un successo tangibile<\/h2>\n<p>Insomma, <strong>Acquista veri visitatori Instagram<\/strong> \u00c8 pi\u00f9 di un semplice miglioramento statistico: \u00e8 un investimento nel futuro del tuo account digitale. Con la nostra garanzia di qualit\u00e0, velocit\u00e0 e sicurezza, sei a pochi passi dal trasformare la tua interazione sulla piattaforma.<\/p>\n<p><strong>Non aspettare che la crescita arrivi da te, inizia ad attirarla adesso.<\/strong><\/p>","protected":false},"excerpt":{"rendered":"<p>Servizio professionale premium! Ottieni visitatori Instagram reali, attivi e coinvolti al 100%, provenienti da fonti autentiche. Crescita rapida e sicura nel rispetto delle policy della piattaforma. Consegna immediata, pacchetti flessibili, garanzia completa, nessuna password richiesta, supporto 24 ore su 24, 7 giorni su 7. Risultati garantiti o rimborso garantito!<\/p>","protected":false},"featured_media":156,"comment_status":"closed","ping_status":"closed","template":"","meta":[],"product_brand":[],"product_cat":[19,225],"product_tag":[],"class_list":{"0":"post-103","1":"product","2":"type-product","3":"status-publish","4":"has-post-thumbnail","6":"product_cat-instagram","7":"product_cat-social-media","8":"tm-has-options","10":"first","11":"instock","12":"virtual","13":"taxable","14":"purchasable","15":"product-type-simple"},"yoast_head":"<!-- This site is optimized with the Yoast SEO Premium plugin v21.7 (Yoast SEO v27.1.1) - https:\/\/yoast.com\/product\/yoast-seo-premium-wordpress\/ -->\n<title>\u0634\u0631\u0627\u0621 \u0632\u0648\u0627\u0631 \u0627\u0646\u0633\u062a\u0642\u0631\u0627\u0645 | \u0632\u064a\u0627\u062f\u0629 Profile Visitors \u062d\u0642\u064a\u0642\u064a\u064a\u0646<\/title>\n<meta name=\"description\" content=\"\u0632\u0648\u0627\u0631 \u0627\u0646\u0633\u062a\u0642\u0631\u0627\u0645 \u062d\u0642\u064a\u0642\u064a\u0648\u0646 \u064a\u0632\u0648\u0631\u0648\u0646 \u0645\u0644\u0641\u0643 \u0627\u0644\u0634\u062e\u0635\u064a \u0648\u064a\u062a\u0635\u0641\u062d\u0648\u0646 \u0645\u062d\u062a\u0648\u0627\u0643. \u0643\u0644 \u0632\u064a\u0627\u0631\u0629 \u0641\u0631\u0635\u0629 \u0644\u0644\u0645\u062a\u0627\u0628\u0639\u0629. \u0645\u0646 1K \u0644\u0640 100K \u0632\u0627\u0626\u0631\u060c \u062a\u0633\u0644\u064a\u0645 \u0641\u0648\u0631\u064a\u060c \u0627\u0643\u062a\u0634\u0627\u0641 \u0648\u0627\u0633\u0639\u060c \u0632\u064a\u0627\u062f\u0629 \u0627\u0644\u0645\u062a\u0627\u0628\u0639\u064a\u0646.\" \/>\n<meta name=\"robots\" content=\"index, follow, max-snippet:-1, max-image-preview:large, max-video-preview:-1\" \/>\n<link rel=\"canonical\" href=\"https:\/\/smm-follow.com\/it\/product\/acquista-visitatori-del-profilo-instagram\/\" \/>\n<meta property=\"og:locale\" content=\"it_IT\" \/>\n<meta property=\"og:type\" content=\"article\" \/>\n<meta property=\"og:title\" content=\"\u0632\u0648\u0627\u0631 \u0627\u0646\u0633\u062a\u0642\u0631\u0627\u0645\" \/>\n<meta property=\"og:description\" content=\"\u0632\u0648\u0627\u0631 \u0627\u0646\u0633\u062a\u0642\u0631\u0627\u0645 \u062d\u0642\u064a\u0642\u064a\u0648\u0646 \u064a\u0632\u0648\u0631\u0648\u0646 \u0645\u0644\u0641\u0643 \u0627\u0644\u0634\u062e\u0635\u064a \u0648\u064a\u062a\u0635\u0641\u062d\u0648\u0646 \u0645\u062d\u062a\u0648\u0627\u0643. \u0643\u0644 \u0632\u064a\u0627\u0631\u0629 \u0641\u0631\u0635\u0629 \u0644\u0644\u0645\u062a\u0627\u0628\u0639\u0629. \u0645\u0646 1K \u0644\u0640 100K \u0632\u0627\u0626\u0631\u060c \u062a\u0633\u0644\u064a\u0645 \u0641\u0648\u0631\u064a\u060c \u0627\u0643\u062a\u0634\u0627\u0641 \u0648\u0627\u0633\u0639\u060c \u0632\u064a\u0627\u062f\u0629 \u0627\u0644\u0645\u062a\u0627\u0628\u0639\u064a\u0646.\" \/>\n<meta property=\"og:url\" content=\"https:\/\/smm-follow.com\/it\/product\/acquista-visitatori-del-profilo-instagram\/\" \/>\n<meta property=\"og:site_name\" content=\"SMM Follow\" \/>\n<meta property=\"article:modified_time\" content=\"2026-01-16T07:17:44+00:00\" \/>\n<meta property=\"og:image\" content=\"https:\/\/smm-follow.com\/wp-content\/uploads\/2025\/12\/Picsart_24-01-21_18-57-12-391-scaled-1-1-1.jpg\" \/>\n\t<meta property=\"og:image:width\" content=\"2560\" \/>\n\t<meta property=\"og:image:height\" content=\"2560\" \/>\n\t<meta property=\"og:image:type\" content=\"image\/jpeg\" \/>\n<meta name=\"twitter:card\" content=\"summary_large_image\" \/>\n<meta name=\"twitter:label1\" content=\"Prezzo\" \/>\n\t<meta name=\"twitter:data1\" content=\"&#036;0.00\" \/>\n\t<meta name=\"twitter:label2\" content=\"Disponibilit\u00e0\" \/>\n\t<meta name=\"twitter:data2\" content=\"In stock\" \/>\n<script type=\"application\/ld+json\" class=\"yoast-schema-graph\">{\"@context\":\"https:\/\/schema.org\",\"@graph\":[{\"@type\":\"WebPage\",\"@id\":\"https:\/\/smm-follow.com\/product\/instagram-profile-visitors\/\",\"url\":\"https:\/\/smm-follow.com\/product\/instagram-profile-visitors\/\",\"name\":\"\u0634\u0631\u0627\u0621 \u0632\u0648\u0627\u0631 \u0627\u0646\u0633\u062a\u0642\u0631\u0627\u0645 | \u0632\u064a\u0627\u062f\u0629 Profile Visitors \u062d\u0642\u064a\u0642\u064a\u064a\u0646\",\"isPartOf\":{\"@id\":\"https:\/\/smm-follow.com\/#website\"},\"primaryImageOfPage\":{\"@id\":\"https:\/\/smm-follow.com\/product\/instagram-profile-visitors\/#primaryimage\"},\"image\":{\"@id\":\"https:\/\/smm-follow.com\/product\/instagram-profile-visitors\/#primaryimage\"},\"thumbnailUrl\":\"https:\/\/smm-follow.com\/wp-content\/uploads\/2025\/12\/Picsart_24-01-21_18-57-12-391-scaled-1-1-1.jpg\",\"datePublished\":\"2025-12-23T11:40:29+00:00\",\"dateModified\":\"2026-01-16T07:17:44+00:00\",\"description\":\"\u0632\u0648\u0627\u0631 \u0627\u0646\u0633\u062a\u0642\u0631\u0627\u0645 \u062d\u0642\u064a\u0642\u064a\u0648\u0646 \u064a\u0632\u0648\u0631\u0648\u0646 \u0645\u0644\u0641\u0643 \u0627\u0644\u0634\u062e\u0635\u064a \u0648\u064a\u062a\u0635\u0641\u062d\u0648\u0646 \u0645\u062d\u062a\u0648\u0627\u0643. \u0643\u0644 \u0632\u064a\u0627\u0631\u0629 \u0641\u0631\u0635\u0629 \u0644\u0644\u0645\u062a\u0627\u0628\u0639\u0629. \u0645\u0646 1K \u0644\u0640 100K \u0632\u0627\u0626\u0631\u060c \u062a\u0633\u0644\u064a\u0645 \u0641\u0648\u0631\u064a\u060c \u0627\u0643\u062a\u0634\u0627\u0641 \u0648\u0627\u0633\u0639\u060c \u0632\u064a\u0627\u062f\u0629 \u0627\u0644\u0645\u062a\u0627\u0628\u0639\u064a\u0646.\",\"breadcrumb\":{\"@id\":\"https:\/\/smm-follow.com\/product\/instagram-profile-visitors\/#breadcrumb\"},\"inLanguage\":\"it-IT\",\"potentialAction\":[{\"@type\":\"ReadAction\",\"target\":[\"https:\/\/smm-follow.com\/product\/instagram-profile-visitors\/\"]}]},{\"@type\":\"ImageObject\",\"inLanguage\":\"it-IT\",\"@id\":\"https:\/\/smm-follow.com\/product\/instagram-profile-visitors\/#primaryimage\",\"url\":\"https:\/\/smm-follow.com\/wp-content\/uploads\/2025\/12\/Picsart_24-01-21_18-57-12-391-scaled-1-1-1.jpg\",\"contentUrl\":\"https:\/\/smm-follow.com\/wp-content\/uploads\/2025\/12\/Picsart_24-01-21_18-57-12-391-scaled-1-1-1.jpg\",\"width\":2560,\"height\":2560},{\"@type\":\"BreadcrumbList\",\"@id\":\"https:\/\/smm-follow.com\/product\/instagram-profile-visitors\/#breadcrumb\",\"itemListElement\":[{\"@type\":\"ListItem\",\"position\":1,\"name\":\"\u0627\u0644\u0631\u0626\u064a\u0633\u064a\u0629\",\"item\":\"https:\/\/smm-follow.com\/\"},{\"@type\":\"ListItem\",\"position\":2,\"name\":\"\u0627\u0644\u0645\u062a\u062c\u0631\",\"item\":\"https:\/\/smm-follow.com\/en\/shop\/\"},{\"@type\":\"ListItem\",\"position\":3,\"name\":\"\u0632\u0648\u0627\u0631 \u0627\u0646\u0633\u062a\u0642\u0631\u0627\u0645\"}]},{\"@type\":\"WebSite\",\"@id\":\"https:\/\/smm-follow.com\/#website\",\"url\":\"https:\/\/smm-follow.com\/\",\"name\":\"SMM FOLLOW\",\"description\":\"\u0645\u0646\u0635\u0629 \u0645\u062a\u062e\u0635\u0635\u0629 \u0641\u064a \u062e\u062f\u0645\u0627\u062a \u0645\u0648\u0627\u0642\u0639 \u0627\u0644\u062a\u0648\u0627\u0635\u0644 \u0627\u0644\u0627\u062c\u062a\u0645\u0627\u0639\u064a \u0644\u0632\u064a\u0627\u062f\u0629 \u0627\u0644\u0645\u062a\u0627\u0628\u0639\u064a\u0646\u060c \u0627\u0644\u0644\u0627\u064a\u0643\u0627\u062a\u060c \u0648\u0627\u0644\u0645\u0634\u0627\u0647\u062f\u0627\u062a \u0639\u0644\u0649 \u0625\u0646\u0633\u062a\u0642\u0631\u0627\u0645\u060c \u062a\u064a\u0643 \u062a\u0648\u0643\u060c \u064a\u0648\u062a\u064a\u0648\u0628 \u0648\u063a\u064a\u0631\u0647\u0627. \u062e\u062f\u0645\u0627\u062a \u0622\u0645\u0646\u0629 \u0644\u062c\u0645\u064a\u0639 \u0627\u0644\u062f\u0648\u0644\",\"publisher\":{\"@id\":\"https:\/\/smm-follow.com\/#organization\"},\"alternateName\":\"Follow 965 \u0641\u0648\u0644\u0648\",\"potentialAction\":[{\"@type\":\"SearchAction\",\"target\":{\"@type\":\"EntryPoint\",\"urlTemplate\":\"https:\/\/smm-follow.com\/?s={search_term_string}\"},\"query-input\":{\"@type\":\"PropertyValueSpecification\",\"valueRequired\":true,\"valueName\":\"search_term_string\"}}],\"inLanguage\":\"it-IT\"},{\"@type\":\"Organization\",\"@id\":\"https:\/\/smm-follow.com\/#organization\",\"name\":\"SMM FOLLOW\",\"alternateName\":\"Follow 965\",\"url\":\"https:\/\/smm-follow.com\/\",\"logo\":{\"@type\":\"ImageObject\",\"inLanguage\":\"it-IT\",\"@id\":\"https:\/\/smm-follow.com\/#\/schema\/logo\/image\/\",\"url\":\"https:\/\/smm-follow.com\/wp-content\/uploads\/2025\/12\/Logo-smm-follow.jpg\",\"contentUrl\":\"https:\/\/smm-follow.com\/wp-content\/uploads\/2025\/12\/Logo-smm-follow.jpg\",\"width\":1080,\"height\":1080,\"caption\":\"SMM FOLLOW\"},\"image\":{\"@id\":\"https:\/\/smm-follow.com\/#\/schema\/logo\/image\/\"},\"hasMerchantReturnPolicy\":{\"@type\":\"MerchantReturnPolicy\",\"merchantReturnLink\":\"https:\/\/smm-follow.com\/it\/politica-di-ritorno\/\"}}]}<\/script>\n<meta property=\"product:brand\" content=\"\u0627\u0646\u0633\u062a\u0642\u0631\u0627\u0645\" \/>\n<meta property=\"product:price:amount\" content=\"0.00\" \/>\n<meta property=\"product:price:currency\" content=\"USD\" \/>\n<meta property=\"og:availability\" content=\"instock\" \/>\n<meta property=\"product:availability\" content=\"instock\" \/>\n<meta property=\"product:condition\" content=\"new\" \/>\n<!-- \/ Yoast SEO Premium plugin. -->","yoast_head_json":{"title":"Acquista visitatori Instagram | Aumenta i visitatori reali del profilo","description":"Visitatori Instagram reali che visitano il tuo profilo e navigano tra i tuoi contenuti. Ogni visita \u00e8 un&#039;opportunit\u00e0 per seguirti. Da 1.000 a 100.000 visitatori, consegna immediata, ampia visibilit\u00e0 e aumento dei follower.","robots":{"index":"index","follow":"follow","max-snippet":"max-snippet:-1","max-image-preview":"max-image-preview:large","max-video-preview":"max-video-preview:-1"},"canonical":"https:\/\/smm-follow.com\/it\/product\/acquista-visitatori-del-profilo-instagram\/","og_locale":"it_IT","og_type":"article","og_title":"\u0632\u0648\u0627\u0631 \u0627\u0646\u0633\u062a\u0642\u0631\u0627\u0645","og_description":"\u0632\u0648\u0627\u0631 \u0627\u0646\u0633\u062a\u0642\u0631\u0627\u0645 \u062d\u0642\u064a\u0642\u064a\u0648\u0646 \u064a\u0632\u0648\u0631\u0648\u0646 \u0645\u0644\u0641\u0643 \u0627\u0644\u0634\u062e\u0635\u064a \u0648\u064a\u062a\u0635\u0641\u062d\u0648\u0646 \u0645\u062d\u062a\u0648\u0627\u0643. \u0643\u0644 \u0632\u064a\u0627\u0631\u0629 \u0641\u0631\u0635\u0629 \u0644\u0644\u0645\u062a\u0627\u0628\u0639\u0629. \u0645\u0646 1K \u0644\u0640 100K \u0632\u0627\u0626\u0631\u060c \u062a\u0633\u0644\u064a\u0645 \u0641\u0648\u0631\u064a\u060c \u0627\u0643\u062a\u0634\u0627\u0641 \u0648\u0627\u0633\u0639\u060c \u0632\u064a\u0627\u062f\u0629 \u0627\u0644\u0645\u062a\u0627\u0628\u0639\u064a\u0646.","og_url":"https:\/\/smm-follow.com\/it\/product\/acquista-visitatori-del-profilo-instagram\/","og_site_name":"SMM Follow","article_modified_time":"2026-01-16T07:17:44+00:00","og_image":[{"width":2560,"height":2560,"url":"https:\/\/smm-follow.com\/wp-content\/uploads\/2025\/12\/Picsart_24-01-21_18-57-12-391-scaled-1-1-1.jpg","type":"image\/jpeg"}],"twitter_card":"summary_large_image","twitter_misc":{"Prezzo":"&#36;0.00","Disponibilit\u00e0":"In stock"},"schema":{"@context":"https:\/\/schema.org","@graph":[{"@type":"WebPage","@id":"https:\/\/smm-follow.com\/product\/instagram-profile-visitors\/","url":"https:\/\/smm-follow.com\/product\/instagram-profile-visitors\/","name":"Acquista visitatori Instagram | Aumenta i visitatori reali del profilo","isPartOf":{"@id":"https:\/\/smm-follow.com\/#website"},"primaryImageOfPage":{"@id":"https:\/\/smm-follow.com\/product\/instagram-profile-visitors\/#primaryimage"},"image":{"@id":"https:\/\/smm-follow.com\/product\/instagram-profile-visitors\/#primaryimage"},"thumbnailUrl":"https:\/\/smm-follow.com\/wp-content\/uploads\/2025\/12\/Picsart_24-01-21_18-57-12-391-scaled-1-1-1.jpg","datePublished":"2025-12-23T11:40:29+00:00","dateModified":"2026-01-16T07:17:44+00:00","description":"Visitatori Instagram reali che visitano il tuo profilo e navigano tra i tuoi contenuti. Ogni visita \u00e8 un&#039;opportunit\u00e0 per seguirti. Da 1.000 a 100.000 visitatori, consegna immediata, ampia visibilit\u00e0 e aumento dei follower.","breadcrumb":{"@id":"https:\/\/smm-follow.com\/product\/instagram-profile-visitors\/#breadcrumb"},"inLanguage":"it-IT","potentialAction":[{"@type":"ReadAction","target":["https:\/\/smm-follow.com\/product\/instagram-profile-visitors\/"]}]},{"@type":"ImageObject","inLanguage":"it-IT","@id":"https:\/\/smm-follow.com\/product\/instagram-profile-visitors\/#primaryimage","url":"https:\/\/smm-follow.com\/wp-content\/uploads\/2025\/12\/Picsart_24-01-21_18-57-12-391-scaled-1-1-1.jpg","contentUrl":"https:\/\/smm-follow.com\/wp-content\/uploads\/2025\/12\/Picsart_24-01-21_18-57-12-391-scaled-1-1-1.jpg","width":2560,"height":2560},{"@type":"BreadcrumbList","@id":"https:\/\/smm-follow.com\/product\/instagram-profile-visitors\/#breadcrumb","itemListElement":[{"@type":"ListItem","position":1,"name":"\u0627\u0644\u0631\u0626\u064a\u0633\u064a\u0629","item":"https:\/\/smm-follow.com\/"},{"@type":"ListItem","position":2,"name":"\u0627\u0644\u0645\u062a\u062c\u0631","item":"https:\/\/smm-follow.com\/en\/shop\/"},{"@type":"ListItem","position":3,"name":"\u0632\u0648\u0627\u0631 \u0627\u0646\u0633\u062a\u0642\u0631\u0627\u0645"}]},{"@type":"WebSite","@id":"https:\/\/smm-follow.com\/#website","url":"https:\/\/smm-follow.com\/","name":"SMM SEGUI","description":"Una piattaforma specializzata in servizi di social media per aumentare follower, &quot;Mi piace&quot; e visualizzazioni su Instagram, TikTok, YouTube e altri. Servizi sicuri disponibili in tutti i paesi.","publisher":{"@id":"https:\/\/smm-follow.com\/#organization"},"alternateName":"Follow 965 \u0641\u0648\u0644\u0648","potentialAction":[{"@type":"SearchAction","target":{"@type":"EntryPoint","urlTemplate":"https:\/\/smm-follow.com\/?s={search_term_string}"},"query-input":{"@type":"PropertyValueSpecification","valueRequired":true,"valueName":"search_term_string"}}],"inLanguage":"it-IT"},{"@type":"Organization","@id":"https:\/\/smm-follow.com\/#organization","name":"SMM SEGUI","alternateName":"Follow 965","url":"https:\/\/smm-follow.com\/","logo":{"@type":"ImageObject","inLanguage":"it-IT","@id":"https:\/\/smm-follow.com\/#\/schema\/logo\/image\/","url":"https:\/\/smm-follow.com\/wp-content\/uploads\/2025\/12\/Logo-smm-follow.jpg","contentUrl":"https:\/\/smm-follow.com\/wp-content\/uploads\/2025\/12\/Logo-smm-follow.jpg","width":1080,"height":1080,"caption":"SMM FOLLOW"},"image":{"@id":"https:\/\/smm-follow.com\/#\/schema\/logo\/image\/"},"hasMerchantReturnPolicy":{"@type":"MerchantReturnPolicy","merchantReturnLink":"https:\/\/smm-follow.com\/it\/politica-di-ritorno\/"}}]},"product_brand":"\u0627\u0646\u0633\u062a\u0642\u0631\u0627\u0645","product_price_amount":"0.00","product_price_currency":"USD","og_availability":"instock","product_availability":"instock","product_condition":"new"},"_links":{"self":[{"href":"https:\/\/smm-follow.com\/it\/wp-json\/wp\/v2\/product\/103","targetHints":{"allow":["GET"]}}],"collection":[{"href":"https:\/\/smm-follow.com\/it\/wp-json\/wp\/v2\/product"}],"about":[{"href":"https:\/\/smm-follow.com\/it\/wp-json\/wp\/v2\/types\/product"}],"replies":[{"embeddable":true,"href":"https:\/\/smm-follow.com\/it\/wp-json\/wp\/v2\/comments?post=103"}],"wp:featuredmedia":[{"embeddable":true,"href":"https:\/\/smm-follow.com\/it\/wp-json\/wp\/v2\/media\/156"}],"wp:attachment":[{"href":"https:\/\/smm-follow.com\/it\/wp-json\/wp\/v2\/media?parent=103"}],"wp:term":[{"taxonomy":"product_brand","embeddable":true,"href":"https:\/\/smm-follow.com\/it\/wp-json\/wp\/v2\/product_brand?post=103"},{"taxonomy":"product_cat","embeddable":true,"href":"https:\/\/smm-follow.com\/it\/wp-json\/wp\/v2\/product_cat?post=103"},{"taxonomy":"product_tag","embeddable":true,"href":"https:\/\/smm-follow.com\/it\/wp-json\/wp\/v2\/product_tag?post=103"}],"curies":[{"name":"parola chiave","href":"https:\/\/api.w.org\/{rel}","templated":true}]}}