{"id":365,"date":"2025-12-23T14:46:03","date_gmt":"2025-12-23T11:46:03","guid":{"rendered":"https:\/\/smm-follow.com\/?post_type=product&#038;p=365"},"modified":"2026-01-16T10:17:46","modified_gmt":"2026-01-16T07:17:46","slug":"instagram-arrivals-and-impressions","status":"publish","type":"product","link":"https:\/\/smm-follow.com\/it\/product\/arrivi-e-impressioni-instagram\/","title":{"rendered":"Arrivi e impressioni su Instagram"},"content":{"rendered":"<h1>Aumenta la portata e le impressioni su Instagram: la chiave per diffondere i tuoi contenuti<\/h1>\n<p>Per cominciare, ritieni che i tuoi post di valore non ricevano le visualizzazioni che meritano? In effetti, <strong>Aumenta la portata e le impressioni su Instagram<\/strong> \u00c8 la soluzione strategica e rivoluzionaria che fornisce <a href=\"https:\/\/smm-follow.com\/it\/\" target=\"_blank\" rel=\"noopener\">Piattaforme SMM specializzate<\/a>. Inoltre, \u00e8 importante capire che <strong>Arrivo e impressioni<\/strong> Sono il carburante che spinge l&#039;algoritmo di Instagram a tuo favore.<\/p>\n<p>In breve, quando investi in <strong>Aumenta la portata e le impressioni su Instagram<\/strong>Non stai solo aumentando i tuoi numeri, stai anche ottenendo pi\u00f9 opportunit\u00e0 di coinvolgimento autentico. Di conseguenza, ogni post o Reel che pubblichi diventa pi\u00f9 visibile e ha maggiori probabilit\u00e0 di attirare l&#039;attenzione e generare conversioni.<\/p>\n<h2>Copertura vs. Impressioni: qual \u00e8 la differenza e perch\u00e9 \u00e8 importante?<\/h2>\n<p>Per chiarire ulteriormente: <strong>Accesso (Raggiungimento)<\/strong> \u00c8 il numero di account unici che hanno visualizzato i tuoi contenuti. Nel frattempo <strong>Impressioni<\/strong> \u00c8 il numero totale di volte in cui il tuo contenuto viene visualizzato (e la stessa persona potrebbe visualizzarlo pi\u00f9 di una volta). In generale, la portata indica un nuovo pubblico, mentre le impressioni indicano un&#039;esposizione ripetuta.<\/p>\n<h3>Forte impatto sull&#039;algoritmo e sul tasso di interazione<\/h3>\n<p>Prima di tutto, fornisci i numeri <strong>Arrivi e impressioni su Instagram<\/strong> Un tasso di coinvolgimento elevato \u00e8 un chiaro segnale per l&#039;algoritmo che i tuoi contenuti sono coinvolgenti. In base a questo, l&#039;algoritmo inizia automaticamente a mostrarli a pi\u00f9 utenti, creando un circolo virtuoso di crescita. Inoltre, questa maggiore interazione porta a un maggiore coinvolgimento organico.<\/p>\n<h3>Creare credibilit\u00e0 e attrarre inserzionisti e partner<\/h3>\n<p>Allo stesso modo, quando un inserzionista o un potenziale marchio vede che i tuoi post raggiungono <strong>Migliaia di impressioni<\/strong>Ci\u00f2 dimostra la tua capacit\u00e0 di raggiungere un pubblico ampio. Pertanto, questa statistica aumenta il valore del tuo account aziendale e la sua attrattiva per le collaborazioni. Ad esempio, potrebbe aprire le porte a partnership redditizie.<\/p>\n<h3>Analisi delle prestazioni migliori e processi decisionali pi\u00f9 intelligenti<\/h3>\n<p>D&#039;altro canto, dati e impressioni ad alta risoluzione offrono una visione pi\u00f9 chiara del tipo di contenuto che riscuote maggiore successo presso il tuo pubblico. Questo ti consente di concentrare i tuoi sforzi su ci\u00f2 che funziona e di migliorare ci\u00f2 che necessita di sviluppo. In altre parole, la tua strategia di contenuti diventa data-driven.<\/p>\n<h2>Caratteristiche del nostro servizio per migliorare la portata e le impressioni di Instagram<\/h2>\n<h3>Interazione di alta qualit\u00e0 da fonti reali<\/h3>\n<p>Per essere chiari, rifiutiamo qualsiasi forma di robotica. <strong>Aumenta la portata e le impressioni su Instagram<\/strong> Attraverso di noi, i dati provengono esclusivamente da account utente reali e attivi. Questo garantisce un&#039;interazione naturale e la completa sicurezza del tuo account da qualsiasi rischio, che \u00e8 ci\u00f2 che ci distingue. <a href=\"https:\/\/smm-follow.com\/it\/\" target=\"_blank\" rel=\"noopener\">Servizi di miglioramento dei social media<\/a> Affidabile.<\/p>\n<h3>Velocit\u00e0 di esecuzione superiore alle aspettative<\/h3>\n<p>Rispetto ad altri servizi, iniziamo il processo di miglioramento durante <strong>5-15 minuti<\/strong> Basta confermare l&#039;ordine. In questo modo, distribuiamo l&#039;aumento in modo graduale e intelligente, imitando la crescita organica, senza lasciare spazio a dubbi. In definitiva, otterrai risultati rapidi e dall&#039;aspetto naturale.<\/p>\n<h3>Privacy assoluta: non tocchiamo la tua password.<\/h3>\n<p>Nello specifico, la sicurezza del tuo account \u00e8 la nostra linea rossa. <strong>Non chiediamo mai e non ne abbiamo bisogno<\/strong> Alla password del tuo account. Al contrario, l&#039;intero processo viene eseguito utilizzando solo il tuo nome utente, proprio come in <a href=\"https:\/\/smm-follow.com\/it\/\" target=\"_blank\" rel=\"noopener\">Soluzioni per la crescita digitale<\/a> Sicuro.<\/p>\n<h3>Garanzia a lungo termine di risultati stabili<\/h3>\n<p>Per garantire il vostro comfort, offriamo <strong>garanzia di 6 mesi<\/strong> In base al nostro servizio. Per la nostra fiducia nella qualit\u00e0. <strong>Aumenta la portata e le impressioni su Instagram<\/strong> Con il servizio che offriamo, proteggiamo il tuo investimento e sostituiamo immediatamente eventuali carenze. In breve, il tuo rischio \u00e8 zero.<\/p>\n<h2>In che modo questo servizio pu\u00f2 essere utile per diversi tipi di contenuti?<\/h2>\n<p>Per illustrare questo concetto, ecco alcuni esempi:<\/p>\n<ul>\n<li><strong>Per i post del feed di immagini:<\/strong> In sostanza, aumenta la visibilit\u00e0 sulla homepage e crea credibilit\u00e0 iniziale.<\/li>\n<li><strong>Per i rulli:<\/strong> In particolare, aumenta le probabilit\u00e0 che i rulli appaiano sulla pagina Esplora, il che \u00e8 fondamentale per una rapida diffusione.<\/li>\n<li><strong>Per le storie:<\/strong> Di conseguenza, il numero di visualizzazioni aumenta, incoraggiando un maggior numero di follower a interagire.<\/li>\n<li><strong>Per video lunghi (IGTV\/Video):<\/strong> Alla fine, il suo posizionamento nei risultati di ricerca \u00e8 migliorato sia all&#039;interno che all&#039;esterno della piattaforma.<\/li>\n<\/ul>\n<h2>Semplici passaggi per iniziare il tuo percorso di espansione<\/h2>\n<p>Per iniziare, segui questi passaggi nell&#039;ordine:<\/p>\n<ol>\n<li><strong>Seleziona il contenuto:<\/strong> Per prima cosa, identifica i post o i reel di cui vuoi aumentare la portata e le impressioni.<\/li>\n<li><strong>Condividi i link:<\/strong> Successivamente, inviateci i link alle pubblicazioni specifiche.<\/li>\n<li><strong>Completa il pagamento:<\/strong> Quindi, scegli il metodo di pagamento appropriato tra le opzioni sicure disponibili su <a href=\"https:\/\/smm-follow.com\/it\/\" target=\"_blank\" rel=\"noopener\">La nostra piattaforma<\/a>.<\/li>\n<li><strong>Crescita continua:<\/strong> Infine, osserva l&#039;aumento delle statistiche relative a portata e impressioni in Insights in tempi record.<\/li>\n<\/ol>\n<h2>Pacchetti di servizi e prezzi<\/h2>\n<table>\n<thead>\n<tr>\n<th>Il pacchetto<\/th>\n<th>Gamma di miglioramento<\/th>\n<th>Gruppo target<\/th>\n<th>Obiettivo principale<\/th>\n<\/tr>\n<\/thead>\n<tbody>\n<tr>\n<td><strong>Pacchetto base<\/strong><\/td>\n<td>1.000 \u2013 5.000 impressioni<\/td>\n<td>Nuovi creatori di contenuti<\/td>\n<td>In sostanza, superare la prima fase e testare il contenuto.<\/td>\n<\/tr>\n<tr>\n<td><strong>Pacchetto di crescita<\/strong><\/td>\n<td>10.000 \u2013 25.000 impressioni<\/td>\n<td>Conti emergenti<\/td>\n<td>In genere, per ampliare la base del pubblico e creare slancio<\/td>\n<\/tr>\n<tr>\n<td><strong>Pacchetto professionale<\/strong><\/td>\n<td>50.000 \u2013 100.000+ impressioni<\/td>\n<td>Marchi e influencer<\/td>\n<td>Principalmente per lanciare campagne importanti e raggiungere il predominio nel settore.<\/td>\n<\/tr>\n<\/tbody>\n<\/table>\n<h2>Domande frequenti su come migliorare la portata e le impressioni<\/h2>\n<h3>Mi piace e commenti aumenteranno automaticamente con l&#039;aumentare delle impressioni?<\/h3>\n<p>In realt\u00e0 s\u00ec, per lo pi\u00f9. Perch\u00e9 quando i tuoi contenuti appaiono a pi\u00f9 persone (<strong>Accesso aumentato<\/strong>Pertanto, la probabilit\u00e0 di ricevere interazioni aumenta naturalmente. Per questo motivo, consigliamo di supportare il servizio con interazioni mirate per massimizzarne l&#039;efficacia, ottenibili anche tramite [i seguenti canali\/piattaforme]. <a href=\"https:\/\/smm-follow.com\/it\/\" target=\"_blank\" rel=\"noopener\">Servizi SMM completi<\/a>.<\/p>\n<h3>Qual \u00e8 la differenza tra questo servizio e un servizio di aumento dei follower?<\/h3>\n<p>Per chiarire, il servizio follower aumenta il tuo pubblico fedele. <strong>Servizio di accesso e impressioni su Instagram<\/strong> Si concentra sull&#039;aumento del numero di visualizzazioni <strong>Il tuo contenuto<\/strong>. In altre parole, sono entrambi complementari a una strategia di crescita complessiva.<\/p>\n<h3>Posso indirizzare l&#039;aumento ai post pi\u00f9 vecchi?<\/h3>\n<p>Assolutamente s\u00ec. Nello specifico, questo servizio pu\u00f2 far rivivere vecchi post con contenuti di alta qualit\u00e0 e riportarli in primo piano, dando loro una seconda possibilit\u00e0 di essere visti.<\/p>\n<h3>Come posso misurare il successo del servizio?<\/h3>\n<p>Attraverso lo strumento <strong>Informazioni su Instagram<\/strong> Disponibile per account professionali. Dopodich\u00e9, noterai un netto aumento nelle colonne. <strong>\u201c&quot;Arrivo&quot; e &quot;Impressioni&quot;\u201d<\/strong> Per post mirati nelle seguenti ore e giorni.<\/p>\n<h2>Passo successivo: trasformare le visite in opportunit\u00e0 reali<\/h2>\n<p>Insomma, <strong>Aumenta la portata e le impressioni su Instagram<\/strong> Non \u00e8 un lusso, \u00e8 un investimento necessario nel tuo capitale digitale. Con la nostra garanzia di qualit\u00e0 e velocit\u00e0, sei a un passo dal rompere il silenzio. Puoi iniziare facilmente visitando <a href=\"https:\/\/smm-follow.com\/it\/\" target=\"_blank\" rel=\"noopener\">SMM Segui<\/a> Per esplorare le nostre soluzioni. <strong>Pertanto, non lasciare che la qualit\u00e0 dei tuoi contenuti rimanga un segreto nascosto: offrili al pubblico che meritano oggi stesso.<\/strong><\/p>","protected":false},"excerpt":{"rendered":"<p>Servizio professionale premium! Ottieni visibilit\u00e0 e visualizzazioni su Instagram da 1001 fonti reali, attive e coinvolgenti. Crescita rapida e sicura nel rispetto delle policy della piattaforma. Consegna immediata, pacchetti flessibili, garanzia completa, nessuna password, supporto 24 ore su 24, 7 giorni su 7. Risultati garantiti o rimborso garantito!<\/p>","protected":false},"featured_media":156,"comment_status":"closed","ping_status":"closed","template":"","meta":[],"product_brand":[],"product_cat":[19,225],"product_tag":[],"class_list":{"0":"post-365","1":"product","2":"type-product","3":"status-publish","4":"has-post-thumbnail","6":"product_cat-instagram","7":"product_cat-social-media","8":"tm-has-options","10":"first","11":"instock","12":"virtual","13":"taxable","14":"purchasable","15":"product-type-simple"},"yoast_head":"<!-- This site is optimized with the Yoast SEO Premium plugin v21.7 (Yoast SEO v27.1.1) - https:\/\/yoast.com\/product\/yoast-seo-premium-wordpress\/ -->\n<title>\u0634\u0631\u0627\u0621 \u0648\u0635\u0648\u0644 \u0648\u0627\u0646\u0637\u0628\u0627\u0639\u0627\u062a | \u0632\u064a\u0627\u062f\u0629 Reach + Impressions \u0645\u0639\u0627\u064b<\/title>\n<meta name=\"description\" content=\"\u0648\u0635\u0648\u0644 \u0648\u0627\u0646\u0637\u0628\u0627\u0639\u0627\u062a \u0627\u0646\u0633\u062a\u0642\u0631\u0627\u0645 \u0645\u0639\u0627\u064b \u0644\u062a\u062d\u0642\u064a\u0642 \u0627\u0646\u062a\u0634\u0627\u0631 \u0648\u0627\u0633\u0639 \u0648\u0638\u0647\u0648\u0631 \u0645\u062a\u0643\u0631\u0631. \u0645\u062d\u062a\u0648\u0627\u0643 \u064a\u0635\u0644 \u0644\u0645\u0644\u0627\u064a\u064a\u0646 \u0627\u0644\u0645\u0633\u062a\u062e\u062f\u0645\u064a\u0646 \u0648\u064a\u0638\u0647\u0631 \u0645\u0631\u0627\u0631\u0627\u064b. \u062a\u0623\u062b\u064a\u0631 \u0645\u0636\u0627\u0639\u0641 \u0639\u0644\u0649 \u0627\u0644\u0648\u0639\u064a \u0628\u0627\u0644\u0628\u0631\u0627\u0646\u062f.\" \/>\n<meta name=\"robots\" content=\"index, follow, max-snippet:-1, max-image-preview:large, max-video-preview:-1\" \/>\n<link rel=\"canonical\" href=\"https:\/\/smm-follow.com\/it\/product\/arrivi-e-impressioni-instagram\/\" \/>\n<meta property=\"og:locale\" content=\"it_IT\" \/>\n<meta property=\"og:type\" content=\"article\" \/>\n<meta property=\"og:title\" content=\"\u0648\u0635\u0648\u0644 \u0648\u0627\u0646\u0637\u0628\u0627\u0639\u0627\u062a \u0627\u0646\u0633\u062a\u0642\u0631\u0627\u0645\" \/>\n<meta property=\"og:description\" content=\"\u0648\u0635\u0648\u0644 \u0648\u0627\u0646\u0637\u0628\u0627\u0639\u0627\u062a \u0627\u0646\u0633\u062a\u0642\u0631\u0627\u0645 \u0645\u0639\u0627\u064b \u0644\u062a\u062d\u0642\u064a\u0642 \u0627\u0646\u062a\u0634\u0627\u0631 \u0648\u0627\u0633\u0639 \u0648\u0638\u0647\u0648\u0631 \u0645\u062a\u0643\u0631\u0631. \u0645\u062d\u062a\u0648\u0627\u0643 \u064a\u0635\u0644 \u0644\u0645\u0644\u0627\u064a\u064a\u0646 \u0627\u0644\u0645\u0633\u062a\u062e\u062f\u0645\u064a\u0646 \u0648\u064a\u0638\u0647\u0631 \u0645\u0631\u0627\u0631\u0627\u064b. \u062a\u0623\u062b\u064a\u0631 \u0645\u0636\u0627\u0639\u0641 \u0639\u0644\u0649 \u0627\u0644\u0648\u0639\u064a \u0628\u0627\u0644\u0628\u0631\u0627\u0646\u062f.\" \/>\n<meta property=\"og:url\" content=\"https:\/\/smm-follow.com\/it\/product\/arrivi-e-impressioni-instagram\/\" \/>\n<meta property=\"og:site_name\" content=\"SMM Follow\" \/>\n<meta property=\"article:modified_time\" content=\"2026-01-16T07:17:46+00:00\" \/>\n<meta property=\"og:image\" content=\"https:\/\/smm-follow.com\/wp-content\/uploads\/2025\/12\/Picsart_24-01-21_18-57-12-391-scaled-1-1-1.jpg\" \/>\n\t<meta property=\"og:image:width\" content=\"2560\" \/>\n\t<meta property=\"og:image:height\" content=\"2560\" \/>\n\t<meta property=\"og:image:type\" content=\"image\/jpeg\" \/>\n<meta name=\"twitter:card\" content=\"summary_large_image\" \/>\n<meta name=\"twitter:label1\" content=\"Prezzo\" \/>\n\t<meta name=\"twitter:data1\" content=\"&#036;0.00\" \/>\n\t<meta name=\"twitter:label2\" content=\"Disponibilit\u00e0\" \/>\n\t<meta name=\"twitter:data2\" content=\"In stock\" \/>\n<script type=\"application\/ld+json\" class=\"yoast-schema-graph\">{\"@context\":\"https:\/\/schema.org\",\"@graph\":[{\"@type\":\"WebPage\",\"@id\":\"https:\/\/smm-follow.com\/product\/instagram-arrivals-and-impressions\/\",\"url\":\"https:\/\/smm-follow.com\/product\/instagram-arrivals-and-impressions\/\",\"name\":\"\u0634\u0631\u0627\u0621 \u0648\u0635\u0648\u0644 \u0648\u0627\u0646\u0637\u0628\u0627\u0639\u0627\u062a | \u0632\u064a\u0627\u062f\u0629 Reach + Impressions \u0645\u0639\u0627\u064b\",\"isPartOf\":{\"@id\":\"https:\/\/smm-follow.com\/#website\"},\"primaryImageOfPage\":{\"@id\":\"https:\/\/smm-follow.com\/product\/instagram-arrivals-and-impressions\/#primaryimage\"},\"image\":{\"@id\":\"https:\/\/smm-follow.com\/product\/instagram-arrivals-and-impressions\/#primaryimage\"},\"thumbnailUrl\":\"https:\/\/smm-follow.com\/wp-content\/uploads\/2025\/12\/Picsart_24-01-21_18-57-12-391-scaled-1-1-1.jpg\",\"datePublished\":\"2025-12-23T11:46:03+00:00\",\"dateModified\":\"2026-01-16T07:17:46+00:00\",\"description\":\"\u0648\u0635\u0648\u0644 \u0648\u0627\u0646\u0637\u0628\u0627\u0639\u0627\u062a \u0627\u0646\u0633\u062a\u0642\u0631\u0627\u0645 \u0645\u0639\u0627\u064b \u0644\u062a\u062d\u0642\u064a\u0642 \u0627\u0646\u062a\u0634\u0627\u0631 \u0648\u0627\u0633\u0639 \u0648\u0638\u0647\u0648\u0631 \u0645\u062a\u0643\u0631\u0631. \u0645\u062d\u062a\u0648\u0627\u0643 \u064a\u0635\u0644 \u0644\u0645\u0644\u0627\u064a\u064a\u0646 \u0627\u0644\u0645\u0633\u062a\u062e\u062f\u0645\u064a\u0646 \u0648\u064a\u0638\u0647\u0631 \u0645\u0631\u0627\u0631\u0627\u064b. \u062a\u0623\u062b\u064a\u0631 \u0645\u0636\u0627\u0639\u0641 \u0639\u0644\u0649 \u0627\u0644\u0648\u0639\u064a \u0628\u0627\u0644\u0628\u0631\u0627\u0646\u062f.\",\"breadcrumb\":{\"@id\":\"https:\/\/smm-follow.com\/product\/instagram-arrivals-and-impressions\/#breadcrumb\"},\"inLanguage\":\"it-IT\",\"potentialAction\":[{\"@type\":\"ReadAction\",\"target\":[\"https:\/\/smm-follow.com\/product\/instagram-arrivals-and-impressions\/\"]}]},{\"@type\":\"ImageObject\",\"inLanguage\":\"it-IT\",\"@id\":\"https:\/\/smm-follow.com\/product\/instagram-arrivals-and-impressions\/#primaryimage\",\"url\":\"https:\/\/smm-follow.com\/wp-content\/uploads\/2025\/12\/Picsart_24-01-21_18-57-12-391-scaled-1-1-1.jpg\",\"contentUrl\":\"https:\/\/smm-follow.com\/wp-content\/uploads\/2025\/12\/Picsart_24-01-21_18-57-12-391-scaled-1-1-1.jpg\",\"width\":2560,\"height\":2560},{\"@type\":\"BreadcrumbList\",\"@id\":\"https:\/\/smm-follow.com\/product\/instagram-arrivals-and-impressions\/#breadcrumb\",\"itemListElement\":[{\"@type\":\"ListItem\",\"position\":1,\"name\":\"\u0627\u0644\u0631\u0626\u064a\u0633\u064a\u0629\",\"item\":\"https:\/\/smm-follow.com\/\"},{\"@type\":\"ListItem\",\"position\":2,\"name\":\"\u0627\u0644\u0645\u062a\u062c\u0631\",\"item\":\"https:\/\/smm-follow.com\/en\/shop\/\"},{\"@type\":\"ListItem\",\"position\":3,\"name\":\"\u0648\u0635\u0648\u0644 \u0648\u0627\u0646\u0637\u0628\u0627\u0639\u0627\u062a \u0627\u0646\u0633\u062a\u0642\u0631\u0627\u0645\"}]},{\"@type\":\"WebSite\",\"@id\":\"https:\/\/smm-follow.com\/#website\",\"url\":\"https:\/\/smm-follow.com\/\",\"name\":\"SMM FOLLOW\",\"description\":\"\u0645\u0646\u0635\u0629 \u0645\u062a\u062e\u0635\u0635\u0629 \u0641\u064a \u062e\u062f\u0645\u0627\u062a \u0645\u0648\u0627\u0642\u0639 \u0627\u0644\u062a\u0648\u0627\u0635\u0644 \u0627\u0644\u0627\u062c\u062a\u0645\u0627\u0639\u064a \u0644\u0632\u064a\u0627\u062f\u0629 \u0627\u0644\u0645\u062a\u0627\u0628\u0639\u064a\u0646\u060c \u0627\u0644\u0644\u0627\u064a\u0643\u0627\u062a\u060c \u0648\u0627\u0644\u0645\u0634\u0627\u0647\u062f\u0627\u062a \u0639\u0644\u0649 \u0625\u0646\u0633\u062a\u0642\u0631\u0627\u0645\u060c \u062a\u064a\u0643 \u062a\u0648\u0643\u060c \u064a\u0648\u062a\u064a\u0648\u0628 \u0648\u063a\u064a\u0631\u0647\u0627. \u062e\u062f\u0645\u0627\u062a \u0622\u0645\u0646\u0629 \u0644\u062c\u0645\u064a\u0639 \u0627\u0644\u062f\u0648\u0644\",\"publisher\":{\"@id\":\"https:\/\/smm-follow.com\/#organization\"},\"alternateName\":\"Follow 965 \u0641\u0648\u0644\u0648\",\"potentialAction\":[{\"@type\":\"SearchAction\",\"target\":{\"@type\":\"EntryPoint\",\"urlTemplate\":\"https:\/\/smm-follow.com\/?s={search_term_string}\"},\"query-input\":{\"@type\":\"PropertyValueSpecification\",\"valueRequired\":true,\"valueName\":\"search_term_string\"}}],\"inLanguage\":\"it-IT\"},{\"@type\":\"Organization\",\"@id\":\"https:\/\/smm-follow.com\/#organization\",\"name\":\"SMM FOLLOW\",\"alternateName\":\"Follow 965\",\"url\":\"https:\/\/smm-follow.com\/\",\"logo\":{\"@type\":\"ImageObject\",\"inLanguage\":\"it-IT\",\"@id\":\"https:\/\/smm-follow.com\/#\/schema\/logo\/image\/\",\"url\":\"https:\/\/smm-follow.com\/wp-content\/uploads\/2025\/12\/Logo-smm-follow.jpg\",\"contentUrl\":\"https:\/\/smm-follow.com\/wp-content\/uploads\/2025\/12\/Logo-smm-follow.jpg\",\"width\":1080,\"height\":1080,\"caption\":\"SMM FOLLOW\"},\"image\":{\"@id\":\"https:\/\/smm-follow.com\/#\/schema\/logo\/image\/\"},\"hasMerchantReturnPolicy\":{\"@type\":\"MerchantReturnPolicy\",\"merchantReturnLink\":\"https:\/\/smm-follow.com\/it\/politica-di-ritorno\/\"}}]}<\/script>\n<meta property=\"product:brand\" content=\"\u0627\u0646\u0633\u062a\u0642\u0631\u0627\u0645\" \/>\n<meta property=\"product:price:amount\" content=\"0.00\" \/>\n<meta property=\"product:price:currency\" content=\"USD\" \/>\n<meta property=\"og:availability\" content=\"instock\" \/>\n<meta property=\"product:availability\" content=\"instock\" \/>\n<meta property=\"product:condition\" content=\"new\" \/>\n<!-- \/ Yoast SEO Premium plugin. -->","yoast_head_json":{"title":"Acquista copertura e impressioni | Aumenta copertura e impressioni insieme","description":"La portata e le visualizzazioni di Instagram si combinano per ottenere un&#039;ampia esposizione e apparizioni frequenti. I tuoi contenuti raggiungono milioni di utenti e appaiono ripetutamente. Impatto amplificato sulla brand awareness.","robots":{"index":"index","follow":"follow","max-snippet":"max-snippet:-1","max-image-preview":"max-image-preview:large","max-video-preview":"max-video-preview:-1"},"canonical":"https:\/\/smm-follow.com\/it\/product\/arrivi-e-impressioni-instagram\/","og_locale":"it_IT","og_type":"article","og_title":"\u0648\u0635\u0648\u0644 \u0648\u0627\u0646\u0637\u0628\u0627\u0639\u0627\u062a \u0627\u0646\u0633\u062a\u0642\u0631\u0627\u0645","og_description":"\u0648\u0635\u0648\u0644 \u0648\u0627\u0646\u0637\u0628\u0627\u0639\u0627\u062a \u0627\u0646\u0633\u062a\u0642\u0631\u0627\u0645 \u0645\u0639\u0627\u064b \u0644\u062a\u062d\u0642\u064a\u0642 \u0627\u0646\u062a\u0634\u0627\u0631 \u0648\u0627\u0633\u0639 \u0648\u0638\u0647\u0648\u0631 \u0645\u062a\u0643\u0631\u0631. \u0645\u062d\u062a\u0648\u0627\u0643 \u064a\u0635\u0644 \u0644\u0645\u0644\u0627\u064a\u064a\u0646 \u0627\u0644\u0645\u0633\u062a\u062e\u062f\u0645\u064a\u0646 \u0648\u064a\u0638\u0647\u0631 \u0645\u0631\u0627\u0631\u0627\u064b. \u062a\u0623\u062b\u064a\u0631 \u0645\u0636\u0627\u0639\u0641 \u0639\u0644\u0649 \u0627\u0644\u0648\u0639\u064a \u0628\u0627\u0644\u0628\u0631\u0627\u0646\u062f.","og_url":"https:\/\/smm-follow.com\/it\/product\/arrivi-e-impressioni-instagram\/","og_site_name":"SMM Follow","article_modified_time":"2026-01-16T07:17:46+00:00","og_image":[{"width":2560,"height":2560,"url":"https:\/\/smm-follow.com\/wp-content\/uploads\/2025\/12\/Picsart_24-01-21_18-57-12-391-scaled-1-1-1.jpg","type":"image\/jpeg"}],"twitter_card":"summary_large_image","twitter_misc":{"Prezzo":"&#36;0.00","Disponibilit\u00e0":"In stock"},"schema":{"@context":"https:\/\/schema.org","@graph":[{"@type":"WebPage","@id":"https:\/\/smm-follow.com\/product\/instagram-arrivals-and-impressions\/","url":"https:\/\/smm-follow.com\/product\/instagram-arrivals-and-impressions\/","name":"Acquista copertura e impressioni | Aumenta copertura e impressioni insieme","isPartOf":{"@id":"https:\/\/smm-follow.com\/#website"},"primaryImageOfPage":{"@id":"https:\/\/smm-follow.com\/product\/instagram-arrivals-and-impressions\/#primaryimage"},"image":{"@id":"https:\/\/smm-follow.com\/product\/instagram-arrivals-and-impressions\/#primaryimage"},"thumbnailUrl":"https:\/\/smm-follow.com\/wp-content\/uploads\/2025\/12\/Picsart_24-01-21_18-57-12-391-scaled-1-1-1.jpg","datePublished":"2025-12-23T11:46:03+00:00","dateModified":"2026-01-16T07:17:46+00:00","description":"La portata e le visualizzazioni di Instagram si combinano per ottenere un&#039;ampia esposizione e apparizioni frequenti. I tuoi contenuti raggiungono milioni di utenti e appaiono ripetutamente. Impatto amplificato sulla brand awareness.","breadcrumb":{"@id":"https:\/\/smm-follow.com\/product\/instagram-arrivals-and-impressions\/#breadcrumb"},"inLanguage":"it-IT","potentialAction":[{"@type":"ReadAction","target":["https:\/\/smm-follow.com\/product\/instagram-arrivals-and-impressions\/"]}]},{"@type":"ImageObject","inLanguage":"it-IT","@id":"https:\/\/smm-follow.com\/product\/instagram-arrivals-and-impressions\/#primaryimage","url":"https:\/\/smm-follow.com\/wp-content\/uploads\/2025\/12\/Picsart_24-01-21_18-57-12-391-scaled-1-1-1.jpg","contentUrl":"https:\/\/smm-follow.com\/wp-content\/uploads\/2025\/12\/Picsart_24-01-21_18-57-12-391-scaled-1-1-1.jpg","width":2560,"height":2560},{"@type":"BreadcrumbList","@id":"https:\/\/smm-follow.com\/product\/instagram-arrivals-and-impressions\/#breadcrumb","itemListElement":[{"@type":"ListItem","position":1,"name":"\u0627\u0644\u0631\u0626\u064a\u0633\u064a\u0629","item":"https:\/\/smm-follow.com\/"},{"@type":"ListItem","position":2,"name":"\u0627\u0644\u0645\u062a\u062c\u0631","item":"https:\/\/smm-follow.com\/en\/shop\/"},{"@type":"ListItem","position":3,"name":"\u0648\u0635\u0648\u0644 \u0648\u0627\u0646\u0637\u0628\u0627\u0639\u0627\u062a \u0627\u0646\u0633\u062a\u0642\u0631\u0627\u0645"}]},{"@type":"WebSite","@id":"https:\/\/smm-follow.com\/#website","url":"https:\/\/smm-follow.com\/","name":"SMM SEGUI","description":"Una piattaforma specializzata in servizi di social media per aumentare follower, &quot;Mi piace&quot; e visualizzazioni su Instagram, TikTok, YouTube e altri. Servizi sicuri disponibili in tutti i paesi.","publisher":{"@id":"https:\/\/smm-follow.com\/#organization"},"alternateName":"Follow 965 \u0641\u0648\u0644\u0648","potentialAction":[{"@type":"SearchAction","target":{"@type":"EntryPoint","urlTemplate":"https:\/\/smm-follow.com\/?s={search_term_string}"},"query-input":{"@type":"PropertyValueSpecification","valueRequired":true,"valueName":"search_term_string"}}],"inLanguage":"it-IT"},{"@type":"Organization","@id":"https:\/\/smm-follow.com\/#organization","name":"SMM SEGUI","alternateName":"Follow 965","url":"https:\/\/smm-follow.com\/","logo":{"@type":"ImageObject","inLanguage":"it-IT","@id":"https:\/\/smm-follow.com\/#\/schema\/logo\/image\/","url":"https:\/\/smm-follow.com\/wp-content\/uploads\/2025\/12\/Logo-smm-follow.jpg","contentUrl":"https:\/\/smm-follow.com\/wp-content\/uploads\/2025\/12\/Logo-smm-follow.jpg","width":1080,"height":1080,"caption":"SMM FOLLOW"},"image":{"@id":"https:\/\/smm-follow.com\/#\/schema\/logo\/image\/"},"hasMerchantReturnPolicy":{"@type":"MerchantReturnPolicy","merchantReturnLink":"https:\/\/smm-follow.com\/it\/politica-di-ritorno\/"}}]},"product_brand":"\u0627\u0646\u0633\u062a\u0642\u0631\u0627\u0645","product_price_amount":"0.00","product_price_currency":"USD","og_availability":"instock","product_availability":"instock","product_condition":"new"},"_links":{"self":[{"href":"https:\/\/smm-follow.com\/it\/wp-json\/wp\/v2\/product\/365","targetHints":{"allow":["GET"]}}],"collection":[{"href":"https:\/\/smm-follow.com\/it\/wp-json\/wp\/v2\/product"}],"about":[{"href":"https:\/\/smm-follow.com\/it\/wp-json\/wp\/v2\/types\/product"}],"replies":[{"embeddable":true,"href":"https:\/\/smm-follow.com\/it\/wp-json\/wp\/v2\/comments?post=365"}],"wp:featuredmedia":[{"embeddable":true,"href":"https:\/\/smm-follow.com\/it\/wp-json\/wp\/v2\/media\/156"}],"wp:attachment":[{"href":"https:\/\/smm-follow.com\/it\/wp-json\/wp\/v2\/media?parent=365"}],"wp:term":[{"taxonomy":"product_brand","embeddable":true,"href":"https:\/\/smm-follow.com\/it\/wp-json\/wp\/v2\/product_brand?post=365"},{"taxonomy":"product_cat","embeddable":true,"href":"https:\/\/smm-follow.com\/it\/wp-json\/wp\/v2\/product_cat?post=365"},{"taxonomy":"product_tag","embeddable":true,"href":"https:\/\/smm-follow.com\/it\/wp-json\/wp\/v2\/product_tag?post=365"}],"curies":[{"name":"parola chiave","href":"https:\/\/api.w.org\/{rel}","templated":true}]}}