{"id":89,"date":"2025-12-23T14:40:27","date_gmt":"2025-12-23T11:40:27","guid":{"rendered":"https:\/\/smm-follow.com\/?post_type=product&#038;p=89"},"modified":"2026-01-16T10:17:44","modified_gmt":"2026-01-16T07:17:44","slug":"instagram-mention","status":"publish","type":"product","link":"https:\/\/smm-follow.com\/it\/product\/acquista-menzione-instagram\/","title":{"rendered":"Menzioni su Instagram"},"content":{"rendered":"<h1>Acquistare menzioni Instagram da account reali: la strategia di menzione e raccomandazione<\/h1>\n<p>Per cominciare, stai cercando un modo efficace per aumentare la tua credibilit\u00e0 e la tua portata su Instagram? <strong>Acquista menzioni Instagram da account reali<\/strong> \u00c8 la soluzione ideale. Infatti, \u00e8 considerata <strong>Menzione o tag<\/strong> Instagram \u00e8 una delle forme pi\u00f9 potenti di raccomandazione sociale. Inoltre, quando vieni menzionato nei post di altri account, ottieni credibilit\u00e0 immediata.<\/p>\n<p>In breve, quando investi in <strong>Acquista menzioni Instagram<\/strong>Non solo riceverai menzioni del tuo nome, ma anche riconoscimenti pubblici da altri account. Di conseguenza, il tuo brand diventer\u00e0 pi\u00f9 conosciuto e apprezzato dal pubblico.<\/p>\n<h2>Perch\u00e9 menzionare qualcuno su Instagram \u00e8 importante per la crescita del tuo account?<\/h2>\n<p>Per chiarire ulteriormente, <strong>Menzioni su Instagram<\/strong> \u00c8 pi\u00f9 di un semplice segnale. \u00c8 una forma di raccomandazione e riconoscimento della qualit\u00e0.<\/p>\n<h3>Costruire rapidamente credibilit\u00e0 attraverso raccomandazioni pubbliche<\/h3>\n<p>Prima di tutto, quando acquisti <strong>Menzioni Instagram da account reali<\/strong>Ci\u00f2 significa che riceverai raccomandazioni che sembrano completamente organiche. Di conseguenza, i nuovi utenti si fideranno pi\u00f9 rapidamente del tuo account quando vedranno che altri account lo menzionano e lo consigliano.<\/p>\n<h3>Maggiore accesso a un pubblico nuovo e diversificato<\/h3>\n<p>Allo stesso modo, ogni <strong>Menzioni su Instagram<\/strong> Il tuo account viene visualizzato dai follower dell&#039;account che ti ha taggato. Pertanto, questo servizio ti consente di raggiungere un pubblico nuovo che altrimenti non raggiungeresti.<\/p>\n<h3>Classificazione dell&#039;algoritmo migliorata e visibilit\u00e0 migliorata<\/h3>\n<p>D&#039;altra parte, l&#039;algoritmo di Instagram capisce che <strong>Menzione<\/strong> Ci\u00f2 rappresenta un&#039;interazione autentica tra account. Di conseguenza, i tuoi post e il tuo account in generale potrebbero ottenere maggiore visibilit\u00e0 grazie a questi segnali positivi.<\/p>\n<h2>Caratteristiche del nostro servizio per l&#039;acquisto di menzioni su Instagram<\/h2>\n<h3>Alta qualit\u00e0: solo menzioni da account reali<\/h3>\n<p>Per confermare, garantiamo che tutti i servizi <strong>Acquista menzioni Instagram<\/strong> Questi account provengono esclusivamente da utenti reali e attivi. Questo garantisce un&#039;interazione naturale e la massima sicurezza del tuo account.<\/p>\n<h3>Esecuzione estremamente rapida per ottenere menzioni<\/h3>\n<p>Rispetto ad altri servizi, noi iniziamo il processo <strong>Ottieni menzioni su Instagram<\/strong> durante <strong>5-15 minuti<\/strong> Solo dopo aver confermato l&#039;ordine. Per questo motivo, organizziamo il processo di spedizione in modo graduale e intelligente.<\/p>\n<h3>Privacy e sicurezza complete senza requisiti complicati<\/h3>\n<p>In particolare, la sicurezza del tuo account \u00e8 la nostra massima priorit\u00e0. <strong>Non chiediamo mai<\/strong> La password del tuo account. Al contrario, l&#039;intero processo avviene semplicemente tramite il tuo nome utente.<\/p>\n<h3>Garanzia a lungo termine di risultati di menzione stabili<\/h3>\n<p>Per garantire il vostro comfort, offriamo <strong>garanzia di 6 mesi<\/strong>. Per la nostra fiducia nella qualit\u00e0 <strong>Acquista menzioni Instagram da account reali<\/strong>Proteggiamo completamente il tuo investimento.<\/p>\n<h2>In che modo il servizio di menzione pu\u00f2 essere utile a diverse tipologie di account?<\/h2>\n<p>Per illustrare questo concetto, ecco alcuni esempi:<\/p>\n<ul>\n<li><strong>Per i marchi:<\/strong> Fondamentalmente pu\u00f2 essere utilizzato <strong>Menzioni su Instagram<\/strong> Per aumentare la notoriet\u00e0 del marchio e attrarre nuovi clienti.<\/li>\n<li><strong>Per creatori di contenuti e influencer:<\/strong> In particolare, aiuta <strong>Menzione<\/strong> Nella creazione di reti professionali e nell&#039;attrazione di opportunit\u00e0 di collaborazione.<\/li>\n<li><strong>Per i negozi online:<\/strong> Di conseguenza, pu\u00f2 essere utilizzato per mostrare prodotti tramite raccomandazioni che appaiono organiche.<\/li>\n<li><strong>Per servizi professionali:<\/strong> In definitiva, aumenta la credibilit\u00e0 e attrae potenziali clienti.<\/li>\n<\/ul>\n<h2>Semplici passaggi per ottenere menzioni su Instagram<\/h2>\n<ol>\n<li><strong>Stabilisci i tuoi obiettivi:<\/strong> Per prima cosa, decidi cosa vuoi ottenere attraverso <strong>Acquista menzioni Instagram<\/strong>.<\/li>\n<li><strong>Condividi i tuoi dati:<\/strong> Successivamente, inviaci il nome utente del tuo account.<\/li>\n<li><strong>Completa il pagamento:<\/strong> Quindi, scegli il metodo di pagamento appropriato tra le opzioni sicure.<\/li>\n<li><strong>Ottieni la menzione:<\/strong> Infine, fai attenzione alle menzioni del tuo account che inizieranno ad apparire in altri post.<\/li>\n<\/ol>\n<h2>Menziona i pacchetti di servizi e i prezzi<\/h2>\n<table>\n<thead>\n<tr>\n<th>Il pacchetto<\/th>\n<th>Ambito del servizio<\/th>\n<th>Gruppo target<\/th>\n<th>Obiettivo principale<\/th>\n<\/tr>\n<\/thead>\n<tbody>\n<tr>\n<td><strong>Pacchetto base<\/strong><\/td>\n<td>10-25 menzioni<\/td>\n<td>Conti emergenti<\/td>\n<td>In sostanza, costruire la credibilit\u00e0 iniziale attraverso le menzioni<\/td>\n<\/tr>\n<tr>\n<td><strong>Pacchetto di crescita<\/strong><\/td>\n<td>50-100 menzioni<\/td>\n<td>piccoli segni<\/td>\n<td>In genere, per aumentare la notoriet\u00e0 del marchio attraverso i tag<\/td>\n<\/tr>\n<tr>\n<td><strong>Pacchetto professionale<\/strong><\/td>\n<td>Oltre 200 menzioni<\/td>\n<td>grandi marchi<\/td>\n<td>Principalmente, per creare una campagna di promemoria efficace tramite Instagram<\/td>\n<\/tr>\n<\/tbody>\n<\/table>\n<h2>Domande frequenti sull&#039;acquisto di menzioni su Instagram<\/h2>\n<h3>Posso scegliere il tipo di contenuto in cui appare la menzione?<\/h3>\n<p>In realt\u00e0 s\u00ec. Possiamo coordinare <strong>Menzione<\/strong> Per soddisfare diverse tipologie di contenuti. In altre parole, soddisfiamo le vostre diverse esigenze.<\/p>\n<h3>Qual \u00e8 la differenza tra il servizio di menzione e il servizio di commenti?<\/h3>\n<p>Per chiarire, la sezione commenti si concentra sull&#039;interazione sotto i tuoi post. <strong>Servizio di acquisto menzionato su Instagram<\/strong> Quindi, concentrati sul tuo aspetto nei post di altri account.<\/p>\n<h3>Posso richiedere che gli account vengano menzionati in campi specifici?<\/h3>\n<p>Assolutamente. Nello specifico, possiamo indirizzare <strong>Menzione<\/strong> Da resoconti che si concentrano su aree specifiche.<\/p>\n<h3>Come posso misurare l&#039;impatto del servizio di menzione?<\/h3>\n<p>Monitorando le notifiche e le statistiche di Instagram, noterai un aumento dei follower e del coinvolgimento. <strong>Menzione<\/strong>.<\/p>\n<h2>Passaggio successivo: aumenta la tua presenza tramite menzioni su Instagram<\/h2>\n<p>Insomma, <strong>Acquista menzioni Instagram da account reali<\/strong> Non \u00e8 un lusso, \u00e8 una strategia di marketing intelligente. Con qualit\u00e0 e velocit\u00e0 garantite, sei a pochi passi dall&#039;aumentare la tua credibilit\u00e0 e la tua portata. <strong>Pertanto, non sprecare le tue opportunit\u00e0 di visibilit\u00e0: inizia subito a costruire una solida rete di raccomandazioni.<\/strong><\/p>\n<p><!-- \u062d\u0642\u0648\u0644 \u0641\u0646\u064a\u0629 \u064a\u0645\u0643\u0646 \u0625\u0636\u0627\u0641\u062a\u0647\u0627 \u0641\u064a \u0648\u0648\u0631\u062f\u0628\u0631\u064a\u0633 --><\/p>\n<p style=\"display:none;\">\n<p>    <span class=\"product-id\">ID prodotto: IG-MENTION-SERVICE-2024<\/span><\/p>\n<p>    <span class=\"product-sku\">SKU: IGMENTION-001<\/span><\/p>","protected":false},"excerpt":{"rendered":"<p>Servizio di menzioni professionale! Ricevi menzioni su Instagram da 1001 account reali e attivi che menzionano il tuo nome nei loro post e nelle loro storie. Ogni menzione porta nuovi visitatori al tuo profilo e aumenta la tua portata. Consegna immediata entro poche ore, menzioni naturali su contenuti pertinenti, pacchetti da 10 a 1000, maggiore notoriet\u00e0 dell&#039;account, nuovi follower, assistenza 24 ore su 24, 7 giorni su 7. Aumenta la tua popolarit\u00e0 con le menzioni!<\/p>","protected":false},"featured_media":123,"comment_status":"closed","ping_status":"closed","template":"","meta":[],"product_brand":[],"product_cat":[19,225],"product_tag":[],"class_list":{"0":"post-89","1":"product","2":"type-product","3":"status-publish","4":"has-post-thumbnail","6":"product_cat-instagram","7":"product_cat-social-media","8":"tm-has-options","10":"first","11":"instock","12":"virtual","13":"taxable","14":"purchasable","15":"product-type-simple"},"yoast_head":"<!-- This site is optimized with the Yoast SEO Premium plugin v21.7 (Yoast SEO v27.1.1) - https:\/\/yoast.com\/product\/yoast-seo-premium-wordpress\/ -->\n<title>\u0634\u0631\u0627\u0621 \u0645\u0646\u0634\u0646 \u0627\u0646\u0633\u062a\u0642\u0631\u0627\u0645 | \u0632\u064a\u0627\u062f\u0629 Instagram Mentions \u0644\u0644\u0627\u0646\u062a\u0634\u0627\u0631<\/title>\n<meta name=\"description\" content=\"\u0645\u0646\u0634\u0646 \u0627\u0646\u0633\u062a\u0642\u0631\u0627\u0645 \u0645\u0646 \u062d\u0633\u0627\u0628\u0627\u062a \u062d\u0642\u064a\u0642\u064a\u0629 \u062a\u0630\u0643\u0631 \u0627\u0633\u0645\u0643 \u0641\u064a \u0645\u062d\u062a\u0648\u0627\u0647\u0627. \u0643\u0644 \u0645\u0646\u0634\u0646 \u064a\u062c\u0644\u0628 \u0632\u0648\u0627\u0631 \u062c\u062f\u062f \u0644\u0628\u0631\u0648\u0641\u0627\u064a\u0644\u0643 \u0648\u064a\u0639\u0632\u0632 \u0634\u0647\u0631\u062a\u0643. \u0625\u0634\u0627\u0631\u0627\u062a \u0637\u0628\u064a\u0639\u064a\u0629 \u0641\u064a \u0645\u0646\u0634\u0648\u0631\u0627\u062a \u0645\u0646\u0627\u0633\u0628\u0629\u060c \u0627\u0646\u062a\u0634\u0627\u0631 \u0648\u0627\u0633\u0639.\" \/>\n<meta name=\"robots\" content=\"index, follow, max-snippet:-1, max-image-preview:large, max-video-preview:-1\" \/>\n<link rel=\"canonical\" href=\"https:\/\/smm-follow.com\/it\/product\/acquista-menzione-instagram\/\" \/>\n<meta property=\"og:locale\" content=\"it_IT\" \/>\n<meta property=\"og:type\" content=\"article\" \/>\n<meta property=\"og:title\" content=\"\u0645\u0646\u0634\u0646 \u0627\u0646\u0633\u062a\u0642\u0631\u0627\u0645\" \/>\n<meta property=\"og:description\" content=\"\u0645\u0646\u0634\u0646 \u0627\u0646\u0633\u062a\u0642\u0631\u0627\u0645 \u0645\u0646 \u062d\u0633\u0627\u0628\u0627\u062a \u062d\u0642\u064a\u0642\u064a\u0629 \u062a\u0630\u0643\u0631 \u0627\u0633\u0645\u0643 \u0641\u064a \u0645\u062d\u062a\u0648\u0627\u0647\u0627. \u0643\u0644 \u0645\u0646\u0634\u0646 \u064a\u062c\u0644\u0628 \u0632\u0648\u0627\u0631 \u062c\u062f\u062f \u0644\u0628\u0631\u0648\u0641\u0627\u064a\u0644\u0643 \u0648\u064a\u0639\u0632\u0632 \u0634\u0647\u0631\u062a\u0643. \u0625\u0634\u0627\u0631\u0627\u062a \u0637\u0628\u064a\u0639\u064a\u0629 \u0641\u064a \u0645\u0646\u0634\u0648\u0631\u0627\u062a \u0645\u0646\u0627\u0633\u0628\u0629\u060c \u0627\u0646\u062a\u0634\u0627\u0631 \u0648\u0627\u0633\u0639.\" \/>\n<meta property=\"og:url\" content=\"https:\/\/smm-follow.com\/it\/product\/acquista-menzione-instagram\/\" \/>\n<meta property=\"og:site_name\" content=\"SMM Follow\" \/>\n<meta property=\"article:modified_time\" content=\"2026-01-16T07:17:44+00:00\" \/>\n<meta property=\"og:image\" content=\"https:\/\/smm-follow.com\/wp-content\/uploads\/2025\/12\/Picsart_24-01-21_18-52-11-230-scaled-1-1-1.jpg\" \/>\n\t<meta property=\"og:image:width\" content=\"2560\" \/>\n\t<meta property=\"og:image:height\" content=\"2560\" \/>\n\t<meta property=\"og:image:type\" content=\"image\/jpeg\" \/>\n<meta name=\"twitter:card\" content=\"summary_large_image\" \/>\n<meta name=\"twitter:label1\" content=\"Prezzo\" \/>\n\t<meta name=\"twitter:data1\" content=\"&#036;0.00\" \/>\n\t<meta name=\"twitter:label2\" content=\"Disponibilit\u00e0\" \/>\n\t<meta name=\"twitter:data2\" content=\"In stock\" \/>\n<script type=\"application\/ld+json\" class=\"yoast-schema-graph\">{\"@context\":\"https:\/\/schema.org\",\"@graph\":[{\"@type\":\"WebPage\",\"@id\":\"https:\/\/smm-follow.com\/product\/instagram-mention\/\",\"url\":\"https:\/\/smm-follow.com\/product\/instagram-mention\/\",\"name\":\"\u0634\u0631\u0627\u0621 \u0645\u0646\u0634\u0646 \u0627\u0646\u0633\u062a\u0642\u0631\u0627\u0645 | \u0632\u064a\u0627\u062f\u0629 Instagram Mentions \u0644\u0644\u0627\u0646\u062a\u0634\u0627\u0631\",\"isPartOf\":{\"@id\":\"https:\/\/smm-follow.com\/#website\"},\"primaryImageOfPage\":{\"@id\":\"https:\/\/smm-follow.com\/product\/instagram-mention\/#primaryimage\"},\"image\":{\"@id\":\"https:\/\/smm-follow.com\/product\/instagram-mention\/#primaryimage\"},\"thumbnailUrl\":\"https:\/\/smm-follow.com\/wp-content\/uploads\/2025\/12\/Picsart_24-01-21_18-52-11-230-scaled-1-1-1.jpg\",\"datePublished\":\"2025-12-23T11:40:27+00:00\",\"dateModified\":\"2026-01-16T07:17:44+00:00\",\"description\":\"\u0645\u0646\u0634\u0646 \u0627\u0646\u0633\u062a\u0642\u0631\u0627\u0645 \u0645\u0646 \u062d\u0633\u0627\u0628\u0627\u062a \u062d\u0642\u064a\u0642\u064a\u0629 \u062a\u0630\u0643\u0631 \u0627\u0633\u0645\u0643 \u0641\u064a \u0645\u062d\u062a\u0648\u0627\u0647\u0627. \u0643\u0644 \u0645\u0646\u0634\u0646 \u064a\u062c\u0644\u0628 \u0632\u0648\u0627\u0631 \u062c\u062f\u062f \u0644\u0628\u0631\u0648\u0641\u0627\u064a\u0644\u0643 \u0648\u064a\u0639\u0632\u0632 \u0634\u0647\u0631\u062a\u0643. \u0625\u0634\u0627\u0631\u0627\u062a \u0637\u0628\u064a\u0639\u064a\u0629 \u0641\u064a \u0645\u0646\u0634\u0648\u0631\u0627\u062a \u0645\u0646\u0627\u0633\u0628\u0629\u060c \u0627\u0646\u062a\u0634\u0627\u0631 \u0648\u0627\u0633\u0639.\",\"breadcrumb\":{\"@id\":\"https:\/\/smm-follow.com\/product\/instagram-mention\/#breadcrumb\"},\"inLanguage\":\"it-IT\",\"potentialAction\":[{\"@type\":\"ReadAction\",\"target\":[\"https:\/\/smm-follow.com\/product\/instagram-mention\/\"]}]},{\"@type\":\"ImageObject\",\"inLanguage\":\"it-IT\",\"@id\":\"https:\/\/smm-follow.com\/product\/instagram-mention\/#primaryimage\",\"url\":\"https:\/\/smm-follow.com\/wp-content\/uploads\/2025\/12\/Picsart_24-01-21_18-52-11-230-scaled-1-1-1.jpg\",\"contentUrl\":\"https:\/\/smm-follow.com\/wp-content\/uploads\/2025\/12\/Picsart_24-01-21_18-52-11-230-scaled-1-1-1.jpg\",\"width\":2560,\"height\":2560},{\"@type\":\"BreadcrumbList\",\"@id\":\"https:\/\/smm-follow.com\/product\/instagram-mention\/#breadcrumb\",\"itemListElement\":[{\"@type\":\"ListItem\",\"position\":1,\"name\":\"\u0627\u0644\u0631\u0626\u064a\u0633\u064a\u0629\",\"item\":\"https:\/\/smm-follow.com\/\"},{\"@type\":\"ListItem\",\"position\":2,\"name\":\"\u0627\u0644\u0645\u062a\u062c\u0631\",\"item\":\"https:\/\/smm-follow.com\/en\/shop\/\"},{\"@type\":\"ListItem\",\"position\":3,\"name\":\"\u0645\u0646\u0634\u0646 \u0627\u0646\u0633\u062a\u0642\u0631\u0627\u0645\"}]},{\"@type\":\"WebSite\",\"@id\":\"https:\/\/smm-follow.com\/#website\",\"url\":\"https:\/\/smm-follow.com\/\",\"name\":\"SMM FOLLOW\",\"description\":\"\u0645\u0646\u0635\u0629 \u0645\u062a\u062e\u0635\u0635\u0629 \u0641\u064a \u062e\u062f\u0645\u0627\u062a \u0645\u0648\u0627\u0642\u0639 \u0627\u0644\u062a\u0648\u0627\u0635\u0644 \u0627\u0644\u0627\u062c\u062a\u0645\u0627\u0639\u064a \u0644\u0632\u064a\u0627\u062f\u0629 \u0627\u0644\u0645\u062a\u0627\u0628\u0639\u064a\u0646\u060c \u0627\u0644\u0644\u0627\u064a\u0643\u0627\u062a\u060c \u0648\u0627\u0644\u0645\u0634\u0627\u0647\u062f\u0627\u062a \u0639\u0644\u0649 \u0625\u0646\u0633\u062a\u0642\u0631\u0627\u0645\u060c \u062a\u064a\u0643 \u062a\u0648\u0643\u060c \u064a\u0648\u062a\u064a\u0648\u0628 \u0648\u063a\u064a\u0631\u0647\u0627. \u062e\u062f\u0645\u0627\u062a \u0622\u0645\u0646\u0629 \u0644\u062c\u0645\u064a\u0639 \u0627\u0644\u062f\u0648\u0644\",\"publisher\":{\"@id\":\"https:\/\/smm-follow.com\/#organization\"},\"alternateName\":\"Follow 965 \u0641\u0648\u0644\u0648\",\"potentialAction\":[{\"@type\":\"SearchAction\",\"target\":{\"@type\":\"EntryPoint\",\"urlTemplate\":\"https:\/\/smm-follow.com\/?s={search_term_string}\"},\"query-input\":{\"@type\":\"PropertyValueSpecification\",\"valueRequired\":true,\"valueName\":\"search_term_string\"}}],\"inLanguage\":\"it-IT\"},{\"@type\":\"Organization\",\"@id\":\"https:\/\/smm-follow.com\/#organization\",\"name\":\"SMM FOLLOW\",\"alternateName\":\"Follow 965\",\"url\":\"https:\/\/smm-follow.com\/\",\"logo\":{\"@type\":\"ImageObject\",\"inLanguage\":\"it-IT\",\"@id\":\"https:\/\/smm-follow.com\/#\/schema\/logo\/image\/\",\"url\":\"https:\/\/smm-follow.com\/wp-content\/uploads\/2025\/12\/Logo-smm-follow.jpg\",\"contentUrl\":\"https:\/\/smm-follow.com\/wp-content\/uploads\/2025\/12\/Logo-smm-follow.jpg\",\"width\":1080,\"height\":1080,\"caption\":\"SMM FOLLOW\"},\"image\":{\"@id\":\"https:\/\/smm-follow.com\/#\/schema\/logo\/image\/\"},\"hasMerchantReturnPolicy\":{\"@type\":\"MerchantReturnPolicy\",\"merchantReturnLink\":\"https:\/\/smm-follow.com\/it\/politica-di-ritorno\/\"}}]}<\/script>\n<meta property=\"product:brand\" content=\"\u0627\u0646\u0633\u062a\u0642\u0631\u0627\u0645\" \/>\n<meta property=\"product:price:amount\" content=\"0.00\" \/>\n<meta property=\"product:price:currency\" content=\"USD\" \/>\n<meta property=\"og:availability\" content=\"instock\" \/>\n<meta property=\"product:availability\" content=\"instock\" \/>\n<meta property=\"product:condition\" content=\"new\" \/>\n<!-- \/ Yoast SEO Premium plugin. -->","yoast_head_json":{"title":"Acquista menzioni su Instagram | Aumenta le menzioni su Instagram per una portata pi\u00f9 ampia","description":"Menzioni su Instagram da account reali che menzionano il tuo nome nei loro contenuti. Ogni menzione porta nuovi visitatori al tuo profilo e aumenta la tua visibilit\u00e0. Le menzioni naturali nei post pertinenti portano a un&#039;ampia visibilit\u00e0.","robots":{"index":"index","follow":"follow","max-snippet":"max-snippet:-1","max-image-preview":"max-image-preview:large","max-video-preview":"max-video-preview:-1"},"canonical":"https:\/\/smm-follow.com\/it\/product\/acquista-menzione-instagram\/","og_locale":"it_IT","og_type":"article","og_title":"\u0645\u0646\u0634\u0646 \u0627\u0646\u0633\u062a\u0642\u0631\u0627\u0645","og_description":"\u0645\u0646\u0634\u0646 \u0627\u0646\u0633\u062a\u0642\u0631\u0627\u0645 \u0645\u0646 \u062d\u0633\u0627\u0628\u0627\u062a \u062d\u0642\u064a\u0642\u064a\u0629 \u062a\u0630\u0643\u0631 \u0627\u0633\u0645\u0643 \u0641\u064a \u0645\u062d\u062a\u0648\u0627\u0647\u0627. \u0643\u0644 \u0645\u0646\u0634\u0646 \u064a\u062c\u0644\u0628 \u0632\u0648\u0627\u0631 \u062c\u062f\u062f \u0644\u0628\u0631\u0648\u0641\u0627\u064a\u0644\u0643 \u0648\u064a\u0639\u0632\u0632 \u0634\u0647\u0631\u062a\u0643. \u0625\u0634\u0627\u0631\u0627\u062a \u0637\u0628\u064a\u0639\u064a\u0629 \u0641\u064a \u0645\u0646\u0634\u0648\u0631\u0627\u062a \u0645\u0646\u0627\u0633\u0628\u0629\u060c \u0627\u0646\u062a\u0634\u0627\u0631 \u0648\u0627\u0633\u0639.","og_url":"https:\/\/smm-follow.com\/it\/product\/acquista-menzione-instagram\/","og_site_name":"SMM Follow","article_modified_time":"2026-01-16T07:17:44+00:00","og_image":[{"width":2560,"height":2560,"url":"https:\/\/smm-follow.com\/wp-content\/uploads\/2025\/12\/Picsart_24-01-21_18-52-11-230-scaled-1-1-1.jpg","type":"image\/jpeg"}],"twitter_card":"summary_large_image","twitter_misc":{"Prezzo":"&#36;0.00","Disponibilit\u00e0":"In stock"},"schema":{"@context":"https:\/\/schema.org","@graph":[{"@type":"WebPage","@id":"https:\/\/smm-follow.com\/product\/instagram-mention\/","url":"https:\/\/smm-follow.com\/product\/instagram-mention\/","name":"Acquista menzioni su Instagram | Aumenta le menzioni su Instagram per una portata pi\u00f9 ampia","isPartOf":{"@id":"https:\/\/smm-follow.com\/#website"},"primaryImageOfPage":{"@id":"https:\/\/smm-follow.com\/product\/instagram-mention\/#primaryimage"},"image":{"@id":"https:\/\/smm-follow.com\/product\/instagram-mention\/#primaryimage"},"thumbnailUrl":"https:\/\/smm-follow.com\/wp-content\/uploads\/2025\/12\/Picsart_24-01-21_18-52-11-230-scaled-1-1-1.jpg","datePublished":"2025-12-23T11:40:27+00:00","dateModified":"2026-01-16T07:17:44+00:00","description":"Menzioni su Instagram da account reali che menzionano il tuo nome nei loro contenuti. Ogni menzione porta nuovi visitatori al tuo profilo e aumenta la tua visibilit\u00e0. Le menzioni naturali nei post pertinenti portano a un&#039;ampia visibilit\u00e0.","breadcrumb":{"@id":"https:\/\/smm-follow.com\/product\/instagram-mention\/#breadcrumb"},"inLanguage":"it-IT","potentialAction":[{"@type":"ReadAction","target":["https:\/\/smm-follow.com\/product\/instagram-mention\/"]}]},{"@type":"ImageObject","inLanguage":"it-IT","@id":"https:\/\/smm-follow.com\/product\/instagram-mention\/#primaryimage","url":"https:\/\/smm-follow.com\/wp-content\/uploads\/2025\/12\/Picsart_24-01-21_18-52-11-230-scaled-1-1-1.jpg","contentUrl":"https:\/\/smm-follow.com\/wp-content\/uploads\/2025\/12\/Picsart_24-01-21_18-52-11-230-scaled-1-1-1.jpg","width":2560,"height":2560},{"@type":"BreadcrumbList","@id":"https:\/\/smm-follow.com\/product\/instagram-mention\/#breadcrumb","itemListElement":[{"@type":"ListItem","position":1,"name":"\u0627\u0644\u0631\u0626\u064a\u0633\u064a\u0629","item":"https:\/\/smm-follow.com\/"},{"@type":"ListItem","position":2,"name":"\u0627\u0644\u0645\u062a\u062c\u0631","item":"https:\/\/smm-follow.com\/en\/shop\/"},{"@type":"ListItem","position":3,"name":"\u0645\u0646\u0634\u0646 \u0627\u0646\u0633\u062a\u0642\u0631\u0627\u0645"}]},{"@type":"WebSite","@id":"https:\/\/smm-follow.com\/#website","url":"https:\/\/smm-follow.com\/","name":"SMM SEGUI","description":"Una piattaforma specializzata in servizi di social media per aumentare follower, &quot;Mi piace&quot; e visualizzazioni su Instagram, TikTok, YouTube e altri. Servizi sicuri disponibili in tutti i paesi.","publisher":{"@id":"https:\/\/smm-follow.com\/#organization"},"alternateName":"Follow 965 \u0641\u0648\u0644\u0648","potentialAction":[{"@type":"SearchAction","target":{"@type":"EntryPoint","urlTemplate":"https:\/\/smm-follow.com\/?s={search_term_string}"},"query-input":{"@type":"PropertyValueSpecification","valueRequired":true,"valueName":"search_term_string"}}],"inLanguage":"it-IT"},{"@type":"Organization","@id":"https:\/\/smm-follow.com\/#organization","name":"SMM SEGUI","alternateName":"Follow 965","url":"https:\/\/smm-follow.com\/","logo":{"@type":"ImageObject","inLanguage":"it-IT","@id":"https:\/\/smm-follow.com\/#\/schema\/logo\/image\/","url":"https:\/\/smm-follow.com\/wp-content\/uploads\/2025\/12\/Logo-smm-follow.jpg","contentUrl":"https:\/\/smm-follow.com\/wp-content\/uploads\/2025\/12\/Logo-smm-follow.jpg","width":1080,"height":1080,"caption":"SMM FOLLOW"},"image":{"@id":"https:\/\/smm-follow.com\/#\/schema\/logo\/image\/"},"hasMerchantReturnPolicy":{"@type":"MerchantReturnPolicy","merchantReturnLink":"https:\/\/smm-follow.com\/it\/politica-di-ritorno\/"}}]},"product_brand":"\u0627\u0646\u0633\u062a\u0642\u0631\u0627\u0645","product_price_amount":"0.00","product_price_currency":"USD","og_availability":"instock","product_availability":"instock","product_condition":"new"},"_links":{"self":[{"href":"https:\/\/smm-follow.com\/it\/wp-json\/wp\/v2\/product\/89","targetHints":{"allow":["GET"]}}],"collection":[{"href":"https:\/\/smm-follow.com\/it\/wp-json\/wp\/v2\/product"}],"about":[{"href":"https:\/\/smm-follow.com\/it\/wp-json\/wp\/v2\/types\/product"}],"replies":[{"embeddable":true,"href":"https:\/\/smm-follow.com\/it\/wp-json\/wp\/v2\/comments?post=89"}],"wp:featuredmedia":[{"embeddable":true,"href":"https:\/\/smm-follow.com\/it\/wp-json\/wp\/v2\/media\/123"}],"wp:attachment":[{"href":"https:\/\/smm-follow.com\/it\/wp-json\/wp\/v2\/media?parent=89"}],"wp:term":[{"taxonomy":"product_brand","embeddable":true,"href":"https:\/\/smm-follow.com\/it\/wp-json\/wp\/v2\/product_brand?post=89"},{"taxonomy":"product_cat","embeddable":true,"href":"https:\/\/smm-follow.com\/it\/wp-json\/wp\/v2\/product_cat?post=89"},{"taxonomy":"product_tag","embeddable":true,"href":"https:\/\/smm-follow.com\/it\/wp-json\/wp\/v2\/product_tag?post=89"}],"curies":[{"name":"parola chiave","href":"https:\/\/api.w.org\/{rel}","templated":true}]}}