{"id":91,"date":"2025-12-23T14:40:27","date_gmt":"2025-12-23T11:40:27","guid":{"rendered":"https:\/\/smm-follow.com\/?post_type=product&#038;p=91"},"modified":"2026-01-16T10:17:44","modified_gmt":"2026-01-16T07:17:44","slug":"instagram-direct-message","status":"publish","type":"product","link":"https:\/\/smm-follow.com\/it\/product\/acquista-messaggio-diretto-instagram\/","title":{"rendered":"Messaggio diretto di Instagram"},"content":{"rendered":"<h1>Aumentare e attivare i messaggi diretti di Instagram: una strategia di comunicazione intelligente<\/h1>\n<p>Per prima cosa, stai cercando un modo efficace per convertire i tuoi follower in clienti fedeli? <strong>Aumenta e attiva i messaggi diretti di Instagram (Direct Message)<\/strong> \u00c8 la soluzione strategica ottimale. Infatti, \u00e8 considerata <strong>Messaggio diretto di Instagram<\/strong> Uno degli strumenti di comunicazione pi\u00f9 potenti ma spesso trascurati. Inoltre, <strong>Attiva i messaggi diretti di Instagram<\/strong> Ti consente di costruire relazioni personali e uniche con il tuo pubblico.<\/p>\n<p>In breve, quando investi in <strong>Aumenta e attiva i messaggi diretti di Instagram (Direct Message)<\/strong>Non stai solo aumentando i numeri, stai creando canali di comunicazione diretti con potenziali clienti. Di conseguenza, puoi migliorare il servizio clienti e aumentare le vendite tramite [la piattaforma\/ecc.]. <strong>Messaggio diretto<\/strong>E aumentando significativamente la fedelt\u00e0 al marchio.<\/p>\n<h2>Perch\u00e9 aumentare i messaggi diretti di Instagram \u00e8 essenziale per la crescita del tuo account?<\/h2>\n<p>Per chiarire ulteriormente, <strong>Messaggi diretti di Instagram<\/strong> Sono pi\u00f9 di semplici messaggi. Rappresentano un&#039;opportunit\u00e0 di comunicazione diretta e personale che non pu\u00f2 essere ottenuta attraverso commenti pubblici.<\/p>\n<h3>Costruire solide relazioni personali tramite messaggio diretto<\/h3>\n<p>In primo luogo, la comunicazione tramite <strong>Messaggio diretto di Instagram<\/strong> Crea un senso di familiarit\u00e0 e fiducia. Di conseguenza, i clienti si sentono apprezzati e ascoltati, aumentando la loro fedelt\u00e0 al tuo brand. Inoltre, questo tipo di comunicazione consente una risoluzione dei problemi pi\u00f9 rapida ed efficiente.<\/p>\n<h3>Aumenta i tassi di conversione e le vendite tramite messaggi diretti<\/h3>\n<p>Allo stesso modo, gli studi dimostrano che <strong>Attiva i messaggi diretti di Instagram<\/strong> Pu\u00f2 aumentare i tassi di conversione fino a 30%. Per questo motivo, \u00e8 considerato <strong>Aumenta i messaggi diretti di Instagram<\/strong> Un investimento intelligente per qualsiasi account aziendale. Ad esempio, puoi inviare offerte esclusive tramite <strong>Messaggio diretto<\/strong> Per chi \u00e8 interessato ai vostri prodotti.<\/p>\n<h3>Migliorare l&#039;esperienza del cliente attraverso la comunicazione diretta<\/h3>\n<p>D&#039;altra parte, ti d\u00e0 <strong>Aumenta i messaggi diretti di Instagram<\/strong> Ci\u00f2 offre l&#039;opportunit\u00e0 di rispondere immediatamente alle richieste dei clienti. Di conseguenza, l&#039;esperienza del cliente migliora significativamente, con un impatto positivo sulla reputazione del tuo account. In altre parole, il servizio diventa pi\u00f9 completo e professionale.<\/p>\n<h2>Caratteristiche del nostro servizio per aumentare e attivare i Messaggi Diretti di Instagram<\/h2>\n<h3>Alta qualit\u00e0: interazione reale da parte degli utenti attivi<\/h3>\n<p>Per confermare, garantiamo che tutti <strong>Messaggi diretti di Instagram<\/strong> Questi account sono reali e attivi. Pertanto, ci\u00f2 garantisce un&#039;interazione naturale e la completa protezione del tuo account da qualsiasi rischio.<\/p>\n<h3>Esecuzione estremamente rapida per l&#039;attivazione dei Messaggi Diretti<\/h3>\n<p>Rispetto ad altri servizi, noi iniziamo il processo <strong>Attiva i messaggi diretti di Instagram<\/strong> durante <strong>5-15 minuti<\/strong> Sin dal momento in cui confermi l&#039;ordine. Per questo motivo, organizziamo il processo di consegna in modo graduale e intelligente. Otterrai risultati rapidi e dall&#039;aspetto naturale.<\/p>\n<h3>Privacy completa senza bisogno di password<\/h3>\n<p>In particolare, la sicurezza del tuo account \u00e8 la nostra massima priorit\u00e0. <strong>Non chiediamo mai<\/strong> La password del tuo account. Al contrario, l&#039;intero processo viene eseguito utilizzando solo il tuo nome utente.<\/p>\n<h3>Garanzia a lungo termine di risultati stabili dei messaggi diretti<\/h3>\n<p>Per garantire il vostro comfort, offriamo <strong>garanzia di 6 mesi<\/strong> In base al nostro servizio. Per la nostra fiducia nella qualit\u00e0. <strong>Aumenta e attiva i messaggi diretti di Instagram (Direct Message)<\/strong>Proteggiamo il tuo investimento.<\/p>\n<h2>In che modo il servizio di Messaggi Diretti pu\u00f2 essere utile a diversi tipi di account?<\/h2>\n<p>Per illustrare questo concetto, ecco alcuni esempi:<\/p>\n<ul>\n<li><strong>Per i negozi online:<\/strong> Fondamentalmente, puoi usare <strong>Messaggio diretto di Instagram<\/strong> Per rispondere a domande sui prodotti e inviare offerte speciali.<\/li>\n<li><strong>Per i creatori di contenuti:<\/strong> Nello specifico, ti consente <strong>Aumenta il messaggio diretto<\/strong> Comunicare con potenziali inserzionisti e costruire relazioni.<\/li>\n<li><strong>Per formatori e consulenti:<\/strong> Di conseguenza, puoi utilizzarlo per ricevere richieste dai clienti e organizzare sessioni.<\/li>\n<li><strong>Per i marchi:<\/strong> In definitiva, ti aiuta a migliorare il servizio clienti e a rafforzare l&#039;immagine del marchio.<\/li>\n<\/ul>\n<h2>Semplici passaggi per iniziare ad attivare i Messaggi Diretti<\/h2>\n<ol>\n<li><strong>Stabilisci i tuoi obiettivi:<\/strong> Per prima cosa, decidi cosa vuoi ottenere attraverso <strong>Aumenta e attiva i messaggi diretti di Instagram<\/strong>.<\/li>\n<li><strong>Condividi i tuoi dati:<\/strong> Successivamente, inviaci il nome utente del tuo account.<\/li>\n<li><strong>Completa il pagamento:<\/strong> Quindi, scegli il metodo di pagamento appropriato tra le opzioni sicure.<\/li>\n<li><strong>Inizia a comunicare:<\/strong> Infine, guarda i messaggi in arrivo iniziare a fluire tramite <strong>Messaggio diretto<\/strong>.<\/li>\n<\/ol>\n<h2>Pacchetti e prezzi del servizio di messaggistica diretta<\/h2>\n<table>\n<thead>\n<tr>\n<th>Il pacchetto<\/th>\n<th>Ambito del servizio<\/th>\n<th>Gruppo target<\/th>\n<th>Obiettivo principale<\/th>\n<\/tr>\n<\/thead>\n<tbody>\n<tr>\n<td><strong>Pacchetto base<\/strong><\/td>\n<td>50-100 conversazioni<\/td>\n<td>Conti emergenti<\/td>\n<td>In pratica, testare e avviare la comunicazione tramite messaggio diretto<\/td>\n<\/tr>\n<tr>\n<td><strong>Pacchetto di crescita<\/strong><\/td>\n<td>250-500 conversazioni<\/td>\n<td>piccoli negozi<\/td>\n<td>In genere, per aumentare le vendite tramite messaggio diretto di Instagram<\/td>\n<\/tr>\n<tr>\n<td><strong>Pacchetto professionale<\/strong><\/td>\n<td>Oltre 1000 conversazioni<\/td>\n<td>Marche<\/td>\n<td>Principalmente, per convertire i follower in clienti tramite messaggio diretto<\/td>\n<\/tr>\n<\/tbody>\n<\/table>\n<h2>Domande frequenti sull&#039;aumento dei messaggi diretti di Instagram<\/h2>\n<h3>I messaggi saranno automatizzati o personalizzati?<\/h3>\n<p>Infatti, offriamo due opzioni di messaggistica in <strong>Messaggio diretto di Instagram<\/strong>. In altre parole, soddisfiamo le vostre diverse esigenze.<\/p>\n<h3>Qual \u00e8 la differenza tra questo servizio e il servizio commenti?<\/h3>\n<p>Per chiarire, la sezione commenti si concentra sull&#039;interazione generale. <strong>Servizio di potenziamento e attivazione dei messaggi diretti di Instagram<\/strong> Si concentra sulla comunicazione privata.<\/p>\n<h3>Posso specificare il tipo di messaggi nei Messaggi Diretti?<\/h3>\n<p>Assolutamente. Nello specifico, puoi impostare determinati argomenti per i messaggi in arrivo tramite <strong>Messaggio diretto<\/strong>.<\/p>\n<h3>Come posso misurare il successo del servizio di Messaggi Diretti?<\/h3>\n<p>Tracciando <strong>Posta in arrivo di Instagram<\/strong>. Dopodich\u00e9, noterai un netto aumento del numero di conversazioni tramite <strong>Messaggio diretto<\/strong>.<\/p>\n<h2>Passaggio successivo: convertire i follower in partner tramite messaggio diretto<\/h2>\n<p>Insomma, <strong>Aumenta e attiva i messaggi diretti di Instagram (Direct Message)<\/strong> Non \u00e8 un lusso, \u00e8 una strategia necessaria. Con la garanzia di qualit\u00e0, sei a pochi passi dal convertire i tuoi follower in clienti. <strong>Pertanto, non sprecare l&#039;opportunit\u00e0 di comunicare tramite messaggio diretto: inizia a costruire ponti di fiducia oggi stesso.<\/strong><\/p>","protected":false},"excerpt":{"rendered":"<p>Messaggi diretti di grande impatto! Ricevi messaggi diretti su Instagram da 1001 account reali e attivi che inviano messaggi personalizzati. Ogni messaggio \u00e8 un&#039;opportunit\u00e0 per comunicare direttamente e costruire relazioni. Consegna rapida, messaggi personalizzati con contenuti organici, pacchetti flessibili, maggiore coinvolgimento diretto, relazioni solide e supporto 24 ore su 24, 7 giorni su 7. Comunicazione diretta efficace con il tuo pubblico!<\/p>","protected":false},"featured_media":125,"comment_status":"closed","ping_status":"closed","template":"","meta":[],"product_brand":[],"product_cat":[19,225],"product_tag":[],"class_list":{"0":"post-91","1":"product","2":"type-product","3":"status-publish","4":"has-post-thumbnail","6":"product_cat-instagram","7":"product_cat-social-media","8":"tm-has-options","10":"first","11":"instock","12":"virtual","13":"taxable","14":"purchasable","15":"product-type-simple"},"yoast_head":"<!-- This site is optimized with the Yoast SEO Premium plugin v21.7 (Yoast SEO v27.1.1) - https:\/\/yoast.com\/product\/yoast-seo-premium-wordpress\/ -->\n<title>\u0634\u0631\u0627\u0621 \u062f\u0627\u064a\u0631\u0643\u062a \u0627\u0646\u0633\u062a\u0642\u0631\u0627\u0645 | \u0632\u064a\u0627\u062f\u0629 Direct Messages \u0645\u062e\u0635\u0635\u0629<\/title>\n<meta name=\"description\" content=\"\u062f\u0627\u064a\u0631\u0643\u062a \u0627\u0646\u0633\u062a\u0642\u0631\u0627\u0645 \u0645\u0646 \u062d\u0633\u0627\u0628\u0627\u062a \u062d\u0642\u064a\u0642\u064a\u0629 \u062a\u0631\u0633\u0644 \u0631\u0633\u0627\u0626\u0644 \u0645\u062e\u0635\u0635\u0629 \u0637\u0628\u064a\u0639\u064a\u0629. \u062a\u0648\u0627\u0635\u0644 \u0645\u0628\u0627\u0634\u0631 \u0641\u0639\u0627\u0644 \u0644\u0628\u0646\u0627\u0621 \u0639\u0644\u0627\u0642\u0627\u062a \u0642\u0648\u064a\u0629 \u0645\u0639 \u0627\u0644\u062c\u0645\u0647\u0648\u0631. \u0631\u0633\u0627\u0626\u0644 \u0645\u062e\u0635\u0635\u0629 \u0628\u0645\u062d\u062a\u0648\u0649 \u0637\u0628\u064a\u0639\u064a\u060c \u062a\u0633\u0644\u064a\u0645 \u0633\u0631\u064a\u0639.\" \/>\n<meta name=\"robots\" content=\"index, follow, max-snippet:-1, max-image-preview:large, max-video-preview:-1\" \/>\n<link rel=\"canonical\" href=\"https:\/\/smm-follow.com\/it\/product\/acquista-messaggio-diretto-instagram\/\" \/>\n<meta property=\"og:locale\" content=\"it_IT\" \/>\n<meta property=\"og:type\" content=\"article\" \/>\n<meta property=\"og:title\" content=\"\u062f\u0627\u064a\u0631\u0643\u062a \u0645\u0633\u062c \u0627\u0646\u0633\u062a\u0642\u0631\u0627\u0645\" \/>\n<meta property=\"og:description\" content=\"\u062f\u0627\u064a\u0631\u0643\u062a \u0627\u0646\u0633\u062a\u0642\u0631\u0627\u0645 \u0645\u0646 \u062d\u0633\u0627\u0628\u0627\u062a \u062d\u0642\u064a\u0642\u064a\u0629 \u062a\u0631\u0633\u0644 \u0631\u0633\u0627\u0626\u0644 \u0645\u062e\u0635\u0635\u0629 \u0637\u0628\u064a\u0639\u064a\u0629. \u062a\u0648\u0627\u0635\u0644 \u0645\u0628\u0627\u0634\u0631 \u0641\u0639\u0627\u0644 \u0644\u0628\u0646\u0627\u0621 \u0639\u0644\u0627\u0642\u0627\u062a \u0642\u0648\u064a\u0629 \u0645\u0639 \u0627\u0644\u062c\u0645\u0647\u0648\u0631. \u0631\u0633\u0627\u0626\u0644 \u0645\u062e\u0635\u0635\u0629 \u0628\u0645\u062d\u062a\u0648\u0649 \u0637\u0628\u064a\u0639\u064a\u060c \u062a\u0633\u0644\u064a\u0645 \u0633\u0631\u064a\u0639.\" \/>\n<meta property=\"og:url\" content=\"https:\/\/smm-follow.com\/it\/product\/acquista-messaggio-diretto-instagram\/\" \/>\n<meta property=\"og:site_name\" content=\"SMM Follow\" \/>\n<meta property=\"article:modified_time\" content=\"2026-01-16T07:17:44+00:00\" \/>\n<meta property=\"og:image\" content=\"https:\/\/smm-follow.com\/wp-content\/uploads\/2025\/12\/Picsart_24-01-21_18-53-29-774-scaled-1-1-1.jpg\" \/>\n\t<meta property=\"og:image:width\" content=\"2560\" \/>\n\t<meta property=\"og:image:height\" content=\"2560\" \/>\n\t<meta property=\"og:image:type\" content=\"image\/jpeg\" \/>\n<meta name=\"twitter:card\" content=\"summary_large_image\" \/>\n<meta name=\"twitter:label1\" content=\"Prezzo\" \/>\n\t<meta name=\"twitter:data1\" content=\"&#036;0.00\" \/>\n\t<meta name=\"twitter:label2\" content=\"Disponibilit\u00e0\" \/>\n\t<meta name=\"twitter:data2\" content=\"In stock\" \/>\n<script type=\"application\/ld+json\" class=\"yoast-schema-graph\">{\"@context\":\"https:\/\/schema.org\",\"@graph\":[{\"@type\":\"WebPage\",\"@id\":\"https:\/\/smm-follow.com\/product\/instagram-direct-message\/\",\"url\":\"https:\/\/smm-follow.com\/product\/instagram-direct-message\/\",\"name\":\"\u0634\u0631\u0627\u0621 \u062f\u0627\u064a\u0631\u0643\u062a \u0627\u0646\u0633\u062a\u0642\u0631\u0627\u0645 | \u0632\u064a\u0627\u062f\u0629 Direct Messages \u0645\u062e\u0635\u0635\u0629\",\"isPartOf\":{\"@id\":\"https:\/\/smm-follow.com\/#website\"},\"primaryImageOfPage\":{\"@id\":\"https:\/\/smm-follow.com\/product\/instagram-direct-message\/#primaryimage\"},\"image\":{\"@id\":\"https:\/\/smm-follow.com\/product\/instagram-direct-message\/#primaryimage\"},\"thumbnailUrl\":\"https:\/\/smm-follow.com\/wp-content\/uploads\/2025\/12\/Picsart_24-01-21_18-53-29-774-scaled-1-1-1.jpg\",\"datePublished\":\"2025-12-23T11:40:27+00:00\",\"dateModified\":\"2026-01-16T07:17:44+00:00\",\"description\":\"\u062f\u0627\u064a\u0631\u0643\u062a \u0627\u0646\u0633\u062a\u0642\u0631\u0627\u0645 \u0645\u0646 \u062d\u0633\u0627\u0628\u0627\u062a \u062d\u0642\u064a\u0642\u064a\u0629 \u062a\u0631\u0633\u0644 \u0631\u0633\u0627\u0626\u0644 \u0645\u062e\u0635\u0635\u0629 \u0637\u0628\u064a\u0639\u064a\u0629. \u062a\u0648\u0627\u0635\u0644 \u0645\u0628\u0627\u0634\u0631 \u0641\u0639\u0627\u0644 \u0644\u0628\u0646\u0627\u0621 \u0639\u0644\u0627\u0642\u0627\u062a \u0642\u0648\u064a\u0629 \u0645\u0639 \u0627\u0644\u062c\u0645\u0647\u0648\u0631. \u0631\u0633\u0627\u0626\u0644 \u0645\u062e\u0635\u0635\u0629 \u0628\u0645\u062d\u062a\u0648\u0649 \u0637\u0628\u064a\u0639\u064a\u060c \u062a\u0633\u0644\u064a\u0645 \u0633\u0631\u064a\u0639.\",\"breadcrumb\":{\"@id\":\"https:\/\/smm-follow.com\/product\/instagram-direct-message\/#breadcrumb\"},\"inLanguage\":\"it-IT\",\"potentialAction\":[{\"@type\":\"ReadAction\",\"target\":[\"https:\/\/smm-follow.com\/product\/instagram-direct-message\/\"]}]},{\"@type\":\"ImageObject\",\"inLanguage\":\"it-IT\",\"@id\":\"https:\/\/smm-follow.com\/product\/instagram-direct-message\/#primaryimage\",\"url\":\"https:\/\/smm-follow.com\/wp-content\/uploads\/2025\/12\/Picsart_24-01-21_18-53-29-774-scaled-1-1-1.jpg\",\"contentUrl\":\"https:\/\/smm-follow.com\/wp-content\/uploads\/2025\/12\/Picsart_24-01-21_18-53-29-774-scaled-1-1-1.jpg\",\"width\":2560,\"height\":2560},{\"@type\":\"BreadcrumbList\",\"@id\":\"https:\/\/smm-follow.com\/product\/instagram-direct-message\/#breadcrumb\",\"itemListElement\":[{\"@type\":\"ListItem\",\"position\":1,\"name\":\"\u0627\u0644\u0631\u0626\u064a\u0633\u064a\u0629\",\"item\":\"https:\/\/smm-follow.com\/\"},{\"@type\":\"ListItem\",\"position\":2,\"name\":\"\u0627\u0644\u0645\u062a\u062c\u0631\",\"item\":\"https:\/\/smm-follow.com\/en\/shop\/\"},{\"@type\":\"ListItem\",\"position\":3,\"name\":\"\u062f\u0627\u064a\u0631\u0643\u062a \u0645\u0633\u062c \u0627\u0646\u0633\u062a\u0642\u0631\u0627\u0645\"}]},{\"@type\":\"WebSite\",\"@id\":\"https:\/\/smm-follow.com\/#website\",\"url\":\"https:\/\/smm-follow.com\/\",\"name\":\"SMM FOLLOW\",\"description\":\"\u0645\u0646\u0635\u0629 \u0645\u062a\u062e\u0635\u0635\u0629 \u0641\u064a \u062e\u062f\u0645\u0627\u062a \u0645\u0648\u0627\u0642\u0639 \u0627\u0644\u062a\u0648\u0627\u0635\u0644 \u0627\u0644\u0627\u062c\u062a\u0645\u0627\u0639\u064a \u0644\u0632\u064a\u0627\u062f\u0629 \u0627\u0644\u0645\u062a\u0627\u0628\u0639\u064a\u0646\u060c \u0627\u0644\u0644\u0627\u064a\u0643\u0627\u062a\u060c \u0648\u0627\u0644\u0645\u0634\u0627\u0647\u062f\u0627\u062a \u0639\u0644\u0649 \u0625\u0646\u0633\u062a\u0642\u0631\u0627\u0645\u060c \u062a\u064a\u0643 \u062a\u0648\u0643\u060c \u064a\u0648\u062a\u064a\u0648\u0628 \u0648\u063a\u064a\u0631\u0647\u0627. \u062e\u062f\u0645\u0627\u062a \u0622\u0645\u0646\u0629 \u0644\u062c\u0645\u064a\u0639 \u0627\u0644\u062f\u0648\u0644\",\"publisher\":{\"@id\":\"https:\/\/smm-follow.com\/#organization\"},\"alternateName\":\"Follow 965 \u0641\u0648\u0644\u0648\",\"potentialAction\":[{\"@type\":\"SearchAction\",\"target\":{\"@type\":\"EntryPoint\",\"urlTemplate\":\"https:\/\/smm-follow.com\/?s={search_term_string}\"},\"query-input\":{\"@type\":\"PropertyValueSpecification\",\"valueRequired\":true,\"valueName\":\"search_term_string\"}}],\"inLanguage\":\"it-IT\"},{\"@type\":\"Organization\",\"@id\":\"https:\/\/smm-follow.com\/#organization\",\"name\":\"SMM FOLLOW\",\"alternateName\":\"Follow 965\",\"url\":\"https:\/\/smm-follow.com\/\",\"logo\":{\"@type\":\"ImageObject\",\"inLanguage\":\"it-IT\",\"@id\":\"https:\/\/smm-follow.com\/#\/schema\/logo\/image\/\",\"url\":\"https:\/\/smm-follow.com\/wp-content\/uploads\/2025\/12\/Logo-smm-follow.jpg\",\"contentUrl\":\"https:\/\/smm-follow.com\/wp-content\/uploads\/2025\/12\/Logo-smm-follow.jpg\",\"width\":1080,\"height\":1080,\"caption\":\"SMM FOLLOW\"},\"image\":{\"@id\":\"https:\/\/smm-follow.com\/#\/schema\/logo\/image\/\"},\"hasMerchantReturnPolicy\":{\"@type\":\"MerchantReturnPolicy\",\"merchantReturnLink\":\"https:\/\/smm-follow.com\/it\/politica-di-ritorno\/\"}}]}<\/script>\n<meta property=\"product:brand\" content=\"\u0627\u0646\u0633\u062a\u0642\u0631\u0627\u0645\" \/>\n<meta property=\"product:price:amount\" content=\"0.00\" \/>\n<meta property=\"product:price:currency\" content=\"USD\" \/>\n<meta property=\"og:availability\" content=\"instock\" \/>\n<meta property=\"product:availability\" content=\"instock\" \/>\n<meta property=\"product:condition\" content=\"new\" \/>\n<!-- \/ Yoast SEO Premium plugin. -->","yoast_head_json":{"title":"Acquista Instagram Direct | Aumenta i messaggi diretti personalizzati","description":"Instagram Direct da account reali che inviano messaggi personalizzati e naturali. Comunicazione diretta efficace per costruire relazioni solide con il tuo pubblico. Messaggi personalizzati con contenuti naturali, consegna rapida.","robots":{"index":"index","follow":"follow","max-snippet":"max-snippet:-1","max-image-preview":"max-image-preview:large","max-video-preview":"max-video-preview:-1"},"canonical":"https:\/\/smm-follow.com\/it\/product\/acquista-messaggio-diretto-instagram\/","og_locale":"it_IT","og_type":"article","og_title":"\u062f\u0627\u064a\u0631\u0643\u062a \u0645\u0633\u062c \u0627\u0646\u0633\u062a\u0642\u0631\u0627\u0645","og_description":"\u062f\u0627\u064a\u0631\u0643\u062a \u0627\u0646\u0633\u062a\u0642\u0631\u0627\u0645 \u0645\u0646 \u062d\u0633\u0627\u0628\u0627\u062a \u062d\u0642\u064a\u0642\u064a\u0629 \u062a\u0631\u0633\u0644 \u0631\u0633\u0627\u0626\u0644 \u0645\u062e\u0635\u0635\u0629 \u0637\u0628\u064a\u0639\u064a\u0629. \u062a\u0648\u0627\u0635\u0644 \u0645\u0628\u0627\u0634\u0631 \u0641\u0639\u0627\u0644 \u0644\u0628\u0646\u0627\u0621 \u0639\u0644\u0627\u0642\u0627\u062a \u0642\u0648\u064a\u0629 \u0645\u0639 \u0627\u0644\u062c\u0645\u0647\u0648\u0631. \u0631\u0633\u0627\u0626\u0644 \u0645\u062e\u0635\u0635\u0629 \u0628\u0645\u062d\u062a\u0648\u0649 \u0637\u0628\u064a\u0639\u064a\u060c \u062a\u0633\u0644\u064a\u0645 \u0633\u0631\u064a\u0639.","og_url":"https:\/\/smm-follow.com\/it\/product\/acquista-messaggio-diretto-instagram\/","og_site_name":"SMM Follow","article_modified_time":"2026-01-16T07:17:44+00:00","og_image":[{"width":2560,"height":2560,"url":"https:\/\/smm-follow.com\/wp-content\/uploads\/2025\/12\/Picsart_24-01-21_18-53-29-774-scaled-1-1-1.jpg","type":"image\/jpeg"}],"twitter_card":"summary_large_image","twitter_misc":{"Prezzo":"&#36;0.00","Disponibilit\u00e0":"In stock"},"schema":{"@context":"https:\/\/schema.org","@graph":[{"@type":"WebPage","@id":"https:\/\/smm-follow.com\/product\/instagram-direct-message\/","url":"https:\/\/smm-follow.com\/product\/instagram-direct-message\/","name":"Acquista Instagram Direct | Aumenta i messaggi diretti personalizzati","isPartOf":{"@id":"https:\/\/smm-follow.com\/#website"},"primaryImageOfPage":{"@id":"https:\/\/smm-follow.com\/product\/instagram-direct-message\/#primaryimage"},"image":{"@id":"https:\/\/smm-follow.com\/product\/instagram-direct-message\/#primaryimage"},"thumbnailUrl":"https:\/\/smm-follow.com\/wp-content\/uploads\/2025\/12\/Picsart_24-01-21_18-53-29-774-scaled-1-1-1.jpg","datePublished":"2025-12-23T11:40:27+00:00","dateModified":"2026-01-16T07:17:44+00:00","description":"Instagram Direct da account reali che inviano messaggi personalizzati e naturali. Comunicazione diretta efficace per costruire relazioni solide con il tuo pubblico. Messaggi personalizzati con contenuti naturali, consegna rapida.","breadcrumb":{"@id":"https:\/\/smm-follow.com\/product\/instagram-direct-message\/#breadcrumb"},"inLanguage":"it-IT","potentialAction":[{"@type":"ReadAction","target":["https:\/\/smm-follow.com\/product\/instagram-direct-message\/"]}]},{"@type":"ImageObject","inLanguage":"it-IT","@id":"https:\/\/smm-follow.com\/product\/instagram-direct-message\/#primaryimage","url":"https:\/\/smm-follow.com\/wp-content\/uploads\/2025\/12\/Picsart_24-01-21_18-53-29-774-scaled-1-1-1.jpg","contentUrl":"https:\/\/smm-follow.com\/wp-content\/uploads\/2025\/12\/Picsart_24-01-21_18-53-29-774-scaled-1-1-1.jpg","width":2560,"height":2560},{"@type":"BreadcrumbList","@id":"https:\/\/smm-follow.com\/product\/instagram-direct-message\/#breadcrumb","itemListElement":[{"@type":"ListItem","position":1,"name":"\u0627\u0644\u0631\u0626\u064a\u0633\u064a\u0629","item":"https:\/\/smm-follow.com\/"},{"@type":"ListItem","position":2,"name":"\u0627\u0644\u0645\u062a\u062c\u0631","item":"https:\/\/smm-follow.com\/en\/shop\/"},{"@type":"ListItem","position":3,"name":"\u062f\u0627\u064a\u0631\u0643\u062a \u0645\u0633\u062c \u0627\u0646\u0633\u062a\u0642\u0631\u0627\u0645"}]},{"@type":"WebSite","@id":"https:\/\/smm-follow.com\/#website","url":"https:\/\/smm-follow.com\/","name":"SMM SEGUI","description":"Una piattaforma specializzata in servizi di social media per aumentare follower, &quot;Mi piace&quot; e visualizzazioni su Instagram, TikTok, YouTube e altri. Servizi sicuri disponibili in tutti i paesi.","publisher":{"@id":"https:\/\/smm-follow.com\/#organization"},"alternateName":"Follow 965 \u0641\u0648\u0644\u0648","potentialAction":[{"@type":"SearchAction","target":{"@type":"EntryPoint","urlTemplate":"https:\/\/smm-follow.com\/?s={search_term_string}"},"query-input":{"@type":"PropertyValueSpecification","valueRequired":true,"valueName":"search_term_string"}}],"inLanguage":"it-IT"},{"@type":"Organization","@id":"https:\/\/smm-follow.com\/#organization","name":"SMM SEGUI","alternateName":"Follow 965","url":"https:\/\/smm-follow.com\/","logo":{"@type":"ImageObject","inLanguage":"it-IT","@id":"https:\/\/smm-follow.com\/#\/schema\/logo\/image\/","url":"https:\/\/smm-follow.com\/wp-content\/uploads\/2025\/12\/Logo-smm-follow.jpg","contentUrl":"https:\/\/smm-follow.com\/wp-content\/uploads\/2025\/12\/Logo-smm-follow.jpg","width":1080,"height":1080,"caption":"SMM FOLLOW"},"image":{"@id":"https:\/\/smm-follow.com\/#\/schema\/logo\/image\/"},"hasMerchantReturnPolicy":{"@type":"MerchantReturnPolicy","merchantReturnLink":"https:\/\/smm-follow.com\/it\/politica-di-ritorno\/"}}]},"product_brand":"\u0627\u0646\u0633\u062a\u0642\u0631\u0627\u0645","product_price_amount":"0.00","product_price_currency":"USD","og_availability":"instock","product_availability":"instock","product_condition":"new"},"_links":{"self":[{"href":"https:\/\/smm-follow.com\/it\/wp-json\/wp\/v2\/product\/91","targetHints":{"allow":["GET"]}}],"collection":[{"href":"https:\/\/smm-follow.com\/it\/wp-json\/wp\/v2\/product"}],"about":[{"href":"https:\/\/smm-follow.com\/it\/wp-json\/wp\/v2\/types\/product"}],"replies":[{"embeddable":true,"href":"https:\/\/smm-follow.com\/it\/wp-json\/wp\/v2\/comments?post=91"}],"wp:featuredmedia":[{"embeddable":true,"href":"https:\/\/smm-follow.com\/it\/wp-json\/wp\/v2\/media\/125"}],"wp:attachment":[{"href":"https:\/\/smm-follow.com\/it\/wp-json\/wp\/v2\/media?parent=91"}],"wp:term":[{"taxonomy":"product_brand","embeddable":true,"href":"https:\/\/smm-follow.com\/it\/wp-json\/wp\/v2\/product_brand?post=91"},{"taxonomy":"product_cat","embeddable":true,"href":"https:\/\/smm-follow.com\/it\/wp-json\/wp\/v2\/product_cat?post=91"},{"taxonomy":"product_tag","embeddable":true,"href":"https:\/\/smm-follow.com\/it\/wp-json\/wp\/v2\/product_tag?post=91"}],"curies":[{"name":"parola chiave","href":"https:\/\/api.w.org\/{rel}","templated":true}]}}