{"id":92,"date":"2025-12-23T14:40:28","date_gmt":"2025-12-23T11:40:28","guid":{"rendered":"https:\/\/smm-follow.com\/?post_type=product&#038;p=92"},"modified":"2026-01-16T10:17:44","modified_gmt":"2026-01-16T07:17:44","slug":"instagram-save","status":"publish","type":"product","link":"https:\/\/smm-follow.com\/it\/product\/acquista-instagram-risparmia\/","title":{"rendered":"Salva il post di Instagram"},"content":{"rendered":"<h1>Acquista salvataggi di post su Instagram: migliora la tua classifica con salvataggi autentici<\/h1>\n<p><strong>Stai cercando un modo efficace per acquistare e salvare post su Instagram?<\/strong> <strong>In realt\u00e0<\/strong>, servizio <strong>Acquista il risparmio di Instagram<\/strong> Ti consente di ottenere un salvataggio immediato e genuino per migliorare la classifica del tuo post. <strong>Inoltre<\/strong>, Questo \u00e8 incredibile <strong>Servizio specializzato<\/strong> Aumenta il valore dei tuoi contenuti e aumenta le loro possibilit\u00e0 di comparire nell&#039;algoritmo. <strong>Perci\u00f2<\/strong>Sarai in grado di migliorare notevolmente le tue prestazioni <strong>Migliora la conservazione dei tuoi post<\/strong>.<\/p>\n<h2>Perch\u00e9 \u00e8 necessario acquistare un salvataggio Instagram per il tuo account?<\/h2>\n<h3>Migliora il tuo posizionamento nell&#039;algoritmo di Instagram salvando<\/h3>\n<p><strong>Prima di tutto<\/strong>Quando lo fai <strong>Migliorare il salvataggio dei post di Instagram<\/strong>L&#039;algoritmo considera preziosi i tuoi contenuti. <strong>Di conseguenza<\/strong>Instagram d\u00e0 priorit\u00e0 ai tuoi post e li mostra a un numero maggiore di utenti.<\/p>\n<h3>Archiviazione: l&#039;indicatore pi\u00f9 forte della qualit\u00e0 dei contenuti<\/h3>\n<p><strong>Inoltre<\/strong>Il salvataggio \u00e8 il segnale di interazione pi\u00f9 forte sulla piattaforma. <strong>In realt\u00e0<\/strong>\u060c <strong>Salva i post<\/strong> Ci\u00f2 significa che l&#039;utente desidera tornare a quel contenuto per il suo valore.<\/p>\n<h3>Maggiore accesso al biologico attraverso la conservazione premium<\/h3>\n<p><strong>Inoltre<\/strong>Le pubblicazioni con alti tassi di conservazione ottengono una portata organica molto maggiore. <strong>Perci\u00f2<\/strong>\u060c <strong>Investire in un servizio di risparmio Instagram<\/strong> \u00c8 una mossa intelligente per far crescere il tuo account.<\/p>\n<h2>Caratteristiche del servizio di acquisto e salvataggio dei post di Instagram<\/h2>\n<ul>\n<li><strong>\u2705 Salvati da account reali e attivi:<\/strong> Tutte le operazioni <strong>Salva Instagram<\/strong> Da account che utilizzano la piattaforma quotidianamente.<\/li>\n<li><strong>\u2705 Consegna immediata in pochi minuti:<\/strong> Iniziamo entro 10-30 minuti dalla conferma dell&#039;ordine. <strong>Acquistare<\/strong>.<\/li>\n<li><strong>\u2705 Parto graduale e naturale:<\/strong> Evitiamo il sospetto aumento improvviso dell&#039;algoritmo.<\/li>\n<li><strong>\u2705 Pacchetti flessibili per ogni esigenza:<\/strong> su 100 <strong>Salva i tuoi post<\/strong> Fino a 50.000+ a seconda delle tue esigenze.<\/li>\n<li><strong>\u2705 Sicurezza completa senza password:<\/strong> Tutto ci\u00f2 di cui abbiamo bisogno \u00e8 il link al post.<\/li>\n<li><strong>\u2705 Garanzia di sostituzione di 6 mesi:<\/strong> Se il risparmio diminuisce (molto raro), ti rimborseremo gratuitamente.<\/li>\n<li><strong>\u2705 Supporto tecnico disponibile 24 ore su 24, 7 giorni su 7:<\/strong> Il team di supporto \u00e8 disponibile 24 ore su 24, 7 giorni su 7.<\/li>\n<\/ul>\n<h2>Passaggi per acquistare e attivare il salvataggio di Instagram<\/h2>\n<ol>\n<li><strong>Primo passo: seleziona il numero che vuoi memorizzare<\/strong> \u2013 Scegli il numero di salvataggi che desideri per il tuo post.<\/li>\n<li><strong>Passaggio due: inserisci il collegamento al post di destinazione<\/strong> Copia il link al post che desideri. <strong>Migliorare la sua conservazione<\/strong>.<\/li>\n<li><strong>Fase tre: scelta del metodo di pagamento<\/strong> Scegli il metodo di pagamento appropriato.<\/li>\n<li><strong>Fase quattro: Visualizzazione dei risultati del salvataggio<\/strong> Completa il pagamento e scopri i risultati entro 10-30 minuti!<\/li>\n<\/ol>\n<h2>Acquista pacchetti per salvare le pubblicazioni<\/h2>\n<ul>\n<li><strong>Pacchetto di prova (100-500 salvataggi):<\/strong> Perfetto per l&#039;esperienza <strong>Servizio di salvataggio di Instagram<\/strong> Oppure per pubblicazioni periodiche.<\/li>\n<li><strong>Pacchetto di crescita (risparmi da 1.000 a 10.000):<\/strong> Adatto a contenuti di valore che si desidera abbiano un&#039;ampia diffusione.<\/li>\n<li><strong>Pacchetto Professionale (oltre 20.000 risparmi):<\/strong> Lo abbiamo progettato per contenuti strategici e campagne importanti.<\/li>\n<\/ul>\n<h2>Tipi ideali di contenuti da acquistare e salvare<\/h2>\n<ul>\n<li><strong>Contenuti educativi e di orientamento:<\/strong> Spiegazioni, lezioni e consigli pratici.<\/li>\n<li><strong>Contenuti ispiratori e motivazionali:<\/strong> Citazioni ispiratrici e contenuti motivazionali.<\/li>\n<li><strong>Elenchi e riferimenti utili:<\/strong> Elenchi come &quot;10 strumenti&quot; o &quot;5 passaggi&quot;.<\/li>\n<li><strong>Infografica e dati:<\/strong> Informazioni visive e dati utili.<\/li>\n<li><strong>Guide e spiegazioni complete:<\/strong> Contenuto dettagliato che risolve un problema specifico.<\/li>\n<\/ul>\n<h2>Domande frequenti sull&#039;acquisto di salvataggi Instagram<\/h2>\n<ul>\n<li><strong>Quanto tempo ci vuole per fornire il servizio di deposito?<\/strong> Iniziamo entro 10-30 minuti dalla conferma dell&#039;ordine.<\/li>\n<li><strong>I salvataggi provengono da account reali?<\/strong> S\u00ec, tutti <strong>Salva i post<\/strong> Da account reali e attivi.<\/li>\n<li><strong>Hai bisogno di una password per effettuare un acquisto?<\/strong> No, ci serve solo il link al post.<\/li>\n<li><strong>\u00c8 possibile che il mio account con il servizio venga bloccato?<\/strong> <strong>Acquistare un conto di risparmio<\/strong> \u00c8 completamente sicuro grazie ai metodi di conservazione originali.<\/li>\n<li><strong>La conservazione \u00e8 permanente dopo l&#039;acquisto?<\/strong> S\u00ec, resta al tuo posto e non abbandonarlo.<\/li>\n<li><strong>Posso richiedere di salvare pi\u00f9 post?<\/strong> S\u00ec, puoi richiedere il servizio per uno o pi\u00f9 post.<\/li>\n<\/ul>\n<h2>Inizia subito ad acquistare il risparmio sui post di Instagram!<\/h2>\n<p><strong>Non lasciare che i tuoi preziosi contenuti vengano ignorati senza la forte risposta che meritano!<\/strong> <strong>In realt\u00e0<\/strong>Con consegna immediata e vari pacchetti per <strong>Acquistare un conto di risparmio<\/strong>Otterrai risultati sorprendenti. <strong>Perci\u00f2<\/strong>Non esitare e chiedi <strong>Servizio di salvataggio di Instagram<\/strong> Ora con la massima sicurezza e una garanzia completa. <strong>E cos\u00ec<\/strong>Otterrai il successo e la visibilit\u00e0 che meriti su Instagram! \ud83d\ude80\ud83d\udccc<\/p>","protected":false},"excerpt":{"rendered":"<p>Servizio professionale premium! Ottieni 1001 post Instagram TP3T salvati da fonti reali, attive e coinvolgenti. Crescita rapida e sicura nel rispetto delle policy della piattaforma. Consegna immediata, pacchetti flessibili, garanzia completa, nessuna password, supporto 24 ore su 24, 7 giorni su 7. Risultati garantiti o rimborso garantito!<\/p>","protected":false},"featured_media":134,"comment_status":"closed","ping_status":"closed","template":"","meta":[],"product_brand":[],"product_cat":[19,225],"product_tag":[],"class_list":{"0":"post-92","1":"product","2":"type-product","3":"status-publish","4":"has-post-thumbnail","6":"product_cat-instagram","7":"product_cat-social-media","8":"tm-has-options","10":"first","11":"instock","12":"virtual","13":"taxable","14":"purchasable","15":"product-type-simple"},"yoast_head":"<!-- This site is optimized with the Yoast SEO Premium plugin v21.7 (Yoast SEO v27.1.1) - https:\/\/yoast.com\/product\/yoast-seo-premium-wordpress\/ -->\n<title>\u0634\u0631\u0627\u0621 \u062d\u0641\u0638 \u0645\u0646\u0634\u0648\u0631 \u0627\u0646\u0633\u062a\u0642\u0631\u0627\u0645 | \u0632\u064a\u0627\u062f\u0629 Post Saves \u062f\u0627\u0626\u0645\u0629<\/title>\n<meta name=\"description\" content=\"\u062d\u0641\u0638 \u0645\u0646\u0634\u0648\u0631 \u0627\u0646\u0633\u062a\u0642\u0631\u0627\u0645 \u064a\u062b\u0628\u062a \u0623\u0646 \u0645\u062d\u062a\u0648\u0627\u0643 \u0630\u0648 \u0642\u064a\u0645\u0629 \u064a\u064f\u0631\u062c\u0639 \u0625\u0644\u064a\u0647. \u0643\u0644 \u062d\u0641\u0638 \u064a\u0631\u0641\u0639 \u0642\u064a\u0645\u062a\u0643 \u0641\u064a \u0627\u0644\u062e\u0648\u0627\u0631\u0632\u0645\u064a\u0629. Saves \u062f\u0627\u0626\u0645\u0629 \u0645\u0646 \u0645\u0633\u062a\u062e\u062f\u0645\u064a\u0646 \u064a\u0642\u062f\u0631\u0648\u0646 \u0645\u062d\u062a\u0648\u0627\u0643\u060c \u062a\u0633\u0644\u064a\u0645 \u0641\u0648\u0631\u064a.\" \/>\n<meta name=\"robots\" content=\"index, follow, max-snippet:-1, max-image-preview:large, max-video-preview:-1\" \/>\n<link rel=\"canonical\" href=\"https:\/\/smm-follow.com\/it\/product\/acquista-instagram-risparmia\/\" \/>\n<meta property=\"og:locale\" content=\"it_IT\" \/>\n<meta property=\"og:type\" content=\"article\" \/>\n<meta property=\"og:title\" content=\"\u062d\u0641\u0638 \u0645\u0646\u0634\u0648\u0631 \u0627\u0646\u0633\u062a\u0642\u0631\u0627\u0645\" \/>\n<meta property=\"og:description\" content=\"\u062d\u0641\u0638 \u0645\u0646\u0634\u0648\u0631 \u0627\u0646\u0633\u062a\u0642\u0631\u0627\u0645 \u064a\u062b\u0628\u062a \u0623\u0646 \u0645\u062d\u062a\u0648\u0627\u0643 \u0630\u0648 \u0642\u064a\u0645\u0629 \u064a\u064f\u0631\u062c\u0639 \u0625\u0644\u064a\u0647. \u0643\u0644 \u062d\u0641\u0638 \u064a\u0631\u0641\u0639 \u0642\u064a\u0645\u062a\u0643 \u0641\u064a \u0627\u0644\u062e\u0648\u0627\u0631\u0632\u0645\u064a\u0629. Saves \u062f\u0627\u0626\u0645\u0629 \u0645\u0646 \u0645\u0633\u062a\u062e\u062f\u0645\u064a\u0646 \u064a\u0642\u062f\u0631\u0648\u0646 \u0645\u062d\u062a\u0648\u0627\u0643\u060c \u062a\u0633\u0644\u064a\u0645 \u0641\u0648\u0631\u064a.\" \/>\n<meta property=\"og:url\" content=\"https:\/\/smm-follow.com\/it\/product\/acquista-instagram-risparmia\/\" \/>\n<meta property=\"og:site_name\" content=\"SMM Follow\" \/>\n<meta property=\"article:modified_time\" content=\"2026-01-16T07:17:44+00:00\" \/>\n<meta property=\"og:image\" content=\"https:\/\/smm-follow.com\/wp-content\/uploads\/2025\/12\/\u0633\u064a\u0641-Save-1-scaled-1-1.jpg\" \/>\n\t<meta property=\"og:image:width\" content=\"2560\" \/>\n\t<meta property=\"og:image:height\" content=\"2560\" \/>\n\t<meta property=\"og:image:type\" content=\"image\/jpeg\" \/>\n<meta name=\"twitter:card\" content=\"summary_large_image\" \/>\n<meta name=\"twitter:label1\" content=\"Prezzo\" \/>\n\t<meta name=\"twitter:data1\" content=\"&#036;0.00\" \/>\n\t<meta name=\"twitter:label2\" content=\"Disponibilit\u00e0\" \/>\n\t<meta name=\"twitter:data2\" content=\"In stock\" \/>\n<script type=\"application\/ld+json\" class=\"yoast-schema-graph\">{\"@context\":\"https:\/\/schema.org\",\"@graph\":[{\"@type\":\"WebPage\",\"@id\":\"https:\/\/smm-follow.com\/product\/instagram-save\/\",\"url\":\"https:\/\/smm-follow.com\/product\/instagram-save\/\",\"name\":\"\u0634\u0631\u0627\u0621 \u062d\u0641\u0638 \u0645\u0646\u0634\u0648\u0631 \u0627\u0646\u0633\u062a\u0642\u0631\u0627\u0645 | \u0632\u064a\u0627\u062f\u0629 Post Saves \u062f\u0627\u0626\u0645\u0629\",\"isPartOf\":{\"@id\":\"https:\/\/smm-follow.com\/#website\"},\"primaryImageOfPage\":{\"@id\":\"https:\/\/smm-follow.com\/product\/instagram-save\/#primaryimage\"},\"image\":{\"@id\":\"https:\/\/smm-follow.com\/product\/instagram-save\/#primaryimage\"},\"thumbnailUrl\":\"https:\/\/smm-follow.com\/wp-content\/uploads\/2025\/12\/\u0633\u064a\u0641-Save-1-scaled-1-1.jpg\",\"datePublished\":\"2025-12-23T11:40:28+00:00\",\"dateModified\":\"2026-01-16T07:17:44+00:00\",\"description\":\"\u062d\u0641\u0638 \u0645\u0646\u0634\u0648\u0631 \u0627\u0646\u0633\u062a\u0642\u0631\u0627\u0645 \u064a\u062b\u0628\u062a \u0623\u0646 \u0645\u062d\u062a\u0648\u0627\u0643 \u0630\u0648 \u0642\u064a\u0645\u0629 \u064a\u064f\u0631\u062c\u0639 \u0625\u0644\u064a\u0647. \u0643\u0644 \u062d\u0641\u0638 \u064a\u0631\u0641\u0639 \u0642\u064a\u0645\u062a\u0643 \u0641\u064a \u0627\u0644\u062e\u0648\u0627\u0631\u0632\u0645\u064a\u0629. Saves \u062f\u0627\u0626\u0645\u0629 \u0645\u0646 \u0645\u0633\u062a\u062e\u062f\u0645\u064a\u0646 \u064a\u0642\u062f\u0631\u0648\u0646 \u0645\u062d\u062a\u0648\u0627\u0643\u060c \u062a\u0633\u0644\u064a\u0645 \u0641\u0648\u0631\u064a.\",\"breadcrumb\":{\"@id\":\"https:\/\/smm-follow.com\/product\/instagram-save\/#breadcrumb\"},\"inLanguage\":\"it-IT\",\"potentialAction\":[{\"@type\":\"ReadAction\",\"target\":[\"https:\/\/smm-follow.com\/product\/instagram-save\/\"]}]},{\"@type\":\"ImageObject\",\"inLanguage\":\"it-IT\",\"@id\":\"https:\/\/smm-follow.com\/product\/instagram-save\/#primaryimage\",\"url\":\"https:\/\/smm-follow.com\/wp-content\/uploads\/2025\/12\/\u0633\u064a\u0641-Save-1-scaled-1-1.jpg\",\"contentUrl\":\"https:\/\/smm-follow.com\/wp-content\/uploads\/2025\/12\/\u0633\u064a\u0641-Save-1-scaled-1-1.jpg\",\"width\":2560,\"height\":2560},{\"@type\":\"BreadcrumbList\",\"@id\":\"https:\/\/smm-follow.com\/product\/instagram-save\/#breadcrumb\",\"itemListElement\":[{\"@type\":\"ListItem\",\"position\":1,\"name\":\"\u0627\u0644\u0631\u0626\u064a\u0633\u064a\u0629\",\"item\":\"https:\/\/smm-follow.com\/\"},{\"@type\":\"ListItem\",\"position\":2,\"name\":\"\u0627\u0644\u0645\u062a\u062c\u0631\",\"item\":\"https:\/\/smm-follow.com\/en\/shop\/\"},{\"@type\":\"ListItem\",\"position\":3,\"name\":\"\u062d\u0641\u0638 \u0645\u0646\u0634\u0648\u0631 \u0627\u0646\u0633\u062a\u0642\u0631\u0627\u0645\"}]},{\"@type\":\"WebSite\",\"@id\":\"https:\/\/smm-follow.com\/#website\",\"url\":\"https:\/\/smm-follow.com\/\",\"name\":\"SMM FOLLOW\",\"description\":\"\u0645\u0646\u0635\u0629 \u0645\u062a\u062e\u0635\u0635\u0629 \u0641\u064a \u062e\u062f\u0645\u0627\u062a \u0645\u0648\u0627\u0642\u0639 \u0627\u0644\u062a\u0648\u0627\u0635\u0644 \u0627\u0644\u0627\u062c\u062a\u0645\u0627\u0639\u064a \u0644\u0632\u064a\u0627\u062f\u0629 \u0627\u0644\u0645\u062a\u0627\u0628\u0639\u064a\u0646\u060c \u0627\u0644\u0644\u0627\u064a\u0643\u0627\u062a\u060c \u0648\u0627\u0644\u0645\u0634\u0627\u0647\u062f\u0627\u062a \u0639\u0644\u0649 \u0625\u0646\u0633\u062a\u0642\u0631\u0627\u0645\u060c \u062a\u064a\u0643 \u062a\u0648\u0643\u060c \u064a\u0648\u062a\u064a\u0648\u0628 \u0648\u063a\u064a\u0631\u0647\u0627. \u062e\u062f\u0645\u0627\u062a \u0622\u0645\u0646\u0629 \u0644\u062c\u0645\u064a\u0639 \u0627\u0644\u062f\u0648\u0644\",\"publisher\":{\"@id\":\"https:\/\/smm-follow.com\/#organization\"},\"alternateName\":\"Follow 965 \u0641\u0648\u0644\u0648\",\"potentialAction\":[{\"@type\":\"SearchAction\",\"target\":{\"@type\":\"EntryPoint\",\"urlTemplate\":\"https:\/\/smm-follow.com\/?s={search_term_string}\"},\"query-input\":{\"@type\":\"PropertyValueSpecification\",\"valueRequired\":true,\"valueName\":\"search_term_string\"}}],\"inLanguage\":\"it-IT\"},{\"@type\":\"Organization\",\"@id\":\"https:\/\/smm-follow.com\/#organization\",\"name\":\"SMM FOLLOW\",\"alternateName\":\"Follow 965\",\"url\":\"https:\/\/smm-follow.com\/\",\"logo\":{\"@type\":\"ImageObject\",\"inLanguage\":\"it-IT\",\"@id\":\"https:\/\/smm-follow.com\/#\/schema\/logo\/image\/\",\"url\":\"https:\/\/smm-follow.com\/wp-content\/uploads\/2025\/12\/Logo-smm-follow.jpg\",\"contentUrl\":\"https:\/\/smm-follow.com\/wp-content\/uploads\/2025\/12\/Logo-smm-follow.jpg\",\"width\":1080,\"height\":1080,\"caption\":\"SMM FOLLOW\"},\"image\":{\"@id\":\"https:\/\/smm-follow.com\/#\/schema\/logo\/image\/\"},\"hasMerchantReturnPolicy\":{\"@type\":\"MerchantReturnPolicy\",\"merchantReturnLink\":\"https:\/\/smm-follow.com\/it\/politica-di-ritorno\/\"}}]}<\/script>\n<meta property=\"product:brand\" content=\"\u0627\u0646\u0633\u062a\u0642\u0631\u0627\u0645\" \/>\n<meta property=\"product:price:amount\" content=\"0.00\" \/>\n<meta property=\"product:price:currency\" content=\"USD\" \/>\n<meta property=\"og:availability\" content=\"instock\" \/>\n<meta property=\"product:availability\" content=\"instock\" \/>\n<meta property=\"product:condition\" content=\"new\" \/>\n<!-- \/ Yoast SEO Premium plugin. -->","yoast_head_json":{"title":"Acquista salvataggi post Instagram | Aumento dei salvataggi post permanenti","description":"Salvare un post su Instagram dimostra che i tuoi contenuti sono preziosi e che vale la pena consultarli di nuovo. Ogni salvataggio aumenta il tuo posizionamento nell&#039;algoritmo. Salvataggi permanenti da parte degli utenti che apprezzano i tuoi contenuti, consegna immediata.","robots":{"index":"index","follow":"follow","max-snippet":"max-snippet:-1","max-image-preview":"max-image-preview:large","max-video-preview":"max-video-preview:-1"},"canonical":"https:\/\/smm-follow.com\/it\/product\/acquista-instagram-risparmia\/","og_locale":"it_IT","og_type":"article","og_title":"\u062d\u0641\u0638 \u0645\u0646\u0634\u0648\u0631 \u0627\u0646\u0633\u062a\u0642\u0631\u0627\u0645","og_description":"\u062d\u0641\u0638 \u0645\u0646\u0634\u0648\u0631 \u0627\u0646\u0633\u062a\u0642\u0631\u0627\u0645 \u064a\u062b\u0628\u062a \u0623\u0646 \u0645\u062d\u062a\u0648\u0627\u0643 \u0630\u0648 \u0642\u064a\u0645\u0629 \u064a\u064f\u0631\u062c\u0639 \u0625\u0644\u064a\u0647. \u0643\u0644 \u062d\u0641\u0638 \u064a\u0631\u0641\u0639 \u0642\u064a\u0645\u062a\u0643 \u0641\u064a \u0627\u0644\u062e\u0648\u0627\u0631\u0632\u0645\u064a\u0629. Saves \u062f\u0627\u0626\u0645\u0629 \u0645\u0646 \u0645\u0633\u062a\u062e\u062f\u0645\u064a\u0646 \u064a\u0642\u062f\u0631\u0648\u0646 \u0645\u062d\u062a\u0648\u0627\u0643\u060c \u062a\u0633\u0644\u064a\u0645 \u0641\u0648\u0631\u064a.","og_url":"https:\/\/smm-follow.com\/it\/product\/acquista-instagram-risparmia\/","og_site_name":"SMM Follow","article_modified_time":"2026-01-16T07:17:44+00:00","og_image":[{"width":2560,"height":2560,"url":"https:\/\/smm-follow.com\/wp-content\/uploads\/2025\/12\/\u0633\u064a\u0641-Save-1-scaled-1-1.jpg","type":"image\/jpeg"}],"twitter_card":"summary_large_image","twitter_misc":{"Prezzo":"&#36;0.00","Disponibilit\u00e0":"In stock"},"schema":{"@context":"https:\/\/schema.org","@graph":[{"@type":"WebPage","@id":"https:\/\/smm-follow.com\/product\/instagram-save\/","url":"https:\/\/smm-follow.com\/product\/instagram-save\/","name":"Acquista salvataggi post Instagram | Aumento dei salvataggi post permanenti","isPartOf":{"@id":"https:\/\/smm-follow.com\/#website"},"primaryImageOfPage":{"@id":"https:\/\/smm-follow.com\/product\/instagram-save\/#primaryimage"},"image":{"@id":"https:\/\/smm-follow.com\/product\/instagram-save\/#primaryimage"},"thumbnailUrl":"https:\/\/smm-follow.com\/wp-content\/uploads\/2025\/12\/\u0633\u064a\u0641-Save-1-scaled-1-1.jpg","datePublished":"2025-12-23T11:40:28+00:00","dateModified":"2026-01-16T07:17:44+00:00","description":"Salvare un post su Instagram dimostra che i tuoi contenuti sono preziosi e che vale la pena consultarli di nuovo. Ogni salvataggio aumenta il tuo posizionamento nell&#039;algoritmo. Salvataggi permanenti da parte degli utenti che apprezzano i tuoi contenuti, consegna immediata.","breadcrumb":{"@id":"https:\/\/smm-follow.com\/product\/instagram-save\/#breadcrumb"},"inLanguage":"it-IT","potentialAction":[{"@type":"ReadAction","target":["https:\/\/smm-follow.com\/product\/instagram-save\/"]}]},{"@type":"ImageObject","inLanguage":"it-IT","@id":"https:\/\/smm-follow.com\/product\/instagram-save\/#primaryimage","url":"https:\/\/smm-follow.com\/wp-content\/uploads\/2025\/12\/\u0633\u064a\u0641-Save-1-scaled-1-1.jpg","contentUrl":"https:\/\/smm-follow.com\/wp-content\/uploads\/2025\/12\/\u0633\u064a\u0641-Save-1-scaled-1-1.jpg","width":2560,"height":2560},{"@type":"BreadcrumbList","@id":"https:\/\/smm-follow.com\/product\/instagram-save\/#breadcrumb","itemListElement":[{"@type":"ListItem","position":1,"name":"\u0627\u0644\u0631\u0626\u064a\u0633\u064a\u0629","item":"https:\/\/smm-follow.com\/"},{"@type":"ListItem","position":2,"name":"\u0627\u0644\u0645\u062a\u062c\u0631","item":"https:\/\/smm-follow.com\/en\/shop\/"},{"@type":"ListItem","position":3,"name":"\u062d\u0641\u0638 \u0645\u0646\u0634\u0648\u0631 \u0627\u0646\u0633\u062a\u0642\u0631\u0627\u0645"}]},{"@type":"WebSite","@id":"https:\/\/smm-follow.com\/#website","url":"https:\/\/smm-follow.com\/","name":"SMM SEGUI","description":"Una piattaforma specializzata in servizi di social media per aumentare follower, &quot;Mi piace&quot; e visualizzazioni su Instagram, TikTok, YouTube e altri. Servizi sicuri disponibili in tutti i paesi.","publisher":{"@id":"https:\/\/smm-follow.com\/#organization"},"alternateName":"Follow 965 \u0641\u0648\u0644\u0648","potentialAction":[{"@type":"SearchAction","target":{"@type":"EntryPoint","urlTemplate":"https:\/\/smm-follow.com\/?s={search_term_string}"},"query-input":{"@type":"PropertyValueSpecification","valueRequired":true,"valueName":"search_term_string"}}],"inLanguage":"it-IT"},{"@type":"Organization","@id":"https:\/\/smm-follow.com\/#organization","name":"SMM SEGUI","alternateName":"Follow 965","url":"https:\/\/smm-follow.com\/","logo":{"@type":"ImageObject","inLanguage":"it-IT","@id":"https:\/\/smm-follow.com\/#\/schema\/logo\/image\/","url":"https:\/\/smm-follow.com\/wp-content\/uploads\/2025\/12\/Logo-smm-follow.jpg","contentUrl":"https:\/\/smm-follow.com\/wp-content\/uploads\/2025\/12\/Logo-smm-follow.jpg","width":1080,"height":1080,"caption":"SMM FOLLOW"},"image":{"@id":"https:\/\/smm-follow.com\/#\/schema\/logo\/image\/"},"hasMerchantReturnPolicy":{"@type":"MerchantReturnPolicy","merchantReturnLink":"https:\/\/smm-follow.com\/it\/politica-di-ritorno\/"}}]},"product_brand":"\u0627\u0646\u0633\u062a\u0642\u0631\u0627\u0645","product_price_amount":"0.00","product_price_currency":"USD","og_availability":"instock","product_availability":"instock","product_condition":"new"},"_links":{"self":[{"href":"https:\/\/smm-follow.com\/it\/wp-json\/wp\/v2\/product\/92","targetHints":{"allow":["GET"]}}],"collection":[{"href":"https:\/\/smm-follow.com\/it\/wp-json\/wp\/v2\/product"}],"about":[{"href":"https:\/\/smm-follow.com\/it\/wp-json\/wp\/v2\/types\/product"}],"replies":[{"embeddable":true,"href":"https:\/\/smm-follow.com\/it\/wp-json\/wp\/v2\/comments?post=92"}],"wp:featuredmedia":[{"embeddable":true,"href":"https:\/\/smm-follow.com\/it\/wp-json\/wp\/v2\/media\/134"}],"wp:attachment":[{"href":"https:\/\/smm-follow.com\/it\/wp-json\/wp\/v2\/media?parent=92"}],"wp:term":[{"taxonomy":"product_brand","embeddable":true,"href":"https:\/\/smm-follow.com\/it\/wp-json\/wp\/v2\/product_brand?post=92"},{"taxonomy":"product_cat","embeddable":true,"href":"https:\/\/smm-follow.com\/it\/wp-json\/wp\/v2\/product_cat?post=92"},{"taxonomy":"product_tag","embeddable":true,"href":"https:\/\/smm-follow.com\/it\/wp-json\/wp\/v2\/product_tag?post=92"}],"curies":[{"name":"parola chiave","href":"https:\/\/api.w.org\/{rel}","templated":true}]}}